{"id":39022,"date":"2023-10-11T15:11:24","date_gmt":"2023-10-11T13:11:24","guid":{"rendered":"https:\/\/antersystem.com\/nachrichten\/product-of-the-year-2019\/"},"modified":"2026-02-02T15:24:49","modified_gmt":"2026-02-02T14:24:49","slug":"product-of-the-year-2019","status":"publish","type":"page","link":"https:\/\/antersystem.com\/de\/nachrichten\/product-of-the-year-2019\/","title":{"rendered":"Produkt des Jahres 2019"},"content":{"rendered":"\n<div class=\"wp-block-columns is-layout-flex wp-container-core-columns-is-layout-9d6595d7 wp-block-columns-is-layout-flex\">\n<div class=\"wp-block-column is-layout-flow wp-block-column-is-layout-flow\" style=\"flex-basis:10%\"><\/div>\n\n\n\n<div class=\"wp-block-column is-layout-flow wp-block-column-is-layout-flow\">\n<h3 class=\"wp-block-heading\">JST 1.2 Sattelaufliegerst\u00fctze gewinnt die Engineering &amp; Maintenance Umfrage &#8211; Produkt des Jahres 2019<\/h3>\n\n\n\n<p style=\"text-align: left;\">Die JST 1.2 Aufliegerst\u00fctze wurde entwickelt, um die Sicherheit beim Be- und Entladen von G\u00fctern von einem Sattelauflieger ohne den Einsatz einer Zugmaschine zu gew\u00e4hrleisten. Die St\u00fctze verhindert effektiv, dass der Anh\u00e4nger kippt oder umkippt und minimiert so das Unfallrisiko. <strong>Die Vorteile einer Investition in geeignete Sicherheitsl\u00f6sungen an Ladestationen wurden in der Engineering &amp; Maintenance-Umfrage anerkannt, <a href=\"https:\/\/utrzymanieruchu.pl\/konkurs-produkt-roku-2019-rozstrzygniety\/\">und die JST 1.2 Anh\u00e4ngerst\u00fctze erhielt die Auszeichnung Produkt des Jahres 2019 in der Kategorie: Transportausr\u00fcstung.<\/a><\/strong> <\/p>\n<p style=\"text-align: left;\">Das Produkt verf\u00fcgt \u00fcber ein selbstnivellierendes System und kann je nach Bedarf in der H\u00f6he verstellt werden. Durch das Mobilit\u00e4tssystem l\u00e4sst sich die St\u00fctze leicht unter dem Auflieger positionieren. Die Hersteller von Anh\u00e4ngern empfehlen die Verwendung von St\u00fctzen, wenn sie ohne Zugmaschine beladen werden &#8211; au\u00dferdem finden Sie auf einigen Sattelanh\u00e4ngern Warnaufkleber, die die Verwendung zus\u00e4tzlicher St\u00fctzen empfehlen.  <\/p>\n\n\n<div class=\"wp-block-image\">\n<figure class=\"aligncenter size-full is-resized\"><img loading=\"lazy\" decoding=\"async\" src=\"https:\/\/antersystem.com\/wp-content\/uploads\/Produkt-roku-2019-1.png\" alt=\"\" class=\"wp-image-2832\" style=\"width:485px;height:451px\" width=\"485\" height=\"451\" srcset=\"https:\/\/antersystem.com\/wp-content\/uploads\/Produkt-roku-2019-1.png 648w, https:\/\/antersystem.com\/wp-content\/uploads\/Produkt-roku-2019-1-300x279.png 300w, https:\/\/antersystem.com\/wp-content\/uploads\/Produkt-roku-2019-1-450x419.png 450w, https:\/\/antersystem.com\/wp-content\/uploads\/Produkt-roku-2019-1-330x307.png 330w\" sizes=\"auto, (max-width: 485px) 100vw, 485px\" \/><\/figure><\/div><\/div>\n\n\n\n<div class=\"wp-block-column is-layout-flow wp-block-column-is-layout-flow\" style=\"flex-basis:10%\"><\/div>\n<\/div>\n","protected":false},"excerpt":{"rendered":"<p>JST 1.2 Sattelaufliegerst\u00fctze gewinnt die Engineering &amp; Maintenance Umfrage &#8211; Produkt des Jahres 2019 Die JST 1.2 Aufliegerst\u00fctze wurde entwickelt, um die Sicherheit beim Be- und Entladen von G\u00fctern von einem Sattelauflieger ohne den Einsatz einer Zugmaschine zu gew\u00e4hrleisten. Die St\u00fctze verhindert effektiv, dass der Anh\u00e4nger kippt oder umkippt und minimiert so das Unfallrisiko. Die [&hellip;]<\/p>\n","protected":false},"author":1,"featured_media":0,"parent":30484,"menu_order":0,"comment_status":"closed","ping_status":"closed","template":"","meta":{"inline_featured_image":false,"ngg_post_thumbnail":0,"footnotes":""},"class_list":["post-39022","page","type-page","status-publish","hentry"],"acf":[],"yoast_head":"<!-- This site is optimized with the Yoast SEO plugin v27.0 - https:\/\/yoast.com\/product\/yoast-seo-wordpress\/ -->\n<title>Produkt des Jahres 2019 - Anter System<\/title>\n<meta name=\"description\" content=\"JST 1.2 Sattelaufliegerst\u00fctze gewinnt die Engineering &amp; Maintenance Umfrage - Produkt des Jahres 2019 Die JST 1.2 Aufliegerst\u00fctze wurde entwickelt, um\" \/>\n<meta name=\"robots\" content=\"index, follow, max-snippet:-1, max-image-preview:large, max-video-preview:-1\" \/>\n<link rel=\"canonical\" href=\"https:\/\/antersystem.com\/de\/nachrichten\/product-of-the-year-2019\/\" \/>\n<meta property=\"og:locale\" content=\"de_DE\" \/>\n<meta property=\"og:type\" content=\"article\" \/>\n<meta property=\"og:title\" content=\"Produkt des Jahres 2019 - Anter System\" \/>\n<meta property=\"og:description\" content=\"JST 1.2 Sattelaufliegerst\u00fctze gewinnt die Engineering &amp; Maintenance Umfrage - Produkt des Jahres 2019 Die JST 1.2 Aufliegerst\u00fctze wurde entwickelt, um\" \/>\n<meta property=\"og:url\" content=\"https:\/\/antersystem.com\/de\/nachrichten\/product-of-the-year-2019\/\" \/>\n<meta property=\"og:site_name\" content=\"Anter System\" \/>\n<meta property=\"article:modified_time\" content=\"2026-02-02T14:24:49+00:00\" \/>\n<meta property=\"og:image\" content=\"https:\/\/antersystem.com\/wp-content\/uploads\/Produkt-roku-2019-1.png\" \/>\n<meta name=\"twitter:card\" content=\"summary_large_image\" \/>\n<meta name=\"twitter:label1\" content=\"Gesch\u00e4tzte Lesezeit\" \/>\n\t<meta name=\"twitter:data1\" content=\"1\u00a0Minute\" \/>\n<script type=\"application\/ld+json\" class=\"yoast-schema-graph\">{\"@context\":\"https:\/\/schema.org\",\"@graph\":[{\"@type\":\"WebPage\",\"@id\":\"https:\/\/antersystem.com\/de\/nachrichten\/product-of-the-year-2019\/\",\"url\":\"https:\/\/antersystem.com\/de\/nachrichten\/product-of-the-year-2019\/\",\"name\":\"Produkt des Jahres 2019 - Anter System\",\"isPartOf\":{\"@id\":\"https:\/\/antersystem.com\/de\/#website\"},\"primaryImageOfPage\":{\"@id\":\"https:\/\/antersystem.com\/de\/nachrichten\/product-of-the-year-2019\/#primaryimage\"},\"image\":{\"@id\":\"https:\/\/antersystem.com\/de\/nachrichten\/product-of-the-year-2019\/#primaryimage\"},\"thumbnailUrl\":\"https:\/\/antersystem.com\/wp-content\/uploads\/Produkt-roku-2019-1.png\",\"datePublished\":\"2023-10-11T13:11:24+00:00\",\"dateModified\":\"2026-02-02T14:24:49+00:00\",\"description\":\"JST 1.2 Sattelaufliegerst\u00fctze gewinnt die Engineering &amp; Maintenance Umfrage - Produkt des Jahres 2019 Die JST 1.2 Aufliegerst\u00fctze wurde entwickelt, um\",\"breadcrumb\":{\"@id\":\"https:\/\/antersystem.com\/de\/nachrichten\/product-of-the-year-2019\/#breadcrumb\"},\"inLanguage\":\"de\",\"potentialAction\":[{\"@type\":\"ReadAction\",\"target\":[\"https:\/\/antersystem.com\/de\/nachrichten\/product-of-the-year-2019\/\"]}]},{\"@type\":\"ImageObject\",\"inLanguage\":\"de\",\"@id\":\"https:\/\/antersystem.com\/de\/nachrichten\/product-of-the-year-2019\/#primaryimage\",\"url\":\"https:\/\/antersystem.com\/wp-content\/uploads\/Produkt-roku-2019-1.png\",\"contentUrl\":\"https:\/\/antersystem.com\/wp-content\/uploads\/Produkt-roku-2019-1.png\"},{\"@type\":\"BreadcrumbList\",\"@id\":\"https:\/\/antersystem.com\/de\/nachrichten\/product-of-the-year-2019\/#breadcrumb\",\"itemListElement\":[{\"@type\":\"ListItem\",\"position\":1,\"name\":\"AnterSystem\",\"item\":\"https:\/\/antersystem.com\/de\/\"},{\"@type\":\"ListItem\",\"position\":2,\"name\":\"Nachrichten\",\"item\":\"https:\/\/antersystem.com\/de\/nachrichten\/\"},{\"@type\":\"ListItem\",\"position\":3,\"name\":\"Produkt des Jahres 2019\"}]},{\"@type\":\"WebSite\",\"@id\":\"https:\/\/antersystem.com\/de\/#website\",\"url\":\"https:\/\/antersystem.com\/de\/\",\"name\":\"Anter System\",\"description\":\"Jeste\u015bmy polskim producentem elastycznych barier ochronnych wykonywanych z polimerowych tworzyw sztucznych. Na rynku krajowym i zagranicznym dzia\u0142amy od ponad 15 lat dbaj\u0105c o zapewnienie bezpiecze\u0144stwa w zak\u0142adach produkcyjnych, magazynach oraz centrach logistycznych.\",\"potentialAction\":[{\"@type\":\"SearchAction\",\"target\":{\"@type\":\"EntryPoint\",\"urlTemplate\":\"https:\/\/antersystem.com\/de\/?s={search_term_string}\"},\"query-input\":{\"@type\":\"PropertyValueSpecification\",\"valueRequired\":true,\"valueName\":\"search_term_string\"}}],\"inLanguage\":\"de\"}]}<\/script>\n<!-- \/ Yoast SEO plugin. -->","yoast_head_json":{"title":"Produkt des Jahres 2019 - Anter System","description":"JST 1.2 Sattelaufliegerst\u00fctze gewinnt die Engineering &amp; Maintenance Umfrage - Produkt des Jahres 2019 Die JST 1.2 Aufliegerst\u00fctze wurde entwickelt, um","robots":{"index":"index","follow":"follow","max-snippet":"max-snippet:-1","max-image-preview":"max-image-preview:large","max-video-preview":"max-video-preview:-1"},"canonical":"https:\/\/antersystem.com\/de\/nachrichten\/product-of-the-year-2019\/","og_locale":"de_DE","og_type":"article","og_title":"Produkt des Jahres 2019 - Anter System","og_description":"JST 1.2 Sattelaufliegerst\u00fctze gewinnt die Engineering &amp; Maintenance Umfrage - Produkt des Jahres 2019 Die JST 1.2 Aufliegerst\u00fctze wurde entwickelt, um","og_url":"https:\/\/antersystem.com\/de\/nachrichten\/product-of-the-year-2019\/","og_site_name":"Anter System","article_modified_time":"2026-02-02T14:24:49+00:00","og_image":[{"url":"https:\/\/antersystem.com\/wp-content\/uploads\/Produkt-roku-2019-1.png","type":"","width":"","height":""}],"twitter_card":"summary_large_image","twitter_misc":{"Gesch\u00e4tzte Lesezeit":"1\u00a0Minute"},"schema":{"@context":"https:\/\/schema.org","@graph":[{"@type":"WebPage","@id":"https:\/\/antersystem.com\/de\/nachrichten\/product-of-the-year-2019\/","url":"https:\/\/antersystem.com\/de\/nachrichten\/product-of-the-year-2019\/","name":"Produkt des Jahres 2019 - Anter System","isPartOf":{"@id":"https:\/\/antersystem.com\/de\/#website"},"primaryImageOfPage":{"@id":"https:\/\/antersystem.com\/de\/nachrichten\/product-of-the-year-2019\/#primaryimage"},"image":{"@id":"https:\/\/antersystem.com\/de\/nachrichten\/product-of-the-year-2019\/#primaryimage"},"thumbnailUrl":"https:\/\/antersystem.com\/wp-content\/uploads\/Produkt-roku-2019-1.png","datePublished":"2023-10-11T13:11:24+00:00","dateModified":"2026-02-02T14:24:49+00:00","description":"JST 1.2 Sattelaufliegerst\u00fctze gewinnt die Engineering &amp; Maintenance Umfrage - Produkt des Jahres 2019 Die JST 1.2 Aufliegerst\u00fctze wurde entwickelt, um","breadcrumb":{"@id":"https:\/\/antersystem.com\/de\/nachrichten\/product-of-the-year-2019\/#breadcrumb"},"inLanguage":"de","potentialAction":[{"@type":"ReadAction","target":["https:\/\/antersystem.com\/de\/nachrichten\/product-of-the-year-2019\/"]}]},{"@type":"ImageObject","inLanguage":"de","@id":"https:\/\/antersystem.com\/de\/nachrichten\/product-of-the-year-2019\/#primaryimage","url":"https:\/\/antersystem.com\/wp-content\/uploads\/Produkt-roku-2019-1.png","contentUrl":"https:\/\/antersystem.com\/wp-content\/uploads\/Produkt-roku-2019-1.png"},{"@type":"BreadcrumbList","@id":"https:\/\/antersystem.com\/de\/nachrichten\/product-of-the-year-2019\/#breadcrumb","itemListElement":[{"@type":"ListItem","position":1,"name":"AnterSystem","item":"https:\/\/antersystem.com\/de\/"},{"@type":"ListItem","position":2,"name":"Nachrichten","item":"https:\/\/antersystem.com\/de\/nachrichten\/"},{"@type":"ListItem","position":3,"name":"Produkt des Jahres 2019"}]},{"@type":"WebSite","@id":"https:\/\/antersystem.com\/de\/#website","url":"https:\/\/antersystem.com\/de\/","name":"Anter System","description":"Jeste\u015bmy polskim producentem elastycznych barier ochronnych wykonywanych z polimerowych tworzyw sztucznych. Na rynku krajowym i zagranicznym dzia\u0142amy od ponad 15 lat dbaj\u0105c o zapewnienie bezpiecze\u0144stwa w zak\u0142adach produkcyjnych, magazynach oraz centrach logistycznych.","potentialAction":[{"@type":"SearchAction","target":{"@type":"EntryPoint","urlTemplate":"https:\/\/antersystem.com\/de\/?s={search_term_string}"},"query-input":{"@type":"PropertyValueSpecification","valueRequired":true,"valueName":"search_term_string"}}],"inLanguage":"de"}]}},"_links":{"self":[{"href":"https:\/\/antersystem.com\/de\/wp-json\/wp\/v2\/pages\/39022","targetHints":{"allow":["GET"]}}],"collection":[{"href":"https:\/\/antersystem.com\/de\/wp-json\/wp\/v2\/pages"}],"about":[{"href":"https:\/\/antersystem.com\/de\/wp-json\/wp\/v2\/types\/page"}],"author":[{"embeddable":true,"href":"https:\/\/antersystem.com\/de\/wp-json\/wp\/v2\/users\/1"}],"replies":[{"embeddable":true,"href":"https:\/\/antersystem.com\/de\/wp-json\/wp\/v2\/comments?post=39022"}],"version-history":[{"count":1,"href":"https:\/\/antersystem.com\/de\/wp-json\/wp\/v2\/pages\/39022\/revisions"}],"predecessor-version":[{"id":39023,"href":"https:\/\/antersystem.com\/de\/wp-json\/wp\/v2\/pages\/39022\/revisions\/39023"}],"up":[{"embeddable":true,"href":"https:\/\/antersystem.com\/de\/wp-json\/wp\/v2\/pages\/30484"}],"wp:attachment":[{"href":"https:\/\/antersystem.com\/de\/wp-json\/wp\/v2\/media?parent=39022"}],"curies":[{"name":"wp","href":"https:\/\/api.w.org\/{rel}","templated":true}]}}