{"id":39091,"date":"2024-04-29T13:41:44","date_gmt":"2024-04-29T11:41:44","guid":{"rendered":"https:\/\/antersystem.com\/nachrichten\/report-from-sawo-2024-trade-fair\/"},"modified":"2026-02-02T15:47:21","modified_gmt":"2026-02-02T14:47:21","slug":"report-from-sawo-2024-trade-fair","status":"publish","type":"page","link":"https:\/\/antersystem.com\/de\/nachrichten\/report-from-sawo-2024-trade-fair\/","title":{"rendered":"Bericht von der SAWO 2024 Messe"},"content":{"rendered":"\n<div class=\"wp-block-columns is-layout-flex wp-container-core-columns-is-layout-9d6595d7 wp-block-columns-is-layout-flex\">\n<div class=\"wp-block-column is-layout-flow wp-block-column-is-layout-flow\" style=\"flex-basis:10%\"><\/div>\n\n\n\n<div class=\"wp-block-column is-layout-flow wp-block-column-is-layout-flow\">\n<h2 class=\"wp-block-heading\">Visueller Bericht von der SAWO&#8217;24 Messe<\/h2>\n\n\n\n<p>Die Internationale Fachmesse f\u00fcr Arbeitssicherheit, Brandschutz und Rettung SAWO ist die gr\u00f6\u00dfte Messe f\u00fcr Arbeitsschutz in Mittel- und Osteuropa. Die Veranstaltung findet alle zwei Jahre statt. Die SAWO ist eine einzigartige Veranstaltung in Polen, die direkt zur Einf\u00fchrung fortschrittlicher Technologien und L\u00f6sungen in Unternehmen beitr\u00e4gt und die Arbeitsqualit\u00e4t und Sicherheit der Mitarbeiter verbessert.  <\/p>\n\n\n\n<p>W\u00e4hrend der diesj\u00e4hrigen Ausgabe erhielten wir von den Organisatoren die Goldmedaille f\u00fcr das <strong><a href=\"https:\/\/antersystem.com\/de\/produkte\/traffic-dock-gate\/bramka-dock-gate-3-2\/\">Automatisches Traffic Dock Gate R2<\/a><\/strong>. Diese innovative L\u00f6sung sorgt f\u00fcr einen sicheren und effizienten Warenumschlag an Verladedocks, in Lagerbereichen und in Lagerh\u00e4usern. Unser Team f\u00fchrte zahlreiche Gespr\u00e4che und pr\u00e4sentierte Hunderten von Besuchern die L\u00f6sungen von Anter System, alle mit einem Ziel vor Augen &#8211; sichere Arbeit zum Standard zu machen.  <\/p>\n\n\n\n<p>Vielen Dank f\u00fcr Ihren Besuch an unserem Stand und f\u00fcr die Gelegenheit, Ihnen die L\u00f6sungen von Anter System <a href=\"https:\/\/www.youtube.com\/channel\/UC1zGnGoW-aY0v1ZrDd3KHLA\">@antersystem_pl<\/a> vorzustellen.<\/p>\n\n\n\n<p>Wir laden Sie ein, sich mit uns in Verbindung zu setzen und die Videos\/Fotos anzusehen, die die Atmosph\u00e4re der Veranstaltung einfangen!<\/p>\n\n\n\nngg_shortcode_0_placeholder\n\n\n\n<figure class=\"wp-block-embed aligncenter is-type-video is-provider-youtube wp-block-embed-youtube wp-embed-aspect-16-9 wp-has-aspect-ratio\"><div class=\"wp-block-embed__wrapper\">\n<iframe loading=\"lazy\" title=\"Relacja z targ\u00f3w SAWO 2024 Anter System. [Report from the SAWO 2024 Anter System fair.]\" width=\"500\" height=\"281\" src=\"https:\/\/www.youtube.com\/embed\/sRi9QEKJonk?feature=oembed\" frameborder=\"0\" allow=\"accelerometer; autoplay; clipboard-write; encrypted-media; gyroscope; picture-in-picture; web-share\" referrerpolicy=\"strict-origin-when-cross-origin\" allowfullscreen><\/iframe>\n<\/div><\/figure>\n\n\n\n<h3 class=\"wp-block-heading\"><\/h3>\n<\/div>\n\n\n\n<div class=\"wp-block-column is-layout-flow wp-block-column-is-layout-flow\" style=\"flex-basis:10%\"><\/div>\n<\/div>\n","protected":false},"excerpt":{"rendered":"<p>Visueller Bericht von der SAWO&#8217;24 Messe Die Internationale Fachmesse f\u00fcr Arbeitssicherheit, Brandschutz und Rettung SAWO ist die gr\u00f6\u00dfte Messe f\u00fcr Arbeitsschutz in Mittel- und Osteuropa. Die Veranstaltung findet alle zwei Jahre statt. Die SAWO ist eine einzigartige Veranstaltung in Polen, die direkt zur Einf\u00fchrung fortschrittlicher Technologien und L\u00f6sungen in Unternehmen beitr\u00e4gt und die Arbeitsqualit\u00e4t und [&hellip;]<\/p>\n","protected":false},"author":1,"featured_media":0,"parent":30484,"menu_order":0,"comment_status":"closed","ping_status":"closed","template":"","meta":{"inline_featured_image":false,"ngg_post_thumbnail":0,"footnotes":""},"class_list":["post-39091","page","type-page","status-publish","hentry"],"acf":[],"yoast_head":"<!-- This site is optimized with the Yoast SEO plugin v27.0 - https:\/\/yoast.com\/product\/yoast-seo-wordpress\/ -->\n<title>Bericht von der SAWO 2024 Messe - Anter System<\/title>\n<meta name=\"description\" content=\"Visueller Bericht von der SAWO&#039;24 Messe Die Internationale Fachmesse f\u00fcr Arbeitssicherheit, Brandschutz und Rettung SAWO ist die gr\u00f6\u00dfte Messe f\u00fcr\" \/>\n<meta name=\"robots\" content=\"index, follow, max-snippet:-1, max-image-preview:large, max-video-preview:-1\" \/>\n<link rel=\"canonical\" href=\"https:\/\/antersystem.com\/de\/nachrichten\/report-from-sawo-2024-trade-fair\/\" \/>\n<meta property=\"og:locale\" content=\"de_DE\" \/>\n<meta property=\"og:type\" content=\"article\" \/>\n<meta property=\"og:title\" content=\"Bericht von der SAWO 2024 Messe - Anter System\" \/>\n<meta property=\"og:description\" content=\"Visueller Bericht von der SAWO&#039;24 Messe Die Internationale Fachmesse f\u00fcr Arbeitssicherheit, Brandschutz und Rettung SAWO ist die gr\u00f6\u00dfte Messe f\u00fcr\" \/>\n<meta property=\"og:url\" content=\"https:\/\/antersystem.com\/de\/nachrichten\/report-from-sawo-2024-trade-fair\/\" \/>\n<meta property=\"og:site_name\" content=\"Anter System\" \/>\n<meta property=\"article:modified_time\" content=\"2026-02-02T14:47:21+00:00\" \/>\n<meta name=\"twitter:card\" content=\"summary_large_image\" \/>\n<meta name=\"twitter:label1\" content=\"Gesch\u00e4tzte Lesezeit\" \/>\n\t<meta name=\"twitter:data1\" content=\"1\u00a0Minute\" \/>\n<script type=\"application\/ld+json\" class=\"yoast-schema-graph\">{\"@context\":\"https:\/\/schema.org\",\"@graph\":[{\"@type\":\"WebPage\",\"@id\":\"https:\/\/antersystem.com\/de\/nachrichten\/report-from-sawo-2024-trade-fair\/\",\"url\":\"https:\/\/antersystem.com\/de\/nachrichten\/report-from-sawo-2024-trade-fair\/\",\"name\":\"Bericht von der SAWO 2024 Messe - Anter System\",\"isPartOf\":{\"@id\":\"https:\/\/antersystem.com\/de\/#website\"},\"datePublished\":\"2024-04-29T11:41:44+00:00\",\"dateModified\":\"2026-02-02T14:47:21+00:00\",\"description\":\"Visueller Bericht von der SAWO'24 Messe Die Internationale Fachmesse f\u00fcr Arbeitssicherheit, Brandschutz und Rettung SAWO ist die gr\u00f6\u00dfte Messe f\u00fcr\",\"breadcrumb\":{\"@id\":\"https:\/\/antersystem.com\/de\/nachrichten\/report-from-sawo-2024-trade-fair\/#breadcrumb\"},\"inLanguage\":\"de\",\"potentialAction\":[{\"@type\":\"ReadAction\",\"target\":[\"https:\/\/antersystem.com\/de\/nachrichten\/report-from-sawo-2024-trade-fair\/\"]}]},{\"@type\":\"BreadcrumbList\",\"@id\":\"https:\/\/antersystem.com\/de\/nachrichten\/report-from-sawo-2024-trade-fair\/#breadcrumb\",\"itemListElement\":[{\"@type\":\"ListItem\",\"position\":1,\"name\":\"AnterSystem\",\"item\":\"https:\/\/antersystem.com\/de\/\"},{\"@type\":\"ListItem\",\"position\":2,\"name\":\"Nachrichten\",\"item\":\"https:\/\/antersystem.com\/de\/nachrichten\/\"},{\"@type\":\"ListItem\",\"position\":3,\"name\":\"Bericht von der SAWO 2024 Messe\"}]},{\"@type\":\"WebSite\",\"@id\":\"https:\/\/antersystem.com\/de\/#website\",\"url\":\"https:\/\/antersystem.com\/de\/\",\"name\":\"Anter System\",\"description\":\"Jeste\u015bmy polskim producentem elastycznych barier ochronnych wykonywanych z polimerowych tworzyw sztucznych. Na rynku krajowym i zagranicznym dzia\u0142amy od ponad 15 lat dbaj\u0105c o zapewnienie bezpiecze\u0144stwa w zak\u0142adach produkcyjnych, magazynach oraz centrach logistycznych.\",\"potentialAction\":[{\"@type\":\"SearchAction\",\"target\":{\"@type\":\"EntryPoint\",\"urlTemplate\":\"https:\/\/antersystem.com\/de\/?s={search_term_string}\"},\"query-input\":{\"@type\":\"PropertyValueSpecification\",\"valueRequired\":true,\"valueName\":\"search_term_string\"}}],\"inLanguage\":\"de\"}]}<\/script>\n<!-- \/ Yoast SEO plugin. -->","yoast_head_json":{"title":"Bericht von der SAWO 2024 Messe - Anter System","description":"Visueller Bericht von der SAWO'24 Messe Die Internationale Fachmesse f\u00fcr Arbeitssicherheit, Brandschutz und Rettung SAWO ist die gr\u00f6\u00dfte Messe f\u00fcr","robots":{"index":"index","follow":"follow","max-snippet":"max-snippet:-1","max-image-preview":"max-image-preview:large","max-video-preview":"max-video-preview:-1"},"canonical":"https:\/\/antersystem.com\/de\/nachrichten\/report-from-sawo-2024-trade-fair\/","og_locale":"de_DE","og_type":"article","og_title":"Bericht von der SAWO 2024 Messe - Anter System","og_description":"Visueller Bericht von der SAWO'24 Messe Die Internationale Fachmesse f\u00fcr Arbeitssicherheit, Brandschutz und Rettung SAWO ist die gr\u00f6\u00dfte Messe f\u00fcr","og_url":"https:\/\/antersystem.com\/de\/nachrichten\/report-from-sawo-2024-trade-fair\/","og_site_name":"Anter System","article_modified_time":"2026-02-02T14:47:21+00:00","twitter_card":"summary_large_image","twitter_misc":{"Gesch\u00e4tzte Lesezeit":"1\u00a0Minute"},"schema":{"@context":"https:\/\/schema.org","@graph":[{"@type":"WebPage","@id":"https:\/\/antersystem.com\/de\/nachrichten\/report-from-sawo-2024-trade-fair\/","url":"https:\/\/antersystem.com\/de\/nachrichten\/report-from-sawo-2024-trade-fair\/","name":"Bericht von der SAWO 2024 Messe - Anter System","isPartOf":{"@id":"https:\/\/antersystem.com\/de\/#website"},"datePublished":"2024-04-29T11:41:44+00:00","dateModified":"2026-02-02T14:47:21+00:00","description":"Visueller Bericht von der SAWO'24 Messe Die Internationale Fachmesse f\u00fcr Arbeitssicherheit, Brandschutz und Rettung SAWO ist die gr\u00f6\u00dfte Messe f\u00fcr","breadcrumb":{"@id":"https:\/\/antersystem.com\/de\/nachrichten\/report-from-sawo-2024-trade-fair\/#breadcrumb"},"inLanguage":"de","potentialAction":[{"@type":"ReadAction","target":["https:\/\/antersystem.com\/de\/nachrichten\/report-from-sawo-2024-trade-fair\/"]}]},{"@type":"BreadcrumbList","@id":"https:\/\/antersystem.com\/de\/nachrichten\/report-from-sawo-2024-trade-fair\/#breadcrumb","itemListElement":[{"@type":"ListItem","position":1,"name":"AnterSystem","item":"https:\/\/antersystem.com\/de\/"},{"@type":"ListItem","position":2,"name":"Nachrichten","item":"https:\/\/antersystem.com\/de\/nachrichten\/"},{"@type":"ListItem","position":3,"name":"Bericht von der SAWO 2024 Messe"}]},{"@type":"WebSite","@id":"https:\/\/antersystem.com\/de\/#website","url":"https:\/\/antersystem.com\/de\/","name":"Anter System","description":"Jeste\u015bmy polskim producentem elastycznych barier ochronnych wykonywanych z polimerowych tworzyw sztucznych. Na rynku krajowym i zagranicznym dzia\u0142amy od ponad 15 lat dbaj\u0105c o zapewnienie bezpiecze\u0144stwa w zak\u0142adach produkcyjnych, magazynach oraz centrach logistycznych.","potentialAction":[{"@type":"SearchAction","target":{"@type":"EntryPoint","urlTemplate":"https:\/\/antersystem.com\/de\/?s={search_term_string}"},"query-input":{"@type":"PropertyValueSpecification","valueRequired":true,"valueName":"search_term_string"}}],"inLanguage":"de"}]}},"_links":{"self":[{"href":"https:\/\/antersystem.com\/de\/wp-json\/wp\/v2\/pages\/39091","targetHints":{"allow":["GET"]}}],"collection":[{"href":"https:\/\/antersystem.com\/de\/wp-json\/wp\/v2\/pages"}],"about":[{"href":"https:\/\/antersystem.com\/de\/wp-json\/wp\/v2\/types\/page"}],"author":[{"embeddable":true,"href":"https:\/\/antersystem.com\/de\/wp-json\/wp\/v2\/users\/1"}],"replies":[{"embeddable":true,"href":"https:\/\/antersystem.com\/de\/wp-json\/wp\/v2\/comments?post=39091"}],"version-history":[{"count":1,"href":"https:\/\/antersystem.com\/de\/wp-json\/wp\/v2\/pages\/39091\/revisions"}],"predecessor-version":[{"id":39092,"href":"https:\/\/antersystem.com\/de\/wp-json\/wp\/v2\/pages\/39091\/revisions\/39092"}],"up":[{"embeddable":true,"href":"https:\/\/antersystem.com\/de\/wp-json\/wp\/v2\/pages\/30484"}],"wp:attachment":[{"href":"https:\/\/antersystem.com\/de\/wp-json\/wp\/v2\/media?parent=39091"}],"curies":[{"name":"wp","href":"https:\/\/api.w.org\/{rel}","templated":true}]}}