{"id":39119,"date":"2023-10-10T10:31:28","date_gmt":"2023-10-10T08:31:28","guid":{"rendered":"https:\/\/antersystem.com\/nachrichten\/magazine-mid-hazardous-events\/"},"modified":"2026-02-02T15:47:36","modified_gmt":"2026-02-02T14:47:36","slug":"magazine-mid-hazardous-events","status":"publish","type":"page","link":"https:\/\/antersystem.com\/de\/nachrichten\/magazine-mid-hazardous-events\/","title":{"rendered":"Magazin MID &#8222;Gef\u00e4hrliche Ereignisse&#8220;"},"content":{"rendered":"\n<div class=\"wp-block-columns is-layout-flex wp-container-core-columns-is-layout-9d6595d7 wp-block-columns-is-layout-flex\">\n<div class=\"wp-block-column is-layout-flow wp-block-column-is-layout-flow\" style=\"flex-basis:10%\"><\/div>\n\n\n\n<div class=\"wp-block-column is-layout-flow wp-block-column-is-layout-flow\">\n<h3 class=\"wp-block-heading\">Zeitschrift MID 1\/2023 &#8211; Artikel &#8222;Gef\u00e4hrliche Ereignisse&#8220; (&#8222;Zdarzenia niebezpieczne&#8220;)<\/h3>\n\n\n\n<p style=\"text-align: left;\">Wir laden Sie ein, den Artikel von S\u0142awomir Erkiert mit dem Titel &#8222;Gef\u00e4hrliche Ereignisse&#8220; zu lesen, der einen Kommentar von unserer Projektmanagerin Natalia Margatis enth\u00e4lt. In dem Text gibt Natalia Margatis Einblicke in die Ver\u00e4nderungen in der Branche, die sich auf die Sicherheit am Arbeitsplatz auswirken. <\/p>\n<p>&nbsp;<\/p>\n<\/div>\n\n\n\n<div class=\"wp-block-column is-layout-flow wp-block-column-is-layout-flow\" style=\"flex-basis:10%\"><\/div>\n<\/div>\n\n<div data-wp-interactive=\"core\/file\" class=\"wp-block-file\"><object data-wp-bind--hidden=\"!state.hasPdfPreview\" hidden class=\"wp-block-file__embed\" data=\"https:\/\/antersystem.com\/wp-content\/uploads\/MID_91_1_2023-net.pdf\" type=\"application\/pdf\" style=\"width:100%;height:600px\" aria-label=\"Einbettung von MID_91_1_2023-net.\"><\/object><a id=\"wp-block-file--media-c4a79965-4313-4b68-8827-3aa81c41db0a\" href=\"https:\/\/antersystem.com\/wp-content\/uploads\/MID_91_1_2023-net.pdf\">MID_91_1_2023-net<\/a><a href=\"https:\/\/antersystem.com\/wp-content\/uploads\/MID_91_1_2023-net.pdf\" class=\"wp-block-file__button wp-element-button\" download=\"\" aria-describedby=\"wp-block-file--media-c4a79965-4313-4b68-8827-3aa81c41db0a\">Herunterladen<\/a><\/div>\n","protected":false},"excerpt":{"rendered":"<p>Zeitschrift MID 1\/2023 &#8211; Artikel &#8222;Gef\u00e4hrliche Ereignisse&#8220; (&#8222;Zdarzenia niebezpieczne&#8220;) Wir laden Sie ein, den Artikel von S\u0142awomir Erkiert mit dem Titel &#8222;Gef\u00e4hrliche Ereignisse&#8220; zu lesen, der einen Kommentar von unserer Projektmanagerin Natalia Margatis enth\u00e4lt. In dem Text gibt Natalia Margatis Einblicke in die Ver\u00e4nderungen in der Branche, die sich auf die Sicherheit am Arbeitsplatz auswirken. [&hellip;]<\/p>\n","protected":false},"author":1,"featured_media":0,"parent":30484,"menu_order":0,"comment_status":"closed","ping_status":"closed","template":"","meta":{"inline_featured_image":false,"ngg_post_thumbnail":0,"footnotes":""},"class_list":["post-39119","page","type-page","status-publish","hentry"],"acf":[],"yoast_head":"<!-- This site is optimized with the Yoast SEO plugin v27.0 - https:\/\/yoast.com\/product\/yoast-seo-wordpress\/ -->\n<title>Magazin MID &quot;Gef\u00e4hrliche Ereignisse&quot; - Anter System<\/title>\n<meta name=\"description\" content=\"Zeitschrift MID 1\/2023 - Artikel &quot;Gef\u00e4hrliche Ereignisse&quot; (&quot;Zdarzenia niebezpieczne&quot;) Wir laden Sie ein, den Artikel von S\u0142awomir Erkiert mit dem Titel\" \/>\n<meta name=\"robots\" content=\"index, follow, max-snippet:-1, max-image-preview:large, max-video-preview:-1\" \/>\n<link rel=\"canonical\" href=\"https:\/\/antersystem.com\/de\/nachrichten\/magazine-mid-hazardous-events\/\" \/>\n<meta property=\"og:locale\" content=\"de_DE\" \/>\n<meta property=\"og:type\" content=\"article\" \/>\n<meta property=\"og:title\" content=\"Magazin MID &quot;Gef\u00e4hrliche Ereignisse&quot; - Anter System\" \/>\n<meta property=\"og:description\" content=\"Zeitschrift MID 1\/2023 - Artikel &quot;Gef\u00e4hrliche Ereignisse&quot; (&quot;Zdarzenia niebezpieczne&quot;) Wir laden Sie ein, den Artikel von S\u0142awomir Erkiert mit dem Titel\" \/>\n<meta property=\"og:url\" content=\"https:\/\/antersystem.com\/de\/nachrichten\/magazine-mid-hazardous-events\/\" \/>\n<meta property=\"og:site_name\" content=\"Anter System\" \/>\n<meta property=\"article:modified_time\" content=\"2026-02-02T14:47:36+00:00\" \/>\n<meta name=\"twitter:card\" content=\"summary_large_image\" \/>\n<script type=\"application\/ld+json\" class=\"yoast-schema-graph\">{\"@context\":\"https:\/\/schema.org\",\"@graph\":[{\"@type\":\"WebPage\",\"@id\":\"https:\/\/antersystem.com\/de\/nachrichten\/magazine-mid-hazardous-events\/\",\"url\":\"https:\/\/antersystem.com\/de\/nachrichten\/magazine-mid-hazardous-events\/\",\"name\":\"Magazin MID \\\"Gef\u00e4hrliche Ereignisse\\\" - Anter System\",\"isPartOf\":{\"@id\":\"https:\/\/antersystem.com\/de\/#website\"},\"datePublished\":\"2023-10-10T08:31:28+00:00\",\"dateModified\":\"2026-02-02T14:47:36+00:00\",\"description\":\"Zeitschrift MID 1\/2023 - Artikel \\\"Gef\u00e4hrliche Ereignisse\\\" (\\\"Zdarzenia niebezpieczne\\\") Wir laden Sie ein, den Artikel von S\u0142awomir Erkiert mit dem Titel\",\"breadcrumb\":{\"@id\":\"https:\/\/antersystem.com\/de\/nachrichten\/magazine-mid-hazardous-events\/#breadcrumb\"},\"inLanguage\":\"de\",\"potentialAction\":[{\"@type\":\"ReadAction\",\"target\":[\"https:\/\/antersystem.com\/de\/nachrichten\/magazine-mid-hazardous-events\/\"]}]},{\"@type\":\"BreadcrumbList\",\"@id\":\"https:\/\/antersystem.com\/de\/nachrichten\/magazine-mid-hazardous-events\/#breadcrumb\",\"itemListElement\":[{\"@type\":\"ListItem\",\"position\":1,\"name\":\"AnterSystem\",\"item\":\"https:\/\/antersystem.com\/de\/\"},{\"@type\":\"ListItem\",\"position\":2,\"name\":\"Nachrichten\",\"item\":\"https:\/\/antersystem.com\/de\/nachrichten\/\"},{\"@type\":\"ListItem\",\"position\":3,\"name\":\"Magazin MID &#8220;Gef\u00e4hrliche Ereignisse&#8221;\"}]},{\"@type\":\"WebSite\",\"@id\":\"https:\/\/antersystem.com\/de\/#website\",\"url\":\"https:\/\/antersystem.com\/de\/\",\"name\":\"Anter System\",\"description\":\"Jeste\u015bmy polskim producentem elastycznych barier ochronnych wykonywanych z polimerowych tworzyw sztucznych. Na rynku krajowym i zagranicznym dzia\u0142amy od ponad 15 lat dbaj\u0105c o zapewnienie bezpiecze\u0144stwa w zak\u0142adach produkcyjnych, magazynach oraz centrach logistycznych.\",\"potentialAction\":[{\"@type\":\"SearchAction\",\"target\":{\"@type\":\"EntryPoint\",\"urlTemplate\":\"https:\/\/antersystem.com\/de\/?s={search_term_string}\"},\"query-input\":{\"@type\":\"PropertyValueSpecification\",\"valueRequired\":true,\"valueName\":\"search_term_string\"}}],\"inLanguage\":\"de\"}]}<\/script>\n<!-- \/ Yoast SEO plugin. -->","yoast_head_json":{"title":"Magazin MID \"Gef\u00e4hrliche Ereignisse\" - Anter System","description":"Zeitschrift MID 1\/2023 - Artikel \"Gef\u00e4hrliche Ereignisse\" (\"Zdarzenia niebezpieczne\") Wir laden Sie ein, den Artikel von S\u0142awomir Erkiert mit dem Titel","robots":{"index":"index","follow":"follow","max-snippet":"max-snippet:-1","max-image-preview":"max-image-preview:large","max-video-preview":"max-video-preview:-1"},"canonical":"https:\/\/antersystem.com\/de\/nachrichten\/magazine-mid-hazardous-events\/","og_locale":"de_DE","og_type":"article","og_title":"Magazin MID \"Gef\u00e4hrliche Ereignisse\" - Anter System","og_description":"Zeitschrift MID 1\/2023 - Artikel \"Gef\u00e4hrliche Ereignisse\" (\"Zdarzenia niebezpieczne\") Wir laden Sie ein, den Artikel von S\u0142awomir Erkiert mit dem Titel","og_url":"https:\/\/antersystem.com\/de\/nachrichten\/magazine-mid-hazardous-events\/","og_site_name":"Anter System","article_modified_time":"2026-02-02T14:47:36+00:00","twitter_card":"summary_large_image","schema":{"@context":"https:\/\/schema.org","@graph":[{"@type":"WebPage","@id":"https:\/\/antersystem.com\/de\/nachrichten\/magazine-mid-hazardous-events\/","url":"https:\/\/antersystem.com\/de\/nachrichten\/magazine-mid-hazardous-events\/","name":"Magazin MID \"Gef\u00e4hrliche Ereignisse\" - Anter System","isPartOf":{"@id":"https:\/\/antersystem.com\/de\/#website"},"datePublished":"2023-10-10T08:31:28+00:00","dateModified":"2026-02-02T14:47:36+00:00","description":"Zeitschrift MID 1\/2023 - Artikel \"Gef\u00e4hrliche Ereignisse\" (\"Zdarzenia niebezpieczne\") Wir laden Sie ein, den Artikel von S\u0142awomir Erkiert mit dem Titel","breadcrumb":{"@id":"https:\/\/antersystem.com\/de\/nachrichten\/magazine-mid-hazardous-events\/#breadcrumb"},"inLanguage":"de","potentialAction":[{"@type":"ReadAction","target":["https:\/\/antersystem.com\/de\/nachrichten\/magazine-mid-hazardous-events\/"]}]},{"@type":"BreadcrumbList","@id":"https:\/\/antersystem.com\/de\/nachrichten\/magazine-mid-hazardous-events\/#breadcrumb","itemListElement":[{"@type":"ListItem","position":1,"name":"AnterSystem","item":"https:\/\/antersystem.com\/de\/"},{"@type":"ListItem","position":2,"name":"Nachrichten","item":"https:\/\/antersystem.com\/de\/nachrichten\/"},{"@type":"ListItem","position":3,"name":"Magazin MID &#8220;Gef\u00e4hrliche Ereignisse&#8221;"}]},{"@type":"WebSite","@id":"https:\/\/antersystem.com\/de\/#website","url":"https:\/\/antersystem.com\/de\/","name":"Anter System","description":"Jeste\u015bmy polskim producentem elastycznych barier ochronnych wykonywanych z polimerowych tworzyw sztucznych. Na rynku krajowym i zagranicznym dzia\u0142amy od ponad 15 lat dbaj\u0105c o zapewnienie bezpiecze\u0144stwa w zak\u0142adach produkcyjnych, magazynach oraz centrach logistycznych.","potentialAction":[{"@type":"SearchAction","target":{"@type":"EntryPoint","urlTemplate":"https:\/\/antersystem.com\/de\/?s={search_term_string}"},"query-input":{"@type":"PropertyValueSpecification","valueRequired":true,"valueName":"search_term_string"}}],"inLanguage":"de"}]}},"_links":{"self":[{"href":"https:\/\/antersystem.com\/de\/wp-json\/wp\/v2\/pages\/39119","targetHints":{"allow":["GET"]}}],"collection":[{"href":"https:\/\/antersystem.com\/de\/wp-json\/wp\/v2\/pages"}],"about":[{"href":"https:\/\/antersystem.com\/de\/wp-json\/wp\/v2\/types\/page"}],"author":[{"embeddable":true,"href":"https:\/\/antersystem.com\/de\/wp-json\/wp\/v2\/users\/1"}],"replies":[{"embeddable":true,"href":"https:\/\/antersystem.com\/de\/wp-json\/wp\/v2\/comments?post=39119"}],"version-history":[{"count":1,"href":"https:\/\/antersystem.com\/de\/wp-json\/wp\/v2\/pages\/39119\/revisions"}],"predecessor-version":[{"id":39120,"href":"https:\/\/antersystem.com\/de\/wp-json\/wp\/v2\/pages\/39119\/revisions\/39120"}],"up":[{"embeddable":true,"href":"https:\/\/antersystem.com\/de\/wp-json\/wp\/v2\/pages\/30484"}],"wp:attachment":[{"href":"https:\/\/antersystem.com\/de\/wp-json\/wp\/v2\/media?parent=39119"}],"curies":[{"name":"wp","href":"https:\/\/api.w.org\/{rel}","templated":true}]}}