{"id":39199,"date":"2024-02-08T14:55:05","date_gmt":"2024-02-08T13:55:05","guid":{"rendered":"https:\/\/antersystem.com\/nachrichten\/warehouse-logistics-at-the-trade-fair-intralogistica-2024\/"},"modified":"2026-02-04T11:22:27","modified_gmt":"2026-02-04T10:22:27","slug":"warehouse-logistics-at-the-trade-fair-intralogistica-2024","status":"publish","type":"page","link":"https:\/\/antersystem.com\/de\/nachrichten\/warehouse-logistics-at-the-trade-fair-intralogistica-2024\/","title":{"rendered":"Lagerlogistik auf der Messe"},"content":{"rendered":"\n<div class=\"wp-block-columns is-layout-flex wp-container-core-columns-is-layout-9d6595d7 wp-block-columns-is-layout-flex\">\n  \n  <div class=\"wp-block-column is-layout-flow wp-block-column-is-layout-flow\">\n    \n    <h3 class=\"wp-block-heading\"><\/h3>\n    \n\n    \n    <div class=\"wp-block-columns is-layout-flex wp-container-core-columns-is-layout-9d6595d7 wp-block-columns-is-layout-flex\">\n      \n      <div class=\"wp-block-column is-layout-flow wp-block-column-is-layout-flow\" style=\"flex-basis:10%\"><\/div>\n      \n\n      \n      <div class=\"wp-block-column is-layout-flow wp-block-column-is-layout-flow\">\n        \n        <h3 class=\"wp-block-heading\"><strong> <\/strong>Intralogistica Poland EXPO &#8211; 24. bis 26. Januar 2024<\/h3>\n        \n\n        \n        <p>Das Erlebnis liegt nun hinter uns &#8211; und was f\u00fcr ein Erlebnis es war! Wir m\u00f6chten uns f\u00fcr den Besuch unseres Standes mit den <a href=\"https:\/\/antersystem.com\/kategorie_produktow\/bariery-bezpieczenstwa-dla-pieszych\/\">flexiblen Sicherheitsbarrieren<\/a> und f\u00fcr die tolle Atmosph\u00e4re bedanken, die wir gemeinsam mit den Besuchern und den Veranstaltern geschaffen haben. Wir sind besonders zufrieden, dass wir unsere <a href=\"https:\/\/antersystem.com\/kategorie_produktow\/technika-zaladunkowa\/\">L\u00f6sungen f\u00fcr die Verladetechnik<\/a> vorstellen konnten, die auf dem Markt noch nicht sehr bekannt sind, aber die Umschlagsprozesse erheblich verbessern. Als Hersteller von Sicherheitsst\u00fctzen und manuellen Radsperren f\u00f6rdern wir eine sichere Arbeitskultur und den intelligenten Einsatz der in integrierten Logistikmanagementsystemen verf\u00fcgbaren Werkzeuge.   <\/p>\n        \n\n        \n        <p>Messen wie diese bieten einen breiten \u00dcberblick \u00fcber das Geschehen in der Branche &#8211; sie inspirieren, verbinden und erm\u00f6glichen es uns, f\u00fchrende Pers\u00f6nlichkeiten zu treffen, die ihre Erfahrungen und Erfolgsgeschichten teilen. Wir m\u00f6chten unsere Dankbarkeit zum Ausdruck bringen f\u00fcr: <\/p>\n        \n\n        \n        <ul class=\"wp-block-list\"><li>Gespr\u00e4che \u00fcber schwierige Arbeitsprozesse, die zu viel geistige Anstrengung erfordern &#8211; eine \u00dcberlegung, die von einem akademischen Experten angeregt wurde, den wir auf der Veranstaltung trafen.<\/li>\n          <li>Die Neugier und der faire Umgang mit anderen Unternehmen, sogar mit Konkurrenten.<\/li>\n          <li>Die Offenheit, \u00fcber gesch\u00e4ftliche Rollen hinauszugehen und uns pers\u00f6nlich zu treffen, um mit Ehrlichkeit und Einf\u00fchlungsverm\u00f6gen \u00fcber allt\u00e4gliche Risiken am Arbeitsplatz zu sprechen.<\/li>\n          <li>Spannende Diskussionen und Austausch von Standpunkten.<\/li>\n          <li>Die Zeit, die Sie sich genommen haben, um sich \u00fcber unser Angebot zu informieren und unsere flexiblen Sicherheitsbarrieren in Aktion zu sehen.<\/li>\n          <li>Ihre freundlichen Worte und Ihre Wertsch\u00e4tzung f\u00fcr das Design und den \u00e4sthetischen Wert unseres Standes und unserer Produkte.<\/li>\n        <\/ul>\n\n        \n        <p>Wir versichern Ihnen, dass wir uns nur mit relevanten Informationen an Sie wenden werden. Wir sind jederzeit bereit, Ihr Lager oder Ihren Produktionsstandort zu besuchen, um Sie \u00fcber die effektivsten Sicherheitsl\u00f6sungen f\u00fcr Ihre Einrichtung zu beraten. Unsere Kontaktdaten finden Sie auf unserer Website.  <\/p>\n        \n\n      <\/div>\n      \n\n      \n      <div class=\"wp-block-column is-layout-flow wp-block-column-is-layout-flow\" style=\"flex-basis:10%\"><\/div>\n      \n    <\/div>\n    \n\n    \n    ngg_shortcode_0_placeholder\n    \n  <\/div>\n  \n<\/div>\n","protected":false},"excerpt":{"rendered":"<p>Intralogistica Poland EXPO &#8211; 24. bis 26. Januar 2024 Das Erlebnis liegt nun hinter uns &#8211; und was f\u00fcr ein Erlebnis es war! Wir m\u00f6chten uns f\u00fcr den Besuch unseres Standes mit den flexiblen Sicherheitsbarrieren und f\u00fcr die tolle Atmosph\u00e4re bedanken, die wir gemeinsam mit den Besuchern und den Veranstaltern geschaffen haben. Wir sind besonders [&hellip;]<\/p>\n","protected":false},"author":1,"featured_media":0,"parent":30484,"menu_order":0,"comment_status":"closed","ping_status":"closed","template":"","meta":{"inline_featured_image":false,"ngg_post_thumbnail":0,"footnotes":""},"class_list":["post-39199","page","type-page","status-publish","hentry"],"acf":[],"yoast_head":"<!-- This site is optimized with the Yoast SEO plugin v27.0 - https:\/\/yoast.com\/product\/yoast-seo-wordpress\/ -->\n<title>Lagerlogistik auf der Messe - Anter System<\/title>\n<meta name=\"description\" content=\"Intralogistica Poland EXPO - 24. bis 26. Januar 2024 Das Erlebnis liegt nun hinter uns - und was f\u00fcr ein Erlebnis es war! Wir m\u00f6chten uns f\u00fcr den Besuch\" \/>\n<meta name=\"robots\" content=\"index, follow, max-snippet:-1, max-image-preview:large, max-video-preview:-1\" \/>\n<link rel=\"canonical\" href=\"https:\/\/antersystem.com\/de\/nachrichten\/warehouse-logistics-at-the-trade-fair-intralogistica-2024\/\" \/>\n<meta property=\"og:locale\" content=\"de_DE\" \/>\n<meta property=\"og:type\" content=\"article\" \/>\n<meta property=\"og:title\" content=\"Lagerlogistik auf der Messe - Anter System\" \/>\n<meta property=\"og:description\" content=\"Intralogistica Poland EXPO - 24. bis 26. Januar 2024 Das Erlebnis liegt nun hinter uns - und was f\u00fcr ein Erlebnis es war! Wir m\u00f6chten uns f\u00fcr den Besuch\" \/>\n<meta property=\"og:url\" content=\"https:\/\/antersystem.com\/de\/nachrichten\/warehouse-logistics-at-the-trade-fair-intralogistica-2024\/\" \/>\n<meta property=\"og:site_name\" content=\"Anter System\" \/>\n<meta property=\"article:modified_time\" content=\"2026-02-04T10:22:27+00:00\" \/>\n<meta name=\"twitter:card\" content=\"summary_large_image\" \/>\n<meta name=\"twitter:label1\" content=\"Gesch\u00e4tzte Lesezeit\" \/>\n\t<meta name=\"twitter:data1\" content=\"2\u00a0Minuten\" \/>\n<script type=\"application\/ld+json\" class=\"yoast-schema-graph\">{\"@context\":\"https:\/\/schema.org\",\"@graph\":[{\"@type\":\"WebPage\",\"@id\":\"https:\/\/antersystem.com\/de\/nachrichten\/warehouse-logistics-at-the-trade-fair-intralogistica-2024\/\",\"url\":\"https:\/\/antersystem.com\/de\/nachrichten\/warehouse-logistics-at-the-trade-fair-intralogistica-2024\/\",\"name\":\"Lagerlogistik auf der Messe - Anter System\",\"isPartOf\":{\"@id\":\"https:\/\/antersystem.com\/de\/#website\"},\"datePublished\":\"2024-02-08T13:55:05+00:00\",\"dateModified\":\"2026-02-04T10:22:27+00:00\",\"description\":\"Intralogistica Poland EXPO - 24. bis 26. Januar 2024 Das Erlebnis liegt nun hinter uns - und was f\u00fcr ein Erlebnis es war! Wir m\u00f6chten uns f\u00fcr den Besuch\",\"breadcrumb\":{\"@id\":\"https:\/\/antersystem.com\/de\/nachrichten\/warehouse-logistics-at-the-trade-fair-intralogistica-2024\/#breadcrumb\"},\"inLanguage\":\"de\",\"potentialAction\":[{\"@type\":\"ReadAction\",\"target\":[\"https:\/\/antersystem.com\/de\/nachrichten\/warehouse-logistics-at-the-trade-fair-intralogistica-2024\/\"]}]},{\"@type\":\"BreadcrumbList\",\"@id\":\"https:\/\/antersystem.com\/de\/nachrichten\/warehouse-logistics-at-the-trade-fair-intralogistica-2024\/#breadcrumb\",\"itemListElement\":[{\"@type\":\"ListItem\",\"position\":1,\"name\":\"AnterSystem\",\"item\":\"https:\/\/antersystem.com\/de\/\"},{\"@type\":\"ListItem\",\"position\":2,\"name\":\"Nachrichten\",\"item\":\"https:\/\/antersystem.com\/de\/nachrichten\/\"},{\"@type\":\"ListItem\",\"position\":3,\"name\":\"Lagerlogistik auf der Messe\"}]},{\"@type\":\"WebSite\",\"@id\":\"https:\/\/antersystem.com\/de\/#website\",\"url\":\"https:\/\/antersystem.com\/de\/\",\"name\":\"Anter System\",\"description\":\"Jeste\u015bmy polskim producentem elastycznych barier ochronnych wykonywanych z polimerowych tworzyw sztucznych. Na rynku krajowym i zagranicznym dzia\u0142amy od ponad 15 lat dbaj\u0105c o zapewnienie bezpiecze\u0144stwa w zak\u0142adach produkcyjnych, magazynach oraz centrach logistycznych.\",\"potentialAction\":[{\"@type\":\"SearchAction\",\"target\":{\"@type\":\"EntryPoint\",\"urlTemplate\":\"https:\/\/antersystem.com\/de\/?s={search_term_string}\"},\"query-input\":{\"@type\":\"PropertyValueSpecification\",\"valueRequired\":true,\"valueName\":\"search_term_string\"}}],\"inLanguage\":\"de\"}]}<\/script>\n<!-- \/ Yoast SEO plugin. -->","yoast_head_json":{"title":"Lagerlogistik auf der Messe - Anter System","description":"Intralogistica Poland EXPO - 24. bis 26. Januar 2024 Das Erlebnis liegt nun hinter uns - und was f\u00fcr ein Erlebnis es war! Wir m\u00f6chten uns f\u00fcr den Besuch","robots":{"index":"index","follow":"follow","max-snippet":"max-snippet:-1","max-image-preview":"max-image-preview:large","max-video-preview":"max-video-preview:-1"},"canonical":"https:\/\/antersystem.com\/de\/nachrichten\/warehouse-logistics-at-the-trade-fair-intralogistica-2024\/","og_locale":"de_DE","og_type":"article","og_title":"Lagerlogistik auf der Messe - Anter System","og_description":"Intralogistica Poland EXPO - 24. bis 26. Januar 2024 Das Erlebnis liegt nun hinter uns - und was f\u00fcr ein Erlebnis es war! Wir m\u00f6chten uns f\u00fcr den Besuch","og_url":"https:\/\/antersystem.com\/de\/nachrichten\/warehouse-logistics-at-the-trade-fair-intralogistica-2024\/","og_site_name":"Anter System","article_modified_time":"2026-02-04T10:22:27+00:00","twitter_card":"summary_large_image","twitter_misc":{"Gesch\u00e4tzte Lesezeit":"2\u00a0Minuten"},"schema":{"@context":"https:\/\/schema.org","@graph":[{"@type":"WebPage","@id":"https:\/\/antersystem.com\/de\/nachrichten\/warehouse-logistics-at-the-trade-fair-intralogistica-2024\/","url":"https:\/\/antersystem.com\/de\/nachrichten\/warehouse-logistics-at-the-trade-fair-intralogistica-2024\/","name":"Lagerlogistik auf der Messe - Anter System","isPartOf":{"@id":"https:\/\/antersystem.com\/de\/#website"},"datePublished":"2024-02-08T13:55:05+00:00","dateModified":"2026-02-04T10:22:27+00:00","description":"Intralogistica Poland EXPO - 24. bis 26. Januar 2024 Das Erlebnis liegt nun hinter uns - und was f\u00fcr ein Erlebnis es war! Wir m\u00f6chten uns f\u00fcr den Besuch","breadcrumb":{"@id":"https:\/\/antersystem.com\/de\/nachrichten\/warehouse-logistics-at-the-trade-fair-intralogistica-2024\/#breadcrumb"},"inLanguage":"de","potentialAction":[{"@type":"ReadAction","target":["https:\/\/antersystem.com\/de\/nachrichten\/warehouse-logistics-at-the-trade-fair-intralogistica-2024\/"]}]},{"@type":"BreadcrumbList","@id":"https:\/\/antersystem.com\/de\/nachrichten\/warehouse-logistics-at-the-trade-fair-intralogistica-2024\/#breadcrumb","itemListElement":[{"@type":"ListItem","position":1,"name":"AnterSystem","item":"https:\/\/antersystem.com\/de\/"},{"@type":"ListItem","position":2,"name":"Nachrichten","item":"https:\/\/antersystem.com\/de\/nachrichten\/"},{"@type":"ListItem","position":3,"name":"Lagerlogistik auf der Messe"}]},{"@type":"WebSite","@id":"https:\/\/antersystem.com\/de\/#website","url":"https:\/\/antersystem.com\/de\/","name":"Anter System","description":"Jeste\u015bmy polskim producentem elastycznych barier ochronnych wykonywanych z polimerowych tworzyw sztucznych. Na rynku krajowym i zagranicznym dzia\u0142amy od ponad 15 lat dbaj\u0105c o zapewnienie bezpiecze\u0144stwa w zak\u0142adach produkcyjnych, magazynach oraz centrach logistycznych.","potentialAction":[{"@type":"SearchAction","target":{"@type":"EntryPoint","urlTemplate":"https:\/\/antersystem.com\/de\/?s={search_term_string}"},"query-input":{"@type":"PropertyValueSpecification","valueRequired":true,"valueName":"search_term_string"}}],"inLanguage":"de"}]}},"_links":{"self":[{"href":"https:\/\/antersystem.com\/de\/wp-json\/wp\/v2\/pages\/39199","targetHints":{"allow":["GET"]}}],"collection":[{"href":"https:\/\/antersystem.com\/de\/wp-json\/wp\/v2\/pages"}],"about":[{"href":"https:\/\/antersystem.com\/de\/wp-json\/wp\/v2\/types\/page"}],"author":[{"embeddable":true,"href":"https:\/\/antersystem.com\/de\/wp-json\/wp\/v2\/users\/1"}],"replies":[{"embeddable":true,"href":"https:\/\/antersystem.com\/de\/wp-json\/wp\/v2\/comments?post=39199"}],"version-history":[{"count":1,"href":"https:\/\/antersystem.com\/de\/wp-json\/wp\/v2\/pages\/39199\/revisions"}],"predecessor-version":[{"id":39202,"href":"https:\/\/antersystem.com\/de\/wp-json\/wp\/v2\/pages\/39199\/revisions\/39202"}],"up":[{"embeddable":true,"href":"https:\/\/antersystem.com\/de\/wp-json\/wp\/v2\/pages\/30484"}],"wp:attachment":[{"href":"https:\/\/antersystem.com\/de\/wp-json\/wp\/v2\/media?parent=39199"}],"curies":[{"name":"wp","href":"https:\/\/api.w.org\/{rel}","templated":true}]}}