{"id":39287,"date":"2023-10-24T15:40:36","date_gmt":"2023-10-24T13:40:36","guid":{"rendered":"https:\/\/antersystem.com\/nachrichten\/trade-fair-in-toronto-november-79-2023\/"},"modified":"2026-02-04T11:22:49","modified_gmt":"2026-02-04T10:22:49","slug":"trade-fair-in-toronto-november-79-2023","status":"publish","type":"page","link":"https:\/\/antersystem.com\/de\/nachrichten\/trade-fair-in-toronto-november-79-2023\/","title":{"rendered":"Messe in Toronto, 7-9, November 2023"},"content":{"rendered":"\n<div class=\"wp-block-columns is-layout-flex wp-container-core-columns-is-layout-9d6595d7 wp-block-columns-is-layout-flex\">\n<div class=\"wp-block-column is-layout-flow wp-block-column-is-layout-flow\" style=\"flex-basis:10%\"><\/div>\n\n\n\n<div class=\"wp-block-column is-layout-flow wp-block-column-is-layout-flow\">\n<h3 class=\"wp-block-heading\">Messe in Toronto, 7-9, November 2023<\/h3>\n\n\n\n<p style=\"text-align: left;\"><strong>Anfang November tauchen wir auf der PACK EX Trade Show in Toronto in die Innovationen aus der Welt der Fertigung ein.<\/strong>  Auch Anter System wird auf der Veranstaltung ausstellen. Vom 7. bis 9. November k\u00f6nnen Sie uns treffen und unsere Produkte wie <a href=\"https:\/\/antersystem.com\/kategorie_produktow\/slupki-ochronne\/\">PA-Poller<\/a>, KB-Schutzw\u00e4nde und <a href=\"https:\/\/antersystem.com\/de\/elastyczna-bariera-pedestrian-r3-hd-flexi-2\/\">flexible R3-Fu\u00dfg\u00e4ngerschutzw\u00e4nde<\/a> <strong>am Stand 2318<\/strong> besichtigen <strong>.<\/strong> Jeder, der sich f\u00fcr Systeme zur Verbesserung der Sicherheit interessiert, ist herzlich eingeladen, uns zu besuchen. <\/p>\n<h3><strong>Was ist PACK EX?<\/strong><\/h3>\n<p>Die PACK EX geh\u00f6rt zu den gro\u00dfen Technikmessen innerhalb der ADM Toronto und bietet L\u00f6sungen vom Design bis zur Produktion in jeder Phase des Herstellungsprozesses. Sie ist die einzige Veranstaltung dieser Art in Kanada, die sich der Verpackung widmet. Im Rahmen der Messe k\u00f6nnen Lieferanten und K\u00e4ufer Brancheninnovationen entdecken, neue Technologien entwickeln und Beziehungen zu Experten aufbauen. Mit unseren Schutzbarrieren passen wir perfekt in die moderne, auf Nachhaltigkeit ausgerichtete Industrielandschaft.   <\/p>\n<h3><strong>Themen dieser Ausgabe<\/strong><\/h3>\n<p>Zu den Hauptthemen der diesj\u00e4hrigen Ausgabe geh\u00f6ren:<\/p>\n<ul>\n<li style=\"text-align: left;\">Branchenf\u00fchrer pr\u00e4sentieren die neuesten F&amp;B-Projekte und L\u00f6sungen, um den heutigen Herausforderungen und abfallbezogenen Vorschriften gerecht zu werden<\/li>\n<li style=\"text-align: left;\">innovative Inhalte von der intelligenten Fertigung bis zur Verpackungsautomatisierung in f\u00fchrenden Produktionssektoren: Lebensmittel und Getr\u00e4nke, Elektronik, Maschinenbau, Luft- und Raumfahrt und Automobilbau<\/li>\n<\/ul>\n<p>Die Veranstaltungen der PACK EX richten sich an Hersteller, Ingenieure, Manager, Wartungsteams, Lieferanten und Maschinenbediener. Lassen Sie sich von Unternehmen wie DHL, Est\u00e9e Lauder, Ferrero Canada, Unilever Canada, Kellogg und vielen anderen inspirieren. <\/p>\n<p>&nbsp;<\/p>\n\n\n<div class=\"wp-block-image\">\n<figure class=\"aligncenter size-large is-resized\"><a href=\"https:\/\/amto23.mapyourshow.com\/8_0\/exhibitor\/exhibitor-details.cfm?exhid=974402\"><img loading=\"lazy\" decoding=\"async\" width=\"1024\" height=\"535\" src=\"https:\/\/antersystem.com\/wp-content\/uploads\/FLEXIBLE-SAFETY-BARIERS-1-1024x535.jpg\" alt=\"\" class=\"wp-image-3125\" style=\"aspect-ratio:1.9140186915887851;width:647px;height:auto\" srcset=\"https:\/\/antersystem.com\/wp-content\/uploads\/FLEXIBLE-SAFETY-BARIERS-1-1024x535.jpg 1024w, https:\/\/antersystem.com\/wp-content\/uploads\/FLEXIBLE-SAFETY-BARIERS-1-300x157.jpg 300w, https:\/\/antersystem.com\/wp-content\/uploads\/FLEXIBLE-SAFETY-BARIERS-1-768x401.jpg 768w, https:\/\/antersystem.com\/wp-content\/uploads\/FLEXIBLE-SAFETY-BARIERS-1-450x235.jpg 450w, https:\/\/antersystem.com\/wp-content\/uploads\/FLEXIBLE-SAFETY-BARIERS-1-330x172.jpg 330w, https:\/\/antersystem.com\/wp-content\/uploads\/FLEXIBLE-SAFETY-BARIERS-1.jpg 1200w\" sizes=\"auto, (max-width: 1024px) 100vw, 1024px\" \/><\/a><\/figure><\/div><\/div>\n\n\n\n<div class=\"wp-block-column is-layout-flow wp-block-column-is-layout-flow\" style=\"flex-basis:10%\"><\/div>\n<\/div>\n","protected":false},"excerpt":{"rendered":"<p>Messe in Toronto, 7-9, November 2023 Anfang November tauchen wir auf der PACK EX Trade Show in Toronto in die Innovationen aus der Welt der Fertigung ein. Auch Anter System wird auf der Veranstaltung ausstellen. Vom 7. bis 9. November k\u00f6nnen Sie uns treffen und unsere Produkte wie PA-Poller, KB-Schutzw\u00e4nde und flexible R3-Fu\u00dfg\u00e4ngerschutzw\u00e4nde am Stand [&hellip;]<\/p>\n","protected":false},"author":1,"featured_media":0,"parent":30484,"menu_order":0,"comment_status":"closed","ping_status":"closed","template":"","meta":{"inline_featured_image":false,"ngg_post_thumbnail":0,"footnotes":""},"class_list":["post-39287","page","type-page","status-publish","hentry"],"acf":[],"yoast_head":"<!-- This site is optimized with the Yoast SEO plugin v27.0 - https:\/\/yoast.com\/product\/yoast-seo-wordpress\/ -->\n<title>Messe in Toronto, 7-9, November 2023 - Anter System<\/title>\n<meta name=\"description\" content=\"Messe in Toronto, 7-9, November 2023 Anfang November tauchen wir auf der PACK EX Trade Show in Toronto in die Innovationen aus der Welt der Fertigung ein.\" \/>\n<meta name=\"robots\" content=\"index, follow, max-snippet:-1, max-image-preview:large, max-video-preview:-1\" \/>\n<link rel=\"canonical\" href=\"https:\/\/antersystem.com\/de\/nachrichten\/trade-fair-in-toronto-november-79-2023\/\" \/>\n<meta property=\"og:locale\" content=\"de_DE\" \/>\n<meta property=\"og:type\" content=\"article\" \/>\n<meta property=\"og:title\" content=\"Messe in Toronto, 7-9, November 2023 - Anter System\" \/>\n<meta property=\"og:description\" content=\"Messe in Toronto, 7-9, November 2023 Anfang November tauchen wir auf der PACK EX Trade Show in Toronto in die Innovationen aus der Welt der Fertigung ein.\" \/>\n<meta property=\"og:url\" content=\"https:\/\/antersystem.com\/de\/nachrichten\/trade-fair-in-toronto-november-79-2023\/\" \/>\n<meta property=\"og:site_name\" content=\"Anter System\" \/>\n<meta property=\"article:modified_time\" content=\"2026-02-04T10:22:49+00:00\" \/>\n<meta property=\"og:image\" content=\"https:\/\/antersystem.com\/wp-content\/uploads\/FLEXIBLE-SAFETY-BARIERS-1-1024x535.jpg\" \/>\n<meta name=\"twitter:card\" content=\"summary_large_image\" \/>\n<meta name=\"twitter:label1\" content=\"Gesch\u00e4tzte Lesezeit\" \/>\n\t<meta name=\"twitter:data1\" content=\"1\u00a0Minute\" \/>\n<script type=\"application\/ld+json\" class=\"yoast-schema-graph\">{\"@context\":\"https:\/\/schema.org\",\"@graph\":[{\"@type\":\"WebPage\",\"@id\":\"https:\/\/antersystem.com\/de\/nachrichten\/trade-fair-in-toronto-november-79-2023\/\",\"url\":\"https:\/\/antersystem.com\/de\/nachrichten\/trade-fair-in-toronto-november-79-2023\/\",\"name\":\"Messe in Toronto, 7-9, November 2023 - Anter System\",\"isPartOf\":{\"@id\":\"https:\/\/antersystem.com\/de\/#website\"},\"primaryImageOfPage\":{\"@id\":\"https:\/\/antersystem.com\/de\/nachrichten\/trade-fair-in-toronto-november-79-2023\/#primaryimage\"},\"image\":{\"@id\":\"https:\/\/antersystem.com\/de\/nachrichten\/trade-fair-in-toronto-november-79-2023\/#primaryimage\"},\"thumbnailUrl\":\"https:\/\/antersystem.com\/wp-content\/uploads\/FLEXIBLE-SAFETY-BARIERS-1-1024x535.jpg\",\"datePublished\":\"2023-10-24T13:40:36+00:00\",\"dateModified\":\"2026-02-04T10:22:49+00:00\",\"description\":\"Messe in Toronto, 7-9, November 2023 Anfang November tauchen wir auf der PACK EX Trade Show in Toronto in die Innovationen aus der Welt der Fertigung ein.\",\"breadcrumb\":{\"@id\":\"https:\/\/antersystem.com\/de\/nachrichten\/trade-fair-in-toronto-november-79-2023\/#breadcrumb\"},\"inLanguage\":\"de\",\"potentialAction\":[{\"@type\":\"ReadAction\",\"target\":[\"https:\/\/antersystem.com\/de\/nachrichten\/trade-fair-in-toronto-november-79-2023\/\"]}]},{\"@type\":\"ImageObject\",\"inLanguage\":\"de\",\"@id\":\"https:\/\/antersystem.com\/de\/nachrichten\/trade-fair-in-toronto-november-79-2023\/#primaryimage\",\"url\":\"https:\/\/antersystem.com\/wp-content\/uploads\/FLEXIBLE-SAFETY-BARIERS-1-1024x535.jpg\",\"contentUrl\":\"https:\/\/antersystem.com\/wp-content\/uploads\/FLEXIBLE-SAFETY-BARIERS-1-1024x535.jpg\"},{\"@type\":\"BreadcrumbList\",\"@id\":\"https:\/\/antersystem.com\/de\/nachrichten\/trade-fair-in-toronto-november-79-2023\/#breadcrumb\",\"itemListElement\":[{\"@type\":\"ListItem\",\"position\":1,\"name\":\"AnterSystem\",\"item\":\"https:\/\/antersystem.com\/de\/\"},{\"@type\":\"ListItem\",\"position\":2,\"name\":\"Nachrichten\",\"item\":\"https:\/\/antersystem.com\/de\/nachrichten\/\"},{\"@type\":\"ListItem\",\"position\":3,\"name\":\"Messe in Toronto, 7-9, November 2023\"}]},{\"@type\":\"WebSite\",\"@id\":\"https:\/\/antersystem.com\/de\/#website\",\"url\":\"https:\/\/antersystem.com\/de\/\",\"name\":\"Anter System\",\"description\":\"Jeste\u015bmy polskim producentem elastycznych barier ochronnych wykonywanych z polimerowych tworzyw sztucznych. Na rynku krajowym i zagranicznym dzia\u0142amy od ponad 15 lat dbaj\u0105c o zapewnienie bezpiecze\u0144stwa w zak\u0142adach produkcyjnych, magazynach oraz centrach logistycznych.\",\"potentialAction\":[{\"@type\":\"SearchAction\",\"target\":{\"@type\":\"EntryPoint\",\"urlTemplate\":\"https:\/\/antersystem.com\/de\/?s={search_term_string}\"},\"query-input\":{\"@type\":\"PropertyValueSpecification\",\"valueRequired\":true,\"valueName\":\"search_term_string\"}}],\"inLanguage\":\"de\"}]}<\/script>\n<!-- \/ Yoast SEO plugin. -->","yoast_head_json":{"title":"Messe in Toronto, 7-9, November 2023 - Anter System","description":"Messe in Toronto, 7-9, November 2023 Anfang November tauchen wir auf der PACK EX Trade Show in Toronto in die Innovationen aus der Welt der Fertigung ein.","robots":{"index":"index","follow":"follow","max-snippet":"max-snippet:-1","max-image-preview":"max-image-preview:large","max-video-preview":"max-video-preview:-1"},"canonical":"https:\/\/antersystem.com\/de\/nachrichten\/trade-fair-in-toronto-november-79-2023\/","og_locale":"de_DE","og_type":"article","og_title":"Messe in Toronto, 7-9, November 2023 - Anter System","og_description":"Messe in Toronto, 7-9, November 2023 Anfang November tauchen wir auf der PACK EX Trade Show in Toronto in die Innovationen aus der Welt der Fertigung ein.","og_url":"https:\/\/antersystem.com\/de\/nachrichten\/trade-fair-in-toronto-november-79-2023\/","og_site_name":"Anter System","article_modified_time":"2026-02-04T10:22:49+00:00","og_image":[{"url":"https:\/\/antersystem.com\/wp-content\/uploads\/FLEXIBLE-SAFETY-BARIERS-1-1024x535.jpg","type":"","width":"","height":""}],"twitter_card":"summary_large_image","twitter_misc":{"Gesch\u00e4tzte Lesezeit":"1\u00a0Minute"},"schema":{"@context":"https:\/\/schema.org","@graph":[{"@type":"WebPage","@id":"https:\/\/antersystem.com\/de\/nachrichten\/trade-fair-in-toronto-november-79-2023\/","url":"https:\/\/antersystem.com\/de\/nachrichten\/trade-fair-in-toronto-november-79-2023\/","name":"Messe in Toronto, 7-9, November 2023 - Anter System","isPartOf":{"@id":"https:\/\/antersystem.com\/de\/#website"},"primaryImageOfPage":{"@id":"https:\/\/antersystem.com\/de\/nachrichten\/trade-fair-in-toronto-november-79-2023\/#primaryimage"},"image":{"@id":"https:\/\/antersystem.com\/de\/nachrichten\/trade-fair-in-toronto-november-79-2023\/#primaryimage"},"thumbnailUrl":"https:\/\/antersystem.com\/wp-content\/uploads\/FLEXIBLE-SAFETY-BARIERS-1-1024x535.jpg","datePublished":"2023-10-24T13:40:36+00:00","dateModified":"2026-02-04T10:22:49+00:00","description":"Messe in Toronto, 7-9, November 2023 Anfang November tauchen wir auf der PACK EX Trade Show in Toronto in die Innovationen aus der Welt der Fertigung ein.","breadcrumb":{"@id":"https:\/\/antersystem.com\/de\/nachrichten\/trade-fair-in-toronto-november-79-2023\/#breadcrumb"},"inLanguage":"de","potentialAction":[{"@type":"ReadAction","target":["https:\/\/antersystem.com\/de\/nachrichten\/trade-fair-in-toronto-november-79-2023\/"]}]},{"@type":"ImageObject","inLanguage":"de","@id":"https:\/\/antersystem.com\/de\/nachrichten\/trade-fair-in-toronto-november-79-2023\/#primaryimage","url":"https:\/\/antersystem.com\/wp-content\/uploads\/FLEXIBLE-SAFETY-BARIERS-1-1024x535.jpg","contentUrl":"https:\/\/antersystem.com\/wp-content\/uploads\/FLEXIBLE-SAFETY-BARIERS-1-1024x535.jpg"},{"@type":"BreadcrumbList","@id":"https:\/\/antersystem.com\/de\/nachrichten\/trade-fair-in-toronto-november-79-2023\/#breadcrumb","itemListElement":[{"@type":"ListItem","position":1,"name":"AnterSystem","item":"https:\/\/antersystem.com\/de\/"},{"@type":"ListItem","position":2,"name":"Nachrichten","item":"https:\/\/antersystem.com\/de\/nachrichten\/"},{"@type":"ListItem","position":3,"name":"Messe in Toronto, 7-9, November 2023"}]},{"@type":"WebSite","@id":"https:\/\/antersystem.com\/de\/#website","url":"https:\/\/antersystem.com\/de\/","name":"Anter System","description":"Jeste\u015bmy polskim producentem elastycznych barier ochronnych wykonywanych z polimerowych tworzyw sztucznych. Na rynku krajowym i zagranicznym dzia\u0142amy od ponad 15 lat dbaj\u0105c o zapewnienie bezpiecze\u0144stwa w zak\u0142adach produkcyjnych, magazynach oraz centrach logistycznych.","potentialAction":[{"@type":"SearchAction","target":{"@type":"EntryPoint","urlTemplate":"https:\/\/antersystem.com\/de\/?s={search_term_string}"},"query-input":{"@type":"PropertyValueSpecification","valueRequired":true,"valueName":"search_term_string"}}],"inLanguage":"de"}]}},"_links":{"self":[{"href":"https:\/\/antersystem.com\/de\/wp-json\/wp\/v2\/pages\/39287","targetHints":{"allow":["GET"]}}],"collection":[{"href":"https:\/\/antersystem.com\/de\/wp-json\/wp\/v2\/pages"}],"about":[{"href":"https:\/\/antersystem.com\/de\/wp-json\/wp\/v2\/types\/page"}],"author":[{"embeddable":true,"href":"https:\/\/antersystem.com\/de\/wp-json\/wp\/v2\/users\/1"}],"replies":[{"embeddable":true,"href":"https:\/\/antersystem.com\/de\/wp-json\/wp\/v2\/comments?post=39287"}],"version-history":[{"count":3,"href":"https:\/\/antersystem.com\/de\/wp-json\/wp\/v2\/pages\/39287\/revisions"}],"predecessor-version":[{"id":39298,"href":"https:\/\/antersystem.com\/de\/wp-json\/wp\/v2\/pages\/39287\/revisions\/39298"}],"up":[{"embeddable":true,"href":"https:\/\/antersystem.com\/de\/wp-json\/wp\/v2\/pages\/30484"}],"wp:attachment":[{"href":"https:\/\/antersystem.com\/de\/wp-json\/wp\/v2\/media?parent=39287"}],"curies":[{"name":"wp","href":"https:\/\/api.w.org\/{rel}","templated":true}]}}