{"id":39382,"date":"2024-12-10T10:04:39","date_gmt":"2024-12-10T09:04:39","guid":{"rendered":"https:\/\/antersystem.com\/nachrichten\/summary-of-the-technical-conference-in-swarzedz\/"},"modified":"2026-02-04T12:37:18","modified_gmt":"2026-02-04T11:37:18","slug":"summary-of-the-technical-conference-in-swarzedz","status":"publish","type":"page","link":"https:\/\/antersystem.com\/de\/nachrichten\/summary-of-the-technical-conference-in-swarzedz\/","title":{"rendered":"Zusammenfassung der technischen Konferenz in Swarz\u0119dz"},"content":{"rendered":"\n<div class=\"wp-block-columns is-layout-flex wp-container-core-columns-is-layout-9d6595d7 wp-block-columns-is-layout-flex\">\n<div class=\"wp-block-column is-layout-flow wp-block-column-is-layout-flow\">\n<h2 class=\"wp-block-heading\">Zusammenfassung der technischen Konferenz in Swarz\u0119dz &#8211; 5. Dezember 2024<\/h2>\n\n\n\n<div class=\"wp-block-columns is-layout-flex wp-container-core-columns-is-layout-9d6595d7 wp-block-columns-is-layout-flex\">\n<div class=\"wp-block-column is-layout-flow wp-block-column-is-layout-flow\" style=\"flex-basis:10%\"><\/div>\n\n\n\n<div class=\"wp-block-column is-layout-flow wp-block-column-is-layout-flow\">\n<p>Am 5. Dezember fand in Swarz\u0119dz bei Pozna\u0144 die Technische Konferenz <strong>&#8222;Optimierung von Intralogistik- und Lagerprozessen&#8220;<\/strong> statt, die von Axon Media mit Anter System als Partner organisiert wurde. Die Veranstaltung brachte Spezialisten aus der Logistikbranche zusammen, die ihr Wissen und ihre Erfahrung mit innovativen Technologien zur Verbesserung von Lagerabl\u00e4ufen austauschten. <\/p>\n\n\n\n<p><strong>Zu den besprochenen Themen geh\u00f6rten u.a.:<\/strong><\/p>\n\n\n\n<p>1. <strong>Lagerautomatisierung und Robotisierung<\/strong> &#8211; w\u00e4hrend der Pr\u00e4sentationen lernten die Teilnehmer L\u00f6sungen wie automatische Lagersysteme, Lagerroboter und autonome Transportsysteme kennen.<\/p>\n\n\n\n<p>2. <strong>Technologien der Zukunft<\/strong> &#8211; die Redner sprachen unter anderem \u00fcber den Einsatz von k\u00fcnstlicher Intelligenz in WMS-Systemen, fortschrittliche Identifizierungstechnologien wie RFID und intelligente mobile L\u00f6sungen.<\/p>\n\n\n\n<p>3. <strong>Energieeffizienz und Nachhaltigkeit<\/strong> &#8211; es wurden innovative L\u00f6sungen vorgestellt, darunter die Modernisierung der Lagerbeleuchtung und umweltfreundliche Produktionsprozesse.<\/p>\n\n\n\n<p>4. <strong>Lagergestaltung und Bestandsverwaltung<\/strong> &#8211; die Pr\u00e4sentationen behandelten Themen wie die Gestaltung von Lagerfl\u00e4chen, Bestandsverwaltung in Konsignationslagern und Projektberatung.<\/p>\n\n\n\n<ol class=\"wp-block-list\"><\/ol>\n\n\n<p>Die Konferenz hatte ein Vortrags- und Beratungsformat, das es den Teilnehmern erm\u00f6glichte, zahlreiche Fallstudien zu erkunden und sich mit praktischen Beispielen f\u00fcr die Implementierung moderner Technologien vertraut zu machen, die auf die Besonderheiten von Fertigungsunternehmen und deren Ressourcen zugeschnitten sind.<\/p>\n\n\n\n<p><strong>Begegnungen und Diskussionen \u00fcber die Zukunft der Branche<\/strong><\/p>\n\n\n\n<p>Die Veranstaltung war auch eine <strong>gute Gelegenheit zum Erfahrungsaustausch<\/strong> und zum Aufbau von Gesch\u00e4ftsbeziehungen und bot einen \u00dcberblick \u00fcber die neuesten Trends in der Logistik. Die Gespr\u00e4che zwischen den Spezialisten und Experten von Anter System in einer solch f\u00f6rderlichen Atmosph\u00e4re sind immer <strong>wertvoll, wenn es darum geht, unser Angebot<\/strong> an modularen, flexiblen Sicherheitsbarrieresystemen <strong>weiterzuentwickeln<\/strong>, um den Anforderungen der sich schnell entwickelnden Intralogistikbranche gerecht zu werden. <\/p>\n\n\n\n<p>Vielen Dank f\u00fcr die Diskussionen \u00fcber die Entwicklungsrichtungen und Erwartungen in Bezug auf den Schutz von Lagerr\u00e4umen. Wir sehen uns auf den n\u00e4chsten Branchenkonferenzen!   <\/p>\n\n\n\n<div class=\"wp-block-columns is-layout-flex wp-container-core-columns-is-layout-9d6595d7 wp-block-columns-is-layout-flex\">\n<div class=\"wp-block-column is-layout-flow wp-block-column-is-layout-flow\"><\/div>\n\n\n\n<div class=\"wp-block-column is-layout-flow wp-block-column-is-layout-flow\"><\/div>\n\n\n\n<div class=\"wp-block-column is-layout-flow wp-block-column-is-layout-flow\"><\/div>\n<\/div>\n<\/div>\n\n\n\n<div class=\"wp-block-column is-layout-flow wp-block-column-is-layout-flow\" style=\"flex-basis:10%\"><\/div>\n<\/div>\n\n\n\nngg_shortcode_0_placeholder\n<\/div>\n<\/div>\n","protected":false},"excerpt":{"rendered":"<p>Zusammenfassung der technischen Konferenz in Swarz\u0119dz &#8211; 5. Dezember 2024 Am 5. Dezember fand in Swarz\u0119dz bei Pozna\u0144 die Technische Konferenz &#8222;Optimierung von Intralogistik- und Lagerprozessen&#8220; statt, die von Axon Media mit Anter System als Partner organisiert wurde. Die Veranstaltung brachte Spezialisten aus der Logistikbranche zusammen, die ihr Wissen und ihre Erfahrung mit innovativen Technologien [&hellip;]<\/p>\n","protected":false},"author":1,"featured_media":0,"parent":30484,"menu_order":0,"comment_status":"closed","ping_status":"closed","template":"","meta":{"inline_featured_image":false,"ngg_post_thumbnail":0,"footnotes":""},"class_list":["post-39382","page","type-page","status-publish","hentry"],"acf":[],"yoast_head":"<!-- This site is optimized with the Yoast SEO plugin v27.0 - https:\/\/yoast.com\/product\/yoast-seo-wordpress\/ -->\n<title>Zusammenfassung der technischen Konferenz in Swarz\u0119dz - Anter System<\/title>\n<meta name=\"description\" content=\"Zusammenfassung der technischen Konferenz in Swarz\u0119dz - 5. Dezember 2024 Am 5. Dezember fand in Swarz\u0119dz bei Pozna\u0144 die Technische Konferenz &quot;Optimierung\" \/>\n<meta name=\"robots\" content=\"index, follow, max-snippet:-1, max-image-preview:large, max-video-preview:-1\" \/>\n<link rel=\"canonical\" href=\"https:\/\/antersystem.com\/de\/nachrichten\/summary-of-the-technical-conference-in-swarzedz\/\" \/>\n<meta property=\"og:locale\" content=\"de_DE\" \/>\n<meta property=\"og:type\" content=\"article\" \/>\n<meta property=\"og:title\" content=\"Zusammenfassung der technischen Konferenz in Swarz\u0119dz - Anter System\" \/>\n<meta property=\"og:description\" content=\"Zusammenfassung der technischen Konferenz in Swarz\u0119dz - 5. Dezember 2024 Am 5. Dezember fand in Swarz\u0119dz bei Pozna\u0144 die Technische Konferenz &quot;Optimierung\" \/>\n<meta property=\"og:url\" content=\"https:\/\/antersystem.com\/de\/nachrichten\/summary-of-the-technical-conference-in-swarzedz\/\" \/>\n<meta property=\"og:site_name\" content=\"Anter System\" \/>\n<meta property=\"article:modified_time\" content=\"2026-02-04T11:37:18+00:00\" \/>\n<meta name=\"twitter:card\" content=\"summary_large_image\" \/>\n<meta name=\"twitter:label1\" content=\"Gesch\u00e4tzte Lesezeit\" \/>\n\t<meta name=\"twitter:data1\" content=\"2\u00a0Minuten\" \/>\n<script type=\"application\/ld+json\" class=\"yoast-schema-graph\">{\"@context\":\"https:\/\/schema.org\",\"@graph\":[{\"@type\":\"WebPage\",\"@id\":\"https:\/\/antersystem.com\/de\/nachrichten\/summary-of-the-technical-conference-in-swarzedz\/\",\"url\":\"https:\/\/antersystem.com\/de\/nachrichten\/summary-of-the-technical-conference-in-swarzedz\/\",\"name\":\"Zusammenfassung der technischen Konferenz in Swarz\u0119dz - Anter System\",\"isPartOf\":{\"@id\":\"https:\/\/antersystem.com\/de\/#website\"},\"datePublished\":\"2024-12-10T09:04:39+00:00\",\"dateModified\":\"2026-02-04T11:37:18+00:00\",\"description\":\"Zusammenfassung der technischen Konferenz in Swarz\u0119dz - 5. Dezember 2024 Am 5. Dezember fand in Swarz\u0119dz bei Pozna\u0144 die Technische Konferenz \\\"Optimierung\",\"breadcrumb\":{\"@id\":\"https:\/\/antersystem.com\/de\/nachrichten\/summary-of-the-technical-conference-in-swarzedz\/#breadcrumb\"},\"inLanguage\":\"de\",\"potentialAction\":[{\"@type\":\"ReadAction\",\"target\":[\"https:\/\/antersystem.com\/de\/nachrichten\/summary-of-the-technical-conference-in-swarzedz\/\"]}]},{\"@type\":\"BreadcrumbList\",\"@id\":\"https:\/\/antersystem.com\/de\/nachrichten\/summary-of-the-technical-conference-in-swarzedz\/#breadcrumb\",\"itemListElement\":[{\"@type\":\"ListItem\",\"position\":1,\"name\":\"AnterSystem\",\"item\":\"https:\/\/antersystem.com\/de\/\"},{\"@type\":\"ListItem\",\"position\":2,\"name\":\"Nachrichten\",\"item\":\"https:\/\/antersystem.com\/de\/nachrichten\/\"},{\"@type\":\"ListItem\",\"position\":3,\"name\":\"Zusammenfassung der technischen Konferenz in Swarz\u0119dz\"}]},{\"@type\":\"WebSite\",\"@id\":\"https:\/\/antersystem.com\/de\/#website\",\"url\":\"https:\/\/antersystem.com\/de\/\",\"name\":\"Anter System\",\"description\":\"Jeste\u015bmy polskim producentem elastycznych barier ochronnych wykonywanych z polimerowych tworzyw sztucznych. Na rynku krajowym i zagranicznym dzia\u0142amy od ponad 15 lat dbaj\u0105c o zapewnienie bezpiecze\u0144stwa w zak\u0142adach produkcyjnych, magazynach oraz centrach logistycznych.\",\"potentialAction\":[{\"@type\":\"SearchAction\",\"target\":{\"@type\":\"EntryPoint\",\"urlTemplate\":\"https:\/\/antersystem.com\/de\/?s={search_term_string}\"},\"query-input\":{\"@type\":\"PropertyValueSpecification\",\"valueRequired\":true,\"valueName\":\"search_term_string\"}}],\"inLanguage\":\"de\"}]}<\/script>\n<!-- \/ Yoast SEO plugin. -->","yoast_head_json":{"title":"Zusammenfassung der technischen Konferenz in Swarz\u0119dz - Anter System","description":"Zusammenfassung der technischen Konferenz in Swarz\u0119dz - 5. Dezember 2024 Am 5. Dezember fand in Swarz\u0119dz bei Pozna\u0144 die Technische Konferenz \"Optimierung","robots":{"index":"index","follow":"follow","max-snippet":"max-snippet:-1","max-image-preview":"max-image-preview:large","max-video-preview":"max-video-preview:-1"},"canonical":"https:\/\/antersystem.com\/de\/nachrichten\/summary-of-the-technical-conference-in-swarzedz\/","og_locale":"de_DE","og_type":"article","og_title":"Zusammenfassung der technischen Konferenz in Swarz\u0119dz - Anter System","og_description":"Zusammenfassung der technischen Konferenz in Swarz\u0119dz - 5. Dezember 2024 Am 5. Dezember fand in Swarz\u0119dz bei Pozna\u0144 die Technische Konferenz \"Optimierung","og_url":"https:\/\/antersystem.com\/de\/nachrichten\/summary-of-the-technical-conference-in-swarzedz\/","og_site_name":"Anter System","article_modified_time":"2026-02-04T11:37:18+00:00","twitter_card":"summary_large_image","twitter_misc":{"Gesch\u00e4tzte Lesezeit":"2\u00a0Minuten"},"schema":{"@context":"https:\/\/schema.org","@graph":[{"@type":"WebPage","@id":"https:\/\/antersystem.com\/de\/nachrichten\/summary-of-the-technical-conference-in-swarzedz\/","url":"https:\/\/antersystem.com\/de\/nachrichten\/summary-of-the-technical-conference-in-swarzedz\/","name":"Zusammenfassung der technischen Konferenz in Swarz\u0119dz - Anter System","isPartOf":{"@id":"https:\/\/antersystem.com\/de\/#website"},"datePublished":"2024-12-10T09:04:39+00:00","dateModified":"2026-02-04T11:37:18+00:00","description":"Zusammenfassung der technischen Konferenz in Swarz\u0119dz - 5. Dezember 2024 Am 5. Dezember fand in Swarz\u0119dz bei Pozna\u0144 die Technische Konferenz \"Optimierung","breadcrumb":{"@id":"https:\/\/antersystem.com\/de\/nachrichten\/summary-of-the-technical-conference-in-swarzedz\/#breadcrumb"},"inLanguage":"de","potentialAction":[{"@type":"ReadAction","target":["https:\/\/antersystem.com\/de\/nachrichten\/summary-of-the-technical-conference-in-swarzedz\/"]}]},{"@type":"BreadcrumbList","@id":"https:\/\/antersystem.com\/de\/nachrichten\/summary-of-the-technical-conference-in-swarzedz\/#breadcrumb","itemListElement":[{"@type":"ListItem","position":1,"name":"AnterSystem","item":"https:\/\/antersystem.com\/de\/"},{"@type":"ListItem","position":2,"name":"Nachrichten","item":"https:\/\/antersystem.com\/de\/nachrichten\/"},{"@type":"ListItem","position":3,"name":"Zusammenfassung der technischen Konferenz in Swarz\u0119dz"}]},{"@type":"WebSite","@id":"https:\/\/antersystem.com\/de\/#website","url":"https:\/\/antersystem.com\/de\/","name":"Anter System","description":"Jeste\u015bmy polskim producentem elastycznych barier ochronnych wykonywanych z polimerowych tworzyw sztucznych. Na rynku krajowym i zagranicznym dzia\u0142amy od ponad 15 lat dbaj\u0105c o zapewnienie bezpiecze\u0144stwa w zak\u0142adach produkcyjnych, magazynach oraz centrach logistycznych.","potentialAction":[{"@type":"SearchAction","target":{"@type":"EntryPoint","urlTemplate":"https:\/\/antersystem.com\/de\/?s={search_term_string}"},"query-input":{"@type":"PropertyValueSpecification","valueRequired":true,"valueName":"search_term_string"}}],"inLanguage":"de"}]}},"_links":{"self":[{"href":"https:\/\/antersystem.com\/de\/wp-json\/wp\/v2\/pages\/39382","targetHints":{"allow":["GET"]}}],"collection":[{"href":"https:\/\/antersystem.com\/de\/wp-json\/wp\/v2\/pages"}],"about":[{"href":"https:\/\/antersystem.com\/de\/wp-json\/wp\/v2\/types\/page"}],"author":[{"embeddable":true,"href":"https:\/\/antersystem.com\/de\/wp-json\/wp\/v2\/users\/1"}],"replies":[{"embeddable":true,"href":"https:\/\/antersystem.com\/de\/wp-json\/wp\/v2\/comments?post=39382"}],"version-history":[{"count":1,"href":"https:\/\/antersystem.com\/de\/wp-json\/wp\/v2\/pages\/39382\/revisions"}],"predecessor-version":[{"id":39383,"href":"https:\/\/antersystem.com\/de\/wp-json\/wp\/v2\/pages\/39382\/revisions\/39383"}],"up":[{"embeddable":true,"href":"https:\/\/antersystem.com\/de\/wp-json\/wp\/v2\/pages\/30484"}],"wp:attachment":[{"href":"https:\/\/antersystem.com\/de\/wp-json\/wp\/v2\/media?parent=39382"}],"curies":[{"name":"wp","href":"https:\/\/api.w.org\/{rel}","templated":true}]}}