{"id":39510,"date":"2024-06-17T15:23:53","date_gmt":"2024-06-17T13:23:53","guid":{"rendered":"https:\/\/antersystem.com\/nachrichten\/technical-conferences-mielec-20-06\/"},"modified":"2026-02-04T13:51:30","modified_gmt":"2026-02-04T12:51:30","slug":"technical-conferences-mielec-20-06","status":"publish","type":"page","link":"https:\/\/antersystem.com\/de\/nachrichten\/technical-conferences-mielec-20-06\/","title":{"rendered":"Technische Konferenzen, Mielec 20.06"},"content":{"rendered":"\n<div class=\"wp-block-columns is-layout-flex wp-container-core-columns-is-layout-9d6595d7 wp-block-columns-is-layout-flex\">\n  \n  <div class=\"wp-block-column is-layout-flow wp-block-column-is-layout-flow\" style=\"flex-basis:10%\"><\/div>\n  \n\n  \n  <div class=\"wp-block-column is-layout-flow wp-block-column-is-layout-flow\">\n    \n    <h2 class=\"wp-block-heading\">Beste Praktiken in der Logistik &#8211; Technische Konferenz<\/h2>\n    \n\n    \n    <p>Wir laden Sie zu einer kostenlosen Konferenz mit dem Titel <strong>&#8222;Optimierung von Intralogistik- und Lagerprozessen&#8220;<\/strong> ein, die sich mit den dynamischen Ver\u00e4nderungen in der Logistikbranche besch\u00e4ftigt. Die Veranstaltung findet am <strong>20. Juni<\/strong> im <strong>Hotel Atena in Mielec<\/strong> statt. <\/p>\n    \n\n    \n    <p>Wir ermutigen jeden, der <strong>sein berufliches Netzwerk erweitern<\/strong> m\u00f6chte, von ganzem Herzen zur Teilnahme. Es wird viele Gelegenheiten f\u00fcr wertvolle Diskussionen und garantierten Zugang zu echten Branchenprofis geben. Die St\u00e4rke der Konferenzen <strong>von Axon Media<\/strong> liegt darin, Praktiker zusammenzubringen &#8211; <strong>Experten aus verschiedenen Sektoren<\/strong>, die ihre Erfahrungen bei der Verbesserung von Logistik- und Lagerprozessen teilen und <strong>die Herausforderungen bei der Anpassung an die spezifischen Bed\u00fcrfnisse von Einrichtungen diskutieren<\/strong>. Die Pr\u00e4sentationen werden sowohl umfassende Implementierungen als auch kleinere Verbesserungen abdecken, die helfen, Zeit zu sparen und Kosten zu senken.   <\/p>\n    \n\n    \n    <p><strong>Als Partner der Technischen Konferenzen unterst\u00fctzt Anter System die Bem\u00fchungen zur Verbesserung von Sicherheit und Hygiene (OHS) in Lagern und Industriehallen.<\/strong>  Wir bieten professionelle Beratung zum Einsatz von Schutzsystemen f\u00fcr Fu\u00dfg\u00e4nger, G\u00fcter, Maschinen und Infrastruktur. Wenn es um die Sicherheit bei Be- und Entladevorg\u00e4ngen geht, <a href=\"https:\/\/antersystem.com\/de\/produktkategorien\/verladetechnik\/\"><strong>haben wir auch viele bew\u00e4hrte Produkte, die wir Ihnen vorstellen und erl\u00e4utern k\u00f6nnen<\/strong><\/a>. Weitere Themen der Konferenz sind: interne Transportsysteme, Lagerroboter, automatische Lager- und Kommissioniersysteme, RFID und drahtlose Identifikation, Intralogistiksoftware, Design und Beratung f\u00fcr die Lagerlogistik sowie Maschinen zur Etikettierung und Markierung.  <\/p>\n    \n\n    \n    <p>Die Konferenz bietet eine hervorragende Gelegenheit, technologische L\u00f6sungen zu entdecken, die auf die individuellen Bed\u00fcrfnisse jedes einzelnen Teilnehmers zugeschnitten sind. Langfristig f\u00f6rdert sie ein kollaboratives Umfeld, das den Wandel in Bezug auf Digitalisierung, Automatisierung und die Zukunft der Arbeit unterst\u00fctzt. Wir glauben, dass dies eine vielversprechende Richtung ist &#8211; besuchen Sie den Stand von <strong>Anter System<\/strong> und kommen Sie zu uns in den Vortragssaal!  <\/p>\n    \n\n    \n    <p>Veranstaltungsprogramm: <strong><a href=\"https:\/\/www.axonmedia.pl\/konferencje\/aktualne\/intralogistyka-magazynowanie-2024-mielec\/\">Technische Konferenzen<\/a><\/strong><\/p>\n    \n\n    \n    <p><strong>#TechnischeKonferenzen #AxonMedia #OHS #Produktion #FlexibleSicherheitsbarrieren<\/strong><\/p>\n    \n  <\/div>\n  \n\n  \n  <div class=\"wp-block-column is-layout-flow wp-block-column-is-layout-flow\" style=\"flex-basis:10%\"><\/div>\n  \n<\/div>\n<div class=\"wp-block-image\">\n<figure class=\"aligncenter size-large is-resized\"><img loading=\"lazy\" decoding=\"async\" width=\"1024\" height=\"576\" src=\"https:\/\/antersystem.com\/wp-content\/uploads\/AxonMedia-konferencja-w-Mielcu-1-edited-1024x576.webp\" alt=\"Axon Media Konferenz in Mielec 2024 - Anter System\" class=\"wp-image-4856\" style=\"width:620px;height:auto\" srcset=\"https:\/\/antersystem.com\/wp-content\/uploads\/AxonMedia-konferencja-w-Mielcu-1-edited-1024x576.webp 1024w, https:\/\/antersystem.com\/wp-content\/uploads\/AxonMedia-konferencja-w-Mielcu-1-edited-300x169.webp 300w, https:\/\/antersystem.com\/wp-content\/uploads\/AxonMedia-konferencja-w-Mielcu-1-edited-768x432.webp 768w, https:\/\/antersystem.com\/wp-content\/uploads\/AxonMedia-konferencja-w-Mielcu-1-edited-450x253.webp 450w, https:\/\/antersystem.com\/wp-content\/uploads\/AxonMedia-konferencja-w-Mielcu-1-edited-330x186.webp 330w, https:\/\/antersystem.com\/wp-content\/uploads\/AxonMedia-konferencja-w-Mielcu-1-edited.webp 1115w\" sizes=\"auto, (max-width: 1024px) 100vw, 1024px\" \/><\/figure><\/div>","protected":false},"excerpt":{"rendered":"<p>Beste Praktiken in der Logistik &#8211; Technische Konferenz Wir laden Sie zu einer kostenlosen Konferenz mit dem Titel &#8222;Optimierung von Intralogistik- und Lagerprozessen&#8220; ein, die sich mit den dynamischen Ver\u00e4nderungen in der Logistikbranche besch\u00e4ftigt. Die Veranstaltung findet am 20. Juni im Hotel Atena in Mielec statt. Wir ermutigen jeden, der sein berufliches Netzwerk erweitern m\u00f6chte, [&hellip;]<\/p>\n","protected":false},"author":1,"featured_media":0,"parent":30484,"menu_order":0,"comment_status":"closed","ping_status":"closed","template":"","meta":{"inline_featured_image":false,"ngg_post_thumbnail":0,"footnotes":""},"class_list":["post-39510","page","type-page","status-publish","hentry"],"acf":[],"yoast_head":"<!-- This site is optimized with the Yoast SEO plugin v27.0 - https:\/\/yoast.com\/product\/yoast-seo-wordpress\/ -->\n<title>Technische Konferenzen, Mielec 20.06 - Anter System<\/title>\n<meta name=\"description\" content=\"Beste Praktiken in der Logistik - Technische Konferenz Wir laden Sie zu einer kostenlosen Konferenz mit dem Titel &quot;Optimierung von Intralogistik- und\" \/>\n<meta name=\"robots\" content=\"index, follow, max-snippet:-1, max-image-preview:large, max-video-preview:-1\" \/>\n<link rel=\"canonical\" href=\"https:\/\/antersystem.com\/de\/nachrichten\/technical-conferences-mielec-20-06\/\" \/>\n<meta property=\"og:locale\" content=\"de_DE\" \/>\n<meta property=\"og:type\" content=\"article\" \/>\n<meta property=\"og:title\" content=\"Technische Konferenzen, Mielec 20.06 - Anter System\" \/>\n<meta property=\"og:description\" content=\"Beste Praktiken in der Logistik - Technische Konferenz Wir laden Sie zu einer kostenlosen Konferenz mit dem Titel &quot;Optimierung von Intralogistik- und\" \/>\n<meta property=\"og:url\" content=\"https:\/\/antersystem.com\/de\/nachrichten\/technical-conferences-mielec-20-06\/\" \/>\n<meta property=\"og:site_name\" content=\"Anter System\" \/>\n<meta property=\"article:modified_time\" content=\"2026-02-04T12:51:30+00:00\" \/>\n<meta property=\"og:image\" content=\"https:\/\/antersystem.com\/wp-content\/uploads\/AxonMedia-konferencja-w-Mielcu-1-edited-1024x576.webp\" \/>\n<meta name=\"twitter:card\" content=\"summary_large_image\" \/>\n<meta name=\"twitter:label1\" content=\"Gesch\u00e4tzte Lesezeit\" \/>\n\t<meta name=\"twitter:data1\" content=\"2\u00a0Minuten\" \/>\n<script type=\"application\/ld+json\" class=\"yoast-schema-graph\">{\"@context\":\"https:\/\/schema.org\",\"@graph\":[{\"@type\":\"WebPage\",\"@id\":\"https:\/\/antersystem.com\/de\/nachrichten\/technical-conferences-mielec-20-06\/\",\"url\":\"https:\/\/antersystem.com\/de\/nachrichten\/technical-conferences-mielec-20-06\/\",\"name\":\"Technische Konferenzen, Mielec 20.06 - Anter System\",\"isPartOf\":{\"@id\":\"https:\/\/antersystem.com\/de\/#website\"},\"primaryImageOfPage\":{\"@id\":\"https:\/\/antersystem.com\/de\/nachrichten\/technical-conferences-mielec-20-06\/#primaryimage\"},\"image\":{\"@id\":\"https:\/\/antersystem.com\/de\/nachrichten\/technical-conferences-mielec-20-06\/#primaryimage\"},\"thumbnailUrl\":\"https:\/\/antersystem.com\/wp-content\/uploads\/AxonMedia-konferencja-w-Mielcu-1-edited-1024x576.webp\",\"datePublished\":\"2024-06-17T13:23:53+00:00\",\"dateModified\":\"2026-02-04T12:51:30+00:00\",\"description\":\"Beste Praktiken in der Logistik - Technische Konferenz Wir laden Sie zu einer kostenlosen Konferenz mit dem Titel \\\"Optimierung von Intralogistik- und\",\"breadcrumb\":{\"@id\":\"https:\/\/antersystem.com\/de\/nachrichten\/technical-conferences-mielec-20-06\/#breadcrumb\"},\"inLanguage\":\"de\",\"potentialAction\":[{\"@type\":\"ReadAction\",\"target\":[\"https:\/\/antersystem.com\/de\/nachrichten\/technical-conferences-mielec-20-06\/\"]}]},{\"@type\":\"ImageObject\",\"inLanguage\":\"de\",\"@id\":\"https:\/\/antersystem.com\/de\/nachrichten\/technical-conferences-mielec-20-06\/#primaryimage\",\"url\":\"https:\/\/antersystem.com\/wp-content\/uploads\/AxonMedia-konferencja-w-Mielcu-1-edited-1024x576.webp\",\"contentUrl\":\"https:\/\/antersystem.com\/wp-content\/uploads\/AxonMedia-konferencja-w-Mielcu-1-edited-1024x576.webp\"},{\"@type\":\"BreadcrumbList\",\"@id\":\"https:\/\/antersystem.com\/de\/nachrichten\/technical-conferences-mielec-20-06\/#breadcrumb\",\"itemListElement\":[{\"@type\":\"ListItem\",\"position\":1,\"name\":\"AnterSystem\",\"item\":\"https:\/\/antersystem.com\/de\/\"},{\"@type\":\"ListItem\",\"position\":2,\"name\":\"Nachrichten\",\"item\":\"https:\/\/antersystem.com\/de\/nachrichten\/\"},{\"@type\":\"ListItem\",\"position\":3,\"name\":\"Technische Konferenzen, Mielec 20.06\"}]},{\"@type\":\"WebSite\",\"@id\":\"https:\/\/antersystem.com\/de\/#website\",\"url\":\"https:\/\/antersystem.com\/de\/\",\"name\":\"Anter System\",\"description\":\"Jeste\u015bmy polskim producentem elastycznych barier ochronnych wykonywanych z polimerowych tworzyw sztucznych. Na rynku krajowym i zagranicznym dzia\u0142amy od ponad 15 lat dbaj\u0105c o zapewnienie bezpiecze\u0144stwa w zak\u0142adach produkcyjnych, magazynach oraz centrach logistycznych.\",\"potentialAction\":[{\"@type\":\"SearchAction\",\"target\":{\"@type\":\"EntryPoint\",\"urlTemplate\":\"https:\/\/antersystem.com\/de\/?s={search_term_string}\"},\"query-input\":{\"@type\":\"PropertyValueSpecification\",\"valueRequired\":true,\"valueName\":\"search_term_string\"}}],\"inLanguage\":\"de\"}]}<\/script>\n<!-- \/ Yoast SEO plugin. -->","yoast_head_json":{"title":"Technische Konferenzen, Mielec 20.06 - Anter System","description":"Beste Praktiken in der Logistik - Technische Konferenz Wir laden Sie zu einer kostenlosen Konferenz mit dem Titel \"Optimierung von Intralogistik- und","robots":{"index":"index","follow":"follow","max-snippet":"max-snippet:-1","max-image-preview":"max-image-preview:large","max-video-preview":"max-video-preview:-1"},"canonical":"https:\/\/antersystem.com\/de\/nachrichten\/technical-conferences-mielec-20-06\/","og_locale":"de_DE","og_type":"article","og_title":"Technische Konferenzen, Mielec 20.06 - Anter System","og_description":"Beste Praktiken in der Logistik - Technische Konferenz Wir laden Sie zu einer kostenlosen Konferenz mit dem Titel \"Optimierung von Intralogistik- und","og_url":"https:\/\/antersystem.com\/de\/nachrichten\/technical-conferences-mielec-20-06\/","og_site_name":"Anter System","article_modified_time":"2026-02-04T12:51:30+00:00","og_image":[{"url":"https:\/\/antersystem.com\/wp-content\/uploads\/AxonMedia-konferencja-w-Mielcu-1-edited-1024x576.webp","type":"","width":"","height":""}],"twitter_card":"summary_large_image","twitter_misc":{"Gesch\u00e4tzte Lesezeit":"2\u00a0Minuten"},"schema":{"@context":"https:\/\/schema.org","@graph":[{"@type":"WebPage","@id":"https:\/\/antersystem.com\/de\/nachrichten\/technical-conferences-mielec-20-06\/","url":"https:\/\/antersystem.com\/de\/nachrichten\/technical-conferences-mielec-20-06\/","name":"Technische Konferenzen, Mielec 20.06 - Anter System","isPartOf":{"@id":"https:\/\/antersystem.com\/de\/#website"},"primaryImageOfPage":{"@id":"https:\/\/antersystem.com\/de\/nachrichten\/technical-conferences-mielec-20-06\/#primaryimage"},"image":{"@id":"https:\/\/antersystem.com\/de\/nachrichten\/technical-conferences-mielec-20-06\/#primaryimage"},"thumbnailUrl":"https:\/\/antersystem.com\/wp-content\/uploads\/AxonMedia-konferencja-w-Mielcu-1-edited-1024x576.webp","datePublished":"2024-06-17T13:23:53+00:00","dateModified":"2026-02-04T12:51:30+00:00","description":"Beste Praktiken in der Logistik - Technische Konferenz Wir laden Sie zu einer kostenlosen Konferenz mit dem Titel \"Optimierung von Intralogistik- und","breadcrumb":{"@id":"https:\/\/antersystem.com\/de\/nachrichten\/technical-conferences-mielec-20-06\/#breadcrumb"},"inLanguage":"de","potentialAction":[{"@type":"ReadAction","target":["https:\/\/antersystem.com\/de\/nachrichten\/technical-conferences-mielec-20-06\/"]}]},{"@type":"ImageObject","inLanguage":"de","@id":"https:\/\/antersystem.com\/de\/nachrichten\/technical-conferences-mielec-20-06\/#primaryimage","url":"https:\/\/antersystem.com\/wp-content\/uploads\/AxonMedia-konferencja-w-Mielcu-1-edited-1024x576.webp","contentUrl":"https:\/\/antersystem.com\/wp-content\/uploads\/AxonMedia-konferencja-w-Mielcu-1-edited-1024x576.webp"},{"@type":"BreadcrumbList","@id":"https:\/\/antersystem.com\/de\/nachrichten\/technical-conferences-mielec-20-06\/#breadcrumb","itemListElement":[{"@type":"ListItem","position":1,"name":"AnterSystem","item":"https:\/\/antersystem.com\/de\/"},{"@type":"ListItem","position":2,"name":"Nachrichten","item":"https:\/\/antersystem.com\/de\/nachrichten\/"},{"@type":"ListItem","position":3,"name":"Technische Konferenzen, Mielec 20.06"}]},{"@type":"WebSite","@id":"https:\/\/antersystem.com\/de\/#website","url":"https:\/\/antersystem.com\/de\/","name":"Anter System","description":"Jeste\u015bmy polskim producentem elastycznych barier ochronnych wykonywanych z polimerowych tworzyw sztucznych. Na rynku krajowym i zagranicznym dzia\u0142amy od ponad 15 lat dbaj\u0105c o zapewnienie bezpiecze\u0144stwa w zak\u0142adach produkcyjnych, magazynach oraz centrach logistycznych.","potentialAction":[{"@type":"SearchAction","target":{"@type":"EntryPoint","urlTemplate":"https:\/\/antersystem.com\/de\/?s={search_term_string}"},"query-input":{"@type":"PropertyValueSpecification","valueRequired":true,"valueName":"search_term_string"}}],"inLanguage":"de"}]}},"_links":{"self":[{"href":"https:\/\/antersystem.com\/de\/wp-json\/wp\/v2\/pages\/39510","targetHints":{"allow":["GET"]}}],"collection":[{"href":"https:\/\/antersystem.com\/de\/wp-json\/wp\/v2\/pages"}],"about":[{"href":"https:\/\/antersystem.com\/de\/wp-json\/wp\/v2\/types\/page"}],"author":[{"embeddable":true,"href":"https:\/\/antersystem.com\/de\/wp-json\/wp\/v2\/users\/1"}],"replies":[{"embeddable":true,"href":"https:\/\/antersystem.com\/de\/wp-json\/wp\/v2\/comments?post=39510"}],"version-history":[{"count":1,"href":"https:\/\/antersystem.com\/de\/wp-json\/wp\/v2\/pages\/39510\/revisions"}],"predecessor-version":[{"id":39512,"href":"https:\/\/antersystem.com\/de\/wp-json\/wp\/v2\/pages\/39510\/revisions\/39512"}],"up":[{"embeddable":true,"href":"https:\/\/antersystem.com\/de\/wp-json\/wp\/v2\/pages\/30484"}],"wp:attachment":[{"href":"https:\/\/antersystem.com\/de\/wp-json\/wp\/v2\/media?parent=39510"}],"curies":[{"name":"wp","href":"https:\/\/api.w.org\/{rel}","templated":true}]}}