{"id":39527,"date":"2024-06-18T10:35:57","date_gmt":"2024-06-18T08:35:57","guid":{"rendered":"https:\/\/antersystem.com\/nachrichten\/mid-magazine-an-exhibition-mix-wystawowa-mieszanka\/"},"modified":"2026-02-04T13:51:37","modified_gmt":"2026-02-04T12:51:37","slug":"mid-magazine-an-exhibition-mix-wystawowa-mieszanka","status":"publish","type":"page","link":"https:\/\/antersystem.com\/de\/nachrichten\/mid-magazine-an-exhibition-mix-wystawowa-mieszanka\/","title":{"rendered":"MID Magazin &#8222;Ein Ausstellungsmix&#8220; &#8211; &#8222;Wystawowa mieszanka&#8220;"},"content":{"rendered":"\n<div class=\"wp-block-columns is-layout-flex wp-container-core-columns-is-layout-9d6595d7 wp-block-columns-is-layout-flex\">\n<div class=\"wp-block-column is-layout-flow wp-block-column-is-layout-flow\" style=\"flex-basis:10%\"><\/div>\n\n\n\n<div class=\"wp-block-column is-layout-flow wp-block-column-is-layout-flow\">\n<h2 class=\"wp-block-heading\">MID 3\/2024. \u00dcbersicht der Produkte, die k\u00fcrzlich auf Logistikmessen vorgestellt wurden.<\/h2>\n\n\n\n<p>Die neueste Ausgabe des MID Magazins hat es sich zur Aufgabe gemacht, die wichtigsten Produkteinblicke f\u00fcr diejenigen zusammenzustellen, die \u00fcber Innovationen in der Logistikbranche auf dem Laufenden bleiben wollen, aber keine Messen besuchen konnten, wie z.B. die SAWO Arbeitsschutzmesse (auf der wir \u00fcbrigens mit der Goldmedaille ausgezeichnet wurden &#8211; <a href=\"https:\/\/antersystem.com\/de\/nachrichten\/gold-medal-traffic-dock-gate\/\"><span style=\"color: #000080;\"><strong>Sie k\u00f6nnen hier dar\u00fcber lesen<\/strong><\/span><\/a>). Die Redaktion hebt auch die Produkte von Anter System als umfassende L\u00f6sungen zum Schutz von Produktionsprozessen und Lagerarbeitern vor Kollisionen mit Gabelstaplern hervor. Die Tatsache, dass wir unsere L\u00f6sungen in letzter Zeit auf zahlreichen Branchenveranstaltungen vorgestellt haben, hat unseren Bekanntheitsgrad sicherlich erh\u00f6ht. Wenn dies jedoch Ihr erster Kontakt mit unserem Unternehmen ist und Sie gerade erst anfangen, Ihr Verst\u00e4ndnis f\u00fcr die Umgestaltung von Logistikr\u00e4umen zu entwickeln, nehmen Sie sich einen Moment Zeit, um einige wichtige Merkmale von Anter System zu beachten, die sich direkt in verbesserten Arbeitsbedingungen in Ihrer Einrichtung niederschlagen k\u00f6nnen.   <\/p>\n\n<p><strong>Was zeichnet uns aus?<\/strong><\/p>\n<ul>\n<li>Hohe Produktbest\u00e4ndigkeit &#8211; unsere L\u00f6sungen widerstehen St\u00f6\u00dfen, die um ein Vielfaches h\u00f6her sind als bei Stahlprodukten, was durch PAS 13-Tests und Kundenfeedback best\u00e4tigt wird.<\/li>\n<li>Qualit\u00e4t und Einhaltung europ\u00e4ischer Normen &#8211; Die Produkte von Anter System werden strengen Tests unterzogen und vom renommierten Institut T\u00dcV Rheinland zertifiziert.<\/li>\n<li>Breite Produktpalette &#8211; zugeschnitten auf die individuellen Bed\u00fcrfnisse des Unternehmens und die spezifischen Bedingungen des Aufstellungsortes, vom Schutz auf Bodenh\u00f6he bis hin zu Hochregalsperren, unter Ber\u00fccksichtigung des Fahrzeugverkehrs innerhalb der Anlage<\/li>\n<li>Innovation &#8211; wir konzentrieren uns auf moderne L\u00f6sungen, implementieren automatisierte Systeme, die die Sicherheit verbessern, und entwickeln unsere Produkte kontinuierlich weiter.<\/li>\n<li>Modularit\u00e4t &#8211; Barrieren lassen sich leicht verbinden, versetzen und erweitern, um sich an ver\u00e4nderte Produktions- oder Lagerbedingungen anzupassen<\/li>\n<li>\u00d6kologie &#8211; unsere Produkte sind zu 100 % recycelbar und tragen dazu bei, den \u00f6kologischen Fu\u00dfabdruck zu verringern.<\/li>\n<\/ul>\n\n<p>Das vom MID-Team zusammengestellte Material wird Ihnen sicherlich helfen, fundierte Kaufentscheidungen zu treffen &#8211; nicht nur bei der Auswahl von Sicherheitsbarrieren, sondern auch von L\u00f6sungen mit KI-Technologien. Die Lekt\u00fcre lohnt sich auf jeden Fall \ud83d\ude42 Den Artikel finden Sie weiter unten, und die vollst\u00e4ndige Ausgabe finden Sie auf der Website des Verlags.  <\/p>\n<\/div>\n\n\n\n<div class=\"wp-block-column is-layout-flow wp-block-column-is-layout-flow\" style=\"flex-basis:10%\"><\/div>\n<\/div>\n\n<div data-wp-interactive=\"core\/file\" class=\"wp-block-file\"><object data-wp-bind--hidden=\"!state.hasPdfPreview\" hidden class=\"wp-block-file__embed\" data=\"https:\/\/antersystem.com\/wp-content\/uploads\/MID_99_3_2024_Anter-System.pdf\" type=\"application\/pdf\" style=\"width:100%;height:600px\" aria-label=\"Einbettung von MID_99_3_2024_Anter-System.\"><\/object><a id=\"wp-block-file--media-81b055e1-ad38-4bf5-98d8-870bb86c3edb\" href=\"https:\/\/antersystem.com\/wp-content\/uploads\/MID_99_3_2024_Anter-System.pdf\">MID_99_3_2024_Anter-System<\/a><a href=\"https:\/\/antersystem.com\/wp-content\/uploads\/MID_99_3_2024_Anter-System.pdf\" class=\"wp-block-file__button wp-element-button\" download=\"\" aria-describedby=\"wp-block-file--media-81b055e1-ad38-4bf5-98d8-870bb86c3edb\">Herunterladen<\/a><\/div>\n","protected":false},"excerpt":{"rendered":"<p>MID 3\/2024. \u00dcbersicht der Produkte, die k\u00fcrzlich auf Logistikmessen vorgestellt wurden. Die neueste Ausgabe des MID Magazins hat es sich zur Aufgabe gemacht, die wichtigsten Produkteinblicke f\u00fcr diejenigen zusammenzustellen, die \u00fcber Innovationen in der Logistikbranche auf dem Laufenden bleiben wollen, aber keine Messen besuchen konnten, wie z.B. die SAWO Arbeitsschutzmesse (auf der wir \u00fcbrigens mit [&hellip;]<\/p>\n","protected":false},"author":1,"featured_media":0,"parent":30484,"menu_order":0,"comment_status":"closed","ping_status":"closed","template":"","meta":{"inline_featured_image":false,"ngg_post_thumbnail":0,"footnotes":""},"class_list":["post-39527","page","type-page","status-publish","hentry"],"acf":[],"yoast_head":"<!-- This site is optimized with the Yoast SEO plugin v27.0 - https:\/\/yoast.com\/product\/yoast-seo-wordpress\/ -->\n<title>MID Magazin &quot;Ein Ausstellungsmix&quot; - &quot;Wystawowa mieszanka&quot; - Anter System<\/title>\n<meta name=\"description\" content=\"Das Fachmagazin MID hat sich auf die Branche spezialisiert, in der Sie t\u00e4tig sind, und zwar in den Bereichen Logistik und Handel.\" \/>\n<meta name=\"robots\" content=\"index, follow, max-snippet:-1, max-image-preview:large, max-video-preview:-1\" \/>\n<link rel=\"canonical\" href=\"https:\/\/antersystem.com\/de\/nachrichten\/mid-magazine-an-exhibition-mix-wystawowa-mieszanka\/\" \/>\n<meta property=\"og:locale\" content=\"de_DE\" \/>\n<meta property=\"og:type\" content=\"article\" \/>\n<meta property=\"og:title\" content=\"MID Magazin &quot;Ein Ausstellungsmix&quot; - &quot;Wystawowa mieszanka&quot; - Anter System\" \/>\n<meta property=\"og:description\" content=\"Das Fachmagazin MID hat sich auf die Branche spezialisiert, in der Sie t\u00e4tig sind, und zwar in den Bereichen Logistik und Handel.\" \/>\n<meta property=\"og:url\" content=\"https:\/\/antersystem.com\/de\/nachrichten\/mid-magazine-an-exhibition-mix-wystawowa-mieszanka\/\" \/>\n<meta property=\"og:site_name\" content=\"Anter System\" \/>\n<meta property=\"article:modified_time\" content=\"2026-02-04T12:51:37+00:00\" \/>\n<meta name=\"twitter:card\" content=\"summary_large_image\" \/>\n<meta name=\"twitter:label1\" content=\"Gesch\u00e4tzte Lesezeit\" \/>\n\t<meta name=\"twitter:data1\" content=\"2\u00a0Minuten\" \/>\n<script type=\"application\/ld+json\" class=\"yoast-schema-graph\">{\"@context\":\"https:\/\/schema.org\",\"@graph\":[{\"@type\":\"WebPage\",\"@id\":\"https:\/\/antersystem.com\/de\/nachrichten\/mid-magazine-an-exhibition-mix-wystawowa-mieszanka\/\",\"url\":\"https:\/\/antersystem.com\/de\/nachrichten\/mid-magazine-an-exhibition-mix-wystawowa-mieszanka\/\",\"name\":\"MID Magazin \\\"Ein Ausstellungsmix\\\" - \\\"Wystawowa mieszanka\\\" - Anter System\",\"isPartOf\":{\"@id\":\"https:\/\/antersystem.com\/de\/#website\"},\"datePublished\":\"2024-06-18T08:35:57+00:00\",\"dateModified\":\"2026-02-04T12:51:37+00:00\",\"description\":\"Das Fachmagazin MID hat sich auf die Branche spezialisiert, in der Sie t\u00e4tig sind, und zwar in den Bereichen Logistik und Handel.\",\"breadcrumb\":{\"@id\":\"https:\/\/antersystem.com\/de\/nachrichten\/mid-magazine-an-exhibition-mix-wystawowa-mieszanka\/#breadcrumb\"},\"inLanguage\":\"de\",\"potentialAction\":[{\"@type\":\"ReadAction\",\"target\":[\"https:\/\/antersystem.com\/de\/nachrichten\/mid-magazine-an-exhibition-mix-wystawowa-mieszanka\/\"]}]},{\"@type\":\"BreadcrumbList\",\"@id\":\"https:\/\/antersystem.com\/de\/nachrichten\/mid-magazine-an-exhibition-mix-wystawowa-mieszanka\/#breadcrumb\",\"itemListElement\":[{\"@type\":\"ListItem\",\"position\":1,\"name\":\"AnterSystem\",\"item\":\"https:\/\/antersystem.com\/de\/\"},{\"@type\":\"ListItem\",\"position\":2,\"name\":\"Nachrichten\",\"item\":\"https:\/\/antersystem.com\/de\/nachrichten\/\"},{\"@type\":\"ListItem\",\"position\":3,\"name\":\"MID Magazin &#8220;Ein Ausstellungsmix&#8221; &#8211; &#8220;Wystawowa mieszanka&#8221;\"}]},{\"@type\":\"WebSite\",\"@id\":\"https:\/\/antersystem.com\/de\/#website\",\"url\":\"https:\/\/antersystem.com\/de\/\",\"name\":\"Anter System\",\"description\":\"Jeste\u015bmy polskim producentem elastycznych barier ochronnych wykonywanych z polimerowych tworzyw sztucznych. Na rynku krajowym i zagranicznym dzia\u0142amy od ponad 15 lat dbaj\u0105c o zapewnienie bezpiecze\u0144stwa w zak\u0142adach produkcyjnych, magazynach oraz centrach logistycznych.\",\"potentialAction\":[{\"@type\":\"SearchAction\",\"target\":{\"@type\":\"EntryPoint\",\"urlTemplate\":\"https:\/\/antersystem.com\/de\/?s={search_term_string}\"},\"query-input\":{\"@type\":\"PropertyValueSpecification\",\"valueRequired\":true,\"valueName\":\"search_term_string\"}}],\"inLanguage\":\"de\"}]}<\/script>\n<!-- \/ Yoast SEO plugin. -->","yoast_head_json":{"title":"MID Magazin \"Ein Ausstellungsmix\" - \"Wystawowa mieszanka\" - Anter System","description":"Das Fachmagazin MID hat sich auf die Branche spezialisiert, in der Sie t\u00e4tig sind, und zwar in den Bereichen Logistik und Handel.","robots":{"index":"index","follow":"follow","max-snippet":"max-snippet:-1","max-image-preview":"max-image-preview:large","max-video-preview":"max-video-preview:-1"},"canonical":"https:\/\/antersystem.com\/de\/nachrichten\/mid-magazine-an-exhibition-mix-wystawowa-mieszanka\/","og_locale":"de_DE","og_type":"article","og_title":"MID Magazin \"Ein Ausstellungsmix\" - \"Wystawowa mieszanka\" - Anter System","og_description":"Das Fachmagazin MID hat sich auf die Branche spezialisiert, in der Sie t\u00e4tig sind, und zwar in den Bereichen Logistik und Handel.","og_url":"https:\/\/antersystem.com\/de\/nachrichten\/mid-magazine-an-exhibition-mix-wystawowa-mieszanka\/","og_site_name":"Anter System","article_modified_time":"2026-02-04T12:51:37+00:00","twitter_card":"summary_large_image","twitter_misc":{"Gesch\u00e4tzte Lesezeit":"2\u00a0Minuten"},"schema":{"@context":"https:\/\/schema.org","@graph":[{"@type":"WebPage","@id":"https:\/\/antersystem.com\/de\/nachrichten\/mid-magazine-an-exhibition-mix-wystawowa-mieszanka\/","url":"https:\/\/antersystem.com\/de\/nachrichten\/mid-magazine-an-exhibition-mix-wystawowa-mieszanka\/","name":"MID Magazin \"Ein Ausstellungsmix\" - \"Wystawowa mieszanka\" - Anter System","isPartOf":{"@id":"https:\/\/antersystem.com\/de\/#website"},"datePublished":"2024-06-18T08:35:57+00:00","dateModified":"2026-02-04T12:51:37+00:00","description":"Das Fachmagazin MID hat sich auf die Branche spezialisiert, in der Sie t\u00e4tig sind, und zwar in den Bereichen Logistik und Handel.","breadcrumb":{"@id":"https:\/\/antersystem.com\/de\/nachrichten\/mid-magazine-an-exhibition-mix-wystawowa-mieszanka\/#breadcrumb"},"inLanguage":"de","potentialAction":[{"@type":"ReadAction","target":["https:\/\/antersystem.com\/de\/nachrichten\/mid-magazine-an-exhibition-mix-wystawowa-mieszanka\/"]}]},{"@type":"BreadcrumbList","@id":"https:\/\/antersystem.com\/de\/nachrichten\/mid-magazine-an-exhibition-mix-wystawowa-mieszanka\/#breadcrumb","itemListElement":[{"@type":"ListItem","position":1,"name":"AnterSystem","item":"https:\/\/antersystem.com\/de\/"},{"@type":"ListItem","position":2,"name":"Nachrichten","item":"https:\/\/antersystem.com\/de\/nachrichten\/"},{"@type":"ListItem","position":3,"name":"MID Magazin &#8220;Ein Ausstellungsmix&#8221; &#8211; &#8220;Wystawowa mieszanka&#8221;"}]},{"@type":"WebSite","@id":"https:\/\/antersystem.com\/de\/#website","url":"https:\/\/antersystem.com\/de\/","name":"Anter System","description":"Jeste\u015bmy polskim producentem elastycznych barier ochronnych wykonywanych z polimerowych tworzyw sztucznych. Na rynku krajowym i zagranicznym dzia\u0142amy od ponad 15 lat dbaj\u0105c o zapewnienie bezpiecze\u0144stwa w zak\u0142adach produkcyjnych, magazynach oraz centrach logistycznych.","potentialAction":[{"@type":"SearchAction","target":{"@type":"EntryPoint","urlTemplate":"https:\/\/antersystem.com\/de\/?s={search_term_string}"},"query-input":{"@type":"PropertyValueSpecification","valueRequired":true,"valueName":"search_term_string"}}],"inLanguage":"de"}]}},"_links":{"self":[{"href":"https:\/\/antersystem.com\/de\/wp-json\/wp\/v2\/pages\/39527","targetHints":{"allow":["GET"]}}],"collection":[{"href":"https:\/\/antersystem.com\/de\/wp-json\/wp\/v2\/pages"}],"about":[{"href":"https:\/\/antersystem.com\/de\/wp-json\/wp\/v2\/types\/page"}],"author":[{"embeddable":true,"href":"https:\/\/antersystem.com\/de\/wp-json\/wp\/v2\/users\/1"}],"replies":[{"embeddable":true,"href":"https:\/\/antersystem.com\/de\/wp-json\/wp\/v2\/comments?post=39527"}],"version-history":[{"count":1,"href":"https:\/\/antersystem.com\/de\/wp-json\/wp\/v2\/pages\/39527\/revisions"}],"predecessor-version":[{"id":39528,"href":"https:\/\/antersystem.com\/de\/wp-json\/wp\/v2\/pages\/39527\/revisions\/39528"}],"up":[{"embeddable":true,"href":"https:\/\/antersystem.com\/de\/wp-json\/wp\/v2\/pages\/30484"}],"wp:attachment":[{"href":"https:\/\/antersystem.com\/de\/wp-json\/wp\/v2\/media?parent=39527"}],"curies":[{"name":"wp","href":"https:\/\/api.w.org\/{rel}","templated":true}]}}