{"id":39550,"date":"2023-10-12T09:31:59","date_gmt":"2023-10-12T07:31:59","guid":{"rendered":"https:\/\/antersystem.com\/nachrichten\/polymer-safety-barriers\/"},"modified":"2026-02-04T14:04:20","modified_gmt":"2026-02-04T13:04:20","slug":"polymer-safety-barriers","status":"publish","type":"page","link":"https:\/\/antersystem.com\/de\/nachrichten\/polymer-safety-barriers\/","title":{"rendered":"Polymer-Sicherheitsbarrieren"},"content":{"rendered":"\n<div class=\"wp-block-columns is-layout-flex wp-container-core-columns-is-layout-9d6595d7 wp-block-columns-is-layout-flex\">\n<div class=\"wp-block-column is-layout-flow wp-block-column-is-layout-flow\" style=\"flex-basis:10%\"><\/div>\n\n<div class=\"wp-block-columns is-layout-flex wp-container-core-columns-is-layout-9d6595d7 wp-block-columns-is-layout-flex\">\n<div class=\"wp-block-column is-layout-flow wp-block-column-is-layout-flow\" style=\"flex-basis:10%\"><\/div>\n\n\n\n<div class=\"wp-block-column is-layout-flow wp-block-column-is-layout-flow\">\n<h2 class=\"wp-block-heading\">Sicherheitsbarrieren aus Polymer oder Stahl &#8211; was ist besser?<\/h2>\n\n\n\n<p>Die Sicherheit der Mitarbeiter und der Schutz von Ger\u00e4ten und Maschinen haben f\u00fcr die Betreiber von <a href=\"https:\/\/antersystem.com\/co-zabezpieczamy\/hale-magazynowe\/\">Lagerh\u00e4usern<\/a> oder <a href=\"https:\/\/antersystem.com\/co-zabezpieczamy\/hale-produkcyjne\/\">Produktionsanlagen<\/a> oberste Priorit\u00e4t. Die Gesundheit und das Leben von Menschen sind unbezahlbar. Bei der Wahl von Sicherheitsl\u00f6sungen gibt es also keinen Platz f\u00fcr Halbheiten oder Kompromisse. Eines der am h\u00e4ufigsten verwendeten und vielseitigsten Schutzelemente f\u00fcr den Innen- und Au\u00dfenbereich sind Sicherheitsbarrieren. Hier erfahren Sie, wie Sie die richtigen f\u00fcr Ihre Einrichtung ausw\u00e4hlen.   <\/p>\n\n\n\n<h3 class=\"wp-block-heading\">Was sind industrielle Sicherheitsbarrieren (auch bekannt als Schutzvorrichtungen oder Sto\u00dff\u00e4nger)?<\/h3>\n\n\n\n<p>Sicherheitsbarrieren, die auch als Bumper oder Schutzvorrichtungen bezeichnet werden, dienen dem Schutz von Fu\u00dfg\u00e4ngerwegen, Lagerregalen, Robotern, Arbeitspl\u00e4tzen und anderen kritischen Bereichen. Sie werden \u00fcberall dort eingesetzt, wo sich Maschinen, Menschen und Fahrzeuge in unmittelbarer N\u00e4he bewegen. Auf dem Markt sind Varianten aus Stahl, Kunststoff, Gummi und Holz erh\u00e4ltlich &#8211; jede mit ihren eigenen Vorteilen. Aufgrund ihrer Langlebigkeit und ihres breiten Anwendungsspektrums sind Stahl- und Polymerbarrieren jedoch die beliebtesten Optionen.   <\/p>\n\n\n\n<h3 class=\"wp-block-heading\">Vorteile und Anwendungen von polymeren Sicherheitsbarrieren<\/h3>\n\n\n\n<p>Bei der Herstellung von <a href=\"https:\/\/antersystem.pl\/pl\/bariery\/178-bariera-podlogowa-de.html\">Polymerschutzw\u00e4nden<\/a> werden die haltbarsten Hochleistungspolymere verwendet, um eine effektive Sto\u00dfd\u00e4mpfung zu gew\u00e4hrleisten. Gleichzeitig sind diese Barrieren viel leichter als herk\u00f6mmliche Stahlbarrieren. Dank ihrer Flexibilit\u00e4t k\u00f6nnen sie mehreren starken St\u00f6\u00dfen standhalten, ohne sich zu verformen. Sie behalten ihre Farbe &#8211; im Gegensatz zu Stahl &#8211; und m\u00fcssen nicht neu gestrichen oder gewartet werden. Sie sind au\u00dferdem korrosionsbest\u00e4ndig und verringern das Risiko von Bodensch\u00e4den an den Befestigungspunkten.    <\/p>\n\n\n\n<p>Polymerbarrieren sind witterungsbest\u00e4ndig, einschlie\u00dflich UV-Strahlung und Frost, und eignen sich daher sowohl f\u00fcr die Installation im Innen- als auch im Au\u00dfenbereich. Sie eignen sich perfekt f\u00fcr Bereiche wie Parkpl\u00e4tze, H\u00f6fe, Laderampen und alle anderen Zonen, in denen der Verkehr oder die Ausr\u00fcstung gesch\u00fctzt werden m\u00fcssen. Sie sind auch ideal f\u00fcr Lagerh\u00e4user &#8211; zum Beispiel zum Schutz von Lagerregalen oder Hochregalbereichen &#8211; sowie in Produktionsst\u00e4tten zur Sicherung von Maschinen und Arbeitspl\u00e4tzen.  <\/p>\n\n\n\n<p>Dank ihres modularen Aufbaus k\u00f6nnen Polymerbarrieren leicht erweitert, neu angeordnet oder verlegt werden, wenn sich die betrieblichen Anforderungen \u00e4ndern.<\/p>\n\n\n\n<h3 class=\"wp-block-heading\">Polnischer Hersteller von industriellen Schutzsystemen<\/h3>\n\n\n\n<p>Unabh\u00e4ngig von der gew\u00e4hlten L\u00f6sung lohnt es sich, sich auf bew\u00e4hrte, renommierte Hersteller zu verlassen. Anter System bietet eine der gr\u00f6\u00dften Auswahlen an zertifizierten, hochwertigen und modernen Sicherheitsbarrieren. Die Produktpalette des Unternehmens umfasst auch Anh\u00e4ngerst\u00fctzen, die bei Wettbewerben f\u00fcr Innovation, wirtschaftliche und \u00f6kologische Vorteile anerkannt sind. Der umfangreiche Katalog erm\u00f6glicht eine pr\u00e4zise Anpassung der Schutzsysteme an die spezifischen Bed\u00fcrfnisse jedes Lagers, jeder Produktionshalle oder jedes Parkplatzes.   <\/p>\n\n\n\n<p>Als Hersteller mit langj\u00e4hriger Erfahrung und tiefem Verst\u00e4ndnis f\u00fcr die Herausforderungen der Sicherheit am Arbeitsplatz bietet Anter System fachkundige Beratung bei der Auswahl von L\u00f6sungen, die Ihren individuellen Anforderungen perfekt entsprechen.<\/p>\n\n\n\n<p>&nbsp;<\/p>\n<p>&nbsp;<\/p>\n<\/div>\n\n\n\n<div class=\"wp-block-column is-layout-flow wp-block-column-is-layout-flow\" style=\"flex-basis:10%\"><\/div>\n<\/div>\n","protected":false},"excerpt":{"rendered":"<p>Sicherheitsbarrieren aus Polymer oder Stahl &#8211; was ist besser? Die Sicherheit der Mitarbeiter und der Schutz von Ger\u00e4ten und Maschinen haben f\u00fcr die Betreiber von Lagerh\u00e4usern oder Produktionsanlagen oberste Priorit\u00e4t. Die Gesundheit und das Leben von Menschen sind unbezahlbar. Bei der Wahl von Sicherheitsl\u00f6sungen gibt es also keinen Platz f\u00fcr Halbheiten oder Kompromisse. Eines der [&hellip;]<\/p>\n","protected":false},"author":1,"featured_media":0,"parent":30484,"menu_order":0,"comment_status":"closed","ping_status":"closed","template":"","meta":{"inline_featured_image":false,"ngg_post_thumbnail":0,"footnotes":""},"class_list":["post-39550","page","type-page","status-publish","hentry"],"acf":[],"yoast_head":"<!-- This site is optimized with the Yoast SEO plugin v27.0 - https:\/\/yoast.com\/product\/yoast-seo-wordpress\/ -->\n<title>Polymer-Sicherheitsbarrieren - Anter System<\/title>\n<meta name=\"description\" content=\"Sie k\u00f6nnen mit dem Anter System eine Vielzahl von Produkten herstellen. Anter System oferuje najwi\u0119kszy wyb\u00f3r certyfikowanych, solidnie wykonanych, nowoczesnych barier ochronnych.\" \/>\n<meta name=\"robots\" content=\"index, follow, max-snippet:-1, max-image-preview:large, max-video-preview:-1\" \/>\n<link rel=\"canonical\" href=\"https:\/\/antersystem.com\/de\/nachrichten\/polymer-safety-barriers\/\" \/>\n<meta property=\"og:locale\" content=\"de_DE\" \/>\n<meta property=\"og:type\" content=\"article\" \/>\n<meta property=\"og:title\" content=\"Polymer-Sicherheitsbarrieren - Anter System\" \/>\n<meta property=\"og:description\" content=\"Sie k\u00f6nnen mit dem Anter System eine Vielzahl von Produkten herstellen. Anter System oferuje najwi\u0119kszy wyb\u00f3r certyfikowanych, solidnie wykonanych, nowoczesnych barier ochronnych.\" \/>\n<meta property=\"og:url\" content=\"https:\/\/antersystem.com\/de\/nachrichten\/polymer-safety-barriers\/\" \/>\n<meta property=\"og:site_name\" content=\"Anter System\" \/>\n<meta property=\"article:modified_time\" content=\"2026-02-04T13:04:20+00:00\" \/>\n<meta name=\"twitter:card\" content=\"summary_large_image\" \/>\n<meta name=\"twitter:label1\" content=\"Gesch\u00e4tzte Lesezeit\" \/>\n\t<meta name=\"twitter:data1\" content=\"2\u00a0Minuten\" \/>\n<script type=\"application\/ld+json\" class=\"yoast-schema-graph\">{\"@context\":\"https:\/\/schema.org\",\"@graph\":[{\"@type\":\"WebPage\",\"@id\":\"https:\/\/antersystem.com\/de\/nachrichten\/polymer-safety-barriers\/\",\"url\":\"https:\/\/antersystem.com\/de\/nachrichten\/polymer-safety-barriers\/\",\"name\":\"Polymer-Sicherheitsbarrieren - Anter System\",\"isPartOf\":{\"@id\":\"https:\/\/antersystem.com\/de\/#website\"},\"datePublished\":\"2023-10-12T07:31:59+00:00\",\"dateModified\":\"2026-02-04T13:04:20+00:00\",\"description\":\"Sie k\u00f6nnen mit dem Anter System eine Vielzahl von Produkten herstellen. Anter System oferuje najwi\u0119kszy wyb\u00f3r certyfikowanych, solidnie wykonanych, nowoczesnych barier ochronnych.\",\"breadcrumb\":{\"@id\":\"https:\/\/antersystem.com\/de\/nachrichten\/polymer-safety-barriers\/#breadcrumb\"},\"inLanguage\":\"de\",\"potentialAction\":[{\"@type\":\"ReadAction\",\"target\":[\"https:\/\/antersystem.com\/de\/nachrichten\/polymer-safety-barriers\/\"]}]},{\"@type\":\"BreadcrumbList\",\"@id\":\"https:\/\/antersystem.com\/de\/nachrichten\/polymer-safety-barriers\/#breadcrumb\",\"itemListElement\":[{\"@type\":\"ListItem\",\"position\":1,\"name\":\"AnterSystem\",\"item\":\"https:\/\/antersystem.com\/de\/\"},{\"@type\":\"ListItem\",\"position\":2,\"name\":\"Nachrichten\",\"item\":\"https:\/\/antersystem.com\/de\/nachrichten\/\"},{\"@type\":\"ListItem\",\"position\":3,\"name\":\"Polymer-Sicherheitsbarrieren\"}]},{\"@type\":\"WebSite\",\"@id\":\"https:\/\/antersystem.com\/de\/#website\",\"url\":\"https:\/\/antersystem.com\/de\/\",\"name\":\"Anter System\",\"description\":\"Jeste\u015bmy polskim producentem elastycznych barier ochronnych wykonywanych z polimerowych tworzyw sztucznych. Na rynku krajowym i zagranicznym dzia\u0142amy od ponad 15 lat dbaj\u0105c o zapewnienie bezpiecze\u0144stwa w zak\u0142adach produkcyjnych, magazynach oraz centrach logistycznych.\",\"potentialAction\":[{\"@type\":\"SearchAction\",\"target\":{\"@type\":\"EntryPoint\",\"urlTemplate\":\"https:\/\/antersystem.com\/de\/?s={search_term_string}\"},\"query-input\":{\"@type\":\"PropertyValueSpecification\",\"valueRequired\":true,\"valueName\":\"search_term_string\"}}],\"inLanguage\":\"de\"}]}<\/script>\n<!-- \/ Yoast SEO plugin. -->","yoast_head_json":{"title":"Polymer-Sicherheitsbarrieren - Anter System","description":"Sie k\u00f6nnen mit dem Anter System eine Vielzahl von Produkten herstellen. Anter System oferuje najwi\u0119kszy wyb\u00f3r certyfikowanych, solidnie wykonanych, nowoczesnych barier ochronnych.","robots":{"index":"index","follow":"follow","max-snippet":"max-snippet:-1","max-image-preview":"max-image-preview:large","max-video-preview":"max-video-preview:-1"},"canonical":"https:\/\/antersystem.com\/de\/nachrichten\/polymer-safety-barriers\/","og_locale":"de_DE","og_type":"article","og_title":"Polymer-Sicherheitsbarrieren - Anter System","og_description":"Sie k\u00f6nnen mit dem Anter System eine Vielzahl von Produkten herstellen. Anter System oferuje najwi\u0119kszy wyb\u00f3r certyfikowanych, solidnie wykonanych, nowoczesnych barier ochronnych.","og_url":"https:\/\/antersystem.com\/de\/nachrichten\/polymer-safety-barriers\/","og_site_name":"Anter System","article_modified_time":"2026-02-04T13:04:20+00:00","twitter_card":"summary_large_image","twitter_misc":{"Gesch\u00e4tzte Lesezeit":"2\u00a0Minuten"},"schema":{"@context":"https:\/\/schema.org","@graph":[{"@type":"WebPage","@id":"https:\/\/antersystem.com\/de\/nachrichten\/polymer-safety-barriers\/","url":"https:\/\/antersystem.com\/de\/nachrichten\/polymer-safety-barriers\/","name":"Polymer-Sicherheitsbarrieren - Anter System","isPartOf":{"@id":"https:\/\/antersystem.com\/de\/#website"},"datePublished":"2023-10-12T07:31:59+00:00","dateModified":"2026-02-04T13:04:20+00:00","description":"Sie k\u00f6nnen mit dem Anter System eine Vielzahl von Produkten herstellen. Anter System oferuje najwi\u0119kszy wyb\u00f3r certyfikowanych, solidnie wykonanych, nowoczesnych barier ochronnych.","breadcrumb":{"@id":"https:\/\/antersystem.com\/de\/nachrichten\/polymer-safety-barriers\/#breadcrumb"},"inLanguage":"de","potentialAction":[{"@type":"ReadAction","target":["https:\/\/antersystem.com\/de\/nachrichten\/polymer-safety-barriers\/"]}]},{"@type":"BreadcrumbList","@id":"https:\/\/antersystem.com\/de\/nachrichten\/polymer-safety-barriers\/#breadcrumb","itemListElement":[{"@type":"ListItem","position":1,"name":"AnterSystem","item":"https:\/\/antersystem.com\/de\/"},{"@type":"ListItem","position":2,"name":"Nachrichten","item":"https:\/\/antersystem.com\/de\/nachrichten\/"},{"@type":"ListItem","position":3,"name":"Polymer-Sicherheitsbarrieren"}]},{"@type":"WebSite","@id":"https:\/\/antersystem.com\/de\/#website","url":"https:\/\/antersystem.com\/de\/","name":"Anter System","description":"Jeste\u015bmy polskim producentem elastycznych barier ochronnych wykonywanych z polimerowych tworzyw sztucznych. Na rynku krajowym i zagranicznym dzia\u0142amy od ponad 15 lat dbaj\u0105c o zapewnienie bezpiecze\u0144stwa w zak\u0142adach produkcyjnych, magazynach oraz centrach logistycznych.","potentialAction":[{"@type":"SearchAction","target":{"@type":"EntryPoint","urlTemplate":"https:\/\/antersystem.com\/de\/?s={search_term_string}"},"query-input":{"@type":"PropertyValueSpecification","valueRequired":true,"valueName":"search_term_string"}}],"inLanguage":"de"}]}},"_links":{"self":[{"href":"https:\/\/antersystem.com\/de\/wp-json\/wp\/v2\/pages\/39550","targetHints":{"allow":["GET"]}}],"collection":[{"href":"https:\/\/antersystem.com\/de\/wp-json\/wp\/v2\/pages"}],"about":[{"href":"https:\/\/antersystem.com\/de\/wp-json\/wp\/v2\/types\/page"}],"author":[{"embeddable":true,"href":"https:\/\/antersystem.com\/de\/wp-json\/wp\/v2\/users\/1"}],"replies":[{"embeddable":true,"href":"https:\/\/antersystem.com\/de\/wp-json\/wp\/v2\/comments?post=39550"}],"version-history":[{"count":1,"href":"https:\/\/antersystem.com\/de\/wp-json\/wp\/v2\/pages\/39550\/revisions"}],"predecessor-version":[{"id":39551,"href":"https:\/\/antersystem.com\/de\/wp-json\/wp\/v2\/pages\/39550\/revisions\/39551"}],"up":[{"embeddable":true,"href":"https:\/\/antersystem.com\/de\/wp-json\/wp\/v2\/pages\/30484"}],"wp:attachment":[{"href":"https:\/\/antersystem.com\/de\/wp-json\/wp\/v2\/media?parent=39550"}],"curies":[{"name":"wp","href":"https:\/\/api.w.org\/{rel}","templated":true}]}}