{"id":39569,"date":"2023-10-10T12:12:18","date_gmt":"2023-10-10T10:12:18","guid":{"rendered":"https:\/\/antersystem.com\/nachrichten\/mid-magazine-logistics-4-0-see-and-try\/"},"modified":"2026-02-04T14:04:24","modified_gmt":"2026-02-04T13:04:24","slug":"mid-magazine-logistics-4-0-see-and-try","status":"publish","type":"page","link":"https:\/\/antersystem.com\/de\/nachrichten\/mid-magazine-logistics-4-0-see-and-try\/","title":{"rendered":"MID Magazin: &#8222;Logistik 4.0 &#8211; sehen und ausprobieren&#8220; &#8211; &#8222;Logistyka 4.0 &#8211; zobaczy\u0107 i spr\u00f3bowa\u0107&#8220;"},"content":{"rendered":"\n<div class=\"wp-block-columns is-layout-flex wp-container-core-columns-is-layout-9d6595d7 wp-block-columns-is-layout-flex\">\n<div class=\"wp-block-column is-layout-flow wp-block-column-is-layout-flow\" style=\"flex-basis:10%\"><\/div>\n\n\n\n<div class=\"wp-block-column is-layout-flow wp-block-column-is-layout-flow\">\n<h3 class=\"wp-block-heading\">MID Magazin 3\/2023 &#8211; Bericht von der 11. Ausgabe des In4Log-Projekts auf der Modernlog-Messe in Pozna\u0144<\/h3>\n\n\n\n<p style=\"text-align: left;\">Neue Produkte, alte Herausforderungen. Unter diesem Motto steht die Erz\u00e4hlung des In4Log-Projekts, das auf der Modernlog&#8217;23 vorgestellt wurde. In der dritten Ausgabe des MID-Magazins in diesem Jahr erschien Anter System als Technologiepartner der 11. Ausgabe des In4Log-Projekts. Wir hatten die ehrenvolle Aufgabe, die Markttrends in der Kategorie der neuesten Hardwarel\u00f6sungen zur Verbesserung der Arbeitsqualit\u00e4t und -effizienz vorzustellen.   <\/p>\n<p>Mit der sich wandelnden Marktdynamik und damit den sich ver\u00e4ndernden Bed\u00fcrfnissen der Unternehmen wird auch die Lagerinfrastruktur selbst ver\u00e4ndert. Lagerfl\u00e4chen haben oft die Form von tempor\u00e4ren Zelthallen (manchmal mit einer Spannweite von bis zu 60 m und einer Wandh\u00f6he von 8 m), die in Bezug auf Wind- und Schneelasten nicht hinter traditionellen Geb\u00e4uden zur\u00fcckstehen (die einer Belastung von bis zu 300 kg\/m\u00b2 standhalten). Unter solchen Bedingungen werden Puffer und flexible Sicherheitsbarrieren eingesetzt, die sich an wechselnde Anforderungen anpassen lassen.  <\/p>\n<p>F\u00fcr weitere Informationen laden wir Sie ein, unten zu lesen.<\/p>\n<p>&nbsp;<\/p>\n<p>&nbsp;<\/p>\n<\/div>\n\n\n\n<div class=\"wp-block-column is-layout-flow wp-block-column-is-layout-flow\" style=\"flex-basis:10%\"><\/div>\n<\/div>\n\n<div data-wp-interactive=\"core\/file\" class=\"wp-block-file\"><object data-wp-bind--hidden=\"!state.hasPdfPreview\" hidden class=\"wp-block-file__embed\" data=\"https:\/\/antersystem.com\/wp-content\/uploads\/MID_93_3_2023.pdf\" type=\"application\/pdf\" style=\"width:100%;height:600px\" aria-label=\"Einbettung von MID_93_3_2023.\"><\/object><a id=\"wp-block-file--media-c4a79965-4313-4b68-8827-3aa81c41db0a\" href=\"https:\/\/antersystem.com\/wp-content\/uploads\/MID_93_3_2023.pdf\">MID_93_3_2023<\/a><a href=\"https:\/\/antersystem.com\/wp-content\/uploads\/MID_93_3_2023.pdf\" class=\"wp-block-file__button wp-element-button\" download=\"\" aria-describedby=\"wp-block-file--media-c4a79965-4313-4b68-8827-3aa81c41db0a\">Herunterladen<\/a><\/div>\n","protected":false},"excerpt":{"rendered":"<p>MID Magazin 3\/2023 &#8211; Bericht von der 11. Ausgabe des In4Log-Projekts auf der Modernlog-Messe in Pozna\u0144 Neue Produkte, alte Herausforderungen. Unter diesem Motto steht die Erz\u00e4hlung des In4Log-Projekts, das auf der Modernlog&#8217;23 vorgestellt wurde. In der dritten Ausgabe des MID-Magazins in diesem Jahr erschien Anter System als Technologiepartner der 11. Ausgabe des In4Log-Projekts. Wir hatten [&hellip;]<\/p>\n","protected":false},"author":1,"featured_media":0,"parent":30484,"menu_order":0,"comment_status":"closed","ping_status":"closed","template":"","meta":{"inline_featured_image":false,"ngg_post_thumbnail":0,"footnotes":""},"class_list":["post-39569","page","type-page","status-publish","hentry"],"acf":[],"yoast_head":"<!-- This site is optimized with the Yoast SEO plugin v27.0 - https:\/\/yoast.com\/product\/yoast-seo-wordpress\/ -->\n<title>MID Magazin: &quot;Logistik 4.0 - sehen und ausprobieren&quot; - &quot;Logistyka 4.0 - zobaczy\u0107 i spr\u00f3bowa\u0107&quot; - Anter System<\/title>\n<meta name=\"description\" content=\"Im Rahmen des MID-Magazins ist Anter System Partner f\u00fcr das In4Log-Projekt. Wir haben die neuesten Trends in den folgenden Kategorien ver\u00f6ffentlicht: neue Produkte, popul\u00e4re Produkte und Produkte f\u00fcr die Praxis.\" \/>\n<meta name=\"robots\" content=\"index, follow, max-snippet:-1, max-image-preview:large, max-video-preview:-1\" \/>\n<link rel=\"canonical\" href=\"https:\/\/antersystem.com\/de\/nachrichten\/mid-magazine-logistics-4-0-see-and-try\/\" \/>\n<meta property=\"og:locale\" content=\"de_DE\" \/>\n<meta property=\"og:type\" content=\"article\" \/>\n<meta property=\"og:title\" content=\"MID Magazin: &quot;Logistik 4.0 - sehen und ausprobieren&quot; - &quot;Logistyka 4.0 - zobaczy\u0107 i spr\u00f3bowa\u0107&quot; - Anter System\" \/>\n<meta property=\"og:description\" content=\"Im Rahmen des MID-Magazins ist Anter System Partner f\u00fcr das In4Log-Projekt. Wir haben die neuesten Trends in den folgenden Kategorien ver\u00f6ffentlicht: neue Produkte, popul\u00e4re Produkte und Produkte f\u00fcr die Praxis.\" \/>\n<meta property=\"og:url\" content=\"https:\/\/antersystem.com\/de\/nachrichten\/mid-magazine-logistics-4-0-see-and-try\/\" \/>\n<meta property=\"og:site_name\" content=\"Anter System\" \/>\n<meta property=\"article:modified_time\" content=\"2026-02-04T13:04:24+00:00\" \/>\n<meta name=\"twitter:card\" content=\"summary_large_image\" \/>\n<meta name=\"twitter:label1\" content=\"Gesch\u00e4tzte Lesezeit\" \/>\n\t<meta name=\"twitter:data1\" content=\"1\u00a0Minute\" \/>\n<script type=\"application\/ld+json\" class=\"yoast-schema-graph\">{\"@context\":\"https:\/\/schema.org\",\"@graph\":[{\"@type\":\"WebPage\",\"@id\":\"https:\/\/antersystem.com\/de\/nachrichten\/mid-magazine-logistics-4-0-see-and-try\/\",\"url\":\"https:\/\/antersystem.com\/de\/nachrichten\/mid-magazine-logistics-4-0-see-and-try\/\",\"name\":\"MID Magazin: \\\"Logistik 4.0 - sehen und ausprobieren\\\" - \\\"Logistyka 4.0 - zobaczy\u0107 i spr\u00f3bowa\u0107\\\" - Anter System\",\"isPartOf\":{\"@id\":\"https:\/\/antersystem.com\/de\/#website\"},\"datePublished\":\"2023-10-10T10:12:18+00:00\",\"dateModified\":\"2026-02-04T13:04:24+00:00\",\"description\":\"Im Rahmen des MID-Magazins ist Anter System Partner f\u00fcr das In4Log-Projekt. Wir haben die neuesten Trends in den folgenden Kategorien ver\u00f6ffentlicht: neue Produkte, popul\u00e4re Produkte und Produkte f\u00fcr die Praxis.\",\"breadcrumb\":{\"@id\":\"https:\/\/antersystem.com\/de\/nachrichten\/mid-magazine-logistics-4-0-see-and-try\/#breadcrumb\"},\"inLanguage\":\"de\",\"potentialAction\":[{\"@type\":\"ReadAction\",\"target\":[\"https:\/\/antersystem.com\/de\/nachrichten\/mid-magazine-logistics-4-0-see-and-try\/\"]}]},{\"@type\":\"BreadcrumbList\",\"@id\":\"https:\/\/antersystem.com\/de\/nachrichten\/mid-magazine-logistics-4-0-see-and-try\/#breadcrumb\",\"itemListElement\":[{\"@type\":\"ListItem\",\"position\":1,\"name\":\"AnterSystem\",\"item\":\"https:\/\/antersystem.com\/de\/\"},{\"@type\":\"ListItem\",\"position\":2,\"name\":\"Nachrichten\",\"item\":\"https:\/\/antersystem.com\/de\/nachrichten\/\"},{\"@type\":\"ListItem\",\"position\":3,\"name\":\"MID Magazin: &#8220;Logistik 4.0 &#8211; sehen und ausprobieren&#8221; &#8211; &#8220;Logistyka 4.0 &#8211; zobaczy\u0107 i spr\u00f3bowa\u0107&#8221;\"}]},{\"@type\":\"WebSite\",\"@id\":\"https:\/\/antersystem.com\/de\/#website\",\"url\":\"https:\/\/antersystem.com\/de\/\",\"name\":\"Anter System\",\"description\":\"Jeste\u015bmy polskim producentem elastycznych barier ochronnych wykonywanych z polimerowych tworzyw sztucznych. Na rynku krajowym i zagranicznym dzia\u0142amy od ponad 15 lat dbaj\u0105c o zapewnienie bezpiecze\u0144stwa w zak\u0142adach produkcyjnych, magazynach oraz centrach logistycznych.\",\"potentialAction\":[{\"@type\":\"SearchAction\",\"target\":{\"@type\":\"EntryPoint\",\"urlTemplate\":\"https:\/\/antersystem.com\/de\/?s={search_term_string}\"},\"query-input\":{\"@type\":\"PropertyValueSpecification\",\"valueRequired\":true,\"valueName\":\"search_term_string\"}}],\"inLanguage\":\"de\"}]}<\/script>\n<!-- \/ Yoast SEO plugin. -->","yoast_head_json":{"title":"MID Magazin: \"Logistik 4.0 - sehen und ausprobieren\" - \"Logistyka 4.0 - zobaczy\u0107 i spr\u00f3bowa\u0107\" - Anter System","description":"Im Rahmen des MID-Magazins ist Anter System Partner f\u00fcr das In4Log-Projekt. Wir haben die neuesten Trends in den folgenden Kategorien ver\u00f6ffentlicht: neue Produkte, popul\u00e4re Produkte und Produkte f\u00fcr die Praxis.","robots":{"index":"index","follow":"follow","max-snippet":"max-snippet:-1","max-image-preview":"max-image-preview:large","max-video-preview":"max-video-preview:-1"},"canonical":"https:\/\/antersystem.com\/de\/nachrichten\/mid-magazine-logistics-4-0-see-and-try\/","og_locale":"de_DE","og_type":"article","og_title":"MID Magazin: \"Logistik 4.0 - sehen und ausprobieren\" - \"Logistyka 4.0 - zobaczy\u0107 i spr\u00f3bowa\u0107\" - Anter System","og_description":"Im Rahmen des MID-Magazins ist Anter System Partner f\u00fcr das In4Log-Projekt. Wir haben die neuesten Trends in den folgenden Kategorien ver\u00f6ffentlicht: neue Produkte, popul\u00e4re Produkte und Produkte f\u00fcr die Praxis.","og_url":"https:\/\/antersystem.com\/de\/nachrichten\/mid-magazine-logistics-4-0-see-and-try\/","og_site_name":"Anter System","article_modified_time":"2026-02-04T13:04:24+00:00","twitter_card":"summary_large_image","twitter_misc":{"Gesch\u00e4tzte Lesezeit":"1\u00a0Minute"},"schema":{"@context":"https:\/\/schema.org","@graph":[{"@type":"WebPage","@id":"https:\/\/antersystem.com\/de\/nachrichten\/mid-magazine-logistics-4-0-see-and-try\/","url":"https:\/\/antersystem.com\/de\/nachrichten\/mid-magazine-logistics-4-0-see-and-try\/","name":"MID Magazin: \"Logistik 4.0 - sehen und ausprobieren\" - \"Logistyka 4.0 - zobaczy\u0107 i spr\u00f3bowa\u0107\" - Anter System","isPartOf":{"@id":"https:\/\/antersystem.com\/de\/#website"},"datePublished":"2023-10-10T10:12:18+00:00","dateModified":"2026-02-04T13:04:24+00:00","description":"Im Rahmen des MID-Magazins ist Anter System Partner f\u00fcr das In4Log-Projekt. Wir haben die neuesten Trends in den folgenden Kategorien ver\u00f6ffentlicht: neue Produkte, popul\u00e4re Produkte und Produkte f\u00fcr die Praxis.","breadcrumb":{"@id":"https:\/\/antersystem.com\/de\/nachrichten\/mid-magazine-logistics-4-0-see-and-try\/#breadcrumb"},"inLanguage":"de","potentialAction":[{"@type":"ReadAction","target":["https:\/\/antersystem.com\/de\/nachrichten\/mid-magazine-logistics-4-0-see-and-try\/"]}]},{"@type":"BreadcrumbList","@id":"https:\/\/antersystem.com\/de\/nachrichten\/mid-magazine-logistics-4-0-see-and-try\/#breadcrumb","itemListElement":[{"@type":"ListItem","position":1,"name":"AnterSystem","item":"https:\/\/antersystem.com\/de\/"},{"@type":"ListItem","position":2,"name":"Nachrichten","item":"https:\/\/antersystem.com\/de\/nachrichten\/"},{"@type":"ListItem","position":3,"name":"MID Magazin: &#8220;Logistik 4.0 &#8211; sehen und ausprobieren&#8221; &#8211; &#8220;Logistyka 4.0 &#8211; zobaczy\u0107 i spr\u00f3bowa\u0107&#8221;"}]},{"@type":"WebSite","@id":"https:\/\/antersystem.com\/de\/#website","url":"https:\/\/antersystem.com\/de\/","name":"Anter System","description":"Jeste\u015bmy polskim producentem elastycznych barier ochronnych wykonywanych z polimerowych tworzyw sztucznych. Na rynku krajowym i zagranicznym dzia\u0142amy od ponad 15 lat dbaj\u0105c o zapewnienie bezpiecze\u0144stwa w zak\u0142adach produkcyjnych, magazynach oraz centrach logistycznych.","potentialAction":[{"@type":"SearchAction","target":{"@type":"EntryPoint","urlTemplate":"https:\/\/antersystem.com\/de\/?s={search_term_string}"},"query-input":{"@type":"PropertyValueSpecification","valueRequired":true,"valueName":"search_term_string"}}],"inLanguage":"de"}]}},"_links":{"self":[{"href":"https:\/\/antersystem.com\/de\/wp-json\/wp\/v2\/pages\/39569","targetHints":{"allow":["GET"]}}],"collection":[{"href":"https:\/\/antersystem.com\/de\/wp-json\/wp\/v2\/pages"}],"about":[{"href":"https:\/\/antersystem.com\/de\/wp-json\/wp\/v2\/types\/page"}],"author":[{"embeddable":true,"href":"https:\/\/antersystem.com\/de\/wp-json\/wp\/v2\/users\/1"}],"replies":[{"embeddable":true,"href":"https:\/\/antersystem.com\/de\/wp-json\/wp\/v2\/comments?post=39569"}],"version-history":[{"count":1,"href":"https:\/\/antersystem.com\/de\/wp-json\/wp\/v2\/pages\/39569\/revisions"}],"predecessor-version":[{"id":39570,"href":"https:\/\/antersystem.com\/de\/wp-json\/wp\/v2\/pages\/39569\/revisions\/39570"}],"up":[{"embeddable":true,"href":"https:\/\/antersystem.com\/de\/wp-json\/wp\/v2\/pages\/30484"}],"wp:attachment":[{"href":"https:\/\/antersystem.com\/de\/wp-json\/wp\/v2\/media?parent=39569"}],"curies":[{"name":"wp","href":"https:\/\/api.w.org\/{rel}","templated":true}]}}