{"id":39617,"date":"2024-03-01T14:25:26","date_gmt":"2024-03-01T13:25:26","guid":{"rendered":"https:\/\/antersystem.com\/nachrichten\/technical-conferences-2024\/"},"modified":"2026-02-04T14:04:56","modified_gmt":"2026-02-04T13:04:56","slug":"technical-conferences-2024","status":"publish","type":"page","link":"https:\/\/antersystem.com\/de\/nachrichten\/technical-conferences-2024\/","title":{"rendered":"Technische Konferenzen"},"content":{"rendered":"\n<div class=\"wp-block-columns is-layout-flex wp-container-core-columns-is-layout-9d6595d7 wp-block-columns-is-layout-flex\">\n  \n  <div class=\"wp-block-column is-layout-flow wp-block-column-is-layout-flow\" style=\"flex-basis:10%\"><\/div>\n  \n\n  \n  <div class=\"wp-block-column is-layout-flow wp-block-column-is-layout-flow\">\n    \n    <h3 class=\"wp-block-heading\">Einladung zu der von Axon Media organisierten Konferenz<\/h3>\n    \n\n    \n    <p>Eine weitere Einladung von <strong>Axon Media<\/strong>, einer Organisation, die die Logistikbranche aktiv in ihrer Entwicklung unterst\u00fctzt. Das landesweite Konferenznetzwerk bietet eine wertvolle Gelegenheit, Gesch\u00e4ftsbeziehungen zu kn\u00fcpfen, Erfahrungen auszutauschen, Feedback zu Produkten einzuholen und diese einem breiteren Fachpublikum zu pr\u00e4sentieren. <\/p>\n    \n\n    \n    <p>Jeder Wirtschaftszweig hat seine eigenen spezifischen Produktions- und Lageranforderungen. Die Herausforderungen, mit denen Sie im t\u00e4glichen Betrieb konfrontiert sind, kombiniert mit unserer Erfahrung in der Ausstattung verschiedener industrieller Umgebungen, resultieren in <a href=\"https:\/\/antersystem.com\/realizacje\/\">L\u00f6sungen, die wir der Industrie zur Verf\u00fcgung stellen m\u00f6chten<\/a>. Sie k\u00f6nnen uns am <strong>14. M\u00e4rz<\/strong> im <strong>Hotel Dworek Tryumf<\/strong>, ul. Klepacka 1, Ksi\u0119\u017cyno (Bia\u0142ystok), wo wir Ihnen unsere <a href=\"https:\/\/antersystem.com\/kategorie_produktow\/bariery-ochronne\/\">flexiblen Sicherheitsbarrieren<\/a> vorstellen werden, die zum Schutz von Menschen, Strukturen und Maschinen in Bereichen mit erh\u00f6htem Kollisionsrisiko entwickelt wurden.   <\/p>\n    \n\n    \n    <p>Die Konferenz mit dem Titel <em>&#8222;Optimierung von Intralogistik- und Lagerprozessen&#8220;<\/em> wird ein breites Spektrum an Themen abdecken &#8211; von Fahrzeugen und internen Transportsystemen bis hin zu RFID und drahtlosen Identifikationstechnologien. Sicherheit und Hygiene am Arbeitsplatz (OHS) in Lagern und Produktionshallen werden ebenfalls eine wichtige Rolle in den Expertenvortr\u00e4gen der Veranstaltung spielen. <\/p>\n    \n\n    \n    <p><strong>Wann:<\/strong> 14. M\u00e4rz (Donnerstag) | 8:00 AM &#8211; 3:30 PM | <strong><a href=\"https:\/\/www.axonmedia.pl\/konferencje\/program\/intralogistyka-magazynowanie-2024-bialystok\/\">Programm<\/a><\/strong><\/p>\n    \n\n    \n    <p><strong>Wo:<\/strong> Hotel Dworek Tryumf, ul. Klepacka 1, Ksi\u0119\u017cyno (Bia\u0142ystok) | kostenloses Parken <\/p>\n    \n\n    \n    <p><strong>Die Teilnahme ist kostenlos<\/strong><\/p>\n    \n\n    \n    <p>Als Veranstaltungspartner laden wir Sie herzlich ein, dabei zu sein!<\/p>\n    \n\n    \n    <p><strong>#TechnischeKonferenzen #AxonMedia #Intralogistik #Warehousing<\/strong><\/p>\n    \n  <\/div>\n  \n\n  \n  <div class=\"wp-block-column is-layout-flow wp-block-column-is-layout-flow\" style=\"flex-basis:10%\"><\/div>\n  \n<\/div>\n<div class=\"wp-block-image\">\n<figure class=\"aligncenter size-large is-resized\"><img loading=\"lazy\" decoding=\"async\" width=\"1024\" height=\"535\" src=\"https:\/\/antersystem.com\/wp-content\/uploads\/Axon-Media-Bialystok-2024_zaproszenie-od-Anter-System-1024x535.jpg\" alt=\"Axon Media Bia&#x142;ystok 2024 Einladung von Anter System\" class=\"wp-image-4284\" style=\"width:720px;height:auto\" srcset=\"https:\/\/antersystem.com\/wp-content\/uploads\/Axon-Media-Bialystok-2024_zaproszenie-od-Anter-System-1024x535.jpg 1024w, https:\/\/antersystem.com\/wp-content\/uploads\/Axon-Media-Bialystok-2024_zaproszenie-od-Anter-System-300x157.jpg 300w, https:\/\/antersystem.com\/wp-content\/uploads\/Axon-Media-Bialystok-2024_zaproszenie-od-Anter-System-768x401.jpg 768w, https:\/\/antersystem.com\/wp-content\/uploads\/Axon-Media-Bialystok-2024_zaproszenie-od-Anter-System-450x235.jpg 450w, https:\/\/antersystem.com\/wp-content\/uploads\/Axon-Media-Bialystok-2024_zaproszenie-od-Anter-System-330x172.jpg 330w, https:\/\/antersystem.com\/wp-content\/uploads\/Axon-Media-Bialystok-2024_zaproszenie-od-Anter-System.jpg 1200w\" sizes=\"auto, (max-width: 1024px) 100vw, 1024px\" \/><\/figure><\/div>","protected":false},"excerpt":{"rendered":"<p>Einladung zu der von Axon Media organisierten Konferenz Eine weitere Einladung von Axon Media, einer Organisation, die die Logistikbranche aktiv in ihrer Entwicklung unterst\u00fctzt. Das landesweite Konferenznetzwerk bietet eine wertvolle Gelegenheit, Gesch\u00e4ftsbeziehungen zu kn\u00fcpfen, Erfahrungen auszutauschen, Feedback zu Produkten einzuholen und diese einem breiteren Fachpublikum zu pr\u00e4sentieren. Jeder Wirtschaftszweig hat seine eigenen spezifischen Produktions- und [&hellip;]<\/p>\n","protected":false},"author":1,"featured_media":0,"parent":30484,"menu_order":0,"comment_status":"closed","ping_status":"closed","template":"","meta":{"inline_featured_image":false,"ngg_post_thumbnail":0,"footnotes":""},"class_list":["post-39617","page","type-page","status-publish","hentry"],"acf":[],"yoast_head":"<!-- This site is optimized with the Yoast SEO plugin v27.0 - https:\/\/yoast.com\/product\/yoast-seo-wordpress\/ -->\n<title>Technische Konferenzen - Anter System<\/title>\n<meta name=\"description\" content=\"Kolejne zaproszenie od AxonMedia, kt\u00f3re aktywnie wspiera bran\u017c\u0119 logistyczn\u0105 w rozwoju. Sie\u0107 konferencji w ca\u0142ej Polsce\" \/>\n<meta name=\"robots\" content=\"index, follow, max-snippet:-1, max-image-preview:large, max-video-preview:-1\" \/>\n<link rel=\"canonical\" href=\"https:\/\/antersystem.com\/de\/nachrichten\/technical-conferences-2024\/\" \/>\n<meta property=\"og:locale\" content=\"de_DE\" \/>\n<meta property=\"og:type\" content=\"article\" \/>\n<meta property=\"og:title\" content=\"Technische Konferenzen - Anter System\" \/>\n<meta property=\"og:description\" content=\"Kolejne zaproszenie od AxonMedia, kt\u00f3re aktywnie wspiera bran\u017c\u0119 logistyczn\u0105 w rozwoju. Sie\u0107 konferencji w ca\u0142ej Polsce\" \/>\n<meta property=\"og:url\" content=\"https:\/\/antersystem.com\/de\/nachrichten\/technical-conferences-2024\/\" \/>\n<meta property=\"og:site_name\" content=\"Anter System\" \/>\n<meta property=\"article:modified_time\" content=\"2026-02-04T13:04:56+00:00\" \/>\n<meta property=\"og:image\" content=\"https:\/\/antersystem.com\/wp-content\/uploads\/Axon-Media-Bialystok-2024_zaproszenie-od-Anter-System-1024x535.jpg\" \/>\n<meta name=\"twitter:card\" content=\"summary_large_image\" \/>\n<meta name=\"twitter:label1\" content=\"Gesch\u00e4tzte Lesezeit\" \/>\n\t<meta name=\"twitter:data1\" content=\"1\u00a0Minute\" \/>\n<script type=\"application\/ld+json\" class=\"yoast-schema-graph\">{\"@context\":\"https:\/\/schema.org\",\"@graph\":[{\"@type\":\"WebPage\",\"@id\":\"https:\/\/antersystem.com\/de\/nachrichten\/technical-conferences-2024\/\",\"url\":\"https:\/\/antersystem.com\/de\/nachrichten\/technical-conferences-2024\/\",\"name\":\"Technische Konferenzen - Anter System\",\"isPartOf\":{\"@id\":\"https:\/\/antersystem.com\/de\/#website\"},\"primaryImageOfPage\":{\"@id\":\"https:\/\/antersystem.com\/de\/nachrichten\/technical-conferences-2024\/#primaryimage\"},\"image\":{\"@id\":\"https:\/\/antersystem.com\/de\/nachrichten\/technical-conferences-2024\/#primaryimage\"},\"thumbnailUrl\":\"https:\/\/antersystem.com\/wp-content\/uploads\/Axon-Media-Bialystok-2024_zaproszenie-od-Anter-System-1024x535.jpg\",\"datePublished\":\"2024-03-01T13:25:26+00:00\",\"dateModified\":\"2026-02-04T13:04:56+00:00\",\"description\":\"Kolejne zaproszenie od AxonMedia, kt\u00f3re aktywnie wspiera bran\u017c\u0119 logistyczn\u0105 w rozwoju. Sie\u0107 konferencji w ca\u0142ej Polsce\",\"breadcrumb\":{\"@id\":\"https:\/\/antersystem.com\/de\/nachrichten\/technical-conferences-2024\/#breadcrumb\"},\"inLanguage\":\"de\",\"potentialAction\":[{\"@type\":\"ReadAction\",\"target\":[\"https:\/\/antersystem.com\/de\/nachrichten\/technical-conferences-2024\/\"]}]},{\"@type\":\"ImageObject\",\"inLanguage\":\"de\",\"@id\":\"https:\/\/antersystem.com\/de\/nachrichten\/technical-conferences-2024\/#primaryimage\",\"url\":\"https:\/\/antersystem.com\/wp-content\/uploads\/Axon-Media-Bialystok-2024_zaproszenie-od-Anter-System-1024x535.jpg\",\"contentUrl\":\"https:\/\/antersystem.com\/wp-content\/uploads\/Axon-Media-Bialystok-2024_zaproszenie-od-Anter-System-1024x535.jpg\"},{\"@type\":\"BreadcrumbList\",\"@id\":\"https:\/\/antersystem.com\/de\/nachrichten\/technical-conferences-2024\/#breadcrumb\",\"itemListElement\":[{\"@type\":\"ListItem\",\"position\":1,\"name\":\"AnterSystem\",\"item\":\"https:\/\/antersystem.com\/de\/\"},{\"@type\":\"ListItem\",\"position\":2,\"name\":\"Nachrichten\",\"item\":\"https:\/\/antersystem.com\/de\/nachrichten\/\"},{\"@type\":\"ListItem\",\"position\":3,\"name\":\"Technische Konferenzen\"}]},{\"@type\":\"WebSite\",\"@id\":\"https:\/\/antersystem.com\/de\/#website\",\"url\":\"https:\/\/antersystem.com\/de\/\",\"name\":\"Anter System\",\"description\":\"Jeste\u015bmy polskim producentem elastycznych barier ochronnych wykonywanych z polimerowych tworzyw sztucznych. Na rynku krajowym i zagranicznym dzia\u0142amy od ponad 15 lat dbaj\u0105c o zapewnienie bezpiecze\u0144stwa w zak\u0142adach produkcyjnych, magazynach oraz centrach logistycznych.\",\"potentialAction\":[{\"@type\":\"SearchAction\",\"target\":{\"@type\":\"EntryPoint\",\"urlTemplate\":\"https:\/\/antersystem.com\/de\/?s={search_term_string}\"},\"query-input\":{\"@type\":\"PropertyValueSpecification\",\"valueRequired\":true,\"valueName\":\"search_term_string\"}}],\"inLanguage\":\"de\"}]}<\/script>\n<!-- \/ Yoast SEO plugin. -->","yoast_head_json":{"title":"Technische Konferenzen - Anter System","description":"Kolejne zaproszenie od AxonMedia, kt\u00f3re aktywnie wspiera bran\u017c\u0119 logistyczn\u0105 w rozwoju. Sie\u0107 konferencji w ca\u0142ej Polsce","robots":{"index":"index","follow":"follow","max-snippet":"max-snippet:-1","max-image-preview":"max-image-preview:large","max-video-preview":"max-video-preview:-1"},"canonical":"https:\/\/antersystem.com\/de\/nachrichten\/technical-conferences-2024\/","og_locale":"de_DE","og_type":"article","og_title":"Technische Konferenzen - Anter System","og_description":"Kolejne zaproszenie od AxonMedia, kt\u00f3re aktywnie wspiera bran\u017c\u0119 logistyczn\u0105 w rozwoju. Sie\u0107 konferencji w ca\u0142ej Polsce","og_url":"https:\/\/antersystem.com\/de\/nachrichten\/technical-conferences-2024\/","og_site_name":"Anter System","article_modified_time":"2026-02-04T13:04:56+00:00","og_image":[{"url":"https:\/\/antersystem.com\/wp-content\/uploads\/Axon-Media-Bialystok-2024_zaproszenie-od-Anter-System-1024x535.jpg","type":"","width":"","height":""}],"twitter_card":"summary_large_image","twitter_misc":{"Gesch\u00e4tzte Lesezeit":"1\u00a0Minute"},"schema":{"@context":"https:\/\/schema.org","@graph":[{"@type":"WebPage","@id":"https:\/\/antersystem.com\/de\/nachrichten\/technical-conferences-2024\/","url":"https:\/\/antersystem.com\/de\/nachrichten\/technical-conferences-2024\/","name":"Technische Konferenzen - Anter System","isPartOf":{"@id":"https:\/\/antersystem.com\/de\/#website"},"primaryImageOfPage":{"@id":"https:\/\/antersystem.com\/de\/nachrichten\/technical-conferences-2024\/#primaryimage"},"image":{"@id":"https:\/\/antersystem.com\/de\/nachrichten\/technical-conferences-2024\/#primaryimage"},"thumbnailUrl":"https:\/\/antersystem.com\/wp-content\/uploads\/Axon-Media-Bialystok-2024_zaproszenie-od-Anter-System-1024x535.jpg","datePublished":"2024-03-01T13:25:26+00:00","dateModified":"2026-02-04T13:04:56+00:00","description":"Kolejne zaproszenie od AxonMedia, kt\u00f3re aktywnie wspiera bran\u017c\u0119 logistyczn\u0105 w rozwoju. Sie\u0107 konferencji w ca\u0142ej Polsce","breadcrumb":{"@id":"https:\/\/antersystem.com\/de\/nachrichten\/technical-conferences-2024\/#breadcrumb"},"inLanguage":"de","potentialAction":[{"@type":"ReadAction","target":["https:\/\/antersystem.com\/de\/nachrichten\/technical-conferences-2024\/"]}]},{"@type":"ImageObject","inLanguage":"de","@id":"https:\/\/antersystem.com\/de\/nachrichten\/technical-conferences-2024\/#primaryimage","url":"https:\/\/antersystem.com\/wp-content\/uploads\/Axon-Media-Bialystok-2024_zaproszenie-od-Anter-System-1024x535.jpg","contentUrl":"https:\/\/antersystem.com\/wp-content\/uploads\/Axon-Media-Bialystok-2024_zaproszenie-od-Anter-System-1024x535.jpg"},{"@type":"BreadcrumbList","@id":"https:\/\/antersystem.com\/de\/nachrichten\/technical-conferences-2024\/#breadcrumb","itemListElement":[{"@type":"ListItem","position":1,"name":"AnterSystem","item":"https:\/\/antersystem.com\/de\/"},{"@type":"ListItem","position":2,"name":"Nachrichten","item":"https:\/\/antersystem.com\/de\/nachrichten\/"},{"@type":"ListItem","position":3,"name":"Technische Konferenzen"}]},{"@type":"WebSite","@id":"https:\/\/antersystem.com\/de\/#website","url":"https:\/\/antersystem.com\/de\/","name":"Anter System","description":"Jeste\u015bmy polskim producentem elastycznych barier ochronnych wykonywanych z polimerowych tworzyw sztucznych. Na rynku krajowym i zagranicznym dzia\u0142amy od ponad 15 lat dbaj\u0105c o zapewnienie bezpiecze\u0144stwa w zak\u0142adach produkcyjnych, magazynach oraz centrach logistycznych.","potentialAction":[{"@type":"SearchAction","target":{"@type":"EntryPoint","urlTemplate":"https:\/\/antersystem.com\/de\/?s={search_term_string}"},"query-input":{"@type":"PropertyValueSpecification","valueRequired":true,"valueName":"search_term_string"}}],"inLanguage":"de"}]}},"_links":{"self":[{"href":"https:\/\/antersystem.com\/de\/wp-json\/wp\/v2\/pages\/39617","targetHints":{"allow":["GET"]}}],"collection":[{"href":"https:\/\/antersystem.com\/de\/wp-json\/wp\/v2\/pages"}],"about":[{"href":"https:\/\/antersystem.com\/de\/wp-json\/wp\/v2\/types\/page"}],"author":[{"embeddable":true,"href":"https:\/\/antersystem.com\/de\/wp-json\/wp\/v2\/users\/1"}],"replies":[{"embeddable":true,"href":"https:\/\/antersystem.com\/de\/wp-json\/wp\/v2\/comments?post=39617"}],"version-history":[{"count":1,"href":"https:\/\/antersystem.com\/de\/wp-json\/wp\/v2\/pages\/39617\/revisions"}],"predecessor-version":[{"id":39619,"href":"https:\/\/antersystem.com\/de\/wp-json\/wp\/v2\/pages\/39617\/revisions\/39619"}],"up":[{"embeddable":true,"href":"https:\/\/antersystem.com\/de\/wp-json\/wp\/v2\/pages\/30484"}],"wp:attachment":[{"href":"https:\/\/antersystem.com\/de\/wp-json\/wp\/v2\/media?parent=39617"}],"curies":[{"name":"wp","href":"https:\/\/api.w.org\/{rel}","templated":true}]}}