{"id":39622,"date":"2023-10-12T12:02:34","date_gmt":"2023-10-12T10:02:34","guid":{"rendered":"https:\/\/antersystem.com\/nachrichten\/trailer-support-jst\/"},"modified":"2026-02-04T14:04:56","modified_gmt":"2026-02-04T13:04:56","slug":"trailer-support-jst","status":"publish","type":"page","link":"https:\/\/antersystem.com\/de\/nachrichten\/trailer-support-jst\/","title":{"rendered":"Anh\u00e4ngerhalterung JST"},"content":{"rendered":"\n<div class=\"wp-block-columns is-layout-flex wp-container-core-columns-is-layout-9d6595d7 wp-block-columns-is-layout-flex\">\n<div class=\"wp-block-column is-layout-flow wp-block-column-is-layout-flow\" style=\"flex-basis:10%\"><\/div>\n\n\n\n<div class=\"wp-block-column is-layout-flow wp-block-column-is-layout-flow\">\n<h2 class=\"wp-block-heading\">Trailer Support JST &#8211; sicheres und bequemes Entladen ohne Zugmaschine<\/h2>\n\n\n\n<p>Der Einsatz moderner, bew\u00e4hrter L\u00f6sungen wie z.B. <a href=\"https:\/\/antersystem.com\/kategorie_produktow\/technika-zaladunkowa\/\">Sattelauflieger<\/a> tr\u00e4gt zur Rationalisierung der Lagerprozesse bei. Dank ihnen k\u00f6nnen Gabelstaplerfahrer frei die notwendigen Arbeiten ausf\u00fchren, und der gesamte Be- und Entladevorgang kann ohne die Beteiligung einer Zugmaschine durchgef\u00fchrt werden. <\/p>\n<h3>Aufliegerst\u00fctzen &#8211; Vorteile und Anwendungen<\/h3>\n<p>Der Hauptzweck des Einsatzes professioneller St\u00fctzen ist die ordnungsgem\u00e4\u00dfe Sicherung der Sattelauflieger eines Lieferfahrzeugs w\u00e4hrend des Wareneingangs im Lager. Die Vorrichtung funktioniert auch perfekt bei Ladevorg\u00e4ngen und gew\u00e4hrleistet die Sicherheit aller am Logistikprozess beteiligten Personen, der Gabelstaplerfahrer und aller Personen in der N\u00e4he. Sie verhindert, dass der Auflieger beim Ent- oder Beladen kippt oder umkippt.  <\/p>\n<p>Neben der Gew\u00e4hrleistung eines sicheren und komfortablen Lagerbetriebs bieten Sattelaufliegerst\u00fctzen viele weitere Vorteile. Einer der wichtigsten ist die Optimierung der Auslastung der Zugmaschine, da sie gleichzeitig mit anderen Sattelanh\u00e4ngern arbeiten und zus\u00e4tzliche Transportfahrten durchf\u00fchren k\u00f6nnen. Erw\u00e4hnenswert ist auch die einfache Bedienung von St\u00fctzen, die mit einem selbstnivellierenden System und umfangreichen H\u00f6henverstellm\u00f6glichkeiten ausgestattet sind.  <\/p>\n<h3>Aufliegerst\u00fctzen &#8211; Polnischer Hersteller<\/h3>\n<p>F\u00fchrende Hersteller bieten ihren Kunden einen individuellen Ansatz und stellen Systeme bereit, die vollst\u00e4ndig auf die Anforderungen einer bestimmten Branche und die Organisation der Arbeit im Lager zugeschnitten sind. Unter den vielen Modellen, die auf dem Markt erh\u00e4ltlich sind, sollte dem <a href=\"https:\/\/antersystem.com\/produkty\/podpora-pod-naczepe-tira-jst1-1\/\">TIR Jack Trailer Stand Sattelaufliegerst\u00e4nder von Anter System<\/a> besondere Aufmerksamkeit geschenkt werden. Bei diesem Modell wurden die Aspekte der Stabilisierung des Anh\u00e4ngers und der Minimierung des Kipprisikos auf h\u00f6chstem Niveau verfeinert.  <\/p>\n<p>Das Ger\u00e4t tr\u00e4gt m\u00fchelos Lasten von bis zu 45 Tonnen, w\u00e4hrend Konkurrenzprodukte in der Regel eine Tragf\u00e4higkeit von 25-40 Tonnen bieten &#8211; so k\u00f6nnen auch Sattelauflieger mit schwereren Lasten transportiert werden. Die H\u00f6he ist von 916 mm bis 1366 mm verstellbar, was eine bessere Positionierung der St\u00fctze und bequemere Ladevorg\u00e4nge erm\u00f6glicht. Dar\u00fcber hinaus verf\u00fcgt das Ger\u00e4t \u00fcber eine gro\u00dfe Grundfl\u00e4che, die f\u00fcr eine verbesserte Bodenstabilit\u00e4t und eine gr\u00f6\u00dfere Kontaktfl\u00e4che mit dem Auflieger sorgt (bessere Stabilisierung des Anh\u00e4ngers). Die effiziente Positionierung der St\u00fctze wird durch Gummir\u00e4der mit einem Durchmesser von 400 mm erm\u00f6glicht, die gr\u00f6\u00dfer sind als bei den meisten Ger\u00e4ten dieses Typs auf dem Markt. Die St\u00fctze l\u00e4sst sich mit einem intuitiven Kurbelmechanismus leicht anheben &#8211; sie kann von jedermann ohne \u00fcberm\u00e4\u00dfigen Kraftaufwand bedient werden, und ein Schnellverriegelungsmechanismus verhindert den Zugriff durch Unbefugte.    <\/p>\n<p>Immer mehr Hersteller von Sattelaufliegern empfehlen den Einsatz von Spezialst\u00fctzen, so dass man getrost sagen kann, dass <a href=\"https:\/\/antersystem.com\/de\/nachrichten\/product-of-the-year-2019\/produkt-roku-2019-3\/\">L\u00f6sungen wie die von Anter System in den n\u00e4chsten Jahren zum Standard in der Logistikbranche werden<\/a>.<\/p>\n<h3>Eine Investition in die Sicherheit &#8211; planen Sie sie noch heute<\/h3>\n<p>Wenn Sie die Anschaffung eines TIR-Sattelauflieger-Tr\u00e4gers f\u00fcr Ihr Unternehmen in Erw\u00e4gung ziehen, lohnt es sich, auf der Makroebene zu denken und daran zu denken, dass eine einmalige Investition in die Sicherheit sich als unbezahlbar erweisen kann. Die Kosten f\u00fcr die Anschaffung professioneller Sicherheitssysteme erweisen sich in der Regel als unverh\u00e4ltnism\u00e4\u00dfig gering im Vergleich zu den Folgen eines m\u00f6glichen Unfalls oder eines anderen ungl\u00fccklichen Ereignisses. <\/p>\n<p>&nbsp;<\/p>\n<\/div>\n\n\n\n<div class=\"wp-block-column is-layout-flow wp-block-column-is-layout-flow\" style=\"flex-basis:10%\"><\/div>\n<\/div>\n","protected":false},"excerpt":{"rendered":"<p>Trailer Support JST &#8211; sicheres und bequemes Entladen ohne Zugmaschine Der Einsatz moderner, bew\u00e4hrter L\u00f6sungen wie z.B. Sattelauflieger tr\u00e4gt zur Rationalisierung der Lagerprozesse bei. Dank ihnen k\u00f6nnen Gabelstaplerfahrer frei die notwendigen Arbeiten ausf\u00fchren, und der gesamte Be- und Entladevorgang kann ohne die Beteiligung einer Zugmaschine durchgef\u00fchrt werden. Aufliegerst\u00fctzen &#8211; Vorteile und Anwendungen Der Hauptzweck des [&hellip;]<\/p>\n","protected":false},"author":1,"featured_media":0,"parent":30484,"menu_order":0,"comment_status":"closed","ping_status":"closed","template":"","meta":{"inline_featured_image":false,"ngg_post_thumbnail":0,"footnotes":""},"class_list":["post-39622","page","type-page","status-publish","hentry"],"acf":[],"yoast_head":"<!-- This site is optimized with the Yoast SEO plugin v27.0 - https:\/\/yoast.com\/product\/yoast-seo-wordpress\/ -->\n<title>Anh\u00e4ngerhalterung JST - Anter System<\/title>\n<meta name=\"description\" content=\"Trailer Support JST - sicheres und bequemes Entladen ohne Zugmaschine Der Einsatz moderner, bew\u00e4hrter L\u00f6sungen wie z.B. Sattelauflieger tr\u00e4gt zur\" \/>\n<meta name=\"robots\" content=\"index, follow, max-snippet:-1, max-image-preview:large, max-video-preview:-1\" \/>\n<link rel=\"canonical\" href=\"https:\/\/antersystem.com\/de\/nachrichten\/trailer-support-jst\/\" \/>\n<meta property=\"og:locale\" content=\"de_DE\" \/>\n<meta property=\"og:type\" content=\"article\" \/>\n<meta property=\"og:title\" content=\"Anh\u00e4ngerhalterung JST - Anter System\" \/>\n<meta property=\"og:description\" content=\"Trailer Support JST - sicheres und bequemes Entladen ohne Zugmaschine Der Einsatz moderner, bew\u00e4hrter L\u00f6sungen wie z.B. Sattelauflieger tr\u00e4gt zur\" \/>\n<meta property=\"og:url\" content=\"https:\/\/antersystem.com\/de\/nachrichten\/trailer-support-jst\/\" \/>\n<meta property=\"og:site_name\" content=\"Anter System\" \/>\n<meta property=\"article:modified_time\" content=\"2026-02-04T13:04:56+00:00\" \/>\n<meta name=\"twitter:card\" content=\"summary_large_image\" \/>\n<meta name=\"twitter:label1\" content=\"Gesch\u00e4tzte Lesezeit\" \/>\n\t<meta name=\"twitter:data1\" content=\"3\u00a0Minuten\" \/>\n<script type=\"application\/ld+json\" class=\"yoast-schema-graph\">{\"@context\":\"https:\/\/schema.org\",\"@graph\":[{\"@type\":\"WebPage\",\"@id\":\"https:\/\/antersystem.com\/de\/nachrichten\/trailer-support-jst\/\",\"url\":\"https:\/\/antersystem.com\/de\/nachrichten\/trailer-support-jst\/\",\"name\":\"Anh\u00e4ngerhalterung JST - Anter System\",\"isPartOf\":{\"@id\":\"https:\/\/antersystem.com\/de\/#website\"},\"datePublished\":\"2023-10-12T10:02:34+00:00\",\"dateModified\":\"2026-02-04T13:04:56+00:00\",\"description\":\"Trailer Support JST - sicheres und bequemes Entladen ohne Zugmaschine Der Einsatz moderner, bew\u00e4hrter L\u00f6sungen wie z.B. Sattelauflieger tr\u00e4gt zur\",\"breadcrumb\":{\"@id\":\"https:\/\/antersystem.com\/de\/nachrichten\/trailer-support-jst\/#breadcrumb\"},\"inLanguage\":\"de\",\"potentialAction\":[{\"@type\":\"ReadAction\",\"target\":[\"https:\/\/antersystem.com\/de\/nachrichten\/trailer-support-jst\/\"]}]},{\"@type\":\"BreadcrumbList\",\"@id\":\"https:\/\/antersystem.com\/de\/nachrichten\/trailer-support-jst\/#breadcrumb\",\"itemListElement\":[{\"@type\":\"ListItem\",\"position\":1,\"name\":\"AnterSystem\",\"item\":\"https:\/\/antersystem.com\/de\/\"},{\"@type\":\"ListItem\",\"position\":2,\"name\":\"Nachrichten\",\"item\":\"https:\/\/antersystem.com\/de\/nachrichten\/\"},{\"@type\":\"ListItem\",\"position\":3,\"name\":\"Anh\u00e4ngerhalterung JST\"}]},{\"@type\":\"WebSite\",\"@id\":\"https:\/\/antersystem.com\/de\/#website\",\"url\":\"https:\/\/antersystem.com\/de\/\",\"name\":\"Anter System\",\"description\":\"Jeste\u015bmy polskim producentem elastycznych barier ochronnych wykonywanych z polimerowych tworzyw sztucznych. Na rynku krajowym i zagranicznym dzia\u0142amy od ponad 15 lat dbaj\u0105c o zapewnienie bezpiecze\u0144stwa w zak\u0142adach produkcyjnych, magazynach oraz centrach logistycznych.\",\"potentialAction\":[{\"@type\":\"SearchAction\",\"target\":{\"@type\":\"EntryPoint\",\"urlTemplate\":\"https:\/\/antersystem.com\/de\/?s={search_term_string}\"},\"query-input\":{\"@type\":\"PropertyValueSpecification\",\"valueRequired\":true,\"valueName\":\"search_term_string\"}}],\"inLanguage\":\"de\"}]}<\/script>\n<!-- \/ Yoast SEO plugin. -->","yoast_head_json":{"title":"Anh\u00e4ngerhalterung JST - Anter System","description":"Trailer Support JST - sicheres und bequemes Entladen ohne Zugmaschine Der Einsatz moderner, bew\u00e4hrter L\u00f6sungen wie z.B. Sattelauflieger tr\u00e4gt zur","robots":{"index":"index","follow":"follow","max-snippet":"max-snippet:-1","max-image-preview":"max-image-preview:large","max-video-preview":"max-video-preview:-1"},"canonical":"https:\/\/antersystem.com\/de\/nachrichten\/trailer-support-jst\/","og_locale":"de_DE","og_type":"article","og_title":"Anh\u00e4ngerhalterung JST - Anter System","og_description":"Trailer Support JST - sicheres und bequemes Entladen ohne Zugmaschine Der Einsatz moderner, bew\u00e4hrter L\u00f6sungen wie z.B. Sattelauflieger tr\u00e4gt zur","og_url":"https:\/\/antersystem.com\/de\/nachrichten\/trailer-support-jst\/","og_site_name":"Anter System","article_modified_time":"2026-02-04T13:04:56+00:00","twitter_card":"summary_large_image","twitter_misc":{"Gesch\u00e4tzte Lesezeit":"3\u00a0Minuten"},"schema":{"@context":"https:\/\/schema.org","@graph":[{"@type":"WebPage","@id":"https:\/\/antersystem.com\/de\/nachrichten\/trailer-support-jst\/","url":"https:\/\/antersystem.com\/de\/nachrichten\/trailer-support-jst\/","name":"Anh\u00e4ngerhalterung JST - Anter System","isPartOf":{"@id":"https:\/\/antersystem.com\/de\/#website"},"datePublished":"2023-10-12T10:02:34+00:00","dateModified":"2026-02-04T13:04:56+00:00","description":"Trailer Support JST - sicheres und bequemes Entladen ohne Zugmaschine Der Einsatz moderner, bew\u00e4hrter L\u00f6sungen wie z.B. Sattelauflieger tr\u00e4gt zur","breadcrumb":{"@id":"https:\/\/antersystem.com\/de\/nachrichten\/trailer-support-jst\/#breadcrumb"},"inLanguage":"de","potentialAction":[{"@type":"ReadAction","target":["https:\/\/antersystem.com\/de\/nachrichten\/trailer-support-jst\/"]}]},{"@type":"BreadcrumbList","@id":"https:\/\/antersystem.com\/de\/nachrichten\/trailer-support-jst\/#breadcrumb","itemListElement":[{"@type":"ListItem","position":1,"name":"AnterSystem","item":"https:\/\/antersystem.com\/de\/"},{"@type":"ListItem","position":2,"name":"Nachrichten","item":"https:\/\/antersystem.com\/de\/nachrichten\/"},{"@type":"ListItem","position":3,"name":"Anh\u00e4ngerhalterung JST"}]},{"@type":"WebSite","@id":"https:\/\/antersystem.com\/de\/#website","url":"https:\/\/antersystem.com\/de\/","name":"Anter System","description":"Jeste\u015bmy polskim producentem elastycznych barier ochronnych wykonywanych z polimerowych tworzyw sztucznych. Na rynku krajowym i zagranicznym dzia\u0142amy od ponad 15 lat dbaj\u0105c o zapewnienie bezpiecze\u0144stwa w zak\u0142adach produkcyjnych, magazynach oraz centrach logistycznych.","potentialAction":[{"@type":"SearchAction","target":{"@type":"EntryPoint","urlTemplate":"https:\/\/antersystem.com\/de\/?s={search_term_string}"},"query-input":{"@type":"PropertyValueSpecification","valueRequired":true,"valueName":"search_term_string"}}],"inLanguage":"de"}]}},"_links":{"self":[{"href":"https:\/\/antersystem.com\/de\/wp-json\/wp\/v2\/pages\/39622","targetHints":{"allow":["GET"]}}],"collection":[{"href":"https:\/\/antersystem.com\/de\/wp-json\/wp\/v2\/pages"}],"about":[{"href":"https:\/\/antersystem.com\/de\/wp-json\/wp\/v2\/types\/page"}],"author":[{"embeddable":true,"href":"https:\/\/antersystem.com\/de\/wp-json\/wp\/v2\/users\/1"}],"replies":[{"embeddable":true,"href":"https:\/\/antersystem.com\/de\/wp-json\/wp\/v2\/comments?post=39622"}],"version-history":[{"count":1,"href":"https:\/\/antersystem.com\/de\/wp-json\/wp\/v2\/pages\/39622\/revisions"}],"predecessor-version":[{"id":39624,"href":"https:\/\/antersystem.com\/de\/wp-json\/wp\/v2\/pages\/39622\/revisions\/39624"}],"up":[{"embeddable":true,"href":"https:\/\/antersystem.com\/de\/wp-json\/wp\/v2\/pages\/30484"}],"wp:attachment":[{"href":"https:\/\/antersystem.com\/de\/wp-json\/wp\/v2\/media?parent=39622"}],"curies":[{"name":"wp","href":"https:\/\/api.w.org\/{rel}","templated":true}]}}