{"id":39648,"date":"2024-10-22T14:33:00","date_gmt":"2024-10-22T12:33:00","guid":{"rendered":"https:\/\/antersystem.com\/nachrichten\/anter-system-partner-of-the-industry-conference\/"},"modified":"2026-02-04T14:07:04","modified_gmt":"2026-02-04T13:07:04","slug":"anter-system-partner-of-the-industry-conference","status":"publish","type":"page","link":"https:\/\/antersystem.com\/de\/nachrichten\/anter-system-partner-of-the-industry-conference\/","title":{"rendered":"Anter System ist Partner der Industriekonferenz"},"content":{"rendered":"\n<div class=\"wp-block-columns is-layout-flex wp-container-core-columns-is-layout-9d6595d7 wp-block-columns-is-layout-flex\">\n<div class=\"wp-block-column is-layout-flow wp-block-column-is-layout-flow\" style=\"flex-basis:10%\"><\/div>\n\n\n\n<div class=\"wp-block-column is-layout-flow wp-block-column-is-layout-flow\">\n<h2 class=\"wp-block-heading\">Nehmen Sie an einem Treffen teil, das der Transformation der Logistik gewidmet ist!<\/h2>\n\n\n\n<p>Am 7. November 2024 findet in Zabrze die Konferenz <em>&#8222;Optimierung von Intralogistik- und Lagerprozessen&#8220;<\/em> statt &#8211; eine der wichtigsten Veranstaltungen f\u00fcr die Logistikbranche in diesem Jahr. Bei der von Axon Media organisierten Veranstaltung wird Anter System Polska erneut als Partner auftreten. <\/p>\n\n\n\n<p><strong>Warum sollten Sie mitmachen?<\/strong><\/p>\n\n\n\n<p>Die Konferenz richtet sich an Eigent\u00fcmer und Leiter von Werken und Logistikzentren sowie an Manager, die f\u00fcr Lagerprozesse, Lieferketten und Produktionsmanagement verantwortlich sind. In thematischen Panels <strong>werden Experten \u00fcber ihre Erfahrungen bei der Verbesserung von Logistik- und Lagerprozessen<\/strong> in Unternehmen <strong>berichten<\/strong> und die Herausforderungen bei der Anpassung dieser Prozesse an die spezifischen Gegebenheiten der einzelnen Einrichtungen diskutieren. Zu den vorgestellten Beispielen geh\u00f6ren sowohl gro\u00df angelegte Implementierungen als auch kleinere \u00c4nderungen, die zu messbaren Ergebnissen gef\u00fchrt haben.  <\/p>\n\n\n\n<p>Zu den behandelten Themen geh\u00f6ren interne Transportsysteme, Materialtransportger\u00e4te, Lagerroboter, automatische Lager- und Kommissioniersysteme, RFID und drahtlose Identifikationstechnologien, Intralogistiksoftware, Intralogistikdesign und -beratung sowie Etikettiermaschinen und -ger\u00e4te.<\/p>\n\n\n\n<p><strong>Lassen Sie uns \u00fcber Sicherheit am Arbeitsplatz sprechen<\/strong><\/p>\n\n\n\n<p>Die Veranstaltung wird sich auch mit dem <strong>Arbeitsschutz in Lagern und Produktionshallen befassen &#8211;<\/strong> ein Bereich, in dem Anter System Polska ein Experte ist. Seit \u00fcber 15 Jahren bieten wir Beratungsdienstleistungen im Zusammenhang mit Schutzsystemen f\u00fcr Mitarbeiter, Maschinen und Infrastruktur in Industrie- und Logistikumgebungen an. Auf der Konferenz werden wir Ihnen gerne <strong>die neuesten L\u00f6sungen<\/strong> zur Verbesserung der Sicherheit am Arbeitsplatz <strong>vorstellen<\/strong>.  <\/p>\n\n\n\n<p>Das dynamische, eint\u00e4gige Format der Konferenz umfasst nicht nur Fachvortr\u00e4ge, sondern auch <strong>Gelegenheiten, wertvolle Gesch\u00e4ftsbeziehungen zu kn\u00fcpfen.<\/strong> Die Teilnahme an der Veranstaltung ist kostenlos &#8211; wir laden Sie herzlich ein, dabei zu sein!<\/p>\n\n\n\n<p>Die Teilnahme an der Konferenz ist kostenlos. Detaillierte Informationen zur Anmeldung und die Tagesordnung finden Sie hier: <a href=\"https:\/\/www.axonmedia.pl\/konferencje\/aktualne\/intralogistyka-magazynowanie-2024-zabrze\/\" target=\"_blank\" rel=\"noreferrer noopener\"><em>&#8222;Optimierung von Intralogistik- und Lagerprozessen&#8220;<\/em><\/a> <\/p>\n\n\n\n<p><\/p>\n\n\n\n<p><\/p>\n<\/div>\n\n\n\n<div class=\"wp-block-column is-layout-flow wp-block-column-is-layout-flow\" style=\"flex-basis:10%\"><\/div>\n<\/div>\n<div class=\"wp-block-image\">\n<figure class=\"aligncenter size-large is-resized\"><img loading=\"lazy\" decoding=\"async\" width=\"1024\" height=\"576\" src=\"https:\/\/antersystem.com\/wp-content\/uploads\/Konferencja_optymalizacja-procesow-logistycznych-2024-1024x576.jpg\" alt=\"\" class=\"wp-image-5562\" style=\"width:620px;height:auto\" srcset=\"https:\/\/antersystem.com\/wp-content\/uploads\/Konferencja_optymalizacja-procesow-logistycznych-2024-1024x576.jpg 1024w, https:\/\/antersystem.com\/wp-content\/uploads\/Konferencja_optymalizacja-procesow-logistycznych-2024-300x169.jpg 300w, https:\/\/antersystem.com\/wp-content\/uploads\/Konferencja_optymalizacja-procesow-logistycznych-2024-768x432.jpg 768w, https:\/\/antersystem.com\/wp-content\/uploads\/Konferencja_optymalizacja-procesow-logistycznych-2024-450x253.jpg 450w, https:\/\/antersystem.com\/wp-content\/uploads\/Konferencja_optymalizacja-procesow-logistycznych-2024-330x186.jpg 330w, https:\/\/antersystem.com\/wp-content\/uploads\/Konferencja_optymalizacja-procesow-logistycznych-2024.jpg 1115w\" sizes=\"auto, (max-width: 1024px) 100vw, 1024px\" \/><\/figure><\/div>","protected":false},"excerpt":{"rendered":"<p>Nehmen Sie an einem Treffen teil, das der Transformation der Logistik gewidmet ist! Am 7. November 2024 findet in Zabrze die Konferenz &#8222;Optimierung von Intralogistik- und Lagerprozessen&#8220; statt &#8211; eine der wichtigsten Veranstaltungen f\u00fcr die Logistikbranche in diesem Jahr. Bei der von Axon Media organisierten Veranstaltung wird Anter System Polska erneut als Partner auftreten. Warum [&hellip;]<\/p>\n","protected":false},"author":1,"featured_media":0,"parent":30484,"menu_order":0,"comment_status":"closed","ping_status":"closed","template":"","meta":{"inline_featured_image":false,"ngg_post_thumbnail":0,"footnotes":""},"class_list":["post-39648","page","type-page","status-publish","hentry"],"acf":[],"yoast_head":"<!-- This site is optimized with the Yoast SEO plugin v27.0 - https:\/\/yoast.com\/product\/yoast-seo-wordpress\/ -->\n<title>Anter System ist Partner der Industriekonferenz - Anter System<\/title>\n<meta name=\"description\" content=\"Nehmen Sie an einem Treffen teil, das der Transformation der Logistik gewidmet ist! Am 7. November 2024 findet in Zabrze die Konferenz &quot;Optimierung von\" \/>\n<meta name=\"robots\" content=\"index, follow, max-snippet:-1, max-image-preview:large, max-video-preview:-1\" \/>\n<link rel=\"canonical\" href=\"https:\/\/antersystem.com\/de\/nachrichten\/anter-system-partner-of-the-industry-conference\/\" \/>\n<meta property=\"og:locale\" content=\"de_DE\" \/>\n<meta property=\"og:type\" content=\"article\" \/>\n<meta property=\"og:title\" content=\"Anter System ist Partner der Industriekonferenz - Anter System\" \/>\n<meta property=\"og:description\" content=\"Nehmen Sie an einem Treffen teil, das der Transformation der Logistik gewidmet ist! Am 7. November 2024 findet in Zabrze die Konferenz &quot;Optimierung von\" \/>\n<meta property=\"og:url\" content=\"https:\/\/antersystem.com\/de\/nachrichten\/anter-system-partner-of-the-industry-conference\/\" \/>\n<meta property=\"og:site_name\" content=\"Anter System\" \/>\n<meta property=\"article:modified_time\" content=\"2026-02-04T13:07:04+00:00\" \/>\n<meta property=\"og:image\" content=\"https:\/\/antersystem.com\/wp-content\/uploads\/Konferencja_optymalizacja-procesow-logistycznych-2024-1024x576.jpg\" \/>\n<meta name=\"twitter:card\" content=\"summary_large_image\" \/>\n<meta name=\"twitter:label1\" content=\"Gesch\u00e4tzte Lesezeit\" \/>\n\t<meta name=\"twitter:data1\" content=\"1\u00a0Minute\" \/>\n<script type=\"application\/ld+json\" class=\"yoast-schema-graph\">{\"@context\":\"https:\/\/schema.org\",\"@graph\":[{\"@type\":\"WebPage\",\"@id\":\"https:\/\/antersystem.com\/de\/nachrichten\/anter-system-partner-of-the-industry-conference\/\",\"url\":\"https:\/\/antersystem.com\/de\/nachrichten\/anter-system-partner-of-the-industry-conference\/\",\"name\":\"Anter System ist Partner der Industriekonferenz - Anter System\",\"isPartOf\":{\"@id\":\"https:\/\/antersystem.com\/de\/#website\"},\"primaryImageOfPage\":{\"@id\":\"https:\/\/antersystem.com\/de\/nachrichten\/anter-system-partner-of-the-industry-conference\/#primaryimage\"},\"image\":{\"@id\":\"https:\/\/antersystem.com\/de\/nachrichten\/anter-system-partner-of-the-industry-conference\/#primaryimage\"},\"thumbnailUrl\":\"https:\/\/antersystem.com\/wp-content\/uploads\/Konferencja_optymalizacja-procesow-logistycznych-2024-1024x576.jpg\",\"datePublished\":\"2024-10-22T12:33:00+00:00\",\"dateModified\":\"2026-02-04T13:07:04+00:00\",\"description\":\"Nehmen Sie an einem Treffen teil, das der Transformation der Logistik gewidmet ist! Am 7. November 2024 findet in Zabrze die Konferenz \\\"Optimierung von\",\"breadcrumb\":{\"@id\":\"https:\/\/antersystem.com\/de\/nachrichten\/anter-system-partner-of-the-industry-conference\/#breadcrumb\"},\"inLanguage\":\"de\",\"potentialAction\":[{\"@type\":\"ReadAction\",\"target\":[\"https:\/\/antersystem.com\/de\/nachrichten\/anter-system-partner-of-the-industry-conference\/\"]}]},{\"@type\":\"ImageObject\",\"inLanguage\":\"de\",\"@id\":\"https:\/\/antersystem.com\/de\/nachrichten\/anter-system-partner-of-the-industry-conference\/#primaryimage\",\"url\":\"https:\/\/antersystem.com\/wp-content\/uploads\/Konferencja_optymalizacja-procesow-logistycznych-2024-1024x576.jpg\",\"contentUrl\":\"https:\/\/antersystem.com\/wp-content\/uploads\/Konferencja_optymalizacja-procesow-logistycznych-2024-1024x576.jpg\"},{\"@type\":\"BreadcrumbList\",\"@id\":\"https:\/\/antersystem.com\/de\/nachrichten\/anter-system-partner-of-the-industry-conference\/#breadcrumb\",\"itemListElement\":[{\"@type\":\"ListItem\",\"position\":1,\"name\":\"AnterSystem\",\"item\":\"https:\/\/antersystem.com\/de\/\"},{\"@type\":\"ListItem\",\"position\":2,\"name\":\"Nachrichten\",\"item\":\"https:\/\/antersystem.com\/de\/nachrichten\/\"},{\"@type\":\"ListItem\",\"position\":3,\"name\":\"Anter System ist Partner der Industriekonferenz\"}]},{\"@type\":\"WebSite\",\"@id\":\"https:\/\/antersystem.com\/de\/#website\",\"url\":\"https:\/\/antersystem.com\/de\/\",\"name\":\"Anter System\",\"description\":\"Jeste\u015bmy polskim producentem elastycznych barier ochronnych wykonywanych z polimerowych tworzyw sztucznych. Na rynku krajowym i zagranicznym dzia\u0142amy od ponad 15 lat dbaj\u0105c o zapewnienie bezpiecze\u0144stwa w zak\u0142adach produkcyjnych, magazynach oraz centrach logistycznych.\",\"potentialAction\":[{\"@type\":\"SearchAction\",\"target\":{\"@type\":\"EntryPoint\",\"urlTemplate\":\"https:\/\/antersystem.com\/de\/?s={search_term_string}\"},\"query-input\":{\"@type\":\"PropertyValueSpecification\",\"valueRequired\":true,\"valueName\":\"search_term_string\"}}],\"inLanguage\":\"de\"}]}<\/script>\n<!-- \/ Yoast SEO plugin. -->","yoast_head_json":{"title":"Anter System ist Partner der Industriekonferenz - Anter System","description":"Nehmen Sie an einem Treffen teil, das der Transformation der Logistik gewidmet ist! Am 7. November 2024 findet in Zabrze die Konferenz \"Optimierung von","robots":{"index":"index","follow":"follow","max-snippet":"max-snippet:-1","max-image-preview":"max-image-preview:large","max-video-preview":"max-video-preview:-1"},"canonical":"https:\/\/antersystem.com\/de\/nachrichten\/anter-system-partner-of-the-industry-conference\/","og_locale":"de_DE","og_type":"article","og_title":"Anter System ist Partner der Industriekonferenz - Anter System","og_description":"Nehmen Sie an einem Treffen teil, das der Transformation der Logistik gewidmet ist! Am 7. November 2024 findet in Zabrze die Konferenz \"Optimierung von","og_url":"https:\/\/antersystem.com\/de\/nachrichten\/anter-system-partner-of-the-industry-conference\/","og_site_name":"Anter System","article_modified_time":"2026-02-04T13:07:04+00:00","og_image":[{"url":"https:\/\/antersystem.com\/wp-content\/uploads\/Konferencja_optymalizacja-procesow-logistycznych-2024-1024x576.jpg","type":"","width":"","height":""}],"twitter_card":"summary_large_image","twitter_misc":{"Gesch\u00e4tzte Lesezeit":"1\u00a0Minute"},"schema":{"@context":"https:\/\/schema.org","@graph":[{"@type":"WebPage","@id":"https:\/\/antersystem.com\/de\/nachrichten\/anter-system-partner-of-the-industry-conference\/","url":"https:\/\/antersystem.com\/de\/nachrichten\/anter-system-partner-of-the-industry-conference\/","name":"Anter System ist Partner der Industriekonferenz - Anter System","isPartOf":{"@id":"https:\/\/antersystem.com\/de\/#website"},"primaryImageOfPage":{"@id":"https:\/\/antersystem.com\/de\/nachrichten\/anter-system-partner-of-the-industry-conference\/#primaryimage"},"image":{"@id":"https:\/\/antersystem.com\/de\/nachrichten\/anter-system-partner-of-the-industry-conference\/#primaryimage"},"thumbnailUrl":"https:\/\/antersystem.com\/wp-content\/uploads\/Konferencja_optymalizacja-procesow-logistycznych-2024-1024x576.jpg","datePublished":"2024-10-22T12:33:00+00:00","dateModified":"2026-02-04T13:07:04+00:00","description":"Nehmen Sie an einem Treffen teil, das der Transformation der Logistik gewidmet ist! Am 7. November 2024 findet in Zabrze die Konferenz \"Optimierung von","breadcrumb":{"@id":"https:\/\/antersystem.com\/de\/nachrichten\/anter-system-partner-of-the-industry-conference\/#breadcrumb"},"inLanguage":"de","potentialAction":[{"@type":"ReadAction","target":["https:\/\/antersystem.com\/de\/nachrichten\/anter-system-partner-of-the-industry-conference\/"]}]},{"@type":"ImageObject","inLanguage":"de","@id":"https:\/\/antersystem.com\/de\/nachrichten\/anter-system-partner-of-the-industry-conference\/#primaryimage","url":"https:\/\/antersystem.com\/wp-content\/uploads\/Konferencja_optymalizacja-procesow-logistycznych-2024-1024x576.jpg","contentUrl":"https:\/\/antersystem.com\/wp-content\/uploads\/Konferencja_optymalizacja-procesow-logistycznych-2024-1024x576.jpg"},{"@type":"BreadcrumbList","@id":"https:\/\/antersystem.com\/de\/nachrichten\/anter-system-partner-of-the-industry-conference\/#breadcrumb","itemListElement":[{"@type":"ListItem","position":1,"name":"AnterSystem","item":"https:\/\/antersystem.com\/de\/"},{"@type":"ListItem","position":2,"name":"Nachrichten","item":"https:\/\/antersystem.com\/de\/nachrichten\/"},{"@type":"ListItem","position":3,"name":"Anter System ist Partner der Industriekonferenz"}]},{"@type":"WebSite","@id":"https:\/\/antersystem.com\/de\/#website","url":"https:\/\/antersystem.com\/de\/","name":"Anter System","description":"Jeste\u015bmy polskim producentem elastycznych barier ochronnych wykonywanych z polimerowych tworzyw sztucznych. Na rynku krajowym i zagranicznym dzia\u0142amy od ponad 15 lat dbaj\u0105c o zapewnienie bezpiecze\u0144stwa w zak\u0142adach produkcyjnych, magazynach oraz centrach logistycznych.","potentialAction":[{"@type":"SearchAction","target":{"@type":"EntryPoint","urlTemplate":"https:\/\/antersystem.com\/de\/?s={search_term_string}"},"query-input":{"@type":"PropertyValueSpecification","valueRequired":true,"valueName":"search_term_string"}}],"inLanguage":"de"}]}},"_links":{"self":[{"href":"https:\/\/antersystem.com\/de\/wp-json\/wp\/v2\/pages\/39648","targetHints":{"allow":["GET"]}}],"collection":[{"href":"https:\/\/antersystem.com\/de\/wp-json\/wp\/v2\/pages"}],"about":[{"href":"https:\/\/antersystem.com\/de\/wp-json\/wp\/v2\/types\/page"}],"author":[{"embeddable":true,"href":"https:\/\/antersystem.com\/de\/wp-json\/wp\/v2\/users\/1"}],"replies":[{"embeddable":true,"href":"https:\/\/antersystem.com\/de\/wp-json\/wp\/v2\/comments?post=39648"}],"version-history":[{"count":1,"href":"https:\/\/antersystem.com\/de\/wp-json\/wp\/v2\/pages\/39648\/revisions"}],"predecessor-version":[{"id":39650,"href":"https:\/\/antersystem.com\/de\/wp-json\/wp\/v2\/pages\/39648\/revisions\/39650"}],"up":[{"embeddable":true,"href":"https:\/\/antersystem.com\/de\/wp-json\/wp\/v2\/pages\/30484"}],"wp:attachment":[{"href":"https:\/\/antersystem.com\/de\/wp-json\/wp\/v2\/media?parent=39648"}],"curies":[{"name":"wp","href":"https:\/\/api.w.org\/{rel}","templated":true}]}}