{"id":39677,"date":"2024-03-25T16:20:11","date_gmt":"2024-03-25T15:20:11","guid":{"rendered":"https:\/\/antersystem.com\/nachrichten\/technical-conference-szczecin\/"},"modified":"2026-02-04T14:07:10","modified_gmt":"2026-02-04T13:07:10","slug":"technical-conference-szczecin","status":"publish","type":"page","link":"https:\/\/antersystem.com\/de\/nachrichten\/technical-conference-szczecin\/","title":{"rendered":"Technische Konferenz, Szczecin 18.04"},"content":{"rendered":"\n<div class=\"wp-block-columns is-layout-flex wp-container-core-columns-is-layout-9d6595d7 wp-block-columns-is-layout-flex\">\n  \n  <div class=\"wp-block-column is-layout-flow wp-block-column-is-layout-flow\" style=\"flex-basis:10%\"><\/div>\n  \n\n  \n  <div class=\"wp-block-column is-layout-flow wp-block-column-is-layout-flow\">\n    \n    <h3 class=\"wp-block-heading\">Wir treffen uns wieder &#8211; dank Axon Media.<\/h3>\n    \n\n    \n    <p><strong>Axon Media<\/strong>, der Veranstalter der technischen Konferenzen, hat uns bereits an die monatlichen Netzwerktreffen gew\u00f6hnt. Ihre Frequenz und Energie sind unver\u00e4ndert hoch. Die n\u00e4chste Konferenz findet am <a href=\"https:\/\/www.axonmedia.pl\/konferencje\/aktualne\/intralogistyka-magazynowanie-2024-szczecin\/\">18. April in Szczecin<\/a> statt und steht unter dem Motto: Wie man kleine Ver\u00e4nderungen durchf\u00fchrt, die sowohl Zeit als auch finanzielle Ressourcen sparen.  <\/p>\n    \n\n    \n    <p>Wir werden auch an dieser Ausgabe teilnehmen, um die M\u00f6glichkeiten technischer L\u00f6sungen zu pr\u00e4sentieren, die auf individuelle Bed\u00fcrfnisse zugeschnitten sind. Vom <a href=\"https:\/\/antersystem.com\/kategorie_produktow\/ochrona-kolumny\/\">Schutz kritischer Strukturen<\/a> und <a href=\"https:\/\/antersystem.com\/produkty\/plyta-zderzeniowa-ertax\/\">Aufprallzonen, in denen kein Platz f\u00fcr Standard-Sicherheitsbarrieren ist<\/a>, \u00fcber die Sicherung von Fu\u00dfg\u00e4ngerwegen bis hin zum Schutz von Maschinen und Infrastrukturen vor Kollisionen mit Gabelstaplern &#8211; das ist unsere Expertise und t\u00e4gliche Praxis. Gerne stellen wir Ihnen Fallstudien von Projekten vor, bei denen wir aktiv an der Entwicklung und Umsetzung ma\u00dfgeschneiderter Sicherheitsl\u00f6sungen beteiligt waren.  <\/p>\n    \n\n    \n    <p>Wir m\u00f6chten Sie auch dazu ermutigen, an den Konferenzsitzungen teilzunehmen und den Expertenvortr\u00e4gen zuzuh\u00f6ren &#8211; keine Interaktion erforderlich. Auf der Tagesordnung der Konferenz <em>&#8222;Optimierung von Intralogistik- und Lagerprozessen&#8220;<\/em> stehen Themen wie interne Transportsysteme, Lagerroboter, automatisierte Lager- und Kommissioniersysteme, RFID und drahtlose Identifizierung, Intralogistiksoftware, Logistikdesign und -beratung, Etikettiermaschinen sowie Arbeitsschutz in Industrie- und Lagereinrichtungen. <\/p>\n    \n\n    \n    <p><strong>Wann:<\/strong> April 18 (Donnerstag) | 8:00 AM &#8211; 3:30 PM | <a href=\"https:\/\/www.axonmedia.pl\/konferencje\/program\/intralogistyka-magazynowanie-2024-szczecin\/\">Programm<\/a><\/p>\n    \n\n    \n    <p><strong>Wo:<\/strong> Hotel VULCAN, ul. F.K. Druckiego-Lubeckiego 6a, Szczecin | kostenloses Parken <\/p>\n    \n\n    \n    <p><strong>Die Teilnahme ist kostenlos<\/strong><\/p>\n    \n\n    \n    <p>Als stolze Partner der Veranstaltung laden wir Sie herzlich ein, dabei zu sein!<\/p>\n    \n\n    \n    <p><strong>#TechnischeKonferenzen #AxonMedia #Intralogistik #Warehousing<\/strong><\/p>\n    \n  <\/div>\n  \n\n  \n  <div class=\"wp-block-column is-layout-flow wp-block-column-is-layout-flow\" style=\"flex-basis:10%\"><\/div>\n  \n<\/div>\n<div class=\"wp-block-image\">\n<figure class=\"aligncenter size-large is-resized\"><img loading=\"lazy\" decoding=\"async\" width=\"1024\" height=\"535\" src=\"https:\/\/antersystem.com\/wp-content\/uploads\/18-KWIETNIA-ANTER-SYSTEM-partnerem-konferencji-technicznych-Axon-Media-1-1024x535.jpg\" alt=\"Anter System - Technische Konferenz in Szczecin, 18. April 2024\" class=\"wp-image-4321\" style=\"width:720px;height:auto\" srcset=\"https:\/\/antersystem.com\/wp-content\/uploads\/18-KWIETNIA-ANTER-SYSTEM-partnerem-konferencji-technicznych-Axon-Media-1-1024x535.jpg 1024w, https:\/\/antersystem.com\/wp-content\/uploads\/18-KWIETNIA-ANTER-SYSTEM-partnerem-konferencji-technicznych-Axon-Media-1-300x157.jpg 300w, https:\/\/antersystem.com\/wp-content\/uploads\/18-KWIETNIA-ANTER-SYSTEM-partnerem-konferencji-technicznych-Axon-Media-1-768x401.jpg 768w, https:\/\/antersystem.com\/wp-content\/uploads\/18-KWIETNIA-ANTER-SYSTEM-partnerem-konferencji-technicznych-Axon-Media-1-450x235.jpg 450w, https:\/\/antersystem.com\/wp-content\/uploads\/18-KWIETNIA-ANTER-SYSTEM-partnerem-konferencji-technicznych-Axon-Media-1-330x172.jpg 330w, https:\/\/antersystem.com\/wp-content\/uploads\/18-KWIETNIA-ANTER-SYSTEM-partnerem-konferencji-technicznych-Axon-Media-1.jpg 1200w\" sizes=\"auto, (max-width: 1024px) 100vw, 1024px\" \/><\/figure><\/div>","protected":false},"excerpt":{"rendered":"<p>Wir treffen uns wieder &#8211; dank Axon Media. Axon Media, der Veranstalter der technischen Konferenzen, hat uns bereits an die monatlichen Netzwerktreffen gew\u00f6hnt. Ihre Frequenz und Energie sind unver\u00e4ndert hoch. Die n\u00e4chste Konferenz findet am 18. April in Szczecin statt und steht unter dem Motto: Wie man kleine Ver\u00e4nderungen durchf\u00fchrt, die sowohl Zeit als auch [&hellip;]<\/p>\n","protected":false},"author":1,"featured_media":0,"parent":30484,"menu_order":0,"comment_status":"closed","ping_status":"closed","template":"","meta":{"inline_featured_image":false,"ngg_post_thumbnail":0,"footnotes":""},"class_list":["post-39677","page","type-page","status-publish","hentry"],"acf":[],"yoast_head":"<!-- This site is optimized with the Yoast SEO plugin v27.0 - https:\/\/yoast.com\/product\/yoast-seo-wordpress\/ -->\n<title>Technische Konferenz, Szczecin 18.04 - Anter System<\/title>\n<meta name=\"description\" content=\"Wir treffen uns wieder - dank Axon Media. Axon Media, der Veranstalter der technischen Konferenzen, hat uns bereits an die monatlichen Netzwerktreffen\" \/>\n<meta name=\"robots\" content=\"index, follow, max-snippet:-1, max-image-preview:large, max-video-preview:-1\" \/>\n<link rel=\"canonical\" href=\"https:\/\/antersystem.com\/de\/nachrichten\/technical-conference-szczecin\/\" \/>\n<meta property=\"og:locale\" content=\"de_DE\" \/>\n<meta property=\"og:type\" content=\"article\" \/>\n<meta property=\"og:title\" content=\"Technische Konferenz, Szczecin 18.04 - Anter System\" \/>\n<meta property=\"og:description\" content=\"Wir treffen uns wieder - dank Axon Media. Axon Media, der Veranstalter der technischen Konferenzen, hat uns bereits an die monatlichen Netzwerktreffen\" \/>\n<meta property=\"og:url\" content=\"https:\/\/antersystem.com\/de\/nachrichten\/technical-conference-szczecin\/\" \/>\n<meta property=\"og:site_name\" content=\"Anter System\" \/>\n<meta property=\"article:modified_time\" content=\"2026-02-04T13:07:10+00:00\" \/>\n<meta property=\"og:image\" content=\"https:\/\/antersystem.com\/wp-content\/uploads\/18-KWIETNIA-ANTER-SYSTEM-partnerem-konferencji-technicznych-Axon-Media-1-1024x535.jpg\" \/>\n<meta name=\"twitter:card\" content=\"summary_large_image\" \/>\n<meta name=\"twitter:label1\" content=\"Gesch\u00e4tzte Lesezeit\" \/>\n\t<meta name=\"twitter:data1\" content=\"1\u00a0Minute\" \/>\n<script type=\"application\/ld+json\" class=\"yoast-schema-graph\">{\"@context\":\"https:\/\/schema.org\",\"@graph\":[{\"@type\":\"WebPage\",\"@id\":\"https:\/\/antersystem.com\/de\/nachrichten\/technical-conference-szczecin\/\",\"url\":\"https:\/\/antersystem.com\/de\/nachrichten\/technical-conference-szczecin\/\",\"name\":\"Technische Konferenz, Szczecin 18.04 - Anter System\",\"isPartOf\":{\"@id\":\"https:\/\/antersystem.com\/de\/#website\"},\"primaryImageOfPage\":{\"@id\":\"https:\/\/antersystem.com\/de\/nachrichten\/technical-conference-szczecin\/#primaryimage\"},\"image\":{\"@id\":\"https:\/\/antersystem.com\/de\/nachrichten\/technical-conference-szczecin\/#primaryimage\"},\"thumbnailUrl\":\"https:\/\/antersystem.com\/wp-content\/uploads\/18-KWIETNIA-ANTER-SYSTEM-partnerem-konferencji-technicznych-Axon-Media-1-1024x535.jpg\",\"datePublished\":\"2024-03-25T15:20:11+00:00\",\"dateModified\":\"2026-02-04T13:07:10+00:00\",\"description\":\"Wir treffen uns wieder - dank Axon Media. Axon Media, der Veranstalter der technischen Konferenzen, hat uns bereits an die monatlichen Netzwerktreffen\",\"breadcrumb\":{\"@id\":\"https:\/\/antersystem.com\/de\/nachrichten\/technical-conference-szczecin\/#breadcrumb\"},\"inLanguage\":\"de\",\"potentialAction\":[{\"@type\":\"ReadAction\",\"target\":[\"https:\/\/antersystem.com\/de\/nachrichten\/technical-conference-szczecin\/\"]}]},{\"@type\":\"ImageObject\",\"inLanguage\":\"de\",\"@id\":\"https:\/\/antersystem.com\/de\/nachrichten\/technical-conference-szczecin\/#primaryimage\",\"url\":\"https:\/\/antersystem.com\/wp-content\/uploads\/18-KWIETNIA-ANTER-SYSTEM-partnerem-konferencji-technicznych-Axon-Media-1-1024x535.jpg\",\"contentUrl\":\"https:\/\/antersystem.com\/wp-content\/uploads\/18-KWIETNIA-ANTER-SYSTEM-partnerem-konferencji-technicznych-Axon-Media-1-1024x535.jpg\"},{\"@type\":\"BreadcrumbList\",\"@id\":\"https:\/\/antersystem.com\/de\/nachrichten\/technical-conference-szczecin\/#breadcrumb\",\"itemListElement\":[{\"@type\":\"ListItem\",\"position\":1,\"name\":\"AnterSystem\",\"item\":\"https:\/\/antersystem.com\/de\/\"},{\"@type\":\"ListItem\",\"position\":2,\"name\":\"Nachrichten\",\"item\":\"https:\/\/antersystem.com\/de\/nachrichten\/\"},{\"@type\":\"ListItem\",\"position\":3,\"name\":\"Technische Konferenz, Szczecin 18.04\"}]},{\"@type\":\"WebSite\",\"@id\":\"https:\/\/antersystem.com\/de\/#website\",\"url\":\"https:\/\/antersystem.com\/de\/\",\"name\":\"Anter System\",\"description\":\"Jeste\u015bmy polskim producentem elastycznych barier ochronnych wykonywanych z polimerowych tworzyw sztucznych. Na rynku krajowym i zagranicznym dzia\u0142amy od ponad 15 lat dbaj\u0105c o zapewnienie bezpiecze\u0144stwa w zak\u0142adach produkcyjnych, magazynach oraz centrach logistycznych.\",\"potentialAction\":[{\"@type\":\"SearchAction\",\"target\":{\"@type\":\"EntryPoint\",\"urlTemplate\":\"https:\/\/antersystem.com\/de\/?s={search_term_string}\"},\"query-input\":{\"@type\":\"PropertyValueSpecification\",\"valueRequired\":true,\"valueName\":\"search_term_string\"}}],\"inLanguage\":\"de\"}]}<\/script>\n<!-- \/ Yoast SEO plugin. -->","yoast_head_json":{"title":"Technische Konferenz, Szczecin 18.04 - Anter System","description":"Wir treffen uns wieder - dank Axon Media. Axon Media, der Veranstalter der technischen Konferenzen, hat uns bereits an die monatlichen Netzwerktreffen","robots":{"index":"index","follow":"follow","max-snippet":"max-snippet:-1","max-image-preview":"max-image-preview:large","max-video-preview":"max-video-preview:-1"},"canonical":"https:\/\/antersystem.com\/de\/nachrichten\/technical-conference-szczecin\/","og_locale":"de_DE","og_type":"article","og_title":"Technische Konferenz, Szczecin 18.04 - Anter System","og_description":"Wir treffen uns wieder - dank Axon Media. Axon Media, der Veranstalter der technischen Konferenzen, hat uns bereits an die monatlichen Netzwerktreffen","og_url":"https:\/\/antersystem.com\/de\/nachrichten\/technical-conference-szczecin\/","og_site_name":"Anter System","article_modified_time":"2026-02-04T13:07:10+00:00","og_image":[{"url":"https:\/\/antersystem.com\/wp-content\/uploads\/18-KWIETNIA-ANTER-SYSTEM-partnerem-konferencji-technicznych-Axon-Media-1-1024x535.jpg","type":"","width":"","height":""}],"twitter_card":"summary_large_image","twitter_misc":{"Gesch\u00e4tzte Lesezeit":"1\u00a0Minute"},"schema":{"@context":"https:\/\/schema.org","@graph":[{"@type":"WebPage","@id":"https:\/\/antersystem.com\/de\/nachrichten\/technical-conference-szczecin\/","url":"https:\/\/antersystem.com\/de\/nachrichten\/technical-conference-szczecin\/","name":"Technische Konferenz, Szczecin 18.04 - Anter System","isPartOf":{"@id":"https:\/\/antersystem.com\/de\/#website"},"primaryImageOfPage":{"@id":"https:\/\/antersystem.com\/de\/nachrichten\/technical-conference-szczecin\/#primaryimage"},"image":{"@id":"https:\/\/antersystem.com\/de\/nachrichten\/technical-conference-szczecin\/#primaryimage"},"thumbnailUrl":"https:\/\/antersystem.com\/wp-content\/uploads\/18-KWIETNIA-ANTER-SYSTEM-partnerem-konferencji-technicznych-Axon-Media-1-1024x535.jpg","datePublished":"2024-03-25T15:20:11+00:00","dateModified":"2026-02-04T13:07:10+00:00","description":"Wir treffen uns wieder - dank Axon Media. Axon Media, der Veranstalter der technischen Konferenzen, hat uns bereits an die monatlichen Netzwerktreffen","breadcrumb":{"@id":"https:\/\/antersystem.com\/de\/nachrichten\/technical-conference-szczecin\/#breadcrumb"},"inLanguage":"de","potentialAction":[{"@type":"ReadAction","target":["https:\/\/antersystem.com\/de\/nachrichten\/technical-conference-szczecin\/"]}]},{"@type":"ImageObject","inLanguage":"de","@id":"https:\/\/antersystem.com\/de\/nachrichten\/technical-conference-szczecin\/#primaryimage","url":"https:\/\/antersystem.com\/wp-content\/uploads\/18-KWIETNIA-ANTER-SYSTEM-partnerem-konferencji-technicznych-Axon-Media-1-1024x535.jpg","contentUrl":"https:\/\/antersystem.com\/wp-content\/uploads\/18-KWIETNIA-ANTER-SYSTEM-partnerem-konferencji-technicznych-Axon-Media-1-1024x535.jpg"},{"@type":"BreadcrumbList","@id":"https:\/\/antersystem.com\/de\/nachrichten\/technical-conference-szczecin\/#breadcrumb","itemListElement":[{"@type":"ListItem","position":1,"name":"AnterSystem","item":"https:\/\/antersystem.com\/de\/"},{"@type":"ListItem","position":2,"name":"Nachrichten","item":"https:\/\/antersystem.com\/de\/nachrichten\/"},{"@type":"ListItem","position":3,"name":"Technische Konferenz, Szczecin 18.04"}]},{"@type":"WebSite","@id":"https:\/\/antersystem.com\/de\/#website","url":"https:\/\/antersystem.com\/de\/","name":"Anter System","description":"Jeste\u015bmy polskim producentem elastycznych barier ochronnych wykonywanych z polimerowych tworzyw sztucznych. Na rynku krajowym i zagranicznym dzia\u0142amy od ponad 15 lat dbaj\u0105c o zapewnienie bezpiecze\u0144stwa w zak\u0142adach produkcyjnych, magazynach oraz centrach logistycznych.","potentialAction":[{"@type":"SearchAction","target":{"@type":"EntryPoint","urlTemplate":"https:\/\/antersystem.com\/de\/?s={search_term_string}"},"query-input":{"@type":"PropertyValueSpecification","valueRequired":true,"valueName":"search_term_string"}}],"inLanguage":"de"}]}},"_links":{"self":[{"href":"https:\/\/antersystem.com\/de\/wp-json\/wp\/v2\/pages\/39677","targetHints":{"allow":["GET"]}}],"collection":[{"href":"https:\/\/antersystem.com\/de\/wp-json\/wp\/v2\/pages"}],"about":[{"href":"https:\/\/antersystem.com\/de\/wp-json\/wp\/v2\/types\/page"}],"author":[{"embeddable":true,"href":"https:\/\/antersystem.com\/de\/wp-json\/wp\/v2\/users\/1"}],"replies":[{"embeddable":true,"href":"https:\/\/antersystem.com\/de\/wp-json\/wp\/v2\/comments?post=39677"}],"version-history":[{"count":1,"href":"https:\/\/antersystem.com\/de\/wp-json\/wp\/v2\/pages\/39677\/revisions"}],"predecessor-version":[{"id":39679,"href":"https:\/\/antersystem.com\/de\/wp-json\/wp\/v2\/pages\/39677\/revisions\/39679"}],"up":[{"embeddable":true,"href":"https:\/\/antersystem.com\/de\/wp-json\/wp\/v2\/pages\/30484"}],"wp:attachment":[{"href":"https:\/\/antersystem.com\/de\/wp-json\/wp\/v2\/media?parent=39677"}],"curies":[{"name":"wp","href":"https:\/\/api.w.org\/{rel}","templated":true}]}}