{"id":39687,"date":"2024-02-28T09:18:11","date_gmt":"2024-02-28T08:18:11","guid":{"rendered":"https:\/\/antersystem.com\/nachrichten\/mid-magazine-visions-of-safety-wizje-bezpieczenstwa\/"},"modified":"2026-02-04T14:07:13","modified_gmt":"2026-02-04T13:07:13","slug":"mid-magazine-visions-of-safety-wizje-bezpieczenstwa","status":"publish","type":"page","link":"https:\/\/antersystem.com\/de\/nachrichten\/mid-magazine-visions-of-safety-wizje-bezpieczenstwa\/","title":{"rendered":"MID Magazin &#8211; &#8222;Visionen der Sicherheit&#8220; &#8211; &#8222;Wizje bezpiecze\u0144stwa&#8220;"},"content":{"rendered":"\n<div class=\"wp-block-columns is-layout-flex wp-container-core-columns-is-layout-9d6595d7 wp-block-columns-is-layout-flex\">\n<div class=\"wp-block-column is-layout-flow wp-block-column-is-layout-flow\" style=\"flex-basis:10%\"><\/div>\n\n\n\n<div class=\"wp-block-column is-layout-flow wp-block-column-is-layout-flow\">\n<h3 class=\"wp-block-heading\">MID 97 &#8211; die erste Ausgabe des Jahres 2024. Wovon sollten Sie sich leiten lassen, um sicherzustellen, dass ein Raum den Sicherheitsanforderungen entspricht? <\/h3>\n\n\n\n<p>Die neueste Ausgabe des MID Magazins enth\u00e4lt einen redaktionellen Artikel, der als Gesundheits- und Sicherheitshandbuch f\u00fcr Planer von Lagerr\u00e4umen betrachtet werden kann. Der Artikel ber\u00fccksichtigt Sicherheitsma\u00dfnahmen im Zusammenhang mit der Raumaufteilung, der Beleuchtung, der Feuchtigkeit, den Arbeitsschutzbestimmungen und dem Fahrzeugverkehr. Ein wichtiger Teil ist auch dem Schutz von Bereichen gewidmet, in denen die Gefahr von Zusammenst\u00f6\u00dfen steigt. Ein Projektmanager von Anter System unterst\u00fctzt Sie dabei, indem er am Beispiel flexibler Sicherheitsbarrieren auf die Arten von Gefahren hinweist, denen man im Arbeitsalltag begegnen kann. Der Artikel befasst sich auch mit fortschrittlicheren Schutzma\u00dfnahmen wie der Prozessautomatisierung und dem Einsatz von Drohnen f\u00fcr die Bestandsverwaltung.    <\/p>\n<p>Die Redakteure definieren Sicherheitsma\u00dfnahmen nach ihrem aktiven oder passiven Charakter. Flexible Sicherheitsbarrieren fallen in die letztgenannte Kategorie, was die Priorit\u00e4t ihrer Anwendung in keiner Weise schm\u00e4lert. Mit diesem Artikel in der Hand k\u00f6nnen die Leser ihr Wissen \u00fcber die Raumplanung im Hinblick auf ihre effiziente Nutzung und die darin stattfindenden Vorg\u00e4nge neu bewerten.  <\/p>\n<p>Wir w\u00fcnschen Ihnen viel Spa\u00df beim Lesen!<\/p>\n<\/div>\n\n\n\n<div class=\"wp-block-column is-layout-flow wp-block-column-is-layout-flow\" style=\"flex-basis:10%\"><\/div>\n<\/div>\n\n<div data-wp-interactive=\"core\/file\" class=\"wp-block-file\"><object data-wp-bind--hidden=\"!state.hasPdfPreview\" hidden class=\"wp-block-file__embed\" data=\"https:\/\/antersystem.com\/wp-content\/uploads\/MID_97_1_2024-Anter-System.pdf\" type=\"application\/pdf\" style=\"width:100%;height:600px\" aria-label=\"Einbettung von MID_97_1_2024-Anter-System.\"><\/object><a id=\"wp-block-file--media-c4a79965-4313-4b68-8827-3aa81c41db0a\" href=\"https:\/\/antersystem.com\/wp-content\/uploads\/MID_97_1_2024-Anter-System.pdf\">MID_97_1_2024-Anter-System<\/a><a href=\"https:\/\/antersystem.com\/wp-content\/uploads\/MID_97_1_2024-Anter-System.pdf\" class=\"wp-block-file__button wp-element-button\" download=\"\" aria-describedby=\"wp-block-file--media-c4a79965-4313-4b68-8827-3aa81c41db0a\">Herunterladen<\/a><\/div>\n","protected":false},"excerpt":{"rendered":"<p>MID 97 &#8211; die erste Ausgabe des Jahres 2024. Wovon sollten Sie sich leiten lassen, um sicherzustellen, dass ein Raum den Sicherheitsanforderungen entspricht? Die neueste Ausgabe des MID Magazins enth\u00e4lt einen redaktionellen Artikel, der als Gesundheits- und Sicherheitshandbuch f\u00fcr Planer von Lagerr\u00e4umen betrachtet werden kann. Der Artikel ber\u00fccksichtigt Sicherheitsma\u00dfnahmen im Zusammenhang mit der Raumaufteilung, der [&hellip;]<\/p>\n","protected":false},"author":1,"featured_media":0,"parent":30484,"menu_order":0,"comment_status":"closed","ping_status":"closed","template":"","meta":{"inline_featured_image":false,"ngg_post_thumbnail":0,"footnotes":""},"class_list":["post-39687","page","type-page","status-publish","hentry"],"acf":[],"yoast_head":"<!-- This site is optimized with the Yoast SEO plugin v27.0 - https:\/\/yoast.com\/product\/yoast-seo-wordpress\/ -->\n<title>MID Magazin - &quot;Visionen der Sicherheit&quot; - &quot;Wizje bezpiecze\u0144stwa&quot; - Anter System<\/title>\n<meta name=\"description\" content=\"MID 97 - die erste Ausgabe des Jahres 2024. Wovon sollten Sie sich leiten lassen, um sicherzustellen, dass ein Raum den Sicherheitsanforderungen\" \/>\n<meta name=\"robots\" content=\"index, follow, max-snippet:-1, max-image-preview:large, max-video-preview:-1\" \/>\n<link rel=\"canonical\" href=\"https:\/\/antersystem.com\/de\/nachrichten\/mid-magazine-visions-of-safety-wizje-bezpieczenstwa\/\" \/>\n<meta property=\"og:locale\" content=\"de_DE\" \/>\n<meta property=\"og:type\" content=\"article\" \/>\n<meta property=\"og:title\" content=\"MID Magazin - &quot;Visionen der Sicherheit&quot; - &quot;Wizje bezpiecze\u0144stwa&quot; - Anter System\" \/>\n<meta property=\"og:description\" content=\"MID 97 - die erste Ausgabe des Jahres 2024. Wovon sollten Sie sich leiten lassen, um sicherzustellen, dass ein Raum den Sicherheitsanforderungen\" \/>\n<meta property=\"og:url\" content=\"https:\/\/antersystem.com\/de\/nachrichten\/mid-magazine-visions-of-safety-wizje-bezpieczenstwa\/\" \/>\n<meta property=\"og:site_name\" content=\"Anter System\" \/>\n<meta property=\"article:modified_time\" content=\"2026-02-04T13:07:13+00:00\" \/>\n<meta name=\"twitter:card\" content=\"summary_large_image\" \/>\n<meta name=\"twitter:label1\" content=\"Gesch\u00e4tzte Lesezeit\" \/>\n\t<meta name=\"twitter:data1\" content=\"1\u00a0Minute\" \/>\n<script type=\"application\/ld+json\" class=\"yoast-schema-graph\">{\"@context\":\"https:\/\/schema.org\",\"@graph\":[{\"@type\":\"WebPage\",\"@id\":\"https:\/\/antersystem.com\/de\/nachrichten\/mid-magazine-visions-of-safety-wizje-bezpieczenstwa\/\",\"url\":\"https:\/\/antersystem.com\/de\/nachrichten\/mid-magazine-visions-of-safety-wizje-bezpieczenstwa\/\",\"name\":\"MID Magazin - \\\"Visionen der Sicherheit\\\" - \\\"Wizje bezpiecze\u0144stwa\\\" - Anter System\",\"isPartOf\":{\"@id\":\"https:\/\/antersystem.com\/de\/#website\"},\"datePublished\":\"2024-02-28T08:18:11+00:00\",\"dateModified\":\"2026-02-04T13:07:13+00:00\",\"description\":\"MID 97 - die erste Ausgabe des Jahres 2024. Wovon sollten Sie sich leiten lassen, um sicherzustellen, dass ein Raum den Sicherheitsanforderungen\",\"breadcrumb\":{\"@id\":\"https:\/\/antersystem.com\/de\/nachrichten\/mid-magazine-visions-of-safety-wizje-bezpieczenstwa\/#breadcrumb\"},\"inLanguage\":\"de\",\"potentialAction\":[{\"@type\":\"ReadAction\",\"target\":[\"https:\/\/antersystem.com\/de\/nachrichten\/mid-magazine-visions-of-safety-wizje-bezpieczenstwa\/\"]}]},{\"@type\":\"BreadcrumbList\",\"@id\":\"https:\/\/antersystem.com\/de\/nachrichten\/mid-magazine-visions-of-safety-wizje-bezpieczenstwa\/#breadcrumb\",\"itemListElement\":[{\"@type\":\"ListItem\",\"position\":1,\"name\":\"AnterSystem\",\"item\":\"https:\/\/antersystem.com\/de\/\"},{\"@type\":\"ListItem\",\"position\":2,\"name\":\"Nachrichten\",\"item\":\"https:\/\/antersystem.com\/de\/nachrichten\/\"},{\"@type\":\"ListItem\",\"position\":3,\"name\":\"MID Magazin &#8211; &#8220;Visionen der Sicherheit&#8221; &#8211; &#8220;Wizje bezpiecze\u0144stwa&#8221;\"}]},{\"@type\":\"WebSite\",\"@id\":\"https:\/\/antersystem.com\/de\/#website\",\"url\":\"https:\/\/antersystem.com\/de\/\",\"name\":\"Anter System\",\"description\":\"Jeste\u015bmy polskim producentem elastycznych barier ochronnych wykonywanych z polimerowych tworzyw sztucznych. Na rynku krajowym i zagranicznym dzia\u0142amy od ponad 15 lat dbaj\u0105c o zapewnienie bezpiecze\u0144stwa w zak\u0142adach produkcyjnych, magazynach oraz centrach logistycznych.\",\"potentialAction\":[{\"@type\":\"SearchAction\",\"target\":{\"@type\":\"EntryPoint\",\"urlTemplate\":\"https:\/\/antersystem.com\/de\/?s={search_term_string}\"},\"query-input\":{\"@type\":\"PropertyValueSpecification\",\"valueRequired\":true,\"valueName\":\"search_term_string\"}}],\"inLanguage\":\"de\"}]}<\/script>\n<!-- \/ Yoast SEO plugin. -->","yoast_head_json":{"title":"MID Magazin - \"Visionen der Sicherheit\" - \"Wizje bezpiecze\u0144stwa\" - Anter System","description":"MID 97 - die erste Ausgabe des Jahres 2024. Wovon sollten Sie sich leiten lassen, um sicherzustellen, dass ein Raum den Sicherheitsanforderungen","robots":{"index":"index","follow":"follow","max-snippet":"max-snippet:-1","max-image-preview":"max-image-preview:large","max-video-preview":"max-video-preview:-1"},"canonical":"https:\/\/antersystem.com\/de\/nachrichten\/mid-magazine-visions-of-safety-wizje-bezpieczenstwa\/","og_locale":"de_DE","og_type":"article","og_title":"MID Magazin - \"Visionen der Sicherheit\" - \"Wizje bezpiecze\u0144stwa\" - Anter System","og_description":"MID 97 - die erste Ausgabe des Jahres 2024. Wovon sollten Sie sich leiten lassen, um sicherzustellen, dass ein Raum den Sicherheitsanforderungen","og_url":"https:\/\/antersystem.com\/de\/nachrichten\/mid-magazine-visions-of-safety-wizje-bezpieczenstwa\/","og_site_name":"Anter System","article_modified_time":"2026-02-04T13:07:13+00:00","twitter_card":"summary_large_image","twitter_misc":{"Gesch\u00e4tzte Lesezeit":"1\u00a0Minute"},"schema":{"@context":"https:\/\/schema.org","@graph":[{"@type":"WebPage","@id":"https:\/\/antersystem.com\/de\/nachrichten\/mid-magazine-visions-of-safety-wizje-bezpieczenstwa\/","url":"https:\/\/antersystem.com\/de\/nachrichten\/mid-magazine-visions-of-safety-wizje-bezpieczenstwa\/","name":"MID Magazin - \"Visionen der Sicherheit\" - \"Wizje bezpiecze\u0144stwa\" - Anter System","isPartOf":{"@id":"https:\/\/antersystem.com\/de\/#website"},"datePublished":"2024-02-28T08:18:11+00:00","dateModified":"2026-02-04T13:07:13+00:00","description":"MID 97 - die erste Ausgabe des Jahres 2024. Wovon sollten Sie sich leiten lassen, um sicherzustellen, dass ein Raum den Sicherheitsanforderungen","breadcrumb":{"@id":"https:\/\/antersystem.com\/de\/nachrichten\/mid-magazine-visions-of-safety-wizje-bezpieczenstwa\/#breadcrumb"},"inLanguage":"de","potentialAction":[{"@type":"ReadAction","target":["https:\/\/antersystem.com\/de\/nachrichten\/mid-magazine-visions-of-safety-wizje-bezpieczenstwa\/"]}]},{"@type":"BreadcrumbList","@id":"https:\/\/antersystem.com\/de\/nachrichten\/mid-magazine-visions-of-safety-wizje-bezpieczenstwa\/#breadcrumb","itemListElement":[{"@type":"ListItem","position":1,"name":"AnterSystem","item":"https:\/\/antersystem.com\/de\/"},{"@type":"ListItem","position":2,"name":"Nachrichten","item":"https:\/\/antersystem.com\/de\/nachrichten\/"},{"@type":"ListItem","position":3,"name":"MID Magazin &#8211; &#8220;Visionen der Sicherheit&#8221; &#8211; &#8220;Wizje bezpiecze\u0144stwa&#8221;"}]},{"@type":"WebSite","@id":"https:\/\/antersystem.com\/de\/#website","url":"https:\/\/antersystem.com\/de\/","name":"Anter System","description":"Jeste\u015bmy polskim producentem elastycznych barier ochronnych wykonywanych z polimerowych tworzyw sztucznych. Na rynku krajowym i zagranicznym dzia\u0142amy od ponad 15 lat dbaj\u0105c o zapewnienie bezpiecze\u0144stwa w zak\u0142adach produkcyjnych, magazynach oraz centrach logistycznych.","potentialAction":[{"@type":"SearchAction","target":{"@type":"EntryPoint","urlTemplate":"https:\/\/antersystem.com\/de\/?s={search_term_string}"},"query-input":{"@type":"PropertyValueSpecification","valueRequired":true,"valueName":"search_term_string"}}],"inLanguage":"de"}]}},"_links":{"self":[{"href":"https:\/\/antersystem.com\/de\/wp-json\/wp\/v2\/pages\/39687","targetHints":{"allow":["GET"]}}],"collection":[{"href":"https:\/\/antersystem.com\/de\/wp-json\/wp\/v2\/pages"}],"about":[{"href":"https:\/\/antersystem.com\/de\/wp-json\/wp\/v2\/types\/page"}],"author":[{"embeddable":true,"href":"https:\/\/antersystem.com\/de\/wp-json\/wp\/v2\/users\/1"}],"replies":[{"embeddable":true,"href":"https:\/\/antersystem.com\/de\/wp-json\/wp\/v2\/comments?post=39687"}],"version-history":[{"count":1,"href":"https:\/\/antersystem.com\/de\/wp-json\/wp\/v2\/pages\/39687\/revisions"}],"predecessor-version":[{"id":39688,"href":"https:\/\/antersystem.com\/de\/wp-json\/wp\/v2\/pages\/39687\/revisions\/39688"}],"up":[{"embeddable":true,"href":"https:\/\/antersystem.com\/de\/wp-json\/wp\/v2\/pages\/30484"}],"wp:attachment":[{"href":"https:\/\/antersystem.com\/de\/wp-json\/wp\/v2\/media?parent=39687"}],"curies":[{"name":"wp","href":"https:\/\/api.w.org\/{rel}","templated":true}]}}