{"id":39888,"date":"2025-11-07T14:23:00","date_gmt":"2025-11-07T13:23:00","guid":{"rendered":"https:\/\/antersystem.com\/nachrichten\/warsaw-industry-week-2025\/"},"modified":"2025-11-07T14:23:00","modified_gmt":"2025-11-07T13:23:00","slug":"warsaw-industry-week-2025","status":"publish","type":"page","link":"https:\/\/antersystem.com\/de\/nachrichten\/warsaw-industry-week-2025\/","title":{"rendered":"Warsaw Industry Week 2025"},"content":{"rendered":"<p>Auch in diesem Jahr hatte unser Team wieder das Vergn\u00fcgen, an der <strong>Warsaw Industry Week<\/strong> teilzunehmen. Die 9. Ausgabe brachte f\u00fchrende Unternehmen, Experten und Technologiebegeisterte f\u00fcr drei Tage voller Innovation, Inspiration und wertvoller Gespr\u00e4che zusammen. Es war eine gro\u00dfartige Gelegenheit, sich mit Branchenexperten auszutauschen, neue Partner zu treffen und die neuesten Trends zu erkunden, die die Zukunft der Fertigung pr\u00e4gen.  <\/p>\n<p>Die diesj\u00e4hrige Messe war mit \u00fcber 500 Ausstellern und 22.573 Besuchern aus ganz Polen und dem Ausland beeindruckend in Gr\u00f6\u00dfe und Umfang. Jede Halle bot die M\u00f6glichkeit, die neuesten Industriel\u00f6sungen zu erkunden, Live-Demonstrationen zu erleben und mit Innovatoren aus der ganzen Region in Kontakt zu treten, was die Messe zu einer inspirierenden Umgebung zum Lernen und zum Austausch von Ideen machte. <\/p>\n<p>Dieses Jahr war f\u00fcr uns etwas ganz Besonderes. Wir hatten die Ehre, die <strong>Quality &amp; Innovation Trade Fair Medals<\/strong> in zwei verschiedenen Kategorien zu erhalten: <\/p>\n<ol>\n<li><strong>Innovation<\/strong> &#8211; ausgezeichnet f\u00fcr unsere fortschrittlichen Sicherheitsl\u00f6sungen<\/li>\n<li><strong>Messestand<\/strong> &#8211; Erkennen Sie unser Ausstellungsdesign und unsere Pr\u00e4sentation<\/li>\n<\/ol>\n<p>Diese Unterscheidungen unterstreichen sowohl unsere technologischen Ambitionen als auch die Aufmerksamkeit, die wir der Kommunikation und Pr\u00e4sentation unserer Arbeit widmen.<\/p>\n<p>Die Warsaw Industry Week war wieder einmal eine unsch\u00e4tzbare Erfahrung f\u00fcr unser Team. Inspiriert von der Messe nehmen wir neue Ideen, sinnvolle Verbindungen und Erkenntnisse mit, die unsere zuk\u00fcnftigen Innovationen in der Fertigungsindustrie leiten werden. <\/p>\n","protected":false},"excerpt":{"rendered":"<p>Auch in diesem Jahr hatte unser Team wieder das Vergn\u00fcgen, an der Warsaw Industry Week teilzunehmen. Die 9. Ausgabe brachte f\u00fchrende Unternehmen, Experten und Technologiebegeisterte f\u00fcr drei Tage voller Innovation, Inspiration und wertvoller Gespr\u00e4che zusammen. Es war eine gro\u00dfartige Gelegenheit, sich mit Branchenexperten auszutauschen, neue Partner zu treffen und die neuesten Trends zu erkunden, die [&hellip;]<\/p>\n","protected":false},"author":11,"featured_media":39835,"parent":30484,"menu_order":0,"comment_status":"closed","ping_status":"closed","template":"","meta":{"inline_featured_image":false,"ngg_post_thumbnail":0,"footnotes":""},"class_list":["post-39888","page","type-page","status-publish","has-post-thumbnail","hentry"],"acf":[],"yoast_head":"<!-- This site is optimized with the Yoast SEO plugin v27.0 - https:\/\/yoast.com\/product\/yoast-seo-wordpress\/ -->\n<title>Warsaw Industry Week 2025 - Anter System<\/title>\n<meta name=\"description\" content=\"Auch in diesem Jahr hatte unser Team wieder das Vergn\u00fcgen, an der Warsaw Industry Week teilzunehmen. Die 9. Ausgabe brachte f\u00fchrende Unternehmen, Experten\" \/>\n<meta name=\"robots\" content=\"index, follow, max-snippet:-1, max-image-preview:large, max-video-preview:-1\" \/>\n<link rel=\"canonical\" href=\"https:\/\/antersystem.com\/de\/nachrichten\/warsaw-industry-week-2025\/\" \/>\n<meta property=\"og:locale\" content=\"de_DE\" \/>\n<meta property=\"og:type\" content=\"article\" \/>\n<meta property=\"og:title\" content=\"Warsaw Industry Week 2025 - Anter System\" \/>\n<meta property=\"og:description\" content=\"Auch in diesem Jahr hatte unser Team wieder das Vergn\u00fcgen, an der Warsaw Industry Week teilzunehmen. Die 9. Ausgabe brachte f\u00fchrende Unternehmen, Experten\" \/>\n<meta property=\"og:url\" content=\"https:\/\/antersystem.com\/de\/nachrichten\/warsaw-industry-week-2025\/\" \/>\n<meta property=\"og:site_name\" content=\"Anter System\" \/>\n<meta property=\"og:image\" content=\"https:\/\/antersystem.com\/wp-content\/uploads\/WIW2025-01.webp\" \/>\n\t<meta property=\"og:image:width\" content=\"2001\" \/>\n\t<meta property=\"og:image:height\" content=\"1001\" \/>\n\t<meta property=\"og:image:type\" content=\"image\/webp\" \/>\n<meta name=\"twitter:card\" content=\"summary_large_image\" \/>\n<meta name=\"twitter:label1\" content=\"Gesch\u00e4tzte Lesezeit\" \/>\n\t<meta name=\"twitter:data1\" content=\"1\u00a0Minute\" \/>\n<script type=\"application\/ld+json\" class=\"yoast-schema-graph\">{\"@context\":\"https:\/\/schema.org\",\"@graph\":[{\"@type\":\"WebPage\",\"@id\":\"https:\/\/antersystem.com\/de\/nachrichten\/warsaw-industry-week-2025\/\",\"url\":\"https:\/\/antersystem.com\/de\/nachrichten\/warsaw-industry-week-2025\/\",\"name\":\"Warsaw Industry Week 2025 - Anter System\",\"isPartOf\":{\"@id\":\"https:\/\/antersystem.com\/de\/#website\"},\"primaryImageOfPage\":{\"@id\":\"https:\/\/antersystem.com\/de\/nachrichten\/warsaw-industry-week-2025\/#primaryimage\"},\"image\":{\"@id\":\"https:\/\/antersystem.com\/de\/nachrichten\/warsaw-industry-week-2025\/#primaryimage\"},\"thumbnailUrl\":\"https:\/\/antersystem.com\/wp-content\/uploads\/WIW2025-01.webp\",\"datePublished\":\"2025-11-07T13:23:00+00:00\",\"description\":\"Auch in diesem Jahr hatte unser Team wieder das Vergn\u00fcgen, an der Warsaw Industry Week teilzunehmen. Die 9. Ausgabe brachte f\u00fchrende Unternehmen, Experten\",\"breadcrumb\":{\"@id\":\"https:\/\/antersystem.com\/de\/nachrichten\/warsaw-industry-week-2025\/#breadcrumb\"},\"inLanguage\":\"de\",\"potentialAction\":[{\"@type\":\"ReadAction\",\"target\":[\"https:\/\/antersystem.com\/de\/nachrichten\/warsaw-industry-week-2025\/\"]}]},{\"@type\":\"ImageObject\",\"inLanguage\":\"de\",\"@id\":\"https:\/\/antersystem.com\/de\/nachrichten\/warsaw-industry-week-2025\/#primaryimage\",\"url\":\"https:\/\/antersystem.com\/wp-content\/uploads\/WIW2025-01.webp\",\"contentUrl\":\"https:\/\/antersystem.com\/wp-content\/uploads\/WIW2025-01.webp\",\"width\":2001,\"height\":1001},{\"@type\":\"BreadcrumbList\",\"@id\":\"https:\/\/antersystem.com\/de\/nachrichten\/warsaw-industry-week-2025\/#breadcrumb\",\"itemListElement\":[{\"@type\":\"ListItem\",\"position\":1,\"name\":\"AnterSystem\",\"item\":\"https:\/\/antersystem.com\/de\/\"},{\"@type\":\"ListItem\",\"position\":2,\"name\":\"Nachrichten\",\"item\":\"https:\/\/antersystem.com\/de\/nachrichten\/\"},{\"@type\":\"ListItem\",\"position\":3,\"name\":\"Warsaw Industry Week 2025\"}]},{\"@type\":\"WebSite\",\"@id\":\"https:\/\/antersystem.com\/de\/#website\",\"url\":\"https:\/\/antersystem.com\/de\/\",\"name\":\"Anter System\",\"description\":\"Jeste\u015bmy polskim producentem elastycznych barier ochronnych wykonywanych z polimerowych tworzyw sztucznych. Na rynku krajowym i zagranicznym dzia\u0142amy od ponad 15 lat dbaj\u0105c o zapewnienie bezpiecze\u0144stwa w zak\u0142adach produkcyjnych, magazynach oraz centrach logistycznych.\",\"potentialAction\":[{\"@type\":\"SearchAction\",\"target\":{\"@type\":\"EntryPoint\",\"urlTemplate\":\"https:\/\/antersystem.com\/de\/?s={search_term_string}\"},\"query-input\":{\"@type\":\"PropertyValueSpecification\",\"valueRequired\":true,\"valueName\":\"search_term_string\"}}],\"inLanguage\":\"de\"}]}<\/script>\n<!-- \/ Yoast SEO plugin. -->","yoast_head_json":{"title":"Warsaw Industry Week 2025 - Anter System","description":"Auch in diesem Jahr hatte unser Team wieder das Vergn\u00fcgen, an der Warsaw Industry Week teilzunehmen. Die 9. Ausgabe brachte f\u00fchrende Unternehmen, Experten","robots":{"index":"index","follow":"follow","max-snippet":"max-snippet:-1","max-image-preview":"max-image-preview:large","max-video-preview":"max-video-preview:-1"},"canonical":"https:\/\/antersystem.com\/de\/nachrichten\/warsaw-industry-week-2025\/","og_locale":"de_DE","og_type":"article","og_title":"Warsaw Industry Week 2025 - Anter System","og_description":"Auch in diesem Jahr hatte unser Team wieder das Vergn\u00fcgen, an der Warsaw Industry Week teilzunehmen. Die 9. Ausgabe brachte f\u00fchrende Unternehmen, Experten","og_url":"https:\/\/antersystem.com\/de\/nachrichten\/warsaw-industry-week-2025\/","og_site_name":"Anter System","og_image":[{"width":2001,"height":1001,"url":"https:\/\/antersystem.com\/wp-content\/uploads\/WIW2025-01.webp","type":"image\/webp"}],"twitter_card":"summary_large_image","twitter_misc":{"Gesch\u00e4tzte Lesezeit":"1\u00a0Minute"},"schema":{"@context":"https:\/\/schema.org","@graph":[{"@type":"WebPage","@id":"https:\/\/antersystem.com\/de\/nachrichten\/warsaw-industry-week-2025\/","url":"https:\/\/antersystem.com\/de\/nachrichten\/warsaw-industry-week-2025\/","name":"Warsaw Industry Week 2025 - Anter System","isPartOf":{"@id":"https:\/\/antersystem.com\/de\/#website"},"primaryImageOfPage":{"@id":"https:\/\/antersystem.com\/de\/nachrichten\/warsaw-industry-week-2025\/#primaryimage"},"image":{"@id":"https:\/\/antersystem.com\/de\/nachrichten\/warsaw-industry-week-2025\/#primaryimage"},"thumbnailUrl":"https:\/\/antersystem.com\/wp-content\/uploads\/WIW2025-01.webp","datePublished":"2025-11-07T13:23:00+00:00","description":"Auch in diesem Jahr hatte unser Team wieder das Vergn\u00fcgen, an der Warsaw Industry Week teilzunehmen. Die 9. Ausgabe brachte f\u00fchrende Unternehmen, Experten","breadcrumb":{"@id":"https:\/\/antersystem.com\/de\/nachrichten\/warsaw-industry-week-2025\/#breadcrumb"},"inLanguage":"de","potentialAction":[{"@type":"ReadAction","target":["https:\/\/antersystem.com\/de\/nachrichten\/warsaw-industry-week-2025\/"]}]},{"@type":"ImageObject","inLanguage":"de","@id":"https:\/\/antersystem.com\/de\/nachrichten\/warsaw-industry-week-2025\/#primaryimage","url":"https:\/\/antersystem.com\/wp-content\/uploads\/WIW2025-01.webp","contentUrl":"https:\/\/antersystem.com\/wp-content\/uploads\/WIW2025-01.webp","width":2001,"height":1001},{"@type":"BreadcrumbList","@id":"https:\/\/antersystem.com\/de\/nachrichten\/warsaw-industry-week-2025\/#breadcrumb","itemListElement":[{"@type":"ListItem","position":1,"name":"AnterSystem","item":"https:\/\/antersystem.com\/de\/"},{"@type":"ListItem","position":2,"name":"Nachrichten","item":"https:\/\/antersystem.com\/de\/nachrichten\/"},{"@type":"ListItem","position":3,"name":"Warsaw Industry Week 2025"}]},{"@type":"WebSite","@id":"https:\/\/antersystem.com\/de\/#website","url":"https:\/\/antersystem.com\/de\/","name":"Anter System","description":"Jeste\u015bmy polskim producentem elastycznych barier ochronnych wykonywanych z polimerowych tworzyw sztucznych. Na rynku krajowym i zagranicznym dzia\u0142amy od ponad 15 lat dbaj\u0105c o zapewnienie bezpiecze\u0144stwa w zak\u0142adach produkcyjnych, magazynach oraz centrach logistycznych.","potentialAction":[{"@type":"SearchAction","target":{"@type":"EntryPoint","urlTemplate":"https:\/\/antersystem.com\/de\/?s={search_term_string}"},"query-input":{"@type":"PropertyValueSpecification","valueRequired":true,"valueName":"search_term_string"}}],"inLanguage":"de"}]}},"_links":{"self":[{"href":"https:\/\/antersystem.com\/de\/wp-json\/wp\/v2\/pages\/39888","targetHints":{"allow":["GET"]}}],"collection":[{"href":"https:\/\/antersystem.com\/de\/wp-json\/wp\/v2\/pages"}],"about":[{"href":"https:\/\/antersystem.com\/de\/wp-json\/wp\/v2\/types\/page"}],"author":[{"embeddable":true,"href":"https:\/\/antersystem.com\/de\/wp-json\/wp\/v2\/users\/11"}],"replies":[{"embeddable":true,"href":"https:\/\/antersystem.com\/de\/wp-json\/wp\/v2\/comments?post=39888"}],"version-history":[{"count":0,"href":"https:\/\/antersystem.com\/de\/wp-json\/wp\/v2\/pages\/39888\/revisions"}],"up":[{"embeddable":true,"href":"https:\/\/antersystem.com\/de\/wp-json\/wp\/v2\/pages\/30484"}],"wp:featuredmedia":[{"embeddable":true,"href":"https:\/\/antersystem.com\/de\/wp-json\/wp\/v2\/media\/39835"}],"wp:attachment":[{"href":"https:\/\/antersystem.com\/de\/wp-json\/wp\/v2\/media?parent=39888"}],"curies":[{"name":"wp","href":"https:\/\/api.w.org\/{rel}","templated":true}]}}