{"id":40074,"date":"2026-02-12T13:00:38","date_gmt":"2026-02-12T12:00:38","guid":{"rendered":"https:\/\/antersystem.com\/case-studies\/hygiene-focused-safety-in-food-production\/"},"modified":"2026-02-12T13:06:47","modified_gmt":"2026-02-12T12:06:47","slug":"hygiene-focused-safety-in-food-production","status":"publish","type":"page","link":"https:\/\/antersystem.com\/de\/case-studies\/hygiene-focused-safety-in-food-production\/","title":{"rendered":"Hygieneorientierte Sicherheit in der Lebensmittelproduktion"},"content":{"rendered":"\n<h2 class=\"wp-block-heading\">Ein verantwortungsvoller Ansatz f\u00fcr Sicherheit und Hygiene in einer Lebensmittelproduktionsst\u00e4tte<\/h2>\n\n<div class=\"wp-block-media-text has-media-on-the-right is-stacked-on-mobile is-image-fill-element\" style=\"grid-template-columns:auto 35%\"><div class=\"wp-block-media-text__content\">\n<h3 class=\"wp-block-heading\">Eine gemeinsame Mission: Sicherheit und Innovation<\/h3>\n\n\n\n<p>Der Kunde ist ein europ\u00e4ischer Hersteller, der auf dem Gebiet der medizinischen Ern\u00e4hrung und der Herstellung von S\u00e4uglingsnahrung t\u00e4tig ist. Seine Aufgabe besteht darin, Menschen in den schw\u00e4chsten Momenten ihres Lebens die bestm\u00f6gliche Ern\u00e4hrung zukommen zu lassen. Eine solche verantwortungsvolle Erkl\u00e4rung muss Hand in Hand gehen mit den <strong>h\u00f6chsten Sicherheits- und Hygienestandards<\/strong> im Produktionsprozess.  <\/p>\n\n\n\n<p>Anter System, als Hersteller von modernen Sicherheitsl\u00f6sungen, passt perfekt zu diesen Bed\u00fcrfnissen, indem es Systeme anbietet, die diese Mission durch <strong>echte Verbesserungen der Sicherheit und Sauberkeit<\/strong> in der Produktionsumgebung unterst\u00fctzen.<\/p>\n\n\n\n<h3 class=\"wp-block-heading\">Langfristige Zusammenarbeit<\/h3>\n\n\n\n<p>Anter System arbeitet seit mehr als 10 Jahren mit den Produktionsst\u00e4tten dieses Industrieunternehmens zusammen und hat nacheinander flexible Sicherheitssysteme installiert. In dieser Zeit wurden mehr als 20 Projekte abgeschlossen, die jeweils auf <strong>individuelle Anforderungen und hohe Betriebsstandards<\/strong> zugeschnitten waren. <\/p>\n\n\n\n<p><strong>Die ersten Barrieren, die zu Beginn dieser langfristigen Zusammenarbeit installiert wurden, sind noch heute<\/strong> in den Produktionsanlagen <strong>im Einsatz<\/strong> &#8211; ohne dass sie ausgetauscht oder \u00fcberholt werden m\u00fcssen. Dies ist ein klarer Beweis f\u00fcr die <strong>Langlebigkeit und Qualit\u00e4t<\/strong> der eingesetzten L\u00f6sungen, was sich direkt in langfristigem Vertrauen niederschl\u00e4gt. <\/p>\n<\/div><figure class=\"wp-block-media-text__media\"><img loading=\"lazy\" decoding=\"async\" width=\"801\" height=\"1001\" src=\"https:\/\/antersystem.com\/wp-content\/uploads\/case-study-hygiene-12.webp\" alt=\"\" class=\"wp-image-39969 size-full\" style=\"object-position:50% 50%\" srcset=\"https:\/\/antersystem.com\/wp-content\/uploads\/case-study-hygiene-12.webp 801w, https:\/\/antersystem.com\/wp-content\/uploads\/case-study-hygiene-12-240x300.webp 240w, https:\/\/antersystem.com\/wp-content\/uploads\/case-study-hygiene-12-768x960.webp 768w, https:\/\/antersystem.com\/wp-content\/uploads\/case-study-hygiene-12-450x562.webp 450w, https:\/\/antersystem.com\/wp-content\/uploads\/case-study-hygiene-12-330x412.webp 330w\" sizes=\"auto, (max-width: 801px) 100vw, 801px\" \/><\/figure><\/div>\n\n<div style=\"height:20px\" aria-hidden=\"true\" class=\"wp-block-spacer\"><\/div>\n\n<div class=\"wp-block-media-text is-stacked-on-mobile\" style=\"grid-template-columns:35% auto\"><figure class=\"wp-block-media-text__media\"><img loading=\"lazy\" decoding=\"async\" width=\"801\" height=\"1001\" src=\"https:\/\/antersystem.com\/wp-content\/uploads\/case-study-hygiene-13.webp\" alt=\"\" class=\"wp-image-39984 size-full\" srcset=\"https:\/\/antersystem.com\/wp-content\/uploads\/case-study-hygiene-13.webp 801w, https:\/\/antersystem.com\/wp-content\/uploads\/case-study-hygiene-13-240x300.webp 240w, https:\/\/antersystem.com\/wp-content\/uploads\/case-study-hygiene-13-768x960.webp 768w, https:\/\/antersystem.com\/wp-content\/uploads\/case-study-hygiene-13-450x562.webp 450w, https:\/\/antersystem.com\/wp-content\/uploads\/case-study-hygiene-13-330x412.webp 330w\" sizes=\"auto, (max-width: 801px) 100vw, 801px\" \/><\/figure><div class=\"wp-block-media-text__content\">\n<h3 class=\"wp-block-heading\">Hygiene unter Kontrolle &#8211; Sicherheit ohne Kompromisse<\/h3>\n\n\n\n<p>Die Herstellung von Nahrungsmitteln, insbesondere f\u00fcr <strong>Kleinkinder und Menschen mit besonderen medizinischen Bed\u00fcrfnissen<\/strong>, erfordert<br\/><strong>absolut die h\u00f6chsten Standards f\u00fcr Sauberkeit<\/strong>. In solchen Einrichtungen gibt es <strong>keinen Platz f\u00fcr Kompromisse<\/strong><br\/>&#8211; jedes Element der Ausr\u00fcstung muss die Sicherheit unterst\u00fctzen und den <strong>strengen hygienischen Anforderungen<\/strong> entsprechen. <\/p>\n\n\n\n<p>Eine g\u00e4ngige L\u00f6sung in vielen Industriebetrieben sind Sicherheitsbarrieren aus Stahl. In Bereichen mit hohen Hygienestandards birgt ihre Verwendung jedoch eine Reihe von Risiken, wie z.B. das Abplatzen der Farbe, die Anf\u00e4lligkeit f\u00fcr Korrosion und die Notwendigkeit einer regelm\u00e4\u00dfigen Wartung. Barrieren aus Edelstahl hingegen sind eine kostspielige Option und m\u00fcssen im Falle eines Aufprallschadens oft komplett ausgetauscht werden, was zus\u00e4tzliche Kosten verursacht und das Risiko von Produktionsausf\u00e4llen erh\u00f6ht. In Umgebungen, in denen <strong>Hygiene und Zuverl\u00e4ssigkeit<\/strong> ebenso wichtig sind wie Haltbarkeit, erweist sich eine solche Schutzstrategie als unzureichend.   <\/p>\n\n\n\n<p>Aus diesem Grund entschied sich der Kunde f\u00fcr den Einsatz der flexiblen Sicherheitsbarrieren von Anter System. Diese L\u00f6sungen wurden speziell f\u00fcr Umgebungen mit <strong>besonders hohen Anforderungen<\/strong> entwickelt. Die f\u00fcr die Herstellung der Barrieren verwendeten Materialien:  <\/p>\n\n\n\n<ul class=\"wp-block-list\">\n<li>sind resistent gegen Korrosion,<\/li>\n\n\n\n<li>nicht absplittern oder abbl\u00e4ttern,<\/li>\n\n\n\n<li>sind durchg\u00e4ngig gef\u00e4rbt und behalten so ihre \u00c4sthetik,<\/li>\n\n\n\n<li>erf\u00fcllen die strengen HACCP- und FDA-Standards,<\/li>\n\n\n\n<li>sind leicht sauber zu halten,<\/li>\n\n\n\n<li>sind in Versionen mit Innenbefestigung erh\u00e4ltlich, die die Bildung von Vertiefungen, in denen sich Schmutz ansammeln k\u00f6nnte, einschr\u00e4nkt und das Risiko der Korrosion der Befestigungselemente ausschlie\u00dft.<\/li>\n<\/ul>\n\n\n\n<p>Durch die Wahl flexibler Sicherheitsbarrieren konnte der Kunde ein <strong>H\u00f6chstma\u00df an Sicherheit<\/strong> gew\u00e4hrleisten &#8211; sowohl f\u00fcr die Mitarbeiter als auch f\u00fcr das Produkt. Diese Entscheidung best\u00e4tigt das starke Engagement f\u00fcr die Aufrechterhaltung von <strong>Weltklasse-Standards<\/strong> in jedem Bereich der Produktionsanlage. <\/p>\n<\/div><\/div>\n\n<h3 class=\"wp-block-heading\">Gesch\u00fctzte B\u00f6den &#8211; wenn Sicherheit von Grund auf beginnt<\/h3>\n\n<p>In der Produktionsst\u00e4tte werden spezielle Harzb\u00f6den mit antistatischen Eigenschaften verwendet, die f\u00fcr die Aufrechterhaltung der <strong>Sterilit\u00e4t und Betriebssicherheit<\/strong> unerl\u00e4sslich sind. Ein solcher Bodenbelag stellt eine betr\u00e4chtliche Investition dar, und jede Besch\u00e4digung w\u00fcrde nicht nur hohe Reparaturkosten verursachen, sondern auch zu einem m\u00f6glichen Produktionsausfall f\u00fchren. <\/p>\n\n<p>Flexible Sicherheitsbarrieren von Anter System sch\u00fctzen nicht nur Menschen und Maschinen, sondern reduzieren auch das <strong>Risiko von Bodensch\u00e4den<\/strong> erheblich:<\/p>\n\n<ul class=\"wp-block-list\">\n<li>Sie verformen sich beim Aufprall und kehren in ihre urspr\u00fcngliche Form zur\u00fcck,<\/li>\n\n\n\n<li>Sie minimieren die Kraft, die vom Aufprall auf die Anker und Befestigungen \u00fcbertragen wird,<\/li>\n\n\n\n<li>Sie ben\u00f6tigen bis zu 50 % weniger Befestigungen als Alternativen aus Stahl, was den Eingriff in die Bodenstruktur erheblich reduziert.<\/li>\n<\/ul>\n\n<p>Dank dieser Eigenschaften sch\u00fctzt die Investition in flexible Sicherheitsbarrieren den Bodenbelag effektiv, <strong>begrenzt das Risiko von Produktionsausf\u00e4llen und gew\u00e4hrleistet die Kontinuit\u00e4t des Betriebs<\/strong> auch unter den anspruchsvollsten Bedingungen.<\/p>\n\n<div class=\"wp-block-media-text is-stacked-on-mobile\" style=\"grid-template-columns:35% auto\"><figure class=\"wp-block-media-text__media\"><img loading=\"lazy\" decoding=\"async\" width=\"801\" height=\"1001\" src=\"https:\/\/antersystem.com\/wp-content\/uploads\/case-study-hygiene-11.webp\" alt=\"\" class=\"wp-image-39999 size-full\" srcset=\"https:\/\/antersystem.com\/wp-content\/uploads\/case-study-hygiene-11.webp 801w, https:\/\/antersystem.com\/wp-content\/uploads\/case-study-hygiene-11-240x300.webp 240w, https:\/\/antersystem.com\/wp-content\/uploads\/case-study-hygiene-11-768x960.webp 768w, https:\/\/antersystem.com\/wp-content\/uploads\/case-study-hygiene-11-450x562.webp 450w, https:\/\/antersystem.com\/wp-content\/uploads\/case-study-hygiene-11-330x412.webp 330w\" sizes=\"auto, (max-width: 801px) 100vw, 801px\" \/><\/figure><div class=\"wp-block-media-text__content\">\n<h3 class=\"wp-block-heading\">Bedienerkomfort = weniger Unf\u00e4lle<\/h3>\n\n\n\n<p>Die Barrieren sind nicht nur auf Haltbarkeit ausgelegt, sondern auch auf <strong>Ergonomie und Sichtbarkeit<\/strong>. Die <strong>leuchtend gelbe Farbe<\/strong> der Anter System Elemente verbessert die Sichtbarkeit f\u00fcr Gabelstaplerfahrer erheblich und reduziert das Risiko von Kollisionen im Vergleich zu verzinkten Stahlbarrieren mit geringem visuellen Kontrast. <\/p>\n\n\n\n<p>Au\u00dferdem haben die Barrieren <strong>keine scharfen Kanten<\/strong> &#8211; ein wichtiger Faktor beim Schutz von Waren, die auf Gabelstaplern transportiert werden, wie z.B. S\u00e4uglingsnahrung in Pulverform, und vor allem beim Schutz der Gesundheit der Mitarbeiter.<\/p>\n\n\n\n<h3 class=\"wp-block-heading\">Ein intelligenter Ansatz f\u00fcr die Organisation des Weltraums<\/h3>\n\n\n\n<p><strong>Enge Korridore und begrenzter Arbeitsraum<\/strong> sind h\u00e4ufige Herausforderungen in Produktionsst\u00e4tten. In diesem Fall war ein <strong>flexibler Ansatz f\u00fcr die Zoneneinteilung<\/strong> erforderlich, der gleichzeitig einen reibungslosen Ablauf und ein <strong>hohes Ma\u00df an Sicherheit<\/strong> gew\u00e4hrleistet. <\/p>\n\n\n\n<p>Der <strong>modulare Aufbau<\/strong> unserer Barrieren erm\u00f6glicht die Anpassung des Layouts an die Geometrie der Halle, schnelle \u00c4nderungen bei der Umstrukturierung der Produktion und die Optimierung der Verkehrswege f\u00fcr Fu\u00dfg\u00e4nger und Fahrzeuge. Die technischen Berater unterst\u00fctzten das Projekt nicht nur mit Produkten, sondern auch mit <strong>Know-how in Bezug auf die Planung des Verkehrsflusses<\/strong> und die optimale Platzierung von Fu\u00dfg\u00e4nger\u00fcberwegen &#8211; damit der t\u00e4gliche Betrieb sowohl <strong>effizient<\/strong> als auch <strong>so sicher wie m\u00f6glich<\/strong> ist. <\/p>\n\n\n\n<h3 class=\"wp-block-heading\">Mit dem Klima im Hinterkopf<\/h3>\n\n\n\n<p>Der Kunde setzt eine <strong>langfristige Strategie<\/strong> um, die darauf abzielt, die <strong>Treibhausgasemissionen<\/strong> zu reduzieren und <strong>Netto-Null-Ziele<\/strong> zu erreichen. Die Wahl von <strong>flexiblen Sicherheitsbarrieren<\/strong> unterst\u00fctzt diesen Ansatz. Flexible Barrieren haben einen <strong>bis zu f\u00fcnfmal geringeren CO2-Fu\u00dfabdruck<\/strong> als Stahlbarrieren.  <\/p>\n<\/div><\/div>\n\n<h3 class=\"wp-block-heading\">Verwendete Produkte<\/h3>\n\n<p>Im Rahmen des Projekts wurden die folgenden L\u00f6sungen geliefert und installiert:<\/p>\n\n<p><strong><a href=\"https:\/\/antersystem.com\/de\/produkte\/traffic-r3-gb-barrier\/\" target=\"_blank\" rel=\"noopener\">Traffic R3 GB flexible Barrieren<\/a> <\/strong>&#8211; zur Schaffung von Verkehrswegen und zum Schutz von Fu\u00dfg\u00e4ngern und Maschinen, mit einem niedrigeren GB-Profil, das verhindert, dass Gabelstaplergabeln unter die Barriere fahren.<\/p>\n\n<p><strong><a href=\"https:\/\/antersystem.com\/de\/produkte\/sga-safety-gate-stop\/\" target=\"_blank\" rel=\"noopener\">SGA Sicherheitsschleusen<\/a><\/strong> mit Piktogrammen, einseitig \u00f6ffnend &#8211; eine physische Barriere, die Fu\u00dfg\u00e4nger vor dem versehentlichen Betreten von Gabelstaplerverkehrswegen sch\u00fctzt.<\/p>\n\n<p><strong><a href=\"https:\/\/antersystem.com\/de\/produkte\/pa-safety-bollard\/\" target=\"_blank\" rel=\"noopener\">PA Sicherheitspoller<\/a> <\/strong>&#8211; installiert an Eingangstoren, flexibel und widerstandsf\u00e4hig gegen wiederholte St\u00f6\u00dfe, zum Schutz von Strukturelementen in Bereichen mit der h\u00f6chsten Anzahl von Man\u00f6vern.<\/p>\n\n<p><strong><a href=\"https:\/\/antersystem.com\/de\/produkte\/slide-gate-r3\/\" target=\"_blank\" rel=\"noopener\">Slide Gate R3 Sicherheitsschiebetore<\/a><\/strong> &#8211; erm\u00f6glichen den Materialtransport zwischen Verkehrswegen und ein flexibles Raummanagement.<\/p>\n\n<h3 class=\"wp-block-heading\">Das Ergebnis? Mehr Sicherheit im Tagesgesch\u00e4ft und ein gr\u00f6\u00dferer Vorteil <\/h3>\n\n<p>Die Implementierung der flexiblen Sicherheitsbarrieren von Anter System in dieser Produktionsst\u00e4tte geht weit \u00fcber den Standard-Raumschutz hinaus. Von Anfang an war es das Ziel, die <strong>h\u00f6chsten Standards f\u00fcr Sicherheit, Hygiene und Effizienz<\/strong> zu gew\u00e4hrleisten. Dieser Ansatz bietet einen echten Wettbewerbsvorteil &#8211; denn Sicherheit sollte nicht als Zusatz, sondern als Grundlage des Betriebs behandelt werden.  <\/p>\n\n<h3 class=\"wp-block-heading\">Zusammenfassung<\/h3>\n\n<p>Wir bei Anter System sind davon \u00fcberzeugt, dass <strong>echte Innovation echte Probleme l\u00f6st und einen langfristigen Wert schafft<\/strong>. Die Zusammenarbeit mit anspruchsvollen Herstellern aus den Bereichen Lebensmittel und medizinische Ern\u00e4hrung erm\u00f6glicht es uns, dauerhafte L\u00f6sungen zu schaffen, die die Sicherheit wirklich verbessern, eine nachhaltige Entwicklung unterst\u00fctzen und die Standards f\u00fcr ganze Branchen anheben. <\/p>\n\nngg_shortcode_0_placeholder\n","protected":false},"excerpt":{"rendered":"<p>Ein verantwortungsvoller Ansatz f\u00fcr Sicherheit und Hygiene in einer Lebensmittelproduktionsst\u00e4tte Eine gemeinsame Mission: Sicherheit und Innovation Der Kunde ist ein europ\u00e4ischer Hersteller, der auf dem Gebiet der medizinischen Ern\u00e4hrung und der Herstellung von S\u00e4uglingsnahrung t\u00e4tig ist. Seine Aufgabe besteht darin, Menschen in den schw\u00e4chsten Momenten ihres Lebens die bestm\u00f6gliche Ern\u00e4hrung zukommen zu lassen. Eine solche [&hellip;]<\/p>\n","protected":false},"author":11,"featured_media":40035,"parent":12621,"menu_order":0,"comment_status":"closed","ping_status":"closed","template":"","meta":{"inline_featured_image":false,"ngg_post_thumbnail":0,"footnotes":""},"class_list":["post-40074","page","type-page","status-publish","has-post-thumbnail","hentry"],"acf":[],"yoast_head":"<!-- This site is optimized with the Yoast SEO plugin v27.0 - https:\/\/yoast.com\/product\/yoast-seo-wordpress\/ -->\n<title>Hygieneorientierte Sicherheit in der Lebensmittelproduktion - Anter System<\/title>\n<meta name=\"description\" content=\"Ein verantwortungsvoller Ansatz f\u00fcr Sicherheit und Hygiene in einer Lebensmittelproduktionsst\u00e4tte Eine gemeinsame Mission: Sicherheit und Innovation Der\" \/>\n<meta name=\"robots\" content=\"index, follow, max-snippet:-1, max-image-preview:large, max-video-preview:-1\" \/>\n<link rel=\"canonical\" href=\"https:\/\/antersystem.com\/de\/case-studies\/hygiene-focused-safety-in-food-production\/\" \/>\n<meta property=\"og:locale\" content=\"de_DE\" \/>\n<meta property=\"og:type\" content=\"article\" \/>\n<meta property=\"og:title\" content=\"Hygieneorientierte Sicherheit in der Lebensmittelproduktion - Anter System\" \/>\n<meta property=\"og:description\" content=\"Ein verantwortungsvoller Ansatz f\u00fcr Sicherheit und Hygiene in einer Lebensmittelproduktionsst\u00e4tte Eine gemeinsame Mission: Sicherheit und Innovation Der\" \/>\n<meta property=\"og:url\" content=\"https:\/\/antersystem.com\/de\/case-studies\/hygiene-focused-safety-in-food-production\/\" \/>\n<meta property=\"og:site_name\" content=\"Anter System\" \/>\n<meta property=\"article:modified_time\" content=\"2026-02-12T12:06:47+00:00\" \/>\n<meta property=\"og:image\" content=\"https:\/\/antersystem.com\/wp-content\/uploads\/case-study-hygiene-cover.webp\" \/>\n\t<meta property=\"og:image:width\" content=\"1921\" \/>\n\t<meta property=\"og:image:height\" content=\"1081\" \/>\n\t<meta property=\"og:image:type\" content=\"image\/webp\" \/>\n<meta name=\"twitter:card\" content=\"summary_large_image\" \/>\n<meta name=\"twitter:label1\" content=\"Gesch\u00e4tzte Lesezeit\" \/>\n\t<meta name=\"twitter:data1\" content=\"6\u00a0Minuten\" \/>\n<script type=\"application\/ld+json\" class=\"yoast-schema-graph\">{\"@context\":\"https:\/\/schema.org\",\"@graph\":[{\"@type\":\"WebPage\",\"@id\":\"https:\/\/antersystem.com\/de\/case-studies\/hygiene-focused-safety-in-food-production\/\",\"url\":\"https:\/\/antersystem.com\/de\/case-studies\/hygiene-focused-safety-in-food-production\/\",\"name\":\"Hygieneorientierte Sicherheit in der Lebensmittelproduktion - Anter System\",\"isPartOf\":{\"@id\":\"https:\/\/antersystem.com\/de\/#website\"},\"primaryImageOfPage\":{\"@id\":\"https:\/\/antersystem.com\/de\/case-studies\/hygiene-focused-safety-in-food-production\/#primaryimage\"},\"image\":{\"@id\":\"https:\/\/antersystem.com\/de\/case-studies\/hygiene-focused-safety-in-food-production\/#primaryimage\"},\"thumbnailUrl\":\"https:\/\/antersystem.com\/wp-content\/uploads\/case-study-hygiene-cover.webp\",\"datePublished\":\"2026-02-12T12:00:38+00:00\",\"dateModified\":\"2026-02-12T12:06:47+00:00\",\"description\":\"Ein verantwortungsvoller Ansatz f\u00fcr Sicherheit und Hygiene in einer Lebensmittelproduktionsst\u00e4tte Eine gemeinsame Mission: Sicherheit und Innovation Der\",\"breadcrumb\":{\"@id\":\"https:\/\/antersystem.com\/de\/case-studies\/hygiene-focused-safety-in-food-production\/#breadcrumb\"},\"inLanguage\":\"de\",\"potentialAction\":[{\"@type\":\"ReadAction\",\"target\":[\"https:\/\/antersystem.com\/de\/case-studies\/hygiene-focused-safety-in-food-production\/\"]}]},{\"@type\":\"ImageObject\",\"inLanguage\":\"de\",\"@id\":\"https:\/\/antersystem.com\/de\/case-studies\/hygiene-focused-safety-in-food-production\/#primaryimage\",\"url\":\"https:\/\/antersystem.com\/wp-content\/uploads\/case-study-hygiene-cover.webp\",\"contentUrl\":\"https:\/\/antersystem.com\/wp-content\/uploads\/case-study-hygiene-cover.webp\",\"width\":1921,\"height\":1081},{\"@type\":\"BreadcrumbList\",\"@id\":\"https:\/\/antersystem.com\/de\/case-studies\/hygiene-focused-safety-in-food-production\/#breadcrumb\",\"itemListElement\":[{\"@type\":\"ListItem\",\"position\":1,\"name\":\"AnterSystem\",\"item\":\"https:\/\/antersystem.com\/de\/\"},{\"@type\":\"ListItem\",\"position\":2,\"name\":\"Fallstudien\",\"item\":\"https:\/\/antersystem.com\/de\/case-studies\/\"},{\"@type\":\"ListItem\",\"position\":3,\"name\":\"Hygieneorientierte Sicherheit in der Lebensmittelproduktion\"}]},{\"@type\":\"WebSite\",\"@id\":\"https:\/\/antersystem.com\/de\/#website\",\"url\":\"https:\/\/antersystem.com\/de\/\",\"name\":\"Anter System\",\"description\":\"Jeste\u015bmy polskim producentem elastycznych barier ochronnych wykonywanych z polimerowych tworzyw sztucznych. Na rynku krajowym i zagranicznym dzia\u0142amy od ponad 15 lat dbaj\u0105c o zapewnienie bezpiecze\u0144stwa w zak\u0142adach produkcyjnych, magazynach oraz centrach logistycznych.\",\"potentialAction\":[{\"@type\":\"SearchAction\",\"target\":{\"@type\":\"EntryPoint\",\"urlTemplate\":\"https:\/\/antersystem.com\/de\/?s={search_term_string}\"},\"query-input\":{\"@type\":\"PropertyValueSpecification\",\"valueRequired\":true,\"valueName\":\"search_term_string\"}}],\"inLanguage\":\"de\"}]}<\/script>\n<!-- \/ Yoast SEO plugin. -->","yoast_head_json":{"title":"Hygieneorientierte Sicherheit in der Lebensmittelproduktion - Anter System","description":"Ein verantwortungsvoller Ansatz f\u00fcr Sicherheit und Hygiene in einer Lebensmittelproduktionsst\u00e4tte Eine gemeinsame Mission: Sicherheit und Innovation Der","robots":{"index":"index","follow":"follow","max-snippet":"max-snippet:-1","max-image-preview":"max-image-preview:large","max-video-preview":"max-video-preview:-1"},"canonical":"https:\/\/antersystem.com\/de\/case-studies\/hygiene-focused-safety-in-food-production\/","og_locale":"de_DE","og_type":"article","og_title":"Hygieneorientierte Sicherheit in der Lebensmittelproduktion - Anter System","og_description":"Ein verantwortungsvoller Ansatz f\u00fcr Sicherheit und Hygiene in einer Lebensmittelproduktionsst\u00e4tte Eine gemeinsame Mission: Sicherheit und Innovation Der","og_url":"https:\/\/antersystem.com\/de\/case-studies\/hygiene-focused-safety-in-food-production\/","og_site_name":"Anter System","article_modified_time":"2026-02-12T12:06:47+00:00","og_image":[{"width":1921,"height":1081,"url":"https:\/\/antersystem.com\/wp-content\/uploads\/case-study-hygiene-cover.webp","type":"image\/webp"}],"twitter_card":"summary_large_image","twitter_misc":{"Gesch\u00e4tzte Lesezeit":"6\u00a0Minuten"},"schema":{"@context":"https:\/\/schema.org","@graph":[{"@type":"WebPage","@id":"https:\/\/antersystem.com\/de\/case-studies\/hygiene-focused-safety-in-food-production\/","url":"https:\/\/antersystem.com\/de\/case-studies\/hygiene-focused-safety-in-food-production\/","name":"Hygieneorientierte Sicherheit in der Lebensmittelproduktion - Anter System","isPartOf":{"@id":"https:\/\/antersystem.com\/de\/#website"},"primaryImageOfPage":{"@id":"https:\/\/antersystem.com\/de\/case-studies\/hygiene-focused-safety-in-food-production\/#primaryimage"},"image":{"@id":"https:\/\/antersystem.com\/de\/case-studies\/hygiene-focused-safety-in-food-production\/#primaryimage"},"thumbnailUrl":"https:\/\/antersystem.com\/wp-content\/uploads\/case-study-hygiene-cover.webp","datePublished":"2026-02-12T12:00:38+00:00","dateModified":"2026-02-12T12:06:47+00:00","description":"Ein verantwortungsvoller Ansatz f\u00fcr Sicherheit und Hygiene in einer Lebensmittelproduktionsst\u00e4tte Eine gemeinsame Mission: Sicherheit und Innovation Der","breadcrumb":{"@id":"https:\/\/antersystem.com\/de\/case-studies\/hygiene-focused-safety-in-food-production\/#breadcrumb"},"inLanguage":"de","potentialAction":[{"@type":"ReadAction","target":["https:\/\/antersystem.com\/de\/case-studies\/hygiene-focused-safety-in-food-production\/"]}]},{"@type":"ImageObject","inLanguage":"de","@id":"https:\/\/antersystem.com\/de\/case-studies\/hygiene-focused-safety-in-food-production\/#primaryimage","url":"https:\/\/antersystem.com\/wp-content\/uploads\/case-study-hygiene-cover.webp","contentUrl":"https:\/\/antersystem.com\/wp-content\/uploads\/case-study-hygiene-cover.webp","width":1921,"height":1081},{"@type":"BreadcrumbList","@id":"https:\/\/antersystem.com\/de\/case-studies\/hygiene-focused-safety-in-food-production\/#breadcrumb","itemListElement":[{"@type":"ListItem","position":1,"name":"AnterSystem","item":"https:\/\/antersystem.com\/de\/"},{"@type":"ListItem","position":2,"name":"Fallstudien","item":"https:\/\/antersystem.com\/de\/case-studies\/"},{"@type":"ListItem","position":3,"name":"Hygieneorientierte Sicherheit in der Lebensmittelproduktion"}]},{"@type":"WebSite","@id":"https:\/\/antersystem.com\/de\/#website","url":"https:\/\/antersystem.com\/de\/","name":"Anter System","description":"Jeste\u015bmy polskim producentem elastycznych barier ochronnych wykonywanych z polimerowych tworzyw sztucznych. Na rynku krajowym i zagranicznym dzia\u0142amy od ponad 15 lat dbaj\u0105c o zapewnienie bezpiecze\u0144stwa w zak\u0142adach produkcyjnych, magazynach oraz centrach logistycznych.","potentialAction":[{"@type":"SearchAction","target":{"@type":"EntryPoint","urlTemplate":"https:\/\/antersystem.com\/de\/?s={search_term_string}"},"query-input":{"@type":"PropertyValueSpecification","valueRequired":true,"valueName":"search_term_string"}}],"inLanguage":"de"}]}},"_links":{"self":[{"href":"https:\/\/antersystem.com\/de\/wp-json\/wp\/v2\/pages\/40074","targetHints":{"allow":["GET"]}}],"collection":[{"href":"https:\/\/antersystem.com\/de\/wp-json\/wp\/v2\/pages"}],"about":[{"href":"https:\/\/antersystem.com\/de\/wp-json\/wp\/v2\/types\/page"}],"author":[{"embeddable":true,"href":"https:\/\/antersystem.com\/de\/wp-json\/wp\/v2\/users\/11"}],"replies":[{"embeddable":true,"href":"https:\/\/antersystem.com\/de\/wp-json\/wp\/v2\/comments?post=40074"}],"version-history":[{"count":1,"href":"https:\/\/antersystem.com\/de\/wp-json\/wp\/v2\/pages\/40074\/revisions"}],"predecessor-version":[{"id":40075,"href":"https:\/\/antersystem.com\/de\/wp-json\/wp\/v2\/pages\/40074\/revisions\/40075"}],"up":[{"embeddable":true,"href":"https:\/\/antersystem.com\/de\/wp-json\/wp\/v2\/pages\/12621"}],"wp:featuredmedia":[{"embeddable":true,"href":"https:\/\/antersystem.com\/de\/wp-json\/wp\/v2\/media\/40035"}],"wp:attachment":[{"href":"https:\/\/antersystem.com\/de\/wp-json\/wp\/v2\/media?parent=40074"}],"curies":[{"name":"wp","href":"https:\/\/api.w.org\/{rel}","templated":true}]}}