{"id":40160,"date":"2022-05-31T14:30:17","date_gmt":"2022-05-31T12:30:17","guid":{"rendered":"https:\/\/antersystem.com\/cookie-policy\/"},"modified":"2026-02-19T10:31:42","modified_gmt":"2026-02-19T09:31:42","slug":"cookie-policy","status":"publish","type":"page","link":"https:\/\/antersystem.com\/de\/cookie-policy\/","title":{"rendered":"Cookie-Richtlinie"},"content":{"rendered":"\n<p class=\"has-text-align-left\"><strong>Cookies sind kleine Datendateien, die an Ihr Ger\u00e4t gesendet werden, wenn Sie unsere Website besuchen, und die Informationen dar\u00fcber speichern, wie Sie die Website nutzen, und manchmal Informationen \u00fcber Sie nachverfolgen.<\/strong>  Cookies erm\u00f6glichen es uns, Ihr Ger\u00e4t zu erkennen und Daten wie den Domainnamen Ihres Internetdienstanbieters, den Browsertyp, den Typ des Betriebssystems, die IP-Adresse, die Website, von der aus Sie zu uns weitergeleitet wurden, sowie Betriebsdaten oder Informationen \u00fcber den Standort des Ger\u00e4ts zu sammeln. Bei den durch Cookies gesammelten Informationen handelt es sich nicht immer um personenbezogene Daten im Sinne der Verordnung (EU) 2016\/679 des Europ\u00e4ischen Parlaments und des Rates vom 27. April 2016 zum Schutz nat\u00fcrlicher Personen bei der Verarbeitung personenbezogener Daten, zum freien Datenverkehr und zur Aufhebung der Richtlinie 95\/46\/EG, im Folgenden auch als Allgemeine Datenschutzverordnung (DSGVO) bezeichnet. Wenn Sie jedoch zuvor Ihre pers\u00f6nlichen Daten zur Verf\u00fcgung gestellt haben, k\u00f6nnen Cookies direkt mit Ihnen verkn\u00fcpft werden, zum Beispiel durch die Verkn\u00fcpfung von Identifikationsnummern in Cookies mit anderen Informationen.    <\/p>\n\n<p>Die Rechtsgrundlage f\u00fcr die Verarbeitung Ihrer \u00fcber Cookies und \u00e4hnliche Technologien erhobenen personenbezogenen Daten ist in der Regel <strong>Ihre Einwilligung<\/strong> (Artikel 6 Absatz 1 Buchstabe a) DSGVO), es sei denn, ihre Verwendung ist f\u00fcr das ordnungsgem\u00e4\u00dfe Funktionieren der Website (Bereitstellung elektronischer Dienste) erforderlich, wobei wir uns auf Artikel 173 Absatz 3 Nummer 2 des Gesetzes vom 16. Juli 2004 &#8211; Telekommunikationsgesetz &#8211; und damit auf unser <strong>berechtigtes Interesse<\/strong> (Artikel 6 Absatz 1 Buchstabe f) DSGVO) berufen.<\/p>\n\n<p><strong>Wir verarbeiten die oben genannten personenbezogenen Daten, um die Qualit\u00e4t unserer Dienstleistungen, Abl\u00e4ufe und Produkte von Anter System Polska Sp\u00f3\u0142ka z ograniczon\u0105 odpowiedzialno\u015bci\u0105 <\/strong>mit Sitz in Wroc\u0142aw<a>, Adresse: ul. Strzegomska 199, 54-431 Wroc\u0142aw, Polen<\/a>,<strong> sowie zur Anpassung der \u00fcber die Website verf\u00fcgbaren Inhalte an Ihre Interessen<\/strong> (einschlie\u00dflich im Rahmen der automatisierten Verarbeitung personenbezogener Daten, um allgemeine Werbung, Angebote oder Aktionen in Bezug auf die Dienste in einer Weise zu pr\u00e4sentieren, die auf die Interessen des Nutzers zugeschnitten ist, ohne jedoch seine Entscheidungen wesentlich zu beeinflussen &#8211; <strong>Profiling<\/strong>). Wir k\u00f6nnen Ihre Pr\u00e4ferenzen auslesen, indem wir z.B. analysieren, wie oft Sie die Website besuchen, welche Dienste Sie nutzen, Erweiterungen, usw. So k\u00f6nnen wir Ihre Erwartungen besser verstehen und uns an Ihre Bed\u00fcrfnisse anpassen. Durch den Einsatz fortschrittlicher Technologien werden die oben genannten Aktivit\u00e4ten oft automatisiert vom System durchgef\u00fchrt, so dass Ihnen die aktuellsten Inhalte angezeigt werden (zu diesem Zweck verarbeiten wir Ihre personenbezogenen Daten auch auf der Grundlage unseres <strong>berechtigten Interesses &#8211; Werbe-\/Analyse-\/Leistungszwecke<\/strong> &#8211; Artikel 6(1)(f) GDPR).   <\/p>\n\n<p>Wenn die Rechtsgrundlage f\u00fcr die Verarbeitung personenbezogener Daten Ihre Einwilligung ist, erinnern wir Sie daran, dass <strong>Sie diese jederzeit widerrufen k\u00f6nnen<\/strong>, ohne dass die Rechtm\u00e4\u00dfigkeit der Verarbeitung aufgrund der Einwilligung vor dem Widerruf ber\u00fchrt wird. Wenn Ihre personenbezogenen Daten jedoch auf der Grundlage unseres berechtigten Interesses verarbeitet werden, <strong>haben Sie das Recht, dieser Verarbeitung zu widersprechen<\/strong>. Eine Beschreibung Ihrer Rechte finden Sie in Teil VI der Datenschutzrichtlinie, auf die wir im Folgenden verweisen: <a href=\"https:\/\/antersystem.com\/de\/privacy-policy\/\"><u>https:\/\/antersystem.com\/privacy-policy\/<\/u><\/a>  <\/p>\n\n<p>Webbrowser oder andere auf Ihrem Ger\u00e4t installierte Software erlauben in der Regel standardm\u00e4\u00dfig die Verwendung von Cookies auf diesem Ger\u00e4t und damit die Erfassung der oben genannten Informationen. Sie k\u00f6nnen die Art und Weise, wie Cookies verwendet werden, \u00fcber Ihren Webbrowser \u00e4ndern, einschlie\u00dflich des Blockierens oder vollst\u00e4ndigen L\u00f6schens von Cookies &#8211; weitere Informationen dazu finden Sie im Benutzerhandbuch. Bitte beachten Sie, dass die Deaktivierung oder das Blockieren bestimmter Cookies das ordnungsgem\u00e4\u00dfe Funktionieren unserer Website verhindern oder erheblich beeintr\u00e4chtigen kann, z.B. durch Verlangsamung. Weitere Informationen zu den Cookie-Einstellungen finden Sie in den Browser-Informationen oder auf unserer Website. Sie k\u00f6nnen auch besuchen <a href=\"https:\/\/www.allaboutcookies.org\/\" target=\"_blank\" rel=\"noreferrer noopener\"><u>https:\/\/www.allaboutcookies.org<\/u><\/a> f\u00fcr praktische Ratschl\u00e4ge.    <\/p>\n\n<p>Aufgrund der Dom\u00e4ne, aus der sie stammen, unterteilen wir Cookies in:<\/p>\n\n<ol style=\"list-style-type:upper-alpha\" class=\"wp-block-list\">\n<li><strong>Erstanbieter-Cookies<\/strong> &#8211; werden von den Webservern unserer Website gesetzt;<\/li>\n\n\n\n<li><strong>Cookies von Drittanbietern<\/strong> &#8211; die von anderen Webservern als denen unserer Website gesetzt werden.<\/li>\n<\/ol>\n\n<p>Aufgrund ihrer Lebensdauer unterteilen wir Cookies in:<\/p>\n\n<ol style=\"list-style-type:upper-alpha\" class=\"wp-block-list\">\n<li><strong>Sitzung<\/strong> &#8211; ein Sitzungscookie enth\u00e4lt Informationen, die an einem tempor\u00e4ren Ort im Speicher abgelegt werden und dann am Ende der Sitzung oder beim Schlie\u00dfen des Webbrowsers gel\u00f6scht werden;<\/li>\n\n\n\n<li><strong>persistent<\/strong> &#8211; auch permanente Cookies oder gespeicherte Cookies genannt; eine Cookie-Datei, die auf der Festplatte des Benutzers gespeichert wird, bis sie abl\u00e4uft (persistente Cookies sind mit Ablaufdaten versehen) oder bis das Cookie gel\u00f6scht wird; persistente Cookies werden verwendet, um Informationen zur Identifizierung des Benutzers zu sammeln, wie z.B. das Surfverhalten auf der Website oder die Website-Einstellungen des Benutzers.<\/li>\n<\/ol>\n\n<p>Wir k\u00f6nnen die folgenden Arten von Cookies verwenden:<\/p>\n\n<ol style=\"list-style-type:upper-alpha\" class=\"wp-block-list\">\n<li><strong>notwendige Cookies<\/strong> tragen zur Benutzerfreundlichkeit der Website bei, indem sie grundlegende Funktionen wie die Navigation auf der Website und den Zugang zu sicheren Bereichen der Website erm\u00f6glichen. Die Website kann ohne diese Cookies nicht richtig funktionieren; <\/li>\n\n\n\n<li><strong>Pr\u00e4ferenz-Cookies<\/strong> erm\u00f6glichen es der Website, Informationen zu speichern, die das Aussehen oder die Funktionen der Website ver\u00e4ndern, z.B. die bevorzugte Sprache oder die Region, in der sich der Benutzer befindet;<\/li>\n\n\n\n<li><strong>Statistische Cookies<\/strong> helfen zu verstehen, wie sich verschiedene Benutzer auf der Website verhalten, indem sie anonyme Informationen sammeln und melden;<\/li>\n\n\n\n<li><strong>Marketing-Cookies<\/strong> werden verwendet, um Nutzer auf der Website und anderen Websites zu verfolgen. Der Zweck besteht darin, Anzeigen zu schalten, die f\u00fcr den Nutzer relevant und interessant sind und somit f\u00fcr Verlage und Drittanbieter wertvoller sind; <\/li>\n\n\n\n<li><strong>nicht klassifizierte Cookies<\/strong>, das sind Cookies, die gerade klassifiziert werden, zusammen mit den Anbietern der einzelnen Cookies.<\/li>\n<\/ol>\n\n<p><strong>In \u00dcbereinstimmung mit den Anforderungen der GDPR k\u00f6nnen Sie Ihre Zustimmung zu verschiedenen Arten von Cookies verwalten.<\/strong>  Zu diesem Zweck stellen wir Ihnen das Tool Cookiebot zur Verf\u00fcgung, \u00fcber dessen Schnittstelle Sie entscheiden k\u00f6nnen, welche Cookies Sie akzeptieren, und Sie k\u00f6nnen diese Einstellungen je nach Ihren Pr\u00e4ferenzen jederzeit \u00e4ndern.<\/p>\n\n<p>Klicken Sie <a href=\"#\" class=\"cky-banner-element\"><u>hier<\/u><\/a> um Ihre Cookie-Einstellungen in \u00dcbereinstimmung mit der GDPR zu verwalten oder einfach nur um sie anzusehen.<\/p>\n\n<p>Die auf diese Weise gesammelten Informationen h\u00e4ngen von den Zwecken und Rechtsgrundlagen f\u00fcr die Verarbeitung von Cookies ab; sie k\u00f6nnen f\u00fcr den in Teil IV der Datenschutzerkl\u00e4rung angegebenen Zeitraum gespeichert und verarbeitet werden, deren vollst\u00e4ndiger Text unter folgendem Link verf\u00fcgbar ist: <a href=\"https:\/\/antersystem.com\/de\/privacy-policy\/\"><u>https:\/\/antersystem.com\/privacy-policy\/<\/u><\/a><\/p>\n\n<p><a id=\"_msocom_1\"><\/a><\/p>\n","protected":false},"excerpt":{"rendered":"<p>Cookies sind kleine Datendateien, die an Ihr Ger\u00e4t gesendet werden, wenn Sie unsere Website besuchen, und die Informationen dar\u00fcber speichern, wie Sie die Website nutzen, und manchmal Informationen \u00fcber Sie nachverfolgen. Cookies erm\u00f6glichen es uns, Ihr Ger\u00e4t zu erkennen und Daten wie den Domainnamen Ihres Internetdienstanbieters, den Browsertyp, den Typ des Betriebssystems, die IP-Adresse, die [&hellip;]<\/p>\n","protected":false},"author":1,"featured_media":0,"parent":0,"menu_order":0,"comment_status":"closed","ping_status":"closed","template":"","meta":{"inline_featured_image":false,"ngg_post_thumbnail":0,"footnotes":""},"class_list":["post-40160","page","type-page","status-publish","hentry"],"acf":[],"yoast_head":"<!-- This site is optimized with the Yoast SEO plugin v27.0 - https:\/\/yoast.com\/product\/yoast-seo-wordpress\/ -->\n<title>Cookie-Richtlinie - Anter System<\/title>\n<meta name=\"description\" content=\"Cookies sind kleine Datendateien, die an Ihr Ger\u00e4t gesendet werden, wenn Sie unsere Website besuchen, und die Informationen dar\u00fcber speichern, wie Sie die\" \/>\n<meta name=\"robots\" content=\"index, follow, max-snippet:-1, max-image-preview:large, max-video-preview:-1\" \/>\n<link rel=\"canonical\" href=\"https:\/\/antersystem.com\/de\/cookie-policy\/\" \/>\n<meta property=\"og:locale\" content=\"de_DE\" \/>\n<meta property=\"og:type\" content=\"article\" \/>\n<meta property=\"og:title\" content=\"Cookie-Richtlinie - Anter System\" \/>\n<meta property=\"og:description\" content=\"Cookies sind kleine Datendateien, die an Ihr Ger\u00e4t gesendet werden, wenn Sie unsere Website besuchen, und die Informationen dar\u00fcber speichern, wie Sie die\" \/>\n<meta property=\"og:url\" content=\"https:\/\/antersystem.com\/de\/cookie-policy\/\" \/>\n<meta property=\"og:site_name\" content=\"Anter System\" \/>\n<meta property=\"article:modified_time\" content=\"2026-02-19T09:31:42+00:00\" \/>\n<meta name=\"twitter:card\" content=\"summary_large_image\" \/>\n<meta name=\"twitter:label1\" content=\"Gesch\u00e4tzte Lesezeit\" \/>\n\t<meta name=\"twitter:data1\" content=\"5\u00a0Minuten\" \/>\n<script type=\"application\/ld+json\" class=\"yoast-schema-graph\">{\"@context\":\"https:\/\/schema.org\",\"@graph\":[{\"@type\":\"WebPage\",\"@id\":\"https:\/\/antersystem.com\/de\/cookie-policy\/\",\"url\":\"https:\/\/antersystem.com\/de\/cookie-policy\/\",\"name\":\"Cookie-Richtlinie - Anter System\",\"isPartOf\":{\"@id\":\"https:\/\/antersystem.com\/de\/#website\"},\"datePublished\":\"2022-05-31T12:30:17+00:00\",\"dateModified\":\"2026-02-19T09:31:42+00:00\",\"description\":\"Cookies sind kleine Datendateien, die an Ihr Ger\u00e4t gesendet werden, wenn Sie unsere Website besuchen, und die Informationen dar\u00fcber speichern, wie Sie die\",\"breadcrumb\":{\"@id\":\"https:\/\/antersystem.com\/de\/cookie-policy\/#breadcrumb\"},\"inLanguage\":\"de\",\"potentialAction\":[{\"@type\":\"ReadAction\",\"target\":[\"https:\/\/antersystem.com\/de\/cookie-policy\/\"]}]},{\"@type\":\"BreadcrumbList\",\"@id\":\"https:\/\/antersystem.com\/de\/cookie-policy\/#breadcrumb\",\"itemListElement\":[{\"@type\":\"ListItem\",\"position\":1,\"name\":\"AnterSystem\",\"item\":\"https:\/\/antersystem.com\/de\/\"},{\"@type\":\"ListItem\",\"position\":2,\"name\":\"Cookie-Richtlinie\"}]},{\"@type\":\"WebSite\",\"@id\":\"https:\/\/antersystem.com\/de\/#website\",\"url\":\"https:\/\/antersystem.com\/de\/\",\"name\":\"Anter System\",\"description\":\"Jeste\u015bmy polskim producentem elastycznych barier ochronnych wykonywanych z polimerowych tworzyw sztucznych. Na rynku krajowym i zagranicznym dzia\u0142amy od ponad 15 lat dbaj\u0105c o zapewnienie bezpiecze\u0144stwa w zak\u0142adach produkcyjnych, magazynach oraz centrach logistycznych.\",\"potentialAction\":[{\"@type\":\"SearchAction\",\"target\":{\"@type\":\"EntryPoint\",\"urlTemplate\":\"https:\/\/antersystem.com\/de\/?s={search_term_string}\"},\"query-input\":{\"@type\":\"PropertyValueSpecification\",\"valueRequired\":true,\"valueName\":\"search_term_string\"}}],\"inLanguage\":\"de\"}]}<\/script>\n<!-- \/ Yoast SEO plugin. -->","yoast_head_json":{"title":"Cookie-Richtlinie - Anter System","description":"Cookies sind kleine Datendateien, die an Ihr Ger\u00e4t gesendet werden, wenn Sie unsere Website besuchen, und die Informationen dar\u00fcber speichern, wie Sie die","robots":{"index":"index","follow":"follow","max-snippet":"max-snippet:-1","max-image-preview":"max-image-preview:large","max-video-preview":"max-video-preview:-1"},"canonical":"https:\/\/antersystem.com\/de\/cookie-policy\/","og_locale":"de_DE","og_type":"article","og_title":"Cookie-Richtlinie - Anter System","og_description":"Cookies sind kleine Datendateien, die an Ihr Ger\u00e4t gesendet werden, wenn Sie unsere Website besuchen, und die Informationen dar\u00fcber speichern, wie Sie die","og_url":"https:\/\/antersystem.com\/de\/cookie-policy\/","og_site_name":"Anter System","article_modified_time":"2026-02-19T09:31:42+00:00","twitter_card":"summary_large_image","twitter_misc":{"Gesch\u00e4tzte Lesezeit":"5\u00a0Minuten"},"schema":{"@context":"https:\/\/schema.org","@graph":[{"@type":"WebPage","@id":"https:\/\/antersystem.com\/de\/cookie-policy\/","url":"https:\/\/antersystem.com\/de\/cookie-policy\/","name":"Cookie-Richtlinie - Anter System","isPartOf":{"@id":"https:\/\/antersystem.com\/de\/#website"},"datePublished":"2022-05-31T12:30:17+00:00","dateModified":"2026-02-19T09:31:42+00:00","description":"Cookies sind kleine Datendateien, die an Ihr Ger\u00e4t gesendet werden, wenn Sie unsere Website besuchen, und die Informationen dar\u00fcber speichern, wie Sie die","breadcrumb":{"@id":"https:\/\/antersystem.com\/de\/cookie-policy\/#breadcrumb"},"inLanguage":"de","potentialAction":[{"@type":"ReadAction","target":["https:\/\/antersystem.com\/de\/cookie-policy\/"]}]},{"@type":"BreadcrumbList","@id":"https:\/\/antersystem.com\/de\/cookie-policy\/#breadcrumb","itemListElement":[{"@type":"ListItem","position":1,"name":"AnterSystem","item":"https:\/\/antersystem.com\/de\/"},{"@type":"ListItem","position":2,"name":"Cookie-Richtlinie"}]},{"@type":"WebSite","@id":"https:\/\/antersystem.com\/de\/#website","url":"https:\/\/antersystem.com\/de\/","name":"Anter System","description":"Jeste\u015bmy polskim producentem elastycznych barier ochronnych wykonywanych z polimerowych tworzyw sztucznych. Na rynku krajowym i zagranicznym dzia\u0142amy od ponad 15 lat dbaj\u0105c o zapewnienie bezpiecze\u0144stwa w zak\u0142adach produkcyjnych, magazynach oraz centrach logistycznych.","potentialAction":[{"@type":"SearchAction","target":{"@type":"EntryPoint","urlTemplate":"https:\/\/antersystem.com\/de\/?s={search_term_string}"},"query-input":{"@type":"PropertyValueSpecification","valueRequired":true,"valueName":"search_term_string"}}],"inLanguage":"de"}]}},"_links":{"self":[{"href":"https:\/\/antersystem.com\/de\/wp-json\/wp\/v2\/pages\/40160","targetHints":{"allow":["GET"]}}],"collection":[{"href":"https:\/\/antersystem.com\/de\/wp-json\/wp\/v2\/pages"}],"about":[{"href":"https:\/\/antersystem.com\/de\/wp-json\/wp\/v2\/types\/page"}],"author":[{"embeddable":true,"href":"https:\/\/antersystem.com\/de\/wp-json\/wp\/v2\/users\/1"}],"replies":[{"embeddable":true,"href":"https:\/\/antersystem.com\/de\/wp-json\/wp\/v2\/comments?post=40160"}],"version-history":[{"count":2,"href":"https:\/\/antersystem.com\/de\/wp-json\/wp\/v2\/pages\/40160\/revisions"}],"predecessor-version":[{"id":40199,"href":"https:\/\/antersystem.com\/de\/wp-json\/wp\/v2\/pages\/40160\/revisions\/40199"}],"wp:attachment":[{"href":"https:\/\/antersystem.com\/de\/wp-json\/wp\/v2\/media?parent=40160"}],"curies":[{"name":"wp","href":"https:\/\/api.w.org\/{rel}","templated":true}]}}