{"id":40301,"date":"2026-02-22T13:05:26","date_gmt":"2026-02-22T12:05:26","guid":{"rendered":"https:\/\/antersystem.com\/nachrichten\/invitation-to-logimat-2026\/"},"modified":"2026-02-22T13:05:26","modified_gmt":"2026-02-22T12:05:26","slug":"invitation-to-logimat-2026","status":"publish","type":"page","link":"https:\/\/antersystem.com\/de\/nachrichten\/invitation-to-logimat-2026\/","title":{"rendered":"Einladung zur LogiMAT 2026"},"content":{"rendered":"<h2>Wir stellen auf der LogiMAT 2026 aus &#8211; Treffen Sie uns in Halle 1<\/h2>\n<p>Wir freuen uns, Ihnen mitteilen zu k\u00f6nnen, dass <strong>Anter System auf der LogiMAT 2026<\/strong>, der f\u00fchrenden internationalen Messe f\u00fcr Intralogistikl\u00f6sungen und Prozessmanagement, <strong>ausstellen wird<\/strong>.<\/p>\n<p>Die LogiMAT bringt Branchenexperten, Technologieanbieter und Systemhersteller zusammen, um die neuesten Entwicklungen in den Bereichen Lagerautomatisierung, Materialhandhabung und Prozessoptimierung zu erkunden.<\/p>\n<p>\ud83d\udccd <strong>Messe Stuttgart, Deutschland<\/strong><\/p>\n<p>\ud83d\udcc5 <strong>24-26 M\u00e4rz 2026<\/strong><\/p>\n<p>\ud83c\udfe2 <strong>Halle 1 | Stand 1D10<\/strong><\/p>\n<h3>Die Auftaktveranstaltung f\u00fcr Intralogistik in Europa<\/h3>\n<p>Die LogiMAT gilt als der wichtigste internationale Treffpunkt f\u00fcr Intralogistik im Herzen Europas. Jedes Jahr pr\u00e4sentieren internationale Aussteller innovative Technologien, Systeme und L\u00f6sungen, die auf Rationalisierung, Prozessoptimierung und Kostensenkung innerhalb interner Logistikprozesse abzielen. <\/p>\n<p>Von der Beschaffung und Produktion bis hin zur Lagerung und Lieferung bietet die LogiMAT einen umfassenden Markt\u00fcberblick und praktischen Wissenstransfer. Mit ihrer kompakten Marktplatzstruktur, Expertenforen und Live-Demonstrationen kombiniert die Veranstaltung: konkrete L\u00f6sungen, direktes Know-how von Branchenexperten und Technologiepr\u00e4sentationen in Echtzeit. Hier trifft sich der Markt.  <\/p>\n<h3>Halle 1 &#8211; Materialtransport und Lagertechnik<\/h3>\n<p>Sie finden uns in <strong>Halle 1<\/strong>, die dem Thema gewidmet ist:\n<\/p>\n<ul>\n<li>Materialtransport und Lagertechnik<\/li>\n<li>Lagerhaltung und Betriebsausstattung<\/li>\n<li>Systemanbieter und Hallenbau<\/li>\n<\/ul>\n<p>Hier kommen Sicherheit, Infrastruktur und interne Transporteffizienz zusammen &#8211; der perfekte Ort also, um moderne Strategien zum Schutz von Lagerh\u00e4usern zu diskutieren.<\/p>\n<h3>Was wir pr\u00e4sentieren werden<\/h3>\n<p>\nAn unserem Stand werden wir unsere <strong>flexiblen Polymer-Sicherheitsbarrieresysteme<\/strong> vorstellen, die f\u00fcr den Schutz von Fu\u00dfg\u00e4ngern, Industriefahrzeugen, Lagerinfrastruktur und Produktionsumgebungen entwickelt wurden. Unsere L\u00f6sungen helfen dabei, klar getrennte Verkehrszonen zu schaffen und gleichzeitig die betriebliche Sicherheit und Effizienz zu erh\u00f6hen. In Zeiten zunehmender Automatisierung, autonomer Fahrzeuge und der digitalen Transformation bleibt die sichere Trennung des Verkehrs eine der grundlegenden S\u00e4ulen einer effizienten Intralogistik.  <\/p>\n<p>Unsere L\u00f6sungen sind darauf ausgelegt:\n<\/p>\n<ul>\n<li>Absorbieren Sie Aufprallenergie, anstatt sie zu \u00fcbertragen<\/li>\n<li>Reduzieren Sie die Reparaturkosten<\/li>\n<li>Erh\u00f6hung der betrieblichen Kontinuit\u00e4t<\/li>\n<li>Unterst\u00fctzung der sicheren Zusammenarbeit zwischen Mensch und Maschine<\/li>\n<\/ul>\n<h3>Sicherheit im Zeitalter von Industrie 4.0<\/h3>\n<p>Digitalisierung, Vernetzung, KI und intelligente autonome Systeme ver\u00e4ndern die Lieferketten. Doch unabh\u00e4ngig davon, wie fortschrittlich die Systeme werden, bleiben physischer Schutz und Verkehrsmanagement entscheidend. <\/p>\n<p>Da Systeme zu intelligenten \u00d6kosystemen zusammenwachsen, sind <strong>klar strukturierte und gesch\u00fctzte Arbeitsbereiche<\/strong> f\u00fcr schnellere, energieeffizientere und sichere Prozesse unerl\u00e4sslich.<\/p>\n<p>Auf der LogiMAT freuen wir uns darauf, dar\u00fcber zu sprechen, wie die Sicherheitsinfrastruktur diesen Wandel unterst\u00fctzt.<\/p>\n<h3>Treffen wir uns in Stuttgart<\/h3>\n<p>Wenn Sie planen, die LogiMAT 2026 zu besuchen, laden wir Sie herzlich ein, unser Team kennenzulernen und herauszufinden, wie wir Ihnen helfen k\u00f6nnen, die Sicherheit und Effizienz in Ihrer Einrichtung zu verbessern. Wir freuen uns darauf, Sie pers\u00f6nlich kennenzulernen. <\/p>\n","protected":false},"excerpt":{"rendered":"<p>Wir stellen auf der LogiMAT 2026 aus &#8211; Treffen Sie uns in Halle 1 Wir freuen uns, Ihnen mitteilen zu k\u00f6nnen, dass Anter System auf der LogiMAT 2026, der f\u00fchrenden internationalen Messe f\u00fcr Intralogistikl\u00f6sungen und Prozessmanagement, ausstellen wird. Die LogiMAT bringt Branchenexperten, Technologieanbieter und Systemhersteller zusammen, um die neuesten Entwicklungen in den Bereichen Lagerautomatisierung, Materialhandhabung [&hellip;]<\/p>\n","protected":false},"author":11,"featured_media":40221,"parent":30484,"menu_order":0,"comment_status":"closed","ping_status":"closed","template":"","meta":{"inline_featured_image":false,"ngg_post_thumbnail":0,"footnotes":""},"class_list":["post-40301","page","type-page","status-publish","has-post-thumbnail","hentry"],"acf":[],"yoast_head":"<!-- This site is optimized with the Yoast SEO plugin v27.0 - https:\/\/yoast.com\/product\/yoast-seo-wordpress\/ -->\n<title>Einladung zur LogiMAT 2026 - Anter System<\/title>\n<meta name=\"description\" content=\"Wir stellen auf der LogiMAT 2026 aus - Treffen Sie uns in Halle 1 Wir freuen uns, Ihnen mitteilen zu k\u00f6nnen, dass Anter System auf der LogiMAT 2026, der\" \/>\n<meta name=\"robots\" content=\"index, follow, max-snippet:-1, max-image-preview:large, max-video-preview:-1\" \/>\n<link rel=\"canonical\" href=\"https:\/\/antersystem.com\/de\/nachrichten\/invitation-to-logimat-2026\/\" \/>\n<meta property=\"og:locale\" content=\"de_DE\" \/>\n<meta property=\"og:type\" content=\"article\" \/>\n<meta property=\"og:title\" content=\"Einladung zur LogiMAT 2026 - Anter System\" \/>\n<meta property=\"og:description\" content=\"Wir stellen auf der LogiMAT 2026 aus - Treffen Sie uns in Halle 1 Wir freuen uns, Ihnen mitteilen zu k\u00f6nnen, dass Anter System auf der LogiMAT 2026, der\" \/>\n<meta property=\"og:url\" content=\"https:\/\/antersystem.com\/de\/nachrichten\/invitation-to-logimat-2026\/\" \/>\n<meta property=\"og:site_name\" content=\"Anter System\" \/>\n<meta property=\"og:image\" content=\"https:\/\/antersystem.com\/wp-content\/uploads\/news-logimat-invitation.webp\" \/>\n\t<meta property=\"og:image:width\" content=\"1920\" \/>\n\t<meta property=\"og:image:height\" content=\"1081\" \/>\n\t<meta property=\"og:image:type\" content=\"image\/webp\" \/>\n<meta name=\"twitter:card\" content=\"summary_large_image\" \/>\n<meta name=\"twitter:label1\" content=\"Gesch\u00e4tzte Lesezeit\" \/>\n\t<meta name=\"twitter:data1\" content=\"2\u00a0Minuten\" \/>\n<script type=\"application\/ld+json\" class=\"yoast-schema-graph\">{\"@context\":\"https:\/\/schema.org\",\"@graph\":[{\"@type\":\"WebPage\",\"@id\":\"https:\/\/antersystem.com\/de\/nachrichten\/invitation-to-logimat-2026\/\",\"url\":\"https:\/\/antersystem.com\/de\/nachrichten\/invitation-to-logimat-2026\/\",\"name\":\"Einladung zur LogiMAT 2026 - Anter System\",\"isPartOf\":{\"@id\":\"https:\/\/antersystem.com\/de\/#website\"},\"primaryImageOfPage\":{\"@id\":\"https:\/\/antersystem.com\/de\/nachrichten\/invitation-to-logimat-2026\/#primaryimage\"},\"image\":{\"@id\":\"https:\/\/antersystem.com\/de\/nachrichten\/invitation-to-logimat-2026\/#primaryimage\"},\"thumbnailUrl\":\"https:\/\/antersystem.com\/wp-content\/uploads\/news-logimat-invitation.webp\",\"datePublished\":\"2026-02-22T12:05:26+00:00\",\"description\":\"Wir stellen auf der LogiMAT 2026 aus - Treffen Sie uns in Halle 1 Wir freuen uns, Ihnen mitteilen zu k\u00f6nnen, dass Anter System auf der LogiMAT 2026, der\",\"breadcrumb\":{\"@id\":\"https:\/\/antersystem.com\/de\/nachrichten\/invitation-to-logimat-2026\/#breadcrumb\"},\"inLanguage\":\"de\",\"potentialAction\":[{\"@type\":\"ReadAction\",\"target\":[\"https:\/\/antersystem.com\/de\/nachrichten\/invitation-to-logimat-2026\/\"]}]},{\"@type\":\"ImageObject\",\"inLanguage\":\"de\",\"@id\":\"https:\/\/antersystem.com\/de\/nachrichten\/invitation-to-logimat-2026\/#primaryimage\",\"url\":\"https:\/\/antersystem.com\/wp-content\/uploads\/news-logimat-invitation.webp\",\"contentUrl\":\"https:\/\/antersystem.com\/wp-content\/uploads\/news-logimat-invitation.webp\",\"width\":1920,\"height\":1081},{\"@type\":\"BreadcrumbList\",\"@id\":\"https:\/\/antersystem.com\/de\/nachrichten\/invitation-to-logimat-2026\/#breadcrumb\",\"itemListElement\":[{\"@type\":\"ListItem\",\"position\":1,\"name\":\"AnterSystem\",\"item\":\"https:\/\/antersystem.com\/de\/\"},{\"@type\":\"ListItem\",\"position\":2,\"name\":\"Nachrichten\",\"item\":\"https:\/\/antersystem.com\/de\/nachrichten\/\"},{\"@type\":\"ListItem\",\"position\":3,\"name\":\"Einladung zur LogiMAT 2026\"}]},{\"@type\":\"WebSite\",\"@id\":\"https:\/\/antersystem.com\/de\/#website\",\"url\":\"https:\/\/antersystem.com\/de\/\",\"name\":\"Anter System\",\"description\":\"Jeste\u015bmy polskim producentem elastycznych barier ochronnych wykonywanych z polimerowych tworzyw sztucznych. Na rynku krajowym i zagranicznym dzia\u0142amy od ponad 15 lat dbaj\u0105c o zapewnienie bezpiecze\u0144stwa w zak\u0142adach produkcyjnych, magazynach oraz centrach logistycznych.\",\"potentialAction\":[{\"@type\":\"SearchAction\",\"target\":{\"@type\":\"EntryPoint\",\"urlTemplate\":\"https:\/\/antersystem.com\/de\/?s={search_term_string}\"},\"query-input\":{\"@type\":\"PropertyValueSpecification\",\"valueRequired\":true,\"valueName\":\"search_term_string\"}}],\"inLanguage\":\"de\"}]}<\/script>\n<!-- \/ Yoast SEO plugin. -->","yoast_head_json":{"title":"Einladung zur LogiMAT 2026 - Anter System","description":"Wir stellen auf der LogiMAT 2026 aus - Treffen Sie uns in Halle 1 Wir freuen uns, Ihnen mitteilen zu k\u00f6nnen, dass Anter System auf der LogiMAT 2026, der","robots":{"index":"index","follow":"follow","max-snippet":"max-snippet:-1","max-image-preview":"max-image-preview:large","max-video-preview":"max-video-preview:-1"},"canonical":"https:\/\/antersystem.com\/de\/nachrichten\/invitation-to-logimat-2026\/","og_locale":"de_DE","og_type":"article","og_title":"Einladung zur LogiMAT 2026 - Anter System","og_description":"Wir stellen auf der LogiMAT 2026 aus - Treffen Sie uns in Halle 1 Wir freuen uns, Ihnen mitteilen zu k\u00f6nnen, dass Anter System auf der LogiMAT 2026, der","og_url":"https:\/\/antersystem.com\/de\/nachrichten\/invitation-to-logimat-2026\/","og_site_name":"Anter System","og_image":[{"width":1920,"height":1081,"url":"https:\/\/antersystem.com\/wp-content\/uploads\/news-logimat-invitation.webp","type":"image\/webp"}],"twitter_card":"summary_large_image","twitter_misc":{"Gesch\u00e4tzte Lesezeit":"2\u00a0Minuten"},"schema":{"@context":"https:\/\/schema.org","@graph":[{"@type":"WebPage","@id":"https:\/\/antersystem.com\/de\/nachrichten\/invitation-to-logimat-2026\/","url":"https:\/\/antersystem.com\/de\/nachrichten\/invitation-to-logimat-2026\/","name":"Einladung zur LogiMAT 2026 - Anter System","isPartOf":{"@id":"https:\/\/antersystem.com\/de\/#website"},"primaryImageOfPage":{"@id":"https:\/\/antersystem.com\/de\/nachrichten\/invitation-to-logimat-2026\/#primaryimage"},"image":{"@id":"https:\/\/antersystem.com\/de\/nachrichten\/invitation-to-logimat-2026\/#primaryimage"},"thumbnailUrl":"https:\/\/antersystem.com\/wp-content\/uploads\/news-logimat-invitation.webp","datePublished":"2026-02-22T12:05:26+00:00","description":"Wir stellen auf der LogiMAT 2026 aus - Treffen Sie uns in Halle 1 Wir freuen uns, Ihnen mitteilen zu k\u00f6nnen, dass Anter System auf der LogiMAT 2026, der","breadcrumb":{"@id":"https:\/\/antersystem.com\/de\/nachrichten\/invitation-to-logimat-2026\/#breadcrumb"},"inLanguage":"de","potentialAction":[{"@type":"ReadAction","target":["https:\/\/antersystem.com\/de\/nachrichten\/invitation-to-logimat-2026\/"]}]},{"@type":"ImageObject","inLanguage":"de","@id":"https:\/\/antersystem.com\/de\/nachrichten\/invitation-to-logimat-2026\/#primaryimage","url":"https:\/\/antersystem.com\/wp-content\/uploads\/news-logimat-invitation.webp","contentUrl":"https:\/\/antersystem.com\/wp-content\/uploads\/news-logimat-invitation.webp","width":1920,"height":1081},{"@type":"BreadcrumbList","@id":"https:\/\/antersystem.com\/de\/nachrichten\/invitation-to-logimat-2026\/#breadcrumb","itemListElement":[{"@type":"ListItem","position":1,"name":"AnterSystem","item":"https:\/\/antersystem.com\/de\/"},{"@type":"ListItem","position":2,"name":"Nachrichten","item":"https:\/\/antersystem.com\/de\/nachrichten\/"},{"@type":"ListItem","position":3,"name":"Einladung zur LogiMAT 2026"}]},{"@type":"WebSite","@id":"https:\/\/antersystem.com\/de\/#website","url":"https:\/\/antersystem.com\/de\/","name":"Anter System","description":"Jeste\u015bmy polskim producentem elastycznych barier ochronnych wykonywanych z polimerowych tworzyw sztucznych. Na rynku krajowym i zagranicznym dzia\u0142amy od ponad 15 lat dbaj\u0105c o zapewnienie bezpiecze\u0144stwa w zak\u0142adach produkcyjnych, magazynach oraz centrach logistycznych.","potentialAction":[{"@type":"SearchAction","target":{"@type":"EntryPoint","urlTemplate":"https:\/\/antersystem.com\/de\/?s={search_term_string}"},"query-input":{"@type":"PropertyValueSpecification","valueRequired":true,"valueName":"search_term_string"}}],"inLanguage":"de"}]}},"_links":{"self":[{"href":"https:\/\/antersystem.com\/de\/wp-json\/wp\/v2\/pages\/40301","targetHints":{"allow":["GET"]}}],"collection":[{"href":"https:\/\/antersystem.com\/de\/wp-json\/wp\/v2\/pages"}],"about":[{"href":"https:\/\/antersystem.com\/de\/wp-json\/wp\/v2\/types\/page"}],"author":[{"embeddable":true,"href":"https:\/\/antersystem.com\/de\/wp-json\/wp\/v2\/users\/11"}],"replies":[{"embeddable":true,"href":"https:\/\/antersystem.com\/de\/wp-json\/wp\/v2\/comments?post=40301"}],"version-history":[{"count":0,"href":"https:\/\/antersystem.com\/de\/wp-json\/wp\/v2\/pages\/40301\/revisions"}],"up":[{"embeddable":true,"href":"https:\/\/antersystem.com\/de\/wp-json\/wp\/v2\/pages\/30484"}],"wp:featuredmedia":[{"embeddable":true,"href":"https:\/\/antersystem.com\/de\/wp-json\/wp\/v2\/media\/40221"}],"wp:attachment":[{"href":"https:\/\/antersystem.com\/de\/wp-json\/wp\/v2\/media?parent=40301"}],"curies":[{"name":"wp","href":"https:\/\/api.w.org\/{rel}","templated":true}]}}