{"id":40303,"date":"2026-02-13T14:00:03","date_gmt":"2026-02-13T13:00:03","guid":{"rendered":"https:\/\/antersystem.com\/nachrichten\/mid-magazine-safe-zone\/"},"modified":"2026-02-22T21:51:12","modified_gmt":"2026-02-22T20:51:12","slug":"mid-magazine-safe-zone","status":"publish","type":"page","link":"https:\/\/antersystem.com\/de\/nachrichten\/mid-magazine-safe-zone\/","title":{"rendered":"MID Magazin &#8211; &#8222;Sichere Zone&#8220; &#8211; &#8222;Bezpieczna strefa&#8220;"},"content":{"rendered":"\n<div class=\"wp-block-columns is-layout-flex wp-container-core-columns-is-layout-9d6595d7 wp-block-columns-is-layout-flex\">\n<div class=\"wp-block-column is-layout-flow wp-block-column-is-layout-flow\" style=\"flex-basis:10%\"><\/div>\n\n\n\n<div class=\"wp-block-column is-layout-flow wp-block-column-is-layout-flow\">\n<h3 class=\"wp-block-heading\">Unser Expertenkommentar im MID Magazin<\/h3>\n\n\n\n<p>Wir freuen uns, Ihnen mitteilen zu k\u00f6nnen, dass unser Expertenkommentar im <strong>MID &#8211; Magazyn Intralogistyki i Dystrybucji<\/strong> erschienen ist.<\/p>\n<p>In diesem Artikel er\u00f6rtern wir, warum die Sicherheit moderner Lagerh\u00e4user <strong>\u00fcber aufgemalte Linien und Warnschilder hinausgehen sollte<\/strong>. Wir konzentrieren uns auf eine bewusste Raumgestaltung, eine klare Trennung des Verkehrs und aufprallabsorbierende Schutzsysteme, die das Risiko und die Betriebskosten senken.<\/p>\n<p>Der Expertenkommentar stammt von Tomasz Bary\u0142a, unserem Produktmanager, der seine Sichtweise zur Gestaltung sicherer und effizienter industrieller Umgebungen mit uns teilt.<\/p>\n<p><strong>\ud83d\udcc4 Wir laden Sie ein, den vollst\u00e4ndigen Artikel unten zu lesen (PDF).<\/strong><\/p>\n<p>Wenn Sie herausfinden m\u00f6chten, wie diese Prinzipien in Ihrer Einrichtung umgesetzt werden k\u00f6nnen, k\u00f6nnen Sie uns gerne kontaktieren.<\/p>\n<\/div>\n\n\n\n<div class=\"wp-block-column is-layout-flow wp-block-column-is-layout-flow\" style=\"flex-basis:10%\"><\/div>\n<\/div>\n\n<div data-wp-interactive=\"core\/file\" class=\"wp-block-file\"><object data-wp-bind--hidden=\"!state.hasPdfPreview\" hidden class=\"wp-block-file__embed\" data=\"https:\/\/antersystem.com\/wp-content\/uploads\/MID_109_1_2026_Bezpieczny-obszar.pdf\" type=\"application\/pdf\" style=\"width:100%;height:600px\" aria-label=\"Einbettung von MID_97_1_2024-Anter-System.\"><\/object><a id=\"wp-block-file--media-c4a79965-4313-4b68-8827-3aa81c41db0a\" href=\"https:\/\/antersystem.com\/wp-content\/uploads\/MID_109_1_2026_Bezpieczny-obszar.pdf\">MID_109_1_2026-Anter-System<\/a><a href=\"https:\/\/antersystem.com\/wp-content\/uploads\/MID_109_1_2026_Bezpieczny-obszar.pdf\" class=\"wp-block-file__button wp-element-button\" download=\"\" aria-describedby=\"wp-block-file--media-c4a79965-4313-4b68-8827-3aa81c41db0a\">Herunterladen<\/a><\/div>\n","protected":false},"excerpt":{"rendered":"<p>Unser Expertenkommentar im MID Magazin Wir freuen uns, Ihnen mitteilen zu k\u00f6nnen, dass unser Expertenkommentar im MID &#8211; Magazyn Intralogistyki i Dystrybucji erschienen ist. In diesem Artikel er\u00f6rtern wir, warum die Sicherheit moderner Lagerh\u00e4user \u00fcber aufgemalte Linien und Warnschilder hinausgehen sollte. Wir konzentrieren uns auf eine bewusste Raumgestaltung, eine klare Trennung des Verkehrs und aufprallabsorbierende [&hellip;]<\/p>\n","protected":false},"author":11,"featured_media":40259,"parent":30484,"menu_order":0,"comment_status":"closed","ping_status":"closed","template":"","meta":{"inline_featured_image":false,"ngg_post_thumbnail":0,"footnotes":""},"class_list":["post-40303","page","type-page","status-publish","has-post-thumbnail","hentry"],"acf":[],"yoast_head":"<!-- This site is optimized with the Yoast SEO plugin v27.0 - https:\/\/yoast.com\/product\/yoast-seo-wordpress\/ -->\n<title>MID Magazin - &quot;Sichere Zone&quot; - &quot;Bezpieczna strefa&quot; - Anter System<\/title>\n<meta name=\"description\" content=\"Unser Expertenkommentar im MID Magazin Wir freuen uns, Ihnen mitteilen zu k\u00f6nnen, dass unser Expertenkommentar im MID - Magazyn Intralogistyki i\" \/>\n<meta name=\"robots\" content=\"index, follow, max-snippet:-1, max-image-preview:large, max-video-preview:-1\" \/>\n<link rel=\"canonical\" href=\"https:\/\/antersystem.com\/de\/nachrichten\/mid-magazine-safe-zone\/\" \/>\n<meta property=\"og:locale\" content=\"de_DE\" \/>\n<meta property=\"og:type\" content=\"article\" \/>\n<meta property=\"og:title\" content=\"MID Magazin - &quot;Sichere Zone&quot; - &quot;Bezpieczna strefa&quot; - Anter System\" \/>\n<meta property=\"og:description\" content=\"Unser Expertenkommentar im MID Magazin Wir freuen uns, Ihnen mitteilen zu k\u00f6nnen, dass unser Expertenkommentar im MID - Magazyn Intralogistyki i\" \/>\n<meta property=\"og:url\" content=\"https:\/\/antersystem.com\/de\/nachrichten\/mid-magazine-safe-zone\/\" \/>\n<meta property=\"og:site_name\" content=\"Anter System\" \/>\n<meta property=\"article:modified_time\" content=\"2026-02-22T20:51:12+00:00\" \/>\n<meta property=\"og:image\" content=\"https:\/\/antersystem.com\/wp-content\/uploads\/MID-1-2026.webp\" \/>\n\t<meta property=\"og:image:width\" content=\"1920\" \/>\n\t<meta property=\"og:image:height\" content=\"1080\" \/>\n\t<meta property=\"og:image:type\" content=\"image\/webp\" \/>\n<meta name=\"twitter:card\" content=\"summary_large_image\" \/>\n<meta name=\"twitter:label1\" content=\"Gesch\u00e4tzte Lesezeit\" \/>\n\t<meta name=\"twitter:data1\" content=\"1\u00a0Minute\" \/>\n<script type=\"application\/ld+json\" class=\"yoast-schema-graph\">{\"@context\":\"https:\/\/schema.org\",\"@graph\":[{\"@type\":\"WebPage\",\"@id\":\"https:\/\/antersystem.com\/de\/nachrichten\/mid-magazine-safe-zone\/\",\"url\":\"https:\/\/antersystem.com\/de\/nachrichten\/mid-magazine-safe-zone\/\",\"name\":\"MID Magazin - \\\"Sichere Zone\\\" - \\\"Bezpieczna strefa\\\" - Anter System\",\"isPartOf\":{\"@id\":\"https:\/\/antersystem.com\/de\/#website\"},\"primaryImageOfPage\":{\"@id\":\"https:\/\/antersystem.com\/de\/nachrichten\/mid-magazine-safe-zone\/#primaryimage\"},\"image\":{\"@id\":\"https:\/\/antersystem.com\/de\/nachrichten\/mid-magazine-safe-zone\/#primaryimage\"},\"thumbnailUrl\":\"https:\/\/antersystem.com\/wp-content\/uploads\/MID-1-2026.webp\",\"datePublished\":\"2026-02-13T13:00:03+00:00\",\"dateModified\":\"2026-02-22T20:51:12+00:00\",\"description\":\"Unser Expertenkommentar im MID Magazin Wir freuen uns, Ihnen mitteilen zu k\u00f6nnen, dass unser Expertenkommentar im MID - Magazyn Intralogistyki i\",\"breadcrumb\":{\"@id\":\"https:\/\/antersystem.com\/de\/nachrichten\/mid-magazine-safe-zone\/#breadcrumb\"},\"inLanguage\":\"de\",\"potentialAction\":[{\"@type\":\"ReadAction\",\"target\":[\"https:\/\/antersystem.com\/de\/nachrichten\/mid-magazine-safe-zone\/\"]}]},{\"@type\":\"ImageObject\",\"inLanguage\":\"de\",\"@id\":\"https:\/\/antersystem.com\/de\/nachrichten\/mid-magazine-safe-zone\/#primaryimage\",\"url\":\"https:\/\/antersystem.com\/wp-content\/uploads\/MID-1-2026.webp\",\"contentUrl\":\"https:\/\/antersystem.com\/wp-content\/uploads\/MID-1-2026.webp\",\"width\":1920,\"height\":1080},{\"@type\":\"BreadcrumbList\",\"@id\":\"https:\/\/antersystem.com\/de\/nachrichten\/mid-magazine-safe-zone\/#breadcrumb\",\"itemListElement\":[{\"@type\":\"ListItem\",\"position\":1,\"name\":\"AnterSystem\",\"item\":\"https:\/\/antersystem.com\/de\/\"},{\"@type\":\"ListItem\",\"position\":2,\"name\":\"Nachrichten\",\"item\":\"https:\/\/antersystem.com\/de\/nachrichten\/\"},{\"@type\":\"ListItem\",\"position\":3,\"name\":\"MID Magazin &#8211; &#8222;Sichere Zone&#8220; &#8211; &#8222;Bezpieczna strefa&#8220;\"}]},{\"@type\":\"WebSite\",\"@id\":\"https:\/\/antersystem.com\/de\/#website\",\"url\":\"https:\/\/antersystem.com\/de\/\",\"name\":\"Anter System\",\"description\":\"Jeste\u015bmy polskim producentem elastycznych barier ochronnych wykonywanych z polimerowych tworzyw sztucznych. Na rynku krajowym i zagranicznym dzia\u0142amy od ponad 15 lat dbaj\u0105c o zapewnienie bezpiecze\u0144stwa w zak\u0142adach produkcyjnych, magazynach oraz centrach logistycznych.\",\"potentialAction\":[{\"@type\":\"SearchAction\",\"target\":{\"@type\":\"EntryPoint\",\"urlTemplate\":\"https:\/\/antersystem.com\/de\/?s={search_term_string}\"},\"query-input\":{\"@type\":\"PropertyValueSpecification\",\"valueRequired\":true,\"valueName\":\"search_term_string\"}}],\"inLanguage\":\"de\"}]}<\/script>\n<!-- \/ Yoast SEO plugin. -->","yoast_head_json":{"title":"MID Magazin - \"Sichere Zone\" - \"Bezpieczna strefa\" - Anter System","description":"Unser Expertenkommentar im MID Magazin Wir freuen uns, Ihnen mitteilen zu k\u00f6nnen, dass unser Expertenkommentar im MID - Magazyn Intralogistyki i","robots":{"index":"index","follow":"follow","max-snippet":"max-snippet:-1","max-image-preview":"max-image-preview:large","max-video-preview":"max-video-preview:-1"},"canonical":"https:\/\/antersystem.com\/de\/nachrichten\/mid-magazine-safe-zone\/","og_locale":"de_DE","og_type":"article","og_title":"MID Magazin - \"Sichere Zone\" - \"Bezpieczna strefa\" - Anter System","og_description":"Unser Expertenkommentar im MID Magazin Wir freuen uns, Ihnen mitteilen zu k\u00f6nnen, dass unser Expertenkommentar im MID - Magazyn Intralogistyki i","og_url":"https:\/\/antersystem.com\/de\/nachrichten\/mid-magazine-safe-zone\/","og_site_name":"Anter System","article_modified_time":"2026-02-22T20:51:12+00:00","og_image":[{"width":1920,"height":1080,"url":"https:\/\/antersystem.com\/wp-content\/uploads\/MID-1-2026.webp","type":"image\/webp"}],"twitter_card":"summary_large_image","twitter_misc":{"Gesch\u00e4tzte Lesezeit":"1\u00a0Minute"},"schema":{"@context":"https:\/\/schema.org","@graph":[{"@type":"WebPage","@id":"https:\/\/antersystem.com\/de\/nachrichten\/mid-magazine-safe-zone\/","url":"https:\/\/antersystem.com\/de\/nachrichten\/mid-magazine-safe-zone\/","name":"MID Magazin - \"Sichere Zone\" - \"Bezpieczna strefa\" - Anter System","isPartOf":{"@id":"https:\/\/antersystem.com\/de\/#website"},"primaryImageOfPage":{"@id":"https:\/\/antersystem.com\/de\/nachrichten\/mid-magazine-safe-zone\/#primaryimage"},"image":{"@id":"https:\/\/antersystem.com\/de\/nachrichten\/mid-magazine-safe-zone\/#primaryimage"},"thumbnailUrl":"https:\/\/antersystem.com\/wp-content\/uploads\/MID-1-2026.webp","datePublished":"2026-02-13T13:00:03+00:00","dateModified":"2026-02-22T20:51:12+00:00","description":"Unser Expertenkommentar im MID Magazin Wir freuen uns, Ihnen mitteilen zu k\u00f6nnen, dass unser Expertenkommentar im MID - Magazyn Intralogistyki i","breadcrumb":{"@id":"https:\/\/antersystem.com\/de\/nachrichten\/mid-magazine-safe-zone\/#breadcrumb"},"inLanguage":"de","potentialAction":[{"@type":"ReadAction","target":["https:\/\/antersystem.com\/de\/nachrichten\/mid-magazine-safe-zone\/"]}]},{"@type":"ImageObject","inLanguage":"de","@id":"https:\/\/antersystem.com\/de\/nachrichten\/mid-magazine-safe-zone\/#primaryimage","url":"https:\/\/antersystem.com\/wp-content\/uploads\/MID-1-2026.webp","contentUrl":"https:\/\/antersystem.com\/wp-content\/uploads\/MID-1-2026.webp","width":1920,"height":1080},{"@type":"BreadcrumbList","@id":"https:\/\/antersystem.com\/de\/nachrichten\/mid-magazine-safe-zone\/#breadcrumb","itemListElement":[{"@type":"ListItem","position":1,"name":"AnterSystem","item":"https:\/\/antersystem.com\/de\/"},{"@type":"ListItem","position":2,"name":"Nachrichten","item":"https:\/\/antersystem.com\/de\/nachrichten\/"},{"@type":"ListItem","position":3,"name":"MID Magazin &#8211; &#8222;Sichere Zone&#8220; &#8211; &#8222;Bezpieczna strefa&#8220;"}]},{"@type":"WebSite","@id":"https:\/\/antersystem.com\/de\/#website","url":"https:\/\/antersystem.com\/de\/","name":"Anter System","description":"Jeste\u015bmy polskim producentem elastycznych barier ochronnych wykonywanych z polimerowych tworzyw sztucznych. Na rynku krajowym i zagranicznym dzia\u0142amy od ponad 15 lat dbaj\u0105c o zapewnienie bezpiecze\u0144stwa w zak\u0142adach produkcyjnych, magazynach oraz centrach logistycznych.","potentialAction":[{"@type":"SearchAction","target":{"@type":"EntryPoint","urlTemplate":"https:\/\/antersystem.com\/de\/?s={search_term_string}"},"query-input":{"@type":"PropertyValueSpecification","valueRequired":true,"valueName":"search_term_string"}}],"inLanguage":"de"}]}},"_links":{"self":[{"href":"https:\/\/antersystem.com\/de\/wp-json\/wp\/v2\/pages\/40303","targetHints":{"allow":["GET"]}}],"collection":[{"href":"https:\/\/antersystem.com\/de\/wp-json\/wp\/v2\/pages"}],"about":[{"href":"https:\/\/antersystem.com\/de\/wp-json\/wp\/v2\/types\/page"}],"author":[{"embeddable":true,"href":"https:\/\/antersystem.com\/de\/wp-json\/wp\/v2\/users\/11"}],"replies":[{"embeddable":true,"href":"https:\/\/antersystem.com\/de\/wp-json\/wp\/v2\/comments?post=40303"}],"version-history":[{"count":1,"href":"https:\/\/antersystem.com\/de\/wp-json\/wp\/v2\/pages\/40303\/revisions"}],"predecessor-version":[{"id":40305,"href":"https:\/\/antersystem.com\/de\/wp-json\/wp\/v2\/pages\/40303\/revisions\/40305"}],"up":[{"embeddable":true,"href":"https:\/\/antersystem.com\/de\/wp-json\/wp\/v2\/pages\/30484"}],"wp:featuredmedia":[{"embeddable":true,"href":"https:\/\/antersystem.com\/de\/wp-json\/wp\/v2\/media\/40259"}],"wp:attachment":[{"href":"https:\/\/antersystem.com\/de\/wp-json\/wp\/v2\/media?parent=40303"}],"curies":[{"name":"wp","href":"https:\/\/api.w.org\/{rel}","templated":true}]}}