{"id":40313,"date":"2025-12-22T15:36:00","date_gmt":"2025-12-22T14:36:00","guid":{"rendered":"https:\/\/antersystem.com\/nachrichten\/handling-expo-2025\/"},"modified":"2026-02-22T22:30:21","modified_gmt":"2026-02-22T21:30:21","slug":"handling-expo-2025","status":"publish","type":"page","link":"https:\/\/antersystem.com\/de\/nachrichten\/handling-expo-2025\/","title":{"rendered":"Handling Expo 2025"},"content":{"rendered":"<h2>Anter System auf der Handling Expo 2025 in Kairo<\/h2>\n<p>Vom 18. bis 21. Dezember 2025 hatten wir das Vergn\u00fcgen, an der <strong>Handling Expo &#8211; The International Exhibition for Material Handling &amp; Storage Equipment<\/strong> in Kairo, \u00c4gypten, teilzunehmen. Die Veranstaltung war eine wichtige Station auf der internationalen Roadmap von Anter System und ein starker Schlusspunkt f\u00fcr unsere Messesaison 2025. <\/p>\n<p>Die Handling Expo, die im Egypt International Exhibition Center stattfand, best\u00e4tigte, wie dynamisch sich die Bereiche Lagerhaltung, Intralogistik und industrielle Sicherheit auf den M\u00e4rkten im Nahen Osten und in Afrika entwickeln. Nach Angaben der Organisatoren versammelten sich auf der diesj\u00e4hrigen Ausgabe <strong>622 Aussteller aus 27 L\u00e4ndern<\/strong> und <strong>24.208 Fachbesucher<\/strong>, wodurch eine lebendige Plattform f\u00fcr Wissensaustausch und Gesch\u00e4ftswachstum geschaffen wurde. <\/p>\n<p>Auf der Messe pr\u00e4sentierten wir unseren Ansatz f\u00fcr <strong>flexible Aufprallschutzsysteme<\/strong> und konzentrierten uns dabei auf die praktischen Sicherheitsherausforderungen in modernen Lagerh\u00e4usern und Produktionsanlagen. Gemeinsam mit unserem Partner <strong>IRack Storage Solution<\/strong> pr\u00e4sentierten wir L\u00f6sungen, die f\u00fcr reale Betriebsbedingungen entwickelt wurden &#8211; zum Schutz von Menschen, Infrastruktur und G\u00fctern in stark frequentierten industriellen Umgebungen. <\/p>\n<p>Jede internationale Veranstaltung hilft uns, die lokalen Marktbed\u00fcrfnisse besser zu verstehen, Perspektiven mit Branchenexperten auszutauschen und L\u00f6sungen zu verfeinern, die global funktionieren und gleichzeitig lokal umgesetzt werden k\u00f6nnen.<\/p>\n<p>Vielen Dank an alle, die uns in Kairo besucht und zu inspirierenden Gespr\u00e4chen und wertvollen Treffen beigetragen haben. Wir freuen uns darauf, diese Diskussionen im Jahr 2026 fortzusetzen. <\/p>\n","protected":false},"excerpt":{"rendered":"<p>Anter System auf der Handling Expo 2025 in Kairo Vom 18. bis 21. Dezember 2025 hatten wir das Vergn\u00fcgen, an der Handling Expo &#8211; The International Exhibition for Material Handling &amp; Storage Equipment in Kairo, \u00c4gypten, teilzunehmen. Die Veranstaltung war eine wichtige Station auf der internationalen Roadmap von Anter System und ein starker Schlusspunkt f\u00fcr [&hellip;]<\/p>\n","protected":false},"author":11,"featured_media":40283,"parent":30484,"menu_order":0,"comment_status":"closed","ping_status":"closed","template":"","meta":{"inline_featured_image":false,"ngg_post_thumbnail":0,"footnotes":""},"class_list":["post-40313","page","type-page","status-publish","has-post-thumbnail","hentry"],"acf":[],"yoast_head":"<!-- This site is optimized with the Yoast SEO plugin v27.0 - https:\/\/yoast.com\/product\/yoast-seo-wordpress\/ -->\n<title>Handling Expo 2025 - Anter System<\/title>\n<meta name=\"description\" content=\"Anter System auf der Handling Expo 2025 in Kairo Vom 18. bis 21. Dezember 2025 hatten wir das Vergn\u00fcgen, an der Handling Expo - The International\" \/>\n<meta name=\"robots\" content=\"index, follow, max-snippet:-1, max-image-preview:large, max-video-preview:-1\" \/>\n<link rel=\"canonical\" href=\"https:\/\/antersystem.com\/de\/nachrichten\/handling-expo-2025\/\" \/>\n<meta property=\"og:locale\" content=\"de_DE\" \/>\n<meta property=\"og:type\" content=\"article\" \/>\n<meta property=\"og:title\" content=\"Handling Expo 2025 - Anter System\" \/>\n<meta property=\"og:description\" content=\"Anter System auf der Handling Expo 2025 in Kairo Vom 18. bis 21. Dezember 2025 hatten wir das Vergn\u00fcgen, an der Handling Expo - The International\" \/>\n<meta property=\"og:url\" content=\"https:\/\/antersystem.com\/de\/nachrichten\/handling-expo-2025\/\" \/>\n<meta property=\"og:site_name\" content=\"Anter System\" \/>\n<meta property=\"article:modified_time\" content=\"2026-02-22T21:30:21+00:00\" \/>\n<meta property=\"og:image\" content=\"https:\/\/antersystem.com\/wp-content\/uploads\/handling-expo-2025-cover.webp\" \/>\n\t<meta property=\"og:image:width\" content=\"1921\" \/>\n\t<meta property=\"og:image:height\" content=\"1080\" \/>\n\t<meta property=\"og:image:type\" content=\"image\/webp\" \/>\n<meta name=\"twitter:card\" content=\"summary_large_image\" \/>\n<meta name=\"twitter:label1\" content=\"Gesch\u00e4tzte Lesezeit\" \/>\n\t<meta name=\"twitter:data1\" content=\"1\u00a0Minute\" \/>\n<script type=\"application\/ld+json\" class=\"yoast-schema-graph\">{\"@context\":\"https:\/\/schema.org\",\"@graph\":[{\"@type\":\"WebPage\",\"@id\":\"https:\/\/antersystem.com\/de\/nachrichten\/handling-expo-2025\/\",\"url\":\"https:\/\/antersystem.com\/de\/nachrichten\/handling-expo-2025\/\",\"name\":\"Handling Expo 2025 - Anter System\",\"isPartOf\":{\"@id\":\"https:\/\/antersystem.com\/de\/#website\"},\"primaryImageOfPage\":{\"@id\":\"https:\/\/antersystem.com\/de\/nachrichten\/handling-expo-2025\/#primaryimage\"},\"image\":{\"@id\":\"https:\/\/antersystem.com\/de\/nachrichten\/handling-expo-2025\/#primaryimage\"},\"thumbnailUrl\":\"https:\/\/antersystem.com\/wp-content\/uploads\/handling-expo-2025-cover.webp\",\"datePublished\":\"2025-12-22T14:36:00+00:00\",\"dateModified\":\"2026-02-22T21:30:21+00:00\",\"description\":\"Anter System auf der Handling Expo 2025 in Kairo Vom 18. bis 21. Dezember 2025 hatten wir das Vergn\u00fcgen, an der Handling Expo - The International\",\"breadcrumb\":{\"@id\":\"https:\/\/antersystem.com\/de\/nachrichten\/handling-expo-2025\/#breadcrumb\"},\"inLanguage\":\"de\",\"potentialAction\":[{\"@type\":\"ReadAction\",\"target\":[\"https:\/\/antersystem.com\/de\/nachrichten\/handling-expo-2025\/\"]}]},{\"@type\":\"ImageObject\",\"inLanguage\":\"de\",\"@id\":\"https:\/\/antersystem.com\/de\/nachrichten\/handling-expo-2025\/#primaryimage\",\"url\":\"https:\/\/antersystem.com\/wp-content\/uploads\/handling-expo-2025-cover.webp\",\"contentUrl\":\"https:\/\/antersystem.com\/wp-content\/uploads\/handling-expo-2025-cover.webp\",\"width\":1921,\"height\":1080},{\"@type\":\"BreadcrumbList\",\"@id\":\"https:\/\/antersystem.com\/de\/nachrichten\/handling-expo-2025\/#breadcrumb\",\"itemListElement\":[{\"@type\":\"ListItem\",\"position\":1,\"name\":\"AnterSystem\",\"item\":\"https:\/\/antersystem.com\/de\/\"},{\"@type\":\"ListItem\",\"position\":2,\"name\":\"Nachrichten\",\"item\":\"https:\/\/antersystem.com\/de\/nachrichten\/\"},{\"@type\":\"ListItem\",\"position\":3,\"name\":\"Handling Expo 2025\"}]},{\"@type\":\"WebSite\",\"@id\":\"https:\/\/antersystem.com\/de\/#website\",\"url\":\"https:\/\/antersystem.com\/de\/\",\"name\":\"Anter System\",\"description\":\"Jeste\u015bmy polskim producentem elastycznych barier ochronnych wykonywanych z polimerowych tworzyw sztucznych. Na rynku krajowym i zagranicznym dzia\u0142amy od ponad 15 lat dbaj\u0105c o zapewnienie bezpiecze\u0144stwa w zak\u0142adach produkcyjnych, magazynach oraz centrach logistycznych.\",\"potentialAction\":[{\"@type\":\"SearchAction\",\"target\":{\"@type\":\"EntryPoint\",\"urlTemplate\":\"https:\/\/antersystem.com\/de\/?s={search_term_string}\"},\"query-input\":{\"@type\":\"PropertyValueSpecification\",\"valueRequired\":true,\"valueName\":\"search_term_string\"}}],\"inLanguage\":\"de\"}]}<\/script>\n<!-- \/ Yoast SEO plugin. -->","yoast_head_json":{"title":"Handling Expo 2025 - Anter System","description":"Anter System auf der Handling Expo 2025 in Kairo Vom 18. bis 21. Dezember 2025 hatten wir das Vergn\u00fcgen, an der Handling Expo - The International","robots":{"index":"index","follow":"follow","max-snippet":"max-snippet:-1","max-image-preview":"max-image-preview:large","max-video-preview":"max-video-preview:-1"},"canonical":"https:\/\/antersystem.com\/de\/nachrichten\/handling-expo-2025\/","og_locale":"de_DE","og_type":"article","og_title":"Handling Expo 2025 - Anter System","og_description":"Anter System auf der Handling Expo 2025 in Kairo Vom 18. bis 21. Dezember 2025 hatten wir das Vergn\u00fcgen, an der Handling Expo - The International","og_url":"https:\/\/antersystem.com\/de\/nachrichten\/handling-expo-2025\/","og_site_name":"Anter System","article_modified_time":"2026-02-22T21:30:21+00:00","og_image":[{"width":1921,"height":1080,"url":"https:\/\/antersystem.com\/wp-content\/uploads\/handling-expo-2025-cover.webp","type":"image\/webp"}],"twitter_card":"summary_large_image","twitter_misc":{"Gesch\u00e4tzte Lesezeit":"1\u00a0Minute"},"schema":{"@context":"https:\/\/schema.org","@graph":[{"@type":"WebPage","@id":"https:\/\/antersystem.com\/de\/nachrichten\/handling-expo-2025\/","url":"https:\/\/antersystem.com\/de\/nachrichten\/handling-expo-2025\/","name":"Handling Expo 2025 - Anter System","isPartOf":{"@id":"https:\/\/antersystem.com\/de\/#website"},"primaryImageOfPage":{"@id":"https:\/\/antersystem.com\/de\/nachrichten\/handling-expo-2025\/#primaryimage"},"image":{"@id":"https:\/\/antersystem.com\/de\/nachrichten\/handling-expo-2025\/#primaryimage"},"thumbnailUrl":"https:\/\/antersystem.com\/wp-content\/uploads\/handling-expo-2025-cover.webp","datePublished":"2025-12-22T14:36:00+00:00","dateModified":"2026-02-22T21:30:21+00:00","description":"Anter System auf der Handling Expo 2025 in Kairo Vom 18. bis 21. Dezember 2025 hatten wir das Vergn\u00fcgen, an der Handling Expo - The International","breadcrumb":{"@id":"https:\/\/antersystem.com\/de\/nachrichten\/handling-expo-2025\/#breadcrumb"},"inLanguage":"de","potentialAction":[{"@type":"ReadAction","target":["https:\/\/antersystem.com\/de\/nachrichten\/handling-expo-2025\/"]}]},{"@type":"ImageObject","inLanguage":"de","@id":"https:\/\/antersystem.com\/de\/nachrichten\/handling-expo-2025\/#primaryimage","url":"https:\/\/antersystem.com\/wp-content\/uploads\/handling-expo-2025-cover.webp","contentUrl":"https:\/\/antersystem.com\/wp-content\/uploads\/handling-expo-2025-cover.webp","width":1921,"height":1080},{"@type":"BreadcrumbList","@id":"https:\/\/antersystem.com\/de\/nachrichten\/handling-expo-2025\/#breadcrumb","itemListElement":[{"@type":"ListItem","position":1,"name":"AnterSystem","item":"https:\/\/antersystem.com\/de\/"},{"@type":"ListItem","position":2,"name":"Nachrichten","item":"https:\/\/antersystem.com\/de\/nachrichten\/"},{"@type":"ListItem","position":3,"name":"Handling Expo 2025"}]},{"@type":"WebSite","@id":"https:\/\/antersystem.com\/de\/#website","url":"https:\/\/antersystem.com\/de\/","name":"Anter System","description":"Jeste\u015bmy polskim producentem elastycznych barier ochronnych wykonywanych z polimerowych tworzyw sztucznych. Na rynku krajowym i zagranicznym dzia\u0142amy od ponad 15 lat dbaj\u0105c o zapewnienie bezpiecze\u0144stwa w zak\u0142adach produkcyjnych, magazynach oraz centrach logistycznych.","potentialAction":[{"@type":"SearchAction","target":{"@type":"EntryPoint","urlTemplate":"https:\/\/antersystem.com\/de\/?s={search_term_string}"},"query-input":{"@type":"PropertyValueSpecification","valueRequired":true,"valueName":"search_term_string"}}],"inLanguage":"de"}]}},"_links":{"self":[{"href":"https:\/\/antersystem.com\/de\/wp-json\/wp\/v2\/pages\/40313","targetHints":{"allow":["GET"]}}],"collection":[{"href":"https:\/\/antersystem.com\/de\/wp-json\/wp\/v2\/pages"}],"about":[{"href":"https:\/\/antersystem.com\/de\/wp-json\/wp\/v2\/types\/page"}],"author":[{"embeddable":true,"href":"https:\/\/antersystem.com\/de\/wp-json\/wp\/v2\/users\/11"}],"replies":[{"embeddable":true,"href":"https:\/\/antersystem.com\/de\/wp-json\/wp\/v2\/comments?post=40313"}],"version-history":[{"count":1,"href":"https:\/\/antersystem.com\/de\/wp-json\/wp\/v2\/pages\/40313\/revisions"}],"predecessor-version":[{"id":40383,"href":"https:\/\/antersystem.com\/de\/wp-json\/wp\/v2\/pages\/40313\/revisions\/40383"}],"up":[{"embeddable":true,"href":"https:\/\/antersystem.com\/de\/wp-json\/wp\/v2\/pages\/30484"}],"wp:featuredmedia":[{"embeddable":true,"href":"https:\/\/antersystem.com\/de\/wp-json\/wp\/v2\/media\/40283"}],"wp:attachment":[{"href":"https:\/\/antersystem.com\/de\/wp-json\/wp\/v2\/media?parent=40313"}],"curies":[{"name":"wp","href":"https:\/\/api.w.org\/{rel}","templated":true}]}}