{"id":40912,"date":"2026-03-31T10:10:47","date_gmt":"2026-03-31T08:10:47","guid":{"rendered":"https:\/\/antersystem.com\/nachrichten\/see-you-at-nordbygg-2026\/"},"modified":"2026-04-16T10:59:56","modified_gmt":"2026-04-16T08:59:56","slug":"see-you-at-nordbygg-2026","status":"publish","type":"page","link":"https:\/\/antersystem.com\/de\/nachrichten\/see-you-at-nordbygg-2026\/","title":{"rendered":"Wir sehen uns auf der Nordbygg 2026 in Schweden"},"content":{"rendered":"<p>Anter System wird auf der <strong>Nordbygg 2026<\/strong>, die in <strong>Stockholm, Schweden,<\/strong> stattfindet, ausstellen. Als eine der wichtigsten Messen f\u00fcr die Bauindustrie in der nordischen Region bringt die Nordbygg Fachleute zusammen, die nach innovativen und praktischen L\u00f6sungen suchen. <\/p>\n<p>W\u00e4hrend der Veranstaltung k\u00f6nnen die Besucher Anter System am Stand der <strong>Polnischen Agentur f\u00fcr Unternehmensentwicklung<\/strong> treffen. Wir werden unsere industriellen Sicherheitsl\u00f6sungen zum Schutz von Menschen, Infrastruktur und Abl\u00e4ufen in Lagern, Produktionsst\u00e4tten und Logistikumgebungen vorstellen. <\/p>\n<p>Wenn Sie Nordbygg besuchen, laden wir Sie herzlich ein, unser Team in <strong>Halle C, Stand C03:61<\/strong> zu treffen. Wir freuen uns darauf, Sie in Schweden zu sehen. <\/p>\n","protected":false},"excerpt":{"rendered":"<p>Anter System wird auf der Nordbygg 2026, die in Stockholm, Schweden, stattfindet, ausstellen. Als eine der wichtigsten Messen f\u00fcr die Bauindustrie in der nordischen Region bringt die Nordbygg Fachleute zusammen, die nach innovativen und praktischen L\u00f6sungen suchen. W\u00e4hrend der Veranstaltung k\u00f6nnen die Besucher Anter System am Stand der Polnischen Agentur f\u00fcr Unternehmensentwicklung treffen. Wir werden [&hellip;]<\/p>\n","protected":false},"author":11,"featured_media":40829,"parent":30484,"menu_order":0,"comment_status":"closed","ping_status":"closed","template":"","meta":{"inline_featured_image":false,"ngg_post_thumbnail":0,"footnotes":""},"class_list":["post-40912","page","type-page","status-publish","has-post-thumbnail","hentry"],"acf":[],"yoast_head":"<!-- This site is optimized with the Yoast SEO plugin v27.0 - https:\/\/yoast.com\/product\/yoast-seo-wordpress\/ -->\n<title>Wir sehen uns auf der Nordbygg 2026 in Schweden - Anter System<\/title>\n<meta name=\"description\" content=\"Anter System wird auf der Nordbygg 2026, die in Stockholm, Schweden, stattfindet, ausstellen. Als eine der wichtigsten Messen f\u00fcr die Bauindustrie in der\" \/>\n<meta name=\"robots\" content=\"index, follow, max-snippet:-1, max-image-preview:large, max-video-preview:-1\" \/>\n<link rel=\"canonical\" href=\"https:\/\/antersystem.com\/de\/nachrichten\/see-you-at-nordbygg-2026\/\" \/>\n<meta property=\"og:locale\" content=\"de_DE\" \/>\n<meta property=\"og:type\" content=\"article\" \/>\n<meta property=\"og:title\" content=\"Wir sehen uns auf der Nordbygg 2026 in Schweden - Anter System\" \/>\n<meta property=\"og:description\" content=\"Anter System wird auf der Nordbygg 2026, die in Stockholm, Schweden, stattfindet, ausstellen. Als eine der wichtigsten Messen f\u00fcr die Bauindustrie in der\" \/>\n<meta property=\"og:url\" content=\"https:\/\/antersystem.com\/de\/nachrichten\/see-you-at-nordbygg-2026\/\" \/>\n<meta property=\"og:site_name\" content=\"Anter System\" \/>\n<meta property=\"article:modified_time\" content=\"2026-04-16T08:59:56+00:00\" \/>\n<meta property=\"og:image\" content=\"https:\/\/antersystem.com\/wp-content\/uploads\/norbygg-logo.webp\" \/>\n\t<meta property=\"og:image:width\" content=\"961\" \/>\n\t<meta property=\"og:image:height\" content=\"541\" \/>\n\t<meta property=\"og:image:type\" content=\"image\/webp\" \/>\n<meta name=\"twitter:card\" content=\"summary_large_image\" \/>\n<meta name=\"twitter:label1\" content=\"Gesch\u00e4tzte Lesezeit\" \/>\n\t<meta name=\"twitter:data1\" content=\"1\u00a0Minute\" \/>\n<script type=\"application\/ld+json\" class=\"yoast-schema-graph\">{\"@context\":\"https:\/\/schema.org\",\"@graph\":[{\"@type\":\"WebPage\",\"@id\":\"https:\/\/antersystem.com\/de\/nachrichten\/see-you-at-nordbygg-2026\/\",\"url\":\"https:\/\/antersystem.com\/de\/nachrichten\/see-you-at-nordbygg-2026\/\",\"name\":\"Wir sehen uns auf der Nordbygg 2026 in Schweden - Anter System\",\"isPartOf\":{\"@id\":\"https:\/\/antersystem.com\/de\/#website\"},\"primaryImageOfPage\":{\"@id\":\"https:\/\/antersystem.com\/de\/nachrichten\/see-you-at-nordbygg-2026\/#primaryimage\"},\"image\":{\"@id\":\"https:\/\/antersystem.com\/de\/nachrichten\/see-you-at-nordbygg-2026\/#primaryimage\"},\"thumbnailUrl\":\"https:\/\/antersystem.com\/wp-content\/uploads\/norbygg-logo.webp\",\"datePublished\":\"2026-03-31T08:10:47+00:00\",\"dateModified\":\"2026-04-16T08:59:56+00:00\",\"description\":\"Anter System wird auf der Nordbygg 2026, die in Stockholm, Schweden, stattfindet, ausstellen. Als eine der wichtigsten Messen f\u00fcr die Bauindustrie in der\",\"breadcrumb\":{\"@id\":\"https:\/\/antersystem.com\/de\/nachrichten\/see-you-at-nordbygg-2026\/#breadcrumb\"},\"inLanguage\":\"de\",\"potentialAction\":[{\"@type\":\"ReadAction\",\"target\":[\"https:\/\/antersystem.com\/de\/nachrichten\/see-you-at-nordbygg-2026\/\"]}]},{\"@type\":\"ImageObject\",\"inLanguage\":\"de\",\"@id\":\"https:\/\/antersystem.com\/de\/nachrichten\/see-you-at-nordbygg-2026\/#primaryimage\",\"url\":\"https:\/\/antersystem.com\/wp-content\/uploads\/norbygg-logo.webp\",\"contentUrl\":\"https:\/\/antersystem.com\/wp-content\/uploads\/norbygg-logo.webp\",\"width\":961,\"height\":541},{\"@type\":\"BreadcrumbList\",\"@id\":\"https:\/\/antersystem.com\/de\/nachrichten\/see-you-at-nordbygg-2026\/#breadcrumb\",\"itemListElement\":[{\"@type\":\"ListItem\",\"position\":1,\"name\":\"AnterSystem\",\"item\":\"https:\/\/antersystem.com\/de\/\"},{\"@type\":\"ListItem\",\"position\":2,\"name\":\"Nachrichten\",\"item\":\"https:\/\/antersystem.com\/de\/nachrichten\/\"},{\"@type\":\"ListItem\",\"position\":3,\"name\":\"Wir sehen uns auf der Nordbygg 2026 in Schweden\"}]},{\"@type\":\"WebSite\",\"@id\":\"https:\/\/antersystem.com\/de\/#website\",\"url\":\"https:\/\/antersystem.com\/de\/\",\"name\":\"Anter System\",\"description\":\"Jeste\u015bmy polskim producentem elastycznych barier ochronnych wykonywanych z polimerowych tworzyw sztucznych. Na rynku krajowym i zagranicznym dzia\u0142amy od ponad 15 lat dbaj\u0105c o zapewnienie bezpiecze\u0144stwa w zak\u0142adach produkcyjnych, magazynach oraz centrach logistycznych.\",\"potentialAction\":[{\"@type\":\"SearchAction\",\"target\":{\"@type\":\"EntryPoint\",\"urlTemplate\":\"https:\/\/antersystem.com\/de\/?s={search_term_string}\"},\"query-input\":{\"@type\":\"PropertyValueSpecification\",\"valueRequired\":true,\"valueName\":\"search_term_string\"}}],\"inLanguage\":\"de\"}]}<\/script>\n<!-- \/ Yoast SEO plugin. -->","yoast_head_json":{"title":"Wir sehen uns auf der Nordbygg 2026 in Schweden - Anter System","description":"Anter System wird auf der Nordbygg 2026, die in Stockholm, Schweden, stattfindet, ausstellen. Als eine der wichtigsten Messen f\u00fcr die Bauindustrie in der","robots":{"index":"index","follow":"follow","max-snippet":"max-snippet:-1","max-image-preview":"max-image-preview:large","max-video-preview":"max-video-preview:-1"},"canonical":"https:\/\/antersystem.com\/de\/nachrichten\/see-you-at-nordbygg-2026\/","og_locale":"de_DE","og_type":"article","og_title":"Wir sehen uns auf der Nordbygg 2026 in Schweden - Anter System","og_description":"Anter System wird auf der Nordbygg 2026, die in Stockholm, Schweden, stattfindet, ausstellen. Als eine der wichtigsten Messen f\u00fcr die Bauindustrie in der","og_url":"https:\/\/antersystem.com\/de\/nachrichten\/see-you-at-nordbygg-2026\/","og_site_name":"Anter System","article_modified_time":"2026-04-16T08:59:56+00:00","og_image":[{"width":961,"height":541,"url":"https:\/\/antersystem.com\/wp-content\/uploads\/norbygg-logo.webp","type":"image\/webp"}],"twitter_card":"summary_large_image","twitter_misc":{"Gesch\u00e4tzte Lesezeit":"1\u00a0Minute"},"schema":{"@context":"https:\/\/schema.org","@graph":[{"@type":"WebPage","@id":"https:\/\/antersystem.com\/de\/nachrichten\/see-you-at-nordbygg-2026\/","url":"https:\/\/antersystem.com\/de\/nachrichten\/see-you-at-nordbygg-2026\/","name":"Wir sehen uns auf der Nordbygg 2026 in Schweden - Anter System","isPartOf":{"@id":"https:\/\/antersystem.com\/de\/#website"},"primaryImageOfPage":{"@id":"https:\/\/antersystem.com\/de\/nachrichten\/see-you-at-nordbygg-2026\/#primaryimage"},"image":{"@id":"https:\/\/antersystem.com\/de\/nachrichten\/see-you-at-nordbygg-2026\/#primaryimage"},"thumbnailUrl":"https:\/\/antersystem.com\/wp-content\/uploads\/norbygg-logo.webp","datePublished":"2026-03-31T08:10:47+00:00","dateModified":"2026-04-16T08:59:56+00:00","description":"Anter System wird auf der Nordbygg 2026, die in Stockholm, Schweden, stattfindet, ausstellen. Als eine der wichtigsten Messen f\u00fcr die Bauindustrie in der","breadcrumb":{"@id":"https:\/\/antersystem.com\/de\/nachrichten\/see-you-at-nordbygg-2026\/#breadcrumb"},"inLanguage":"de","potentialAction":[{"@type":"ReadAction","target":["https:\/\/antersystem.com\/de\/nachrichten\/see-you-at-nordbygg-2026\/"]}]},{"@type":"ImageObject","inLanguage":"de","@id":"https:\/\/antersystem.com\/de\/nachrichten\/see-you-at-nordbygg-2026\/#primaryimage","url":"https:\/\/antersystem.com\/wp-content\/uploads\/norbygg-logo.webp","contentUrl":"https:\/\/antersystem.com\/wp-content\/uploads\/norbygg-logo.webp","width":961,"height":541},{"@type":"BreadcrumbList","@id":"https:\/\/antersystem.com\/de\/nachrichten\/see-you-at-nordbygg-2026\/#breadcrumb","itemListElement":[{"@type":"ListItem","position":1,"name":"AnterSystem","item":"https:\/\/antersystem.com\/de\/"},{"@type":"ListItem","position":2,"name":"Nachrichten","item":"https:\/\/antersystem.com\/de\/nachrichten\/"},{"@type":"ListItem","position":3,"name":"Wir sehen uns auf der Nordbygg 2026 in Schweden"}]},{"@type":"WebSite","@id":"https:\/\/antersystem.com\/de\/#website","url":"https:\/\/antersystem.com\/de\/","name":"Anter System","description":"Jeste\u015bmy polskim producentem elastycznych barier ochronnych wykonywanych z polimerowych tworzyw sztucznych. Na rynku krajowym i zagranicznym dzia\u0142amy od ponad 15 lat dbaj\u0105c o zapewnienie bezpiecze\u0144stwa w zak\u0142adach produkcyjnych, magazynach oraz centrach logistycznych.","potentialAction":[{"@type":"SearchAction","target":{"@type":"EntryPoint","urlTemplate":"https:\/\/antersystem.com\/de\/?s={search_term_string}"},"query-input":{"@type":"PropertyValueSpecification","valueRequired":true,"valueName":"search_term_string"}}],"inLanguage":"de"}]}},"_links":{"self":[{"href":"https:\/\/antersystem.com\/de\/wp-json\/wp\/v2\/pages\/40912","targetHints":{"allow":["GET"]}}],"collection":[{"href":"https:\/\/antersystem.com\/de\/wp-json\/wp\/v2\/pages"}],"about":[{"href":"https:\/\/antersystem.com\/de\/wp-json\/wp\/v2\/types\/page"}],"author":[{"embeddable":true,"href":"https:\/\/antersystem.com\/de\/wp-json\/wp\/v2\/users\/11"}],"replies":[{"embeddable":true,"href":"https:\/\/antersystem.com\/de\/wp-json\/wp\/v2\/comments?post=40912"}],"version-history":[{"count":1,"href":"https:\/\/antersystem.com\/de\/wp-json\/wp\/v2\/pages\/40912\/revisions"}],"predecessor-version":[{"id":40932,"href":"https:\/\/antersystem.com\/de\/wp-json\/wp\/v2\/pages\/40912\/revisions\/40932"}],"up":[{"embeddable":true,"href":"https:\/\/antersystem.com\/de\/wp-json\/wp\/v2\/pages\/30484"}],"wp:featuredmedia":[{"embeddable":true,"href":"https:\/\/antersystem.com\/de\/wp-json\/wp\/v2\/media\/40829"}],"wp:attachment":[{"href":"https:\/\/antersystem.com\/de\/wp-json\/wp\/v2\/media?parent=40912"}],"curies":[{"name":"wp","href":"https:\/\/api.w.org\/{rel}","templated":true}]}}