{"id":12759,"date":"2024-06-28T09:56:14","date_gmt":"2024-06-28T07:56:14","guid":{"rendered":"https:\/\/new.antersystem.com\/sustainable-practices\/"},"modified":"2026-01-30T14:29:51","modified_gmt":"2026-01-30T13:29:51","slug":"sustainable-practices","status":"publish","type":"page","link":"https:\/\/antersystem.com\/es\/noticias\/sustainable-practices\/","title":{"rendered":"Pr\u00e1cticas sostenibles"},"content":{"rendered":"\n<div class=\"wp-block-columns is-layout-flex wp-container-core-columns-is-layout-9d6595d7 wp-block-columns-is-layout-flex\">\n<div class=\"wp-block-column is-layout-flow wp-block-column-is-layout-flow\" style=\"flex-basis:10%\"><\/div>\n\n\n\n<div class=\"wp-block-column is-layout-flow wp-block-column-is-layout-flow\">\n<h2 class=\"wp-block-heading\">Estar al d\u00eda de las iniciativas y normas mundiales<\/h2>\n\n\n\n<p><strong>EcoVadis ayuda a las empresas a evaluar la eficacia con que gestionan sus pr\u00e1cticas de responsabilidad social corporativa.  <\/strong>  Anter System se compromete a prevenir la contaminaci\u00f3n medioambiental, ofrecer productos \u00e9ticos y adoptar modelos empresariales sostenibles. En 2024, nuestros esfuerzos volvieron a ser reconocidos con la <strong>Medalla de Plata EcoVadis<\/strong>, igual que el a\u00f1o anterior.<\/p>\n\n\n\n<p>Esta distinci\u00f3n confirma que la empresa obtuvo resultados elevados en las siguientes \u00e1reas:<\/p>\n\n\n\n<p><strong>Medio Ambiente:<\/strong> Pol\u00edticas y acciones relacionadas con la gesti\u00f3n del impacto medioambiental de la empresa, incluida la gesti\u00f3n de emisiones, la eficiencia de los recursos y las iniciativas de sostenibilidad.<\/p>\n\n\n\n<p><strong>Trabajo y Derechos Humanos:<\/strong> Condiciones de trabajo, respeto de los derechos de los empleados, salud y seguridad en el trabajo, as\u00ed como pol\u00edticas de diversidad e inclusi\u00f3n.<\/p>\n\n\n\n<p><strong>\u00c9tica:<\/strong> Principios \u00e9ticos, medidas anticorrupci\u00f3n, transparencia y cumplimiento de la normativa legal.<\/p>\n\n\n\n<p><strong>Compras sostenibles:<\/strong> Pol\u00edticas de promoci\u00f3n de pr\u00e1cticas de compra \u00e9ticas y sostenibles, selecci\u00f3n de proveedores y gesti\u00f3n de la cadena de suministro.<\/p>\n\n\n\n<p>La Medalla de Plata nos sit\u00faa entre el 15% de las mejores empresas evaluadas por EcoVadis, lo que pone de relieve nuestro compromiso activo con la sostenibilidad y la responsabilidad social. Damos las gracias a todos los que han contribuido a estos resultados en Anter System, y a nuestros clientes por su continua confianza.<\/p>\n<\/div>\n\n\n\n<div class=\"wp-block-column is-layout-flow wp-block-column-is-layout-flow\" style=\"flex-basis:10%\"><\/div>\n<\/div>\n<div class=\"wp-block-image\">\n<figure class=\"aligncenter size-large is-resized\"><img loading=\"lazy\" decoding=\"async\" width=\"1024\" height=\"535\" src=\"https:\/\/antersystem.com\/wp-content\/uploads\/ECOVADIS-1-1024x535.webp\" alt=\"La imagen muestra la Medalla de Plata EcoVadis. Confirma el alto rendimiento en responsabilidad social corporativa, &#xE9;tica, protecci&#xF3;n medioambiental y gesti&#xF3;n sostenible. \" class=\"wp-image-4968\" style=\"width:620px;height:auto\" srcset=\"https:\/\/antersystem.com\/wp-content\/uploads\/ECOVADIS-1-1024x535.webp 1024w, https:\/\/antersystem.com\/wp-content\/uploads\/ECOVADIS-1-300x157.webp 300w, https:\/\/antersystem.com\/wp-content\/uploads\/ECOVADIS-1-768x401.webp 768w, https:\/\/antersystem.com\/wp-content\/uploads\/ECOVADIS-1-450x235.webp 450w, https:\/\/antersystem.com\/wp-content\/uploads\/ECOVADIS-1-330x172.webp 330w, https:\/\/antersystem.com\/wp-content\/uploads\/ECOVADIS-1.webp 1200w\" sizes=\"auto, (max-width: 1024px) 100vw, 1024px\" \/><\/figure><\/div>","protected":false},"excerpt":{"rendered":"<p>Estar al d\u00eda de las iniciativas y normas mundiales EcoVadis ayuda a las empresas a evaluar la eficacia con que gestionan sus pr\u00e1cticas de responsabilidad social corporativa. Anter System se compromete a prevenir la contaminaci\u00f3n medioambiental, ofrecer productos \u00e9ticos y adoptar modelos empresariales sostenibles. En 2024, nuestros esfuerzos volvieron a ser reconocidos con la Medalla [&hellip;]<\/p>\n","protected":false},"author":1,"featured_media":0,"parent":30348,"menu_order":0,"comment_status":"closed","ping_status":"closed","template":"","meta":{"inline_featured_image":false,"ngg_post_thumbnail":0,"footnotes":""},"class_list":["post-12759","page","type-page","status-publish","hentry"],"acf":[],"yoast_head":"<!-- This site is optimized with the Yoast SEO plugin v27.0 - https:\/\/yoast.com\/product\/yoast-seo-wordpress\/ -->\n<title>Pr\u00e1cticas sostenibles - Anter System<\/title>\n<meta name=\"description\" content=\"Estar al d\u00eda de las iniciativas y normas mundiales EcoVadis ayuda a las empresas a evaluar la eficacia con que gestionan sus pr\u00e1cticas de responsabilidad\" \/>\n<meta name=\"robots\" content=\"index, follow, max-snippet:-1, max-image-preview:large, max-video-preview:-1\" \/>\n<link rel=\"canonical\" href=\"https:\/\/antersystem.com\/es\/noticias\/sustainable-practices\/\" \/>\n<meta property=\"og:locale\" content=\"es_ES\" \/>\n<meta property=\"og:type\" content=\"article\" \/>\n<meta property=\"og:title\" content=\"Pr\u00e1cticas sostenibles - Anter System\" \/>\n<meta property=\"og:description\" content=\"Estar al d\u00eda de las iniciativas y normas mundiales EcoVadis ayuda a las empresas a evaluar la eficacia con que gestionan sus pr\u00e1cticas de responsabilidad\" \/>\n<meta property=\"og:url\" content=\"https:\/\/antersystem.com\/es\/noticias\/sustainable-practices\/\" \/>\n<meta property=\"og:site_name\" content=\"Anter System\" \/>\n<meta property=\"article:modified_time\" content=\"2026-01-30T13:29:51+00:00\" \/>\n<meta property=\"og:image\" content=\"https:\/\/antersystem.com\/wp-content\/uploads\/ECOVADIS-1-1024x535.webp\" \/>\n<meta name=\"twitter:card\" content=\"summary_large_image\" \/>\n<meta name=\"twitter:label1\" content=\"Tiempo de lectura\" \/>\n\t<meta name=\"twitter:data1\" content=\"1 minuto\" \/>\n<script type=\"application\/ld+json\" class=\"yoast-schema-graph\">{\"@context\":\"https:\/\/schema.org\",\"@graph\":[{\"@type\":\"WebPage\",\"@id\":\"https:\/\/antersystem.com\/es\/noticias\/sustainable-practices\/\",\"url\":\"https:\/\/antersystem.com\/es\/noticias\/sustainable-practices\/\",\"name\":\"Pr\u00e1cticas sostenibles - Anter System\",\"isPartOf\":{\"@id\":\"https:\/\/antersystem.com\/es\/#website\"},\"primaryImageOfPage\":{\"@id\":\"https:\/\/antersystem.com\/es\/noticias\/sustainable-practices\/#primaryimage\"},\"image\":{\"@id\":\"https:\/\/antersystem.com\/es\/noticias\/sustainable-practices\/#primaryimage\"},\"thumbnailUrl\":\"https:\/\/antersystem.com\/wp-content\/uploads\/ECOVADIS-1-1024x535.webp\",\"datePublished\":\"2024-06-28T07:56:14+00:00\",\"dateModified\":\"2026-01-30T13:29:51+00:00\",\"description\":\"Estar al d\u00eda de las iniciativas y normas mundiales EcoVadis ayuda a las empresas a evaluar la eficacia con que gestionan sus pr\u00e1cticas de responsabilidad\",\"breadcrumb\":{\"@id\":\"https:\/\/antersystem.com\/es\/noticias\/sustainable-practices\/#breadcrumb\"},\"inLanguage\":\"es\",\"potentialAction\":[{\"@type\":\"ReadAction\",\"target\":[\"https:\/\/antersystem.com\/es\/noticias\/sustainable-practices\/\"]}]},{\"@type\":\"ImageObject\",\"inLanguage\":\"es\",\"@id\":\"https:\/\/antersystem.com\/es\/noticias\/sustainable-practices\/#primaryimage\",\"url\":\"https:\/\/antersystem.com\/wp-content\/uploads\/ECOVADIS-1-1024x535.webp\",\"contentUrl\":\"https:\/\/antersystem.com\/wp-content\/uploads\/ECOVADIS-1-1024x535.webp\"},{\"@type\":\"BreadcrumbList\",\"@id\":\"https:\/\/antersystem.com\/es\/noticias\/sustainable-practices\/#breadcrumb\",\"itemListElement\":[{\"@type\":\"ListItem\",\"position\":1,\"name\":\"AnterSystem\",\"item\":\"https:\/\/antersystem.com\/es\/\"},{\"@type\":\"ListItem\",\"position\":2,\"name\":\"Noticias\",\"item\":\"https:\/\/antersystem.com\/es\/noticias\/\"},{\"@type\":\"ListItem\",\"position\":3,\"name\":\"Pr\u00e1cticas sostenibles\"}]},{\"@type\":\"WebSite\",\"@id\":\"https:\/\/antersystem.com\/es\/#website\",\"url\":\"https:\/\/antersystem.com\/es\/\",\"name\":\"Anter System\",\"description\":\"Jeste\u015bmy polskim producentem elastycznych barier ochronnych wykonywanych z polimerowych tworzyw sztucznych. Na rynku krajowym i zagranicznym dzia\u0142amy od ponad 15 lat dbaj\u0105c o zapewnienie bezpiecze\u0144stwa w zak\u0142adach produkcyjnych, magazynach oraz centrach logistycznych.\",\"potentialAction\":[{\"@type\":\"SearchAction\",\"target\":{\"@type\":\"EntryPoint\",\"urlTemplate\":\"https:\/\/antersystem.com\/es\/?s={search_term_string}\"},\"query-input\":{\"@type\":\"PropertyValueSpecification\",\"valueRequired\":true,\"valueName\":\"search_term_string\"}}],\"inLanguage\":\"es\"}]}<\/script>\n<!-- \/ Yoast SEO plugin. -->","yoast_head_json":{"title":"Pr\u00e1cticas sostenibles - Anter System","description":"Estar al d\u00eda de las iniciativas y normas mundiales EcoVadis ayuda a las empresas a evaluar la eficacia con que gestionan sus pr\u00e1cticas de responsabilidad","robots":{"index":"index","follow":"follow","max-snippet":"max-snippet:-1","max-image-preview":"max-image-preview:large","max-video-preview":"max-video-preview:-1"},"canonical":"https:\/\/antersystem.com\/es\/noticias\/sustainable-practices\/","og_locale":"es_ES","og_type":"article","og_title":"Pr\u00e1cticas sostenibles - Anter System","og_description":"Estar al d\u00eda de las iniciativas y normas mundiales EcoVadis ayuda a las empresas a evaluar la eficacia con que gestionan sus pr\u00e1cticas de responsabilidad","og_url":"https:\/\/antersystem.com\/es\/noticias\/sustainable-practices\/","og_site_name":"Anter System","article_modified_time":"2026-01-30T13:29:51+00:00","og_image":[{"url":"https:\/\/antersystem.com\/wp-content\/uploads\/ECOVADIS-1-1024x535.webp","type":"","width":"","height":""}],"twitter_card":"summary_large_image","twitter_misc":{"Tiempo de lectura":"1 minuto"},"schema":{"@context":"https:\/\/schema.org","@graph":[{"@type":"WebPage","@id":"https:\/\/antersystem.com\/es\/noticias\/sustainable-practices\/","url":"https:\/\/antersystem.com\/es\/noticias\/sustainable-practices\/","name":"Pr\u00e1cticas sostenibles - Anter System","isPartOf":{"@id":"https:\/\/antersystem.com\/es\/#website"},"primaryImageOfPage":{"@id":"https:\/\/antersystem.com\/es\/noticias\/sustainable-practices\/#primaryimage"},"image":{"@id":"https:\/\/antersystem.com\/es\/noticias\/sustainable-practices\/#primaryimage"},"thumbnailUrl":"https:\/\/antersystem.com\/wp-content\/uploads\/ECOVADIS-1-1024x535.webp","datePublished":"2024-06-28T07:56:14+00:00","dateModified":"2026-01-30T13:29:51+00:00","description":"Estar al d\u00eda de las iniciativas y normas mundiales EcoVadis ayuda a las empresas a evaluar la eficacia con que gestionan sus pr\u00e1cticas de responsabilidad","breadcrumb":{"@id":"https:\/\/antersystem.com\/es\/noticias\/sustainable-practices\/#breadcrumb"},"inLanguage":"es","potentialAction":[{"@type":"ReadAction","target":["https:\/\/antersystem.com\/es\/noticias\/sustainable-practices\/"]}]},{"@type":"ImageObject","inLanguage":"es","@id":"https:\/\/antersystem.com\/es\/noticias\/sustainable-practices\/#primaryimage","url":"https:\/\/antersystem.com\/wp-content\/uploads\/ECOVADIS-1-1024x535.webp","contentUrl":"https:\/\/antersystem.com\/wp-content\/uploads\/ECOVADIS-1-1024x535.webp"},{"@type":"BreadcrumbList","@id":"https:\/\/antersystem.com\/es\/noticias\/sustainable-practices\/#breadcrumb","itemListElement":[{"@type":"ListItem","position":1,"name":"AnterSystem","item":"https:\/\/antersystem.com\/es\/"},{"@type":"ListItem","position":2,"name":"Noticias","item":"https:\/\/antersystem.com\/es\/noticias\/"},{"@type":"ListItem","position":3,"name":"Pr\u00e1cticas sostenibles"}]},{"@type":"WebSite","@id":"https:\/\/antersystem.com\/es\/#website","url":"https:\/\/antersystem.com\/es\/","name":"Anter System","description":"Jeste\u015bmy polskim producentem elastycznych barier ochronnych wykonywanych z polimerowych tworzyw sztucznych. Na rynku krajowym i zagranicznym dzia\u0142amy od ponad 15 lat dbaj\u0105c o zapewnienie bezpiecze\u0144stwa w zak\u0142adach produkcyjnych, magazynach oraz centrach logistycznych.","potentialAction":[{"@type":"SearchAction","target":{"@type":"EntryPoint","urlTemplate":"https:\/\/antersystem.com\/es\/?s={search_term_string}"},"query-input":{"@type":"PropertyValueSpecification","valueRequired":true,"valueName":"search_term_string"}}],"inLanguage":"es"}]}},"_links":{"self":[{"href":"https:\/\/antersystem.com\/es\/wp-json\/wp\/v2\/pages\/12759","targetHints":{"allow":["GET"]}}],"collection":[{"href":"https:\/\/antersystem.com\/es\/wp-json\/wp\/v2\/pages"}],"about":[{"href":"https:\/\/antersystem.com\/es\/wp-json\/wp\/v2\/types\/page"}],"author":[{"embeddable":true,"href":"https:\/\/antersystem.com\/es\/wp-json\/wp\/v2\/users\/1"}],"replies":[{"embeddable":true,"href":"https:\/\/antersystem.com\/es\/wp-json\/wp\/v2\/comments?post=12759"}],"version-history":[{"count":1,"href":"https:\/\/antersystem.com\/es\/wp-json\/wp\/v2\/pages\/12759\/revisions"}],"predecessor-version":[{"id":12765,"href":"https:\/\/antersystem.com\/es\/wp-json\/wp\/v2\/pages\/12759\/revisions\/12765"}],"up":[{"embeddable":true,"href":"https:\/\/antersystem.com\/es\/wp-json\/wp\/v2\/pages\/30348"}],"wp:attachment":[{"href":"https:\/\/antersystem.com\/es\/wp-json\/wp\/v2\/media?parent=12759"}],"curies":[{"name":"wp","href":"https:\/\/api.w.org\/{rel}","templated":true}]}}