{"id":12891,"date":"2023-09-01T11:13:45","date_gmt":"2023-09-01T09:13:45","guid":{"rendered":"https:\/\/new.antersystem.com\/case-studies\/gb-barriers\/"},"modified":"2026-01-30T01:31:27","modified_gmt":"2026-01-30T00:31:27","slug":"gb-barriers","status":"publish","type":"page","link":"https:\/\/antersystem.com\/es\/case-studies\/gb-barriers\/","title":{"rendered":"Barreras GB"},"content":{"rendered":"\n<div class=\"wp-block-columns is-layout-flex wp-container-core-columns-is-layout-9d6595d7 wp-block-columns-is-layout-flex\">\n<div class=\"wp-block-column is-layout-flow wp-block-column-is-layout-flow\" style=\"flex-basis:10%\"><\/div>\n\n\n\n<div class=\"wp-block-column is-layout-flow wp-block-column-is-layout-flow\" style=\"flex-basis:80%\">\n<p class=\"justify-mru\">Para el mayor operador estadounidense especializado en log\u00edstica de contratos, dise\u00f1amos y realizamos un proyecto de protecci\u00f3n de cintas transportadoras y l\u00edneas de transporte utilizando las barreras flexibles GB de Anter System. El concepto tambi\u00e9n inclu\u00eda mejorar la seguridad segregando m\u00e1quinas, pasarelas y zonas de trabajo con barreras de seguridad flexibles Peatonal R3 HD+. Los puntos cr\u00edticos se aseguraron adicionalmente con postes de protecci\u00f3n PA HD+. Para la protecci\u00f3n de los bastidores y las mallas, se utilizaron barreras de bordillos KB. Los pilares estructurales se protegieron con protectores de pilares RAL5. La atenci\u00f3n a cada detalle del proyecto contribuy\u00f3 a elevar el nivel general de seguridad y comodidad en el lugar de trabajo.<\/p>\n\n\n\nngg_shortcode_0_placeholder\n<\/div>\n\n\n\n<div class=\"wp-block-column is-layout-flow wp-block-column-is-layout-flow\" style=\"flex-basis:10%\"><\/div>\n<\/div>\n","protected":false},"excerpt":{"rendered":"<p>Para el mayor operador estadounidense especializado en log\u00edstica de contratos, dise\u00f1amos y realizamos un proyecto de protecci\u00f3n de cintas transportadoras y l\u00edneas de transporte utilizando las barreras flexibles GB de Anter System. El concepto tambi\u00e9n inclu\u00eda mejorar la seguridad segregando m\u00e1quinas, pasarelas y zonas de trabajo con barreras de seguridad flexibles Peatonal R3 HD+. Los [&hellip;]<\/p>\n","protected":false},"author":1,"featured_media":0,"parent":12690,"menu_order":0,"comment_status":"closed","ping_status":"closed","template":"","meta":{"inline_featured_image":false,"ngg_post_thumbnail":0,"footnotes":""},"class_list":["post-12891","page","type-page","status-publish","hentry"],"acf":[],"yoast_head":"<!-- This site is optimized with the Yoast SEO plugin v27.0 - https:\/\/yoast.com\/product\/yoast-seo-wordpress\/ -->\n<title>Barreras GB - Anter System<\/title>\n<meta name=\"description\" content=\"Para el mayor operador estadounidense especializado en log\u00edstica de contratos, dise\u00f1amos y realizamos un proyecto de protecci\u00f3n de cintas transportadoras\" \/>\n<meta name=\"robots\" content=\"index, follow, max-snippet:-1, max-image-preview:large, max-video-preview:-1\" \/>\n<link rel=\"canonical\" href=\"https:\/\/antersystem.com\/es\/case-studies\/gb-barriers\/\" \/>\n<meta property=\"og:locale\" content=\"es_ES\" \/>\n<meta property=\"og:type\" content=\"article\" \/>\n<meta property=\"og:title\" content=\"Barreras GB - Anter System\" \/>\n<meta property=\"og:description\" content=\"Para el mayor operador estadounidense especializado en log\u00edstica de contratos, dise\u00f1amos y realizamos un proyecto de protecci\u00f3n de cintas transportadoras\" \/>\n<meta property=\"og:url\" content=\"https:\/\/antersystem.com\/es\/case-studies\/gb-barriers\/\" \/>\n<meta property=\"og:site_name\" content=\"Anter System\" \/>\n<meta property=\"article:modified_time\" content=\"2026-01-30T00:31:27+00:00\" \/>\n<meta name=\"twitter:card\" content=\"summary_large_image\" \/>\n<meta name=\"twitter:label1\" content=\"Tiempo de lectura\" \/>\n\t<meta name=\"twitter:data1\" content=\"1 minuto\" \/>\n<script type=\"application\/ld+json\" class=\"yoast-schema-graph\">{\"@context\":\"https:\/\/schema.org\",\"@graph\":[{\"@type\":\"WebPage\",\"@id\":\"https:\/\/antersystem.com\/es\/case-studies\/gb-barriers\/\",\"url\":\"https:\/\/antersystem.com\/es\/case-studies\/gb-barriers\/\",\"name\":\"Barreras GB - Anter System\",\"isPartOf\":{\"@id\":\"https:\/\/antersystem.com\/es\/#website\"},\"datePublished\":\"2023-09-01T09:13:45+00:00\",\"dateModified\":\"2026-01-30T00:31:27+00:00\",\"description\":\"Para el mayor operador estadounidense especializado en log\u00edstica de contratos, dise\u00f1amos y realizamos un proyecto de protecci\u00f3n de cintas transportadoras\",\"breadcrumb\":{\"@id\":\"https:\/\/antersystem.com\/es\/case-studies\/gb-barriers\/#breadcrumb\"},\"inLanguage\":\"es\",\"potentialAction\":[{\"@type\":\"ReadAction\",\"target\":[\"https:\/\/antersystem.com\/es\/case-studies\/gb-barriers\/\"]}]},{\"@type\":\"BreadcrumbList\",\"@id\":\"https:\/\/antersystem.com\/es\/case-studies\/gb-barriers\/#breadcrumb\",\"itemListElement\":[{\"@type\":\"ListItem\",\"position\":1,\"name\":\"AnterSystem\",\"item\":\"https:\/\/antersystem.com\/es\/\"},{\"@type\":\"ListItem\",\"position\":2,\"name\":\"Casos pr\u00e1cticos\",\"item\":\"https:\/\/antersystem.com\/es\/case-studies\/\"},{\"@type\":\"ListItem\",\"position\":3,\"name\":\"Barreras GB\"}]},{\"@type\":\"WebSite\",\"@id\":\"https:\/\/antersystem.com\/es\/#website\",\"url\":\"https:\/\/antersystem.com\/es\/\",\"name\":\"Anter System\",\"description\":\"Jeste\u015bmy polskim producentem elastycznych barier ochronnych wykonywanych z polimerowych tworzyw sztucznych. Na rynku krajowym i zagranicznym dzia\u0142amy od ponad 15 lat dbaj\u0105c o zapewnienie bezpiecze\u0144stwa w zak\u0142adach produkcyjnych, magazynach oraz centrach logistycznych.\",\"potentialAction\":[{\"@type\":\"SearchAction\",\"target\":{\"@type\":\"EntryPoint\",\"urlTemplate\":\"https:\/\/antersystem.com\/es\/?s={search_term_string}\"},\"query-input\":{\"@type\":\"PropertyValueSpecification\",\"valueRequired\":true,\"valueName\":\"search_term_string\"}}],\"inLanguage\":\"es\"}]}<\/script>\n<!-- \/ Yoast SEO plugin. -->","yoast_head_json":{"title":"Barreras GB - Anter System","description":"Para el mayor operador estadounidense especializado en log\u00edstica de contratos, dise\u00f1amos y realizamos un proyecto de protecci\u00f3n de cintas transportadoras","robots":{"index":"index","follow":"follow","max-snippet":"max-snippet:-1","max-image-preview":"max-image-preview:large","max-video-preview":"max-video-preview:-1"},"canonical":"https:\/\/antersystem.com\/es\/case-studies\/gb-barriers\/","og_locale":"es_ES","og_type":"article","og_title":"Barreras GB - Anter System","og_description":"Para el mayor operador estadounidense especializado en log\u00edstica de contratos, dise\u00f1amos y realizamos un proyecto de protecci\u00f3n de cintas transportadoras","og_url":"https:\/\/antersystem.com\/es\/case-studies\/gb-barriers\/","og_site_name":"Anter System","article_modified_time":"2026-01-30T00:31:27+00:00","twitter_card":"summary_large_image","twitter_misc":{"Tiempo de lectura":"1 minuto"},"schema":{"@context":"https:\/\/schema.org","@graph":[{"@type":"WebPage","@id":"https:\/\/antersystem.com\/es\/case-studies\/gb-barriers\/","url":"https:\/\/antersystem.com\/es\/case-studies\/gb-barriers\/","name":"Barreras GB - Anter System","isPartOf":{"@id":"https:\/\/antersystem.com\/es\/#website"},"datePublished":"2023-09-01T09:13:45+00:00","dateModified":"2026-01-30T00:31:27+00:00","description":"Para el mayor operador estadounidense especializado en log\u00edstica de contratos, dise\u00f1amos y realizamos un proyecto de protecci\u00f3n de cintas transportadoras","breadcrumb":{"@id":"https:\/\/antersystem.com\/es\/case-studies\/gb-barriers\/#breadcrumb"},"inLanguage":"es","potentialAction":[{"@type":"ReadAction","target":["https:\/\/antersystem.com\/es\/case-studies\/gb-barriers\/"]}]},{"@type":"BreadcrumbList","@id":"https:\/\/antersystem.com\/es\/case-studies\/gb-barriers\/#breadcrumb","itemListElement":[{"@type":"ListItem","position":1,"name":"AnterSystem","item":"https:\/\/antersystem.com\/es\/"},{"@type":"ListItem","position":2,"name":"Casos pr\u00e1cticos","item":"https:\/\/antersystem.com\/es\/case-studies\/"},{"@type":"ListItem","position":3,"name":"Barreras GB"}]},{"@type":"WebSite","@id":"https:\/\/antersystem.com\/es\/#website","url":"https:\/\/antersystem.com\/es\/","name":"Anter System","description":"Jeste\u015bmy polskim producentem elastycznych barier ochronnych wykonywanych z polimerowych tworzyw sztucznych. Na rynku krajowym i zagranicznym dzia\u0142amy od ponad 15 lat dbaj\u0105c o zapewnienie bezpiecze\u0144stwa w zak\u0142adach produkcyjnych, magazynach oraz centrach logistycznych.","potentialAction":[{"@type":"SearchAction","target":{"@type":"EntryPoint","urlTemplate":"https:\/\/antersystem.com\/es\/?s={search_term_string}"},"query-input":{"@type":"PropertyValueSpecification","valueRequired":true,"valueName":"search_term_string"}}],"inLanguage":"es"}]}},"_links":{"self":[{"href":"https:\/\/antersystem.com\/es\/wp-json\/wp\/v2\/pages\/12891","targetHints":{"allow":["GET"]}}],"collection":[{"href":"https:\/\/antersystem.com\/es\/wp-json\/wp\/v2\/pages"}],"about":[{"href":"https:\/\/antersystem.com\/es\/wp-json\/wp\/v2\/types\/page"}],"author":[{"embeddable":true,"href":"https:\/\/antersystem.com\/es\/wp-json\/wp\/v2\/users\/1"}],"replies":[{"embeddable":true,"href":"https:\/\/antersystem.com\/es\/wp-json\/wp\/v2\/comments?post=12891"}],"version-history":[{"count":1,"href":"https:\/\/antersystem.com\/es\/wp-json\/wp\/v2\/pages\/12891\/revisions"}],"predecessor-version":[{"id":12894,"href":"https:\/\/antersystem.com\/es\/wp-json\/wp\/v2\/pages\/12891\/revisions\/12894"}],"up":[{"embeddable":true,"href":"https:\/\/antersystem.com\/es\/wp-json\/wp\/v2\/pages\/12690"}],"wp:attachment":[{"href":"https:\/\/antersystem.com\/es\/wp-json\/wp\/v2\/media?parent=12891"}],"curies":[{"name":"wp","href":"https:\/\/api.w.org\/{rel}","templated":true}]}}