{"id":12947,"date":"2023-10-06T11:50:25","date_gmt":"2023-10-06T09:50:25","guid":{"rendered":"https:\/\/new.antersystem.com\/case-studies\/kb-kerb-barriers\/"},"modified":"2026-01-30T01:30:10","modified_gmt":"2026-01-30T00:30:10","slug":"kb-kerb-barriers","status":"publish","type":"page","link":"https:\/\/antersystem.com\/es\/case-studies\/kb-kerb-barriers\/","title":{"rendered":"Bordillos KB"},"content":{"rendered":"\n<p><\/p>\n\n<div class=\"wp-block-columns is-layout-flex wp-container-core-columns-is-layout-9d6595d7 wp-block-columns-is-layout-flex\">\n<div class=\"wp-block-column is-layout-flow wp-block-column-is-layout-flow\" style=\"flex-basis:10%\"><\/div>\n\n\n\n<div class=\"wp-block-column is-layout-flow wp-block-column-is-layout-flow\">\n<p>La instalaci\u00f3n de barreras KB para un cliente del sector de la automoci\u00f3n proporcion\u00f3 una soluci\u00f3n eficaz para asegurar la zona de almacenamiento de cajas de palets. Las barreras KB de Anter System, fabricadas con material Ertax muy duradero, resultaron indispensables para impedir el movimiento y mantener la alineaci\u00f3n correcta de las cajas.<\/p>\n\n\n\n<p>Gracias a su extrema resistencia a los impactos, el material Ertax no s\u00f3lo garantiza una durabilidad extraordinaria, sino que tambi\u00e9n minimiza el riesgo de da\u00f1os o deformaciones de las barreras. La instalaci\u00f3n de barreras KB contribuy\u00f3 a mejorar la eficacia del almacenamiento y la seguridad del almac\u00e9n. Esta soluci\u00f3n no s\u00f3lo ahorra tiempo y costes, sino que tambi\u00e9n aumenta la funcionalidad general del almac\u00e9n de cajas de palets.<\/p>\n\n\n\nngg_shortcode_0_placeholder\n<\/div>\n\n\n\n<div class=\"wp-block-column is-layout-flow wp-block-column-is-layout-flow\" style=\"flex-basis:10%\"><\/div>\n<\/div>\n","protected":false},"excerpt":{"rendered":"<p>La instalaci\u00f3n de barreras KB para un cliente del sector de la automoci\u00f3n proporcion\u00f3 una soluci\u00f3n eficaz para asegurar la zona de almacenamiento de cajas de palets. Las barreras KB de Anter System, fabricadas con material Ertax muy duradero, resultaron indispensables para impedir el movimiento y mantener la alineaci\u00f3n correcta de las cajas. Gracias a [&hellip;]<\/p>\n","protected":false},"author":1,"featured_media":0,"parent":12690,"menu_order":0,"comment_status":"closed","ping_status":"closed","template":"","meta":{"inline_featured_image":false,"ngg_post_thumbnail":0,"footnotes":""},"class_list":["post-12947","page","type-page","status-publish","hentry"],"acf":[],"yoast_head":"<!-- This site is optimized with the Yoast SEO plugin v27.0 - https:\/\/yoast.com\/product\/yoast-seo-wordpress\/ -->\n<title>Bordillos KB - Anter System<\/title>\n<meta name=\"description\" content=\"La instalaci\u00f3n de barreras KB para un cliente del sector de la automoci\u00f3n proporcion\u00f3 una soluci\u00f3n eficaz para asegurar la zona de almacenamiento de cajas\" \/>\n<meta name=\"robots\" content=\"index, follow, max-snippet:-1, max-image-preview:large, max-video-preview:-1\" \/>\n<link rel=\"canonical\" href=\"https:\/\/antersystem.com\/es\/case-studies\/kb-kerb-barriers\/\" \/>\n<meta property=\"og:locale\" content=\"es_ES\" \/>\n<meta property=\"og:type\" content=\"article\" \/>\n<meta property=\"og:title\" content=\"Bordillos KB - Anter System\" \/>\n<meta property=\"og:description\" content=\"La instalaci\u00f3n de barreras KB para un cliente del sector de la automoci\u00f3n proporcion\u00f3 una soluci\u00f3n eficaz para asegurar la zona de almacenamiento de cajas\" \/>\n<meta property=\"og:url\" content=\"https:\/\/antersystem.com\/es\/case-studies\/kb-kerb-barriers\/\" \/>\n<meta property=\"og:site_name\" content=\"Anter System\" \/>\n<meta property=\"article:modified_time\" content=\"2026-01-30T00:30:10+00:00\" \/>\n<meta name=\"twitter:card\" content=\"summary_large_image\" \/>\n<meta name=\"twitter:label1\" content=\"Tiempo de lectura\" \/>\n\t<meta name=\"twitter:data1\" content=\"1 minuto\" \/>\n<script type=\"application\/ld+json\" class=\"yoast-schema-graph\">{\"@context\":\"https:\/\/schema.org\",\"@graph\":[{\"@type\":\"WebPage\",\"@id\":\"https:\/\/antersystem.com\/es\/case-studies\/kb-kerb-barriers\/\",\"url\":\"https:\/\/antersystem.com\/es\/case-studies\/kb-kerb-barriers\/\",\"name\":\"Bordillos KB - Anter System\",\"isPartOf\":{\"@id\":\"https:\/\/antersystem.com\/es\/#website\"},\"datePublished\":\"2023-10-06T09:50:25+00:00\",\"dateModified\":\"2026-01-30T00:30:10+00:00\",\"description\":\"La instalaci\u00f3n de barreras KB para un cliente del sector de la automoci\u00f3n proporcion\u00f3 una soluci\u00f3n eficaz para asegurar la zona de almacenamiento de cajas\",\"breadcrumb\":{\"@id\":\"https:\/\/antersystem.com\/es\/case-studies\/kb-kerb-barriers\/#breadcrumb\"},\"inLanguage\":\"es\",\"potentialAction\":[{\"@type\":\"ReadAction\",\"target\":[\"https:\/\/antersystem.com\/es\/case-studies\/kb-kerb-barriers\/\"]}]},{\"@type\":\"BreadcrumbList\",\"@id\":\"https:\/\/antersystem.com\/es\/case-studies\/kb-kerb-barriers\/#breadcrumb\",\"itemListElement\":[{\"@type\":\"ListItem\",\"position\":1,\"name\":\"AnterSystem\",\"item\":\"https:\/\/antersystem.com\/es\/\"},{\"@type\":\"ListItem\",\"position\":2,\"name\":\"Casos pr\u00e1cticos\",\"item\":\"https:\/\/antersystem.com\/es\/case-studies\/\"},{\"@type\":\"ListItem\",\"position\":3,\"name\":\"Bordillos KB\"}]},{\"@type\":\"WebSite\",\"@id\":\"https:\/\/antersystem.com\/es\/#website\",\"url\":\"https:\/\/antersystem.com\/es\/\",\"name\":\"Anter System\",\"description\":\"Jeste\u015bmy polskim producentem elastycznych barier ochronnych wykonywanych z polimerowych tworzyw sztucznych. Na rynku krajowym i zagranicznym dzia\u0142amy od ponad 15 lat dbaj\u0105c o zapewnienie bezpiecze\u0144stwa w zak\u0142adach produkcyjnych, magazynach oraz centrach logistycznych.\",\"potentialAction\":[{\"@type\":\"SearchAction\",\"target\":{\"@type\":\"EntryPoint\",\"urlTemplate\":\"https:\/\/antersystem.com\/es\/?s={search_term_string}\"},\"query-input\":{\"@type\":\"PropertyValueSpecification\",\"valueRequired\":true,\"valueName\":\"search_term_string\"}}],\"inLanguage\":\"es\"}]}<\/script>\n<!-- \/ Yoast SEO plugin. -->","yoast_head_json":{"title":"Bordillos KB - Anter System","description":"La instalaci\u00f3n de barreras KB para un cliente del sector de la automoci\u00f3n proporcion\u00f3 una soluci\u00f3n eficaz para asegurar la zona de almacenamiento de cajas","robots":{"index":"index","follow":"follow","max-snippet":"max-snippet:-1","max-image-preview":"max-image-preview:large","max-video-preview":"max-video-preview:-1"},"canonical":"https:\/\/antersystem.com\/es\/case-studies\/kb-kerb-barriers\/","og_locale":"es_ES","og_type":"article","og_title":"Bordillos KB - Anter System","og_description":"La instalaci\u00f3n de barreras KB para un cliente del sector de la automoci\u00f3n proporcion\u00f3 una soluci\u00f3n eficaz para asegurar la zona de almacenamiento de cajas","og_url":"https:\/\/antersystem.com\/es\/case-studies\/kb-kerb-barriers\/","og_site_name":"Anter System","article_modified_time":"2026-01-30T00:30:10+00:00","twitter_card":"summary_large_image","twitter_misc":{"Tiempo de lectura":"1 minuto"},"schema":{"@context":"https:\/\/schema.org","@graph":[{"@type":"WebPage","@id":"https:\/\/antersystem.com\/es\/case-studies\/kb-kerb-barriers\/","url":"https:\/\/antersystem.com\/es\/case-studies\/kb-kerb-barriers\/","name":"Bordillos KB - Anter System","isPartOf":{"@id":"https:\/\/antersystem.com\/es\/#website"},"datePublished":"2023-10-06T09:50:25+00:00","dateModified":"2026-01-30T00:30:10+00:00","description":"La instalaci\u00f3n de barreras KB para un cliente del sector de la automoci\u00f3n proporcion\u00f3 una soluci\u00f3n eficaz para asegurar la zona de almacenamiento de cajas","breadcrumb":{"@id":"https:\/\/antersystem.com\/es\/case-studies\/kb-kerb-barriers\/#breadcrumb"},"inLanguage":"es","potentialAction":[{"@type":"ReadAction","target":["https:\/\/antersystem.com\/es\/case-studies\/kb-kerb-barriers\/"]}]},{"@type":"BreadcrumbList","@id":"https:\/\/antersystem.com\/es\/case-studies\/kb-kerb-barriers\/#breadcrumb","itemListElement":[{"@type":"ListItem","position":1,"name":"AnterSystem","item":"https:\/\/antersystem.com\/es\/"},{"@type":"ListItem","position":2,"name":"Casos pr\u00e1cticos","item":"https:\/\/antersystem.com\/es\/case-studies\/"},{"@type":"ListItem","position":3,"name":"Bordillos KB"}]},{"@type":"WebSite","@id":"https:\/\/antersystem.com\/es\/#website","url":"https:\/\/antersystem.com\/es\/","name":"Anter System","description":"Jeste\u015bmy polskim producentem elastycznych barier ochronnych wykonywanych z polimerowych tworzyw sztucznych. Na rynku krajowym i zagranicznym dzia\u0142amy od ponad 15 lat dbaj\u0105c o zapewnienie bezpiecze\u0144stwa w zak\u0142adach produkcyjnych, magazynach oraz centrach logistycznych.","potentialAction":[{"@type":"SearchAction","target":{"@type":"EntryPoint","urlTemplate":"https:\/\/antersystem.com\/es\/?s={search_term_string}"},"query-input":{"@type":"PropertyValueSpecification","valueRequired":true,"valueName":"search_term_string"}}],"inLanguage":"es"}]}},"_links":{"self":[{"href":"https:\/\/antersystem.com\/es\/wp-json\/wp\/v2\/pages\/12947","targetHints":{"allow":["GET"]}}],"collection":[{"href":"https:\/\/antersystem.com\/es\/wp-json\/wp\/v2\/pages"}],"about":[{"href":"https:\/\/antersystem.com\/es\/wp-json\/wp\/v2\/types\/page"}],"author":[{"embeddable":true,"href":"https:\/\/antersystem.com\/es\/wp-json\/wp\/v2\/users\/1"}],"replies":[{"embeddable":true,"href":"https:\/\/antersystem.com\/es\/wp-json\/wp\/v2\/comments?post=12947"}],"version-history":[{"count":1,"href":"https:\/\/antersystem.com\/es\/wp-json\/wp\/v2\/pages\/12947\/revisions"}],"predecessor-version":[{"id":12953,"href":"https:\/\/antersystem.com\/es\/wp-json\/wp\/v2\/pages\/12947\/revisions\/12953"}],"up":[{"embeddable":true,"href":"https:\/\/antersystem.com\/es\/wp-json\/wp\/v2\/pages\/12690"}],"wp:attachment":[{"href":"https:\/\/antersystem.com\/es\/wp-json\/wp\/v2\/media?parent=12947"}],"curies":[{"name":"wp","href":"https:\/\/api.w.org\/{rel}","templated":true}]}}