{"id":12968,"date":"2023-08-28T15:34:49","date_gmt":"2023-08-28T13:34:49","guid":{"rendered":"https:\/\/new.antersystem.com\/case-studies\/high-storage-barriers-wroclaw\/"},"modified":"2026-01-30T01:30:58","modified_gmt":"2026-01-30T00:30:58","slug":"high-storage-barriers-wroclaw","status":"publish","type":"page","link":"https:\/\/antersystem.com\/es\/case-studies\/high-storage-barriers-wroclaw\/","title":{"rendered":"Barreras de alto almacenamiento en Wroclaw"},"content":{"rendered":"\n<div class=\"wp-block-columns is-layout-flex wp-container-core-columns-is-layout-9d6595d7 wp-block-columns-is-layout-flex\">\n<div class=\"wp-block-column is-layout-flow wp-block-column-is-layout-flow\" style=\"flex-basis:10%\"><\/div>\n\n\n\n<div class=\"wp-block-column is-layout-flow wp-block-column-is-layout-flow\" style=\"flex-basis:80%\">\n<p class=\"justify-mru\">Una empresa l\u00edder en Europa en la producci\u00f3n de cables para la industria automovil\u00edstica llevaba mucho tiempo luchando por conseguir campos de almacenamiento para pilas de productos pesados.<\/p>\n\n\n\n<p class=\"justify-mru\">La empresa explor\u00f3 y consult\u00f3 varias soluciones de protecci\u00f3n. Finalmente, eligieron la soluci\u00f3n Anter System, convencidos por su dise\u00f1o robusto, su facilidad de instalaci\u00f3n en espacios reducidos y, lo que es m\u00e1s importante para el cliente, su acabado de alta calidad.<\/p>\n\n\n\n<p class=\"justify-mru\">Al implantar nuestra soluci\u00f3n -barreras altas de almacenamiento WALL PROTECTOR-, la empresa no s\u00f3lo aument\u00f3 la seguridad de los puestos de trabajo y las v\u00edas de circulaci\u00f3n, sino que tambi\u00e9n aprovech\u00f3 mejor las zonas donde se almacenan los cables. Consiguieron su objetivo de reducir el riesgo asociado al vuelco de material almacenado cerca de los puestos de trabajo y de las rutas de peatones y veh\u00edculos.  <\/p>\n\n\n\nngg_shortcode_0_placeholder\n<\/div>\n\n\n\n<div class=\"wp-block-column is-layout-flow wp-block-column-is-layout-flow\" style=\"flex-basis:10%\"><\/div>\n<\/div>\n","protected":false},"excerpt":{"rendered":"<p>Una empresa l\u00edder en Europa en la producci\u00f3n de cables para la industria automovil\u00edstica llevaba mucho tiempo luchando por conseguir campos de almacenamiento para pilas de productos pesados. La empresa explor\u00f3 y consult\u00f3 varias soluciones de protecci\u00f3n. Finalmente, eligieron la soluci\u00f3n Anter System, convencidos por su dise\u00f1o robusto, su facilidad de instalaci\u00f3n en espacios reducidos [&hellip;]<\/p>\n","protected":false},"author":1,"featured_media":0,"parent":12690,"menu_order":0,"comment_status":"closed","ping_status":"closed","template":"","meta":{"inline_featured_image":false,"ngg_post_thumbnail":0,"footnotes":""},"class_list":["post-12968","page","type-page","status-publish","hentry"],"acf":[],"yoast_head":"<!-- This site is optimized with the Yoast SEO plugin v27.0 - https:\/\/yoast.com\/product\/yoast-seo-wordpress\/ -->\n<title>Barreras de alto almacenamiento en Wroclaw - Anter System<\/title>\n<meta name=\"description\" content=\"Una empresa l\u00edder en Europa en la producci\u00f3n de cables para la industria automovil\u00edstica llevaba mucho tiempo luchando por conseguir campos de\" \/>\n<meta name=\"robots\" content=\"index, follow, max-snippet:-1, max-image-preview:large, max-video-preview:-1\" \/>\n<link rel=\"canonical\" href=\"https:\/\/antersystem.com\/es\/case-studies\/high-storage-barriers-wroclaw\/\" \/>\n<meta property=\"og:locale\" content=\"es_ES\" \/>\n<meta property=\"og:type\" content=\"article\" \/>\n<meta property=\"og:title\" content=\"Barreras de alto almacenamiento en Wroclaw - Anter System\" \/>\n<meta property=\"og:description\" content=\"Una empresa l\u00edder en Europa en la producci\u00f3n de cables para la industria automovil\u00edstica llevaba mucho tiempo luchando por conseguir campos de\" \/>\n<meta property=\"og:url\" content=\"https:\/\/antersystem.com\/es\/case-studies\/high-storage-barriers-wroclaw\/\" \/>\n<meta property=\"og:site_name\" content=\"Anter System\" \/>\n<meta property=\"article:modified_time\" content=\"2026-01-30T00:30:58+00:00\" \/>\n<meta name=\"twitter:card\" content=\"summary_large_image\" \/>\n<meta name=\"twitter:label1\" content=\"Tiempo de lectura\" \/>\n\t<meta name=\"twitter:data1\" content=\"1 minuto\" \/>\n<script type=\"application\/ld+json\" class=\"yoast-schema-graph\">{\"@context\":\"https:\/\/schema.org\",\"@graph\":[{\"@type\":\"WebPage\",\"@id\":\"https:\/\/antersystem.com\/es\/case-studies\/high-storage-barriers-wroclaw\/\",\"url\":\"https:\/\/antersystem.com\/es\/case-studies\/high-storage-barriers-wroclaw\/\",\"name\":\"Barreras de alto almacenamiento en Wroclaw - Anter System\",\"isPartOf\":{\"@id\":\"https:\/\/antersystem.com\/es\/#website\"},\"datePublished\":\"2023-08-28T13:34:49+00:00\",\"dateModified\":\"2026-01-30T00:30:58+00:00\",\"description\":\"Una empresa l\u00edder en Europa en la producci\u00f3n de cables para la industria automovil\u00edstica llevaba mucho tiempo luchando por conseguir campos de\",\"breadcrumb\":{\"@id\":\"https:\/\/antersystem.com\/es\/case-studies\/high-storage-barriers-wroclaw\/#breadcrumb\"},\"inLanguage\":\"es\",\"potentialAction\":[{\"@type\":\"ReadAction\",\"target\":[\"https:\/\/antersystem.com\/es\/case-studies\/high-storage-barriers-wroclaw\/\"]}]},{\"@type\":\"BreadcrumbList\",\"@id\":\"https:\/\/antersystem.com\/es\/case-studies\/high-storage-barriers-wroclaw\/#breadcrumb\",\"itemListElement\":[{\"@type\":\"ListItem\",\"position\":1,\"name\":\"AnterSystem\",\"item\":\"https:\/\/antersystem.com\/es\/\"},{\"@type\":\"ListItem\",\"position\":2,\"name\":\"Casos pr\u00e1cticos\",\"item\":\"https:\/\/antersystem.com\/es\/case-studies\/\"},{\"@type\":\"ListItem\",\"position\":3,\"name\":\"Barreras de alto almacenamiento en Wroclaw\"}]},{\"@type\":\"WebSite\",\"@id\":\"https:\/\/antersystem.com\/es\/#website\",\"url\":\"https:\/\/antersystem.com\/es\/\",\"name\":\"Anter System\",\"description\":\"Jeste\u015bmy polskim producentem elastycznych barier ochronnych wykonywanych z polimerowych tworzyw sztucznych. Na rynku krajowym i zagranicznym dzia\u0142amy od ponad 15 lat dbaj\u0105c o zapewnienie bezpiecze\u0144stwa w zak\u0142adach produkcyjnych, magazynach oraz centrach logistycznych.\",\"potentialAction\":[{\"@type\":\"SearchAction\",\"target\":{\"@type\":\"EntryPoint\",\"urlTemplate\":\"https:\/\/antersystem.com\/es\/?s={search_term_string}\"},\"query-input\":{\"@type\":\"PropertyValueSpecification\",\"valueRequired\":true,\"valueName\":\"search_term_string\"}}],\"inLanguage\":\"es\"}]}<\/script>\n<!-- \/ Yoast SEO plugin. -->","yoast_head_json":{"title":"Barreras de alto almacenamiento en Wroclaw - Anter System","description":"Una empresa l\u00edder en Europa en la producci\u00f3n de cables para la industria automovil\u00edstica llevaba mucho tiempo luchando por conseguir campos de","robots":{"index":"index","follow":"follow","max-snippet":"max-snippet:-1","max-image-preview":"max-image-preview:large","max-video-preview":"max-video-preview:-1"},"canonical":"https:\/\/antersystem.com\/es\/case-studies\/high-storage-barriers-wroclaw\/","og_locale":"es_ES","og_type":"article","og_title":"Barreras de alto almacenamiento en Wroclaw - Anter System","og_description":"Una empresa l\u00edder en Europa en la producci\u00f3n de cables para la industria automovil\u00edstica llevaba mucho tiempo luchando por conseguir campos de","og_url":"https:\/\/antersystem.com\/es\/case-studies\/high-storage-barriers-wroclaw\/","og_site_name":"Anter System","article_modified_time":"2026-01-30T00:30:58+00:00","twitter_card":"summary_large_image","twitter_misc":{"Tiempo de lectura":"1 minuto"},"schema":{"@context":"https:\/\/schema.org","@graph":[{"@type":"WebPage","@id":"https:\/\/antersystem.com\/es\/case-studies\/high-storage-barriers-wroclaw\/","url":"https:\/\/antersystem.com\/es\/case-studies\/high-storage-barriers-wroclaw\/","name":"Barreras de alto almacenamiento en Wroclaw - Anter System","isPartOf":{"@id":"https:\/\/antersystem.com\/es\/#website"},"datePublished":"2023-08-28T13:34:49+00:00","dateModified":"2026-01-30T00:30:58+00:00","description":"Una empresa l\u00edder en Europa en la producci\u00f3n de cables para la industria automovil\u00edstica llevaba mucho tiempo luchando por conseguir campos de","breadcrumb":{"@id":"https:\/\/antersystem.com\/es\/case-studies\/high-storage-barriers-wroclaw\/#breadcrumb"},"inLanguage":"es","potentialAction":[{"@type":"ReadAction","target":["https:\/\/antersystem.com\/es\/case-studies\/high-storage-barriers-wroclaw\/"]}]},{"@type":"BreadcrumbList","@id":"https:\/\/antersystem.com\/es\/case-studies\/high-storage-barriers-wroclaw\/#breadcrumb","itemListElement":[{"@type":"ListItem","position":1,"name":"AnterSystem","item":"https:\/\/antersystem.com\/es\/"},{"@type":"ListItem","position":2,"name":"Casos pr\u00e1cticos","item":"https:\/\/antersystem.com\/es\/case-studies\/"},{"@type":"ListItem","position":3,"name":"Barreras de alto almacenamiento en Wroclaw"}]},{"@type":"WebSite","@id":"https:\/\/antersystem.com\/es\/#website","url":"https:\/\/antersystem.com\/es\/","name":"Anter System","description":"Jeste\u015bmy polskim producentem elastycznych barier ochronnych wykonywanych z polimerowych tworzyw sztucznych. Na rynku krajowym i zagranicznym dzia\u0142amy od ponad 15 lat dbaj\u0105c o zapewnienie bezpiecze\u0144stwa w zak\u0142adach produkcyjnych, magazynach oraz centrach logistycznych.","potentialAction":[{"@type":"SearchAction","target":{"@type":"EntryPoint","urlTemplate":"https:\/\/antersystem.com\/es\/?s={search_term_string}"},"query-input":{"@type":"PropertyValueSpecification","valueRequired":true,"valueName":"search_term_string"}}],"inLanguage":"es"}]}},"_links":{"self":[{"href":"https:\/\/antersystem.com\/es\/wp-json\/wp\/v2\/pages\/12968","targetHints":{"allow":["GET"]}}],"collection":[{"href":"https:\/\/antersystem.com\/es\/wp-json\/wp\/v2\/pages"}],"about":[{"href":"https:\/\/antersystem.com\/es\/wp-json\/wp\/v2\/types\/page"}],"author":[{"embeddable":true,"href":"https:\/\/antersystem.com\/es\/wp-json\/wp\/v2\/users\/1"}],"replies":[{"embeddable":true,"href":"https:\/\/antersystem.com\/es\/wp-json\/wp\/v2\/comments?post=12968"}],"version-history":[{"count":1,"href":"https:\/\/antersystem.com\/es\/wp-json\/wp\/v2\/pages\/12968\/revisions"}],"predecessor-version":[{"id":12969,"href":"https:\/\/antersystem.com\/es\/wp-json\/wp\/v2\/pages\/12968\/revisions\/12969"}],"up":[{"embeddable":true,"href":"https:\/\/antersystem.com\/es\/wp-json\/wp\/v2\/pages\/12690"}],"wp:attachment":[{"href":"https:\/\/antersystem.com\/es\/wp-json\/wp\/v2\/media?parent=12968"}],"curies":[{"name":"wp","href":"https:\/\/api.w.org\/{rel}","templated":true}]}}