{"id":13007,"date":"2024-12-06T14:52:25","date_gmt":"2024-12-06T13:52:25","guid":{"rendered":"https:\/\/new.antersystem.com\/case-studies\/pa-bollards-gb-barriers-cold-storage-facility\/"},"modified":"2026-01-31T22:28:36","modified_gmt":"2026-01-31T21:28:36","slug":"pa-bollards-gb-barriers-cold-storage-facility","status":"publish","type":"page","link":"https:\/\/antersystem.com\/es\/case-studies\/pa-bollards-gb-barriers-cold-storage-facility\/","title":{"rendered":"Bolardos PA y barreras GB en un almac\u00e9n frigor\u00edfico"},"content":{"rendered":"\n<div class=\"wp-block-columns is-layout-flex wp-container-core-columns-is-layout-9d6595d7 wp-block-columns-is-layout-flex\">\n<div class=\"wp-block-column is-layout-flow wp-block-column-is-layout-flow\" style=\"flex-basis:10%\"><\/div>\n\n\n\n<div class=\"wp-block-column is-layout-flow wp-block-column-is-layout-flow\">\n<h2 class=\"wp-block-heading\">Bolardos de protecci\u00f3n PA y barreras GB HD+. Protecci\u00f3n eficaz de las infraestructuras a bajas temperaturas<\/h2>\n\n\n\n<p>En uno de nuestros proyectos de seguridad industrial, realizado para un almac\u00e9n frigor\u00edfico de nueva construcci\u00f3n, nos enfrentamos al reto de proteger elementos clave de la infraestructura expuestos a posibles da\u00f1os. El intenso tr\u00e1fico de carretillas elevadoras y carros de transporte manual requer\u00eda soluciones que no s\u00f3lo protegieran las zonas cr\u00edticas de las instalaciones, sino que tambi\u00e9n fueran <strong>resistentes a condiciones extremas<\/strong>: temperaturas que alcanzaban hasta -40 \u00b0C.<\/p>\n\n\n\n<p>El alcance del proyecto inclu\u00eda la protecci\u00f3n de elementos como puertas de entrada, muelles de carga, equipos sanitarios y muros en zonas de producci\u00f3n y almacenes. Adem\u00e1s, las soluciones deb\u00edan cumplir los elevados requisitos sanitarios aplicables en la industria alimentaria.<\/p>\n\n\n\n<h3 class=\"wp-block-heading\">Aplicaci\u00f3n<\/h3>\n\n\n\n<p>El proceso comenz\u00f3 con una <strong>auditor\u00eda detallada del emplazamiento<\/strong>, que nos permiti\u00f3 identificar las zonas m\u00e1s expuestas a da\u00f1os. La cooperaci\u00f3n con el cliente fue crucial en todas las fases, desde el an\u00e1lisis de las necesidades hasta la aplicaci\u00f3n de los productos adecuados. Nuestra tarea no s\u00f3lo consist\u00eda en ofrecer una protecci\u00f3n eficaz, sino tambi\u00e9n en dise\u00f1ar una soluci\u00f3n que fuera duradera, est\u00e9tica y funcional en el uso diario.<\/p>\n\n\n\n<p>Para proteger la infraestructura, utilizamos <a href=\"https:\/\/antersystem.com\/produkty\/elastyczny-slup-ochronny-pa\/\">bolardos protectores flexibles PA<\/a>, barreras GB para peatones R2 y <a href=\"https:\/\/antersystem.com\/produkty\/elastyczna-bariera-gb-hd\/\">barreras de suelo GB<\/a>. Los bolardos protectores PA se instalaron en puertas de entrada, muelles de carga y puertas utilizadas por veh\u00edculos y carros de transporte manual. Tambi\u00e9n se colocaban cerca de aparatos sanitarios, como fregaderos, protegi\u00e9ndolos de impactos accidentales.<\/p>\n\n\n\n<p>A lo largo de las paredes expuestas al contacto con las horquillas de las carretillas elevadoras, instalamos barreras de protecci\u00f3n flexibles <a href=\"https:\/\/antersystem.com\/produkty\/elastyczna-bariera-pedestrian-r2-gb\/\">Pedestrian R2 GB<\/a>, as\u00ed como barreras de suelo GB. Estas soluciones proporcionan una protecci\u00f3n eficaz de las secciones inferiores de los muros contra los da\u00f1os mec\u00e1nicos.<\/p>\n\n\n\n<p>Un aspecto importante de la implementaci\u00f3n fue el uso de una l\u00ednea de productos espec\u00edfica dise\u00f1ada <strong>para funcionar a temperaturas extremadamente bajas<\/strong>. Incluso en entornos de almacenamiento en fr\u00edo, estas soluciones conservan su flexibilidad y durabilidad, lo que significa que pueden soportar impactos sin agrietarse ni romperse. Los productos aplicados est\u00e1n hechos de materiales polim\u00e9ricos de alta calidad, que tambi\u00e9n son resistentes a la corrosi\u00f3n y a otros da\u00f1os mec\u00e1nicos.<\/p>\n\n\n\n<h3 class=\"wp-block-heading\">Resultados<\/h3>\n\n\n\n<p>Las soluciones aplicadas aportaron una serie de ventajas. Garantizamos una protecci\u00f3n eficaz de las infraestructuras, lo que permiti\u00f3 al cliente evitar costes relacionados con posibles reparaciones de compuertas, muelles o equipos sanitarios. Gracias a la correcta colocaci\u00f3n de los elementos de protecci\u00f3n, toda la instalaci\u00f3n funciona como un sistema de seguridad coherente que minimiza el riesgo de da\u00f1os durante las operaciones diarias.<\/p>\n\n\n\n<p>Los materiales utilizados por Anter System en barreras protectoras y bolardos son f\u00e1ciles de mantener limpios, lo que es esencial en la industria alimentaria. <a href=\"https:\/\/antersystem.com\/wiedza-i-nowosci\/standardy-higieniczne\/\">Cumplen los estrictos requisitos HACCP y de la FDA<\/a>, lo que confirma su seguridad para el contacto con alimentos. Adem\u00e1s, utilizamos soluciones de montaje interno durante la instalaci\u00f3n, dedicadas a zonas que requieren los m\u00e1s altos niveles de higiene.<\/p>\n\n\n\n<p>La ventaja clave de la soluci\u00f3n implementada es su resistencia a las bajas temperaturas. Las barreras flexibles Anter System de la l\u00ednea dedicada a entornos de muy baja temperatura conservan toda su funcionalidad a temperaturas de <strong>hasta -40 \u00b0C<\/strong>, lo que las convierte en una opci\u00f3n ideal para c\u00e1maras frigor\u00edficas e instalaciones de congelaci\u00f3n.<\/p>\n\n\n\n<h3 class=\"wp-block-heading\">Resumen<\/h3>\n\n\n\n<p>El proyecto de la c\u00e1mara frigor\u00edfica es otro ejemplo de la aplicaci\u00f3n eficaz de los sistemas de barrera protectora Anter System en condiciones especiales. La combinaci\u00f3n de <strong>flexibilidad, durabilidad y est\u00e9tica<\/strong> garantiz\u00f3 que las barreras y bolardos de protecci\u00f3n implantados cumplieran plenamente las expectativas del cliente. Gracias a una planificaci\u00f3n cuidadosa, una selecci\u00f3n adecuada de productos y una ejecuci\u00f3n profesional, las instalaciones quedaron protegidas de forma integral, lo que aument\u00f3 la seguridad y redujo los posibles costes de reparaci\u00f3n.<\/p>\n<\/div>\n\n\n\n<div class=\"wp-block-column is-layout-flow wp-block-column-is-layout-flow\" style=\"flex-basis:10%\"><\/div>\n<\/div>\n\nngg_shortcode_0_placeholder\n","protected":false},"excerpt":{"rendered":"<p>Bolardos de protecci\u00f3n PA y barreras GB HD+. Protecci\u00f3n eficaz de las infraestructuras a bajas temperaturas En uno de nuestros proyectos de seguridad industrial, realizado para un almac\u00e9n frigor\u00edfico de nueva construcci\u00f3n, nos enfrentamos al reto de proteger elementos clave de la infraestructura expuestos a posibles da\u00f1os. El intenso tr\u00e1fico de carretillas elevadoras y carros [&hellip;]<\/p>\n","protected":false},"author":1,"featured_media":0,"parent":12690,"menu_order":0,"comment_status":"closed","ping_status":"closed","template":"","meta":{"inline_featured_image":false,"ngg_post_thumbnail":0,"footnotes":""},"class_list":["post-13007","page","type-page","status-publish","hentry"],"acf":[],"yoast_head":"<!-- This site is optimized with the Yoast SEO plugin v27.0 - https:\/\/yoast.com\/product\/yoast-seo-wordpress\/ -->\n<title>Bolardos PA y barreras GB en un almac\u00e9n frigor\u00edfico - Anter System<\/title>\n<meta name=\"description\" content=\"Bolardos de protecci\u00f3n PA y barreras GB HD+. Protecci\u00f3n eficaz de las infraestructuras a bajas temperaturas En uno de nuestros proyectos de seguridad\" \/>\n<meta name=\"robots\" content=\"index, follow, max-snippet:-1, max-image-preview:large, max-video-preview:-1\" \/>\n<link rel=\"canonical\" href=\"https:\/\/antersystem.com\/es\/case-studies\/pa-bollards-gb-barriers-cold-storage-facility\/\" \/>\n<meta property=\"og:locale\" content=\"es_ES\" \/>\n<meta property=\"og:type\" content=\"article\" \/>\n<meta property=\"og:title\" content=\"Bolardos PA y barreras GB en un almac\u00e9n frigor\u00edfico - Anter System\" \/>\n<meta property=\"og:description\" content=\"Bolardos de protecci\u00f3n PA y barreras GB HD+. Protecci\u00f3n eficaz de las infraestructuras a bajas temperaturas En uno de nuestros proyectos de seguridad\" \/>\n<meta property=\"og:url\" content=\"https:\/\/antersystem.com\/es\/case-studies\/pa-bollards-gb-barriers-cold-storage-facility\/\" \/>\n<meta property=\"og:site_name\" content=\"Anter System\" \/>\n<meta property=\"article:modified_time\" content=\"2026-01-31T21:28:36+00:00\" \/>\n<meta name=\"twitter:card\" content=\"summary_large_image\" \/>\n<meta name=\"twitter:label1\" content=\"Tiempo de lectura\" \/>\n\t<meta name=\"twitter:data1\" content=\"4 minutos\" \/>\n<script type=\"application\/ld+json\" class=\"yoast-schema-graph\">{\"@context\":\"https:\/\/schema.org\",\"@graph\":[{\"@type\":\"WebPage\",\"@id\":\"https:\/\/antersystem.com\/es\/case-studies\/pa-bollards-gb-barriers-cold-storage-facility\/\",\"url\":\"https:\/\/antersystem.com\/es\/case-studies\/pa-bollards-gb-barriers-cold-storage-facility\/\",\"name\":\"Bolardos PA y barreras GB en un almac\u00e9n frigor\u00edfico - Anter System\",\"isPartOf\":{\"@id\":\"https:\/\/antersystem.com\/es\/#website\"},\"datePublished\":\"2024-12-06T13:52:25+00:00\",\"dateModified\":\"2026-01-31T21:28:36+00:00\",\"description\":\"Bolardos de protecci\u00f3n PA y barreras GB HD+. Protecci\u00f3n eficaz de las infraestructuras a bajas temperaturas En uno de nuestros proyectos de seguridad\",\"breadcrumb\":{\"@id\":\"https:\/\/antersystem.com\/es\/case-studies\/pa-bollards-gb-barriers-cold-storage-facility\/#breadcrumb\"},\"inLanguage\":\"es\",\"potentialAction\":[{\"@type\":\"ReadAction\",\"target\":[\"https:\/\/antersystem.com\/es\/case-studies\/pa-bollards-gb-barriers-cold-storage-facility\/\"]}]},{\"@type\":\"BreadcrumbList\",\"@id\":\"https:\/\/antersystem.com\/es\/case-studies\/pa-bollards-gb-barriers-cold-storage-facility\/#breadcrumb\",\"itemListElement\":[{\"@type\":\"ListItem\",\"position\":1,\"name\":\"AnterSystem\",\"item\":\"https:\/\/antersystem.com\/es\/\"},{\"@type\":\"ListItem\",\"position\":2,\"name\":\"Casos pr\u00e1cticos\",\"item\":\"https:\/\/antersystem.com\/es\/case-studies\/\"},{\"@type\":\"ListItem\",\"position\":3,\"name\":\"Bolardos PA y barreras GB en un almac\u00e9n frigor\u00edfico\"}]},{\"@type\":\"WebSite\",\"@id\":\"https:\/\/antersystem.com\/es\/#website\",\"url\":\"https:\/\/antersystem.com\/es\/\",\"name\":\"Anter System\",\"description\":\"Jeste\u015bmy polskim producentem elastycznych barier ochronnych wykonywanych z polimerowych tworzyw sztucznych. Na rynku krajowym i zagranicznym dzia\u0142amy od ponad 15 lat dbaj\u0105c o zapewnienie bezpiecze\u0144stwa w zak\u0142adach produkcyjnych, magazynach oraz centrach logistycznych.\",\"potentialAction\":[{\"@type\":\"SearchAction\",\"target\":{\"@type\":\"EntryPoint\",\"urlTemplate\":\"https:\/\/antersystem.com\/es\/?s={search_term_string}\"},\"query-input\":{\"@type\":\"PropertyValueSpecification\",\"valueRequired\":true,\"valueName\":\"search_term_string\"}}],\"inLanguage\":\"es\"}]}<\/script>\n<!-- \/ Yoast SEO plugin. -->","yoast_head_json":{"title":"Bolardos PA y barreras GB en un almac\u00e9n frigor\u00edfico - Anter System","description":"Bolardos de protecci\u00f3n PA y barreras GB HD+. Protecci\u00f3n eficaz de las infraestructuras a bajas temperaturas En uno de nuestros proyectos de seguridad","robots":{"index":"index","follow":"follow","max-snippet":"max-snippet:-1","max-image-preview":"max-image-preview:large","max-video-preview":"max-video-preview:-1"},"canonical":"https:\/\/antersystem.com\/es\/case-studies\/pa-bollards-gb-barriers-cold-storage-facility\/","og_locale":"es_ES","og_type":"article","og_title":"Bolardos PA y barreras GB en un almac\u00e9n frigor\u00edfico - Anter System","og_description":"Bolardos de protecci\u00f3n PA y barreras GB HD+. Protecci\u00f3n eficaz de las infraestructuras a bajas temperaturas En uno de nuestros proyectos de seguridad","og_url":"https:\/\/antersystem.com\/es\/case-studies\/pa-bollards-gb-barriers-cold-storage-facility\/","og_site_name":"Anter System","article_modified_time":"2026-01-31T21:28:36+00:00","twitter_card":"summary_large_image","twitter_misc":{"Tiempo de lectura":"4 minutos"},"schema":{"@context":"https:\/\/schema.org","@graph":[{"@type":"WebPage","@id":"https:\/\/antersystem.com\/es\/case-studies\/pa-bollards-gb-barriers-cold-storage-facility\/","url":"https:\/\/antersystem.com\/es\/case-studies\/pa-bollards-gb-barriers-cold-storage-facility\/","name":"Bolardos PA y barreras GB en un almac\u00e9n frigor\u00edfico - Anter System","isPartOf":{"@id":"https:\/\/antersystem.com\/es\/#website"},"datePublished":"2024-12-06T13:52:25+00:00","dateModified":"2026-01-31T21:28:36+00:00","description":"Bolardos de protecci\u00f3n PA y barreras GB HD+. Protecci\u00f3n eficaz de las infraestructuras a bajas temperaturas En uno de nuestros proyectos de seguridad","breadcrumb":{"@id":"https:\/\/antersystem.com\/es\/case-studies\/pa-bollards-gb-barriers-cold-storage-facility\/#breadcrumb"},"inLanguage":"es","potentialAction":[{"@type":"ReadAction","target":["https:\/\/antersystem.com\/es\/case-studies\/pa-bollards-gb-barriers-cold-storage-facility\/"]}]},{"@type":"BreadcrumbList","@id":"https:\/\/antersystem.com\/es\/case-studies\/pa-bollards-gb-barriers-cold-storage-facility\/#breadcrumb","itemListElement":[{"@type":"ListItem","position":1,"name":"AnterSystem","item":"https:\/\/antersystem.com\/es\/"},{"@type":"ListItem","position":2,"name":"Casos pr\u00e1cticos","item":"https:\/\/antersystem.com\/es\/case-studies\/"},{"@type":"ListItem","position":3,"name":"Bolardos PA y barreras GB en un almac\u00e9n frigor\u00edfico"}]},{"@type":"WebSite","@id":"https:\/\/antersystem.com\/es\/#website","url":"https:\/\/antersystem.com\/es\/","name":"Anter System","description":"Jeste\u015bmy polskim producentem elastycznych barier ochronnych wykonywanych z polimerowych tworzyw sztucznych. Na rynku krajowym i zagranicznym dzia\u0142amy od ponad 15 lat dbaj\u0105c o zapewnienie bezpiecze\u0144stwa w zak\u0142adach produkcyjnych, magazynach oraz centrach logistycznych.","potentialAction":[{"@type":"SearchAction","target":{"@type":"EntryPoint","urlTemplate":"https:\/\/antersystem.com\/es\/?s={search_term_string}"},"query-input":{"@type":"PropertyValueSpecification","valueRequired":true,"valueName":"search_term_string"}}],"inLanguage":"es"}]}},"_links":{"self":[{"href":"https:\/\/antersystem.com\/es\/wp-json\/wp\/v2\/pages\/13007","targetHints":{"allow":["GET"]}}],"collection":[{"href":"https:\/\/antersystem.com\/es\/wp-json\/wp\/v2\/pages"}],"about":[{"href":"https:\/\/antersystem.com\/es\/wp-json\/wp\/v2\/types\/page"}],"author":[{"embeddable":true,"href":"https:\/\/antersystem.com\/es\/wp-json\/wp\/v2\/users\/1"}],"replies":[{"embeddable":true,"href":"https:\/\/antersystem.com\/es\/wp-json\/wp\/v2\/comments?post=13007"}],"version-history":[{"count":1,"href":"https:\/\/antersystem.com\/es\/wp-json\/wp\/v2\/pages\/13007\/revisions"}],"predecessor-version":[{"id":13010,"href":"https:\/\/antersystem.com\/es\/wp-json\/wp\/v2\/pages\/13007\/revisions\/13010"}],"up":[{"embeddable":true,"href":"https:\/\/antersystem.com\/es\/wp-json\/wp\/v2\/pages\/12690"}],"wp:attachment":[{"href":"https:\/\/antersystem.com\/es\/wp-json\/wp\/v2\/media?parent=13007"}],"curies":[{"name":"wp","href":"https:\/\/api.w.org\/{rel}","templated":true}]}}