{"id":13035,"date":"2023-12-11T12:55:28","date_gmt":"2023-12-11T11:55:28","guid":{"rendered":"https:\/\/new.antersystem.com\/case-studies\/sga-safety-gates\/"},"modified":"2026-01-30T01:31:15","modified_gmt":"2026-01-30T00:31:15","slug":"sga-safety-gates","status":"publish","type":"page","link":"https:\/\/antersystem.com\/es\/case-studies\/sga-safety-gates\/","title":{"rendered":"Puertas de seguridad SGA"},"content":{"rendered":"\n<p><\/p>\n\n<div class=\"wp-block-columns is-layout-flex wp-container-core-columns-is-layout-9d6595d7 wp-block-columns-is-layout-flex\">\n  \n  <div class=\"wp-block-column is-layout-flow wp-block-column-is-layout-flow\" style=\"flex-basis:10%\"><\/div>\n  \n\n  \n  <div class=\"wp-block-column is-layout-flow wp-block-column-is-layout-flow\">\n    \n    <p>Instalamos nuestros sistemas en funci\u00f3n de las necesidades espec\u00edficas de cada espacio de almac\u00e9n. Proporcionamos protecci\u00f3n all\u00ed donde existe riesgo de colisi\u00f3n con veh\u00edculos de almac\u00e9n, al tiempo que garantizamos la circulaci\u00f3n fluida de los peatones. A continuaci\u00f3n puedes ver un ejemplo de este tipo de instalaci\u00f3n: una combinaci\u00f3n de <strong>barreras flexibles para peatones<\/strong> y una <a href=\"https:\/\/antersystem.com\/produkty\/bramka-bezpieczenstwa-ze-znakiem-stop\/\">puerta SGA con una se\u00f1al de STOP<\/a>.<\/p>\n    \n\n    \n    <p>Nuestro cliente de nuestra ciudad natal hab\u00eda utilizado anteriormente barreras y puertas tradicionales de acero, que tienden a astillarse y deformarse cuando son golpeadas por carretillas elevadoras. El suelo alrededor de las barreras de acero tambi\u00e9n sufre da\u00f1os con el tiempo. Por eso nos eligieron, y nos alegramos de que lo hicieran. <strong>Las barreras flexibles protegen eficazmente<\/strong> al tiempo que son una inversi\u00f3n a largo plazo en el presupuesto de la empresa. Requieren mucho menos mantenimiento que las de acero: no hay que repintar ni reparar el \u00f3xido. Adem\u00e1s, el suelo se mantiene en mejores condiciones, ya que el <strong>material polim\u00e9rico absorbe los impactos<\/strong> uniformemente en toda su superficie. Otro factor importante es el sistema de anclaje seguro de los postes. Agradecemos la confianza y seguimos abiertos a ofrecer <a href=\"https:\/\/antersystem.com\/co-zabezpieczamy\/\">asesoramiento experto sobre seguridad y gesti\u00f3n del flujo de tr\u00e1fico<\/a> siempre que sea necesario.<\/p>\n    \n\n    \n    ngg_shortcode_0_placeholder\n    \n  <\/div>\n  \n\n  \n  <div class=\"wp-block-column is-layout-flow wp-block-column-is-layout-flow\" style=\"flex-basis:10%\"><\/div>\n  \n<\/div>\n","protected":false},"excerpt":{"rendered":"<p>Instalamos nuestros sistemas en funci\u00f3n de las necesidades espec\u00edficas de cada espacio de almac\u00e9n. Proporcionamos protecci\u00f3n all\u00ed donde existe riesgo de colisi\u00f3n con veh\u00edculos de almac\u00e9n, al tiempo que garantizamos la circulaci\u00f3n fluida de los peatones. A continuaci\u00f3n puedes ver un ejemplo de este tipo de instalaci\u00f3n: una combinaci\u00f3n de barreras flexibles para peatones y [&hellip;]<\/p>\n","protected":false},"author":1,"featured_media":0,"parent":12690,"menu_order":0,"comment_status":"closed","ping_status":"closed","template":"","meta":{"inline_featured_image":false,"ngg_post_thumbnail":0,"footnotes":""},"class_list":["post-13035","page","type-page","status-publish","hentry"],"acf":[],"yoast_head":"<!-- This site is optimized with the Yoast SEO plugin v27.0 - https:\/\/yoast.com\/product\/yoast-seo-wordpress\/ -->\n<title>Puertas de seguridad SGA - Anter System<\/title>\n<meta name=\"description\" content=\"Instalamos nuestros sistemas en funci\u00f3n de las necesidades espec\u00edficas de cada espacio de almac\u00e9n. Proporcionamos protecci\u00f3n all\u00ed donde existe riesgo de\" \/>\n<meta name=\"robots\" content=\"index, follow, max-snippet:-1, max-image-preview:large, max-video-preview:-1\" \/>\n<link rel=\"canonical\" href=\"https:\/\/antersystem.com\/es\/case-studies\/sga-safety-gates\/\" \/>\n<meta property=\"og:locale\" content=\"es_ES\" \/>\n<meta property=\"og:type\" content=\"article\" \/>\n<meta property=\"og:title\" content=\"Puertas de seguridad SGA - Anter System\" \/>\n<meta property=\"og:description\" content=\"Instalamos nuestros sistemas en funci\u00f3n de las necesidades espec\u00edficas de cada espacio de almac\u00e9n. Proporcionamos protecci\u00f3n all\u00ed donde existe riesgo de\" \/>\n<meta property=\"og:url\" content=\"https:\/\/antersystem.com\/es\/case-studies\/sga-safety-gates\/\" \/>\n<meta property=\"og:site_name\" content=\"Anter System\" \/>\n<meta property=\"article:modified_time\" content=\"2026-01-30T00:31:15+00:00\" \/>\n<meta name=\"twitter:card\" content=\"summary_large_image\" \/>\n<meta name=\"twitter:label1\" content=\"Tiempo de lectura\" \/>\n\t<meta name=\"twitter:data1\" content=\"1 minuto\" \/>\n<script type=\"application\/ld+json\" class=\"yoast-schema-graph\">{\"@context\":\"https:\/\/schema.org\",\"@graph\":[{\"@type\":\"WebPage\",\"@id\":\"https:\/\/antersystem.com\/es\/case-studies\/sga-safety-gates\/\",\"url\":\"https:\/\/antersystem.com\/es\/case-studies\/sga-safety-gates\/\",\"name\":\"Puertas de seguridad SGA - Anter System\",\"isPartOf\":{\"@id\":\"https:\/\/antersystem.com\/es\/#website\"},\"datePublished\":\"2023-12-11T11:55:28+00:00\",\"dateModified\":\"2026-01-30T00:31:15+00:00\",\"description\":\"Instalamos nuestros sistemas en funci\u00f3n de las necesidades espec\u00edficas de cada espacio de almac\u00e9n. Proporcionamos protecci\u00f3n all\u00ed donde existe riesgo de\",\"breadcrumb\":{\"@id\":\"https:\/\/antersystem.com\/es\/case-studies\/sga-safety-gates\/#breadcrumb\"},\"inLanguage\":\"es\",\"potentialAction\":[{\"@type\":\"ReadAction\",\"target\":[\"https:\/\/antersystem.com\/es\/case-studies\/sga-safety-gates\/\"]}]},{\"@type\":\"BreadcrumbList\",\"@id\":\"https:\/\/antersystem.com\/es\/case-studies\/sga-safety-gates\/#breadcrumb\",\"itemListElement\":[{\"@type\":\"ListItem\",\"position\":1,\"name\":\"AnterSystem\",\"item\":\"https:\/\/antersystem.com\/es\/\"},{\"@type\":\"ListItem\",\"position\":2,\"name\":\"Casos pr\u00e1cticos\",\"item\":\"https:\/\/antersystem.com\/es\/case-studies\/\"},{\"@type\":\"ListItem\",\"position\":3,\"name\":\"Puertas de seguridad SGA\"}]},{\"@type\":\"WebSite\",\"@id\":\"https:\/\/antersystem.com\/es\/#website\",\"url\":\"https:\/\/antersystem.com\/es\/\",\"name\":\"Anter System\",\"description\":\"Jeste\u015bmy polskim producentem elastycznych barier ochronnych wykonywanych z polimerowych tworzyw sztucznych. Na rynku krajowym i zagranicznym dzia\u0142amy od ponad 15 lat dbaj\u0105c o zapewnienie bezpiecze\u0144stwa w zak\u0142adach produkcyjnych, magazynach oraz centrach logistycznych.\",\"potentialAction\":[{\"@type\":\"SearchAction\",\"target\":{\"@type\":\"EntryPoint\",\"urlTemplate\":\"https:\/\/antersystem.com\/es\/?s={search_term_string}\"},\"query-input\":{\"@type\":\"PropertyValueSpecification\",\"valueRequired\":true,\"valueName\":\"search_term_string\"}}],\"inLanguage\":\"es\"}]}<\/script>\n<!-- \/ Yoast SEO plugin. -->","yoast_head_json":{"title":"Puertas de seguridad SGA - Anter System","description":"Instalamos nuestros sistemas en funci\u00f3n de las necesidades espec\u00edficas de cada espacio de almac\u00e9n. Proporcionamos protecci\u00f3n all\u00ed donde existe riesgo de","robots":{"index":"index","follow":"follow","max-snippet":"max-snippet:-1","max-image-preview":"max-image-preview:large","max-video-preview":"max-video-preview:-1"},"canonical":"https:\/\/antersystem.com\/es\/case-studies\/sga-safety-gates\/","og_locale":"es_ES","og_type":"article","og_title":"Puertas de seguridad SGA - Anter System","og_description":"Instalamos nuestros sistemas en funci\u00f3n de las necesidades espec\u00edficas de cada espacio de almac\u00e9n. Proporcionamos protecci\u00f3n all\u00ed donde existe riesgo de","og_url":"https:\/\/antersystem.com\/es\/case-studies\/sga-safety-gates\/","og_site_name":"Anter System","article_modified_time":"2026-01-30T00:31:15+00:00","twitter_card":"summary_large_image","twitter_misc":{"Tiempo de lectura":"1 minuto"},"schema":{"@context":"https:\/\/schema.org","@graph":[{"@type":"WebPage","@id":"https:\/\/antersystem.com\/es\/case-studies\/sga-safety-gates\/","url":"https:\/\/antersystem.com\/es\/case-studies\/sga-safety-gates\/","name":"Puertas de seguridad SGA - Anter System","isPartOf":{"@id":"https:\/\/antersystem.com\/es\/#website"},"datePublished":"2023-12-11T11:55:28+00:00","dateModified":"2026-01-30T00:31:15+00:00","description":"Instalamos nuestros sistemas en funci\u00f3n de las necesidades espec\u00edficas de cada espacio de almac\u00e9n. Proporcionamos protecci\u00f3n all\u00ed donde existe riesgo de","breadcrumb":{"@id":"https:\/\/antersystem.com\/es\/case-studies\/sga-safety-gates\/#breadcrumb"},"inLanguage":"es","potentialAction":[{"@type":"ReadAction","target":["https:\/\/antersystem.com\/es\/case-studies\/sga-safety-gates\/"]}]},{"@type":"BreadcrumbList","@id":"https:\/\/antersystem.com\/es\/case-studies\/sga-safety-gates\/#breadcrumb","itemListElement":[{"@type":"ListItem","position":1,"name":"AnterSystem","item":"https:\/\/antersystem.com\/es\/"},{"@type":"ListItem","position":2,"name":"Casos pr\u00e1cticos","item":"https:\/\/antersystem.com\/es\/case-studies\/"},{"@type":"ListItem","position":3,"name":"Puertas de seguridad SGA"}]},{"@type":"WebSite","@id":"https:\/\/antersystem.com\/es\/#website","url":"https:\/\/antersystem.com\/es\/","name":"Anter System","description":"Jeste\u015bmy polskim producentem elastycznych barier ochronnych wykonywanych z polimerowych tworzyw sztucznych. Na rynku krajowym i zagranicznym dzia\u0142amy od ponad 15 lat dbaj\u0105c o zapewnienie bezpiecze\u0144stwa w zak\u0142adach produkcyjnych, magazynach oraz centrach logistycznych.","potentialAction":[{"@type":"SearchAction","target":{"@type":"EntryPoint","urlTemplate":"https:\/\/antersystem.com\/es\/?s={search_term_string}"},"query-input":{"@type":"PropertyValueSpecification","valueRequired":true,"valueName":"search_term_string"}}],"inLanguage":"es"}]}},"_links":{"self":[{"href":"https:\/\/antersystem.com\/es\/wp-json\/wp\/v2\/pages\/13035","targetHints":{"allow":["GET"]}}],"collection":[{"href":"https:\/\/antersystem.com\/es\/wp-json\/wp\/v2\/pages"}],"about":[{"href":"https:\/\/antersystem.com\/es\/wp-json\/wp\/v2\/types\/page"}],"author":[{"embeddable":true,"href":"https:\/\/antersystem.com\/es\/wp-json\/wp\/v2\/users\/1"}],"replies":[{"embeddable":true,"href":"https:\/\/antersystem.com\/es\/wp-json\/wp\/v2\/comments?post=13035"}],"version-history":[{"count":1,"href":"https:\/\/antersystem.com\/es\/wp-json\/wp\/v2\/pages\/13035\/revisions"}],"predecessor-version":[{"id":13037,"href":"https:\/\/antersystem.com\/es\/wp-json\/wp\/v2\/pages\/13035\/revisions\/13037"}],"up":[{"embeddable":true,"href":"https:\/\/antersystem.com\/es\/wp-json\/wp\/v2\/pages\/12690"}],"wp:attachment":[{"href":"https:\/\/antersystem.com\/es\/wp-json\/wp\/v2\/media?parent=13035"}],"curies":[{"name":"wp","href":"https:\/\/api.w.org\/{rel}","templated":true}]}}