{"id":13046,"date":"2023-09-01T11:16:10","date_gmt":"2023-09-01T09:16:10","guid":{"rendered":"https:\/\/new.antersystem.com\/case-studies\/lift-gates\/"},"modified":"2026-01-30T01:31:26","modified_gmt":"2026-01-30T00:31:26","slug":"lift-gates","status":"publish","type":"page","link":"https:\/\/antersystem.com\/es\/case-studies\/lift-gates\/","title":{"rendered":"LIFT GATE de seguridad"},"content":{"rendered":"\n<div class=\"wp-block-columns is-layout-flex wp-container-core-columns-is-layout-9d6595d7 wp-block-columns-is-layout-flex\">\n<div class=\"wp-block-column is-layout-flow wp-block-column-is-layout-flow\" style=\"flex-basis:10%\"><\/div>\n\n\n\n<div class=\"wp-block-column is-layout-flow wp-block-column-is-layout-flow\" style=\"flex-basis:80%\">\n<p class=\"justify-mru\">Un cliente de la industria automovil\u00edstica se dirigi\u00f3 a nosotros con el reto de asegurar las v\u00edas de circulaci\u00f3n y, al mismo tiempo, mantener el acceso a las zonas de almacenamiento. Para aumentar la seguridad y optimizar el tiempo de trabajo, se instalaron puertas de seguridad LIFT GATE a lo largo de los caminos peatonales. Esta soluci\u00f3n garantizaba el paso seguro por los pasos de peatones, al tiempo que permit\u00eda el cierre temporal de la zona cuando fuera necesario. El proyecto cumpli\u00f3 plenamente las expectativas del cliente y contribuy\u00f3 a mejorar la seguridad y la eficacia operativa.<\/p>\n\n\n\nngg_shortcode_0_placeholder\n<\/div>\n\n\n\n<div class=\"wp-block-column is-layout-flow wp-block-column-is-layout-flow\" style=\"flex-basis:10%\"><\/div>\n<\/div>\n","protected":false},"excerpt":{"rendered":"<p>Un cliente de la industria automovil\u00edstica se dirigi\u00f3 a nosotros con el reto de asegurar las v\u00edas de circulaci\u00f3n y, al mismo tiempo, mantener el acceso a las zonas de almacenamiento. Para aumentar la seguridad y optimizar el tiempo de trabajo, se instalaron puertas de seguridad LIFT GATE a lo largo de los caminos peatonales. [&hellip;]<\/p>\n","protected":false},"author":1,"featured_media":0,"parent":12690,"menu_order":0,"comment_status":"closed","ping_status":"closed","template":"","meta":{"inline_featured_image":false,"ngg_post_thumbnail":0,"footnotes":""},"class_list":["post-13046","page","type-page","status-publish","hentry"],"acf":[],"yoast_head":"<!-- This site is optimized with the Yoast SEO plugin v27.0 - https:\/\/yoast.com\/product\/yoast-seo-wordpress\/ -->\n<title>LIFT GATE de seguridad - Anter System<\/title>\n<meta name=\"description\" content=\"Un cliente de la industria automovil\u00edstica se dirigi\u00f3 a nosotros con el reto de asegurar las v\u00edas de circulaci\u00f3n y, al mismo tiempo, mantener el acceso a\" \/>\n<meta name=\"robots\" content=\"index, follow, max-snippet:-1, max-image-preview:large, max-video-preview:-1\" \/>\n<link rel=\"canonical\" href=\"https:\/\/antersystem.com\/es\/case-studies\/lift-gates\/\" \/>\n<meta property=\"og:locale\" content=\"es_ES\" \/>\n<meta property=\"og:type\" content=\"article\" \/>\n<meta property=\"og:title\" content=\"LIFT GATE de seguridad - Anter System\" \/>\n<meta property=\"og:description\" content=\"Un cliente de la industria automovil\u00edstica se dirigi\u00f3 a nosotros con el reto de asegurar las v\u00edas de circulaci\u00f3n y, al mismo tiempo, mantener el acceso a\" \/>\n<meta property=\"og:url\" content=\"https:\/\/antersystem.com\/es\/case-studies\/lift-gates\/\" \/>\n<meta property=\"og:site_name\" content=\"Anter System\" \/>\n<meta property=\"article:modified_time\" content=\"2026-01-30T00:31:26+00:00\" \/>\n<meta name=\"twitter:card\" content=\"summary_large_image\" \/>\n<meta name=\"twitter:label1\" content=\"Tiempo de lectura\" \/>\n\t<meta name=\"twitter:data1\" content=\"1 minuto\" \/>\n<script type=\"application\/ld+json\" class=\"yoast-schema-graph\">{\"@context\":\"https:\/\/schema.org\",\"@graph\":[{\"@type\":\"WebPage\",\"@id\":\"https:\/\/antersystem.com\/es\/case-studies\/lift-gates\/\",\"url\":\"https:\/\/antersystem.com\/es\/case-studies\/lift-gates\/\",\"name\":\"LIFT GATE de seguridad - Anter System\",\"isPartOf\":{\"@id\":\"https:\/\/antersystem.com\/es\/#website\"},\"datePublished\":\"2023-09-01T09:16:10+00:00\",\"dateModified\":\"2026-01-30T00:31:26+00:00\",\"description\":\"Un cliente de la industria automovil\u00edstica se dirigi\u00f3 a nosotros con el reto de asegurar las v\u00edas de circulaci\u00f3n y, al mismo tiempo, mantener el acceso a\",\"breadcrumb\":{\"@id\":\"https:\/\/antersystem.com\/es\/case-studies\/lift-gates\/#breadcrumb\"},\"inLanguage\":\"es\",\"potentialAction\":[{\"@type\":\"ReadAction\",\"target\":[\"https:\/\/antersystem.com\/es\/case-studies\/lift-gates\/\"]}]},{\"@type\":\"BreadcrumbList\",\"@id\":\"https:\/\/antersystem.com\/es\/case-studies\/lift-gates\/#breadcrumb\",\"itemListElement\":[{\"@type\":\"ListItem\",\"position\":1,\"name\":\"AnterSystem\",\"item\":\"https:\/\/antersystem.com\/es\/\"},{\"@type\":\"ListItem\",\"position\":2,\"name\":\"Casos pr\u00e1cticos\",\"item\":\"https:\/\/antersystem.com\/es\/case-studies\/\"},{\"@type\":\"ListItem\",\"position\":3,\"name\":\"LIFT GATE de seguridad\"}]},{\"@type\":\"WebSite\",\"@id\":\"https:\/\/antersystem.com\/es\/#website\",\"url\":\"https:\/\/antersystem.com\/es\/\",\"name\":\"Anter System\",\"description\":\"Jeste\u015bmy polskim producentem elastycznych barier ochronnych wykonywanych z polimerowych tworzyw sztucznych. Na rynku krajowym i zagranicznym dzia\u0142amy od ponad 15 lat dbaj\u0105c o zapewnienie bezpiecze\u0144stwa w zak\u0142adach produkcyjnych, magazynach oraz centrach logistycznych.\",\"potentialAction\":[{\"@type\":\"SearchAction\",\"target\":{\"@type\":\"EntryPoint\",\"urlTemplate\":\"https:\/\/antersystem.com\/es\/?s={search_term_string}\"},\"query-input\":{\"@type\":\"PropertyValueSpecification\",\"valueRequired\":true,\"valueName\":\"search_term_string\"}}],\"inLanguage\":\"es\"}]}<\/script>\n<!-- \/ Yoast SEO plugin. -->","yoast_head_json":{"title":"LIFT GATE de seguridad - Anter System","description":"Un cliente de la industria automovil\u00edstica se dirigi\u00f3 a nosotros con el reto de asegurar las v\u00edas de circulaci\u00f3n y, al mismo tiempo, mantener el acceso a","robots":{"index":"index","follow":"follow","max-snippet":"max-snippet:-1","max-image-preview":"max-image-preview:large","max-video-preview":"max-video-preview:-1"},"canonical":"https:\/\/antersystem.com\/es\/case-studies\/lift-gates\/","og_locale":"es_ES","og_type":"article","og_title":"LIFT GATE de seguridad - Anter System","og_description":"Un cliente de la industria automovil\u00edstica se dirigi\u00f3 a nosotros con el reto de asegurar las v\u00edas de circulaci\u00f3n y, al mismo tiempo, mantener el acceso a","og_url":"https:\/\/antersystem.com\/es\/case-studies\/lift-gates\/","og_site_name":"Anter System","article_modified_time":"2026-01-30T00:31:26+00:00","twitter_card":"summary_large_image","twitter_misc":{"Tiempo de lectura":"1 minuto"},"schema":{"@context":"https:\/\/schema.org","@graph":[{"@type":"WebPage","@id":"https:\/\/antersystem.com\/es\/case-studies\/lift-gates\/","url":"https:\/\/antersystem.com\/es\/case-studies\/lift-gates\/","name":"LIFT GATE de seguridad - Anter System","isPartOf":{"@id":"https:\/\/antersystem.com\/es\/#website"},"datePublished":"2023-09-01T09:16:10+00:00","dateModified":"2026-01-30T00:31:26+00:00","description":"Un cliente de la industria automovil\u00edstica se dirigi\u00f3 a nosotros con el reto de asegurar las v\u00edas de circulaci\u00f3n y, al mismo tiempo, mantener el acceso a","breadcrumb":{"@id":"https:\/\/antersystem.com\/es\/case-studies\/lift-gates\/#breadcrumb"},"inLanguage":"es","potentialAction":[{"@type":"ReadAction","target":["https:\/\/antersystem.com\/es\/case-studies\/lift-gates\/"]}]},{"@type":"BreadcrumbList","@id":"https:\/\/antersystem.com\/es\/case-studies\/lift-gates\/#breadcrumb","itemListElement":[{"@type":"ListItem","position":1,"name":"AnterSystem","item":"https:\/\/antersystem.com\/es\/"},{"@type":"ListItem","position":2,"name":"Casos pr\u00e1cticos","item":"https:\/\/antersystem.com\/es\/case-studies\/"},{"@type":"ListItem","position":3,"name":"LIFT GATE de seguridad"}]},{"@type":"WebSite","@id":"https:\/\/antersystem.com\/es\/#website","url":"https:\/\/antersystem.com\/es\/","name":"Anter System","description":"Jeste\u015bmy polskim producentem elastycznych barier ochronnych wykonywanych z polimerowych tworzyw sztucznych. Na rynku krajowym i zagranicznym dzia\u0142amy od ponad 15 lat dbaj\u0105c o zapewnienie bezpiecze\u0144stwa w zak\u0142adach produkcyjnych, magazynach oraz centrach logistycznych.","potentialAction":[{"@type":"SearchAction","target":{"@type":"EntryPoint","urlTemplate":"https:\/\/antersystem.com\/es\/?s={search_term_string}"},"query-input":{"@type":"PropertyValueSpecification","valueRequired":true,"valueName":"search_term_string"}}],"inLanguage":"es"}]}},"_links":{"self":[{"href":"https:\/\/antersystem.com\/es\/wp-json\/wp\/v2\/pages\/13046","targetHints":{"allow":["GET"]}}],"collection":[{"href":"https:\/\/antersystem.com\/es\/wp-json\/wp\/v2\/pages"}],"about":[{"href":"https:\/\/antersystem.com\/es\/wp-json\/wp\/v2\/types\/page"}],"author":[{"embeddable":true,"href":"https:\/\/antersystem.com\/es\/wp-json\/wp\/v2\/users\/1"}],"replies":[{"embeddable":true,"href":"https:\/\/antersystem.com\/es\/wp-json\/wp\/v2\/comments?post=13046"}],"version-history":[{"count":1,"href":"https:\/\/antersystem.com\/es\/wp-json\/wp\/v2\/pages\/13046\/revisions"}],"predecessor-version":[{"id":13048,"href":"https:\/\/antersystem.com\/es\/wp-json\/wp\/v2\/pages\/13046\/revisions\/13048"}],"up":[{"embeddable":true,"href":"https:\/\/antersystem.com\/es\/wp-json\/wp\/v2\/pages\/12690"}],"wp:attachment":[{"href":"https:\/\/antersystem.com\/es\/wp-json\/wp\/v2\/media?parent=13046"}],"curies":[{"name":"wp","href":"https:\/\/api.w.org\/{rel}","templated":true}]}}