{"id":13103,"date":"2025-01-28T13:58:17","date_gmt":"2025-01-28T12:58:17","guid":{"rendered":"https:\/\/new.antersystem.com\/case-studies\/pedestrian-lt-protecting-people-machines\/"},"modified":"2026-01-30T01:22:08","modified_gmt":"2026-01-30T00:22:08","slug":"pedestrian-lt-protecting-people-machines","status":"publish","type":"page","link":"https:\/\/antersystem.com\/es\/case-studies\/pedestrian-lt-protecting-people-machines\/","title":{"rendered":"Peat\u00f3n LT &#8211; Protecci\u00f3n de personas y m\u00e1quinas"},"content":{"rendered":"\n<div class=\"wp-block-columns is-layout-flex wp-container-core-columns-is-layout-9d6595d7 wp-block-columns-is-layout-flex\">\n<div class=\"wp-block-column is-layout-flow wp-block-column-is-layout-flow\" style=\"flex-basis:10%\"><\/div>\n\n\n\n<div class=\"wp-block-column is-layout-flow wp-block-column-is-layout-flow\">\n<h2 class=\"wp-block-heading\">Barreras peatonales LT &#8211; Protecci\u00f3n de personas y m\u00e1quinas en zonas de almac\u00e9n con mucho tr\u00e1fico<\/h2>\n\n\n\n<p>Garantizar la seguridad de las personas y la maquinaria en un entorno de almac\u00e9n con mucho tr\u00e1fico requiere un enfoque integral. La instalaci\u00f3n en cuesti\u00f3n -un <strong>espacio de trabajo tanto para empleados como para carretilleros-<\/strong> tambi\u00e9n conten\u00eda equipos pertenecientes a sistemas log\u00edsticos automatizados. La m\u00e1xima prioridad era separar las rutas peatonales de las zonas de m\u00e1quinas, <strong>protegiendo<\/strong> al mismo <strong>tiempo elementos clave de la infraestructura del edificio<\/strong>, como columnas y muelles de carga, de posibles impactos de carretillas elevadoras.<\/p>\n\n\n\n<h3 class=\"wp-block-heading\">Aplicaci\u00f3n<\/h3>\n\n\n\n<p>El proyecto comenz\u00f3 con un an\u00e1lisis detallado de las necesidades del cliente y de la naturaleza din\u00e1mica de las operaciones del almac\u00e9n. Al trazar los patrones de movimiento dentro de las instalaciones, pudimos dise\u00f1ar e implantar soluciones de seguridad que combinaban una protecci\u00f3n eficaz con la funcionalidad, garantizando un flujo de trabajo fluido y la m\u00e1xima seguridad.<\/p>\n\n\n\n<p>Para <strong>separar<\/strong> eficazmente <strong>a los peatones de las carretillas elevadoras<\/strong>, instalamos l\u00edneas de <a href=\"https:\/\/antersystem.com\/produkty\/elastyczna-bariera-pedestrian-r3-lt\/\">barreras PEDESTRIAN R2 LT<\/a> equipadas con una viga inferior reforzada. Esta protecci\u00f3n adicional evita los da\u00f1os causados por las horquillas bajas de las carretillas elevadoras. En las zonas con mayor riesgo de colisi\u00f3n, se mejor\u00f3 la protecci\u00f3n con barreras <a href=\"https:\/\/antersystem.com\/produkty\/elastyczna-bariera-db-hd\/\">DB HD+<\/a>, dise\u00f1adas para aplicaciones de trabajo pesado.<\/p>\n\n\n\n<p><strong>Para salvaguardar<\/strong> los pilares <strong>estructurales,<\/strong> se utilizaron <a href=\"https:\/\/antersystem.com\/produkty\/elastyczna-ochrona-kolumn-ral4\/\">protectores de pilares flexibles RAL4<\/a>, capaces de absorber y dispersar la energ\u00eda del impacto para minimizar los da\u00f1os en los pilares. Las puertas de los muelles de carga se protegieron con <a href=\"https:\/\/antersystem.com\/kategorie-produktow\/slupki-ochronne\/\">bolardos protectores de PA<\/a>, que evitan eficazmente las colisiones en zonas donde las carretillas elevadoras maniobran en un espacio limitado. Como complemento del sistema, se instalaron <a href=\"https:\/\/antersystem.com\/produkty\/corner-bumper\/\">topes de esquina<\/a> para proteger los bordes de las paredes en zonas de alto riesgo.<\/p>\n\n\n\n<h3 class=\"wp-block-heading\">Resultados<\/h3>\n\n\n\n<p>La instalaci\u00f3n de <strong>las barreras de seguridad flexibles de Anter<\/strong> System aport\u00f3 una serie de ventajas. Los materiales polim\u00e9ricos utilizados se caracterizan por una excepcional absorci\u00f3n de impactos, lo que reduce significativamente el riesgo de costosas reparaciones tanto de los equipos como de las infraestructuras tras las colisiones. La <strong>construcci\u00f3n modular del sistema<\/strong> permite montarlo, desmontarlo y adaptarlo f\u00e1cilmente a la evoluci\u00f3n de las necesidades operativas. Como resultado, las soluciones implantadas aumentaron la seguridad tanto de las personas como de las m\u00e1quinas, al tiempo que minimizaron los tiempos de inactividad y las interrupciones operativas.<\/p>\n\n\n\n<h3 class=\"wp-block-heading\">Resumen<\/h3>\n\n\n\n<p>Con las soluciones de Anter System, el almac\u00e9n consigui\u00f3 una <strong>mejora significativa de la seguridad laboral y la organizaci\u00f3n espacial<\/strong> en un entorno compartido por peatones, veh\u00edculos y sistemas log\u00edsticos automatizados. El moderno dise\u00f1o y la robusta construcci\u00f3n de nuestras barreras de protecci\u00f3n flexibles no s\u00f3lo garantizan una protecci\u00f3n eficaz, sino que tambi\u00e9n contribuyen a optimizar los flujos de trabajo en los entornos industriales actuales, en r\u00e1pida evoluci\u00f3n.<\/p>\n<\/div>\n\n\n\n<div class=\"wp-block-column is-layout-flow wp-block-column-is-layout-flow\" style=\"flex-basis:10%\"><\/div>\n<\/div>\n\nngg_shortcode_0_placeholder\n","protected":false},"excerpt":{"rendered":"<p>Barreras peatonales LT &#8211; Protecci\u00f3n de personas y m\u00e1quinas en zonas de almac\u00e9n con mucho tr\u00e1fico Garantizar la seguridad de las personas y la maquinaria en un entorno de almac\u00e9n con mucho tr\u00e1fico requiere un enfoque integral. La instalaci\u00f3n en cuesti\u00f3n -un espacio de trabajo tanto para empleados como para carretilleros- tambi\u00e9n conten\u00eda equipos pertenecientes [&hellip;]<\/p>\n","protected":false},"author":1,"featured_media":0,"parent":12690,"menu_order":0,"comment_status":"closed","ping_status":"closed","template":"","meta":{"inline_featured_image":false,"ngg_post_thumbnail":0,"footnotes":""},"class_list":["post-13103","page","type-page","status-publish","hentry"],"acf":[],"yoast_head":"<!-- This site is optimized with the Yoast SEO plugin v27.0 - https:\/\/yoast.com\/product\/yoast-seo-wordpress\/ -->\n<title>Peat\u00f3n LT - Protecci\u00f3n de personas y m\u00e1quinas - Anter System<\/title>\n<meta name=\"description\" content=\"Barreras peatonales LT - Protecci\u00f3n de personas y m\u00e1quinas en zonas de almac\u00e9n con mucho tr\u00e1fico Garantizar la seguridad de las personas y la maquinaria\" \/>\n<meta name=\"robots\" content=\"index, follow, max-snippet:-1, max-image-preview:large, max-video-preview:-1\" \/>\n<link rel=\"canonical\" href=\"https:\/\/antersystem.com\/es\/case-studies\/pedestrian-lt-protecting-people-machines\/\" \/>\n<meta property=\"og:locale\" content=\"es_ES\" \/>\n<meta property=\"og:type\" content=\"article\" \/>\n<meta property=\"og:title\" content=\"Peat\u00f3n LT - Protecci\u00f3n de personas y m\u00e1quinas - Anter System\" \/>\n<meta property=\"og:description\" content=\"Barreras peatonales LT - Protecci\u00f3n de personas y m\u00e1quinas en zonas de almac\u00e9n con mucho tr\u00e1fico Garantizar la seguridad de las personas y la maquinaria\" \/>\n<meta property=\"og:url\" content=\"https:\/\/antersystem.com\/es\/case-studies\/pedestrian-lt-protecting-people-machines\/\" \/>\n<meta property=\"og:site_name\" content=\"Anter System\" \/>\n<meta property=\"article:modified_time\" content=\"2026-01-30T00:22:08+00:00\" \/>\n<meta name=\"twitter:card\" content=\"summary_large_image\" \/>\n<meta name=\"twitter:label1\" content=\"Tiempo de lectura\" \/>\n\t<meta name=\"twitter:data1\" content=\"3 minutos\" \/>\n<script type=\"application\/ld+json\" class=\"yoast-schema-graph\">{\"@context\":\"https:\/\/schema.org\",\"@graph\":[{\"@type\":\"WebPage\",\"@id\":\"https:\/\/antersystem.com\/es\/case-studies\/pedestrian-lt-protecting-people-machines\/\",\"url\":\"https:\/\/antersystem.com\/es\/case-studies\/pedestrian-lt-protecting-people-machines\/\",\"name\":\"Peat\u00f3n LT - Protecci\u00f3n de personas y m\u00e1quinas - Anter System\",\"isPartOf\":{\"@id\":\"https:\/\/antersystem.com\/es\/#website\"},\"datePublished\":\"2025-01-28T12:58:17+00:00\",\"dateModified\":\"2026-01-30T00:22:08+00:00\",\"description\":\"Barreras peatonales LT - Protecci\u00f3n de personas y m\u00e1quinas en zonas de almac\u00e9n con mucho tr\u00e1fico Garantizar la seguridad de las personas y la maquinaria\",\"breadcrumb\":{\"@id\":\"https:\/\/antersystem.com\/es\/case-studies\/pedestrian-lt-protecting-people-machines\/#breadcrumb\"},\"inLanguage\":\"es\",\"potentialAction\":[{\"@type\":\"ReadAction\",\"target\":[\"https:\/\/antersystem.com\/es\/case-studies\/pedestrian-lt-protecting-people-machines\/\"]}]},{\"@type\":\"BreadcrumbList\",\"@id\":\"https:\/\/antersystem.com\/es\/case-studies\/pedestrian-lt-protecting-people-machines\/#breadcrumb\",\"itemListElement\":[{\"@type\":\"ListItem\",\"position\":1,\"name\":\"AnterSystem\",\"item\":\"https:\/\/antersystem.com\/es\/\"},{\"@type\":\"ListItem\",\"position\":2,\"name\":\"Casos pr\u00e1cticos\",\"item\":\"https:\/\/antersystem.com\/es\/case-studies\/\"},{\"@type\":\"ListItem\",\"position\":3,\"name\":\"Peat\u00f3n LT &#8211; Protecci\u00f3n de personas y m\u00e1quinas\"}]},{\"@type\":\"WebSite\",\"@id\":\"https:\/\/antersystem.com\/es\/#website\",\"url\":\"https:\/\/antersystem.com\/es\/\",\"name\":\"Anter System\",\"description\":\"Jeste\u015bmy polskim producentem elastycznych barier ochronnych wykonywanych z polimerowych tworzyw sztucznych. Na rynku krajowym i zagranicznym dzia\u0142amy od ponad 15 lat dbaj\u0105c o zapewnienie bezpiecze\u0144stwa w zak\u0142adach produkcyjnych, magazynach oraz centrach logistycznych.\",\"potentialAction\":[{\"@type\":\"SearchAction\",\"target\":{\"@type\":\"EntryPoint\",\"urlTemplate\":\"https:\/\/antersystem.com\/es\/?s={search_term_string}\"},\"query-input\":{\"@type\":\"PropertyValueSpecification\",\"valueRequired\":true,\"valueName\":\"search_term_string\"}}],\"inLanguage\":\"es\"}]}<\/script>\n<!-- \/ Yoast SEO plugin. -->","yoast_head_json":{"title":"Peat\u00f3n LT - Protecci\u00f3n de personas y m\u00e1quinas - Anter System","description":"Barreras peatonales LT - Protecci\u00f3n de personas y m\u00e1quinas en zonas de almac\u00e9n con mucho tr\u00e1fico Garantizar la seguridad de las personas y la maquinaria","robots":{"index":"index","follow":"follow","max-snippet":"max-snippet:-1","max-image-preview":"max-image-preview:large","max-video-preview":"max-video-preview:-1"},"canonical":"https:\/\/antersystem.com\/es\/case-studies\/pedestrian-lt-protecting-people-machines\/","og_locale":"es_ES","og_type":"article","og_title":"Peat\u00f3n LT - Protecci\u00f3n de personas y m\u00e1quinas - Anter System","og_description":"Barreras peatonales LT - Protecci\u00f3n de personas y m\u00e1quinas en zonas de almac\u00e9n con mucho tr\u00e1fico Garantizar la seguridad de las personas y la maquinaria","og_url":"https:\/\/antersystem.com\/es\/case-studies\/pedestrian-lt-protecting-people-machines\/","og_site_name":"Anter System","article_modified_time":"2026-01-30T00:22:08+00:00","twitter_card":"summary_large_image","twitter_misc":{"Tiempo de lectura":"3 minutos"},"schema":{"@context":"https:\/\/schema.org","@graph":[{"@type":"WebPage","@id":"https:\/\/antersystem.com\/es\/case-studies\/pedestrian-lt-protecting-people-machines\/","url":"https:\/\/antersystem.com\/es\/case-studies\/pedestrian-lt-protecting-people-machines\/","name":"Peat\u00f3n LT - Protecci\u00f3n de personas y m\u00e1quinas - Anter System","isPartOf":{"@id":"https:\/\/antersystem.com\/es\/#website"},"datePublished":"2025-01-28T12:58:17+00:00","dateModified":"2026-01-30T00:22:08+00:00","description":"Barreras peatonales LT - Protecci\u00f3n de personas y m\u00e1quinas en zonas de almac\u00e9n con mucho tr\u00e1fico Garantizar la seguridad de las personas y la maquinaria","breadcrumb":{"@id":"https:\/\/antersystem.com\/es\/case-studies\/pedestrian-lt-protecting-people-machines\/#breadcrumb"},"inLanguage":"es","potentialAction":[{"@type":"ReadAction","target":["https:\/\/antersystem.com\/es\/case-studies\/pedestrian-lt-protecting-people-machines\/"]}]},{"@type":"BreadcrumbList","@id":"https:\/\/antersystem.com\/es\/case-studies\/pedestrian-lt-protecting-people-machines\/#breadcrumb","itemListElement":[{"@type":"ListItem","position":1,"name":"AnterSystem","item":"https:\/\/antersystem.com\/es\/"},{"@type":"ListItem","position":2,"name":"Casos pr\u00e1cticos","item":"https:\/\/antersystem.com\/es\/case-studies\/"},{"@type":"ListItem","position":3,"name":"Peat\u00f3n LT &#8211; Protecci\u00f3n de personas y m\u00e1quinas"}]},{"@type":"WebSite","@id":"https:\/\/antersystem.com\/es\/#website","url":"https:\/\/antersystem.com\/es\/","name":"Anter System","description":"Jeste\u015bmy polskim producentem elastycznych barier ochronnych wykonywanych z polimerowych tworzyw sztucznych. Na rynku krajowym i zagranicznym dzia\u0142amy od ponad 15 lat dbaj\u0105c o zapewnienie bezpiecze\u0144stwa w zak\u0142adach produkcyjnych, magazynach oraz centrach logistycznych.","potentialAction":[{"@type":"SearchAction","target":{"@type":"EntryPoint","urlTemplate":"https:\/\/antersystem.com\/es\/?s={search_term_string}"},"query-input":{"@type":"PropertyValueSpecification","valueRequired":true,"valueName":"search_term_string"}}],"inLanguage":"es"}]}},"_links":{"self":[{"href":"https:\/\/antersystem.com\/es\/wp-json\/wp\/v2\/pages\/13103","targetHints":{"allow":["GET"]}}],"collection":[{"href":"https:\/\/antersystem.com\/es\/wp-json\/wp\/v2\/pages"}],"about":[{"href":"https:\/\/antersystem.com\/es\/wp-json\/wp\/v2\/types\/page"}],"author":[{"embeddable":true,"href":"https:\/\/antersystem.com\/es\/wp-json\/wp\/v2\/users\/1"}],"replies":[{"embeddable":true,"href":"https:\/\/antersystem.com\/es\/wp-json\/wp\/v2\/comments?post=13103"}],"version-history":[{"count":1,"href":"https:\/\/antersystem.com\/es\/wp-json\/wp\/v2\/pages\/13103\/revisions"}],"predecessor-version":[{"id":13105,"href":"https:\/\/antersystem.com\/es\/wp-json\/wp\/v2\/pages\/13103\/revisions\/13105"}],"up":[{"embeddable":true,"href":"https:\/\/antersystem.com\/es\/wp-json\/wp\/v2\/pages\/12690"}],"wp:attachment":[{"href":"https:\/\/antersystem.com\/es\/wp-json\/wp\/v2\/media?parent=13103"}],"curies":[{"name":"wp","href":"https:\/\/api.w.org\/{rel}","templated":true}]}}