{"id":13111,"date":"2025-01-28T14:41:10","date_gmt":"2025-01-28T13:41:10","guid":{"rendered":"https:\/\/new.antersystem.com\/case-studies\/wall-protector-hd-warehouses-with-high-storage\/"},"modified":"2026-01-30T01:21:57","modified_gmt":"2026-01-30T00:21:57","slug":"wall-protector-hd-warehouses-with-high-storage","status":"publish","type":"page","link":"https:\/\/antersystem.com\/es\/case-studies\/wall-protector-hd-warehouses-with-high-storage\/","title":{"rendered":"WALL PROTECTOR HD+ en almacenes de gran altura"},"content":{"rendered":"\n<div class=\"wp-block-columns is-layout-flex wp-container-core-columns-is-layout-9d6595d7 wp-block-columns-is-layout-flex\">\n<div class=\"wp-block-column is-layout-flow wp-block-column-is-layout-flow\" style=\"flex-basis:10%\"><\/div>\n\n\n\n<div class=\"wp-block-column is-layout-flow wp-block-column-is-layout-flow\">\n<h2 class=\"wp-block-heading\">WALL PROTECTOR HD+ con barreras GB HD+ para la seguridad en almacenes con estanter\u00edas altas<\/h2>\n\n\n\n<p>En una nave industrial de funcionamiento din\u00e1mico, en la que coexisten <strong>personas, m\u00e1quinas, robots y almacenes de gran altura<\/strong>, era necesario garantizar la seguridad en el trabajo y una organizaci\u00f3n eficaz del espacio. El objetivo clave era separar a las personas y las m\u00e1quinas de las zonas de almacenamiento. Adem\u00e1s, era crucial designar rutas de transporte claras y proteger la infraestructura contra posibles da\u00f1os causados por el intenso tr\u00e1fico y la naturaleza de las operaciones en este entorno.<\/p>\n\n\n\n<h3 class=\"wp-block-heading\">Aplicaci\u00f3n<\/h3>\n\n\n\n<p>El proceso de implantaci\u00f3n comenz\u00f3 con un an\u00e1lisis exhaustivo de las necesidades y los riesgos potenciales asociados al uso de la instalaci\u00f3n. Bas\u00e1ndose en esto, se propuso aplicar una protecci\u00f3n consistente en una <a href=\"https:\/\/antersystem.com\/produkty\/ciag-elastycznych-barier-wall-protector-hd-m16-z-barierami-gb-hd\/\">serie de barreras flexibles Wall Protector HD+ combinadas con barreras GB HD+.<\/a><\/p>\n\n\n\n<p>Los Protectores de Pared se <strong>colocaron estrat\u00e9gicamente<\/strong> para proteger las zonas de almacenamiento de estanter\u00edas altas del desplazamiento de los productos almacenados y para salvaguardar las zonas de producci\u00f3n en las que operan m\u00e1quinas y robots industriales. El uso de <a href=\"https:\/\/antersystem.com\/produkty\/elastyczna-bariera-gb-hd\/\">barreras de protecci\u00f3n inferiores GB HD+<\/a> reforzadas proporcion\u00f3 una protecci\u00f3n eficaz de las zonas adyacentes contra las horquillas de carretillas elevadoras de baja posici\u00f3n que operaban en la zona.<\/p>\n\n\n\n<p>Los WALL PROTECTOR tambi\u00e9n se utilizaron <strong>para proteger y separar estrictamente las zonas de producci\u00f3n<\/strong> equipadas con robots, m\u00e1quinas y otros sistemas modernos de apoyo a la producci\u00f3n y la log\u00edstica. Estas soluciones no s\u00f3lo protegieron los elementos clave de la nave, sino que tambi\u00e9n ayudaron a definir rutas de transporte claras entre las zonas de trabajo.<\/p>\n\n\n\n<p>La implantaci\u00f3n se complement\u00f3 con el uso de <a href=\"https:\/\/antersystem.com\/produkty\/bramka-bezpieczenstwa-sga-ze-znakiem-stop-i-oswietleniem-ostrzegawczym\/\">puertas de seguridad SGA<\/a> con se\u00f1ales de stop y sem\u00e1foros en las l\u00edneas de barrera de Traffic R3. Regulan el tr\u00e1fico peatonal en zonas cr\u00edticas y minimizan el riesgo de entrar en rutas utilizadas por veh\u00edculos.<\/p>\n\n\n\n<h3 class=\"wp-block-heading\">Resultados<\/h3>\n\n\n\n<p>El uso de barreras protectoras flexibles Wall Protector HD+ combinadas con barreras GB HD+ aport\u00f3 numerosas ventajas. Gracias a las soluciones implantadas, las zonas de almacenamiento de estanter\u00edas elevadas <strong>se separaron eficazmente de las zonas de transporte y producci\u00f3n<\/strong>, lo que aument\u00f3 significativamente la seguridad en el lugar de trabajo. Las rutas de transporte claramente marcadas mejoraron el flujo y la eficacia de los procesos log\u00edsticos, minimizando el riesgo de colisiones y tiempos de inactividad. El dise\u00f1o modular del sistema facilit\u00f3 enormemente la ejecuci\u00f3n de la tarea conforme a las necesidades del cliente y garantiz\u00f3 una protecci\u00f3n adecuada en las zonas designadas.<\/p>\n\n\n\n<h3 class=\"wp-block-heading\">Resumen<\/h3>\n\n\n\n<p>La implantaci\u00f3n del sistema WALL PROTECTOR HD+ con barreras GB HD+ en una nave con zonas de producci\u00f3n automatizadas y \u00e1reas de almacenamiento en altura <strong>mejor\u00f3 significativamente la seguridad en el lugar de trabajo y la organizaci\u00f3n del espacio<\/strong>. Gracias a las soluciones aplicadas, fue posible asegurar eficazmente partes concretas de la nave, mejorar la organizaci\u00f3n del tr\u00e1fico en un entorno industrial din\u00e1mico y garantizar la seguridad de los empleados en las zonas m\u00e1s expuestas a accidentes.<\/p>\n<\/div>\n\n\n\n<div class=\"wp-block-column is-layout-flow wp-block-column-is-layout-flow\" style=\"flex-basis:10%\"><\/div>\n<\/div>\n\nngg_shortcode_0_placeholder\n","protected":false},"excerpt":{"rendered":"<p>WALL PROTECTOR HD+ con barreras GB HD+ para la seguridad en almacenes con estanter\u00edas altas En una nave industrial de funcionamiento din\u00e1mico, en la que coexisten personas, m\u00e1quinas, robots y almacenes de gran altura, era necesario garantizar la seguridad en el trabajo y una organizaci\u00f3n eficaz del espacio. El objetivo clave era separar a las [&hellip;]<\/p>\n","protected":false},"author":1,"featured_media":0,"parent":12690,"menu_order":0,"comment_status":"closed","ping_status":"closed","template":"","meta":{"inline_featured_image":false,"ngg_post_thumbnail":0,"footnotes":""},"class_list":["post-13111","page","type-page","status-publish","hentry"],"acf":[],"yoast_head":"<!-- This site is optimized with the Yoast SEO plugin v27.0 - https:\/\/yoast.com\/product\/yoast-seo-wordpress\/ -->\n<title>WALL PROTECTOR HD+ en almacenes de gran altura - Anter System<\/title>\n<meta name=\"description\" content=\"WALL PROTECTOR HD+ con barreras GB HD+ para la seguridad en almacenes con estanter\u00edas altas En una nave industrial de funcionamiento din\u00e1mico, en la que\" \/>\n<meta name=\"robots\" content=\"index, follow, max-snippet:-1, max-image-preview:large, max-video-preview:-1\" \/>\n<link rel=\"canonical\" href=\"https:\/\/antersystem.com\/es\/case-studies\/wall-protector-hd-warehouses-with-high-storage\/\" \/>\n<meta property=\"og:locale\" content=\"es_ES\" \/>\n<meta property=\"og:type\" content=\"article\" \/>\n<meta property=\"og:title\" content=\"WALL PROTECTOR HD+ en almacenes de gran altura - Anter System\" \/>\n<meta property=\"og:description\" content=\"WALL PROTECTOR HD+ con barreras GB HD+ para la seguridad en almacenes con estanter\u00edas altas En una nave industrial de funcionamiento din\u00e1mico, en la que\" \/>\n<meta property=\"og:url\" content=\"https:\/\/antersystem.com\/es\/case-studies\/wall-protector-hd-warehouses-with-high-storage\/\" \/>\n<meta property=\"og:site_name\" content=\"Anter System\" \/>\n<meta property=\"article:modified_time\" content=\"2026-01-30T00:21:57+00:00\" \/>\n<meta name=\"twitter:card\" content=\"summary_large_image\" \/>\n<meta name=\"twitter:label1\" content=\"Tiempo de lectura\" \/>\n\t<meta name=\"twitter:data1\" content=\"3 minutos\" \/>\n<script type=\"application\/ld+json\" class=\"yoast-schema-graph\">{\"@context\":\"https:\/\/schema.org\",\"@graph\":[{\"@type\":\"WebPage\",\"@id\":\"https:\/\/antersystem.com\/es\/case-studies\/wall-protector-hd-warehouses-with-high-storage\/\",\"url\":\"https:\/\/antersystem.com\/es\/case-studies\/wall-protector-hd-warehouses-with-high-storage\/\",\"name\":\"WALL PROTECTOR HD+ en almacenes de gran altura - Anter System\",\"isPartOf\":{\"@id\":\"https:\/\/antersystem.com\/es\/#website\"},\"datePublished\":\"2025-01-28T13:41:10+00:00\",\"dateModified\":\"2026-01-30T00:21:57+00:00\",\"description\":\"WALL PROTECTOR HD+ con barreras GB HD+ para la seguridad en almacenes con estanter\u00edas altas En una nave industrial de funcionamiento din\u00e1mico, en la que\",\"breadcrumb\":{\"@id\":\"https:\/\/antersystem.com\/es\/case-studies\/wall-protector-hd-warehouses-with-high-storage\/#breadcrumb\"},\"inLanguage\":\"es\",\"potentialAction\":[{\"@type\":\"ReadAction\",\"target\":[\"https:\/\/antersystem.com\/es\/case-studies\/wall-protector-hd-warehouses-with-high-storage\/\"]}]},{\"@type\":\"BreadcrumbList\",\"@id\":\"https:\/\/antersystem.com\/es\/case-studies\/wall-protector-hd-warehouses-with-high-storage\/#breadcrumb\",\"itemListElement\":[{\"@type\":\"ListItem\",\"position\":1,\"name\":\"AnterSystem\",\"item\":\"https:\/\/antersystem.com\/es\/\"},{\"@type\":\"ListItem\",\"position\":2,\"name\":\"Casos pr\u00e1cticos\",\"item\":\"https:\/\/antersystem.com\/es\/case-studies\/\"},{\"@type\":\"ListItem\",\"position\":3,\"name\":\"WALL PROTECTOR HD+ en almacenes de gran altura\"}]},{\"@type\":\"WebSite\",\"@id\":\"https:\/\/antersystem.com\/es\/#website\",\"url\":\"https:\/\/antersystem.com\/es\/\",\"name\":\"Anter System\",\"description\":\"Jeste\u015bmy polskim producentem elastycznych barier ochronnych wykonywanych z polimerowych tworzyw sztucznych. Na rynku krajowym i zagranicznym dzia\u0142amy od ponad 15 lat dbaj\u0105c o zapewnienie bezpiecze\u0144stwa w zak\u0142adach produkcyjnych, magazynach oraz centrach logistycznych.\",\"potentialAction\":[{\"@type\":\"SearchAction\",\"target\":{\"@type\":\"EntryPoint\",\"urlTemplate\":\"https:\/\/antersystem.com\/es\/?s={search_term_string}\"},\"query-input\":{\"@type\":\"PropertyValueSpecification\",\"valueRequired\":true,\"valueName\":\"search_term_string\"}}],\"inLanguage\":\"es\"}]}<\/script>\n<!-- \/ Yoast SEO plugin. -->","yoast_head_json":{"title":"WALL PROTECTOR HD+ en almacenes de gran altura - Anter System","description":"WALL PROTECTOR HD+ con barreras GB HD+ para la seguridad en almacenes con estanter\u00edas altas En una nave industrial de funcionamiento din\u00e1mico, en la que","robots":{"index":"index","follow":"follow","max-snippet":"max-snippet:-1","max-image-preview":"max-image-preview:large","max-video-preview":"max-video-preview:-1"},"canonical":"https:\/\/antersystem.com\/es\/case-studies\/wall-protector-hd-warehouses-with-high-storage\/","og_locale":"es_ES","og_type":"article","og_title":"WALL PROTECTOR HD+ en almacenes de gran altura - Anter System","og_description":"WALL PROTECTOR HD+ con barreras GB HD+ para la seguridad en almacenes con estanter\u00edas altas En una nave industrial de funcionamiento din\u00e1mico, en la que","og_url":"https:\/\/antersystem.com\/es\/case-studies\/wall-protector-hd-warehouses-with-high-storage\/","og_site_name":"Anter System","article_modified_time":"2026-01-30T00:21:57+00:00","twitter_card":"summary_large_image","twitter_misc":{"Tiempo de lectura":"3 minutos"},"schema":{"@context":"https:\/\/schema.org","@graph":[{"@type":"WebPage","@id":"https:\/\/antersystem.com\/es\/case-studies\/wall-protector-hd-warehouses-with-high-storage\/","url":"https:\/\/antersystem.com\/es\/case-studies\/wall-protector-hd-warehouses-with-high-storage\/","name":"WALL PROTECTOR HD+ en almacenes de gran altura - Anter System","isPartOf":{"@id":"https:\/\/antersystem.com\/es\/#website"},"datePublished":"2025-01-28T13:41:10+00:00","dateModified":"2026-01-30T00:21:57+00:00","description":"WALL PROTECTOR HD+ con barreras GB HD+ para la seguridad en almacenes con estanter\u00edas altas En una nave industrial de funcionamiento din\u00e1mico, en la que","breadcrumb":{"@id":"https:\/\/antersystem.com\/es\/case-studies\/wall-protector-hd-warehouses-with-high-storage\/#breadcrumb"},"inLanguage":"es","potentialAction":[{"@type":"ReadAction","target":["https:\/\/antersystem.com\/es\/case-studies\/wall-protector-hd-warehouses-with-high-storage\/"]}]},{"@type":"BreadcrumbList","@id":"https:\/\/antersystem.com\/es\/case-studies\/wall-protector-hd-warehouses-with-high-storage\/#breadcrumb","itemListElement":[{"@type":"ListItem","position":1,"name":"AnterSystem","item":"https:\/\/antersystem.com\/es\/"},{"@type":"ListItem","position":2,"name":"Casos pr\u00e1cticos","item":"https:\/\/antersystem.com\/es\/case-studies\/"},{"@type":"ListItem","position":3,"name":"WALL PROTECTOR HD+ en almacenes de gran altura"}]},{"@type":"WebSite","@id":"https:\/\/antersystem.com\/es\/#website","url":"https:\/\/antersystem.com\/es\/","name":"Anter System","description":"Jeste\u015bmy polskim producentem elastycznych barier ochronnych wykonywanych z polimerowych tworzyw sztucznych. Na rynku krajowym i zagranicznym dzia\u0142amy od ponad 15 lat dbaj\u0105c o zapewnienie bezpiecze\u0144stwa w zak\u0142adach produkcyjnych, magazynach oraz centrach logistycznych.","potentialAction":[{"@type":"SearchAction","target":{"@type":"EntryPoint","urlTemplate":"https:\/\/antersystem.com\/es\/?s={search_term_string}"},"query-input":{"@type":"PropertyValueSpecification","valueRequired":true,"valueName":"search_term_string"}}],"inLanguage":"es"}]}},"_links":{"self":[{"href":"https:\/\/antersystem.com\/es\/wp-json\/wp\/v2\/pages\/13111","targetHints":{"allow":["GET"]}}],"collection":[{"href":"https:\/\/antersystem.com\/es\/wp-json\/wp\/v2\/pages"}],"about":[{"href":"https:\/\/antersystem.com\/es\/wp-json\/wp\/v2\/types\/page"}],"author":[{"embeddable":true,"href":"https:\/\/antersystem.com\/es\/wp-json\/wp\/v2\/users\/1"}],"replies":[{"embeddable":true,"href":"https:\/\/antersystem.com\/es\/wp-json\/wp\/v2\/comments?post=13111"}],"version-history":[{"count":1,"href":"https:\/\/antersystem.com\/es\/wp-json\/wp\/v2\/pages\/13111\/revisions"}],"predecessor-version":[{"id":13113,"href":"https:\/\/antersystem.com\/es\/wp-json\/wp\/v2\/pages\/13111\/revisions\/13113"}],"up":[{"embeddable":true,"href":"https:\/\/antersystem.com\/es\/wp-json\/wp\/v2\/pages\/12690"}],"wp:attachment":[{"href":"https:\/\/antersystem.com\/es\/wp-json\/wp\/v2\/media?parent=13111"}],"curies":[{"name":"wp","href":"https:\/\/api.w.org\/{rel}","templated":true}]}}