{"id":13157,"date":"2025-06-04T16:04:00","date_gmt":"2025-06-04T14:04:00","guid":{"rendered":"https:\/\/new.antersystem.com\/gold-medal-smart-gate\/"},"modified":"2026-04-16T11:29:51","modified_gmt":"2026-04-16T09:29:51","slug":"gold-medal-smart-gate","status":"publish","type":"page","link":"https:\/\/antersystem.com\/es\/noticias\/gold-medal-smart-gate\/","title":{"rendered":"Medalla de Oro para Smart Gate"},"content":{"rendered":"\n<div class=\"wp-block-columns is-layout-flex wp-container-core-columns-is-layout-9d6595d7 wp-block-columns-is-layout-flex\">\n<div class=\"wp-block-column is-layout-flow wp-block-column-is-layout-flow\">\n<h2 class=\"wp-block-heading\">Nuestro producto reconocido con un prestigioso premio<\/h2>\n\n\n\n<div class=\"wp-block-columns is-layout-flex wp-container-core-columns-is-layout-9d6595d7 wp-block-columns-is-layout-flex\">\n<div class=\"wp-block-column is-layout-flow wp-block-column-is-layout-flow\" style=\"flex-basis:10%\"><\/div>\n\n\n\n<div class=\"wp-block-column is-layout-flow wp-block-column-is-layout-flow\">\n<p>Nos enorgullece anunciar que una de nuestras \u00faltimas innovaciones -la <strong>puerta de seguridad inteligente SGA GATE PROTECTOR (Smart Gate)<\/strong> &#8211; ha sido galardonada con la prestigiosa <strong>Medalla de Oro de Modernlog 2025<\/strong>. Esta distinci\u00f3n honra las soluciones que aportan un valor real a la industria a trav\u00e9s de la innovaci\u00f3n, la calidad del dise\u00f1o y el impacto en la seguridad en el lugar de trabajo. <\/p>\n\n\n\n<h3 class=\"wp-block-heading\">Un premio que inspira responsabilidad<\/h3>\n\n\n\n<p>La Medalla de Oro, concedida por el jurado de expertos MTP, es m\u00e1s que un reconocimiento simb\u00f3lico: es una marca de calidad que confirma la eficacia y el valor pr\u00e1ctico de la soluci\u00f3n premiada. En la categor\u00eda de productos de seguridad en el lugar de trabajo, el jurado apreci\u00f3 nuestra puerta por su <strong>innovadora integraci\u00f3n de la tecnolog\u00eda de detecci\u00f3n de peligros con la protecci\u00f3n activa del usuario<\/strong> en zonas compartidas por peatones y veh\u00edculos industriales. <\/p>\n\n\n\n<figure class=\"wp-block-embed is-type-video is-provider-youtube wp-block-embed-youtube wp-embed-aspect-16-9 wp-has-aspect-ratio\"><div class=\"wp-block-embed__wrapper\" style=\"text-align: center;\">\n<iframe loading=\"lazy\" title=\"GATE PROTECTOR with SGA SAFETY GATE WING\" width=\"500\" height=\"281\" src=\"https:\/\/www.youtube.com\/embed\/cdwOuzXI_zU?feature=oembed\" frameborder=\"0\" allow=\"accelerometer; autoplay; clipboard-write; encrypted-media; gyroscope; picture-in-picture; web-share\" referrerpolicy=\"strict-origin-when-cross-origin\" allowfullscreen><\/iframe>\n<\/div><\/figure>\n\n\n<div style=\"height:30px\" aria-hidden=\"true\" class=\"wp-block-spacer\"><\/div>\n\n\n\n<h3 class=\"wp-block-heading\">\u00bfPor qu\u00e9 destaca el SGA GATE PROTECTOR?<\/h3>\n\n\n\n<p>El Smart Gate es un sistema de seguridad autom\u00e1tico e inteligente dise\u00f1ado para proteger las zonas m\u00e1s cr\u00edticas de almacenes, centros log\u00edsticos e instalaciones industriales, donde los caminos peatonales se cruzan con las rutas de veh\u00edculos. Sus caracter\u00edsticas principales son:<\/p>\n\n\n\n<ul class=\"wp-block-list\"><li><strong>Sistemas de detecci\u00f3n avanzados<\/strong>: los sensores de movimiento, la tecnolog\u00eda RFID, UWB y los detectores l\u00e1ser permiten detectar con precisi\u00f3n los veh\u00edculos que se aproximan.<\/li>\n<li><strong>Se\u00f1alizaci\u00f3n luminosa y ac\u00fastica activa<\/strong>: las luces de advertencia rojas brillantes y las alarmas ac\u00fasticas son claramente visibles y audibles tanto para los peatones como para los operadores de carretillas elevadoras.<\/li>\n<li><strong>Bloqueo autom\u00e1tico de paso<\/strong>: cuando se detecta un veh\u00edculo, el port\u00f3n se cierra inmediatamente, evitando colisiones.<\/li>\n<li><strong>Perfecta integraci\u00f3n con la automatizaci\u00f3n de edificios<\/strong>: el SGA GATE PROTECTOR puede integrarse totalmente con los sistemas del cliente, para gestionar el tr\u00e1fico, la seguridad y la evacuaci\u00f3n.<\/li>\n<li><strong>Funci\u00f3n de apertura autom\u00e1tica<\/strong>: cuando la zona est\u00e1 despejada, la puerta se vuelve a abrir autom\u00e1ticamente, manteniendo un flujo de trabajo fluido.<\/li>\n<\/ul>\n\n\n<div style=\"height:30px\" aria-hidden=\"true\" class=\"wp-block-spacer\"><\/div>\n\n\n\n<div class=\"wp-block-media-text is-stacked-on-mobile\" style=\"grid-template-columns:18% auto\"><figure class=\"wp-block-media-text__media\"><img loading=\"lazy\" decoding=\"async\" width=\"683\" height=\"1024\" src=\"https:\/\/antersystem.com\/wp-content\/uploads\/ELASTYCZNA-BARIERA-GATE-PROTECTOR-Z-BRAMKA-SGA2-683x1024.png\" alt=\"\" class=\"wp-image-6000 size-full\" srcset=\"https:\/\/antersystem.com\/wp-content\/uploads\/ELASTYCZNA-BARIERA-GATE-PROTECTOR-Z-BRAMKA-SGA2-683x1024.png 683w, https:\/\/antersystem.com\/wp-content\/uploads\/ELASTYCZNA-BARIERA-GATE-PROTECTOR-Z-BRAMKA-SGA2-200x300.png 200w, https:\/\/antersystem.com\/wp-content\/uploads\/ELASTYCZNA-BARIERA-GATE-PROTECTOR-Z-BRAMKA-SGA2-768x1152.png 768w, https:\/\/antersystem.com\/wp-content\/uploads\/ELASTYCZNA-BARIERA-GATE-PROTECTOR-Z-BRAMKA-SGA2-1024x1536.png 1024w, https:\/\/antersystem.com\/wp-content\/uploads\/ELASTYCZNA-BARIERA-GATE-PROTECTOR-Z-BRAMKA-SGA2-1365x2048.png 1365w, https:\/\/antersystem.com\/wp-content\/uploads\/ELASTYCZNA-BARIERA-GATE-PROTECTOR-Z-BRAMKA-SGA2-450x675.png 450w, https:\/\/antersystem.com\/wp-content\/uploads\/ELASTYCZNA-BARIERA-GATE-PROTECTOR-Z-BRAMKA-SGA2-330x495.png 330w\" sizes=\"auto, (max-width: 683px) 100vw, 683px\" \/><\/figure><div class=\"wp-block-media-text__content\">\n<h3 class=\"wp-block-heading\">Ventajas reales: seguridad, comodidad y eficiencia<\/h3>\n\n\n\n<p>La implantaci\u00f3n del SGA GATE PROTECTOR ha eliminado por completo los incidentes en los cruces m\u00e1s peligrosos de las instalaciones de nuestros clientes. La mejora de la seguridad se traduce no s\u00f3lo en la protecci\u00f3n de la vida y la salud, sino tambi\u00e9n en <strong>un trabajo m\u00e1s centrado, confiado y eficaz de todos los equipos operativos<\/strong>. Las se\u00f1ales visuales y ac\u00fasticas ayudan a los operarios, reduciendo el estr\u00e9s y la necesidad de vigilancia constante del entorno.  <\/p>\n\n\n\n<p>Esta soluci\u00f3n se dise\u00f1\u00f3 pensando en la flexibilidad, tanto tecnol\u00f3gica como espacial. La puerta puede personalizarse para satisfacer requisitos espec\u00edficos de la instalaci\u00f3n, y su estructura modular permite una f\u00e1cil integraci\u00f3n con otros productos de protecci\u00f3n Anter System. <\/p>\n<\/div><\/div>\n\n\n\n<div style=\"height:30px\" aria-hidden=\"true\" class=\"wp-block-spacer\"><\/div>\n\n\n\n<h3 class=\"wp-block-heading\">\u00a1Gracias por el reconocimiento!<\/h3>\n\n\n\n<p>La Medalla de Oro Modernlog 2025 confirma que el camino que hemos tomado -invertir en <strong>sistemas de seguridad inteligentes y automatizados-<\/strong> responde directamente a las necesidades reales del mercado. Agradecemos al Jurado del Concurso su confianza y a nuestros clientes y socios su inspiraci\u00f3n para seguir innovando. <\/p>\n\n\n\n<p>M\u00e1s informaci\u00f3n sobre el SGA GATE PROTECTOR <strong><a href=\"https:\/\/antersystem.com\/produkty\/elastyczna-bariera-gate-protector-with-sga-gate\/\">aqu\u00ed<\/a><\/strong>.<\/p>\n<\/div>\n<\/div>\n<\/div>\n<\/div>\n\n<p><\/p>\n","protected":false},"excerpt":{"rendered":"<p>Nuestro producto reconocido con un prestigioso premio Nos enorgullece anunciar que una de nuestras \u00faltimas innovaciones -la puerta de seguridad inteligente SGA GATE PROTECTOR (Smart Gate) &#8211; ha sido galardonada con la prestigiosa Medalla de Oro de Modernlog 2025. Esta distinci\u00f3n honra las soluciones que aportan un valor real a la industria a trav\u00e9s de [&hellip;]<\/p>\n","protected":false},"author":11,"featured_media":13160,"parent":30348,"menu_order":0,"comment_status":"closed","ping_status":"closed","template":"","meta":{"inline_featured_image":false,"ngg_post_thumbnail":0,"footnotes":""},"class_list":["post-13157","page","type-page","status-publish","has-post-thumbnail","hentry"],"acf":[],"yoast_head":"<!-- This site is optimized with the Yoast SEO plugin v27.0 - https:\/\/yoast.com\/product\/yoast-seo-wordpress\/ -->\n<title>Medalla de Oro para Smart Gate - Anter System<\/title>\n<meta name=\"description\" content=\"El producto inteligente SMART GATE recibi\u00f3 la prestigiosa Medalla de Oro en la Feria Modernlog 2025.\" \/>\n<meta name=\"robots\" content=\"index, follow, max-snippet:-1, max-image-preview:large, max-video-preview:-1\" \/>\n<link rel=\"canonical\" href=\"https:\/\/antersystem.com\/es\/noticias\/gold-medal-smart-gate\/\" \/>\n<meta property=\"og:locale\" content=\"es_ES\" \/>\n<meta property=\"og:type\" content=\"article\" \/>\n<meta property=\"og:title\" content=\"Medalla de Oro para Smart Gate - Anter System\" \/>\n<meta property=\"og:description\" content=\"El producto inteligente SMART GATE recibi\u00f3 la prestigiosa Medalla de Oro en la Feria Modernlog 2025.\" \/>\n<meta property=\"og:url\" content=\"https:\/\/antersystem.com\/es\/noticias\/gold-medal-smart-gate\/\" \/>\n<meta property=\"og:site_name\" content=\"Anter System\" \/>\n<meta property=\"article:modified_time\" content=\"2026-04-16T09:29:51+00:00\" \/>\n<meta property=\"og:image\" content=\"https:\/\/antersystem.com\/wp-content\/uploads\/gate-protector-medal-1.png\" \/>\n\t<meta property=\"og:image:width\" content=\"1024\" \/>\n\t<meta property=\"og:image:height\" content=\"768\" \/>\n\t<meta property=\"og:image:type\" content=\"image\/png\" \/>\n<meta name=\"twitter:card\" content=\"summary_large_image\" \/>\n<meta name=\"twitter:label1\" content=\"Tiempo de lectura\" \/>\n\t<meta name=\"twitter:data1\" content=\"3 minutos\" \/>\n<script type=\"application\/ld+json\" class=\"yoast-schema-graph\">{\"@context\":\"https:\/\/schema.org\",\"@graph\":[{\"@type\":\"WebPage\",\"@id\":\"https:\/\/antersystem.com\/es\/noticias\/gold-medal-smart-gate\/\",\"url\":\"https:\/\/antersystem.com\/es\/noticias\/gold-medal-smart-gate\/\",\"name\":\"Medalla de Oro para Smart Gate - Anter System\",\"isPartOf\":{\"@id\":\"https:\/\/antersystem.com\/es\/#website\"},\"primaryImageOfPage\":{\"@id\":\"https:\/\/antersystem.com\/es\/noticias\/gold-medal-smart-gate\/#primaryimage\"},\"image\":{\"@id\":\"https:\/\/antersystem.com\/es\/noticias\/gold-medal-smart-gate\/#primaryimage\"},\"thumbnailUrl\":\"https:\/\/antersystem.com\/wp-content\/uploads\/gate-protector-medal-1.png\",\"datePublished\":\"2025-06-04T14:04:00+00:00\",\"dateModified\":\"2026-04-16T09:29:51+00:00\",\"description\":\"El producto inteligente SMART GATE recibi\u00f3 la prestigiosa Medalla de Oro en la Feria Modernlog 2025.\",\"breadcrumb\":{\"@id\":\"https:\/\/antersystem.com\/es\/noticias\/gold-medal-smart-gate\/#breadcrumb\"},\"inLanguage\":\"es\",\"potentialAction\":[{\"@type\":\"ReadAction\",\"target\":[\"https:\/\/antersystem.com\/es\/noticias\/gold-medal-smart-gate\/\"]}]},{\"@type\":\"ImageObject\",\"inLanguage\":\"es\",\"@id\":\"https:\/\/antersystem.com\/es\/noticias\/gold-medal-smart-gate\/#primaryimage\",\"url\":\"https:\/\/antersystem.com\/wp-content\/uploads\/gate-protector-medal-1.png\",\"contentUrl\":\"https:\/\/antersystem.com\/wp-content\/uploads\/gate-protector-medal-1.png\",\"width\":1024,\"height\":768},{\"@type\":\"BreadcrumbList\",\"@id\":\"https:\/\/antersystem.com\/es\/noticias\/gold-medal-smart-gate\/#breadcrumb\",\"itemListElement\":[{\"@type\":\"ListItem\",\"position\":1,\"name\":\"AnterSystem\",\"item\":\"https:\/\/antersystem.com\/es\/\"},{\"@type\":\"ListItem\",\"position\":2,\"name\":\"Noticias\",\"item\":\"https:\/\/antersystem.com\/es\/noticias\/\"},{\"@type\":\"ListItem\",\"position\":3,\"name\":\"Medalla de Oro para Smart Gate\"}]},{\"@type\":\"WebSite\",\"@id\":\"https:\/\/antersystem.com\/es\/#website\",\"url\":\"https:\/\/antersystem.com\/es\/\",\"name\":\"Anter System\",\"description\":\"Jeste\u015bmy polskim producentem elastycznych barier ochronnych wykonywanych z polimerowych tworzyw sztucznych. Na rynku krajowym i zagranicznym dzia\u0142amy od ponad 15 lat dbaj\u0105c o zapewnienie bezpiecze\u0144stwa w zak\u0142adach produkcyjnych, magazynach oraz centrach logistycznych.\",\"potentialAction\":[{\"@type\":\"SearchAction\",\"target\":{\"@type\":\"EntryPoint\",\"urlTemplate\":\"https:\/\/antersystem.com\/es\/?s={search_term_string}\"},\"query-input\":{\"@type\":\"PropertyValueSpecification\",\"valueRequired\":true,\"valueName\":\"search_term_string\"}}],\"inLanguage\":\"es\"}]}<\/script>\n<!-- \/ Yoast SEO plugin. -->","yoast_head_json":{"title":"Medalla de Oro para Smart Gate - Anter System","description":"El producto inteligente SMART GATE recibi\u00f3 la prestigiosa Medalla de Oro en la Feria Modernlog 2025.","robots":{"index":"index","follow":"follow","max-snippet":"max-snippet:-1","max-image-preview":"max-image-preview:large","max-video-preview":"max-video-preview:-1"},"canonical":"https:\/\/antersystem.com\/es\/noticias\/gold-medal-smart-gate\/","og_locale":"es_ES","og_type":"article","og_title":"Medalla de Oro para Smart Gate - Anter System","og_description":"El producto inteligente SMART GATE recibi\u00f3 la prestigiosa Medalla de Oro en la Feria Modernlog 2025.","og_url":"https:\/\/antersystem.com\/es\/noticias\/gold-medal-smart-gate\/","og_site_name":"Anter System","article_modified_time":"2026-04-16T09:29:51+00:00","og_image":[{"width":1024,"height":768,"url":"https:\/\/antersystem.com\/wp-content\/uploads\/gate-protector-medal-1.png","type":"image\/png"}],"twitter_card":"summary_large_image","twitter_misc":{"Tiempo de lectura":"3 minutos"},"schema":{"@context":"https:\/\/schema.org","@graph":[{"@type":"WebPage","@id":"https:\/\/antersystem.com\/es\/noticias\/gold-medal-smart-gate\/","url":"https:\/\/antersystem.com\/es\/noticias\/gold-medal-smart-gate\/","name":"Medalla de Oro para Smart Gate - Anter System","isPartOf":{"@id":"https:\/\/antersystem.com\/es\/#website"},"primaryImageOfPage":{"@id":"https:\/\/antersystem.com\/es\/noticias\/gold-medal-smart-gate\/#primaryimage"},"image":{"@id":"https:\/\/antersystem.com\/es\/noticias\/gold-medal-smart-gate\/#primaryimage"},"thumbnailUrl":"https:\/\/antersystem.com\/wp-content\/uploads\/gate-protector-medal-1.png","datePublished":"2025-06-04T14:04:00+00:00","dateModified":"2026-04-16T09:29:51+00:00","description":"El producto inteligente SMART GATE recibi\u00f3 la prestigiosa Medalla de Oro en la Feria Modernlog 2025.","breadcrumb":{"@id":"https:\/\/antersystem.com\/es\/noticias\/gold-medal-smart-gate\/#breadcrumb"},"inLanguage":"es","potentialAction":[{"@type":"ReadAction","target":["https:\/\/antersystem.com\/es\/noticias\/gold-medal-smart-gate\/"]}]},{"@type":"ImageObject","inLanguage":"es","@id":"https:\/\/antersystem.com\/es\/noticias\/gold-medal-smart-gate\/#primaryimage","url":"https:\/\/antersystem.com\/wp-content\/uploads\/gate-protector-medal-1.png","contentUrl":"https:\/\/antersystem.com\/wp-content\/uploads\/gate-protector-medal-1.png","width":1024,"height":768},{"@type":"BreadcrumbList","@id":"https:\/\/antersystem.com\/es\/noticias\/gold-medal-smart-gate\/#breadcrumb","itemListElement":[{"@type":"ListItem","position":1,"name":"AnterSystem","item":"https:\/\/antersystem.com\/es\/"},{"@type":"ListItem","position":2,"name":"Noticias","item":"https:\/\/antersystem.com\/es\/noticias\/"},{"@type":"ListItem","position":3,"name":"Medalla de Oro para Smart Gate"}]},{"@type":"WebSite","@id":"https:\/\/antersystem.com\/es\/#website","url":"https:\/\/antersystem.com\/es\/","name":"Anter System","description":"Jeste\u015bmy polskim producentem elastycznych barier ochronnych wykonywanych z polimerowych tworzyw sztucznych. Na rynku krajowym i zagranicznym dzia\u0142amy od ponad 15 lat dbaj\u0105c o zapewnienie bezpiecze\u0144stwa w zak\u0142adach produkcyjnych, magazynach oraz centrach logistycznych.","potentialAction":[{"@type":"SearchAction","target":{"@type":"EntryPoint","urlTemplate":"https:\/\/antersystem.com\/es\/?s={search_term_string}"},"query-input":{"@type":"PropertyValueSpecification","valueRequired":true,"valueName":"search_term_string"}}],"inLanguage":"es"}]}},"_links":{"self":[{"href":"https:\/\/antersystem.com\/es\/wp-json\/wp\/v2\/pages\/13157","targetHints":{"allow":["GET"]}}],"collection":[{"href":"https:\/\/antersystem.com\/es\/wp-json\/wp\/v2\/pages"}],"about":[{"href":"https:\/\/antersystem.com\/es\/wp-json\/wp\/v2\/types\/page"}],"author":[{"embeddable":true,"href":"https:\/\/antersystem.com\/es\/wp-json\/wp\/v2\/users\/11"}],"replies":[{"embeddable":true,"href":"https:\/\/antersystem.com\/es\/wp-json\/wp\/v2\/comments?post=13157"}],"version-history":[{"count":1,"href":"https:\/\/antersystem.com\/es\/wp-json\/wp\/v2\/pages\/13157\/revisions"}],"predecessor-version":[{"id":13162,"href":"https:\/\/antersystem.com\/es\/wp-json\/wp\/v2\/pages\/13157\/revisions\/13162"}],"up":[{"embeddable":true,"href":"https:\/\/antersystem.com\/es\/wp-json\/wp\/v2\/pages\/30348"}],"wp:featuredmedia":[{"embeddable":true,"href":"https:\/\/antersystem.com\/es\/wp-json\/wp\/v2\/media\/13160"}],"wp:attachment":[{"href":"https:\/\/antersystem.com\/es\/wp-json\/wp\/v2\/media?parent=13157"}],"curies":[{"name":"wp","href":"https:\/\/api.w.org\/{rel}","templated":true}]}}