{"id":13170,"date":"2024-04-24T15:59:43","date_gmt":"2024-04-24T13:59:43","guid":{"rendered":"https:\/\/new.antersystem.com\/hygiene-standards\/"},"modified":"2026-01-30T14:29:51","modified_gmt":"2026-01-30T13:29:51","slug":"hygiene-standards","status":"publish","type":"page","link":"https:\/\/antersystem.com\/es\/noticias\/hygiene-standards\/","title":{"rendered":"Normas de higiene"},"content":{"rendered":"\n<div class=\"wp-block-columns is-layout-flex wp-container-core-columns-is-layout-9d6595d7 wp-block-columns-is-layout-flex\">\n<div class=\"wp-block-column is-layout-flow wp-block-column-is-layout-flow\" style=\"flex-basis:10%\"><\/div>\n\n\n\n<div class=\"wp-block-column is-layout-flow wp-block-column-is-layout-flow\">\n<h2 class=\"wp-block-heading\">Normas de Higiene y Adaptaci\u00f3n de Barreras Flexibles a Diferentes Entornos de Trabajo<\/h2>\n\n\n\n<p>Los sistemas de protecci\u00f3n laboral deben adaptarse a las condiciones ambientales espec\u00edficas en las que operan. Cuando se trata de nuestras <strong>barreras de pol\u00edmero<\/strong> flexible, a menudo ver\u00e1s la frase \u00abcumple los requisitos sanitarios\u00bb, pero \u00bfqu\u00e9 significa eso realmente en la pr\u00e1ctica?<\/p>\n\n\n\n<h3 class=\"wp-block-heading\">\u00bfQu\u00e9 determina si una barrera de seguridad cumple las normas de higiene?<\/h3>\n\n\n\n<p>Cuando hablamos de normas sanitarias, la mayor\u00eda de las veces nos referimos a los entornos de producci\u00f3n de las <strong>industrias alimentaria y farmac\u00e9utica<\/strong>. Se tienen en cuenta una serie de factores para garantizar tanto la higiene como la seguridad, no s\u00f3lo de los trabajadores, sino tambi\u00e9n de los productos que se manipulan. A continuaci\u00f3n se indican los aspectos clave que definen la seguridad higi\u00e9nica de las barreras protectoras:  <\/p>\n\n<p><strong>Facilidad de limpieza:<\/strong> Las barreras de seguridad deben ser f\u00e1ciles de limpiar y desinfectar, con superficies lisas y no porosas que no acumulen suciedad ni bacterias.<\/p>\n<p><strong>Cumplimiento de la seguridad alimentaria:<\/strong> En las instalaciones donde las barreras se instalan cerca de zonas de elaboraci\u00f3n de alimentos, deben cumplir la normativa de seguridad alimentaria, como <strong>el APPCC<\/strong> y otras normas sanitarias locales. Los materiales deben ser no t\u00f3xicos, resistentes a la corrosi\u00f3n y certificados para su uso en entornos higi\u00e9nicos. <\/p>\n<p><strong>Resistencia qu\u00edmica:<\/strong> Las barreras deben resistir el uso de agentes de limpieza y desinfectantes fuertes, utilizados habitualmente en el mantenimiento de la higiene industrial.<\/p>\n<p><strong>Resistencia ambiental:<\/strong> La humedad elevada, los cambios r\u00e1pidos de temperatura o los ambientes helados no deben afectar a la integridad estructural ni al rendimiento de las barreras.<\/p>\n<p><strong>Certificaci\u00f3n y conformidad:<\/strong> Dependiendo del sector, las barreras de seguridad flexibles deben someterse a certificaci\u00f3n y pruebas para confirmar el cumplimiento de las normas de higiene internacionales y nacionales pertinentes.<\/p>\n\n\n\n<h3 class=\"wp-block-heading\"><strong>Normas aceptadas para barreras protectoras en entornos higi\u00e9nicos<\/strong><\/h3>\n\n\n\n<p>Las barreras de seguridad utilizadas en entornos donde se procesan alimentos deben cumplir una serie de normas para garantizar la protecci\u00f3n contra la contaminaci\u00f3n y los riesgos para la salud. A continuaci\u00f3n se exponen los marcos m\u00e1s importantes que regulan dicho cumplimiento: <\/p>\n\n\n\n<p><strong>APPCC (An\u00e1lisis de Peligros y Puntos Cr\u00edticos de Control)<\/strong>: sistema de gesti\u00f3n que identifica y controla los peligros potenciales en todo el proceso de producci\u00f3n de alimentos. Las barreras flexibles utilizadas en estas instalaciones deben ajustarse a los principios APPCC, garantizando que su instalaci\u00f3n y materiales no introducen riesgos de contaminaci\u00f3n y que contribuyen al mantenimiento de unas condiciones higi\u00e9nicas controladas.<\/p>\n\n\n\n<p><strong>FDA (Administraci\u00f3n de Alimentos y Medicamentos)<\/strong>: para las aplicaciones en Estados Unidos, las barreras deben cumplir la normativa de la FDA sobre seguridad e higiene alimentarias. Esto significa utilizar materiales no t\u00f3xicos, no contaminantes y seguros para el contacto indirecto con los alimentos, de acuerdo con las normas federales de la industria alimentaria. <\/p>\n\n\n\n<p><strong>ISO 22000<\/strong>: esta norma internacional define los requisitos de los sistemas de gesti\u00f3n de la seguridad alimentaria, garantizando que todos los equipos y componentes utilizados en las instalaciones de producci\u00f3n y log\u00edstica contribuyan a unas pr\u00e1cticas seguras de manipulaci\u00f3n de los alimentos.<\/p>\n\n\n\n<p><strong>Certificaciones espec\u00edficas del sector:<\/strong> Seg\u00fan el tipo de producci\u00f3n, pueden aplicarse certificaciones adicionales: por ejemplo, la certificaci\u00f3n <strong>ecol\u00f3gica del USDA<\/strong> para las instalaciones que producen alimentos ecol\u00f3gicos, u otras homologaciones locales espec\u00edficas del sector.<\/p>\n\n\n\n<p><strong>Normativa local y nacional:<\/strong> Cada pa\u00eds tiene su propia normativa sanitaria y epidemiol\u00f3gica que define los requisitos de higiene en los entornos de producci\u00f3n y transformaci\u00f3n de alimentos. Las barreras deben cumplir estas normativas locales para estar legalmente aprobadas para su uso en dichas instalaciones. <\/p>\n\n\n\n<p>Todos estos factores son cruciales para mantener las normas sanitarias m\u00e1s estrictas en las instalaciones de producci\u00f3n -ya sea en la industria alimentaria, farmac\u00e9utica o qu\u00edmica-, minimizando el riesgo de contaminaci\u00f3n y protegiendo la salud de los consumidores.<\/p>\n\n\n\n<p><a href=\"https:\/\/antersystem.com\/nasze-systemy\/\">Las barreras flexibles Anter System<\/a> est\u00e1n dise\u00f1adas y fabricadas para cumplir las normas m\u00e1s estrictas de higiene y seguridad alimentaria, en total conformidad con los requisitos <strong>del APPCC, la FDA y la norma ISO 22000<\/strong>. Su calidad y seguridad se verifican adem\u00e1s con <strong>la certificaci\u00f3n T\u00dcV Rheinland<\/strong>.<\/p>\n\n\n<div class=\"wp-block-image\">\n<figure class=\"aligncenter size-large is-resized\"><a href=\"https:\/\/antersystem.com\/nasze-systemy\/\"><img loading=\"lazy\" decoding=\"async\" width=\"768\" height=\"1024\" src=\"https:\/\/antersystem.com\/wp-content\/uploads\/mroznia-768x1024.webp\" alt=\"Barreras de seguridad flexibles en entornos higi&#xE9;nicos\" class=\"wp-image-4652\" style=\"width:462px;height:auto\" srcset=\"https:\/\/antersystem.com\/wp-content\/uploads\/mroznia-768x1024.webp 768w, https:\/\/antersystem.com\/wp-content\/uploads\/mroznia-225x300.webp 225w, https:\/\/antersystem.com\/wp-content\/uploads\/mroznia-450x600.webp 450w, https:\/\/antersystem.com\/wp-content\/uploads\/mroznia-330x440.webp 330w, https:\/\/antersystem.com\/wp-content\/uploads\/mroznia.webp 900w\" sizes=\"auto, (max-width: 768px) 100vw, 768px\" \/><\/a><\/figure><\/div><\/div>\n\n\n\n<div class=\"wp-block-column is-layout-flow wp-block-column-is-layout-flow\" style=\"flex-basis:10%\"><\/div>\n<\/div>\n","protected":false},"excerpt":{"rendered":"<p>Normas de Higiene y Adaptaci\u00f3n de Barreras Flexibles a Diferentes Entornos de Trabajo Los sistemas de protecci\u00f3n laboral deben adaptarse a las condiciones ambientales espec\u00edficas en las que operan. Cuando se trata de nuestras barreras de pol\u00edmero flexible, a menudo ver\u00e1s la frase \u00abcumple los requisitos sanitarios\u00bb, pero \u00bfqu\u00e9 significa eso realmente en la pr\u00e1ctica? [&hellip;]<\/p>\n","protected":false},"author":1,"featured_media":0,"parent":30348,"menu_order":0,"comment_status":"closed","ping_status":"closed","template":"","meta":{"inline_featured_image":false,"ngg_post_thumbnail":0,"footnotes":""},"class_list":["post-13170","page","type-page","status-publish","hentry"],"acf":[],"yoast_head":"<!-- This site is optimized with the Yoast SEO plugin v27.0 - https:\/\/yoast.com\/product\/yoast-seo-wordpress\/ -->\n<title>Normas de higiene - Anter System<\/title>\n<meta name=\"description\" content=\"Las soluciones de seguridad laboral dependen de las condiciones espec\u00edficas del entorno. En el caso de nuestras barreras flexibles, esto incluye tambi\u00e9n las normas de higiene.\" \/>\n<meta name=\"robots\" content=\"index, follow, max-snippet:-1, max-image-preview:large, max-video-preview:-1\" \/>\n<link rel=\"canonical\" href=\"https:\/\/antersystem.com\/es\/noticias\/hygiene-standards\/\" \/>\n<meta property=\"og:locale\" content=\"es_ES\" \/>\n<meta property=\"og:type\" content=\"article\" \/>\n<meta property=\"og:title\" content=\"Normas de higiene - Anter System\" \/>\n<meta property=\"og:description\" content=\"Las soluciones de seguridad laboral dependen de las condiciones espec\u00edficas del entorno. En el caso de nuestras barreras flexibles, esto incluye tambi\u00e9n las normas de higiene.\" \/>\n<meta property=\"og:url\" content=\"https:\/\/antersystem.com\/es\/noticias\/hygiene-standards\/\" \/>\n<meta property=\"og:site_name\" content=\"Anter System\" \/>\n<meta property=\"article:modified_time\" content=\"2026-01-30T13:29:51+00:00\" \/>\n<meta property=\"og:image\" content=\"https:\/\/antersystem.com\/wp-content\/uploads\/mroznia-768x1024.webp\" \/>\n<meta name=\"twitter:card\" content=\"summary_large_image\" \/>\n<meta name=\"twitter:label1\" content=\"Tiempo de lectura\" \/>\n\t<meta name=\"twitter:data1\" content=\"4 minutos\" \/>\n<script type=\"application\/ld+json\" class=\"yoast-schema-graph\">{\"@context\":\"https:\/\/schema.org\",\"@graph\":[{\"@type\":\"WebPage\",\"@id\":\"https:\/\/antersystem.com\/es\/noticias\/hygiene-standards\/\",\"url\":\"https:\/\/antersystem.com\/es\/noticias\/hygiene-standards\/\",\"name\":\"Normas de higiene - Anter System\",\"isPartOf\":{\"@id\":\"https:\/\/antersystem.com\/es\/#website\"},\"primaryImageOfPage\":{\"@id\":\"https:\/\/antersystem.com\/es\/noticias\/hygiene-standards\/#primaryimage\"},\"image\":{\"@id\":\"https:\/\/antersystem.com\/es\/noticias\/hygiene-standards\/#primaryimage\"},\"thumbnailUrl\":\"https:\/\/antersystem.com\/wp-content\/uploads\/mroznia-768x1024.webp\",\"datePublished\":\"2024-04-24T13:59:43+00:00\",\"dateModified\":\"2026-01-30T13:29:51+00:00\",\"description\":\"Las soluciones de seguridad laboral dependen de las condiciones espec\u00edficas del entorno. En el caso de nuestras barreras flexibles, esto incluye tambi\u00e9n las normas de higiene.\",\"breadcrumb\":{\"@id\":\"https:\/\/antersystem.com\/es\/noticias\/hygiene-standards\/#breadcrumb\"},\"inLanguage\":\"es\",\"potentialAction\":[{\"@type\":\"ReadAction\",\"target\":[\"https:\/\/antersystem.com\/es\/noticias\/hygiene-standards\/\"]}]},{\"@type\":\"ImageObject\",\"inLanguage\":\"es\",\"@id\":\"https:\/\/antersystem.com\/es\/noticias\/hygiene-standards\/#primaryimage\",\"url\":\"https:\/\/antersystem.com\/wp-content\/uploads\/mroznia-768x1024.webp\",\"contentUrl\":\"https:\/\/antersystem.com\/wp-content\/uploads\/mroznia-768x1024.webp\"},{\"@type\":\"BreadcrumbList\",\"@id\":\"https:\/\/antersystem.com\/es\/noticias\/hygiene-standards\/#breadcrumb\",\"itemListElement\":[{\"@type\":\"ListItem\",\"position\":1,\"name\":\"AnterSystem\",\"item\":\"https:\/\/antersystem.com\/es\/\"},{\"@type\":\"ListItem\",\"position\":2,\"name\":\"Noticias\",\"item\":\"https:\/\/antersystem.com\/es\/noticias\/\"},{\"@type\":\"ListItem\",\"position\":3,\"name\":\"Normas de higiene\"}]},{\"@type\":\"WebSite\",\"@id\":\"https:\/\/antersystem.com\/es\/#website\",\"url\":\"https:\/\/antersystem.com\/es\/\",\"name\":\"Anter System\",\"description\":\"Jeste\u015bmy polskim producentem elastycznych barier ochronnych wykonywanych z polimerowych tworzyw sztucznych. Na rynku krajowym i zagranicznym dzia\u0142amy od ponad 15 lat dbaj\u0105c o zapewnienie bezpiecze\u0144stwa w zak\u0142adach produkcyjnych, magazynach oraz centrach logistycznych.\",\"potentialAction\":[{\"@type\":\"SearchAction\",\"target\":{\"@type\":\"EntryPoint\",\"urlTemplate\":\"https:\/\/antersystem.com\/es\/?s={search_term_string}\"},\"query-input\":{\"@type\":\"PropertyValueSpecification\",\"valueRequired\":true,\"valueName\":\"search_term_string\"}}],\"inLanguage\":\"es\"}]}<\/script>\n<!-- \/ Yoast SEO plugin. -->","yoast_head_json":{"title":"Normas de higiene - Anter System","description":"Las soluciones de seguridad laboral dependen de las condiciones espec\u00edficas del entorno. En el caso de nuestras barreras flexibles, esto incluye tambi\u00e9n las normas de higiene.","robots":{"index":"index","follow":"follow","max-snippet":"max-snippet:-1","max-image-preview":"max-image-preview:large","max-video-preview":"max-video-preview:-1"},"canonical":"https:\/\/antersystem.com\/es\/noticias\/hygiene-standards\/","og_locale":"es_ES","og_type":"article","og_title":"Normas de higiene - Anter System","og_description":"Las soluciones de seguridad laboral dependen de las condiciones espec\u00edficas del entorno. En el caso de nuestras barreras flexibles, esto incluye tambi\u00e9n las normas de higiene.","og_url":"https:\/\/antersystem.com\/es\/noticias\/hygiene-standards\/","og_site_name":"Anter System","article_modified_time":"2026-01-30T13:29:51+00:00","og_image":[{"url":"https:\/\/antersystem.com\/wp-content\/uploads\/mroznia-768x1024.webp","type":"","width":"","height":""}],"twitter_card":"summary_large_image","twitter_misc":{"Tiempo de lectura":"4 minutos"},"schema":{"@context":"https:\/\/schema.org","@graph":[{"@type":"WebPage","@id":"https:\/\/antersystem.com\/es\/noticias\/hygiene-standards\/","url":"https:\/\/antersystem.com\/es\/noticias\/hygiene-standards\/","name":"Normas de higiene - Anter System","isPartOf":{"@id":"https:\/\/antersystem.com\/es\/#website"},"primaryImageOfPage":{"@id":"https:\/\/antersystem.com\/es\/noticias\/hygiene-standards\/#primaryimage"},"image":{"@id":"https:\/\/antersystem.com\/es\/noticias\/hygiene-standards\/#primaryimage"},"thumbnailUrl":"https:\/\/antersystem.com\/wp-content\/uploads\/mroznia-768x1024.webp","datePublished":"2024-04-24T13:59:43+00:00","dateModified":"2026-01-30T13:29:51+00:00","description":"Las soluciones de seguridad laboral dependen de las condiciones espec\u00edficas del entorno. En el caso de nuestras barreras flexibles, esto incluye tambi\u00e9n las normas de higiene.","breadcrumb":{"@id":"https:\/\/antersystem.com\/es\/noticias\/hygiene-standards\/#breadcrumb"},"inLanguage":"es","potentialAction":[{"@type":"ReadAction","target":["https:\/\/antersystem.com\/es\/noticias\/hygiene-standards\/"]}]},{"@type":"ImageObject","inLanguage":"es","@id":"https:\/\/antersystem.com\/es\/noticias\/hygiene-standards\/#primaryimage","url":"https:\/\/antersystem.com\/wp-content\/uploads\/mroznia-768x1024.webp","contentUrl":"https:\/\/antersystem.com\/wp-content\/uploads\/mroznia-768x1024.webp"},{"@type":"BreadcrumbList","@id":"https:\/\/antersystem.com\/es\/noticias\/hygiene-standards\/#breadcrumb","itemListElement":[{"@type":"ListItem","position":1,"name":"AnterSystem","item":"https:\/\/antersystem.com\/es\/"},{"@type":"ListItem","position":2,"name":"Noticias","item":"https:\/\/antersystem.com\/es\/noticias\/"},{"@type":"ListItem","position":3,"name":"Normas de higiene"}]},{"@type":"WebSite","@id":"https:\/\/antersystem.com\/es\/#website","url":"https:\/\/antersystem.com\/es\/","name":"Anter System","description":"Jeste\u015bmy polskim producentem elastycznych barier ochronnych wykonywanych z polimerowych tworzyw sztucznych. Na rynku krajowym i zagranicznym dzia\u0142amy od ponad 15 lat dbaj\u0105c o zapewnienie bezpiecze\u0144stwa w zak\u0142adach produkcyjnych, magazynach oraz centrach logistycznych.","potentialAction":[{"@type":"SearchAction","target":{"@type":"EntryPoint","urlTemplate":"https:\/\/antersystem.com\/es\/?s={search_term_string}"},"query-input":{"@type":"PropertyValueSpecification","valueRequired":true,"valueName":"search_term_string"}}],"inLanguage":"es"}]}},"_links":{"self":[{"href":"https:\/\/antersystem.com\/es\/wp-json\/wp\/v2\/pages\/13170","targetHints":{"allow":["GET"]}}],"collection":[{"href":"https:\/\/antersystem.com\/es\/wp-json\/wp\/v2\/pages"}],"about":[{"href":"https:\/\/antersystem.com\/es\/wp-json\/wp\/v2\/types\/page"}],"author":[{"embeddable":true,"href":"https:\/\/antersystem.com\/es\/wp-json\/wp\/v2\/users\/1"}],"replies":[{"embeddable":true,"href":"https:\/\/antersystem.com\/es\/wp-json\/wp\/v2\/comments?post=13170"}],"version-history":[{"count":1,"href":"https:\/\/antersystem.com\/es\/wp-json\/wp\/v2\/pages\/13170\/revisions"}],"predecessor-version":[{"id":13177,"href":"https:\/\/antersystem.com\/es\/wp-json\/wp\/v2\/pages\/13170\/revisions\/13177"}],"up":[{"embeddable":true,"href":"https:\/\/antersystem.com\/es\/wp-json\/wp\/v2\/pages\/30348"}],"wp:attachment":[{"href":"https:\/\/antersystem.com\/es\/wp-json\/wp\/v2\/media?parent=13170"}],"curies":[{"name":"wp","href":"https:\/\/api.w.org\/{rel}","templated":true}]}}