{"id":13297,"date":"2024-04-12T12:31:12","date_gmt":"2024-04-12T10:31:12","guid":{"rendered":"https:\/\/new.antersystem.com\/gold-medal-traffic-dock-gate\/"},"modified":"2026-01-30T14:29:51","modified_gmt":"2026-01-30T13:29:51","slug":"gold-medal-traffic-dock-gate","status":"publish","type":"page","link":"https:\/\/antersystem.com\/es\/noticias\/gold-medal-traffic-dock-gate\/","title":{"rendered":"Medalla de Oro para la compuerta Traffic Dock Gate"},"content":{"rendered":"\n<div class=\"wp-block-columns is-layout-flex wp-container-core-columns-is-layout-9d6595d7 wp-block-columns-is-layout-flex\">\n<div class=\"wp-block-column is-layout-flow wp-block-column-is-layout-flow\" style=\"flex-basis:10%\"><\/div>\n\n\n\n<div class=\"wp-block-column is-layout-flow wp-block-column-is-layout-flow\">\n<h3 class=\"wp-block-heading\">Medalla de Oro a la Puerta Autom\u00e1tica para Muelles de Tr\u00e1fico<\/h3>\n\n\n\n<p>La <strong>Medalla de Oro<\/strong> es un prestigioso galard\u00f3n que se concede en las ferias del sector, incluida <strong>la Feria SAWO<\/strong>. Reconoce la <strong>innovaci\u00f3n, la calidad y el valor de los productos<\/strong> y servicios presentados durante el evento. El concurso Medalla de Oro ofrece a los expositores una oportunidad \u00fanica de mostrar sus \u00faltimas soluciones y obtener el reconocimiento de clientes y socios comerciales.  <\/p>\n\n\n\n<p>Uno de los ganadores de la Medalla de Oro de este a\u00f1o es nuestro <strong><a href=\"https:\/\/antersystem.com\/es\/productos\/traffic-dock-gate\/bramka-dock-gate-3-2\/\">Compuerta Autom\u00e1tica para Muelles de Tr\u00e1fico R2<\/a><\/strong>. Esta innovadora soluci\u00f3n garantiza una manipulaci\u00f3n segura y eficaz de la carga en \u00e1reas de muelles de carga, zonas de almacenamiento y almacenes. La compuerta dispone de funciones de automatizaci\u00f3n avanzadas, que permiten operaciones de carga y descarga r\u00e1pidas y fluidas en condiciones de trabajo seguras. Su dise\u00f1o progresista y su aplicaci\u00f3n pr\u00e1ctica fueron factores clave que contribuyeron a la distinci\u00f3n con la Medalla de Oro en la feria SAWO.<\/p>\n\n\n\n<figure class=\"wp-block-gallery has-nested-images columns-default is-cropped wp-block-gallery-1 is-layout-flex wp-block-gallery-is-layout-flex\">\n<figure class=\"wp-block-image size-large\"><img loading=\"lazy\" decoding=\"async\" width=\"720\" height=\"480\" data-id=\"4584\" src=\"https:\/\/antersystem.com\/wp-content\/uploads\/2024_SAWO-Anter-System.webp\" alt=\"foto del prestigioso premio Medalla de Oro concedido en la feria SAWO\" class=\"wp-image-4584\" srcset=\"https:\/\/antersystem.com\/wp-content\/uploads\/2024_SAWO-Anter-System.webp 720w, https:\/\/antersystem.com\/wp-content\/uploads\/2024_SAWO-Anter-System-300x200.webp 300w, https:\/\/antersystem.com\/wp-content\/uploads\/2024_SAWO-Anter-System-450x300.webp 450w, https:\/\/antersystem.com\/wp-content\/uploads\/2024_SAWO-Anter-System-330x220.webp 330w\" sizes=\"auto, (max-width: 720px) 100vw, 720px\" \/><\/figure>\n\n\n<figure class=\"wp-block-image size-large\"><img loading=\"lazy\" decoding=\"async\" width=\"720\" height=\"480\" data-id=\"4585\" src=\"https:\/\/antersystem.com\/wp-content\/uploads\/2024-SAWO-Anter-System.webp\" alt=\"Foto del Director General de Anter System recibiendo la Medalla de Oro en la feria SAWO\" class=\"wp-image-4585\" srcset=\"https:\/\/antersystem.com\/wp-content\/uploads\/2024-SAWO-Anter-System.webp 720w, https:\/\/antersystem.com\/wp-content\/uploads\/2024-SAWO-Anter-System-300x200.webp 300w, https:\/\/antersystem.com\/wp-content\/uploads\/2024-SAWO-Anter-System-450x300.webp 450w, https:\/\/antersystem.com\/wp-content\/uploads\/2024-SAWO-Anter-System-330x220.webp 330w\" sizes=\"auto, (max-width: 720px) 100vw, 720px\" \/><\/figure><\/figure>\n\n\n\n<p>El <strong>TRAFFIC DOCK GATE R2<\/strong> ha sido dise\u00f1ado para <strong>proteger las puertas de los muelles de carga y descarga<\/strong>, sirviendo de barrera fiable contra el movimiento incontrolado de veh\u00edculos. Es muy <strong>resistente a los impactos<\/strong>, especialmente al contacto con carretillas elevadoras. El material polim\u00e9rico flexible permite que los perfiles de la barrera se doblen, absorban la energ\u00eda del impacto y vuelvan a su forma original. Esto no s\u00f3lo <strong>minimiza el riesgo de lesiones y da\u00f1os por colisi\u00f3n<\/strong> para los trabajadores, sino que tambi\u00e9n reduce el choque experimentado por el operador de la carretilla elevadora. Adem\u00e1s, los sistemas de control del port\u00f3n pueden integrarse con la automatizaci\u00f3n de edificios existente para mejorar la eficacia y la facilidad de uso.    <\/p>\n\n\n\n<div class=\"wp-block-group is-nowrap is-layout-flex wp-container-core-group-is-layout-ad2f72ca wp-block-group-is-layout-flex\">\n<p>El port\u00f3n <strong>Traffic Dock Gate R2<\/strong> incorpora un <strong>sistema autom\u00e1tico de elevaci\u00f3n\/descenso<\/strong> y puede emitir <strong>alertas ac\u00fasticas y visuales<\/strong> para advertir del aumento del riesgo en zonas peligrosas. Una opci\u00f3n disponible es un <strong>sistema de detecci\u00f3n de veh\u00edculos<\/strong> que bloquea autom\u00e1ticamente la puerta cuando hay carretillas elevadoras o veh\u00edculos de transporte cerca. Tambi\u00e9n puede <strong>integrarse con el sistema de gesti\u00f3n de edificios (BMS<\/strong>), que abre autom\u00e1ticamente la puerta en caso de incendio, creando rutas de evacuaci\u00f3n seguras.  <\/p>\n<\/div>\n\n\n\n<p>La <strong>marca Anter<\/strong> System ofrece diversas opciones de control para el TRAFFIC DOCK GATE R2, como mando a distancia, sistemas de tarjetas de acceso, sensores de movimiento, pulsadores manuales e integraci\u00f3n con los sistemas del cliente. El material de pol\u00edmero flexible garantiza no s\u00f3lo una gran durabilidad, sino tambi\u00e9n <strong>compatibilidad modular<\/strong> con otros productos de protecci\u00f3n Anter System, como las barreras peatonales flexibles. <\/p>\n\n\n<div class=\"wp-block-image\">\n<figure class=\"aligncenter size-large is-resized\"><img loading=\"lazy\" decoding=\"async\" width=\"758\" height=\"1024\" src=\"https:\/\/antersystem.com\/wp-content\/uploads\/Zloty-medal-dla-automatycznej-bramki-Traffic-Dock-Gate-758x1024.webp\" alt=\"TRAFFIC DOCK GATE R2 galardonada con la Medalla de Oro en SAWO\" class=\"wp-image-4538\" style=\"width:414px;height:auto\" srcset=\"https:\/\/antersystem.com\/wp-content\/uploads\/Zloty-medal-dla-automatycznej-bramki-Traffic-Dock-Gate-758x1024.webp 758w, https:\/\/antersystem.com\/wp-content\/uploads\/Zloty-medal-dla-automatycznej-bramki-Traffic-Dock-Gate-222x300.webp 222w, https:\/\/antersystem.com\/wp-content\/uploads\/Zloty-medal-dla-automatycznej-bramki-Traffic-Dock-Gate-768x1037.webp 768w, https:\/\/antersystem.com\/wp-content\/uploads\/Zloty-medal-dla-automatycznej-bramki-Traffic-Dock-Gate-1137x1536.webp 1137w, https:\/\/antersystem.com\/wp-content\/uploads\/Zloty-medal-dla-automatycznej-bramki-Traffic-Dock-Gate-450x608.webp 450w, https:\/\/antersystem.com\/wp-content\/uploads\/Zloty-medal-dla-automatycznej-bramki-Traffic-Dock-Gate-330x446.webp 330w, https:\/\/antersystem.com\/wp-content\/uploads\/Zloty-medal-dla-automatycznej-bramki-Traffic-Dock-Gate.webp 1164w\" sizes=\"auto, (max-width: 758px) 100vw, 758px\" \/><\/figure><\/div><\/div>\n\n\n\n<div class=\"wp-block-column is-layout-flow wp-block-column-is-layout-flow\" style=\"flex-basis:10%\"><\/div>\n<\/div>\n","protected":false},"excerpt":{"rendered":"<p>Medalla de Oro a la Puerta Autom\u00e1tica para Muelles de Tr\u00e1fico La Medalla de Oro es un prestigioso galard\u00f3n que se concede en las ferias del sector, incluida la Feria SAWO. Reconoce la innovaci\u00f3n, la calidad y el valor de los productos y servicios presentados durante el evento. El concurso Medalla de Oro ofrece a [&hellip;]<\/p>\n","protected":false},"author":1,"featured_media":0,"parent":30348,"menu_order":0,"comment_status":"closed","ping_status":"closed","template":"","meta":{"inline_featured_image":false,"ngg_post_thumbnail":0,"footnotes":""},"class_list":["post-13297","page","type-page","status-publish","hentry"],"acf":[],"yoast_head":"<!-- This site is optimized with the Yoast SEO plugin v27.0 - https:\/\/yoast.com\/product\/yoast-seo-wordpress\/ -->\n<title>Medalla de Oro para la compuerta Traffic Dock Gate - Anter System<\/title>\n<meta name=\"description\" content=\"Medalla de Oro a la Puerta Autom\u00e1tica para Muelles de Tr\u00e1fico La Medalla de Oro es un prestigioso galard\u00f3n que se concede en las ferias del sector,\" \/>\n<meta name=\"robots\" content=\"index, follow, max-snippet:-1, max-image-preview:large, max-video-preview:-1\" \/>\n<link rel=\"canonical\" href=\"https:\/\/antersystem.com\/es\/noticias\/gold-medal-traffic-dock-gate\/\" \/>\n<meta property=\"og:locale\" content=\"es_ES\" \/>\n<meta property=\"og:type\" content=\"article\" \/>\n<meta property=\"og:title\" content=\"Medalla de Oro para la compuerta Traffic Dock Gate - Anter System\" \/>\n<meta property=\"og:description\" content=\"Medalla de Oro a la Puerta Autom\u00e1tica para Muelles de Tr\u00e1fico La Medalla de Oro es un prestigioso galard\u00f3n que se concede en las ferias del sector,\" \/>\n<meta property=\"og:url\" content=\"https:\/\/antersystem.com\/es\/noticias\/gold-medal-traffic-dock-gate\/\" \/>\n<meta property=\"og:site_name\" content=\"Anter System\" \/>\n<meta property=\"article:modified_time\" content=\"2026-01-30T13:29:51+00:00\" \/>\n<meta property=\"og:image\" content=\"https:\/\/antersystem.com\/wp-content\/uploads\/2024_SAWO-Anter-System.webp\" \/>\n<meta name=\"twitter:card\" content=\"summary_large_image\" \/>\n<meta name=\"twitter:label1\" content=\"Tiempo de lectura\" \/>\n\t<meta name=\"twitter:data1\" content=\"2 minutos\" \/>\n<script type=\"application\/ld+json\" class=\"yoast-schema-graph\">{\"@context\":\"https:\/\/schema.org\",\"@graph\":[{\"@type\":\"WebPage\",\"@id\":\"https:\/\/antersystem.com\/es\/noticias\/gold-medal-traffic-dock-gate\/\",\"url\":\"https:\/\/antersystem.com\/es\/noticias\/gold-medal-traffic-dock-gate\/\",\"name\":\"Medalla de Oro para la compuerta Traffic Dock Gate - Anter System\",\"isPartOf\":{\"@id\":\"https:\/\/antersystem.com\/es\/#website\"},\"primaryImageOfPage\":{\"@id\":\"https:\/\/antersystem.com\/es\/noticias\/gold-medal-traffic-dock-gate\/#primaryimage\"},\"image\":{\"@id\":\"https:\/\/antersystem.com\/es\/noticias\/gold-medal-traffic-dock-gate\/#primaryimage\"},\"thumbnailUrl\":\"https:\/\/antersystem.com\/wp-content\/uploads\/2024_SAWO-Anter-System.webp\",\"datePublished\":\"2024-04-12T10:31:12+00:00\",\"dateModified\":\"2026-01-30T13:29:51+00:00\",\"description\":\"Medalla de Oro a la Puerta Autom\u00e1tica para Muelles de Tr\u00e1fico La Medalla de Oro es un prestigioso galard\u00f3n que se concede en las ferias del sector,\",\"breadcrumb\":{\"@id\":\"https:\/\/antersystem.com\/es\/noticias\/gold-medal-traffic-dock-gate\/#breadcrumb\"},\"inLanguage\":\"es\",\"potentialAction\":[{\"@type\":\"ReadAction\",\"target\":[\"https:\/\/antersystem.com\/es\/noticias\/gold-medal-traffic-dock-gate\/\"]}]},{\"@type\":\"ImageObject\",\"inLanguage\":\"es\",\"@id\":\"https:\/\/antersystem.com\/es\/noticias\/gold-medal-traffic-dock-gate\/#primaryimage\",\"url\":\"https:\/\/antersystem.com\/wp-content\/uploads\/2024_SAWO-Anter-System.webp\",\"contentUrl\":\"https:\/\/antersystem.com\/wp-content\/uploads\/2024_SAWO-Anter-System.webp\"},{\"@type\":\"BreadcrumbList\",\"@id\":\"https:\/\/antersystem.com\/es\/noticias\/gold-medal-traffic-dock-gate\/#breadcrumb\",\"itemListElement\":[{\"@type\":\"ListItem\",\"position\":1,\"name\":\"AnterSystem\",\"item\":\"https:\/\/antersystem.com\/es\/\"},{\"@type\":\"ListItem\",\"position\":2,\"name\":\"Noticias\",\"item\":\"https:\/\/antersystem.com\/es\/noticias\/\"},{\"@type\":\"ListItem\",\"position\":3,\"name\":\"Medalla de Oro para la compuerta Traffic Dock Gate\"}]},{\"@type\":\"WebSite\",\"@id\":\"https:\/\/antersystem.com\/es\/#website\",\"url\":\"https:\/\/antersystem.com\/es\/\",\"name\":\"Anter System\",\"description\":\"Jeste\u015bmy polskim producentem elastycznych barier ochronnych wykonywanych z polimerowych tworzyw sztucznych. Na rynku krajowym i zagranicznym dzia\u0142amy od ponad 15 lat dbaj\u0105c o zapewnienie bezpiecze\u0144stwa w zak\u0142adach produkcyjnych, magazynach oraz centrach logistycznych.\",\"potentialAction\":[{\"@type\":\"SearchAction\",\"target\":{\"@type\":\"EntryPoint\",\"urlTemplate\":\"https:\/\/antersystem.com\/es\/?s={search_term_string}\"},\"query-input\":{\"@type\":\"PropertyValueSpecification\",\"valueRequired\":true,\"valueName\":\"search_term_string\"}}],\"inLanguage\":\"es\"}]}<\/script>\n<!-- \/ Yoast SEO plugin. -->","yoast_head_json":{"title":"Medalla de Oro para la compuerta Traffic Dock Gate - Anter System","description":"Medalla de Oro a la Puerta Autom\u00e1tica para Muelles de Tr\u00e1fico La Medalla de Oro es un prestigioso galard\u00f3n que se concede en las ferias del sector,","robots":{"index":"index","follow":"follow","max-snippet":"max-snippet:-1","max-image-preview":"max-image-preview:large","max-video-preview":"max-video-preview:-1"},"canonical":"https:\/\/antersystem.com\/es\/noticias\/gold-medal-traffic-dock-gate\/","og_locale":"es_ES","og_type":"article","og_title":"Medalla de Oro para la compuerta Traffic Dock Gate - Anter System","og_description":"Medalla de Oro a la Puerta Autom\u00e1tica para Muelles de Tr\u00e1fico La Medalla de Oro es un prestigioso galard\u00f3n que se concede en las ferias del sector,","og_url":"https:\/\/antersystem.com\/es\/noticias\/gold-medal-traffic-dock-gate\/","og_site_name":"Anter System","article_modified_time":"2026-01-30T13:29:51+00:00","og_image":[{"url":"https:\/\/antersystem.com\/wp-content\/uploads\/2024_SAWO-Anter-System.webp","type":"","width":"","height":""}],"twitter_card":"summary_large_image","twitter_misc":{"Tiempo de lectura":"2 minutos"},"schema":{"@context":"https:\/\/schema.org","@graph":[{"@type":"WebPage","@id":"https:\/\/antersystem.com\/es\/noticias\/gold-medal-traffic-dock-gate\/","url":"https:\/\/antersystem.com\/es\/noticias\/gold-medal-traffic-dock-gate\/","name":"Medalla de Oro para la compuerta Traffic Dock Gate - Anter System","isPartOf":{"@id":"https:\/\/antersystem.com\/es\/#website"},"primaryImageOfPage":{"@id":"https:\/\/antersystem.com\/es\/noticias\/gold-medal-traffic-dock-gate\/#primaryimage"},"image":{"@id":"https:\/\/antersystem.com\/es\/noticias\/gold-medal-traffic-dock-gate\/#primaryimage"},"thumbnailUrl":"https:\/\/antersystem.com\/wp-content\/uploads\/2024_SAWO-Anter-System.webp","datePublished":"2024-04-12T10:31:12+00:00","dateModified":"2026-01-30T13:29:51+00:00","description":"Medalla de Oro a la Puerta Autom\u00e1tica para Muelles de Tr\u00e1fico La Medalla de Oro es un prestigioso galard\u00f3n que se concede en las ferias del sector,","breadcrumb":{"@id":"https:\/\/antersystem.com\/es\/noticias\/gold-medal-traffic-dock-gate\/#breadcrumb"},"inLanguage":"es","potentialAction":[{"@type":"ReadAction","target":["https:\/\/antersystem.com\/es\/noticias\/gold-medal-traffic-dock-gate\/"]}]},{"@type":"ImageObject","inLanguage":"es","@id":"https:\/\/antersystem.com\/es\/noticias\/gold-medal-traffic-dock-gate\/#primaryimage","url":"https:\/\/antersystem.com\/wp-content\/uploads\/2024_SAWO-Anter-System.webp","contentUrl":"https:\/\/antersystem.com\/wp-content\/uploads\/2024_SAWO-Anter-System.webp"},{"@type":"BreadcrumbList","@id":"https:\/\/antersystem.com\/es\/noticias\/gold-medal-traffic-dock-gate\/#breadcrumb","itemListElement":[{"@type":"ListItem","position":1,"name":"AnterSystem","item":"https:\/\/antersystem.com\/es\/"},{"@type":"ListItem","position":2,"name":"Noticias","item":"https:\/\/antersystem.com\/es\/noticias\/"},{"@type":"ListItem","position":3,"name":"Medalla de Oro para la compuerta Traffic Dock Gate"}]},{"@type":"WebSite","@id":"https:\/\/antersystem.com\/es\/#website","url":"https:\/\/antersystem.com\/es\/","name":"Anter System","description":"Jeste\u015bmy polskim producentem elastycznych barier ochronnych wykonywanych z polimerowych tworzyw sztucznych. Na rynku krajowym i zagranicznym dzia\u0142amy od ponad 15 lat dbaj\u0105c o zapewnienie bezpiecze\u0144stwa w zak\u0142adach produkcyjnych, magazynach oraz centrach logistycznych.","potentialAction":[{"@type":"SearchAction","target":{"@type":"EntryPoint","urlTemplate":"https:\/\/antersystem.com\/es\/?s={search_term_string}"},"query-input":{"@type":"PropertyValueSpecification","valueRequired":true,"valueName":"search_term_string"}}],"inLanguage":"es"}]}},"_links":{"self":[{"href":"https:\/\/antersystem.com\/es\/wp-json\/wp\/v2\/pages\/13297","targetHints":{"allow":["GET"]}}],"collection":[{"href":"https:\/\/antersystem.com\/es\/wp-json\/wp\/v2\/pages"}],"about":[{"href":"https:\/\/antersystem.com\/es\/wp-json\/wp\/v2\/types\/page"}],"author":[{"embeddable":true,"href":"https:\/\/antersystem.com\/es\/wp-json\/wp\/v2\/users\/1"}],"replies":[{"embeddable":true,"href":"https:\/\/antersystem.com\/es\/wp-json\/wp\/v2\/comments?post=13297"}],"version-history":[{"count":1,"href":"https:\/\/antersystem.com\/es\/wp-json\/wp\/v2\/pages\/13297\/revisions"}],"predecessor-version":[{"id":13307,"href":"https:\/\/antersystem.com\/es\/wp-json\/wp\/v2\/pages\/13297\/revisions\/13307"}],"up":[{"embeddable":true,"href":"https:\/\/antersystem.com\/es\/wp-json\/wp\/v2\/pages\/30348"}],"wp:attachment":[{"href":"https:\/\/antersystem.com\/es\/wp-json\/wp\/v2\/media?parent=13297"}],"curies":[{"name":"wp","href":"https:\/\/api.w.org\/{rel}","templated":true}]}}