{"id":15403,"date":"2024-04-11T13:02:00","date_gmt":"2024-04-11T11:02:00","guid":{"rendered":"https:\/\/new.antersystem.com\/trailer-supports\/"},"modified":"2026-01-30T14:29:51","modified_gmt":"2026-01-30T13:29:51","slug":"trailer-supports","status":"publish","type":"page","link":"https:\/\/antersystem.com\/es\/noticias\/trailer-supports\/","title":{"rendered":"Soportes para remolques"},"content":{"rendered":"\n<div class=\"wp-block-columns is-layout-flex wp-container-core-columns-is-layout-9d6595d7 wp-block-columns-is-layout-flex\">\n<div class=\"wp-block-column is-layout-flow wp-block-column-is-layout-flow\" style=\"flex-basis:10px\"><\/div>\n\n\n\n<div class=\"wp-block-column is-layout-flow wp-block-column-is-layout-flow\">\n<h3 class=\"wp-block-heading\">\u00bfC\u00f3mo mejorar la seguridad en los muelles de carga?  <br\/>La seguridad de los remolques es la clave de la estabilidad en log\u00edstica<\/h3>\n\n\n\n<figure class=\"wp-block-embed aligncenter is-type-video is-provider-youtube wp-block-embed-youtube wp-embed-aspect-16-9 wp-has-aspect-ratio\"><div class=\"wp-block-embed__wrapper\">\n<iframe loading=\"lazy\" title=\"AnterSystem demonstration of trailer support -JST and JST. R. Products for loadnig technique.\" width=\"500\" height=\"281\" src=\"https:\/\/www.youtube.com\/embed\/rS78QAlo6eM?feature=oembed\" frameborder=\"0\" allow=\"accelerometer; autoplay; clipboard-write; encrypted-media; gyroscope; picture-in-picture; web-share\" referrerpolicy=\"strict-origin-when-cross-origin\" allowfullscreen><\/iframe>\n<\/div><\/figure>\n\n\n\n<p>En la log\u00edstica global, cada parte de la cadena de suministro desempe\u00f1a un papel vital para garantizar la eficacia y la seguridad. Sin embargo, un elemento que a menudo se pasa por alto, pero que es crucial, es el <strong>soporte de seguridad del remolque<\/strong>. Este componente sencillo pero indispensable es esencial para mantener la estabilidad y la seguridad durante las operaciones en los muelles de carga.<\/p>\n\n\n\n<p><strong>El papel clave de los soportes de seguridad para remolques<\/strong><\/p>\n\n\n\n<p><a href=\"https:\/\/antersystem.com\/kategorie_produktow\/technika-zaladunkowa\/\"><strong>Los Soportes de Seguridad para Remolques &#8211; JST (Jack Stand Trailer)<\/strong> y <strong>JST.R<\/strong><\/a> &#8211; evitan que los remolques se inclinen o se hundan bajo el peso de las carretillas elevadoras durante las operaciones de carga y descarga. Con el uso de soportes de seguridad, estos procesos pueden realizarse <strong>de forma r\u00e1pida y segura, sin necesidad de una unidad tractora<\/strong>. Los veh\u00edculos que normalmente se utilizan para otros fines pueden emplearse eficazmente cuando hay un soporte para remolques. Durante todo el proceso, <strong>la estabilidad del remolque se mantiene totalmente<\/strong>, minimizando el riesgo de da\u00f1os a veh\u00edculos, mercanc\u00edas o personas, y a veces incluso a los propios muelles. En resumen, <strong>se eliminan las posibles consecuencias de una sujeci\u00f3n incorrecta del remolque<\/strong>, protegiendo tanto a los operadores como a la empresa.<\/p>\n\n\n\n<p><strong>\u00bfQu\u00e9 define al soporte de seguridad para remolques ideal?<\/strong><\/p>\n\n\n\n<p>Los soportes de seguridad para remolques deben cumplir estrictas normas de calidad y durabilidad para garantizar unas condiciones de trabajo \u00f3ptimas. En primer lugar, deben estar hechos de materiales de alta calidad que puedan soportar condiciones meteorol\u00f3gicas extremas y cargas pesadas. Igualmente importantes son <strong>la estabilidad y la altura regulable<\/strong>, que permiten la adaptaci\u00f3n a distintos tipos de remolque y condiciones del terreno. Para garantizar la seguridad del operario, los caballetes deben incluir <strong>mecanismos de bloqueo<\/strong> que impidan el movimiento accidental durante su uso.<\/p>\n\n\n\n<p>Los soportes para remolques de Anter System est\u00e1n dise\u00f1ados para ser <strong>f\u00e1ciles de usar<\/strong> y duraderos. Incorporan un <strong>mecanismo de autonivelaci\u00f3n<\/strong> y ajustes de altura regulables. Cada unidad puede soportar cargas de hasta <strong>45 toneladas<\/strong> e incluye caracter\u00edsticas adicionales como <strong>sistemas de acceso controlado<\/strong> y <strong>marcas de alta visibilidad<\/strong>. Los materiales utilizados en su fabricaci\u00f3n tambi\u00e9n pueden llevar <strong>un revestimiento anticorrosi\u00f3n<\/strong> para prolongar su vida \u00fatil y fiabilidad. Si a\u00fan no est\u00e1s seguro de c\u00f3mo los soportes de seguridad para remolques pueden mejorar la eficacia y la seguridad en tu almac\u00e9n, mira el v\u00eddeo de arriba.<\/p>\n\n\n\n<p>Los propios fabricantes de remolques <strong>recomiendan el uso de soportes de seguridad<\/strong> como parte de la pr\u00e1ctica operativa habitual.<\/p>\n\n\n\n<p>M\u00e1s informaci\u00f3n sobre su funcionamiento: <strong><a href=\"https:\/\/antersystem.com\/wiedza-i-nowosci\/podpora-pod-naczepe-tira\/\">Apoyo a la Seguridad del Remolque en Log\u00edstica<\/a><\/strong><\/p>\n<\/div>\n\n\n\n<div class=\"wp-block-column is-layout-flow wp-block-column-is-layout-flow\" style=\"flex-basis:10px\"><\/div>\n<\/div>\n","protected":false},"excerpt":{"rendered":"<p>\u00bfC\u00f3mo mejorar la seguridad en los muelles de carga? La seguridad de los remolques es la clave de la estabilidad en log\u00edstica En la log\u00edstica global, cada parte de la cadena de suministro desempe\u00f1a un papel vital para garantizar la eficacia y la seguridad. Sin embargo, un elemento que a menudo se pasa por alto, [&hellip;]<\/p>\n","protected":false},"author":1,"featured_media":0,"parent":30348,"menu_order":0,"comment_status":"closed","ping_status":"closed","template":"","meta":{"inline_featured_image":false,"ngg_post_thumbnail":0,"footnotes":""},"class_list":["post-15403","page","type-page","status-publish","hentry"],"acf":[],"yoast_head":"<!-- This site is optimized with the Yoast SEO plugin v27.0 - https:\/\/yoast.com\/product\/yoast-seo-wordpress\/ -->\n<title>Soportes para remolques - Anter System<\/title>\n<meta name=\"description\" content=\"Los soportes de seguridad para remolques desempe\u00f1an un papel clave para garantizar operaciones eficaces y seguras en los muelles de carga.\" \/>\n<meta name=\"robots\" content=\"index, follow, max-snippet:-1, max-image-preview:large, max-video-preview:-1\" \/>\n<link rel=\"canonical\" href=\"https:\/\/antersystem.com\/es\/noticias\/trailer-supports\/\" \/>\n<meta property=\"og:locale\" content=\"es_ES\" \/>\n<meta property=\"og:type\" content=\"article\" \/>\n<meta property=\"og:title\" content=\"Soportes para remolques - Anter System\" \/>\n<meta property=\"og:description\" content=\"Los soportes de seguridad para remolques desempe\u00f1an un papel clave para garantizar operaciones eficaces y seguras en los muelles de carga.\" \/>\n<meta property=\"og:url\" content=\"https:\/\/antersystem.com\/es\/noticias\/trailer-supports\/\" \/>\n<meta property=\"og:site_name\" content=\"Anter System\" \/>\n<meta property=\"article:modified_time\" content=\"2026-01-30T13:29:51+00:00\" \/>\n<meta name=\"twitter:card\" content=\"summary_large_image\" \/>\n<meta name=\"twitter:label1\" content=\"Tiempo de lectura\" \/>\n\t<meta name=\"twitter:data1\" content=\"2 minutos\" \/>\n<script type=\"application\/ld+json\" class=\"yoast-schema-graph\">{\"@context\":\"https:\/\/schema.org\",\"@graph\":[{\"@type\":\"WebPage\",\"@id\":\"https:\/\/antersystem.com\/es\/noticias\/trailer-supports\/\",\"url\":\"https:\/\/antersystem.com\/es\/noticias\/trailer-supports\/\",\"name\":\"Soportes para remolques - Anter System\",\"isPartOf\":{\"@id\":\"https:\/\/antersystem.com\/es\/#website\"},\"datePublished\":\"2024-04-11T11:02:00+00:00\",\"dateModified\":\"2026-01-30T13:29:51+00:00\",\"description\":\"Los soportes de seguridad para remolques desempe\u00f1an un papel clave para garantizar operaciones eficaces y seguras en los muelles de carga.\",\"breadcrumb\":{\"@id\":\"https:\/\/antersystem.com\/es\/noticias\/trailer-supports\/#breadcrumb\"},\"inLanguage\":\"es\",\"potentialAction\":[{\"@type\":\"ReadAction\",\"target\":[\"https:\/\/antersystem.com\/es\/noticias\/trailer-supports\/\"]}]},{\"@type\":\"BreadcrumbList\",\"@id\":\"https:\/\/antersystem.com\/es\/noticias\/trailer-supports\/#breadcrumb\",\"itemListElement\":[{\"@type\":\"ListItem\",\"position\":1,\"name\":\"AnterSystem\",\"item\":\"https:\/\/antersystem.com\/es\/\"},{\"@type\":\"ListItem\",\"position\":2,\"name\":\"Noticias\",\"item\":\"https:\/\/antersystem.com\/es\/noticias\/\"},{\"@type\":\"ListItem\",\"position\":3,\"name\":\"Soportes para remolques\"}]},{\"@type\":\"WebSite\",\"@id\":\"https:\/\/antersystem.com\/es\/#website\",\"url\":\"https:\/\/antersystem.com\/es\/\",\"name\":\"Anter System\",\"description\":\"Jeste\u015bmy polskim producentem elastycznych barier ochronnych wykonywanych z polimerowych tworzyw sztucznych. Na rynku krajowym i zagranicznym dzia\u0142amy od ponad 15 lat dbaj\u0105c o zapewnienie bezpiecze\u0144stwa w zak\u0142adach produkcyjnych, magazynach oraz centrach logistycznych.\",\"potentialAction\":[{\"@type\":\"SearchAction\",\"target\":{\"@type\":\"EntryPoint\",\"urlTemplate\":\"https:\/\/antersystem.com\/es\/?s={search_term_string}\"},\"query-input\":{\"@type\":\"PropertyValueSpecification\",\"valueRequired\":true,\"valueName\":\"search_term_string\"}}],\"inLanguage\":\"es\"}]}<\/script>\n<!-- \/ Yoast SEO plugin. -->","yoast_head_json":{"title":"Soportes para remolques - Anter System","description":"Los soportes de seguridad para remolques desempe\u00f1an un papel clave para garantizar operaciones eficaces y seguras en los muelles de carga.","robots":{"index":"index","follow":"follow","max-snippet":"max-snippet:-1","max-image-preview":"max-image-preview:large","max-video-preview":"max-video-preview:-1"},"canonical":"https:\/\/antersystem.com\/es\/noticias\/trailer-supports\/","og_locale":"es_ES","og_type":"article","og_title":"Soportes para remolques - Anter System","og_description":"Los soportes de seguridad para remolques desempe\u00f1an un papel clave para garantizar operaciones eficaces y seguras en los muelles de carga.","og_url":"https:\/\/antersystem.com\/es\/noticias\/trailer-supports\/","og_site_name":"Anter System","article_modified_time":"2026-01-30T13:29:51+00:00","twitter_card":"summary_large_image","twitter_misc":{"Tiempo de lectura":"2 minutos"},"schema":{"@context":"https:\/\/schema.org","@graph":[{"@type":"WebPage","@id":"https:\/\/antersystem.com\/es\/noticias\/trailer-supports\/","url":"https:\/\/antersystem.com\/es\/noticias\/trailer-supports\/","name":"Soportes para remolques - Anter System","isPartOf":{"@id":"https:\/\/antersystem.com\/es\/#website"},"datePublished":"2024-04-11T11:02:00+00:00","dateModified":"2026-01-30T13:29:51+00:00","description":"Los soportes de seguridad para remolques desempe\u00f1an un papel clave para garantizar operaciones eficaces y seguras en los muelles de carga.","breadcrumb":{"@id":"https:\/\/antersystem.com\/es\/noticias\/trailer-supports\/#breadcrumb"},"inLanguage":"es","potentialAction":[{"@type":"ReadAction","target":["https:\/\/antersystem.com\/es\/noticias\/trailer-supports\/"]}]},{"@type":"BreadcrumbList","@id":"https:\/\/antersystem.com\/es\/noticias\/trailer-supports\/#breadcrumb","itemListElement":[{"@type":"ListItem","position":1,"name":"AnterSystem","item":"https:\/\/antersystem.com\/es\/"},{"@type":"ListItem","position":2,"name":"Noticias","item":"https:\/\/antersystem.com\/es\/noticias\/"},{"@type":"ListItem","position":3,"name":"Soportes para remolques"}]},{"@type":"WebSite","@id":"https:\/\/antersystem.com\/es\/#website","url":"https:\/\/antersystem.com\/es\/","name":"Anter System","description":"Jeste\u015bmy polskim producentem elastycznych barier ochronnych wykonywanych z polimerowych tworzyw sztucznych. Na rynku krajowym i zagranicznym dzia\u0142amy od ponad 15 lat dbaj\u0105c o zapewnienie bezpiecze\u0144stwa w zak\u0142adach produkcyjnych, magazynach oraz centrach logistycznych.","potentialAction":[{"@type":"SearchAction","target":{"@type":"EntryPoint","urlTemplate":"https:\/\/antersystem.com\/es\/?s={search_term_string}"},"query-input":{"@type":"PropertyValueSpecification","valueRequired":true,"valueName":"search_term_string"}}],"inLanguage":"es"}]}},"_links":{"self":[{"href":"https:\/\/antersystem.com\/es\/wp-json\/wp\/v2\/pages\/15403","targetHints":{"allow":["GET"]}}],"collection":[{"href":"https:\/\/antersystem.com\/es\/wp-json\/wp\/v2\/pages"}],"about":[{"href":"https:\/\/antersystem.com\/es\/wp-json\/wp\/v2\/types\/page"}],"author":[{"embeddable":true,"href":"https:\/\/antersystem.com\/es\/wp-json\/wp\/v2\/users\/1"}],"replies":[{"embeddable":true,"href":"https:\/\/antersystem.com\/es\/wp-json\/wp\/v2\/comments?post=15403"}],"version-history":[{"count":1,"href":"https:\/\/antersystem.com\/es\/wp-json\/wp\/v2\/pages\/15403\/revisions"}],"predecessor-version":[{"id":15405,"href":"https:\/\/antersystem.com\/es\/wp-json\/wp\/v2\/pages\/15403\/revisions\/15405"}],"up":[{"embeddable":true,"href":"https:\/\/antersystem.com\/es\/wp-json\/wp\/v2\/pages\/30348"}],"wp:attachment":[{"href":"https:\/\/antersystem.com\/es\/wp-json\/wp\/v2\/media?parent=15403"}],"curies":[{"name":"wp","href":"https:\/\/api.w.org\/{rel}","templated":true}]}}