{"id":15427,"date":"2024-11-08T10:12:51","date_gmt":"2024-11-08T09:12:51","guid":{"rendered":"https:\/\/new.antersystem.com\/warsaw-industry-week-2024-2\/"},"modified":"2026-01-31T22:28:36","modified_gmt":"2026-01-31T21:28:36","slug":"warsaw-industry-week-2024-2","status":"publish","type":"page","link":"https:\/\/antersystem.com\/es\/noticias\/warsaw-industry-week-2024-2\/","title":{"rendered":"Warsaw Industry Week 2024"},"content":{"rendered":"\n<div class=\"wp-block-columns is-layout-flex wp-container-core-columns-is-layout-9d6595d7 wp-block-columns-is-layout-flex\">\n<div class=\"wp-block-column is-layout-flow wp-block-column-is-layout-flow\">\n<h2 class=\"wp-block-heading\">Informe de la Warsaw Industry Week 5-7.11.2024<\/h2>\n\n\n\n<div class=\"wp-block-columns is-layout-flex wp-container-core-columns-is-layout-9d6595d7 wp-block-columns-is-layout-flex\">\n<div class=\"wp-block-column is-layout-flow wp-block-column-is-layout-flow\" style=\"flex-basis:10%\"><\/div>\n\n\n\n<div class=\"wp-block-column is-layout-flow wp-block-column-is-layout-flow\" style=\"flex-basis:10%\"><\/div>\n<\/div>\n\n\n\n<div class=\"wp-block-columns is-layout-flex wp-container-core-columns-is-layout-9d6595d7 wp-block-columns-is-layout-flex\">\n<div class=\"wp-block-column is-layout-flow wp-block-column-is-layout-flow\" style=\"flex-basis:10%\"><\/div>\n\n\n\n<div class=\"wp-block-column is-layout-flow wp-block-column-is-layout-flow\">\n<p>La edici\u00f3n de 2024 de la <strong>Warsaw Industry Week<\/strong> fue la octava y otra edici\u00f3n de gran \u00e9xito de uno de los acontecimientos industriales m\u00e1s importantes de Europa Central y Oriental. <strong>Anter System, como expositor,<\/strong> tuvo el honor de participar en esta prestigiosa feria, que reuni\u00f3 a m\u00e1s de 370 expositores y miles de profesionales de toda la industria. El evento constituy\u00f3 una excelente plataforma para mostrar nuestras innovadoras soluciones industriales e intralog\u00edsticas, incluidos los sistemas avanzados de apoyo a la seguridad en el lugar de trabajo y la eficacia de los procesos. Otro aspecto destacado de la feria fue la oportunidad de participar en actos paralelos, como la Conferencia Internacional de la Industria.<\/p>\n\n\n\n<p>Nuestro stand despert\u00f3 un gran inter\u00e9s, sobre todo con la presentaci\u00f3n de productos como las <a href=\"https:\/\/antersystem.com\/kategorie-produktow\/bramki-bezpieczenstwa\/\">puertas autom\u00e1ticas de seguridad<\/a> y <a href=\"https:\/\/antersystem.com\/kategorie-produktow\/odbojnice-regalowe\/\">los protectores de columnas y estanter\u00edas<\/a>. Estas soluciones, dise\u00f1adas para mejorar la seguridad y la organizaci\u00f3n del lugar de trabajo en las instalaciones de producci\u00f3n, se ajustan perfectamente a las tendencias dominantes de automatizaci\u00f3n y optimizaci\u00f3n del espacio de trabajo que se presentan en la feria de este a\u00f1o.<\/p>\n\n\n\n<p>Participar en la <strong>Warsaw Industry Week<\/strong> nos permiti\u00f3 no s\u00f3lo compartir nuestra experiencia, sino tambi\u00e9n establecer valiosas relaciones comerciales e intercambiar conocimientos con expertos del sector. Esto proporciona una fuerte inspiraci\u00f3n para seguir desarrollando nuestros productos de acuerdo con la evoluci\u00f3n de las expectativas del mercado y las transformaciones de la industria. Estamos orgullosos de que nuestras innovaciones sigan respondiendo a las necesidades din\u00e1micas del mercado y contribuyan a mejorar la eficacia y la seguridad en todo el sector industrial.<\/p>\n\n\n\n<p>Nos gustar\u00eda dar las gracias a todos los que <strong>visitaron nuestro stand<\/strong>: \u00a1nos vemos en la pr\u00f3xima edici\u00f3n!<\/p>\n\n\n\n<div class=\"wp-block-columns is-layout-flex wp-container-core-columns-is-layout-9d6595d7 wp-block-columns-is-layout-flex\">\n<div class=\"wp-block-column is-layout-flow wp-block-column-is-layout-flow\"><\/div>\n\n\n\n<div class=\"wp-block-column is-layout-flow wp-block-column-is-layout-flow\"><\/div>\n\n\n\n<div class=\"wp-block-column is-layout-flow wp-block-column-is-layout-flow\"><\/div>\n<\/div>\n<\/div>\n\n\n\n<div class=\"wp-block-column is-layout-flow wp-block-column-is-layout-flow\" style=\"flex-basis:10%\"><\/div>\n<\/div>\n\n\n\nngg_shortcode_0_placeholder\n<\/div>\n<\/div>\n\n<p><\/p>\n","protected":false},"excerpt":{"rendered":"<p>Informe de la Warsaw Industry Week 5-7.11.2024 La edici\u00f3n de 2024 de la Warsaw Industry Week fue la octava y otra edici\u00f3n de gran \u00e9xito de uno de los acontecimientos industriales m\u00e1s importantes de Europa Central y Oriental. Anter System, como expositor, tuvo el honor de participar en esta prestigiosa feria, que reuni\u00f3 a m\u00e1s [&hellip;]<\/p>\n","protected":false},"author":1,"featured_media":0,"parent":30348,"menu_order":0,"comment_status":"closed","ping_status":"closed","template":"","meta":{"inline_featured_image":false,"ngg_post_thumbnail":0,"footnotes":""},"class_list":["post-15427","page","type-page","status-publish","hentry"],"acf":[],"yoast_head":"<!-- This site is optimized with the Yoast SEO plugin v27.0 - https:\/\/yoast.com\/product\/yoast-seo-wordpress\/ -->\n<title>Warsaw Industry Week 2024 - Anter System<\/title>\n<meta name=\"description\" content=\"W dniach 5-7listopada odby\u0142a si\u0119 \u00f3sma edycja targ\u00f3w Warsaw Industry Week, podczas kt\u00f3rej nie mog\u0142o zabrakn\u0105\u0107 stoiska Anter System\" \/>\n<meta name=\"robots\" content=\"index, follow, max-snippet:-1, max-image-preview:large, max-video-preview:-1\" \/>\n<link rel=\"canonical\" href=\"https:\/\/antersystem.com\/es\/noticias\/warsaw-industry-week-2024-2\/\" \/>\n<meta property=\"og:locale\" content=\"es_ES\" \/>\n<meta property=\"og:type\" content=\"article\" \/>\n<meta property=\"og:title\" content=\"Warsaw Industry Week 2024 - Anter System\" \/>\n<meta property=\"og:description\" content=\"W dniach 5-7listopada odby\u0142a si\u0119 \u00f3sma edycja targ\u00f3w Warsaw Industry Week, podczas kt\u00f3rej nie mog\u0142o zabrakn\u0105\u0107 stoiska Anter System\" \/>\n<meta property=\"og:url\" content=\"https:\/\/antersystem.com\/es\/noticias\/warsaw-industry-week-2024-2\/\" \/>\n<meta property=\"og:site_name\" content=\"Anter System\" \/>\n<meta property=\"article:modified_time\" content=\"2026-01-31T21:28:36+00:00\" \/>\n<meta name=\"twitter:card\" content=\"summary_large_image\" \/>\n<meta name=\"twitter:label1\" content=\"Tiempo de lectura\" \/>\n\t<meta name=\"twitter:data1\" content=\"2 minutos\" \/>\n<script type=\"application\/ld+json\" class=\"yoast-schema-graph\">{\"@context\":\"https:\/\/schema.org\",\"@graph\":[{\"@type\":\"WebPage\",\"@id\":\"https:\/\/antersystem.com\/es\/noticias\/warsaw-industry-week-2024-2\/\",\"url\":\"https:\/\/antersystem.com\/es\/noticias\/warsaw-industry-week-2024-2\/\",\"name\":\"Warsaw Industry Week 2024 - Anter System\",\"isPartOf\":{\"@id\":\"https:\/\/antersystem.com\/es\/#website\"},\"datePublished\":\"2024-11-08T09:12:51+00:00\",\"dateModified\":\"2026-01-31T21:28:36+00:00\",\"description\":\"W dniach 5-7listopada odby\u0142a si\u0119 \u00f3sma edycja targ\u00f3w Warsaw Industry Week, podczas kt\u00f3rej nie mog\u0142o zabrakn\u0105\u0107 stoiska Anter System\",\"breadcrumb\":{\"@id\":\"https:\/\/antersystem.com\/es\/noticias\/warsaw-industry-week-2024-2\/#breadcrumb\"},\"inLanguage\":\"es\",\"potentialAction\":[{\"@type\":\"ReadAction\",\"target\":[\"https:\/\/antersystem.com\/es\/noticias\/warsaw-industry-week-2024-2\/\"]}]},{\"@type\":\"BreadcrumbList\",\"@id\":\"https:\/\/antersystem.com\/es\/noticias\/warsaw-industry-week-2024-2\/#breadcrumb\",\"itemListElement\":[{\"@type\":\"ListItem\",\"position\":1,\"name\":\"AnterSystem\",\"item\":\"https:\/\/antersystem.com\/es\/\"},{\"@type\":\"ListItem\",\"position\":2,\"name\":\"Noticias\",\"item\":\"https:\/\/antersystem.com\/es\/noticias\/\"},{\"@type\":\"ListItem\",\"position\":3,\"name\":\"Warsaw Industry Week 2024\"}]},{\"@type\":\"WebSite\",\"@id\":\"https:\/\/antersystem.com\/es\/#website\",\"url\":\"https:\/\/antersystem.com\/es\/\",\"name\":\"Anter System\",\"description\":\"Jeste\u015bmy polskim producentem elastycznych barier ochronnych wykonywanych z polimerowych tworzyw sztucznych. Na rynku krajowym i zagranicznym dzia\u0142amy od ponad 15 lat dbaj\u0105c o zapewnienie bezpiecze\u0144stwa w zak\u0142adach produkcyjnych, magazynach oraz centrach logistycznych.\",\"potentialAction\":[{\"@type\":\"SearchAction\",\"target\":{\"@type\":\"EntryPoint\",\"urlTemplate\":\"https:\/\/antersystem.com\/es\/?s={search_term_string}\"},\"query-input\":{\"@type\":\"PropertyValueSpecification\",\"valueRequired\":true,\"valueName\":\"search_term_string\"}}],\"inLanguage\":\"es\"}]}<\/script>\n<!-- \/ Yoast SEO plugin. -->","yoast_head_json":{"title":"Warsaw Industry Week 2024 - Anter System","description":"W dniach 5-7listopada odby\u0142a si\u0119 \u00f3sma edycja targ\u00f3w Warsaw Industry Week, podczas kt\u00f3rej nie mog\u0142o zabrakn\u0105\u0107 stoiska Anter System","robots":{"index":"index","follow":"follow","max-snippet":"max-snippet:-1","max-image-preview":"max-image-preview:large","max-video-preview":"max-video-preview:-1"},"canonical":"https:\/\/antersystem.com\/es\/noticias\/warsaw-industry-week-2024-2\/","og_locale":"es_ES","og_type":"article","og_title":"Warsaw Industry Week 2024 - Anter System","og_description":"W dniach 5-7listopada odby\u0142a si\u0119 \u00f3sma edycja targ\u00f3w Warsaw Industry Week, podczas kt\u00f3rej nie mog\u0142o zabrakn\u0105\u0107 stoiska Anter System","og_url":"https:\/\/antersystem.com\/es\/noticias\/warsaw-industry-week-2024-2\/","og_site_name":"Anter System","article_modified_time":"2026-01-31T21:28:36+00:00","twitter_card":"summary_large_image","twitter_misc":{"Tiempo de lectura":"2 minutos"},"schema":{"@context":"https:\/\/schema.org","@graph":[{"@type":"WebPage","@id":"https:\/\/antersystem.com\/es\/noticias\/warsaw-industry-week-2024-2\/","url":"https:\/\/antersystem.com\/es\/noticias\/warsaw-industry-week-2024-2\/","name":"Warsaw Industry Week 2024 - Anter System","isPartOf":{"@id":"https:\/\/antersystem.com\/es\/#website"},"datePublished":"2024-11-08T09:12:51+00:00","dateModified":"2026-01-31T21:28:36+00:00","description":"W dniach 5-7listopada odby\u0142a si\u0119 \u00f3sma edycja targ\u00f3w Warsaw Industry Week, podczas kt\u00f3rej nie mog\u0142o zabrakn\u0105\u0107 stoiska Anter System","breadcrumb":{"@id":"https:\/\/antersystem.com\/es\/noticias\/warsaw-industry-week-2024-2\/#breadcrumb"},"inLanguage":"es","potentialAction":[{"@type":"ReadAction","target":["https:\/\/antersystem.com\/es\/noticias\/warsaw-industry-week-2024-2\/"]}]},{"@type":"BreadcrumbList","@id":"https:\/\/antersystem.com\/es\/noticias\/warsaw-industry-week-2024-2\/#breadcrumb","itemListElement":[{"@type":"ListItem","position":1,"name":"AnterSystem","item":"https:\/\/antersystem.com\/es\/"},{"@type":"ListItem","position":2,"name":"Noticias","item":"https:\/\/antersystem.com\/es\/noticias\/"},{"@type":"ListItem","position":3,"name":"Warsaw Industry Week 2024"}]},{"@type":"WebSite","@id":"https:\/\/antersystem.com\/es\/#website","url":"https:\/\/antersystem.com\/es\/","name":"Anter System","description":"Jeste\u015bmy polskim producentem elastycznych barier ochronnych wykonywanych z polimerowych tworzyw sztucznych. Na rynku krajowym i zagranicznym dzia\u0142amy od ponad 15 lat dbaj\u0105c o zapewnienie bezpiecze\u0144stwa w zak\u0142adach produkcyjnych, magazynach oraz centrach logistycznych.","potentialAction":[{"@type":"SearchAction","target":{"@type":"EntryPoint","urlTemplate":"https:\/\/antersystem.com\/es\/?s={search_term_string}"},"query-input":{"@type":"PropertyValueSpecification","valueRequired":true,"valueName":"search_term_string"}}],"inLanguage":"es"}]}},"_links":{"self":[{"href":"https:\/\/antersystem.com\/es\/wp-json\/wp\/v2\/pages\/15427","targetHints":{"allow":["GET"]}}],"collection":[{"href":"https:\/\/antersystem.com\/es\/wp-json\/wp\/v2\/pages"}],"about":[{"href":"https:\/\/antersystem.com\/es\/wp-json\/wp\/v2\/types\/page"}],"author":[{"embeddable":true,"href":"https:\/\/antersystem.com\/es\/wp-json\/wp\/v2\/users\/1"}],"replies":[{"embeddable":true,"href":"https:\/\/antersystem.com\/es\/wp-json\/wp\/v2\/comments?post=15427"}],"version-history":[{"count":1,"href":"https:\/\/antersystem.com\/es\/wp-json\/wp\/v2\/pages\/15427\/revisions"}],"predecessor-version":[{"id":15428,"href":"https:\/\/antersystem.com\/es\/wp-json\/wp\/v2\/pages\/15427\/revisions\/15428"}],"up":[{"embeddable":true,"href":"https:\/\/antersystem.com\/es\/wp-json\/wp\/v2\/pages\/30348"}],"wp:attachment":[{"href":"https:\/\/antersystem.com\/es\/wp-json\/wp\/v2\/media?parent=15427"}],"curies":[{"name":"wp","href":"https:\/\/api.w.org\/{rel}","templated":true}]}}