{"id":15494,"date":"2023-10-16T10:41:27","date_gmt":"2023-10-16T08:41:27","guid":{"rendered":"https:\/\/new.antersystem.com\/safe-space-wall-protection\/"},"modified":"2026-01-30T14:29:51","modified_gmt":"2026-01-30T13:29:51","slug":"safe-space-wall-protection","status":"publish","type":"page","link":"https:\/\/antersystem.com\/es\/noticias\/safe-space-wall-protection\/","title":{"rendered":"Espacio seguro \u00abBezpieczna przestrze\u0144\u00bb"},"content":{"rendered":"\n<div class=\"wp-block-columns is-layout-flex wp-container-core-columns-is-layout-9d6595d7 wp-block-columns-is-layout-flex\">\n<div class=\"wp-block-column is-layout-flow wp-block-column-is-layout-flow\" style=\"flex-basis:10%\"><\/div>\n\n\n\n<div class=\"wp-block-column is-layout-flow wp-block-column-is-layout-flow\">\n<h3 class=\"wp-block-heading\">Espacio seguro. Protecci\u00f3n de paredes &#8211; Sistemas de seguridad de pol\u00edmeros para almacenes e instalaciones industriales<\/h3>\n\n\n\n<p style=\"text-align: left;\">En el n\u00famero de junio de 2019 de la revista <em>Top Logistyk<\/em> se public\u00f3 un art\u00edculo sobre Wall Protection: estructuras verticales de protecci\u00f3n de dise\u00f1o modular que permiten crear muros de seguridad de cualquier longitud y forma geom\u00e9trica. Gracias a su flexibilidad, estos sistemas permiten construir muros de protecci\u00f3n calados de cualquier altura, perfectamente adaptados a los entornos modernos de almacenes e industrias.<\/p>\n<p>Obt\u00e9n m\u00e1s informaci\u00f3n sobre las ventajas de los sistemas de seguridad basados en pol\u00edmeros en el siguiente art\u00edculo de <em>Top Logistyk<\/em>.<\/p>\n<p>&nbsp;<\/p>\n<p>&nbsp;<\/p>\n<\/div>\n\n\n\n<div class=\"wp-block-column is-layout-flow wp-block-column-is-layout-flow\" style=\"flex-basis:10%\"><\/div>\n<\/div>\n\n<div data-wp-interactive=\"core\/file\" class=\"wp-block-file\"><object data-wp-bind--hidden=\"!state.hasPdfPreview\" hidden class=\"wp-block-file__embed\" data=\"https:\/\/antersystem.com\/wp-content\/uploads\/Anter-System_artykul_Bezpieczna-przestrzen.pdf\" type=\"application\/pdf\" style=\"width:100%;height:600px\" aria-label=\"Incrustado de Anter-System_artykul_Bezpieczna-przestrzen.\"><\/object><a id=\"wp-block-file--media-ee450cea-ca59-4ce4-8c22-729773c7fc8d\" href=\"https:\/\/antersystem.com\/wp-content\/uploads\/Anter-System_artykul_Bezpieczna-przestrzen.pdf\">Anter-System_artykul_Bezpieczna-przestrzen<\/a><a href=\"https:\/\/antersystem.com\/wp-content\/uploads\/Anter-System_artykul_Bezpieczna-przestrzen.pdf\" class=\"wp-block-file__button wp-element-button\" download=\"\" aria-describedby=\"wp-block-file--media-ee450cea-ca59-4ce4-8c22-729773c7fc8d\">Descarga<\/a><\/div>\n","protected":false},"excerpt":{"rendered":"<p>Espacio seguro. Protecci\u00f3n de paredes &#8211; Sistemas de seguridad de pol\u00edmeros para almacenes e instalaciones industriales En el n\u00famero de junio de 2019 de la revista Top Logistyk se public\u00f3 un art\u00edculo sobre Wall Protection: estructuras verticales de protecci\u00f3n de dise\u00f1o modular que permiten crear muros de seguridad de cualquier longitud y forma geom\u00e9trica. Gracias [&hellip;]<\/p>\n","protected":false},"author":1,"featured_media":0,"parent":30348,"menu_order":0,"comment_status":"closed","ping_status":"closed","template":"","meta":{"inline_featured_image":false,"ngg_post_thumbnail":0,"footnotes":""},"class_list":["post-15494","page","type-page","status-publish","hentry"],"acf":[],"yoast_head":"<!-- This site is optimized with the Yoast SEO plugin v27.0 - https:\/\/yoast.com\/product\/yoast-seo-wordpress\/ -->\n<title>Espacio seguro &quot;Bezpieczna przestrze\u0144&quot; - Anter System<\/title>\n<meta name=\"description\" content=\"Espacio seguro. Protecci\u00f3n de paredes - Sistemas de seguridad de pol\u00edmeros para almacenes e instalaciones industriales En el n\u00famero de junio de 2019 de la\" \/>\n<meta name=\"robots\" content=\"index, follow, max-snippet:-1, max-image-preview:large, max-video-preview:-1\" \/>\n<link rel=\"canonical\" href=\"https:\/\/antersystem.com\/es\/noticias\/safe-space-wall-protection\/\" \/>\n<meta property=\"og:locale\" content=\"es_ES\" \/>\n<meta property=\"og:type\" content=\"article\" \/>\n<meta property=\"og:title\" content=\"Espacio seguro &quot;Bezpieczna przestrze\u0144&quot; - Anter System\" \/>\n<meta property=\"og:description\" content=\"Espacio seguro. Protecci\u00f3n de paredes - Sistemas de seguridad de pol\u00edmeros para almacenes e instalaciones industriales En el n\u00famero de junio de 2019 de la\" \/>\n<meta property=\"og:url\" content=\"https:\/\/antersystem.com\/es\/noticias\/safe-space-wall-protection\/\" \/>\n<meta property=\"og:site_name\" content=\"Anter System\" \/>\n<meta property=\"article:modified_time\" content=\"2026-01-30T13:29:51+00:00\" \/>\n<meta name=\"twitter:card\" content=\"summary_large_image\" \/>\n<meta name=\"twitter:label1\" content=\"Tiempo de lectura\" \/>\n\t<meta name=\"twitter:data1\" content=\"1 minuto\" \/>\n<script type=\"application\/ld+json\" class=\"yoast-schema-graph\">{\"@context\":\"https:\/\/schema.org\",\"@graph\":[{\"@type\":\"WebPage\",\"@id\":\"https:\/\/antersystem.com\/es\/noticias\/safe-space-wall-protection\/\",\"url\":\"https:\/\/antersystem.com\/es\/noticias\/safe-space-wall-protection\/\",\"name\":\"Espacio seguro \\\"Bezpieczna przestrze\u0144\\\" - Anter System\",\"isPartOf\":{\"@id\":\"https:\/\/antersystem.com\/es\/#website\"},\"datePublished\":\"2023-10-16T08:41:27+00:00\",\"dateModified\":\"2026-01-30T13:29:51+00:00\",\"description\":\"Espacio seguro. Protecci\u00f3n de paredes - Sistemas de seguridad de pol\u00edmeros para almacenes e instalaciones industriales En el n\u00famero de junio de 2019 de la\",\"breadcrumb\":{\"@id\":\"https:\/\/antersystem.com\/es\/noticias\/safe-space-wall-protection\/#breadcrumb\"},\"inLanguage\":\"es\",\"potentialAction\":[{\"@type\":\"ReadAction\",\"target\":[\"https:\/\/antersystem.com\/es\/noticias\/safe-space-wall-protection\/\"]}]},{\"@type\":\"BreadcrumbList\",\"@id\":\"https:\/\/antersystem.com\/es\/noticias\/safe-space-wall-protection\/#breadcrumb\",\"itemListElement\":[{\"@type\":\"ListItem\",\"position\":1,\"name\":\"AnterSystem\",\"item\":\"https:\/\/antersystem.com\/es\/\"},{\"@type\":\"ListItem\",\"position\":2,\"name\":\"Noticias\",\"item\":\"https:\/\/antersystem.com\/es\/noticias\/\"},{\"@type\":\"ListItem\",\"position\":3,\"name\":\"Espacio seguro &#8220;Bezpieczna przestrze\u0144&#8221;\"}]},{\"@type\":\"WebSite\",\"@id\":\"https:\/\/antersystem.com\/es\/#website\",\"url\":\"https:\/\/antersystem.com\/es\/\",\"name\":\"Anter System\",\"description\":\"Jeste\u015bmy polskim producentem elastycznych barier ochronnych wykonywanych z polimerowych tworzyw sztucznych. Na rynku krajowym i zagranicznym dzia\u0142amy od ponad 15 lat dbaj\u0105c o zapewnienie bezpiecze\u0144stwa w zak\u0142adach produkcyjnych, magazynach oraz centrach logistycznych.\",\"potentialAction\":[{\"@type\":\"SearchAction\",\"target\":{\"@type\":\"EntryPoint\",\"urlTemplate\":\"https:\/\/antersystem.com\/es\/?s={search_term_string}\"},\"query-input\":{\"@type\":\"PropertyValueSpecification\",\"valueRequired\":true,\"valueName\":\"search_term_string\"}}],\"inLanguage\":\"es\"}]}<\/script>\n<!-- \/ Yoast SEO plugin. -->","yoast_head_json":{"title":"Espacio seguro \"Bezpieczna przestrze\u0144\" - Anter System","description":"Espacio seguro. Protecci\u00f3n de paredes - Sistemas de seguridad de pol\u00edmeros para almacenes e instalaciones industriales En el n\u00famero de junio de 2019 de la","robots":{"index":"index","follow":"follow","max-snippet":"max-snippet:-1","max-image-preview":"max-image-preview:large","max-video-preview":"max-video-preview:-1"},"canonical":"https:\/\/antersystem.com\/es\/noticias\/safe-space-wall-protection\/","og_locale":"es_ES","og_type":"article","og_title":"Espacio seguro \"Bezpieczna przestrze\u0144\" - Anter System","og_description":"Espacio seguro. Protecci\u00f3n de paredes - Sistemas de seguridad de pol\u00edmeros para almacenes e instalaciones industriales En el n\u00famero de junio de 2019 de la","og_url":"https:\/\/antersystem.com\/es\/noticias\/safe-space-wall-protection\/","og_site_name":"Anter System","article_modified_time":"2026-01-30T13:29:51+00:00","twitter_card":"summary_large_image","twitter_misc":{"Tiempo de lectura":"1 minuto"},"schema":{"@context":"https:\/\/schema.org","@graph":[{"@type":"WebPage","@id":"https:\/\/antersystem.com\/es\/noticias\/safe-space-wall-protection\/","url":"https:\/\/antersystem.com\/es\/noticias\/safe-space-wall-protection\/","name":"Espacio seguro \"Bezpieczna przestrze\u0144\" - Anter System","isPartOf":{"@id":"https:\/\/antersystem.com\/es\/#website"},"datePublished":"2023-10-16T08:41:27+00:00","dateModified":"2026-01-30T13:29:51+00:00","description":"Espacio seguro. Protecci\u00f3n de paredes - Sistemas de seguridad de pol\u00edmeros para almacenes e instalaciones industriales En el n\u00famero de junio de 2019 de la","breadcrumb":{"@id":"https:\/\/antersystem.com\/es\/noticias\/safe-space-wall-protection\/#breadcrumb"},"inLanguage":"es","potentialAction":[{"@type":"ReadAction","target":["https:\/\/antersystem.com\/es\/noticias\/safe-space-wall-protection\/"]}]},{"@type":"BreadcrumbList","@id":"https:\/\/antersystem.com\/es\/noticias\/safe-space-wall-protection\/#breadcrumb","itemListElement":[{"@type":"ListItem","position":1,"name":"AnterSystem","item":"https:\/\/antersystem.com\/es\/"},{"@type":"ListItem","position":2,"name":"Noticias","item":"https:\/\/antersystem.com\/es\/noticias\/"},{"@type":"ListItem","position":3,"name":"Espacio seguro &#8220;Bezpieczna przestrze\u0144&#8221;"}]},{"@type":"WebSite","@id":"https:\/\/antersystem.com\/es\/#website","url":"https:\/\/antersystem.com\/es\/","name":"Anter System","description":"Jeste\u015bmy polskim producentem elastycznych barier ochronnych wykonywanych z polimerowych tworzyw sztucznych. Na rynku krajowym i zagranicznym dzia\u0142amy od ponad 15 lat dbaj\u0105c o zapewnienie bezpiecze\u0144stwa w zak\u0142adach produkcyjnych, magazynach oraz centrach logistycznych.","potentialAction":[{"@type":"SearchAction","target":{"@type":"EntryPoint","urlTemplate":"https:\/\/antersystem.com\/es\/?s={search_term_string}"},"query-input":{"@type":"PropertyValueSpecification","valueRequired":true,"valueName":"search_term_string"}}],"inLanguage":"es"}]}},"_links":{"self":[{"href":"https:\/\/antersystem.com\/es\/wp-json\/wp\/v2\/pages\/15494","targetHints":{"allow":["GET"]}}],"collection":[{"href":"https:\/\/antersystem.com\/es\/wp-json\/wp\/v2\/pages"}],"about":[{"href":"https:\/\/antersystem.com\/es\/wp-json\/wp\/v2\/types\/page"}],"author":[{"embeddable":true,"href":"https:\/\/antersystem.com\/es\/wp-json\/wp\/v2\/users\/1"}],"replies":[{"embeddable":true,"href":"https:\/\/antersystem.com\/es\/wp-json\/wp\/v2\/comments?post=15494"}],"version-history":[{"count":1,"href":"https:\/\/antersystem.com\/es\/wp-json\/wp\/v2\/pages\/15494\/revisions"}],"predecessor-version":[{"id":15498,"href":"https:\/\/antersystem.com\/es\/wp-json\/wp\/v2\/pages\/15494\/revisions\/15498"}],"up":[{"embeddable":true,"href":"https:\/\/antersystem.com\/es\/wp-json\/wp\/v2\/pages\/30348"}],"wp:attachment":[{"href":"https:\/\/antersystem.com\/es\/wp-json\/wp\/v2\/media?parent=15494"}],"curies":[{"name":"wp","href":"https:\/\/api.w.org\/{rel}","templated":true}]}}