{"id":15541,"date":"2023-12-07T09:34:39","date_gmt":"2023-12-07T08:34:39","guid":{"rendered":"https:\/\/new.antersystem.com\/forbes-diamonds-2024\/"},"modified":"2026-01-30T14:29:51","modified_gmt":"2026-01-30T13:29:51","slug":"forbes-diamonds-2024","status":"publish","type":"page","link":"https:\/\/antersystem.com\/es\/noticias\/forbes-diamonds-2024\/","title":{"rendered":"Forbes Diamantes 2024"},"content":{"rendered":"\n<div class=\"wp-block-columns is-layout-flex wp-container-core-columns-is-layout-9d6595d7 wp-block-columns-is-layout-flex\">\n  \n  <div class=\"wp-block-column is-layout-flow wp-block-column-is-layout-flow\" style=\"flex-basis:10%\"><\/div>\n  \n\n  \n  <div class=\"wp-block-column is-layout-flow wp-block-column-is-layout-flow\">\n    \n    <h3 class=\"wp-block-heading\"><strong>Anter System ha sido galardonada con el premio Forbes Diamonds Poland 2024 como una de las empresas con un desarrollo m\u00e1s din\u00e1mico.<\/strong><\/h3>\n    \n\n    \n    <h4>Unas palabras nuestras<\/h4>\n    <p>Nuestra historia no es como el gui\u00f3n de una pel\u00edcula. No hay giros dram\u00e1ticos en la trama ni coincidencias improbables, aunque, como muchos empresarios polacos, nos hemos enfrentado a muchos retos. Los fundadores y copropietarios no intentan jugar el papel de superh\u00e9roes y, sin embargo, la marca Anter System sigue fortaleci\u00e9ndose. Se basa en relaciones constantes con los clientes y en satisfacer necesidades reales. Nos adaptamos constantemente a las condiciones cambiantes, y nos esforzamos mucho por mantener nuestra visibilidad en el mercado. El concepto de barreras de seguridad flexibles a\u00fan est\u00e1 lejos de ser obvio en nuestro sector, por lo que nuestra misi\u00f3n educativa sigue siendo una parte importante de lo que hacemos.<\/p>\n\n    <p>Por eso estamos especialmente agradecidos por este reconocimiento: ser incluidos en la lista Forbes Diamonds 2024. Este prestigioso premio refuerza nuestra credibilidad ante nuestros socios y distribuidores, y nos anima a seguir perfeccionando nuestro modelo de innovaci\u00f3n y a llegar a mercados m\u00e1s amplios. Nos inspira seguir mejorando nuestra oferta y desarrollar soluciones que sirvan a\u00fan mejor a nuestros clientes.<\/p>\n\n    <h4>\u00bfQu\u00e9 son los Diamantes Forbes?<\/h4>\n    <p>La lista Forbes Diamonds se elabora por encargo del equipo editorial de la revista Forbes. Su objetivo es destacar y recompensar a las empresas con un desarrollo m\u00e1s din\u00e1mico de Polonia. El ranking clasifica a las empresas en funci\u00f3n de su tasa de crecimiento y sus resultados financieros en los \u00faltimos tres a\u00f1os, haciendo hincapi\u00e9 en la estabilidad y el potencial de cada empresa. Sirve como importante fuente de informaci\u00f3n para inversores y socios comerciales. Las empresas son premiadas en tres categor\u00edas seg\u00fan sus ingresos: de 5 a 50 millones de PLN, de 50 a 250 millones de PLN y por encima de 250 millones de PLN. Las instituciones financieras, como los bancos, est\u00e1n excluidas de la clasificaci\u00f3n.<\/p>\n\n    <p><em>\u00abEstar incluido en la clasificaci\u00f3n Forbes Diamonds es una prueba de valent\u00eda y de estrategias empresariales eficaces, bien adaptadas a los tiempos turbulentos\u00bb,<\/em> declar\u00f3 Ewa \u0141uniewska, Vicepresidenta del Consejo de Administraci\u00f3n de ING Bank \u015al\u0105ski, socio estrat\u00e9gico del concurso.<\/p>\n    <p>&nbsp;<\/p>\n    \n\n    <div class=\"wp-block-image\">\n    <figure class=\"aligncenter size-large is-resized\"><img loading=\"lazy\" decoding=\"async\" width=\"1024\" height=\"535\" src=\"https:\/\/antersystem.com\/wp-content\/uploads\/Diamenty-Forbes-2024-Anter-System-1024x535.jpg\" alt=\"Anter System - Premio Forbes Diamonds 2024\" class=\"wp-image-3741\" style=\"width:709px;height:auto\" srcset=\"https:\/\/antersystem.com\/wp-content\/uploads\/Diamenty-Forbes-2024-Anter-System-1024x535.jpg 1024w, https:\/\/antersystem.com\/wp-content\/uploads\/Diamenty-Forbes-2024-Anter-System-300x157.jpg 300w, https:\/\/antersystem.com\/wp-content\/uploads\/Diamenty-Forbes-2024-Anter-System-768x401.jpg 768w, https:\/\/antersystem.com\/wp-content\/uploads\/Diamenty-Forbes-2024-Anter-System-450x235.jpg 450w, https:\/\/antersystem.com\/wp-content\/uploads\/Diamenty-Forbes-2024-Anter-System-330x172.jpg 330w, https:\/\/antersystem.com\/wp-content\/uploads\/Diamenty-Forbes-2024-Anter-System.jpg 1200w\" sizes=\"auto, (max-width: 1024px) 100vw, 1024px\" \/><\/figure><\/div>\n  <\/div>\n  \n\n  \n  <div class=\"wp-block-column is-layout-flow wp-block-column-is-layout-flow\" style=\"flex-basis:10%\"><\/div>\n  \n<\/div>\n","protected":false},"excerpt":{"rendered":"<p>Anter System ha sido galardonada con el premio Forbes Diamonds Poland 2024 como una de las empresas con un desarrollo m\u00e1s din\u00e1mico. Unas palabras nuestras Nuestra historia no es como el gui\u00f3n de una pel\u00edcula. No hay giros dram\u00e1ticos en la trama ni coincidencias improbables, aunque, como muchos empresarios polacos, nos hemos enfrentado a muchos [&hellip;]<\/p>\n","protected":false},"author":1,"featured_media":0,"parent":30348,"menu_order":0,"comment_status":"closed","ping_status":"closed","template":"","meta":{"inline_featured_image":false,"ngg_post_thumbnail":0,"footnotes":""},"class_list":["post-15541","page","type-page","status-publish","hentry"],"acf":[],"yoast_head":"<!-- This site is optimized with the Yoast SEO plugin v27.0 - https:\/\/yoast.com\/product\/yoast-seo-wordpress\/ -->\n<title>Forbes Diamantes 2024 - Anter System<\/title>\n<meta name=\"description\" content=\"Anter System ha sido galardonada con el premio Forbes Diamonds Poland 2024 como una de las empresas con un desarrollo m\u00e1s din\u00e1mico. Unas palabras nuestras\" \/>\n<meta name=\"robots\" content=\"index, follow, max-snippet:-1, max-image-preview:large, max-video-preview:-1\" \/>\n<link rel=\"canonical\" href=\"https:\/\/antersystem.com\/es\/noticias\/forbes-diamonds-2024\/\" \/>\n<meta property=\"og:locale\" content=\"es_ES\" \/>\n<meta property=\"og:type\" content=\"article\" \/>\n<meta property=\"og:title\" content=\"Forbes Diamantes 2024 - Anter System\" \/>\n<meta property=\"og:description\" content=\"Anter System ha sido galardonada con el premio Forbes Diamonds Poland 2024 como una de las empresas con un desarrollo m\u00e1s din\u00e1mico. Unas palabras nuestras\" \/>\n<meta property=\"og:url\" content=\"https:\/\/antersystem.com\/es\/noticias\/forbes-diamonds-2024\/\" \/>\n<meta property=\"og:site_name\" content=\"Anter System\" \/>\n<meta property=\"article:modified_time\" content=\"2026-01-30T13:29:51+00:00\" \/>\n<meta property=\"og:image\" content=\"https:\/\/antersystem.com\/wp-content\/uploads\/Diamenty-Forbes-2024-Anter-System-1024x535.jpg\" \/>\n<meta name=\"twitter:card\" content=\"summary_large_image\" \/>\n<meta name=\"twitter:label1\" content=\"Tiempo de lectura\" \/>\n\t<meta name=\"twitter:data1\" content=\"2 minutos\" \/>\n<script type=\"application\/ld+json\" class=\"yoast-schema-graph\">{\"@context\":\"https:\/\/schema.org\",\"@graph\":[{\"@type\":\"WebPage\",\"@id\":\"https:\/\/antersystem.com\/es\/noticias\/forbes-diamonds-2024\/\",\"url\":\"https:\/\/antersystem.com\/es\/noticias\/forbes-diamonds-2024\/\",\"name\":\"Forbes Diamantes 2024 - Anter System\",\"isPartOf\":{\"@id\":\"https:\/\/antersystem.com\/es\/#website\"},\"primaryImageOfPage\":{\"@id\":\"https:\/\/antersystem.com\/es\/noticias\/forbes-diamonds-2024\/#primaryimage\"},\"image\":{\"@id\":\"https:\/\/antersystem.com\/es\/noticias\/forbes-diamonds-2024\/#primaryimage\"},\"thumbnailUrl\":\"https:\/\/antersystem.com\/wp-content\/uploads\/Diamenty-Forbes-2024-Anter-System-1024x535.jpg\",\"datePublished\":\"2023-12-07T08:34:39+00:00\",\"dateModified\":\"2026-01-30T13:29:51+00:00\",\"description\":\"Anter System ha sido galardonada con el premio Forbes Diamonds Poland 2024 como una de las empresas con un desarrollo m\u00e1s din\u00e1mico. Unas palabras nuestras\",\"breadcrumb\":{\"@id\":\"https:\/\/antersystem.com\/es\/noticias\/forbes-diamonds-2024\/#breadcrumb\"},\"inLanguage\":\"es\",\"potentialAction\":[{\"@type\":\"ReadAction\",\"target\":[\"https:\/\/antersystem.com\/es\/noticias\/forbes-diamonds-2024\/\"]}]},{\"@type\":\"ImageObject\",\"inLanguage\":\"es\",\"@id\":\"https:\/\/antersystem.com\/es\/noticias\/forbes-diamonds-2024\/#primaryimage\",\"url\":\"https:\/\/antersystem.com\/wp-content\/uploads\/Diamenty-Forbes-2024-Anter-System-1024x535.jpg\",\"contentUrl\":\"https:\/\/antersystem.com\/wp-content\/uploads\/Diamenty-Forbes-2024-Anter-System-1024x535.jpg\"},{\"@type\":\"BreadcrumbList\",\"@id\":\"https:\/\/antersystem.com\/es\/noticias\/forbes-diamonds-2024\/#breadcrumb\",\"itemListElement\":[{\"@type\":\"ListItem\",\"position\":1,\"name\":\"AnterSystem\",\"item\":\"https:\/\/antersystem.com\/es\/\"},{\"@type\":\"ListItem\",\"position\":2,\"name\":\"Noticias\",\"item\":\"https:\/\/antersystem.com\/es\/noticias\/\"},{\"@type\":\"ListItem\",\"position\":3,\"name\":\"Forbes Diamantes 2024\"}]},{\"@type\":\"WebSite\",\"@id\":\"https:\/\/antersystem.com\/es\/#website\",\"url\":\"https:\/\/antersystem.com\/es\/\",\"name\":\"Anter System\",\"description\":\"Jeste\u015bmy polskim producentem elastycznych barier ochronnych wykonywanych z polimerowych tworzyw sztucznych. Na rynku krajowym i zagranicznym dzia\u0142amy od ponad 15 lat dbaj\u0105c o zapewnienie bezpiecze\u0144stwa w zak\u0142adach produkcyjnych, magazynach oraz centrach logistycznych.\",\"potentialAction\":[{\"@type\":\"SearchAction\",\"target\":{\"@type\":\"EntryPoint\",\"urlTemplate\":\"https:\/\/antersystem.com\/es\/?s={search_term_string}\"},\"query-input\":{\"@type\":\"PropertyValueSpecification\",\"valueRequired\":true,\"valueName\":\"search_term_string\"}}],\"inLanguage\":\"es\"}]}<\/script>\n<!-- \/ Yoast SEO plugin. -->","yoast_head_json":{"title":"Forbes Diamantes 2024 - Anter System","description":"Anter System ha sido galardonada con el premio Forbes Diamonds Poland 2024 como una de las empresas con un desarrollo m\u00e1s din\u00e1mico. Unas palabras nuestras","robots":{"index":"index","follow":"follow","max-snippet":"max-snippet:-1","max-image-preview":"max-image-preview:large","max-video-preview":"max-video-preview:-1"},"canonical":"https:\/\/antersystem.com\/es\/noticias\/forbes-diamonds-2024\/","og_locale":"es_ES","og_type":"article","og_title":"Forbes Diamantes 2024 - Anter System","og_description":"Anter System ha sido galardonada con el premio Forbes Diamonds Poland 2024 como una de las empresas con un desarrollo m\u00e1s din\u00e1mico. Unas palabras nuestras","og_url":"https:\/\/antersystem.com\/es\/noticias\/forbes-diamonds-2024\/","og_site_name":"Anter System","article_modified_time":"2026-01-30T13:29:51+00:00","og_image":[{"url":"https:\/\/antersystem.com\/wp-content\/uploads\/Diamenty-Forbes-2024-Anter-System-1024x535.jpg","type":"","width":"","height":""}],"twitter_card":"summary_large_image","twitter_misc":{"Tiempo de lectura":"2 minutos"},"schema":{"@context":"https:\/\/schema.org","@graph":[{"@type":"WebPage","@id":"https:\/\/antersystem.com\/es\/noticias\/forbes-diamonds-2024\/","url":"https:\/\/antersystem.com\/es\/noticias\/forbes-diamonds-2024\/","name":"Forbes Diamantes 2024 - Anter System","isPartOf":{"@id":"https:\/\/antersystem.com\/es\/#website"},"primaryImageOfPage":{"@id":"https:\/\/antersystem.com\/es\/noticias\/forbes-diamonds-2024\/#primaryimage"},"image":{"@id":"https:\/\/antersystem.com\/es\/noticias\/forbes-diamonds-2024\/#primaryimage"},"thumbnailUrl":"https:\/\/antersystem.com\/wp-content\/uploads\/Diamenty-Forbes-2024-Anter-System-1024x535.jpg","datePublished":"2023-12-07T08:34:39+00:00","dateModified":"2026-01-30T13:29:51+00:00","description":"Anter System ha sido galardonada con el premio Forbes Diamonds Poland 2024 como una de las empresas con un desarrollo m\u00e1s din\u00e1mico. Unas palabras nuestras","breadcrumb":{"@id":"https:\/\/antersystem.com\/es\/noticias\/forbes-diamonds-2024\/#breadcrumb"},"inLanguage":"es","potentialAction":[{"@type":"ReadAction","target":["https:\/\/antersystem.com\/es\/noticias\/forbes-diamonds-2024\/"]}]},{"@type":"ImageObject","inLanguage":"es","@id":"https:\/\/antersystem.com\/es\/noticias\/forbes-diamonds-2024\/#primaryimage","url":"https:\/\/antersystem.com\/wp-content\/uploads\/Diamenty-Forbes-2024-Anter-System-1024x535.jpg","contentUrl":"https:\/\/antersystem.com\/wp-content\/uploads\/Diamenty-Forbes-2024-Anter-System-1024x535.jpg"},{"@type":"BreadcrumbList","@id":"https:\/\/antersystem.com\/es\/noticias\/forbes-diamonds-2024\/#breadcrumb","itemListElement":[{"@type":"ListItem","position":1,"name":"AnterSystem","item":"https:\/\/antersystem.com\/es\/"},{"@type":"ListItem","position":2,"name":"Noticias","item":"https:\/\/antersystem.com\/es\/noticias\/"},{"@type":"ListItem","position":3,"name":"Forbes Diamantes 2024"}]},{"@type":"WebSite","@id":"https:\/\/antersystem.com\/es\/#website","url":"https:\/\/antersystem.com\/es\/","name":"Anter System","description":"Jeste\u015bmy polskim producentem elastycznych barier ochronnych wykonywanych z polimerowych tworzyw sztucznych. Na rynku krajowym i zagranicznym dzia\u0142amy od ponad 15 lat dbaj\u0105c o zapewnienie bezpiecze\u0144stwa w zak\u0142adach produkcyjnych, magazynach oraz centrach logistycznych.","potentialAction":[{"@type":"SearchAction","target":{"@type":"EntryPoint","urlTemplate":"https:\/\/antersystem.com\/es\/?s={search_term_string}"},"query-input":{"@type":"PropertyValueSpecification","valueRequired":true,"valueName":"search_term_string"}}],"inLanguage":"es"}]}},"_links":{"self":[{"href":"https:\/\/antersystem.com\/es\/wp-json\/wp\/v2\/pages\/15541","targetHints":{"allow":["GET"]}}],"collection":[{"href":"https:\/\/antersystem.com\/es\/wp-json\/wp\/v2\/pages"}],"about":[{"href":"https:\/\/antersystem.com\/es\/wp-json\/wp\/v2\/types\/page"}],"author":[{"embeddable":true,"href":"https:\/\/antersystem.com\/es\/wp-json\/wp\/v2\/users\/1"}],"replies":[{"embeddable":true,"href":"https:\/\/antersystem.com\/es\/wp-json\/wp\/v2\/comments?post=15541"}],"version-history":[{"count":1,"href":"https:\/\/antersystem.com\/es\/wp-json\/wp\/v2\/pages\/15541\/revisions"}],"predecessor-version":[{"id":15547,"href":"https:\/\/antersystem.com\/es\/wp-json\/wp\/v2\/pages\/15541\/revisions\/15547"}],"up":[{"embeddable":true,"href":"https:\/\/antersystem.com\/es\/wp-json\/wp\/v2\/pages\/30348"}],"wp:attachment":[{"href":"https:\/\/antersystem.com\/es\/wp-json\/wp\/v2\/media?parent=15541"}],"curies":[{"name":"wp","href":"https:\/\/api.w.org\/{rel}","templated":true}]}}