{"id":15556,"date":"2024-03-26T13:03:30","date_gmt":"2024-03-26T12:03:30","guid":{"rendered":"https:\/\/new.antersystem.com\/sawo-2024\/"},"modified":"2026-01-30T14:29:51","modified_gmt":"2026-01-30T13:29:51","slug":"sawo-2024","status":"publish","type":"page","link":"https:\/\/antersystem.com\/es\/noticias\/sawo-2024\/","title":{"rendered":"Ferias SAWO"},"content":{"rendered":"\n<div class=\"wp-block-columns is-layout-flex wp-container-core-columns-is-layout-9d6595d7 wp-block-columns-is-layout-flex\">\n<div class=\"wp-block-column is-layout-flow wp-block-column-is-layout-flow\" style=\"flex-basis:10%\"><\/div>\n\n\n\n<div class=\"wp-block-column is-layout-flow wp-block-column-is-layout-flow\">\n<h3 class=\"wp-block-heading\">Seguridad en el trabajo y respuesta a emergencias &#8211; Feria SAWO&#8217;24 en Pozna\u0144.<\/h3>\n\n\n\n<p>Si las naves de producci\u00f3n, los almacenes y otras instalaciones industriales estuvieran mejor protegidas, el n\u00famero de accidentes ser\u00eda sin duda mucho menor. Parece que ampliar los conocimientos en este campo podr\u00eda ser interminable, y eso es bueno. Otra oportunidad para hacerlo tendr\u00e1 lugar en la segunda quincena de abril, del 23 al 25 de abril en Pozna\u0144. <strong>La Feria Internacional de Seguridad en el Trabajo, Protecci\u00f3n contra Incendios y Salvamento SAWO<\/strong> es la mayor feria de seguridad y salud en el trabajo de Europa Central y Oriental.<\/p>\n\n\n\n<p>Durante el evento se presentar\u00e1n los \u00faltimos logros de los <strong>fabricantes<\/strong> polacos e internacionales <strong>de equipos y soluciones dedicados a la seguridad, la protecci\u00f3n de la salud y el trabajo<\/strong>. La feria SAWO es tambi\u00e9n un espacio para mostrar tecnolog\u00edas avanzadas utilizadas en operaciones de rescate especializadas. Los visitantes pueden esperar no s\u00f3lo una exposici\u00f3n diversa, sino tambi\u00e9n la oportunidad de participar en conferencias tem\u00e1ticas y espectaculares demostraciones en directo.<\/p>\n\n\n\n<p>Hace a\u00f1os que se debate c\u00f3mo proteger adecuadamente a los empleados y los activos de la empresa contra las consecuencias de los errores humanos y los accidentes. Uno de los principales retos a los que se enfrentan los empresarios modernos es la necesidad de adaptar la protecci\u00f3n de las instalaciones a unas condiciones de mercado que cambian din\u00e1micamente, as\u00ed como a las nuevas soluciones y tecnolog\u00edas. Tenemos la intenci\u00f3n de compartir nuestros conocimientos sobre este tema durante la feria SAWO.<\/p>\n\n\n\n<p>Entre las mayores <a href=\"https:\/\/antersystem.com\/nasze-systemy\/\"><strong>ventajas de los sistemas de barrera flexible Anter System<\/strong><\/a> son su construcci\u00f3n robusta y la posibilidad de ampliarlos de forma flexible con m\u00f3dulos adicionales. Su precio asequible -especialmente en relaci\u00f3n con la calidad del producto- tambi\u00e9n es significativo. Las barreras flexibles aumentan el nivel de seguridad de las operaciones con carretillas elevadoras, ayudando a proteger a otros empleados de las consecuencias de los errores del operador. Al mismo tiempo, el uso de barreras absorbentes de energ\u00eda en instalaciones industriales conlleva reducciones de costes cuantificables y a largo plazo, gracias a una mejor protecci\u00f3n de la carga y a la optimizaci\u00f3n del espacio del almac\u00e9n. Estos productos permiten almacenar mercanc\u00edas de forma segura y c\u00f3moda a gran altura, sin riesgo, por ejemplo, de desplazamiento accidental.<\/p>\n\n\n\n<p>As\u00ed que, \u00a1nos vemos en la pr\u00f3xima edici\u00f3n! Te invitamos a ver de cerca nuestros productos: <strong>Pabell\u00f3n 3A (planta baja), stand n\u00ba 121<\/strong>.<\/p>\n\n\n\n<p>Enlace al evento: <a href=\"https:\/\/targisawo.pl\/pl\/program-wydarzen\/\"><strong>targisawo.pl<\/strong><\/a><\/p>\n\n\n\n<p><strong>#SAWO #tradefair #rescate #OHS<\/strong> <strong>#flexiblesafetybarriers<\/strong><\/p>\n<\/div>\n\n\n\n<div class=\"wp-block-column is-layout-flow wp-block-column-is-layout-flow\" style=\"flex-basis:10%\"><\/div>\n<\/div>\n<div class=\"wp-block-image\">\n<figure class=\"aligncenter size-large is-resized\"><img loading=\"lazy\" decoding=\"async\" width=\"1024\" height=\"535\" src=\"https:\/\/antersystem.com\/wp-content\/uploads\/SAWO-targi-ochrony-pracy-pozarnictwa-i-ratownictwa-Anter-System-1024x535.webp\" alt=\"\" class=\"wp-image-4389\" style=\"width:720px;height:auto\" srcset=\"https:\/\/antersystem.com\/wp-content\/uploads\/SAWO-targi-ochrony-pracy-pozarnictwa-i-ratownictwa-Anter-System-1024x535.webp 1024w, https:\/\/antersystem.com\/wp-content\/uploads\/SAWO-targi-ochrony-pracy-pozarnictwa-i-ratownictwa-Anter-System-300x157.webp 300w, https:\/\/antersystem.com\/wp-content\/uploads\/SAWO-targi-ochrony-pracy-pozarnictwa-i-ratownictwa-Anter-System-768x401.webp 768w, https:\/\/antersystem.com\/wp-content\/uploads\/SAWO-targi-ochrony-pracy-pozarnictwa-i-ratownictwa-Anter-System-450x235.webp 450w, https:\/\/antersystem.com\/wp-content\/uploads\/SAWO-targi-ochrony-pracy-pozarnictwa-i-ratownictwa-Anter-System-330x172.webp 330w, https:\/\/antersystem.com\/wp-content\/uploads\/SAWO-targi-ochrony-pracy-pozarnictwa-i-ratownictwa-Anter-System.webp 1200w\" sizes=\"auto, (max-width: 1024px) 100vw, 1024px\" \/><\/figure><\/div>","protected":false},"excerpt":{"rendered":"<p>Seguridad en el trabajo y respuesta a emergencias &#8211; Feria SAWO&#8217;24 en Pozna\u0144. Si las naves de producci\u00f3n, los almacenes y otras instalaciones industriales estuvieran mejor protegidas, el n\u00famero de accidentes ser\u00eda sin duda mucho menor. Parece que ampliar los conocimientos en este campo podr\u00eda ser interminable, y eso es bueno. Otra oportunidad para hacerlo [&hellip;]<\/p>\n","protected":false},"author":1,"featured_media":0,"parent":30348,"menu_order":0,"comment_status":"closed","ping_status":"closed","template":"","meta":{"inline_featured_image":false,"ngg_post_thumbnail":0,"footnotes":""},"class_list":["post-15556","page","type-page","status-publish","hentry"],"acf":[],"yoast_head":"<!-- This site is optimized with the Yoast SEO plugin v27.0 - https:\/\/yoast.com\/product\/yoast-seo-wordpress\/ -->\n<title>Ferias SAWO - Anter System<\/title>\n<meta name=\"description\" content=\"Seguridad en el trabajo y respuesta a emergencias - Feria SAWO&#039;24 en Pozna\u0144. Si las naves de producci\u00f3n, los almacenes y otras instalaciones industriales\" \/>\n<meta name=\"robots\" content=\"index, follow, max-snippet:-1, max-image-preview:large, max-video-preview:-1\" \/>\n<link rel=\"canonical\" href=\"https:\/\/antersystem.com\/es\/noticias\/sawo-2024\/\" \/>\n<meta property=\"og:locale\" content=\"es_ES\" \/>\n<meta property=\"og:type\" content=\"article\" \/>\n<meta property=\"og:title\" content=\"Ferias SAWO - Anter System\" \/>\n<meta property=\"og:description\" content=\"Seguridad en el trabajo y respuesta a emergencias - Feria SAWO&#039;24 en Pozna\u0144. Si las naves de producci\u00f3n, los almacenes y otras instalaciones industriales\" \/>\n<meta property=\"og:url\" content=\"https:\/\/antersystem.com\/es\/noticias\/sawo-2024\/\" \/>\n<meta property=\"og:site_name\" content=\"Anter System\" \/>\n<meta property=\"article:modified_time\" content=\"2026-01-30T13:29:51+00:00\" \/>\n<meta property=\"og:image\" content=\"https:\/\/antersystem.com\/wp-content\/uploads\/SAWO-targi-ochrony-pracy-pozarnictwa-i-ratownictwa-Anter-System-1024x535.webp\" \/>\n<meta name=\"twitter:card\" content=\"summary_large_image\" \/>\n<meta name=\"twitter:label1\" content=\"Tiempo de lectura\" \/>\n\t<meta name=\"twitter:data1\" content=\"2 minutos\" \/>\n<script type=\"application\/ld+json\" class=\"yoast-schema-graph\">{\"@context\":\"https:\/\/schema.org\",\"@graph\":[{\"@type\":\"WebPage\",\"@id\":\"https:\/\/antersystem.com\/es\/noticias\/sawo-2024\/\",\"url\":\"https:\/\/antersystem.com\/es\/noticias\/sawo-2024\/\",\"name\":\"Ferias SAWO - Anter System\",\"isPartOf\":{\"@id\":\"https:\/\/antersystem.com\/es\/#website\"},\"primaryImageOfPage\":{\"@id\":\"https:\/\/antersystem.com\/es\/noticias\/sawo-2024\/#primaryimage\"},\"image\":{\"@id\":\"https:\/\/antersystem.com\/es\/noticias\/sawo-2024\/#primaryimage\"},\"thumbnailUrl\":\"https:\/\/antersystem.com\/wp-content\/uploads\/SAWO-targi-ochrony-pracy-pozarnictwa-i-ratownictwa-Anter-System-1024x535.webp\",\"datePublished\":\"2024-03-26T12:03:30+00:00\",\"dateModified\":\"2026-01-30T13:29:51+00:00\",\"description\":\"Seguridad en el trabajo y respuesta a emergencias - Feria SAWO'24 en Pozna\u0144. Si las naves de producci\u00f3n, los almacenes y otras instalaciones industriales\",\"breadcrumb\":{\"@id\":\"https:\/\/antersystem.com\/es\/noticias\/sawo-2024\/#breadcrumb\"},\"inLanguage\":\"es\",\"potentialAction\":[{\"@type\":\"ReadAction\",\"target\":[\"https:\/\/antersystem.com\/es\/noticias\/sawo-2024\/\"]}]},{\"@type\":\"ImageObject\",\"inLanguage\":\"es\",\"@id\":\"https:\/\/antersystem.com\/es\/noticias\/sawo-2024\/#primaryimage\",\"url\":\"https:\/\/antersystem.com\/wp-content\/uploads\/SAWO-targi-ochrony-pracy-pozarnictwa-i-ratownictwa-Anter-System-1024x535.webp\",\"contentUrl\":\"https:\/\/antersystem.com\/wp-content\/uploads\/SAWO-targi-ochrony-pracy-pozarnictwa-i-ratownictwa-Anter-System-1024x535.webp\"},{\"@type\":\"BreadcrumbList\",\"@id\":\"https:\/\/antersystem.com\/es\/noticias\/sawo-2024\/#breadcrumb\",\"itemListElement\":[{\"@type\":\"ListItem\",\"position\":1,\"name\":\"AnterSystem\",\"item\":\"https:\/\/antersystem.com\/es\/\"},{\"@type\":\"ListItem\",\"position\":2,\"name\":\"Noticias\",\"item\":\"https:\/\/antersystem.com\/es\/noticias\/\"},{\"@type\":\"ListItem\",\"position\":3,\"name\":\"Ferias SAWO\"}]},{\"@type\":\"WebSite\",\"@id\":\"https:\/\/antersystem.com\/es\/#website\",\"url\":\"https:\/\/antersystem.com\/es\/\",\"name\":\"Anter System\",\"description\":\"Jeste\u015bmy polskim producentem elastycznych barier ochronnych wykonywanych z polimerowych tworzyw sztucznych. Na rynku krajowym i zagranicznym dzia\u0142amy od ponad 15 lat dbaj\u0105c o zapewnienie bezpiecze\u0144stwa w zak\u0142adach produkcyjnych, magazynach oraz centrach logistycznych.\",\"potentialAction\":[{\"@type\":\"SearchAction\",\"target\":{\"@type\":\"EntryPoint\",\"urlTemplate\":\"https:\/\/antersystem.com\/es\/?s={search_term_string}\"},\"query-input\":{\"@type\":\"PropertyValueSpecification\",\"valueRequired\":true,\"valueName\":\"search_term_string\"}}],\"inLanguage\":\"es\"}]}<\/script>\n<!-- \/ Yoast SEO plugin. -->","yoast_head_json":{"title":"Ferias SAWO - Anter System","description":"Seguridad en el trabajo y respuesta a emergencias - Feria SAWO'24 en Pozna\u0144. Si las naves de producci\u00f3n, los almacenes y otras instalaciones industriales","robots":{"index":"index","follow":"follow","max-snippet":"max-snippet:-1","max-image-preview":"max-image-preview:large","max-video-preview":"max-video-preview:-1"},"canonical":"https:\/\/antersystem.com\/es\/noticias\/sawo-2024\/","og_locale":"es_ES","og_type":"article","og_title":"Ferias SAWO - Anter System","og_description":"Seguridad en el trabajo y respuesta a emergencias - Feria SAWO'24 en Pozna\u0144. Si las naves de producci\u00f3n, los almacenes y otras instalaciones industriales","og_url":"https:\/\/antersystem.com\/es\/noticias\/sawo-2024\/","og_site_name":"Anter System","article_modified_time":"2026-01-30T13:29:51+00:00","og_image":[{"url":"https:\/\/antersystem.com\/wp-content\/uploads\/SAWO-targi-ochrony-pracy-pozarnictwa-i-ratownictwa-Anter-System-1024x535.webp","type":"","width":"","height":""}],"twitter_card":"summary_large_image","twitter_misc":{"Tiempo de lectura":"2 minutos"},"schema":{"@context":"https:\/\/schema.org","@graph":[{"@type":"WebPage","@id":"https:\/\/antersystem.com\/es\/noticias\/sawo-2024\/","url":"https:\/\/antersystem.com\/es\/noticias\/sawo-2024\/","name":"Ferias SAWO - Anter System","isPartOf":{"@id":"https:\/\/antersystem.com\/es\/#website"},"primaryImageOfPage":{"@id":"https:\/\/antersystem.com\/es\/noticias\/sawo-2024\/#primaryimage"},"image":{"@id":"https:\/\/antersystem.com\/es\/noticias\/sawo-2024\/#primaryimage"},"thumbnailUrl":"https:\/\/antersystem.com\/wp-content\/uploads\/SAWO-targi-ochrony-pracy-pozarnictwa-i-ratownictwa-Anter-System-1024x535.webp","datePublished":"2024-03-26T12:03:30+00:00","dateModified":"2026-01-30T13:29:51+00:00","description":"Seguridad en el trabajo y respuesta a emergencias - Feria SAWO'24 en Pozna\u0144. Si las naves de producci\u00f3n, los almacenes y otras instalaciones industriales","breadcrumb":{"@id":"https:\/\/antersystem.com\/es\/noticias\/sawo-2024\/#breadcrumb"},"inLanguage":"es","potentialAction":[{"@type":"ReadAction","target":["https:\/\/antersystem.com\/es\/noticias\/sawo-2024\/"]}]},{"@type":"ImageObject","inLanguage":"es","@id":"https:\/\/antersystem.com\/es\/noticias\/sawo-2024\/#primaryimage","url":"https:\/\/antersystem.com\/wp-content\/uploads\/SAWO-targi-ochrony-pracy-pozarnictwa-i-ratownictwa-Anter-System-1024x535.webp","contentUrl":"https:\/\/antersystem.com\/wp-content\/uploads\/SAWO-targi-ochrony-pracy-pozarnictwa-i-ratownictwa-Anter-System-1024x535.webp"},{"@type":"BreadcrumbList","@id":"https:\/\/antersystem.com\/es\/noticias\/sawo-2024\/#breadcrumb","itemListElement":[{"@type":"ListItem","position":1,"name":"AnterSystem","item":"https:\/\/antersystem.com\/es\/"},{"@type":"ListItem","position":2,"name":"Noticias","item":"https:\/\/antersystem.com\/es\/noticias\/"},{"@type":"ListItem","position":3,"name":"Ferias SAWO"}]},{"@type":"WebSite","@id":"https:\/\/antersystem.com\/es\/#website","url":"https:\/\/antersystem.com\/es\/","name":"Anter System","description":"Jeste\u015bmy polskim producentem elastycznych barier ochronnych wykonywanych z polimerowych tworzyw sztucznych. Na rynku krajowym i zagranicznym dzia\u0142amy od ponad 15 lat dbaj\u0105c o zapewnienie bezpiecze\u0144stwa w zak\u0142adach produkcyjnych, magazynach oraz centrach logistycznych.","potentialAction":[{"@type":"SearchAction","target":{"@type":"EntryPoint","urlTemplate":"https:\/\/antersystem.com\/es\/?s={search_term_string}"},"query-input":{"@type":"PropertyValueSpecification","valueRequired":true,"valueName":"search_term_string"}}],"inLanguage":"es"}]}},"_links":{"self":[{"href":"https:\/\/antersystem.com\/es\/wp-json\/wp\/v2\/pages\/15556","targetHints":{"allow":["GET"]}}],"collection":[{"href":"https:\/\/antersystem.com\/es\/wp-json\/wp\/v2\/pages"}],"about":[{"href":"https:\/\/antersystem.com\/es\/wp-json\/wp\/v2\/types\/page"}],"author":[{"embeddable":true,"href":"https:\/\/antersystem.com\/es\/wp-json\/wp\/v2\/users\/1"}],"replies":[{"embeddable":true,"href":"https:\/\/antersystem.com\/es\/wp-json\/wp\/v2\/comments?post=15556"}],"version-history":[{"count":1,"href":"https:\/\/antersystem.com\/es\/wp-json\/wp\/v2\/pages\/15556\/revisions"}],"predecessor-version":[{"id":15562,"href":"https:\/\/antersystem.com\/es\/wp-json\/wp\/v2\/pages\/15556\/revisions\/15562"}],"up":[{"embeddable":true,"href":"https:\/\/antersystem.com\/es\/wp-json\/wp\/v2\/pages\/30348"}],"wp:attachment":[{"href":"https:\/\/antersystem.com\/es\/wp-json\/wp\/v2\/media?parent=15556"}],"curies":[{"name":"wp","href":"https:\/\/api.w.org\/{rel}","templated":true}]}}