{"id":15616,"date":"2023-10-09T09:58:06","date_gmt":"2023-10-09T07:58:06","guid":{"rendered":"https:\/\/new.antersystem.com\/modernlog-2023\/"},"modified":"2026-01-30T14:29:51","modified_gmt":"2026-01-30T13:29:51","slug":"modernlog-2023","status":"publish","type":"page","link":"https:\/\/antersystem.com\/es\/noticias\/modernlog-2023\/","title":{"rendered":"Modernlog 2023"},"content":{"rendered":"\n<div class=\"wp-block-columns is-layout-flex wp-container-core-columns-is-layout-9d6595d7 wp-block-columns-is-layout-flex\">\n<div class=\"wp-block-column is-layout-flow wp-block-column-is-layout-flow\" style=\"flex-basis:10%\"><\/div>\n\n\n\n<div class=\"wp-block-column is-layout-flow wp-block-column-is-layout-flow\">\n<h3 class=\"wp-block-heading\">Anter System en Modernlog 2023<\/h3>\n\n\n\n<p style=\"text-align: left;\">Estamos encantados de haber participado en MODERNLOG, la feria l\u00edder del sector de la log\u00edstica, el almacenamiento y el transporte. Como fabricante de renombre de barreras de seguridad flexibles, Anter System tuvo una gran oportunidad de presentar sus soluciones innovadoras a un amplio p\u00fablico profesional.<\/p>\n<p style=\"text-align: left;\">Te invitamos a ver nuestro v\u00eddeo resumen del acto. Descubre c\u00f3mo presentamos nuestras soluciones dise\u00f1adas para optimizar las operaciones log\u00edsticas aumentando la seguridad y la eficacia en los entornos de almac\u00e9n. El v\u00eddeo tambi\u00e9n destaca nuestras interacciones con clientes y socios, as\u00ed como nuestra participaci\u00f3n en debates inspiradores sobre el futuro del sector.<\/p>\n<p style=\"text-align: left;\">Durante MODERNLOG, nuestras barreras de seguridad flexibles obtuvieron el reconocimiento de muchos especialistas del sector, lo que confirma que Anter System est\u00e1 a la vanguardia de la innovaci\u00f3n en seguridad de almacenes.<\/p>\n<p style=\"text-align: left;\">Te invitamos cordialmente a que veas el v\u00eddeo y experimentes el ambiente de este acto inspirador. Mira c\u00f3mo Anter System contribuye a dar forma al futuro del sector log\u00edstico.<\/p>\n\n\n<p><video style=\"width: 100%; height: auto;\" controls><source src=\"https:\/\/antersystem.com\/wp-content\/uploads\/antersystem_small_Modernlog.mp4\" type=\"video\/mp4\"><\/video><\/p>\n<\/div>\n\n\n\n<div class=\"wp-block-column is-layout-flow wp-block-column-is-layout-flow\" style=\"flex-basis:10%\"><\/div>\n<\/div>\n","protected":false},"excerpt":{"rendered":"<p>Anter System en Modernlog 2023 Estamos encantados de haber participado en MODERNLOG, la feria l\u00edder del sector de la log\u00edstica, el almacenamiento y el transporte. Como fabricante de renombre de barreras de seguridad flexibles, Anter System tuvo una gran oportunidad de presentar sus soluciones innovadoras a un amplio p\u00fablico profesional. Te invitamos a ver nuestro [&hellip;]<\/p>\n","protected":false},"author":1,"featured_media":0,"parent":30348,"menu_order":0,"comment_status":"closed","ping_status":"closed","template":"","meta":{"inline_featured_image":false,"ngg_post_thumbnail":0,"footnotes":""},"class_list":["post-15616","page","type-page","status-publish","hentry"],"acf":[],"yoast_head":"<!-- This site is optimized with the Yoast SEO plugin v27.0 - https:\/\/yoast.com\/product\/yoast-seo-wordpress\/ -->\n<title>Modernlog 2023 - Anter System<\/title>\n<meta name=\"description\" content=\"Anter System, un renombrado fabricante de barriles de acero inoxidable, ha conseguido un gran \u00e9xito en el mercado de Modernlog 2023.\" \/>\n<meta name=\"robots\" content=\"index, follow, max-snippet:-1, max-image-preview:large, max-video-preview:-1\" \/>\n<link rel=\"canonical\" href=\"https:\/\/antersystem.com\/es\/noticias\/modernlog-2023\/\" \/>\n<meta property=\"og:locale\" content=\"es_ES\" \/>\n<meta property=\"og:type\" content=\"article\" \/>\n<meta property=\"og:title\" content=\"Modernlog 2023 - Anter System\" \/>\n<meta property=\"og:description\" content=\"Anter System, un renombrado fabricante de barriles de acero inoxidable, ha conseguido un gran \u00e9xito en el mercado de Modernlog 2023.\" \/>\n<meta property=\"og:url\" content=\"https:\/\/antersystem.com\/es\/noticias\/modernlog-2023\/\" \/>\n<meta property=\"og:site_name\" content=\"Anter System\" \/>\n<meta property=\"article:modified_time\" content=\"2026-01-30T13:29:51+00:00\" \/>\n<meta name=\"twitter:card\" content=\"summary_large_image\" \/>\n<meta name=\"twitter:label1\" content=\"Tiempo de lectura\" \/>\n\t<meta name=\"twitter:data1\" content=\"1 minuto\" \/>\n<script type=\"application\/ld+json\" class=\"yoast-schema-graph\">{\"@context\":\"https:\/\/schema.org\",\"@graph\":[{\"@type\":\"WebPage\",\"@id\":\"https:\/\/antersystem.com\/es\/noticias\/modernlog-2023\/\",\"url\":\"https:\/\/antersystem.com\/es\/noticias\/modernlog-2023\/\",\"name\":\"Modernlog 2023 - Anter System\",\"isPartOf\":{\"@id\":\"https:\/\/antersystem.com\/es\/#website\"},\"datePublished\":\"2023-10-09T07:58:06+00:00\",\"dateModified\":\"2026-01-30T13:29:51+00:00\",\"description\":\"Anter System, un renombrado fabricante de barriles de acero inoxidable, ha conseguido un gran \u00e9xito en el mercado de Modernlog 2023.\",\"breadcrumb\":{\"@id\":\"https:\/\/antersystem.com\/es\/noticias\/modernlog-2023\/#breadcrumb\"},\"inLanguage\":\"es\",\"potentialAction\":[{\"@type\":\"ReadAction\",\"target\":[\"https:\/\/antersystem.com\/es\/noticias\/modernlog-2023\/\"]}]},{\"@type\":\"BreadcrumbList\",\"@id\":\"https:\/\/antersystem.com\/es\/noticias\/modernlog-2023\/#breadcrumb\",\"itemListElement\":[{\"@type\":\"ListItem\",\"position\":1,\"name\":\"AnterSystem\",\"item\":\"https:\/\/antersystem.com\/es\/\"},{\"@type\":\"ListItem\",\"position\":2,\"name\":\"Noticias\",\"item\":\"https:\/\/antersystem.com\/es\/noticias\/\"},{\"@type\":\"ListItem\",\"position\":3,\"name\":\"Modernlog 2023\"}]},{\"@type\":\"WebSite\",\"@id\":\"https:\/\/antersystem.com\/es\/#website\",\"url\":\"https:\/\/antersystem.com\/es\/\",\"name\":\"Anter System\",\"description\":\"Jeste\u015bmy polskim producentem elastycznych barier ochronnych wykonywanych z polimerowych tworzyw sztucznych. Na rynku krajowym i zagranicznym dzia\u0142amy od ponad 15 lat dbaj\u0105c o zapewnienie bezpiecze\u0144stwa w zak\u0142adach produkcyjnych, magazynach oraz centrach logistycznych.\",\"potentialAction\":[{\"@type\":\"SearchAction\",\"target\":{\"@type\":\"EntryPoint\",\"urlTemplate\":\"https:\/\/antersystem.com\/es\/?s={search_term_string}\"},\"query-input\":{\"@type\":\"PropertyValueSpecification\",\"valueRequired\":true,\"valueName\":\"search_term_string\"}}],\"inLanguage\":\"es\"}]}<\/script>\n<!-- \/ Yoast SEO plugin. -->","yoast_head_json":{"title":"Modernlog 2023 - Anter System","description":"Anter System, un renombrado fabricante de barriles de acero inoxidable, ha conseguido un gran \u00e9xito en el mercado de Modernlog 2023.","robots":{"index":"index","follow":"follow","max-snippet":"max-snippet:-1","max-image-preview":"max-image-preview:large","max-video-preview":"max-video-preview:-1"},"canonical":"https:\/\/antersystem.com\/es\/noticias\/modernlog-2023\/","og_locale":"es_ES","og_type":"article","og_title":"Modernlog 2023 - Anter System","og_description":"Anter System, un renombrado fabricante de barriles de acero inoxidable, ha conseguido un gran \u00e9xito en el mercado de Modernlog 2023.","og_url":"https:\/\/antersystem.com\/es\/noticias\/modernlog-2023\/","og_site_name":"Anter System","article_modified_time":"2026-01-30T13:29:51+00:00","twitter_card":"summary_large_image","twitter_misc":{"Tiempo de lectura":"1 minuto"},"schema":{"@context":"https:\/\/schema.org","@graph":[{"@type":"WebPage","@id":"https:\/\/antersystem.com\/es\/noticias\/modernlog-2023\/","url":"https:\/\/antersystem.com\/es\/noticias\/modernlog-2023\/","name":"Modernlog 2023 - Anter System","isPartOf":{"@id":"https:\/\/antersystem.com\/es\/#website"},"datePublished":"2023-10-09T07:58:06+00:00","dateModified":"2026-01-30T13:29:51+00:00","description":"Anter System, un renombrado fabricante de barriles de acero inoxidable, ha conseguido un gran \u00e9xito en el mercado de Modernlog 2023.","breadcrumb":{"@id":"https:\/\/antersystem.com\/es\/noticias\/modernlog-2023\/#breadcrumb"},"inLanguage":"es","potentialAction":[{"@type":"ReadAction","target":["https:\/\/antersystem.com\/es\/noticias\/modernlog-2023\/"]}]},{"@type":"BreadcrumbList","@id":"https:\/\/antersystem.com\/es\/noticias\/modernlog-2023\/#breadcrumb","itemListElement":[{"@type":"ListItem","position":1,"name":"AnterSystem","item":"https:\/\/antersystem.com\/es\/"},{"@type":"ListItem","position":2,"name":"Noticias","item":"https:\/\/antersystem.com\/es\/noticias\/"},{"@type":"ListItem","position":3,"name":"Modernlog 2023"}]},{"@type":"WebSite","@id":"https:\/\/antersystem.com\/es\/#website","url":"https:\/\/antersystem.com\/es\/","name":"Anter System","description":"Jeste\u015bmy polskim producentem elastycznych barier ochronnych wykonywanych z polimerowych tworzyw sztucznych. Na rynku krajowym i zagranicznym dzia\u0142amy od ponad 15 lat dbaj\u0105c o zapewnienie bezpiecze\u0144stwa w zak\u0142adach produkcyjnych, magazynach oraz centrach logistycznych.","potentialAction":[{"@type":"SearchAction","target":{"@type":"EntryPoint","urlTemplate":"https:\/\/antersystem.com\/es\/?s={search_term_string}"},"query-input":{"@type":"PropertyValueSpecification","valueRequired":true,"valueName":"search_term_string"}}],"inLanguage":"es"}]}},"_links":{"self":[{"href":"https:\/\/antersystem.com\/es\/wp-json\/wp\/v2\/pages\/15616","targetHints":{"allow":["GET"]}}],"collection":[{"href":"https:\/\/antersystem.com\/es\/wp-json\/wp\/v2\/pages"}],"about":[{"href":"https:\/\/antersystem.com\/es\/wp-json\/wp\/v2\/types\/page"}],"author":[{"embeddable":true,"href":"https:\/\/antersystem.com\/es\/wp-json\/wp\/v2\/users\/1"}],"replies":[{"embeddable":true,"href":"https:\/\/antersystem.com\/es\/wp-json\/wp\/v2\/comments?post=15616"}],"version-history":[{"count":1,"href":"https:\/\/antersystem.com\/es\/wp-json\/wp\/v2\/pages\/15616\/revisions"}],"predecessor-version":[{"id":15617,"href":"https:\/\/antersystem.com\/es\/wp-json\/wp\/v2\/pages\/15616\/revisions\/15617"}],"up":[{"embeddable":true,"href":"https:\/\/antersystem.com\/es\/wp-json\/wp\/v2\/pages\/30348"}],"wp:attachment":[{"href":"https:\/\/antersystem.com\/es\/wp-json\/wp\/v2\/media?parent=15616"}],"curies":[{"name":"wp","href":"https:\/\/api.w.org\/{rel}","templated":true}]}}