{"id":15656,"date":"2023-11-15T15:46:20","date_gmt":"2023-11-15T14:46:20","guid":{"rendered":"https:\/\/new.antersystem.com\/axon-intralogistyka-magazynowanie-2023\/"},"modified":"2026-01-30T14:29:51","modified_gmt":"2026-01-30T13:29:51","slug":"axon-intralogistyka-magazynowanie-2023","status":"publish","type":"page","link":"https:\/\/antersystem.com\/es\/noticias\/axon-intralogistyka-magazynowanie-2023\/","title":{"rendered":"\u00bfC\u00f3mo utilizar el espacio de forma eficiente y almacenar con seguridad?"},"content":{"rendered":"\n<div class=\"wp-block-columns is-layout-flex wp-container-core-columns-is-layout-9d6595d7 wp-block-columns-is-layout-flex\">\n  \n  <div class=\"wp-block-column is-layout-flow wp-block-column-is-layout-flow\" style=\"flex-basis:10%\"><\/div>\n  \n\n  \n  <div class=\"wp-block-column is-layout-flow wp-block-column-is-layout-flow\">\n    \n    <h3 class=\"wp-block-heading\">\u00bfC\u00f3mo utilizar eficazmente el espacio y garantizar un almacenamiento seguro?<\/h3>\n    \n\n    \n    <p><strong>\u00danete a nosotros el 23 de noviembre para una Conferencia T\u00e9cnica gratuita en <\/strong><strong>Hotel Terminal \/ Wroc\u0142aw &#8211; <\/strong><strong><a href=\"https:\/\/www.axonmedia.pl\/konferencje\/program\/intralogistyka-magazynowanie-2023-wroclaw\/\">\u00abRozwi\u0105zania intralogistyczne i magazynowe\u00bb (Rozwi\u0105zania intralogistyczne y magazynowe)<\/a><\/strong><\/p>\n    <p>Aqu\u00ed, profesionales y expertos de diversos sectores compartir\u00e1n sus conocimientos y experiencia en la mejora de los procesos internos, adem\u00e1s de debatir los retos y errores que surgen al adaptar las operaciones log\u00edsticas a las necesidades de las instalaciones modernas.<\/p>\n    <p>Expertos de Anter System estar\u00e1n in situ para demostrar c\u00f3mo aplicar soluciones que ahorran tiempo y dinero. Los encontrar\u00e1s en la exposici\u00f3n de barreras de seguridad flexibles. Durante todo el d\u00eda se expondr\u00e1n <a href=\"https:\/\/antersystem.com\/wiedza-i-nowosci\/bariery-ochronne-z-polimerowych-tworzyw\/\">los \u00faltimos productos<\/a> de esta categor\u00eda. Si est\u00e1s en proceso de redise\u00f1ar tu cadena de suministro, optimizar los dise\u00f1os de producci\u00f3n o implantar la automatizaci\u00f3n de procesos, \u00a1ven y \u00fanete a nosotros! Hablemos de c\u00f3mo elevar los niveles de seguridad en tus instalaciones e integrar los equipos de protecci\u00f3n con los sistemas de automatizaci\u00f3n de edificios. Aunque est\u00e9s empezando a explorar estos temas, las barreras de seguridad y productos como los soportes para remolques pueden ayudarte a ver c\u00f3mo estas mejoras mejoran tanto la calidad del lugar de trabajo como la eficiencia financiera.<\/p>\n    <p><strong>El programa de la conferencia<\/strong> abarca una amplia gama de temas, lo que permite a cada participante encontrar soluciones tecnol\u00f3gicas adaptadas a sus necesidades.<\/p>\n    <p>El d\u00eda anterior, el <strong>22 de noviembre<\/strong>, en el mismo lugar, tendr\u00e1 lugar otra Conferencia T\u00e9cnica &#8211; <strong>\u00abFiabilidad y Mantenimiento en las Instalaciones de Fabricaci\u00f3n<\/strong> \u00ab- que tambi\u00e9n recomendamos encarecidamente en nombre del organizador, Axon Media.<\/p>\n    <p>&nbsp;<\/p>\n    <p>Hotel Terminal &#8211; Centro Din\u00e1mico de Congresos<br>Rakietowa 33<br>54-615 Wroclaw<\/p>\n    <p>&nbsp;<\/p>\n    \n\n    <div class=\"wp-block-image\">\n    <figure class=\"aligncenter size-large is-resized\"><img loading=\"lazy\" decoding=\"async\" width=\"1024\" height=\"535\" src=\"https:\/\/antersystem.com\/wp-content\/uploads\/Konferencja-Axon-Media-Anter-System-2023-2-1024x535.jpg\" alt=\"Anter System en la Conferencia T&#xE9;cnica Axon Media 2023\" class=\"wp-image-3540\" style=\"width:714px;height:auto\" srcset=\"https:\/\/antersystem.com\/wp-content\/uploads\/Konferencja-Axon-Media-Anter-System-2023-2-1024x535.jpg 1024w, https:\/\/antersystem.com\/wp-content\/uploads\/Konferencja-Axon-Media-Anter-System-2023-2-300x157.jpg 300w, https:\/\/antersystem.com\/wp-content\/uploads\/Konferencja-Axon-Media-Anter-System-2023-2-768x401.jpg 768w, https:\/\/antersystem.com\/wp-content\/uploads\/Konferencja-Axon-Media-Anter-System-2023-2-450x235.jpg 450w, https:\/\/antersystem.com\/wp-content\/uploads\/Konferencja-Axon-Media-Anter-System-2023-2-330x172.jpg 330w, https:\/\/antersystem.com\/wp-content\/uploads\/Konferencja-Axon-Media-Anter-System-2023-2.jpg 1200w\" sizes=\"auto, (max-width: 1024px) 100vw, 1024px\" \/><\/figure><\/div>\n  <\/div>\n  \n\n  \n  <div class=\"wp-block-column is-layout-flow wp-block-column-is-layout-flow\" style=\"flex-basis:10%\"><\/div>\n  \n<\/div>\n","protected":false},"excerpt":{"rendered":"<p>\u00bfC\u00f3mo utilizar eficazmente el espacio y garantizar un almacenamiento seguro? \u00danete a nosotros el 23 de noviembre para una Conferencia T\u00e9cnica gratuita en Hotel Terminal \/ Wroc\u0142aw &#8211; \u00abRozwi\u0105zania intralogistyczne i magazynowe\u00bb (Rozwi\u0105zania intralogistyczne y magazynowe) Aqu\u00ed, profesionales y expertos de diversos sectores compartir\u00e1n sus conocimientos y experiencia en la mejora de los procesos internos, [&hellip;]<\/p>\n","protected":false},"author":1,"featured_media":0,"parent":30348,"menu_order":0,"comment_status":"closed","ping_status":"closed","template":"","meta":{"inline_featured_image":false,"ngg_post_thumbnail":0,"footnotes":""},"class_list":["post-15656","page","type-page","status-publish","hentry"],"acf":[],"yoast_head":"<!-- This site is optimized with the Yoast SEO plugin v27.0 - https:\/\/yoast.com\/product\/yoast-seo-wordpress\/ -->\n<title>\u00bfC\u00f3mo utilizar el espacio de forma eficiente y almacenar con seguridad? - Anter System<\/title>\n<meta name=\"description\" content=\"\u00bfC\u00f3mo utilizar eficazmente el espacio y garantizar un almacenamiento seguro? \u00danete a nosotros el 23 de noviembre para una Conferencia T\u00e9cnica gratuita en\" \/>\n<meta name=\"robots\" content=\"index, follow, max-snippet:-1, max-image-preview:large, max-video-preview:-1\" \/>\n<link rel=\"canonical\" href=\"https:\/\/antersystem.com\/es\/noticias\/axon-intralogistyka-magazynowanie-2023\/\" \/>\n<meta property=\"og:locale\" content=\"es_ES\" \/>\n<meta property=\"og:type\" content=\"article\" \/>\n<meta property=\"og:title\" content=\"\u00bfC\u00f3mo utilizar el espacio de forma eficiente y almacenar con seguridad? - Anter System\" \/>\n<meta property=\"og:description\" content=\"\u00bfC\u00f3mo utilizar eficazmente el espacio y garantizar un almacenamiento seguro? \u00danete a nosotros el 23 de noviembre para una Conferencia T\u00e9cnica gratuita en\" \/>\n<meta property=\"og:url\" content=\"https:\/\/antersystem.com\/es\/noticias\/axon-intralogistyka-magazynowanie-2023\/\" \/>\n<meta property=\"og:site_name\" content=\"Anter System\" \/>\n<meta property=\"article:modified_time\" content=\"2026-01-30T13:29:51+00:00\" \/>\n<meta property=\"og:image\" content=\"https:\/\/antersystem.com\/wp-content\/uploads\/Konferencja-Axon-Media-Anter-System-2023-2-1024x535.jpg\" \/>\n<meta name=\"twitter:card\" content=\"summary_large_image\" \/>\n<meta name=\"twitter:label1\" content=\"Tiempo de lectura\" \/>\n\t<meta name=\"twitter:data1\" content=\"2 minutos\" \/>\n<script type=\"application\/ld+json\" class=\"yoast-schema-graph\">{\"@context\":\"https:\/\/schema.org\",\"@graph\":[{\"@type\":\"WebPage\",\"@id\":\"https:\/\/antersystem.com\/es\/noticias\/axon-intralogistyka-magazynowanie-2023\/\",\"url\":\"https:\/\/antersystem.com\/es\/noticias\/axon-intralogistyka-magazynowanie-2023\/\",\"name\":\"\u00bfC\u00f3mo utilizar el espacio de forma eficiente y almacenar con seguridad? - Anter System\",\"isPartOf\":{\"@id\":\"https:\/\/antersystem.com\/es\/#website\"},\"primaryImageOfPage\":{\"@id\":\"https:\/\/antersystem.com\/es\/noticias\/axon-intralogistyka-magazynowanie-2023\/#primaryimage\"},\"image\":{\"@id\":\"https:\/\/antersystem.com\/es\/noticias\/axon-intralogistyka-magazynowanie-2023\/#primaryimage\"},\"thumbnailUrl\":\"https:\/\/antersystem.com\/wp-content\/uploads\/Konferencja-Axon-Media-Anter-System-2023-2-1024x535.jpg\",\"datePublished\":\"2023-11-15T14:46:20+00:00\",\"dateModified\":\"2026-01-30T13:29:51+00:00\",\"description\":\"\u00bfC\u00f3mo utilizar eficazmente el espacio y garantizar un almacenamiento seguro? \u00danete a nosotros el 23 de noviembre para una Conferencia T\u00e9cnica gratuita en\",\"breadcrumb\":{\"@id\":\"https:\/\/antersystem.com\/es\/noticias\/axon-intralogistyka-magazynowanie-2023\/#breadcrumb\"},\"inLanguage\":\"es\",\"potentialAction\":[{\"@type\":\"ReadAction\",\"target\":[\"https:\/\/antersystem.com\/es\/noticias\/axon-intralogistyka-magazynowanie-2023\/\"]}]},{\"@type\":\"ImageObject\",\"inLanguage\":\"es\",\"@id\":\"https:\/\/antersystem.com\/es\/noticias\/axon-intralogistyka-magazynowanie-2023\/#primaryimage\",\"url\":\"https:\/\/antersystem.com\/wp-content\/uploads\/Konferencja-Axon-Media-Anter-System-2023-2-1024x535.jpg\",\"contentUrl\":\"https:\/\/antersystem.com\/wp-content\/uploads\/Konferencja-Axon-Media-Anter-System-2023-2-1024x535.jpg\"},{\"@type\":\"BreadcrumbList\",\"@id\":\"https:\/\/antersystem.com\/es\/noticias\/axon-intralogistyka-magazynowanie-2023\/#breadcrumb\",\"itemListElement\":[{\"@type\":\"ListItem\",\"position\":1,\"name\":\"AnterSystem\",\"item\":\"https:\/\/antersystem.com\/es\/\"},{\"@type\":\"ListItem\",\"position\":2,\"name\":\"Noticias\",\"item\":\"https:\/\/antersystem.com\/es\/noticias\/\"},{\"@type\":\"ListItem\",\"position\":3,\"name\":\"\u00bfC\u00f3mo utilizar el espacio de forma eficiente y almacenar con seguridad?\"}]},{\"@type\":\"WebSite\",\"@id\":\"https:\/\/antersystem.com\/es\/#website\",\"url\":\"https:\/\/antersystem.com\/es\/\",\"name\":\"Anter System\",\"description\":\"Jeste\u015bmy polskim producentem elastycznych barier ochronnych wykonywanych z polimerowych tworzyw sztucznych. Na rynku krajowym i zagranicznym dzia\u0142amy od ponad 15 lat dbaj\u0105c o zapewnienie bezpiecze\u0144stwa w zak\u0142adach produkcyjnych, magazynach oraz centrach logistycznych.\",\"potentialAction\":[{\"@type\":\"SearchAction\",\"target\":{\"@type\":\"EntryPoint\",\"urlTemplate\":\"https:\/\/antersystem.com\/es\/?s={search_term_string}\"},\"query-input\":{\"@type\":\"PropertyValueSpecification\",\"valueRequired\":true,\"valueName\":\"search_term_string\"}}],\"inLanguage\":\"es\"}]}<\/script>\n<!-- \/ Yoast SEO plugin. -->","yoast_head_json":{"title":"\u00bfC\u00f3mo utilizar el espacio de forma eficiente y almacenar con seguridad? - Anter System","description":"\u00bfC\u00f3mo utilizar eficazmente el espacio y garantizar un almacenamiento seguro? \u00danete a nosotros el 23 de noviembre para una Conferencia T\u00e9cnica gratuita en","robots":{"index":"index","follow":"follow","max-snippet":"max-snippet:-1","max-image-preview":"max-image-preview:large","max-video-preview":"max-video-preview:-1"},"canonical":"https:\/\/antersystem.com\/es\/noticias\/axon-intralogistyka-magazynowanie-2023\/","og_locale":"es_ES","og_type":"article","og_title":"\u00bfC\u00f3mo utilizar el espacio de forma eficiente y almacenar con seguridad? - Anter System","og_description":"\u00bfC\u00f3mo utilizar eficazmente el espacio y garantizar un almacenamiento seguro? \u00danete a nosotros el 23 de noviembre para una Conferencia T\u00e9cnica gratuita en","og_url":"https:\/\/antersystem.com\/es\/noticias\/axon-intralogistyka-magazynowanie-2023\/","og_site_name":"Anter System","article_modified_time":"2026-01-30T13:29:51+00:00","og_image":[{"url":"https:\/\/antersystem.com\/wp-content\/uploads\/Konferencja-Axon-Media-Anter-System-2023-2-1024x535.jpg","type":"","width":"","height":""}],"twitter_card":"summary_large_image","twitter_misc":{"Tiempo de lectura":"2 minutos"},"schema":{"@context":"https:\/\/schema.org","@graph":[{"@type":"WebPage","@id":"https:\/\/antersystem.com\/es\/noticias\/axon-intralogistyka-magazynowanie-2023\/","url":"https:\/\/antersystem.com\/es\/noticias\/axon-intralogistyka-magazynowanie-2023\/","name":"\u00bfC\u00f3mo utilizar el espacio de forma eficiente y almacenar con seguridad? - Anter System","isPartOf":{"@id":"https:\/\/antersystem.com\/es\/#website"},"primaryImageOfPage":{"@id":"https:\/\/antersystem.com\/es\/noticias\/axon-intralogistyka-magazynowanie-2023\/#primaryimage"},"image":{"@id":"https:\/\/antersystem.com\/es\/noticias\/axon-intralogistyka-magazynowanie-2023\/#primaryimage"},"thumbnailUrl":"https:\/\/antersystem.com\/wp-content\/uploads\/Konferencja-Axon-Media-Anter-System-2023-2-1024x535.jpg","datePublished":"2023-11-15T14:46:20+00:00","dateModified":"2026-01-30T13:29:51+00:00","description":"\u00bfC\u00f3mo utilizar eficazmente el espacio y garantizar un almacenamiento seguro? \u00danete a nosotros el 23 de noviembre para una Conferencia T\u00e9cnica gratuita en","breadcrumb":{"@id":"https:\/\/antersystem.com\/es\/noticias\/axon-intralogistyka-magazynowanie-2023\/#breadcrumb"},"inLanguage":"es","potentialAction":[{"@type":"ReadAction","target":["https:\/\/antersystem.com\/es\/noticias\/axon-intralogistyka-magazynowanie-2023\/"]}]},{"@type":"ImageObject","inLanguage":"es","@id":"https:\/\/antersystem.com\/es\/noticias\/axon-intralogistyka-magazynowanie-2023\/#primaryimage","url":"https:\/\/antersystem.com\/wp-content\/uploads\/Konferencja-Axon-Media-Anter-System-2023-2-1024x535.jpg","contentUrl":"https:\/\/antersystem.com\/wp-content\/uploads\/Konferencja-Axon-Media-Anter-System-2023-2-1024x535.jpg"},{"@type":"BreadcrumbList","@id":"https:\/\/antersystem.com\/es\/noticias\/axon-intralogistyka-magazynowanie-2023\/#breadcrumb","itemListElement":[{"@type":"ListItem","position":1,"name":"AnterSystem","item":"https:\/\/antersystem.com\/es\/"},{"@type":"ListItem","position":2,"name":"Noticias","item":"https:\/\/antersystem.com\/es\/noticias\/"},{"@type":"ListItem","position":3,"name":"\u00bfC\u00f3mo utilizar el espacio de forma eficiente y almacenar con seguridad?"}]},{"@type":"WebSite","@id":"https:\/\/antersystem.com\/es\/#website","url":"https:\/\/antersystem.com\/es\/","name":"Anter System","description":"Jeste\u015bmy polskim producentem elastycznych barier ochronnych wykonywanych z polimerowych tworzyw sztucznych. Na rynku krajowym i zagranicznym dzia\u0142amy od ponad 15 lat dbaj\u0105c o zapewnienie bezpiecze\u0144stwa w zak\u0142adach produkcyjnych, magazynach oraz centrach logistycznych.","potentialAction":[{"@type":"SearchAction","target":{"@type":"EntryPoint","urlTemplate":"https:\/\/antersystem.com\/es\/?s={search_term_string}"},"query-input":{"@type":"PropertyValueSpecification","valueRequired":true,"valueName":"search_term_string"}}],"inLanguage":"es"}]}},"_links":{"self":[{"href":"https:\/\/antersystem.com\/es\/wp-json\/wp\/v2\/pages\/15656","targetHints":{"allow":["GET"]}}],"collection":[{"href":"https:\/\/antersystem.com\/es\/wp-json\/wp\/v2\/pages"}],"about":[{"href":"https:\/\/antersystem.com\/es\/wp-json\/wp\/v2\/types\/page"}],"author":[{"embeddable":true,"href":"https:\/\/antersystem.com\/es\/wp-json\/wp\/v2\/users\/1"}],"replies":[{"embeddable":true,"href":"https:\/\/antersystem.com\/es\/wp-json\/wp\/v2\/comments?post=15656"}],"version-history":[{"count":1,"href":"https:\/\/antersystem.com\/es\/wp-json\/wp\/v2\/pages\/15656\/revisions"}],"predecessor-version":[{"id":15659,"href":"https:\/\/antersystem.com\/es\/wp-json\/wp\/v2\/pages\/15656\/revisions\/15659"}],"up":[{"embeddable":true,"href":"https:\/\/antersystem.com\/es\/wp-json\/wp\/v2\/pages\/30348"}],"wp:attachment":[{"href":"https:\/\/antersystem.com\/es\/wp-json\/wp\/v2\/media?parent=15656"}],"curies":[{"name":"wp","href":"https:\/\/api.w.org\/{rel}","templated":true}]}}