{"id":15672,"date":"2023-10-20T11:06:59","date_gmt":"2023-10-20T09:06:59","guid":{"rendered":"https:\/\/new.antersystem.com\/ecovadis-2023-anter-system\/"},"modified":"2026-01-30T14:29:51","modified_gmt":"2026-01-30T13:29:51","slug":"ecovadis-2023-anter-system","status":"publish","type":"page","link":"https:\/\/antersystem.com\/es\/noticias\/ecovadis-2023-anter-system\/","title":{"rendered":"Certificado de Sostenibilidad EcoVadis Plata"},"content":{"rendered":"\n<div class=\"wp-block-columns is-layout-flex wp-container-core-columns-is-layout-9d6595d7 wp-block-columns-is-layout-flex\">\n  \n  <div class=\"wp-block-column is-layout-flow wp-block-column-is-layout-flow\" style=\"flex-basis:10%\"><\/div>\n  \n\n  \n  <div class=\"wp-block-column is-layout-flow wp-block-column-is-layout-flow\">\n    \n    <h3 class=\"wp-block-heading\">\u00a1Las empresas deben respetar el medio ambiente!  <br\/>Recibimos el Certificado de Sostenibilidad EcoVadis Plata en 2023.<\/h3>\n    \n\n    \n    <p>Se trata de un gran honor que corona nuestros esfuerzos en materia de protecci\u00f3n medioambiental y responsabilidad social. Si queremos seguir habitando este lugar, debemos mantener relaciones claras y respetuosas entre la sociedad, la naturaleza y su uso comercial.<\/p>\n\n    <h4>Certificado EcoVadis &#8211; \u00bfQu\u00e9 significa?<\/h4>\n    <p>El certificado EcoVadis confirma que una empresa gestiona eficazmente sus pr\u00e1cticas de <strong>RSC (Responsabilidad Social Corporativa)<\/strong> y <strong>ESG (Medioambiental, Social y de Gobernanza)<\/strong>. Eval\u00faa el rendimiento con respecto a las normas internacionales en \u00e1mbitos como <strong>los derechos laborales, el impacto medioambiental, la \u00e9tica, la contrataci\u00f3n sostenible y los derechos humanos<\/strong>, en 200 categor\u00edas.<\/p>\n\n    <p>Un equipo mundial de expertos de m\u00faltiples disciplinas, que trabaja a trav\u00e9s de la plataforma tecnol\u00f3gica EcoVadis, eval\u00faa a las empresas bas\u00e1ndose en una exhaustiva tarjeta de puntuaci\u00f3n de sostenibilidad.  <strong>S\u00f3lo el 25% de las empresas de todo el mundo que se someten a este proceso de evaluaci\u00f3n obtienen el Certificado de Plata, y estamos orgullosos de estar entre ellas.<\/strong><\/p>\n\n    <p>Completamos con \u00e9xito la evaluaci\u00f3n, demostrando un s\u00f3lido sistema de gesti\u00f3n conforme a la metodolog\u00eda de EcoVadis. La certificaci\u00f3n tiene en cuenta las siguientes normas internacionales:<\/p>\n    <ul>\n      <li>Red del Pacto Mundial de la ONU<\/li>\n      <li>Iniciativa Global de Informes (GRI)<\/li>\n      <li>Convenios de la Organizaci\u00f3n Internacional del Trabajo (OIT)<\/li>\n      <li>Norma ISO 26000<\/li>\n      <li>Principios Rectores de la ONU sobre las Empresas y los Derechos Humanos<\/li>\n      <li>Hoja de ruta de CERES<\/li>\n    <\/ul>\n\n    <p><strong>Agradecemos a todos nuestros empleados y socios su contribuci\u00f3n a la consecuci\u00f3n de este hito.<\/strong><\/p>\n    <p>&nbsp;<\/p>\n    \n  <\/div>\n  \n\n  \n  <div class=\"wp-block-column is-layout-flow wp-block-column-is-layout-flow\" style=\"flex-basis:10%\"><\/div>\n  \n<\/div>\n<div class=\"wp-block-image\">\n<figure class=\"aligncenter size-full is-resized\"><img loading=\"lazy\" decoding=\"async\" width=\"720\" height=\"480\" src=\"https:\/\/antersystem.com\/wp-content\/uploads\/eco-vadis-111-eng-edited.jpg\" alt=\"Certificado de Sostenibilidad EcoVadis Plata 2023\" class=\"wp-image-3096\" style=\"aspect-ratio:1.5;object-fit:cover;width:504px;height:auto\" srcset=\"https:\/\/antersystem.com\/wp-content\/uploads\/eco-vadis-111-eng-edited.jpg 720w, https:\/\/antersystem.com\/wp-content\/uploads\/eco-vadis-111-eng-edited-300x200.jpg 300w, https:\/\/antersystem.com\/wp-content\/uploads\/eco-vadis-111-eng-edited-450x300.jpg 450w, https:\/\/antersystem.com\/wp-content\/uploads\/eco-vadis-111-eng-edited-330x220.jpg 330w\" sizes=\"auto, (max-width: 720px) 100vw, 720px\" \/><\/figure><\/div>","protected":false},"excerpt":{"rendered":"<p>\u00a1Las empresas deben respetar el medio ambiente! Recibimos el Certificado de Sostenibilidad EcoVadis Plata en 2023. Se trata de un gran honor que corona nuestros esfuerzos en materia de protecci\u00f3n medioambiental y responsabilidad social. Si queremos seguir habitando este lugar, debemos mantener relaciones claras y respetuosas entre la sociedad, la naturaleza y su uso comercial. [&hellip;]<\/p>\n","protected":false},"author":1,"featured_media":0,"parent":30348,"menu_order":0,"comment_status":"closed","ping_status":"closed","template":"","meta":{"inline_featured_image":false,"ngg_post_thumbnail":0,"footnotes":""},"class_list":["post-15672","page","type-page","status-publish","hentry"],"acf":[],"yoast_head":"<!-- This site is optimized with the Yoast SEO plugin v27.0 - https:\/\/yoast.com\/product\/yoast-seo-wordpress\/ -->\n<title>Certificado de Sostenibilidad EcoVadis Plata - Anter System<\/title>\n<meta name=\"description\" content=\"\u00a1Las empresas deben respetar el medio ambiente! Recibimos el Certificado de Sostenibilidad EcoVadis Plata en 2023. Se trata de un gran honor que corona\" \/>\n<meta name=\"robots\" content=\"index, follow, max-snippet:-1, max-image-preview:large, max-video-preview:-1\" \/>\n<link rel=\"canonical\" href=\"https:\/\/antersystem.com\/es\/noticias\/ecovadis-2023-anter-system\/\" \/>\n<meta property=\"og:locale\" content=\"es_ES\" \/>\n<meta property=\"og:type\" content=\"article\" \/>\n<meta property=\"og:title\" content=\"Certificado de Sostenibilidad EcoVadis Plata - Anter System\" \/>\n<meta property=\"og:description\" content=\"\u00a1Las empresas deben respetar el medio ambiente! Recibimos el Certificado de Sostenibilidad EcoVadis Plata en 2023. Se trata de un gran honor que corona\" \/>\n<meta property=\"og:url\" content=\"https:\/\/antersystem.com\/es\/noticias\/ecovadis-2023-anter-system\/\" \/>\n<meta property=\"og:site_name\" content=\"Anter System\" \/>\n<meta property=\"article:modified_time\" content=\"2026-01-30T13:29:51+00:00\" \/>\n<meta property=\"og:image\" content=\"https:\/\/antersystem.com\/wp-content\/uploads\/eco-vadis-111-eng-edited.jpg\" \/>\n<meta name=\"twitter:card\" content=\"summary_large_image\" \/>\n<meta name=\"twitter:label1\" content=\"Tiempo de lectura\" \/>\n\t<meta name=\"twitter:data1\" content=\"1 minuto\" \/>\n<script type=\"application\/ld+json\" class=\"yoast-schema-graph\">{\"@context\":\"https:\/\/schema.org\",\"@graph\":[{\"@type\":\"WebPage\",\"@id\":\"https:\/\/antersystem.com\/es\/noticias\/ecovadis-2023-anter-system\/\",\"url\":\"https:\/\/antersystem.com\/es\/noticias\/ecovadis-2023-anter-system\/\",\"name\":\"Certificado de Sostenibilidad EcoVadis Plata - Anter System\",\"isPartOf\":{\"@id\":\"https:\/\/antersystem.com\/es\/#website\"},\"primaryImageOfPage\":{\"@id\":\"https:\/\/antersystem.com\/es\/noticias\/ecovadis-2023-anter-system\/#primaryimage\"},\"image\":{\"@id\":\"https:\/\/antersystem.com\/es\/noticias\/ecovadis-2023-anter-system\/#primaryimage\"},\"thumbnailUrl\":\"https:\/\/antersystem.com\/wp-content\/uploads\/eco-vadis-111-eng-edited.jpg\",\"datePublished\":\"2023-10-20T09:06:59+00:00\",\"dateModified\":\"2026-01-30T13:29:51+00:00\",\"description\":\"\u00a1Las empresas deben respetar el medio ambiente! Recibimos el Certificado de Sostenibilidad EcoVadis Plata en 2023. Se trata de un gran honor que corona\",\"breadcrumb\":{\"@id\":\"https:\/\/antersystem.com\/es\/noticias\/ecovadis-2023-anter-system\/#breadcrumb\"},\"inLanguage\":\"es\",\"potentialAction\":[{\"@type\":\"ReadAction\",\"target\":[\"https:\/\/antersystem.com\/es\/noticias\/ecovadis-2023-anter-system\/\"]}]},{\"@type\":\"ImageObject\",\"inLanguage\":\"es\",\"@id\":\"https:\/\/antersystem.com\/es\/noticias\/ecovadis-2023-anter-system\/#primaryimage\",\"url\":\"https:\/\/antersystem.com\/wp-content\/uploads\/eco-vadis-111-eng-edited.jpg\",\"contentUrl\":\"https:\/\/antersystem.com\/wp-content\/uploads\/eco-vadis-111-eng-edited.jpg\"},{\"@type\":\"BreadcrumbList\",\"@id\":\"https:\/\/antersystem.com\/es\/noticias\/ecovadis-2023-anter-system\/#breadcrumb\",\"itemListElement\":[{\"@type\":\"ListItem\",\"position\":1,\"name\":\"AnterSystem\",\"item\":\"https:\/\/antersystem.com\/es\/\"},{\"@type\":\"ListItem\",\"position\":2,\"name\":\"Noticias\",\"item\":\"https:\/\/antersystem.com\/es\/noticias\/\"},{\"@type\":\"ListItem\",\"position\":3,\"name\":\"Certificado de Sostenibilidad EcoVadis Plata\"}]},{\"@type\":\"WebSite\",\"@id\":\"https:\/\/antersystem.com\/es\/#website\",\"url\":\"https:\/\/antersystem.com\/es\/\",\"name\":\"Anter System\",\"description\":\"Jeste\u015bmy polskim producentem elastycznych barier ochronnych wykonywanych z polimerowych tworzyw sztucznych. Na rynku krajowym i zagranicznym dzia\u0142amy od ponad 15 lat dbaj\u0105c o zapewnienie bezpiecze\u0144stwa w zak\u0142adach produkcyjnych, magazynach oraz centrach logistycznych.\",\"potentialAction\":[{\"@type\":\"SearchAction\",\"target\":{\"@type\":\"EntryPoint\",\"urlTemplate\":\"https:\/\/antersystem.com\/es\/?s={search_term_string}\"},\"query-input\":{\"@type\":\"PropertyValueSpecification\",\"valueRequired\":true,\"valueName\":\"search_term_string\"}}],\"inLanguage\":\"es\"}]}<\/script>\n<!-- \/ Yoast SEO plugin. -->","yoast_head_json":{"title":"Certificado de Sostenibilidad EcoVadis Plata - Anter System","description":"\u00a1Las empresas deben respetar el medio ambiente! Recibimos el Certificado de Sostenibilidad EcoVadis Plata en 2023. Se trata de un gran honor que corona","robots":{"index":"index","follow":"follow","max-snippet":"max-snippet:-1","max-image-preview":"max-image-preview:large","max-video-preview":"max-video-preview:-1"},"canonical":"https:\/\/antersystem.com\/es\/noticias\/ecovadis-2023-anter-system\/","og_locale":"es_ES","og_type":"article","og_title":"Certificado de Sostenibilidad EcoVadis Plata - Anter System","og_description":"\u00a1Las empresas deben respetar el medio ambiente! Recibimos el Certificado de Sostenibilidad EcoVadis Plata en 2023. Se trata de un gran honor que corona","og_url":"https:\/\/antersystem.com\/es\/noticias\/ecovadis-2023-anter-system\/","og_site_name":"Anter System","article_modified_time":"2026-01-30T13:29:51+00:00","og_image":[{"url":"https:\/\/antersystem.com\/wp-content\/uploads\/eco-vadis-111-eng-edited.jpg","type":"","width":"","height":""}],"twitter_card":"summary_large_image","twitter_misc":{"Tiempo de lectura":"1 minuto"},"schema":{"@context":"https:\/\/schema.org","@graph":[{"@type":"WebPage","@id":"https:\/\/antersystem.com\/es\/noticias\/ecovadis-2023-anter-system\/","url":"https:\/\/antersystem.com\/es\/noticias\/ecovadis-2023-anter-system\/","name":"Certificado de Sostenibilidad EcoVadis Plata - Anter System","isPartOf":{"@id":"https:\/\/antersystem.com\/es\/#website"},"primaryImageOfPage":{"@id":"https:\/\/antersystem.com\/es\/noticias\/ecovadis-2023-anter-system\/#primaryimage"},"image":{"@id":"https:\/\/antersystem.com\/es\/noticias\/ecovadis-2023-anter-system\/#primaryimage"},"thumbnailUrl":"https:\/\/antersystem.com\/wp-content\/uploads\/eco-vadis-111-eng-edited.jpg","datePublished":"2023-10-20T09:06:59+00:00","dateModified":"2026-01-30T13:29:51+00:00","description":"\u00a1Las empresas deben respetar el medio ambiente! Recibimos el Certificado de Sostenibilidad EcoVadis Plata en 2023. Se trata de un gran honor que corona","breadcrumb":{"@id":"https:\/\/antersystem.com\/es\/noticias\/ecovadis-2023-anter-system\/#breadcrumb"},"inLanguage":"es","potentialAction":[{"@type":"ReadAction","target":["https:\/\/antersystem.com\/es\/noticias\/ecovadis-2023-anter-system\/"]}]},{"@type":"ImageObject","inLanguage":"es","@id":"https:\/\/antersystem.com\/es\/noticias\/ecovadis-2023-anter-system\/#primaryimage","url":"https:\/\/antersystem.com\/wp-content\/uploads\/eco-vadis-111-eng-edited.jpg","contentUrl":"https:\/\/antersystem.com\/wp-content\/uploads\/eco-vadis-111-eng-edited.jpg"},{"@type":"BreadcrumbList","@id":"https:\/\/antersystem.com\/es\/noticias\/ecovadis-2023-anter-system\/#breadcrumb","itemListElement":[{"@type":"ListItem","position":1,"name":"AnterSystem","item":"https:\/\/antersystem.com\/es\/"},{"@type":"ListItem","position":2,"name":"Noticias","item":"https:\/\/antersystem.com\/es\/noticias\/"},{"@type":"ListItem","position":3,"name":"Certificado de Sostenibilidad EcoVadis Plata"}]},{"@type":"WebSite","@id":"https:\/\/antersystem.com\/es\/#website","url":"https:\/\/antersystem.com\/es\/","name":"Anter System","description":"Jeste\u015bmy polskim producentem elastycznych barier ochronnych wykonywanych z polimerowych tworzyw sztucznych. Na rynku krajowym i zagranicznym dzia\u0142amy od ponad 15 lat dbaj\u0105c o zapewnienie bezpiecze\u0144stwa w zak\u0142adach produkcyjnych, magazynach oraz centrach logistycznych.","potentialAction":[{"@type":"SearchAction","target":{"@type":"EntryPoint","urlTemplate":"https:\/\/antersystem.com\/es\/?s={search_term_string}"},"query-input":{"@type":"PropertyValueSpecification","valueRequired":true,"valueName":"search_term_string"}}],"inLanguage":"es"}]}},"_links":{"self":[{"href":"https:\/\/antersystem.com\/es\/wp-json\/wp\/v2\/pages\/15672","targetHints":{"allow":["GET"]}}],"collection":[{"href":"https:\/\/antersystem.com\/es\/wp-json\/wp\/v2\/pages"}],"about":[{"href":"https:\/\/antersystem.com\/es\/wp-json\/wp\/v2\/types\/page"}],"author":[{"embeddable":true,"href":"https:\/\/antersystem.com\/es\/wp-json\/wp\/v2\/users\/1"}],"replies":[{"embeddable":true,"href":"https:\/\/antersystem.com\/es\/wp-json\/wp\/v2\/comments?post=15672"}],"version-history":[{"count":1,"href":"https:\/\/antersystem.com\/es\/wp-json\/wp\/v2\/pages\/15672\/revisions"}],"predecessor-version":[{"id":15679,"href":"https:\/\/antersystem.com\/es\/wp-json\/wp\/v2\/pages\/15672\/revisions\/15679"}],"up":[{"embeddable":true,"href":"https:\/\/antersystem.com\/es\/wp-json\/wp\/v2\/pages\/30348"}],"wp:attachment":[{"href":"https:\/\/antersystem.com\/es\/wp-json\/wp\/v2\/media?parent=15672"}],"curies":[{"name":"wp","href":"https:\/\/api.w.org\/{rel}","templated":true}]}}