{"id":30210,"date":"2024-01-05T12:14:14","date_gmt":"2024-01-05T11:14:14","guid":{"rendered":"https:\/\/new.antersystem.com\/intralogistica-poland-expo\/"},"modified":"2026-02-02T12:56:39","modified_gmt":"2026-02-02T11:56:39","slug":"intralogistica-poland-expo-2024","status":"publish","type":"page","link":"https:\/\/antersystem.com\/es\/noticias\/intralogistica-poland-expo-2024\/","title":{"rendered":"Intralog\u00edstica Polonia Expo"},"content":{"rendered":"\n<div class=\"wp-block-columns is-layout-flex wp-container-core-columns-is-layout-9d6595d7 wp-block-columns-is-layout-flex\">\n  \n  <div class=\"wp-block-column is-layout-flow wp-block-column-is-layout-flow\" style=\"flex-basis:10%\"><\/div>\n  \n\n  \n  <div class=\"wp-block-column is-layout-flow wp-block-column-is-layout-flow\">\n    \n    <h3 class=\"wp-block-heading\"><strong>Intralogistica Poland Expo: el pr\u00f3ximo evento del sector en el que participar\u00e1 Anter System.<\/strong><\/h3>\n    \n\n    \n    <p>El <strong>24 de enero de 2024<\/strong>, nos reuniremos de nuevo en los modernos pabellones de <strong>la Expo Ptak de Varsovia<\/strong> para mostrar nuestros productos a un amplio p\u00fablico. Los visitantes podr\u00e1n comprobar por s\u00ed mismos el dise\u00f1o y las prestaciones de nuestros <a href=\"https:\/\/antersystem.com\/kategorie_produktow\/technika-zaladunkowa\/\">soportes de seguridad delanteros para camiones<\/a>, <a href=\"https:\/\/antersystem.com\/kategorie_produktow\/bariery-bezpieczenstwa-dla-pieszych\/\">barreras de seguridad para peatones<\/a>, sistemas de protecci\u00f3n de estanter\u00edas y diversos tipos de bolardos de seguridad. Tenemos mucha curiosidad por ver c\u00f3mo se reciben las barreras de seguridad flexibles de Anter System y estamos deseando responder a las preguntas relacionadas con la seguridad en el lugar de trabajo. La plataforma para este intercambio ser\u00e1 la <a href=\"https:\/\/intralogisticapoland.com\/\"><strong>Expo Intralog\u00edstica Polonia<\/strong><\/a> &#8211; la Feria Internacional de Log\u00edstica y Almacenes, que tendr\u00e1 lugar del 24 al 26 de enero de 2024.<\/p>\n    \n\n    \n    <h4 class=\"wp-block-heading\"><strong>La contribuci\u00f3n del sector a la econom\u00eda<\/strong><\/h4>\n    \n\n    \n    <p>Seg\u00fan las investigaciones, los sectores del transporte, la expedici\u00f3n de mercanc\u00edas y la log\u00edstica contribuyen significativamente al PIB de Polonia, generando casi el 6% de los ingresos econ\u00f3micos anuales del pa\u00eds. Los jefes de almac\u00e9n representan el tercer grupo ocupacional m\u00e1s importante dentro del sector servicios.<\/p>\n    \n\n    \n    <p>A nivel mundial, Europa es actualmente el segundo mayor mercado de log\u00edstica de contratos, despu\u00e9s de Asia, y representa el 29% del valor del mercado mundial. Se calcula que, a finales de 2023, los ingresos del sector en el continente alcanzar\u00e1n aproximadamente 82.500 millones de euros*.<\/p>\n    \n\n    \n    <p>A pesar de la elevada inflaci\u00f3n y de que las empresas han revisado sus previsiones, las expectativas para 2024 siguen siendo positivas. Seg\u00fan Oxford Economics, se espera que la econom\u00eda de la eurozona crezca un 6% entre 2024 y 2027. Se prev\u00e9 que Polonia supere esta tasa, con un crecimiento del PIB de alrededor del 11% durante el mismo periodo*.<\/p>\n    \n\n    \n    <h4 class=\"wp-block-heading\"><strong>Sobre la feria<\/strong><\/h4>\n    \n\n    \n    <p>El acontecimiento atrae a visitantes de fuera de Polonia: se espera que casi el 15% de los asistentes procedan del extranjero. Una fuerte presencia internacional entre los expositores tambi\u00e9n marcar\u00e1 la feria, creando oportunidades para abrir negocios a nuevos mercados y ayudar a los empresarios a construir un futuro internacional m\u00e1s s\u00f3lido para la industria log\u00edstica.<\/p>\n    \n\n    \n    <p>Tenemos previsto presentar nuestras <strong>barreras de seguridad flexibles<\/strong>, que mejoran la seguridad en grandes instalaciones, a un p\u00fablico diverso que incluye representantes de empresas de log\u00edstica, distribuidores de equipos, proveedores de tecnolog\u00eda para almacenes y dise\u00f1adores de almacenes. El acto tambi\u00e9n est\u00e1 dirigido a gestores de la cadena de suministro, especialistas en log\u00edstica y representantes de empresas de transporte. Durante la Expo Intralog\u00edstica Polonia tambi\u00e9n se celebrar\u00e1 un congreso educativo en el que participar\u00e1n algunos de los expertos m\u00e1s respetados del sector de los almacenes.<\/p>\n    \n\n    \n    <p>Invitamos a todos los que quieran dar el siguiente paso en su negocio, intercambiar valiosos puntos de vista y <strong>encontrar soluciones a los retos de seguridad, a que visiten Anter System en el stand D1.20a.<\/strong><\/p>\n    \n\n    \n    <hr class=\"wp-block-separator has-text-color has-white-color has-alpha-channel-opacity has-white-background-color has-background is-style-default\"\/>\n    \n\n    \n    <p>* <em>\u00abLa log\u00edstica contractual super\u00f3 las expectativas para 2023\u00bb, K. Oflakowski, TSL Biznes<\/em><\/p>\n    \n\n    \n    <figure class=\"wp-block-embed\"><div class=\"wp-block-embed__wrapper\">\n \nhttps:\/\/tsl-biznes.pl\/polecamy\/logistyka-kontraktowa-przebila-oczekiwania-na-2023-r\/\n    <\/div><\/figure>\n    \n\n    \n    <p>* <em>https:\/\/www.jll.pl\/pl\/trendy-i-analizy\/badanie\/rynek-magazynowy-w-polsce<\/em><\/p>\n    \n  <\/div>\n  \n\n  \n  <div class=\"wp-block-column is-layout-flow wp-block-column-is-layout-flow\" style=\"flex-basis:10%\"><\/div>\n  \n<\/div>\n<div class=\"wp-block-image\">\n<figure class=\"aligncenter size-large is-resized\"><img loading=\"lazy\" decoding=\"async\" width=\"1024\" height=\"535\" src=\"https:\/\/antersystem.com\/wp-content\/uploads\/Targi-Intralogistica-Anter-System-1-1024x535.jpg\" alt=\"Anter System en Intralog&#xED;stica Polonia Expo 2024\" class=\"wp-image-4095\" style=\"width:720px;height:auto\" srcset=\"https:\/\/antersystem.com\/wp-content\/uploads\/Targi-Intralogistica-Anter-System-1-1024x535.jpg 1024w, https:\/\/antersystem.com\/wp-content\/uploads\/Targi-Intralogistica-Anter-System-1-300x157.jpg 300w, https:\/\/antersystem.com\/wp-content\/uploads\/Targi-Intralogistica-Anter-System-1-768x401.jpg 768w, https:\/\/antersystem.com\/wp-content\/uploads\/Targi-Intralogistica-Anter-System-1-450x235.jpg 450w, https:\/\/antersystem.com\/wp-content\/uploads\/Targi-Intralogistica-Anter-System-1-330x172.jpg 330w, https:\/\/antersystem.com\/wp-content\/uploads\/Targi-Intralogistica-Anter-System-1.jpg 1200w\" sizes=\"auto, (max-width: 1024px) 100vw, 1024px\" \/><\/figure><\/div>","protected":false},"excerpt":{"rendered":"<p>Intralogistica Poland Expo: el pr\u00f3ximo evento del sector en el que participar\u00e1 Anter System. El 24 de enero de 2024, nos reuniremos de nuevo en los modernos pabellones de la Expo Ptak de Varsovia para mostrar nuestros productos a un amplio p\u00fablico. Los visitantes podr\u00e1n comprobar por s\u00ed mismos el dise\u00f1o y las prestaciones de [&hellip;]<\/p>\n","protected":false},"author":1,"featured_media":0,"parent":30348,"menu_order":0,"comment_status":"closed","ping_status":"closed","template":"","meta":{"inline_featured_image":false,"ngg_post_thumbnail":0,"footnotes":""},"class_list":["post-30210","page","type-page","status-publish","hentry"],"acf":[],"yoast_head":"<!-- This site is optimized with the Yoast SEO plugin v27.0 - https:\/\/yoast.com\/product\/yoast-seo-wordpress\/ -->\n<title>Intralog\u00edstica Polonia Expo - Anter System<\/title>\n<meta name=\"description\" content=\"El 24.01.24 se celebra la Intralogistica Poland Expo, en la que se exponen nuevos productos.\" \/>\n<meta name=\"robots\" content=\"index, follow, max-snippet:-1, max-image-preview:large, max-video-preview:-1\" \/>\n<link rel=\"canonical\" href=\"https:\/\/antersystem.com\/es\/noticias\/intralogistica-poland-expo-2024\/\" \/>\n<meta property=\"og:locale\" content=\"es_ES\" \/>\n<meta property=\"og:type\" content=\"article\" \/>\n<meta property=\"og:title\" content=\"Intralog\u00edstica Polonia Expo - Anter System\" \/>\n<meta property=\"og:description\" content=\"El 24.01.24 se celebra la Intralogistica Poland Expo, en la que se exponen nuevos productos.\" \/>\n<meta property=\"og:url\" content=\"https:\/\/antersystem.com\/es\/noticias\/intralogistica-poland-expo-2024\/\" \/>\n<meta property=\"og:site_name\" content=\"Anter System\" \/>\n<meta property=\"article:modified_time\" content=\"2026-02-02T11:56:39+00:00\" \/>\n<meta property=\"og:image\" content=\"https:\/\/antersystem.com\/wp-content\/uploads\/Targi-Intralogistica-Anter-System-1-1024x535.jpg\" \/>\n<meta name=\"twitter:card\" content=\"summary_large_image\" \/>\n<meta name=\"twitter:label1\" content=\"Tiempo de lectura\" \/>\n\t<meta name=\"twitter:data1\" content=\"3 minutos\" \/>\n<script type=\"application\/ld+json\" class=\"yoast-schema-graph\">{\"@context\":\"https:\/\/schema.org\",\"@graph\":[{\"@type\":\"WebPage\",\"@id\":\"https:\/\/antersystem.com\/es\/noticias\/intralogistica-poland-expo-2024\/\",\"url\":\"https:\/\/antersystem.com\/es\/noticias\/intralogistica-poland-expo-2024\/\",\"name\":\"Intralog\u00edstica Polonia Expo - Anter System\",\"isPartOf\":{\"@id\":\"https:\/\/antersystem.com\/es\/#website\"},\"primaryImageOfPage\":{\"@id\":\"https:\/\/antersystem.com\/es\/noticias\/intralogistica-poland-expo-2024\/#primaryimage\"},\"image\":{\"@id\":\"https:\/\/antersystem.com\/es\/noticias\/intralogistica-poland-expo-2024\/#primaryimage\"},\"thumbnailUrl\":\"https:\/\/antersystem.com\/wp-content\/uploads\/Targi-Intralogistica-Anter-System-1-1024x535.jpg\",\"datePublished\":\"2024-01-05T11:14:14+00:00\",\"dateModified\":\"2026-02-02T11:56:39+00:00\",\"description\":\"El 24.01.24 se celebra la Intralogistica Poland Expo, en la que se exponen nuevos productos.\",\"breadcrumb\":{\"@id\":\"https:\/\/antersystem.com\/es\/noticias\/intralogistica-poland-expo-2024\/#breadcrumb\"},\"inLanguage\":\"es\",\"potentialAction\":[{\"@type\":\"ReadAction\",\"target\":[\"https:\/\/antersystem.com\/es\/noticias\/intralogistica-poland-expo-2024\/\"]}]},{\"@type\":\"ImageObject\",\"inLanguage\":\"es\",\"@id\":\"https:\/\/antersystem.com\/es\/noticias\/intralogistica-poland-expo-2024\/#primaryimage\",\"url\":\"https:\/\/antersystem.com\/wp-content\/uploads\/Targi-Intralogistica-Anter-System-1-1024x535.jpg\",\"contentUrl\":\"https:\/\/antersystem.com\/wp-content\/uploads\/Targi-Intralogistica-Anter-System-1-1024x535.jpg\"},{\"@type\":\"BreadcrumbList\",\"@id\":\"https:\/\/antersystem.com\/es\/noticias\/intralogistica-poland-expo-2024\/#breadcrumb\",\"itemListElement\":[{\"@type\":\"ListItem\",\"position\":1,\"name\":\"AnterSystem\",\"item\":\"https:\/\/antersystem.com\/es\/\"},{\"@type\":\"ListItem\",\"position\":2,\"name\":\"Noticias\",\"item\":\"https:\/\/antersystem.com\/es\/noticias\/\"},{\"@type\":\"ListItem\",\"position\":3,\"name\":\"Intralog\u00edstica Polonia Expo\"}]},{\"@type\":\"WebSite\",\"@id\":\"https:\/\/antersystem.com\/es\/#website\",\"url\":\"https:\/\/antersystem.com\/es\/\",\"name\":\"Anter System\",\"description\":\"Jeste\u015bmy polskim producentem elastycznych barier ochronnych wykonywanych z polimerowych tworzyw sztucznych. Na rynku krajowym i zagranicznym dzia\u0142amy od ponad 15 lat dbaj\u0105c o zapewnienie bezpiecze\u0144stwa w zak\u0142adach produkcyjnych, magazynach oraz centrach logistycznych.\",\"potentialAction\":[{\"@type\":\"SearchAction\",\"target\":{\"@type\":\"EntryPoint\",\"urlTemplate\":\"https:\/\/antersystem.com\/es\/?s={search_term_string}\"},\"query-input\":{\"@type\":\"PropertyValueSpecification\",\"valueRequired\":true,\"valueName\":\"search_term_string\"}}],\"inLanguage\":\"es\"}]}<\/script>\n<!-- \/ Yoast SEO plugin. -->","yoast_head_json":{"title":"Intralog\u00edstica Polonia Expo - Anter System","description":"El 24.01.24 se celebra la Intralogistica Poland Expo, en la que se exponen nuevos productos.","robots":{"index":"index","follow":"follow","max-snippet":"max-snippet:-1","max-image-preview":"max-image-preview:large","max-video-preview":"max-video-preview:-1"},"canonical":"https:\/\/antersystem.com\/es\/noticias\/intralogistica-poland-expo-2024\/","og_locale":"es_ES","og_type":"article","og_title":"Intralog\u00edstica Polonia Expo - Anter System","og_description":"El 24.01.24 se celebra la Intralogistica Poland Expo, en la que se exponen nuevos productos.","og_url":"https:\/\/antersystem.com\/es\/noticias\/intralogistica-poland-expo-2024\/","og_site_name":"Anter System","article_modified_time":"2026-02-02T11:56:39+00:00","og_image":[{"url":"https:\/\/antersystem.com\/wp-content\/uploads\/Targi-Intralogistica-Anter-System-1-1024x535.jpg","type":"","width":"","height":""}],"twitter_card":"summary_large_image","twitter_misc":{"Tiempo de lectura":"3 minutos"},"schema":{"@context":"https:\/\/schema.org","@graph":[{"@type":"WebPage","@id":"https:\/\/antersystem.com\/es\/noticias\/intralogistica-poland-expo-2024\/","url":"https:\/\/antersystem.com\/es\/noticias\/intralogistica-poland-expo-2024\/","name":"Intralog\u00edstica Polonia Expo - Anter System","isPartOf":{"@id":"https:\/\/antersystem.com\/es\/#website"},"primaryImageOfPage":{"@id":"https:\/\/antersystem.com\/es\/noticias\/intralogistica-poland-expo-2024\/#primaryimage"},"image":{"@id":"https:\/\/antersystem.com\/es\/noticias\/intralogistica-poland-expo-2024\/#primaryimage"},"thumbnailUrl":"https:\/\/antersystem.com\/wp-content\/uploads\/Targi-Intralogistica-Anter-System-1-1024x535.jpg","datePublished":"2024-01-05T11:14:14+00:00","dateModified":"2026-02-02T11:56:39+00:00","description":"El 24.01.24 se celebra la Intralogistica Poland Expo, en la que se exponen nuevos productos.","breadcrumb":{"@id":"https:\/\/antersystem.com\/es\/noticias\/intralogistica-poland-expo-2024\/#breadcrumb"},"inLanguage":"es","potentialAction":[{"@type":"ReadAction","target":["https:\/\/antersystem.com\/es\/noticias\/intralogistica-poland-expo-2024\/"]}]},{"@type":"ImageObject","inLanguage":"es","@id":"https:\/\/antersystem.com\/es\/noticias\/intralogistica-poland-expo-2024\/#primaryimage","url":"https:\/\/antersystem.com\/wp-content\/uploads\/Targi-Intralogistica-Anter-System-1-1024x535.jpg","contentUrl":"https:\/\/antersystem.com\/wp-content\/uploads\/Targi-Intralogistica-Anter-System-1-1024x535.jpg"},{"@type":"BreadcrumbList","@id":"https:\/\/antersystem.com\/es\/noticias\/intralogistica-poland-expo-2024\/#breadcrumb","itemListElement":[{"@type":"ListItem","position":1,"name":"AnterSystem","item":"https:\/\/antersystem.com\/es\/"},{"@type":"ListItem","position":2,"name":"Noticias","item":"https:\/\/antersystem.com\/es\/noticias\/"},{"@type":"ListItem","position":3,"name":"Intralog\u00edstica Polonia Expo"}]},{"@type":"WebSite","@id":"https:\/\/antersystem.com\/es\/#website","url":"https:\/\/antersystem.com\/es\/","name":"Anter System","description":"Jeste\u015bmy polskim producentem elastycznych barier ochronnych wykonywanych z polimerowych tworzyw sztucznych. Na rynku krajowym i zagranicznym dzia\u0142amy od ponad 15 lat dbaj\u0105c o zapewnienie bezpiecze\u0144stwa w zak\u0142adach produkcyjnych, magazynach oraz centrach logistycznych.","potentialAction":[{"@type":"SearchAction","target":{"@type":"EntryPoint","urlTemplate":"https:\/\/antersystem.com\/es\/?s={search_term_string}"},"query-input":{"@type":"PropertyValueSpecification","valueRequired":true,"valueName":"search_term_string"}}],"inLanguage":"es"}]}},"_links":{"self":[{"href":"https:\/\/antersystem.com\/es\/wp-json\/wp\/v2\/pages\/30210","targetHints":{"allow":["GET"]}}],"collection":[{"href":"https:\/\/antersystem.com\/es\/wp-json\/wp\/v2\/pages"}],"about":[{"href":"https:\/\/antersystem.com\/es\/wp-json\/wp\/v2\/types\/page"}],"author":[{"embeddable":true,"href":"https:\/\/antersystem.com\/es\/wp-json\/wp\/v2\/users\/1"}],"replies":[{"embeddable":true,"href":"https:\/\/antersystem.com\/es\/wp-json\/wp\/v2\/comments?post=30210"}],"version-history":[{"count":1,"href":"https:\/\/antersystem.com\/es\/wp-json\/wp\/v2\/pages\/30210\/revisions"}],"predecessor-version":[{"id":30212,"href":"https:\/\/antersystem.com\/es\/wp-json\/wp\/v2\/pages\/30210\/revisions\/30212"}],"up":[{"embeddable":true,"href":"https:\/\/antersystem.com\/es\/wp-json\/wp\/v2\/pages\/30348"}],"wp:attachment":[{"href":"https:\/\/antersystem.com\/es\/wp-json\/wp\/v2\/media?parent=30210"}],"curies":[{"name":"wp","href":"https:\/\/api.w.org\/{rel}","templated":true}]}}