{"id":30329,"date":"2023-11-22T10:15:28","date_gmt":"2023-11-22T09:15:28","guid":{"rendered":"https:\/\/new.antersystem.com\/big-5-global-2023\/"},"modified":"2026-01-30T14:29:51","modified_gmt":"2026-01-30T13:29:51","slug":"big-5-global-2023","status":"publish","type":"page","link":"https:\/\/antersystem.com\/es\/noticias\/big-5-global-2023\/","title":{"rendered":"Anter System en Big 5 Global&#8217;23"},"content":{"rendered":"\n<div class=\"wp-block-columns is-layout-flex wp-container-core-columns-is-layout-9d6595d7 wp-block-columns-is-layout-flex\">\n<div class=\"wp-block-column is-layout-flow wp-block-column-is-layout-flow\" style=\"flex-basis:10%\"><\/div>\n\n\n\n<div class=\"wp-block-column is-layout-flow wp-block-column-is-layout-flow\">\n<h3 class=\"wp-block-heading\"><strong>Anter System en cooperaci\u00f3n con la Agencia Polaca de Inversiones y Comercio en Dubai<\/strong><\/h3>\n\n\n\n<p>Hemos adoptado cada vez m\u00e1s la digitalizaci\u00f3n y el Internet de las Cosas. La circulaci\u00f3n digital de documentos y el uso generalizado del GPS se han convertido en norma. Pero m\u00e1s all\u00e1 de las nuevas tecnolog\u00edas, las asociaciones internacionales y la entrada en mercados lejanos son tambi\u00e9n formas de explorar lo desconocido. \u00bfQu\u00e9 sabemos realmente de los mercados de Oriente Medio? \u00bfEn qu\u00e9 medida conoce la industria mundial las especialidades de las empresas polacas?<\/p>\n\n\n\n<p>\u00a1Estamos a punto de averiguarlo! Como fabricante de barreras de seguridad flexibles, hemos aceptado la invitaci\u00f3n de PAIH para participar en la feria de la construcci\u00f3n Big 5 Global 2023. El evento tendr\u00e1 lugar del 4 al 7 de diciembre de 2023 en Dubai (Emiratos \u00c1rabes Unidos).<\/p>\n\n\n\n<h4 class=\"wp-block-heading\">Big 5 Global<\/h4>\n\n\n\n<p>La feria <a href=\"https:\/\/www.big5global.com\/\">Big 5 Global<\/a> es uno de los acontecimientos m\u00e1s importantes del sector mundial de la construcci\u00f3n y las infraestructuras. La edici\u00f3n anterior acogi\u00f3 a 2.200 expositores de 150 pa\u00edses y m\u00e1s de 68.000 visitantes. El acontecimiento tambi\u00e9n cuenta con numerosas iniciativas adicionales, conferencias y sesiones tem\u00e1ticas.<\/p>\n\n\n\n<p>Estamos encantados de tener la oportunidad de presentar los productos y servicios polacos a un amplio p\u00fablico de clientes potenciales. Nos sentimos honrados por la respuesta de la Agencia Polaca de Inversiones y Comercio. Anter System, como empresa especializada en sistemas de seguridad, se fund\u00f3 gracias a la amplia experiencia de sus fundadores en este campo. Asesorar sobre qu\u00e9 soluciones pueden mejorar la calidad y la seguridad del trabajo es una de las piedras angulares de nuestro desarrollo. Creemos que la capacidad de organizar el espacio utilizando barreras de seguridad flexibles es una gran ventaja en un mercado competitivo.<\/p>\n\n\n\n<p>\u00a1Te invitamos a visitar nuestro stand y a compartir tus ideas!<\/p>\n<\/div>\n\n\n\n<div class=\"wp-block-column is-layout-flow wp-block-column-is-layout-flow\" style=\"flex-basis:10%\"><\/div>\n<\/div>\n\n<p><\/p>\n<div class=\"wp-block-image\">\n<figure class=\"aligncenter size-large is-resized\"><img loading=\"lazy\" decoding=\"async\" width=\"1024\" height=\"535\" src=\"https:\/\/antersystem.com\/wp-content\/uploads\/4-7-December-2023-Dubai-World-Trade-Centre-1-1024x535.jpg\" alt=\"\" class=\"wp-image-3635\" style=\"width:720px;height:auto\" srcset=\"https:\/\/antersystem.com\/wp-content\/uploads\/4-7-December-2023-Dubai-World-Trade-Centre-1-1024x535.jpg 1024w, https:\/\/antersystem.com\/wp-content\/uploads\/4-7-December-2023-Dubai-World-Trade-Centre-1-300x157.jpg 300w, https:\/\/antersystem.com\/wp-content\/uploads\/4-7-December-2023-Dubai-World-Trade-Centre-1-768x401.jpg 768w, https:\/\/antersystem.com\/wp-content\/uploads\/4-7-December-2023-Dubai-World-Trade-Centre-1-450x235.jpg 450w, https:\/\/antersystem.com\/wp-content\/uploads\/4-7-December-2023-Dubai-World-Trade-Centre-1-330x172.jpg 330w, https:\/\/antersystem.com\/wp-content\/uploads\/4-7-December-2023-Dubai-World-Trade-Centre-1.jpg 1200w\" sizes=\"auto, (max-width: 1024px) 100vw, 1024px\" \/><\/figure><\/div>","protected":false},"excerpt":{"rendered":"<p>Anter System en cooperaci\u00f3n con la Agencia Polaca de Inversiones y Comercio en Dubai Hemos adoptado cada vez m\u00e1s la digitalizaci\u00f3n y el Internet de las Cosas. La circulaci\u00f3n digital de documentos y el uso generalizado del GPS se han convertido en norma. Pero m\u00e1s all\u00e1 de las nuevas tecnolog\u00edas, las asociaciones internacionales y la [&hellip;]<\/p>\n","protected":false},"author":1,"featured_media":0,"parent":30348,"menu_order":0,"comment_status":"closed","ping_status":"closed","template":"","meta":{"inline_featured_image":false,"ngg_post_thumbnail":0,"footnotes":""},"class_list":["post-30329","page","type-page","status-publish","hentry"],"acf":[],"yoast_head":"<!-- This site is optimized with the Yoast SEO plugin v27.0 - https:\/\/yoast.com\/product\/yoast-seo-wordpress\/ -->\n<title>Anter System en Big 5 Global&#039;23 - Anter System<\/title>\n<meta name=\"description\" content=\"Jako producent elastycznych barier ochronnych przyj\u0119li\u015bmy zaproszenie PAIH do udzia\u0142u w targach budowlanych Big 5 Global 2023.\" \/>\n<meta name=\"robots\" content=\"index, follow, max-snippet:-1, max-image-preview:large, max-video-preview:-1\" \/>\n<link rel=\"canonical\" href=\"https:\/\/antersystem.com\/es\/noticias\/big-5-global-2023\/\" \/>\n<meta property=\"og:locale\" content=\"es_ES\" \/>\n<meta property=\"og:type\" content=\"article\" \/>\n<meta property=\"og:title\" content=\"Anter System en Big 5 Global&#039;23 - Anter System\" \/>\n<meta property=\"og:description\" content=\"Jako producent elastycznych barier ochronnych przyj\u0119li\u015bmy zaproszenie PAIH do udzia\u0142u w targach budowlanych Big 5 Global 2023.\" \/>\n<meta property=\"og:url\" content=\"https:\/\/antersystem.com\/es\/noticias\/big-5-global-2023\/\" \/>\n<meta property=\"og:site_name\" content=\"Anter System\" \/>\n<meta property=\"article:modified_time\" content=\"2026-01-30T13:29:51+00:00\" \/>\n<meta property=\"og:image\" content=\"https:\/\/antersystem.com\/wp-content\/uploads\/4-7-December-2023-Dubai-World-Trade-Centre-1-1024x535.jpg\" \/>\n<meta name=\"twitter:card\" content=\"summary_large_image\" \/>\n<meta name=\"twitter:label1\" content=\"Tiempo de lectura\" \/>\n\t<meta name=\"twitter:data1\" content=\"2 minutos\" \/>\n<script type=\"application\/ld+json\" class=\"yoast-schema-graph\">{\"@context\":\"https:\/\/schema.org\",\"@graph\":[{\"@type\":\"WebPage\",\"@id\":\"https:\/\/antersystem.com\/es\/noticias\/big-5-global-2023\/\",\"url\":\"https:\/\/antersystem.com\/es\/noticias\/big-5-global-2023\/\",\"name\":\"Anter System en Big 5 Global'23 - Anter System\",\"isPartOf\":{\"@id\":\"https:\/\/antersystem.com\/es\/#website\"},\"primaryImageOfPage\":{\"@id\":\"https:\/\/antersystem.com\/es\/noticias\/big-5-global-2023\/#primaryimage\"},\"image\":{\"@id\":\"https:\/\/antersystem.com\/es\/noticias\/big-5-global-2023\/#primaryimage\"},\"thumbnailUrl\":\"https:\/\/antersystem.com\/wp-content\/uploads\/4-7-December-2023-Dubai-World-Trade-Centre-1-1024x535.jpg\",\"datePublished\":\"2023-11-22T09:15:28+00:00\",\"dateModified\":\"2026-01-30T13:29:51+00:00\",\"description\":\"Jako producent elastycznych barier ochronnych przyj\u0119li\u015bmy zaproszenie PAIH do udzia\u0142u w targach budowlanych Big 5 Global 2023.\",\"breadcrumb\":{\"@id\":\"https:\/\/antersystem.com\/es\/noticias\/big-5-global-2023\/#breadcrumb\"},\"inLanguage\":\"es\",\"potentialAction\":[{\"@type\":\"ReadAction\",\"target\":[\"https:\/\/antersystem.com\/es\/noticias\/big-5-global-2023\/\"]}]},{\"@type\":\"ImageObject\",\"inLanguage\":\"es\",\"@id\":\"https:\/\/antersystem.com\/es\/noticias\/big-5-global-2023\/#primaryimage\",\"url\":\"https:\/\/antersystem.com\/wp-content\/uploads\/4-7-December-2023-Dubai-World-Trade-Centre-1-1024x535.jpg\",\"contentUrl\":\"https:\/\/antersystem.com\/wp-content\/uploads\/4-7-December-2023-Dubai-World-Trade-Centre-1-1024x535.jpg\"},{\"@type\":\"BreadcrumbList\",\"@id\":\"https:\/\/antersystem.com\/es\/noticias\/big-5-global-2023\/#breadcrumb\",\"itemListElement\":[{\"@type\":\"ListItem\",\"position\":1,\"name\":\"AnterSystem\",\"item\":\"https:\/\/antersystem.com\/es\/\"},{\"@type\":\"ListItem\",\"position\":2,\"name\":\"Noticias\",\"item\":\"https:\/\/antersystem.com\/es\/noticias\/\"},{\"@type\":\"ListItem\",\"position\":3,\"name\":\"Anter System en Big 5 Global&#8217;23\"}]},{\"@type\":\"WebSite\",\"@id\":\"https:\/\/antersystem.com\/es\/#website\",\"url\":\"https:\/\/antersystem.com\/es\/\",\"name\":\"Anter System\",\"description\":\"Jeste\u015bmy polskim producentem elastycznych barier ochronnych wykonywanych z polimerowych tworzyw sztucznych. Na rynku krajowym i zagranicznym dzia\u0142amy od ponad 15 lat dbaj\u0105c o zapewnienie bezpiecze\u0144stwa w zak\u0142adach produkcyjnych, magazynach oraz centrach logistycznych.\",\"potentialAction\":[{\"@type\":\"SearchAction\",\"target\":{\"@type\":\"EntryPoint\",\"urlTemplate\":\"https:\/\/antersystem.com\/es\/?s={search_term_string}\"},\"query-input\":{\"@type\":\"PropertyValueSpecification\",\"valueRequired\":true,\"valueName\":\"search_term_string\"}}],\"inLanguage\":\"es\"}]}<\/script>\n<!-- \/ Yoast SEO plugin. -->","yoast_head_json":{"title":"Anter System en Big 5 Global'23 - Anter System","description":"Jako producent elastycznych barier ochronnych przyj\u0119li\u015bmy zaproszenie PAIH do udzia\u0142u w targach budowlanych Big 5 Global 2023.","robots":{"index":"index","follow":"follow","max-snippet":"max-snippet:-1","max-image-preview":"max-image-preview:large","max-video-preview":"max-video-preview:-1"},"canonical":"https:\/\/antersystem.com\/es\/noticias\/big-5-global-2023\/","og_locale":"es_ES","og_type":"article","og_title":"Anter System en Big 5 Global'23 - Anter System","og_description":"Jako producent elastycznych barier ochronnych przyj\u0119li\u015bmy zaproszenie PAIH do udzia\u0142u w targach budowlanych Big 5 Global 2023.","og_url":"https:\/\/antersystem.com\/es\/noticias\/big-5-global-2023\/","og_site_name":"Anter System","article_modified_time":"2026-01-30T13:29:51+00:00","og_image":[{"url":"https:\/\/antersystem.com\/wp-content\/uploads\/4-7-December-2023-Dubai-World-Trade-Centre-1-1024x535.jpg","type":"","width":"","height":""}],"twitter_card":"summary_large_image","twitter_misc":{"Tiempo de lectura":"2 minutos"},"schema":{"@context":"https:\/\/schema.org","@graph":[{"@type":"WebPage","@id":"https:\/\/antersystem.com\/es\/noticias\/big-5-global-2023\/","url":"https:\/\/antersystem.com\/es\/noticias\/big-5-global-2023\/","name":"Anter System en Big 5 Global'23 - Anter System","isPartOf":{"@id":"https:\/\/antersystem.com\/es\/#website"},"primaryImageOfPage":{"@id":"https:\/\/antersystem.com\/es\/noticias\/big-5-global-2023\/#primaryimage"},"image":{"@id":"https:\/\/antersystem.com\/es\/noticias\/big-5-global-2023\/#primaryimage"},"thumbnailUrl":"https:\/\/antersystem.com\/wp-content\/uploads\/4-7-December-2023-Dubai-World-Trade-Centre-1-1024x535.jpg","datePublished":"2023-11-22T09:15:28+00:00","dateModified":"2026-01-30T13:29:51+00:00","description":"Jako producent elastycznych barier ochronnych przyj\u0119li\u015bmy zaproszenie PAIH do udzia\u0142u w targach budowlanych Big 5 Global 2023.","breadcrumb":{"@id":"https:\/\/antersystem.com\/es\/noticias\/big-5-global-2023\/#breadcrumb"},"inLanguage":"es","potentialAction":[{"@type":"ReadAction","target":["https:\/\/antersystem.com\/es\/noticias\/big-5-global-2023\/"]}]},{"@type":"ImageObject","inLanguage":"es","@id":"https:\/\/antersystem.com\/es\/noticias\/big-5-global-2023\/#primaryimage","url":"https:\/\/antersystem.com\/wp-content\/uploads\/4-7-December-2023-Dubai-World-Trade-Centre-1-1024x535.jpg","contentUrl":"https:\/\/antersystem.com\/wp-content\/uploads\/4-7-December-2023-Dubai-World-Trade-Centre-1-1024x535.jpg"},{"@type":"BreadcrumbList","@id":"https:\/\/antersystem.com\/es\/noticias\/big-5-global-2023\/#breadcrumb","itemListElement":[{"@type":"ListItem","position":1,"name":"AnterSystem","item":"https:\/\/antersystem.com\/es\/"},{"@type":"ListItem","position":2,"name":"Noticias","item":"https:\/\/antersystem.com\/es\/noticias\/"},{"@type":"ListItem","position":3,"name":"Anter System en Big 5 Global&#8217;23"}]},{"@type":"WebSite","@id":"https:\/\/antersystem.com\/es\/#website","url":"https:\/\/antersystem.com\/es\/","name":"Anter System","description":"Jeste\u015bmy polskim producentem elastycznych barier ochronnych wykonywanych z polimerowych tworzyw sztucznych. Na rynku krajowym i zagranicznym dzia\u0142amy od ponad 15 lat dbaj\u0105c o zapewnienie bezpiecze\u0144stwa w zak\u0142adach produkcyjnych, magazynach oraz centrach logistycznych.","potentialAction":[{"@type":"SearchAction","target":{"@type":"EntryPoint","urlTemplate":"https:\/\/antersystem.com\/es\/?s={search_term_string}"},"query-input":{"@type":"PropertyValueSpecification","valueRequired":true,"valueName":"search_term_string"}}],"inLanguage":"es"}]}},"_links":{"self":[{"href":"https:\/\/antersystem.com\/es\/wp-json\/wp\/v2\/pages\/30329","targetHints":{"allow":["GET"]}}],"collection":[{"href":"https:\/\/antersystem.com\/es\/wp-json\/wp\/v2\/pages"}],"about":[{"href":"https:\/\/antersystem.com\/es\/wp-json\/wp\/v2\/types\/page"}],"author":[{"embeddable":true,"href":"https:\/\/antersystem.com\/es\/wp-json\/wp\/v2\/users\/1"}],"replies":[{"embeddable":true,"href":"https:\/\/antersystem.com\/es\/wp-json\/wp\/v2\/comments?post=30329"}],"version-history":[{"count":1,"href":"https:\/\/antersystem.com\/es\/wp-json\/wp\/v2\/pages\/30329\/revisions"}],"predecessor-version":[{"id":30338,"href":"https:\/\/antersystem.com\/es\/wp-json\/wp\/v2\/pages\/30329\/revisions\/30338"}],"up":[{"embeddable":true,"href":"https:\/\/antersystem.com\/es\/wp-json\/wp\/v2\/pages\/30348"}],"wp:attachment":[{"href":"https:\/\/antersystem.com\/es\/wp-json\/wp\/v2\/media?parent=30329"}],"curies":[{"name":"wp","href":"https:\/\/api.w.org\/{rel}","templated":true}]}}