{"id":30810,"date":"2024-02-15T10:41:35","date_gmt":"2024-02-15T09:41:35","guid":{"rendered":"https:\/\/new.antersystem.com\/noticias\/logimat-2024\/"},"modified":"2026-01-30T14:36:36","modified_gmt":"2026-01-30T13:36:36","slug":"logimat-2024","status":"publish","type":"page","link":"https:\/\/antersystem.com\/es\/noticias\/logimat-2024\/","title":{"rendered":"LogiMAT 2024"},"content":{"rendered":"\n<div class=\"wp-block-columns is-layout-flex wp-container-core-columns-is-layout-9d6595d7 wp-block-columns-is-layout-flex\">\n  \n  <div class=\"wp-block-column is-layout-flow wp-block-column-is-layout-flow\" style=\"flex-basis:10%\"><\/div>\n  \n\n  \n  <div class=\"wp-block-column is-layout-flow wp-block-column-is-layout-flow\">\n    \n    <h3 class=\"wp-block-heading\">\u00a1Invitaci\u00f3n a LogiMAT!<\/h3>\n    \n\n    \n    <p>Dentro de un mes dar\u00e1 comienzo en Stuttgart la feria internacional <strong>LogiMAT<\/strong>. Del <strong>19 al 21 de marzo<\/strong>, presentaremos nuestros sistemas que mejoran la seguridad en almacenes y centros log\u00edsticos. El evento te invita a explorar las tendencias emergentes de la industria y los productos m\u00e1s avanzados. El tema principal de la plataforma empresarial de este a\u00f1o: <strong>FORJAR JUNTOS EL CAMBIO<\/strong>.<\/p>\n    \n\n    \n    <h4 class=\"wp-block-heading\"><strong>\u00bfQu\u00e9 te espera en LogiMAT 2024?<\/strong><\/h4>\n    \n\n    \n    <p>Adem\u00e1s de las primicias mundiales y europeas, los profesionales del sector descubrir\u00e1n en <strong>LogiMAT 2024<\/strong> una amplia gama de soluciones nuevas y mejoradas dise\u00f1adas para optimizar los flujos de trabajo intralog\u00edsticos. <strong>La movilidad en los almacenes<\/strong> ser\u00e1 el tema central de este a\u00f1o, destacado a trav\u00e9s de productos y soluciones presentados por diversos expositores: desde fabricantes de maquinaria y equipos, pasando por desarrolladores de robots m\u00f3viles aut\u00f3nomos (AMR), hasta productores de carretillas industriales, y empresas como nosotros, <a href=\"https:\/\/antersystem.com\/produkty\/\">fabricantes de barreras de seguridad m\u00f3viles y flexibles<\/a>.<\/p>\n    \n\n    \n    <p>Las entradas para el acto pueden reservarse aqu\u00ed: <a href=\"https:\/\/www.logimat-messe.de\/en\"><strong>logimat-messe.de\/es<\/strong><\/a><\/p>\n    \n\n    \n    <p><em>\u00abCon todo el espectro de innovaciones que los expositores traer\u00e1n a Stuttgart, LogiMAT 2024 refleja las tendencias actuales que dan forma a todo el sector intralog\u00edstico\u00bb,<\/em> resume el director de la feria <strong>, Michael Ruchty<\/strong>. <em>\u00abLogiMAT ofrece a los profesionales la oportunidad de explorar soluciones de vanguardia que definir\u00e1n el sector en los pr\u00f3ximos a\u00f1os\u00bb.<\/em><\/p>\n    \n\n    \n    <h4 class=\"wp-block-heading\"><strong>Compartir conocimientos<\/strong><\/h4>\n    \n\n    \n    <p>Proporcionamos soluciones expertas para reforzar la seguridad laboral en tu empresa. Si est\u00e1s interesado en ponerte en contacto con nosotros, estaremos encantados de reunirnos y discutir en detalle las opciones espec\u00edficas. Vis\u00edtanos en <strong>el pabell\u00f3n 9, stand 9A17<\/strong>. Tambi\u00e9n seguimos ofreciendo una <strong>auditor\u00eda de seguridad in situ gratuita<\/strong> centrada en mejorar la estabilidad y fiabilidad de las zonas de trabajo; para programar la tuya, ll\u00e1manos al <a href=\"tel:+48%20606%20116%20171\"><strong>+48 606 116 171<\/strong><\/a>.<\/p>\n    \n\n    \n    <hr class=\"wp-block-separator has-text-color has-white-color has-alpha-channel-opacity has-white-background-color has-background is-style-default\"\/>\n    \n  <\/div>\n  \n\n  \n  <div class=\"wp-block-column is-layout-flow wp-block-column-is-layout-flow\" style=\"flex-basis:10%\"><\/div>\n  \n<\/div>\n<div class=\"wp-block-image\">\n<figure class=\"aligncenter size-large is-resized\"><img loading=\"lazy\" decoding=\"async\" width=\"1024\" height=\"535\" src=\"https:\/\/antersystem.com\/wp-content\/uploads\/Logimat2024-Anter-System-invitation-2-1024x535.jpg\" alt=\"Invitaci&#xF3;n de Anter System a LogiMAT 2024\" class=\"wp-image-4227\" style=\"width:720px;height:auto\" srcset=\"https:\/\/antersystem.com\/wp-content\/uploads\/Logimat2024-Anter-System-invitation-2-1024x535.jpg 1024w, https:\/\/antersystem.com\/wp-content\/uploads\/Logimat2024-Anter-System-invitation-2-300x157.jpg 300w, https:\/\/antersystem.com\/wp-content\/uploads\/Logimat2024-Anter-System-invitation-2-768x401.jpg 768w, https:\/\/antersystem.com\/wp-content\/uploads\/Logimat2024-Anter-System-invitation-2-450x235.jpg 450w, https:\/\/antersystem.com\/wp-content\/uploads\/Logimat2024-Anter-System-invitation-2-330x172.jpg 330w, https:\/\/antersystem.com\/wp-content\/uploads\/Logimat2024-Anter-System-invitation-2.jpg 1200w\" sizes=\"auto, (max-width: 1024px) 100vw, 1024px\" \/><\/figure><\/div>","protected":false},"excerpt":{"rendered":"<p>\u00a1Invitaci\u00f3n a LogiMAT! Dentro de un mes dar\u00e1 comienzo en Stuttgart la feria internacional LogiMAT. Del 19 al 21 de marzo, presentaremos nuestros sistemas que mejoran la seguridad en almacenes y centros log\u00edsticos. El evento te invita a explorar las tendencias emergentes de la industria y los productos m\u00e1s avanzados. El tema principal de la [&hellip;]<\/p>\n","protected":false},"author":1,"featured_media":0,"parent":30348,"menu_order":0,"comment_status":"closed","ping_status":"closed","template":"","meta":{"inline_featured_image":false,"ngg_post_thumbnail":0,"footnotes":""},"class_list":["post-30810","page","type-page","status-publish","hentry"],"acf":[],"yoast_head":"<!-- This site is optimized with the Yoast SEO plugin v27.0 - https:\/\/yoast.com\/product\/yoast-seo-wordpress\/ -->\n<title>LogiMAT 2024 - Anter System<\/title>\n<meta name=\"description\" content=\"Ju\u017c za miesi\u0105c rozpoczynaj\u0105 si\u0119 mi\u0119dzynarodowe Targi Logimat w Stuttgarcie. W dniach 19-21.03 b\u0119dziemy prezentowa\u0107 tam nasze systemy.\" \/>\n<meta name=\"robots\" content=\"index, follow, max-snippet:-1, max-image-preview:large, max-video-preview:-1\" \/>\n<link rel=\"canonical\" href=\"https:\/\/antersystem.com\/es\/noticias\/logimat-2024\/\" \/>\n<meta property=\"og:locale\" content=\"es_ES\" \/>\n<meta property=\"og:type\" content=\"article\" \/>\n<meta property=\"og:title\" content=\"LogiMAT 2024 - Anter System\" \/>\n<meta property=\"og:description\" content=\"Ju\u017c za miesi\u0105c rozpoczynaj\u0105 si\u0119 mi\u0119dzynarodowe Targi Logimat w Stuttgarcie. W dniach 19-21.03 b\u0119dziemy prezentowa\u0107 tam nasze systemy.\" \/>\n<meta property=\"og:url\" content=\"https:\/\/antersystem.com\/es\/noticias\/logimat-2024\/\" \/>\n<meta property=\"og:site_name\" content=\"Anter System\" \/>\n<meta property=\"article:modified_time\" content=\"2026-01-30T13:36:36+00:00\" \/>\n<meta property=\"og:image\" content=\"https:\/\/antersystem.com\/wp-content\/uploads\/Logimat2024-Anter-System-invitation-2-1024x535.jpg\" \/>\n<meta name=\"twitter:card\" content=\"summary_large_image\" \/>\n<meta name=\"twitter:label1\" content=\"Tiempo de lectura\" \/>\n\t<meta name=\"twitter:data1\" content=\"2 minutos\" \/>\n<script type=\"application\/ld+json\" class=\"yoast-schema-graph\">{\"@context\":\"https:\/\/schema.org\",\"@graph\":[{\"@type\":\"WebPage\",\"@id\":\"https:\/\/antersystem.com\/es\/noticias\/logimat-2024\/\",\"url\":\"https:\/\/antersystem.com\/es\/noticias\/logimat-2024\/\",\"name\":\"LogiMAT 2024 - Anter System\",\"isPartOf\":{\"@id\":\"https:\/\/antersystem.com\/es\/#website\"},\"primaryImageOfPage\":{\"@id\":\"https:\/\/antersystem.com\/es\/noticias\/logimat-2024\/#primaryimage\"},\"image\":{\"@id\":\"https:\/\/antersystem.com\/es\/noticias\/logimat-2024\/#primaryimage\"},\"thumbnailUrl\":\"https:\/\/antersystem.com\/wp-content\/uploads\/Logimat2024-Anter-System-invitation-2-1024x535.jpg\",\"datePublished\":\"2024-02-15T09:41:35+00:00\",\"dateModified\":\"2026-01-30T13:36:36+00:00\",\"description\":\"Ju\u017c za miesi\u0105c rozpoczynaj\u0105 si\u0119 mi\u0119dzynarodowe Targi Logimat w Stuttgarcie. W dniach 19-21.03 b\u0119dziemy prezentowa\u0107 tam nasze systemy.\",\"breadcrumb\":{\"@id\":\"https:\/\/antersystem.com\/es\/noticias\/logimat-2024\/#breadcrumb\"},\"inLanguage\":\"es\",\"potentialAction\":[{\"@type\":\"ReadAction\",\"target\":[\"https:\/\/antersystem.com\/es\/noticias\/logimat-2024\/\"]}]},{\"@type\":\"ImageObject\",\"inLanguage\":\"es\",\"@id\":\"https:\/\/antersystem.com\/es\/noticias\/logimat-2024\/#primaryimage\",\"url\":\"https:\/\/antersystem.com\/wp-content\/uploads\/Logimat2024-Anter-System-invitation-2-1024x535.jpg\",\"contentUrl\":\"https:\/\/antersystem.com\/wp-content\/uploads\/Logimat2024-Anter-System-invitation-2-1024x535.jpg\"},{\"@type\":\"BreadcrumbList\",\"@id\":\"https:\/\/antersystem.com\/es\/noticias\/logimat-2024\/#breadcrumb\",\"itemListElement\":[{\"@type\":\"ListItem\",\"position\":1,\"name\":\"AnterSystem\",\"item\":\"https:\/\/antersystem.com\/es\/\"},{\"@type\":\"ListItem\",\"position\":2,\"name\":\"Noticias\",\"item\":\"https:\/\/antersystem.com\/es\/noticias\/\"},{\"@type\":\"ListItem\",\"position\":3,\"name\":\"LogiMAT 2024\"}]},{\"@type\":\"WebSite\",\"@id\":\"https:\/\/antersystem.com\/es\/#website\",\"url\":\"https:\/\/antersystem.com\/es\/\",\"name\":\"Anter System\",\"description\":\"Jeste\u015bmy polskim producentem elastycznych barier ochronnych wykonywanych z polimerowych tworzyw sztucznych. Na rynku krajowym i zagranicznym dzia\u0142amy od ponad 15 lat dbaj\u0105c o zapewnienie bezpiecze\u0144stwa w zak\u0142adach produkcyjnych, magazynach oraz centrach logistycznych.\",\"potentialAction\":[{\"@type\":\"SearchAction\",\"target\":{\"@type\":\"EntryPoint\",\"urlTemplate\":\"https:\/\/antersystem.com\/es\/?s={search_term_string}\"},\"query-input\":{\"@type\":\"PropertyValueSpecification\",\"valueRequired\":true,\"valueName\":\"search_term_string\"}}],\"inLanguage\":\"es\"}]}<\/script>\n<!-- \/ Yoast SEO plugin. -->","yoast_head_json":{"title":"LogiMAT 2024 - Anter System","description":"Ju\u017c za miesi\u0105c rozpoczynaj\u0105 si\u0119 mi\u0119dzynarodowe Targi Logimat w Stuttgarcie. W dniach 19-21.03 b\u0119dziemy prezentowa\u0107 tam nasze systemy.","robots":{"index":"index","follow":"follow","max-snippet":"max-snippet:-1","max-image-preview":"max-image-preview:large","max-video-preview":"max-video-preview:-1"},"canonical":"https:\/\/antersystem.com\/es\/noticias\/logimat-2024\/","og_locale":"es_ES","og_type":"article","og_title":"LogiMAT 2024 - Anter System","og_description":"Ju\u017c za miesi\u0105c rozpoczynaj\u0105 si\u0119 mi\u0119dzynarodowe Targi Logimat w Stuttgarcie. W dniach 19-21.03 b\u0119dziemy prezentowa\u0107 tam nasze systemy.","og_url":"https:\/\/antersystem.com\/es\/noticias\/logimat-2024\/","og_site_name":"Anter System","article_modified_time":"2026-01-30T13:36:36+00:00","og_image":[{"url":"https:\/\/antersystem.com\/wp-content\/uploads\/Logimat2024-Anter-System-invitation-2-1024x535.jpg","type":"","width":"","height":""}],"twitter_card":"summary_large_image","twitter_misc":{"Tiempo de lectura":"2 minutos"},"schema":{"@context":"https:\/\/schema.org","@graph":[{"@type":"WebPage","@id":"https:\/\/antersystem.com\/es\/noticias\/logimat-2024\/","url":"https:\/\/antersystem.com\/es\/noticias\/logimat-2024\/","name":"LogiMAT 2024 - Anter System","isPartOf":{"@id":"https:\/\/antersystem.com\/es\/#website"},"primaryImageOfPage":{"@id":"https:\/\/antersystem.com\/es\/noticias\/logimat-2024\/#primaryimage"},"image":{"@id":"https:\/\/antersystem.com\/es\/noticias\/logimat-2024\/#primaryimage"},"thumbnailUrl":"https:\/\/antersystem.com\/wp-content\/uploads\/Logimat2024-Anter-System-invitation-2-1024x535.jpg","datePublished":"2024-02-15T09:41:35+00:00","dateModified":"2026-01-30T13:36:36+00:00","description":"Ju\u017c za miesi\u0105c rozpoczynaj\u0105 si\u0119 mi\u0119dzynarodowe Targi Logimat w Stuttgarcie. W dniach 19-21.03 b\u0119dziemy prezentowa\u0107 tam nasze systemy.","breadcrumb":{"@id":"https:\/\/antersystem.com\/es\/noticias\/logimat-2024\/#breadcrumb"},"inLanguage":"es","potentialAction":[{"@type":"ReadAction","target":["https:\/\/antersystem.com\/es\/noticias\/logimat-2024\/"]}]},{"@type":"ImageObject","inLanguage":"es","@id":"https:\/\/antersystem.com\/es\/noticias\/logimat-2024\/#primaryimage","url":"https:\/\/antersystem.com\/wp-content\/uploads\/Logimat2024-Anter-System-invitation-2-1024x535.jpg","contentUrl":"https:\/\/antersystem.com\/wp-content\/uploads\/Logimat2024-Anter-System-invitation-2-1024x535.jpg"},{"@type":"BreadcrumbList","@id":"https:\/\/antersystem.com\/es\/noticias\/logimat-2024\/#breadcrumb","itemListElement":[{"@type":"ListItem","position":1,"name":"AnterSystem","item":"https:\/\/antersystem.com\/es\/"},{"@type":"ListItem","position":2,"name":"Noticias","item":"https:\/\/antersystem.com\/es\/noticias\/"},{"@type":"ListItem","position":3,"name":"LogiMAT 2024"}]},{"@type":"WebSite","@id":"https:\/\/antersystem.com\/es\/#website","url":"https:\/\/antersystem.com\/es\/","name":"Anter System","description":"Jeste\u015bmy polskim producentem elastycznych barier ochronnych wykonywanych z polimerowych tworzyw sztucznych. Na rynku krajowym i zagranicznym dzia\u0142amy od ponad 15 lat dbaj\u0105c o zapewnienie bezpiecze\u0144stwa w zak\u0142adach produkcyjnych, magazynach oraz centrach logistycznych.","potentialAction":[{"@type":"SearchAction","target":{"@type":"EntryPoint","urlTemplate":"https:\/\/antersystem.com\/es\/?s={search_term_string}"},"query-input":{"@type":"PropertyValueSpecification","valueRequired":true,"valueName":"search_term_string"}}],"inLanguage":"es"}]}},"_links":{"self":[{"href":"https:\/\/antersystem.com\/es\/wp-json\/wp\/v2\/pages\/30810","targetHints":{"allow":["GET"]}}],"collection":[{"href":"https:\/\/antersystem.com\/es\/wp-json\/wp\/v2\/pages"}],"about":[{"href":"https:\/\/antersystem.com\/es\/wp-json\/wp\/v2\/types\/page"}],"author":[{"embeddable":true,"href":"https:\/\/antersystem.com\/es\/wp-json\/wp\/v2\/users\/1"}],"replies":[{"embeddable":true,"href":"https:\/\/antersystem.com\/es\/wp-json\/wp\/v2\/comments?post=30810"}],"version-history":[{"count":1,"href":"https:\/\/antersystem.com\/es\/wp-json\/wp\/v2\/pages\/30810\/revisions"}],"predecessor-version":[{"id":30812,"href":"https:\/\/antersystem.com\/es\/wp-json\/wp\/v2\/pages\/30810\/revisions\/30812"}],"up":[{"embeddable":true,"href":"https:\/\/antersystem.com\/es\/wp-json\/wp\/v2\/pages\/30348"}],"wp:attachment":[{"href":"https:\/\/antersystem.com\/es\/wp-json\/wp\/v2\/media?parent=30810"}],"curies":[{"name":"wp","href":"https:\/\/api.w.org\/{rel}","templated":true}]}}