{"id":38820,"date":"2025-06-11T10:14:00","date_gmt":"2025-06-11T08:14:00","guid":{"rendered":"https:\/\/antersystem.com\/noticias\/anter-system-gets-polska-nagroda-inteligentnego-rozwoju\/"},"modified":"2026-02-02T10:38:45","modified_gmt":"2026-02-02T09:38:45","slug":"anter-system-gets-polska-nagroda-inteligentnego-rozwoju","status":"publish","type":"page","link":"https:\/\/antersystem.com\/es\/noticias\/anter-system-gets-polska-nagroda-inteligentnego-rozwoju\/","title":{"rendered":"Anter System consigue Polska Nagroda Inteligentnego Rozwoju"},"content":{"rendered":"\n<div class=\"wp-block-columns is-layout-flex wp-container-core-columns-is-layout-9d6595d7 wp-block-columns-is-layout-flex\">\n<div class=\"wp-block-column is-layout-flow wp-block-column-is-layout-flow\">\n<div class=\"wp-block-columns is-layout-flex wp-container-core-columns-is-layout-9d6595d7 wp-block-columns-is-layout-flex\">\n<div class=\"wp-block-column is-layout-flow wp-block-column-is-layout-flow\">\n<p>Nos complace comunicar que durante la edici\u00f3n del 10\u00ba aniversario del Foro de Desarrollo Inteligente de Uniej\u00f3w, Anter System fue galardonada con el prestigioso Premio Polaco al Desarrollo Inteligente. Este premio se concede a personas, empresas y organizaciones cuyas actividades contribuyen a la creaci\u00f3n de soluciones innovadoras que apoyan el desarrollo sostenible de la sociedad y la econom\u00eda. <\/p>\n\n\n\n<p>Esta distinci\u00f3n es un gran honor para nosotros y una confirmaci\u00f3n de que la direcci\u00f3n que hemos tomado -desarrollar tecnolog\u00edas inteligentes que protejan a las personas y las infraestructuras en espacios industriales- es reconocida no s\u00f3lo por nuestros clientes, sino tambi\u00e9n por expertos y l\u00edderes en innovaci\u00f3n de Polonia.<\/p>\n\n\n\n<h2 class=\"wp-block-heading\">Un foro para el futuro que conecta ciencia, tecnolog\u00eda y empresa<\/h2>\n\n\n\n<p>El Foro de Desarrollo Inteligente es uno de los acontecimientos econ\u00f3micos y tecnol\u00f3gicos m\u00e1s inspiradores de Polonia. El congreso re\u00fane a representantes de la empresa, la ciencia, los gobiernos locales y la comunidad inversora para explorar conjuntamente c\u00f3mo las tecnolog\u00edas modernas pueden tener un impacto real en la calidad de vida y el crecimiento econ\u00f3mico. Participar en este evento no s\u00f3lo es un honor, sino tambi\u00e9n una oportunidad para intercambiar experiencias y puntos de vista con otros l\u00edderes de la innovaci\u00f3n.  <\/p>\n\n\n\n<h2 class=\"wp-block-heading\">Una presentaci\u00f3n sobre la tecnolog\u00eda que protege<\/h2>\n\n\n\n<p>Como parte del Foro, tambi\u00e9n tuvimos la oportunidad de participar en el programa de expertos. Tomasz Bary\u0142a, Director de Producto de Anter System, particip\u00f3 en el panel \u00abTecnolog\u00edas del futuro en acci\u00f3n: c\u00f3mo las innovaciones dan forma a la ciencia, la empresa y la sociedad\u00bb, donde present\u00f3 una ponencia titulada \u00abTecnolog\u00eda que protege: sistemas de seguridad inteligentes en espacios industriales\u00bb. <\/p>\n\n\n\n<p>Durante su intervenci\u00f3n, Tomasz trat\u00f3, entre otros temas:<\/p>\n\n\n\n<ul class=\"wp-block-list\">\n<li>los retos actuales de la intralog\u00edstica en materia de seguridad,<\/li>\n\n\n\n<li>c\u00f3mo las barreras de seguridad flexibles combinadas con elementos de automatizaci\u00f3n mejoran la seguridad y la eficacia en el lugar de trabajo.<\/li>\n<\/ul>\n\n\n\n<h2 class=\"wp-block-heading\">Motivaci\u00f3n para seguir creciendo<\/h2>\n\n\n\n<p>El premio que hemos recibido no es s\u00f3lo una fuente de prestigio, sino tambi\u00e9n un compromiso para seguir desarroll\u00e1ndonos, introduciendo nuevas innovaciones y elevando constantemente los niveles de seguridad en la industria. Agradecemos al Jurado del Concurso su confianza y reconocimiento, y a todos los participantes en el Foro sus valiosas conversaciones e inspiradoras reuniones. <\/p>\n<\/div>\n<\/div>\n<\/div>\n<\/div>\n","protected":false},"excerpt":{"rendered":"<p>Nos complace comunicar que durante la edici\u00f3n del 10\u00ba aniversario del Foro de Desarrollo Inteligente de Uniej\u00f3w, Anter System fue galardonada con el prestigioso Premio Polaco al Desarrollo Inteligente. Este premio se concede a personas, empresas y organizaciones cuyas actividades contribuyen a la creaci\u00f3n de soluciones innovadoras que apoyan el desarrollo sostenible de la sociedad [&hellip;]<\/p>\n","protected":false},"author":11,"featured_media":0,"parent":30348,"menu_order":0,"comment_status":"closed","ping_status":"closed","template":"","meta":{"inline_featured_image":false,"ngg_post_thumbnail":0,"footnotes":""},"class_list":["post-38820","page","type-page","status-publish","hentry"],"acf":[],"yoast_head":"<!-- This site is optimized with the Yoast SEO plugin v27.0 - https:\/\/yoast.com\/product\/yoast-seo-wordpress\/ -->\n<title>Anter System consigue Polska Nagroda Inteligentnego Rozwoju - Anter System<\/title>\n<meta name=\"description\" content=\"Nos complace comunicar que durante la edici\u00f3n del 10\u00ba aniversario del Foro de Desarrollo Inteligente de Uniej\u00f3w, Anter System fue galardonada con el\" \/>\n<meta name=\"robots\" content=\"index, follow, max-snippet:-1, max-image-preview:large, max-video-preview:-1\" \/>\n<link rel=\"canonical\" href=\"https:\/\/antersystem.com\/es\/noticias\/anter-system-gets-polska-nagroda-inteligentnego-rozwoju\/\" \/>\n<meta property=\"og:locale\" content=\"es_ES\" \/>\n<meta property=\"og:type\" content=\"article\" \/>\n<meta property=\"og:title\" content=\"Anter System consigue Polska Nagroda Inteligentnego Rozwoju - Anter System\" \/>\n<meta property=\"og:description\" content=\"Nos complace comunicar que durante la edici\u00f3n del 10\u00ba aniversario del Foro de Desarrollo Inteligente de Uniej\u00f3w, Anter System fue galardonada con el\" \/>\n<meta property=\"og:url\" content=\"https:\/\/antersystem.com\/es\/noticias\/anter-system-gets-polska-nagroda-inteligentnego-rozwoju\/\" \/>\n<meta property=\"og:site_name\" content=\"Anter System\" \/>\n<meta property=\"article:modified_time\" content=\"2026-02-02T09:38:45+00:00\" \/>\n<meta name=\"twitter:card\" content=\"summary_large_image\" \/>\n<meta name=\"twitter:label1\" content=\"Tiempo de lectura\" \/>\n\t<meta name=\"twitter:data1\" content=\"2 minutos\" \/>\n<script type=\"application\/ld+json\" class=\"yoast-schema-graph\">{\"@context\":\"https:\/\/schema.org\",\"@graph\":[{\"@type\":\"WebPage\",\"@id\":\"https:\/\/antersystem.com\/es\/noticias\/anter-system-gets-polska-nagroda-inteligentnego-rozwoju\/\",\"url\":\"https:\/\/antersystem.com\/es\/noticias\/anter-system-gets-polska-nagroda-inteligentnego-rozwoju\/\",\"name\":\"Anter System consigue Polska Nagroda Inteligentnego Rozwoju - Anter System\",\"isPartOf\":{\"@id\":\"https:\/\/antersystem.com\/es\/#website\"},\"datePublished\":\"2025-06-11T08:14:00+00:00\",\"dateModified\":\"2026-02-02T09:38:45+00:00\",\"description\":\"Nos complace comunicar que durante la edici\u00f3n del 10\u00ba aniversario del Foro de Desarrollo Inteligente de Uniej\u00f3w, Anter System fue galardonada con el\",\"breadcrumb\":{\"@id\":\"https:\/\/antersystem.com\/es\/noticias\/anter-system-gets-polska-nagroda-inteligentnego-rozwoju\/#breadcrumb\"},\"inLanguage\":\"es\",\"potentialAction\":[{\"@type\":\"ReadAction\",\"target\":[\"https:\/\/antersystem.com\/es\/noticias\/anter-system-gets-polska-nagroda-inteligentnego-rozwoju\/\"]}]},{\"@type\":\"BreadcrumbList\",\"@id\":\"https:\/\/antersystem.com\/es\/noticias\/anter-system-gets-polska-nagroda-inteligentnego-rozwoju\/#breadcrumb\",\"itemListElement\":[{\"@type\":\"ListItem\",\"position\":1,\"name\":\"AnterSystem\",\"item\":\"https:\/\/antersystem.com\/es\/\"},{\"@type\":\"ListItem\",\"position\":2,\"name\":\"Noticias\",\"item\":\"https:\/\/antersystem.com\/es\/noticias\/\"},{\"@type\":\"ListItem\",\"position\":3,\"name\":\"Anter System consigue Polska Nagroda Inteligentnego Rozwoju\"}]},{\"@type\":\"WebSite\",\"@id\":\"https:\/\/antersystem.com\/es\/#website\",\"url\":\"https:\/\/antersystem.com\/es\/\",\"name\":\"Anter System\",\"description\":\"Jeste\u015bmy polskim producentem elastycznych barier ochronnych wykonywanych z polimerowych tworzyw sztucznych. Na rynku krajowym i zagranicznym dzia\u0142amy od ponad 15 lat dbaj\u0105c o zapewnienie bezpiecze\u0144stwa w zak\u0142adach produkcyjnych, magazynach oraz centrach logistycznych.\",\"potentialAction\":[{\"@type\":\"SearchAction\",\"target\":{\"@type\":\"EntryPoint\",\"urlTemplate\":\"https:\/\/antersystem.com\/es\/?s={search_term_string}\"},\"query-input\":{\"@type\":\"PropertyValueSpecification\",\"valueRequired\":true,\"valueName\":\"search_term_string\"}}],\"inLanguage\":\"es\"}]}<\/script>\n<!-- \/ Yoast SEO plugin. -->","yoast_head_json":{"title":"Anter System consigue Polska Nagroda Inteligentnego Rozwoju - Anter System","description":"Nos complace comunicar que durante la edici\u00f3n del 10\u00ba aniversario del Foro de Desarrollo Inteligente de Uniej\u00f3w, Anter System fue galardonada con el","robots":{"index":"index","follow":"follow","max-snippet":"max-snippet:-1","max-image-preview":"max-image-preview:large","max-video-preview":"max-video-preview:-1"},"canonical":"https:\/\/antersystem.com\/es\/noticias\/anter-system-gets-polska-nagroda-inteligentnego-rozwoju\/","og_locale":"es_ES","og_type":"article","og_title":"Anter System consigue Polska Nagroda Inteligentnego Rozwoju - Anter System","og_description":"Nos complace comunicar que durante la edici\u00f3n del 10\u00ba aniversario del Foro de Desarrollo Inteligente de Uniej\u00f3w, Anter System fue galardonada con el","og_url":"https:\/\/antersystem.com\/es\/noticias\/anter-system-gets-polska-nagroda-inteligentnego-rozwoju\/","og_site_name":"Anter System","article_modified_time":"2026-02-02T09:38:45+00:00","twitter_card":"summary_large_image","twitter_misc":{"Tiempo de lectura":"2 minutos"},"schema":{"@context":"https:\/\/schema.org","@graph":[{"@type":"WebPage","@id":"https:\/\/antersystem.com\/es\/noticias\/anter-system-gets-polska-nagroda-inteligentnego-rozwoju\/","url":"https:\/\/antersystem.com\/es\/noticias\/anter-system-gets-polska-nagroda-inteligentnego-rozwoju\/","name":"Anter System consigue Polska Nagroda Inteligentnego Rozwoju - Anter System","isPartOf":{"@id":"https:\/\/antersystem.com\/es\/#website"},"datePublished":"2025-06-11T08:14:00+00:00","dateModified":"2026-02-02T09:38:45+00:00","description":"Nos complace comunicar que durante la edici\u00f3n del 10\u00ba aniversario del Foro de Desarrollo Inteligente de Uniej\u00f3w, Anter System fue galardonada con el","breadcrumb":{"@id":"https:\/\/antersystem.com\/es\/noticias\/anter-system-gets-polska-nagroda-inteligentnego-rozwoju\/#breadcrumb"},"inLanguage":"es","potentialAction":[{"@type":"ReadAction","target":["https:\/\/antersystem.com\/es\/noticias\/anter-system-gets-polska-nagroda-inteligentnego-rozwoju\/"]}]},{"@type":"BreadcrumbList","@id":"https:\/\/antersystem.com\/es\/noticias\/anter-system-gets-polska-nagroda-inteligentnego-rozwoju\/#breadcrumb","itemListElement":[{"@type":"ListItem","position":1,"name":"AnterSystem","item":"https:\/\/antersystem.com\/es\/"},{"@type":"ListItem","position":2,"name":"Noticias","item":"https:\/\/antersystem.com\/es\/noticias\/"},{"@type":"ListItem","position":3,"name":"Anter System consigue Polska Nagroda Inteligentnego Rozwoju"}]},{"@type":"WebSite","@id":"https:\/\/antersystem.com\/es\/#website","url":"https:\/\/antersystem.com\/es\/","name":"Anter System","description":"Jeste\u015bmy polskim producentem elastycznych barier ochronnych wykonywanych z polimerowych tworzyw sztucznych. Na rynku krajowym i zagranicznym dzia\u0142amy od ponad 15 lat dbaj\u0105c o zapewnienie bezpiecze\u0144stwa w zak\u0142adach produkcyjnych, magazynach oraz centrach logistycznych.","potentialAction":[{"@type":"SearchAction","target":{"@type":"EntryPoint","urlTemplate":"https:\/\/antersystem.com\/es\/?s={search_term_string}"},"query-input":{"@type":"PropertyValueSpecification","valueRequired":true,"valueName":"search_term_string"}}],"inLanguage":"es"}]}},"_links":{"self":[{"href":"https:\/\/antersystem.com\/es\/wp-json\/wp\/v2\/pages\/38820","targetHints":{"allow":["GET"]}}],"collection":[{"href":"https:\/\/antersystem.com\/es\/wp-json\/wp\/v2\/pages"}],"about":[{"href":"https:\/\/antersystem.com\/es\/wp-json\/wp\/v2\/types\/page"}],"author":[{"embeddable":true,"href":"https:\/\/antersystem.com\/es\/wp-json\/wp\/v2\/users\/11"}],"replies":[{"embeddable":true,"href":"https:\/\/antersystem.com\/es\/wp-json\/wp\/v2\/comments?post=38820"}],"version-history":[{"count":1,"href":"https:\/\/antersystem.com\/es\/wp-json\/wp\/v2\/pages\/38820\/revisions"}],"predecessor-version":[{"id":38821,"href":"https:\/\/antersystem.com\/es\/wp-json\/wp\/v2\/pages\/38820\/revisions\/38821"}],"up":[{"embeddable":true,"href":"https:\/\/antersystem.com\/es\/wp-json\/wp\/v2\/pages\/30348"}],"wp:attachment":[{"href":"https:\/\/antersystem.com\/es\/wp-json\/wp\/v2\/media?parent=38820"}],"curies":[{"name":"wp","href":"https:\/\/api.w.org\/{rel}","templated":true}]}}