{"id":39008,"date":"2023-10-11T14:02:03","date_gmt":"2023-10-11T12:02:03","guid":{"rendered":"https:\/\/antersystem.com\/noticias\/symbol-2019\/"},"modified":"2026-02-02T15:24:44","modified_gmt":"2026-02-02T14:24:44","slug":"symbol-2019","status":"publish","type":"page","link":"https:\/\/antersystem.com\/es\/noticias\/symbol-2019\/","title":{"rendered":"S\u00edmbolo 2019"},"content":{"rendered":"\n<div class=\"wp-block-columns is-layout-flex wp-container-core-columns-is-layout-9d6595d7 wp-block-columns-is-layout-flex\">\n<div class=\"wp-block-column is-layout-flow wp-block-column-is-layout-flow\" style=\"flex-basis:10%\"><\/div>\n\n\n\n<div class=\"wp-block-column is-layout-flow wp-block-column-is-layout-flow\">\n<h3 class=\"wp-block-heading\">S\u00edmbolo 2019 para Anter System<\/h3>\n\n\n\n<p style=\"text-align: left;\">En 2019, nuestra empresa fue galardonada en el prestigioso concurso Symbol 2019. Symbol es un programa de promoci\u00f3n medi\u00e1tica de \u00e1mbito nacional dirigido por la redacci\u00f3n de \u00abMonitor rynkowy\u00bb, suplemento independiente de \u00abRzeczpospolita\u00bb, distribuido junto con \u00abDziennik Gazeta Prawna\u00bb y \u00abMonitor Biznesu\u00bb.<\/p>\n<p style=\"text-align: left;\">Proporciona apoyo medi\u00e1tico para construir una imagen corporativa fuerte y fiable. El premio es un reconocimiento de los logros y actividades realizados hasta la fecha. <\/p>\n<p>En el art\u00edculo de Jacek Bies <a href=\"https:\/\/monitorrynkowy.pl\/bezpiecznie-przy-maszynach\/\">\u00abBezpiecznie przy maszynach\u00bb,<\/a> puedes leer sobre la direcci\u00f3n de las actividades de la empresa en la citada declaraci\u00f3n de Tomasz Bary\u0142a, Presidente del Consejo de Administraci\u00f3n de Anter System.<\/p>\n<p>&nbsp;<\/p>\n\n\n<div class=\"wp-block-image\">\n<figure class=\"aligncenter size-large is-resized\"><img loading=\"lazy\" decoding=\"async\" src=\"https:\/\/antersystem.com\/wp-content\/uploads\/Symbol_2019_poziom-1-1024x525.png\" alt=\"Premio S&#xED;mbolo 2019 concedido a Anter System por Monitor rynkowy\" class=\"wp-image-2819\" style=\"width:509px;height:261px\" width=\"509\" height=\"261\"\/><\/figure><\/div><\/div>\n\n\n\n<div class=\"wp-block-column is-layout-flow wp-block-column-is-layout-flow\" style=\"flex-basis:10%\"><\/div>\n<\/div>\n","protected":false},"excerpt":{"rendered":"<p>S\u00edmbolo 2019 para Anter System En 2019, nuestra empresa fue galardonada en el prestigioso concurso Symbol 2019. Symbol es un programa de promoci\u00f3n medi\u00e1tica de \u00e1mbito nacional dirigido por la redacci\u00f3n de \u00abMonitor rynkowy\u00bb, suplemento independiente de \u00abRzeczpospolita\u00bb, distribuido junto con \u00abDziennik Gazeta Prawna\u00bb y \u00abMonitor Biznesu\u00bb. Proporciona apoyo medi\u00e1tico para construir una imagen corporativa [&hellip;]<\/p>\n","protected":false},"author":1,"featured_media":0,"parent":30348,"menu_order":0,"comment_status":"closed","ping_status":"closed","template":"","meta":{"inline_featured_image":false,"ngg_post_thumbnail":0,"footnotes":""},"class_list":["post-39008","page","type-page","status-publish","hentry"],"acf":[],"yoast_head":"<!-- This site is optimized with the Yoast SEO plugin v27.0 - https:\/\/yoast.com\/product\/yoast-seo-wordpress\/ -->\n<title>S\u00edmbolo 2019 - Anter System<\/title>\n<meta name=\"description\" content=\"Nasza firma zosta\u0142a w roku 2019 laureatem presti\u017cowego konkursu Symbol 2019. Symbol to og\u00f3lnopolski, medialny program promocyjny, prowadzony przez redakcj\u0119 &quot;Monitora rynkowego&quot;.\" \/>\n<meta name=\"robots\" content=\"index, follow, max-snippet:-1, max-image-preview:large, max-video-preview:-1\" \/>\n<link rel=\"canonical\" href=\"https:\/\/antersystem.com\/es\/noticias\/symbol-2019\/\" \/>\n<meta property=\"og:locale\" content=\"es_ES\" \/>\n<meta property=\"og:type\" content=\"article\" \/>\n<meta property=\"og:title\" content=\"S\u00edmbolo 2019 - Anter System\" \/>\n<meta property=\"og:description\" content=\"Nasza firma zosta\u0142a w roku 2019 laureatem presti\u017cowego konkursu Symbol 2019. Symbol to og\u00f3lnopolski, medialny program promocyjny, prowadzony przez redakcj\u0119 &quot;Monitora rynkowego&quot;.\" \/>\n<meta property=\"og:url\" content=\"https:\/\/antersystem.com\/es\/noticias\/symbol-2019\/\" \/>\n<meta property=\"og:site_name\" content=\"Anter System\" \/>\n<meta property=\"article:modified_time\" content=\"2026-02-02T14:24:44+00:00\" \/>\n<meta property=\"og:image\" content=\"https:\/\/antersystem.com\/wp-content\/uploads\/Symbol_2019_poziom-1-1024x525.png\" \/>\n<meta name=\"twitter:card\" content=\"summary_large_image\" \/>\n<meta name=\"twitter:label1\" content=\"Tiempo de lectura\" \/>\n\t<meta name=\"twitter:data1\" content=\"1 minuto\" \/>\n<script type=\"application\/ld+json\" class=\"yoast-schema-graph\">{\"@context\":\"https:\/\/schema.org\",\"@graph\":[{\"@type\":\"WebPage\",\"@id\":\"https:\/\/antersystem.com\/es\/noticias\/symbol-2019\/\",\"url\":\"https:\/\/antersystem.com\/es\/noticias\/symbol-2019\/\",\"name\":\"S\u00edmbolo 2019 - Anter System\",\"isPartOf\":{\"@id\":\"https:\/\/antersystem.com\/es\/#website\"},\"primaryImageOfPage\":{\"@id\":\"https:\/\/antersystem.com\/es\/noticias\/symbol-2019\/#primaryimage\"},\"image\":{\"@id\":\"https:\/\/antersystem.com\/es\/noticias\/symbol-2019\/#primaryimage\"},\"thumbnailUrl\":\"https:\/\/antersystem.com\/wp-content\/uploads\/Symbol_2019_poziom-1-1024x525.png\",\"datePublished\":\"2023-10-11T12:02:03+00:00\",\"dateModified\":\"2026-02-02T14:24:44+00:00\",\"description\":\"Nasza firma zosta\u0142a w roku 2019 laureatem presti\u017cowego konkursu Symbol 2019. Symbol to og\u00f3lnopolski, medialny program promocyjny, prowadzony przez redakcj\u0119 \\\"Monitora rynkowego\\\".\",\"breadcrumb\":{\"@id\":\"https:\/\/antersystem.com\/es\/noticias\/symbol-2019\/#breadcrumb\"},\"inLanguage\":\"es\",\"potentialAction\":[{\"@type\":\"ReadAction\",\"target\":[\"https:\/\/antersystem.com\/es\/noticias\/symbol-2019\/\"]}]},{\"@type\":\"ImageObject\",\"inLanguage\":\"es\",\"@id\":\"https:\/\/antersystem.com\/es\/noticias\/symbol-2019\/#primaryimage\",\"url\":\"https:\/\/antersystem.com\/wp-content\/uploads\/Symbol_2019_poziom-1-1024x525.png\",\"contentUrl\":\"https:\/\/antersystem.com\/wp-content\/uploads\/Symbol_2019_poziom-1-1024x525.png\"},{\"@type\":\"BreadcrumbList\",\"@id\":\"https:\/\/antersystem.com\/es\/noticias\/symbol-2019\/#breadcrumb\",\"itemListElement\":[{\"@type\":\"ListItem\",\"position\":1,\"name\":\"AnterSystem\",\"item\":\"https:\/\/antersystem.com\/es\/\"},{\"@type\":\"ListItem\",\"position\":2,\"name\":\"Noticias\",\"item\":\"https:\/\/antersystem.com\/es\/noticias\/\"},{\"@type\":\"ListItem\",\"position\":3,\"name\":\"S\u00edmbolo 2019\"}]},{\"@type\":\"WebSite\",\"@id\":\"https:\/\/antersystem.com\/es\/#website\",\"url\":\"https:\/\/antersystem.com\/es\/\",\"name\":\"Anter System\",\"description\":\"Jeste\u015bmy polskim producentem elastycznych barier ochronnych wykonywanych z polimerowych tworzyw sztucznych. Na rynku krajowym i zagranicznym dzia\u0142amy od ponad 15 lat dbaj\u0105c o zapewnienie bezpiecze\u0144stwa w zak\u0142adach produkcyjnych, magazynach oraz centrach logistycznych.\",\"potentialAction\":[{\"@type\":\"SearchAction\",\"target\":{\"@type\":\"EntryPoint\",\"urlTemplate\":\"https:\/\/antersystem.com\/es\/?s={search_term_string}\"},\"query-input\":{\"@type\":\"PropertyValueSpecification\",\"valueRequired\":true,\"valueName\":\"search_term_string\"}}],\"inLanguage\":\"es\"}]}<\/script>\n<!-- \/ Yoast SEO plugin. -->","yoast_head_json":{"title":"S\u00edmbolo 2019 - Anter System","description":"Nasza firma zosta\u0142a w roku 2019 laureatem presti\u017cowego konkursu Symbol 2019. Symbol to og\u00f3lnopolski, medialny program promocyjny, prowadzony przez redakcj\u0119 \"Monitora rynkowego\".","robots":{"index":"index","follow":"follow","max-snippet":"max-snippet:-1","max-image-preview":"max-image-preview:large","max-video-preview":"max-video-preview:-1"},"canonical":"https:\/\/antersystem.com\/es\/noticias\/symbol-2019\/","og_locale":"es_ES","og_type":"article","og_title":"S\u00edmbolo 2019 - Anter System","og_description":"Nasza firma zosta\u0142a w roku 2019 laureatem presti\u017cowego konkursu Symbol 2019. Symbol to og\u00f3lnopolski, medialny program promocyjny, prowadzony przez redakcj\u0119 \"Monitora rynkowego\".","og_url":"https:\/\/antersystem.com\/es\/noticias\/symbol-2019\/","og_site_name":"Anter System","article_modified_time":"2026-02-02T14:24:44+00:00","og_image":[{"url":"https:\/\/antersystem.com\/wp-content\/uploads\/Symbol_2019_poziom-1-1024x525.png","type":"","width":"","height":""}],"twitter_card":"summary_large_image","twitter_misc":{"Tiempo de lectura":"1 minuto"},"schema":{"@context":"https:\/\/schema.org","@graph":[{"@type":"WebPage","@id":"https:\/\/antersystem.com\/es\/noticias\/symbol-2019\/","url":"https:\/\/antersystem.com\/es\/noticias\/symbol-2019\/","name":"S\u00edmbolo 2019 - Anter System","isPartOf":{"@id":"https:\/\/antersystem.com\/es\/#website"},"primaryImageOfPage":{"@id":"https:\/\/antersystem.com\/es\/noticias\/symbol-2019\/#primaryimage"},"image":{"@id":"https:\/\/antersystem.com\/es\/noticias\/symbol-2019\/#primaryimage"},"thumbnailUrl":"https:\/\/antersystem.com\/wp-content\/uploads\/Symbol_2019_poziom-1-1024x525.png","datePublished":"2023-10-11T12:02:03+00:00","dateModified":"2026-02-02T14:24:44+00:00","description":"Nasza firma zosta\u0142a w roku 2019 laureatem presti\u017cowego konkursu Symbol 2019. Symbol to og\u00f3lnopolski, medialny program promocyjny, prowadzony przez redakcj\u0119 \"Monitora rynkowego\".","breadcrumb":{"@id":"https:\/\/antersystem.com\/es\/noticias\/symbol-2019\/#breadcrumb"},"inLanguage":"es","potentialAction":[{"@type":"ReadAction","target":["https:\/\/antersystem.com\/es\/noticias\/symbol-2019\/"]}]},{"@type":"ImageObject","inLanguage":"es","@id":"https:\/\/antersystem.com\/es\/noticias\/symbol-2019\/#primaryimage","url":"https:\/\/antersystem.com\/wp-content\/uploads\/Symbol_2019_poziom-1-1024x525.png","contentUrl":"https:\/\/antersystem.com\/wp-content\/uploads\/Symbol_2019_poziom-1-1024x525.png"},{"@type":"BreadcrumbList","@id":"https:\/\/antersystem.com\/es\/noticias\/symbol-2019\/#breadcrumb","itemListElement":[{"@type":"ListItem","position":1,"name":"AnterSystem","item":"https:\/\/antersystem.com\/es\/"},{"@type":"ListItem","position":2,"name":"Noticias","item":"https:\/\/antersystem.com\/es\/noticias\/"},{"@type":"ListItem","position":3,"name":"S\u00edmbolo 2019"}]},{"@type":"WebSite","@id":"https:\/\/antersystem.com\/es\/#website","url":"https:\/\/antersystem.com\/es\/","name":"Anter System","description":"Jeste\u015bmy polskim producentem elastycznych barier ochronnych wykonywanych z polimerowych tworzyw sztucznych. Na rynku krajowym i zagranicznym dzia\u0142amy od ponad 15 lat dbaj\u0105c o zapewnienie bezpiecze\u0144stwa w zak\u0142adach produkcyjnych, magazynach oraz centrach logistycznych.","potentialAction":[{"@type":"SearchAction","target":{"@type":"EntryPoint","urlTemplate":"https:\/\/antersystem.com\/es\/?s={search_term_string}"},"query-input":{"@type":"PropertyValueSpecification","valueRequired":true,"valueName":"search_term_string"}}],"inLanguage":"es"}]}},"_links":{"self":[{"href":"https:\/\/antersystem.com\/es\/wp-json\/wp\/v2\/pages\/39008","targetHints":{"allow":["GET"]}}],"collection":[{"href":"https:\/\/antersystem.com\/es\/wp-json\/wp\/v2\/pages"}],"about":[{"href":"https:\/\/antersystem.com\/es\/wp-json\/wp\/v2\/types\/page"}],"author":[{"embeddable":true,"href":"https:\/\/antersystem.com\/es\/wp-json\/wp\/v2\/users\/1"}],"replies":[{"embeddable":true,"href":"https:\/\/antersystem.com\/es\/wp-json\/wp\/v2\/comments?post=39008"}],"version-history":[{"count":1,"href":"https:\/\/antersystem.com\/es\/wp-json\/wp\/v2\/pages\/39008\/revisions"}],"predecessor-version":[{"id":39009,"href":"https:\/\/antersystem.com\/es\/wp-json\/wp\/v2\/pages\/39008\/revisions\/39009"}],"up":[{"embeddable":true,"href":"https:\/\/antersystem.com\/es\/wp-json\/wp\/v2\/pages\/30348"}],"wp:attachment":[{"href":"https:\/\/antersystem.com\/es\/wp-json\/wp\/v2\/media?parent=39008"}],"curies":[{"name":"wp","href":"https:\/\/api.w.org\/{rel}","templated":true}]}}