{"id":39015,"date":"2024-12-12T15:46:51","date_gmt":"2024-12-12T14:46:51","guid":{"rendered":"https:\/\/antersystem.com\/noticias\/anter-system-expert-commentary-for-kaizen-magazine\/"},"modified":"2026-02-02T15:24:50","modified_gmt":"2026-02-02T14:24:50","slug":"anter-system-expert-commentary-for-kaizen-magazine","status":"publish","type":"page","link":"https:\/\/antersystem.com\/es\/noticias\/anter-system-expert-commentary-for-kaizen-magazine\/","title":{"rendered":"Comentario experto de Anter System para la revista KAIZEN"},"content":{"rendered":"\n<div class=\"wp-block-columns is-layout-flex wp-container-core-columns-is-layout-9d6595d7 wp-block-columns-is-layout-flex\">\n  \n  <div class=\"wp-block-column is-layout-flow wp-block-column-is-layout-flow\" style=\"flex-basis:10%\"><\/div>\n  \n\n  \n  <div class=\"wp-block-column is-layout-flow wp-block-column-is-layout-flow\">\n    \n    <h2 class=\"wp-block-heading\">Unas palabras de Anter System sobre seguridad industrial para la revista <em>Kaizen<\/em> <\/h2>\n    \n\n    \n    <p>Nos complace anunciar que el \u00faltimo n\u00famero de la revista <em>Kaizen<\/em> (octubre-noviembre de 2024, n\u00ba 5(70)\/2024) incluye un comentario experto de <strong>Natalia Margatis, Directora de Proyectos de Anter System<\/strong>. El comentario forma parte de un art\u00edculo de Micha\u0142 Jurczak titulado <em>\u00abZona de tr\u00e1fico. \u00bfC\u00f3mo y con qu\u00e9 asegurar las zonas de movimiento de equipos y personas en naves industriales?\u00bb,<\/em> que examina <strong>las tendencias actuales en seguridad laboral en entornos industriales.<\/strong> El art\u00edculo pasa revista a una amplia gama de soluciones modernas, desde sistemas inform\u00e1ticos hasta medidas de protecci\u00f3n f\u00edsica. <\/p>\n    \n\n    \n    <p><strong>El comentario de nuestro experto<\/strong> se centra en la creciente concienciaci\u00f3n sobre la prevenci\u00f3n de accidentes en las instalaciones industriales modernas, la colaboraci\u00f3n con especialistas en seguridad laboral durante las auditor\u00edas de seguridad y las \u00faltimas innovaciones del sistema modular de barreras de protecci\u00f3n flexibles desarrollado por Anter System.<\/p>\n    \n\n    \n    <blockquote class=\"wp-block-quote is-layout-flow wp-block-quote-is-layout-flow\">\n      \n      <p><em>\u00ab[&#8230;] Las barreras de seguridad f\u00edsica siguen siendo un elemento clave de los sistemas de protecci\u00f3n en naves industriales. Ayudan a minimizar el riesgo de accidentes peatonales y protegen eficazmente m\u00e1quinas, estanter\u00edas, infraestructuras y otras zonas expuestas a da\u00f1os. Al seleccionar la protecci\u00f3n adecuada, el material utilizado desempe\u00f1a un papel crucial. Merece la pena considerar la durabilidad, la vida \u00fatil, la facilidad de mantenimiento y la est\u00e9tica de las soluciones ofrecidas. [&#8230;]      <\/em><\/p>\n      \n\n      \n      <p><em>Estos sistemas modernos tambi\u00e9n ofrecen funciones adicionales, como luces de advertencia o se\u00f1ales sonoras. Cada vez son m\u00e1s populares las soluciones que bloquean las puertas de seguridad cuando se detecta un veh\u00edculo que se aproxima. Todas estas funcionalidades pretenden evitar colisiones entre peatones y veh\u00edculos en zonas especialmente expuestas a impactos.\u00bb  <\/em><\/p>\n      \n      <cite>Natalia Margatis, Directora de Proyectos de Anter System, <em>Kaizen<\/em> n\u00ba 5(70)\/2024<\/cite>\n    <\/blockquote>\n    \n\n    \n    <p>El art\u00edculo completo est\u00e1 disponible en l\u00ednea en <a href=\"https:\/\/www.logistyczny.com\/sklep24\/index.php\/kaizen\/2024\/kaizen-5-2024-e-wydanie.html\"><em>Kaizen 5\/2024 e-edici\u00f3n &#8211; 2024 &#8211; Kaizen<\/em><\/a><\/p>\n    \n\n    \n    <p>El \u00faltimo n\u00famero tambi\u00e9n incluye muchos otros temas de inter\u00e9s para los profesionales del sector industrial -que abarcan la gesti\u00f3n, la automatizaci\u00f3n, la rob\u00f3tica y la IA en la fabricaci\u00f3n-, junto con un interesante art\u00edculo de resumen anual: <em>\u00abCinco Tendencias. Nuevas tecnolog\u00edas en log\u00edstica e industria en 2024: de la IA a la electrificaci\u00f3n\u00bb.<\/em> Recomendamos encarecidamente su lectura.<\/p>\n    \n\n    \n    <p>&#8212;&#8212;&#8212;&#8212;&#8212;&#8212;&#8212;&#8212;&#8212;&#8212;&#8212;&#8212;-<\/p>\n    \n\n    \n    <p><em>\u00abKaizen. Una revista sobre herramientas de mejora continua en la fabricaci\u00f3n ajustada\u00bb<\/em> es la \u00fanica publicaci\u00f3n polaca dedicada a los coordinadores Kaizen\/Lean y a los profesionales que aplican estrategias de gesti\u00f3n ajustada en las empresas, con especial atenci\u00f3n a las \u00e1reas y procesos de producci\u00f3n. El contenido complementario incluye materiales sobre la infraestructura de hardware utilizada en las l\u00edneas de producci\u00f3n, soluciones que automatizan el flujo de materiales y productos, y sistemas inform\u00e1ticos que controlan los procesos de producci\u00f3n. <\/p>\n    \n\n    \n    <p><em>Fuente: <a href=\"https:\/\/www.logistyczny.com\/\">www.logistyczny.com<\/a><\/em><\/p>\n    \n  <\/div>\n  \n\n  \n  <div class=\"wp-block-column is-layout-flow wp-block-column-is-layout-flow\" style=\"flex-basis:10%\"><\/div>\n  \n<\/div>\n","protected":false},"excerpt":{"rendered":"<p>Unas palabras de Anter System sobre seguridad industrial para la revista Kaizen Nos complace anunciar que el \u00faltimo n\u00famero de la revista Kaizen (octubre-noviembre de 2024, n\u00ba 5(70)\/2024) incluye un comentario experto de Natalia Margatis, Directora de Proyectos de Anter System. El comentario forma parte de un art\u00edculo de Micha\u0142 Jurczak titulado \u00abZona de tr\u00e1fico. [&hellip;]<\/p>\n","protected":false},"author":1,"featured_media":0,"parent":30348,"menu_order":0,"comment_status":"closed","ping_status":"closed","template":"","meta":{"inline_featured_image":false,"ngg_post_thumbnail":0,"footnotes":""},"class_list":["post-39015","page","type-page","status-publish","hentry"],"acf":[],"yoast_head":"<!-- This site is optimized with the Yoast SEO plugin v27.0 - https:\/\/yoast.com\/product\/yoast-seo-wordpress\/ -->\n<title>Comentario experto de Anter System para la revista KAIZEN - Anter System<\/title>\n<meta name=\"description\" content=\"Suscr\u00edbete al bolet\u00edn de noticias de la revista KAIZEN, en el que podr\u00e1s comentar las novedades de la empresa Anter System.\" \/>\n<meta name=\"robots\" content=\"index, follow, max-snippet:-1, max-image-preview:large, max-video-preview:-1\" \/>\n<link rel=\"canonical\" href=\"https:\/\/antersystem.com\/es\/noticias\/anter-system-expert-commentary-for-kaizen-magazine\/\" \/>\n<meta property=\"og:locale\" content=\"es_ES\" \/>\n<meta property=\"og:type\" content=\"article\" \/>\n<meta property=\"og:title\" content=\"Comentario experto de Anter System para la revista KAIZEN - Anter System\" \/>\n<meta property=\"og:description\" content=\"Suscr\u00edbete al bolet\u00edn de noticias de la revista KAIZEN, en el que podr\u00e1s comentar las novedades de la empresa Anter System.\" \/>\n<meta property=\"og:url\" content=\"https:\/\/antersystem.com\/es\/noticias\/anter-system-expert-commentary-for-kaizen-magazine\/\" \/>\n<meta property=\"og:site_name\" content=\"Anter System\" \/>\n<meta property=\"article:modified_time\" content=\"2026-02-02T14:24:50+00:00\" \/>\n<meta name=\"twitter:card\" content=\"summary_large_image\" \/>\n<meta name=\"twitter:label1\" content=\"Tiempo de lectura\" \/>\n\t<meta name=\"twitter:data1\" content=\"2 minutos\" \/>\n<script type=\"application\/ld+json\" class=\"yoast-schema-graph\">{\"@context\":\"https:\/\/schema.org\",\"@graph\":[{\"@type\":\"WebPage\",\"@id\":\"https:\/\/antersystem.com\/es\/noticias\/anter-system-expert-commentary-for-kaizen-magazine\/\",\"url\":\"https:\/\/antersystem.com\/es\/noticias\/anter-system-expert-commentary-for-kaizen-magazine\/\",\"name\":\"Comentario experto de Anter System para la revista KAIZEN - Anter System\",\"isPartOf\":{\"@id\":\"https:\/\/antersystem.com\/es\/#website\"},\"datePublished\":\"2024-12-12T14:46:51+00:00\",\"dateModified\":\"2026-02-02T14:24:50+00:00\",\"description\":\"Suscr\u00edbete al bolet\u00edn de noticias de la revista KAIZEN, en el que podr\u00e1s comentar las novedades de la empresa Anter System.\",\"breadcrumb\":{\"@id\":\"https:\/\/antersystem.com\/es\/noticias\/anter-system-expert-commentary-for-kaizen-magazine\/#breadcrumb\"},\"inLanguage\":\"es\",\"potentialAction\":[{\"@type\":\"ReadAction\",\"target\":[\"https:\/\/antersystem.com\/es\/noticias\/anter-system-expert-commentary-for-kaizen-magazine\/\"]}]},{\"@type\":\"BreadcrumbList\",\"@id\":\"https:\/\/antersystem.com\/es\/noticias\/anter-system-expert-commentary-for-kaizen-magazine\/#breadcrumb\",\"itemListElement\":[{\"@type\":\"ListItem\",\"position\":1,\"name\":\"AnterSystem\",\"item\":\"https:\/\/antersystem.com\/es\/\"},{\"@type\":\"ListItem\",\"position\":2,\"name\":\"Noticias\",\"item\":\"https:\/\/antersystem.com\/es\/noticias\/\"},{\"@type\":\"ListItem\",\"position\":3,\"name\":\"Comentario experto de Anter System para la revista KAIZEN\"}]},{\"@type\":\"WebSite\",\"@id\":\"https:\/\/antersystem.com\/es\/#website\",\"url\":\"https:\/\/antersystem.com\/es\/\",\"name\":\"Anter System\",\"description\":\"Jeste\u015bmy polskim producentem elastycznych barier ochronnych wykonywanych z polimerowych tworzyw sztucznych. Na rynku krajowym i zagranicznym dzia\u0142amy od ponad 15 lat dbaj\u0105c o zapewnienie bezpiecze\u0144stwa w zak\u0142adach produkcyjnych, magazynach oraz centrach logistycznych.\",\"potentialAction\":[{\"@type\":\"SearchAction\",\"target\":{\"@type\":\"EntryPoint\",\"urlTemplate\":\"https:\/\/antersystem.com\/es\/?s={search_term_string}\"},\"query-input\":{\"@type\":\"PropertyValueSpecification\",\"valueRequired\":true,\"valueName\":\"search_term_string\"}}],\"inLanguage\":\"es\"}]}<\/script>\n<!-- \/ Yoast SEO plugin. -->","yoast_head_json":{"title":"Comentario experto de Anter System para la revista KAIZEN - Anter System","description":"Suscr\u00edbete al bolet\u00edn de noticias de la revista KAIZEN, en el que podr\u00e1s comentar las novedades de la empresa Anter System.","robots":{"index":"index","follow":"follow","max-snippet":"max-snippet:-1","max-image-preview":"max-image-preview:large","max-video-preview":"max-video-preview:-1"},"canonical":"https:\/\/antersystem.com\/es\/noticias\/anter-system-expert-commentary-for-kaizen-magazine\/","og_locale":"es_ES","og_type":"article","og_title":"Comentario experto de Anter System para la revista KAIZEN - Anter System","og_description":"Suscr\u00edbete al bolet\u00edn de noticias de la revista KAIZEN, en el que podr\u00e1s comentar las novedades de la empresa Anter System.","og_url":"https:\/\/antersystem.com\/es\/noticias\/anter-system-expert-commentary-for-kaizen-magazine\/","og_site_name":"Anter System","article_modified_time":"2026-02-02T14:24:50+00:00","twitter_card":"summary_large_image","twitter_misc":{"Tiempo de lectura":"2 minutos"},"schema":{"@context":"https:\/\/schema.org","@graph":[{"@type":"WebPage","@id":"https:\/\/antersystem.com\/es\/noticias\/anter-system-expert-commentary-for-kaizen-magazine\/","url":"https:\/\/antersystem.com\/es\/noticias\/anter-system-expert-commentary-for-kaizen-magazine\/","name":"Comentario experto de Anter System para la revista KAIZEN - Anter System","isPartOf":{"@id":"https:\/\/antersystem.com\/es\/#website"},"datePublished":"2024-12-12T14:46:51+00:00","dateModified":"2026-02-02T14:24:50+00:00","description":"Suscr\u00edbete al bolet\u00edn de noticias de la revista KAIZEN, en el que podr\u00e1s comentar las novedades de la empresa Anter System.","breadcrumb":{"@id":"https:\/\/antersystem.com\/es\/noticias\/anter-system-expert-commentary-for-kaizen-magazine\/#breadcrumb"},"inLanguage":"es","potentialAction":[{"@type":"ReadAction","target":["https:\/\/antersystem.com\/es\/noticias\/anter-system-expert-commentary-for-kaizen-magazine\/"]}]},{"@type":"BreadcrumbList","@id":"https:\/\/antersystem.com\/es\/noticias\/anter-system-expert-commentary-for-kaizen-magazine\/#breadcrumb","itemListElement":[{"@type":"ListItem","position":1,"name":"AnterSystem","item":"https:\/\/antersystem.com\/es\/"},{"@type":"ListItem","position":2,"name":"Noticias","item":"https:\/\/antersystem.com\/es\/noticias\/"},{"@type":"ListItem","position":3,"name":"Comentario experto de Anter System para la revista KAIZEN"}]},{"@type":"WebSite","@id":"https:\/\/antersystem.com\/es\/#website","url":"https:\/\/antersystem.com\/es\/","name":"Anter System","description":"Jeste\u015bmy polskim producentem elastycznych barier ochronnych wykonywanych z polimerowych tworzyw sztucznych. Na rynku krajowym i zagranicznym dzia\u0142amy od ponad 15 lat dbaj\u0105c o zapewnienie bezpiecze\u0144stwa w zak\u0142adach produkcyjnych, magazynach oraz centrach logistycznych.","potentialAction":[{"@type":"SearchAction","target":{"@type":"EntryPoint","urlTemplate":"https:\/\/antersystem.com\/es\/?s={search_term_string}"},"query-input":{"@type":"PropertyValueSpecification","valueRequired":true,"valueName":"search_term_string"}}],"inLanguage":"es"}]}},"_links":{"self":[{"href":"https:\/\/antersystem.com\/es\/wp-json\/wp\/v2\/pages\/39015","targetHints":{"allow":["GET"]}}],"collection":[{"href":"https:\/\/antersystem.com\/es\/wp-json\/wp\/v2\/pages"}],"about":[{"href":"https:\/\/antersystem.com\/es\/wp-json\/wp\/v2\/types\/page"}],"author":[{"embeddable":true,"href":"https:\/\/antersystem.com\/es\/wp-json\/wp\/v2\/users\/1"}],"replies":[{"embeddable":true,"href":"https:\/\/antersystem.com\/es\/wp-json\/wp\/v2\/comments?post=39015"}],"version-history":[{"count":1,"href":"https:\/\/antersystem.com\/es\/wp-json\/wp\/v2\/pages\/39015\/revisions"}],"predecessor-version":[{"id":39017,"href":"https:\/\/antersystem.com\/es\/wp-json\/wp\/v2\/pages\/39015\/revisions\/39017"}],"up":[{"embeddable":true,"href":"https:\/\/antersystem.com\/es\/wp-json\/wp\/v2\/pages\/30348"}],"wp:attachment":[{"href":"https:\/\/antersystem.com\/es\/wp-json\/wp\/v2\/media?parent=39015"}],"curies":[{"name":"wp","href":"https:\/\/api.w.org\/{rel}","templated":true}]}}