{"id":39103,"date":"2023-10-10T10:31:28","date_gmt":"2023-10-10T08:31:28","guid":{"rendered":"https:\/\/antersystem.com\/noticias\/magazine-mid-hazardous-events\/"},"modified":"2026-02-02T15:47:32","modified_gmt":"2026-02-02T14:47:32","slug":"magazine-mid-hazardous-events","status":"publish","type":"page","link":"https:\/\/antersystem.com\/es\/noticias\/magazine-mid-hazardous-events\/","title":{"rendered":"Revista MID \u00abHechos peligrosos\u00bb"},"content":{"rendered":"\n<div class=\"wp-block-columns is-layout-flex wp-container-core-columns-is-layout-9d6595d7 wp-block-columns-is-layout-flex\">\n<div class=\"wp-block-column is-layout-flow wp-block-column-is-layout-flow\" style=\"flex-basis:10%\"><\/div>\n\n\n\n<div class=\"wp-block-column is-layout-flow wp-block-column-is-layout-flow\">\n<h3 class=\"wp-block-heading\">Revista MID 1\/2023 &#8211; art\u00edculo \u00abSucesos peligrosos\u00bb (\u00abZdarzenia niebezpieczne\u00bb)<\/h3>\n\n\n\n<p style=\"text-align: left;\">Te invitamos a leer el art\u00edculo de S\u0142awomir Erkiert titulado \u00abHechos peligrosos\u00bb, que incluye comentarios de nuestra Directora de Proyectos, Natalia Margatis. En el texto, la Sra. Natalia comparte sus ideas sobre los cambios en la industria que afectan a la seguridad en el lugar de trabajo. <\/p>\n<p>&nbsp;<\/p>\n<\/div>\n\n\n\n<div class=\"wp-block-column is-layout-flow wp-block-column-is-layout-flow\" style=\"flex-basis:10%\"><\/div>\n<\/div>\n\n<div data-wp-interactive=\"core\/file\" class=\"wp-block-file\"><object data-wp-bind--hidden=\"!state.hasPdfPreview\" hidden class=\"wp-block-file__embed\" data=\"https:\/\/antersystem.com\/wp-content\/uploads\/MID_91_1_2023-net.pdf\" type=\"application\/pdf\" style=\"width:100%;height:600px\" aria-label=\"Incrustado de MID_91_1_2023-net.\"><\/object><a id=\"wp-block-file--media-c4a79965-4313-4b68-8827-3aa81c41db0a\" href=\"https:\/\/antersystem.com\/wp-content\/uploads\/MID_91_1_2023-net.pdf\">MID_91_1_2023-net<\/a><a href=\"https:\/\/antersystem.com\/wp-content\/uploads\/MID_91_1_2023-net.pdf\" class=\"wp-block-file__button wp-element-button\" download=\"\" aria-describedby=\"wp-block-file--media-c4a79965-4313-4b68-8827-3aa81c41db0a\">Descarga<\/a><\/div>\n","protected":false},"excerpt":{"rendered":"<p>Revista MID 1\/2023 &#8211; art\u00edculo \u00abSucesos peligrosos\u00bb (\u00abZdarzenia niebezpieczne\u00bb) Te invitamos a leer el art\u00edculo de S\u0142awomir Erkiert titulado \u00abHechos peligrosos\u00bb, que incluye comentarios de nuestra Directora de Proyectos, Natalia Margatis. En el texto, la Sra. Natalia comparte sus ideas sobre los cambios en la industria que afectan a la seguridad en el lugar de [&hellip;]<\/p>\n","protected":false},"author":1,"featured_media":0,"parent":30348,"menu_order":0,"comment_status":"closed","ping_status":"closed","template":"","meta":{"inline_featured_image":false,"ngg_post_thumbnail":0,"footnotes":""},"class_list":["post-39103","page","type-page","status-publish","hentry"],"acf":[],"yoast_head":"<!-- This site is optimized with the Yoast SEO plugin v27.0 - https:\/\/yoast.com\/product\/yoast-seo-wordpress\/ -->\n<title>Revista MID &quot;Hechos peligrosos&quot; - Anter System<\/title>\n<meta name=\"description\" content=\"Revista MID 1\/2023 - art\u00edculo &quot;Sucesos peligrosos&quot; (&quot;Zdarzenia niebezpieczne&quot;) Te invitamos a leer el art\u00edculo de S\u0142awomir Erkiert titulado &quot;Hechos\" \/>\n<meta name=\"robots\" content=\"index, follow, max-snippet:-1, max-image-preview:large, max-video-preview:-1\" \/>\n<link rel=\"canonical\" href=\"https:\/\/antersystem.com\/es\/noticias\/magazine-mid-hazardous-events\/\" \/>\n<meta property=\"og:locale\" content=\"es_ES\" \/>\n<meta property=\"og:type\" content=\"article\" \/>\n<meta property=\"og:title\" content=\"Revista MID &quot;Hechos peligrosos&quot; - Anter System\" \/>\n<meta property=\"og:description\" content=\"Revista MID 1\/2023 - art\u00edculo &quot;Sucesos peligrosos&quot; (&quot;Zdarzenia niebezpieczne&quot;) Te invitamos a leer el art\u00edculo de S\u0142awomir Erkiert titulado &quot;Hechos\" \/>\n<meta property=\"og:url\" content=\"https:\/\/antersystem.com\/es\/noticias\/magazine-mid-hazardous-events\/\" \/>\n<meta property=\"og:site_name\" content=\"Anter System\" \/>\n<meta property=\"article:modified_time\" content=\"2026-02-02T14:47:32+00:00\" \/>\n<meta name=\"twitter:card\" content=\"summary_large_image\" \/>\n<script type=\"application\/ld+json\" class=\"yoast-schema-graph\">{\"@context\":\"https:\/\/schema.org\",\"@graph\":[{\"@type\":\"WebPage\",\"@id\":\"https:\/\/antersystem.com\/es\/noticias\/magazine-mid-hazardous-events\/\",\"url\":\"https:\/\/antersystem.com\/es\/noticias\/magazine-mid-hazardous-events\/\",\"name\":\"Revista MID \\\"Hechos peligrosos\\\" - Anter System\",\"isPartOf\":{\"@id\":\"https:\/\/antersystem.com\/es\/#website\"},\"datePublished\":\"2023-10-10T08:31:28+00:00\",\"dateModified\":\"2026-02-02T14:47:32+00:00\",\"description\":\"Revista MID 1\/2023 - art\u00edculo \\\"Sucesos peligrosos\\\" (\\\"Zdarzenia niebezpieczne\\\") Te invitamos a leer el art\u00edculo de S\u0142awomir Erkiert titulado \\\"Hechos\",\"breadcrumb\":{\"@id\":\"https:\/\/antersystem.com\/es\/noticias\/magazine-mid-hazardous-events\/#breadcrumb\"},\"inLanguage\":\"es\",\"potentialAction\":[{\"@type\":\"ReadAction\",\"target\":[\"https:\/\/antersystem.com\/es\/noticias\/magazine-mid-hazardous-events\/\"]}]},{\"@type\":\"BreadcrumbList\",\"@id\":\"https:\/\/antersystem.com\/es\/noticias\/magazine-mid-hazardous-events\/#breadcrumb\",\"itemListElement\":[{\"@type\":\"ListItem\",\"position\":1,\"name\":\"AnterSystem\",\"item\":\"https:\/\/antersystem.com\/es\/\"},{\"@type\":\"ListItem\",\"position\":2,\"name\":\"Noticias\",\"item\":\"https:\/\/antersystem.com\/es\/noticias\/\"},{\"@type\":\"ListItem\",\"position\":3,\"name\":\"Revista MID &#8220;Hechos peligrosos&#8221;\"}]},{\"@type\":\"WebSite\",\"@id\":\"https:\/\/antersystem.com\/es\/#website\",\"url\":\"https:\/\/antersystem.com\/es\/\",\"name\":\"Anter System\",\"description\":\"Jeste\u015bmy polskim producentem elastycznych barier ochronnych wykonywanych z polimerowych tworzyw sztucznych. Na rynku krajowym i zagranicznym dzia\u0142amy od ponad 15 lat dbaj\u0105c o zapewnienie bezpiecze\u0144stwa w zak\u0142adach produkcyjnych, magazynach oraz centrach logistycznych.\",\"potentialAction\":[{\"@type\":\"SearchAction\",\"target\":{\"@type\":\"EntryPoint\",\"urlTemplate\":\"https:\/\/antersystem.com\/es\/?s={search_term_string}\"},\"query-input\":{\"@type\":\"PropertyValueSpecification\",\"valueRequired\":true,\"valueName\":\"search_term_string\"}}],\"inLanguage\":\"es\"}]}<\/script>\n<!-- \/ Yoast SEO plugin. -->","yoast_head_json":{"title":"Revista MID \"Hechos peligrosos\" - Anter System","description":"Revista MID 1\/2023 - art\u00edculo \"Sucesos peligrosos\" (\"Zdarzenia niebezpieczne\") Te invitamos a leer el art\u00edculo de S\u0142awomir Erkiert titulado \"Hechos","robots":{"index":"index","follow":"follow","max-snippet":"max-snippet:-1","max-image-preview":"max-image-preview:large","max-video-preview":"max-video-preview:-1"},"canonical":"https:\/\/antersystem.com\/es\/noticias\/magazine-mid-hazardous-events\/","og_locale":"es_ES","og_type":"article","og_title":"Revista MID \"Hechos peligrosos\" - Anter System","og_description":"Revista MID 1\/2023 - art\u00edculo \"Sucesos peligrosos\" (\"Zdarzenia niebezpieczne\") Te invitamos a leer el art\u00edculo de S\u0142awomir Erkiert titulado \"Hechos","og_url":"https:\/\/antersystem.com\/es\/noticias\/magazine-mid-hazardous-events\/","og_site_name":"Anter System","article_modified_time":"2026-02-02T14:47:32+00:00","twitter_card":"summary_large_image","schema":{"@context":"https:\/\/schema.org","@graph":[{"@type":"WebPage","@id":"https:\/\/antersystem.com\/es\/noticias\/magazine-mid-hazardous-events\/","url":"https:\/\/antersystem.com\/es\/noticias\/magazine-mid-hazardous-events\/","name":"Revista MID \"Hechos peligrosos\" - Anter System","isPartOf":{"@id":"https:\/\/antersystem.com\/es\/#website"},"datePublished":"2023-10-10T08:31:28+00:00","dateModified":"2026-02-02T14:47:32+00:00","description":"Revista MID 1\/2023 - art\u00edculo \"Sucesos peligrosos\" (\"Zdarzenia niebezpieczne\") Te invitamos a leer el art\u00edculo de S\u0142awomir Erkiert titulado \"Hechos","breadcrumb":{"@id":"https:\/\/antersystem.com\/es\/noticias\/magazine-mid-hazardous-events\/#breadcrumb"},"inLanguage":"es","potentialAction":[{"@type":"ReadAction","target":["https:\/\/antersystem.com\/es\/noticias\/magazine-mid-hazardous-events\/"]}]},{"@type":"BreadcrumbList","@id":"https:\/\/antersystem.com\/es\/noticias\/magazine-mid-hazardous-events\/#breadcrumb","itemListElement":[{"@type":"ListItem","position":1,"name":"AnterSystem","item":"https:\/\/antersystem.com\/es\/"},{"@type":"ListItem","position":2,"name":"Noticias","item":"https:\/\/antersystem.com\/es\/noticias\/"},{"@type":"ListItem","position":3,"name":"Revista MID &#8220;Hechos peligrosos&#8221;"}]},{"@type":"WebSite","@id":"https:\/\/antersystem.com\/es\/#website","url":"https:\/\/antersystem.com\/es\/","name":"Anter System","description":"Jeste\u015bmy polskim producentem elastycznych barier ochronnych wykonywanych z polimerowych tworzyw sztucznych. Na rynku krajowym i zagranicznym dzia\u0142amy od ponad 15 lat dbaj\u0105c o zapewnienie bezpiecze\u0144stwa w zak\u0142adach produkcyjnych, magazynach oraz centrach logistycznych.","potentialAction":[{"@type":"SearchAction","target":{"@type":"EntryPoint","urlTemplate":"https:\/\/antersystem.com\/es\/?s={search_term_string}"},"query-input":{"@type":"PropertyValueSpecification","valueRequired":true,"valueName":"search_term_string"}}],"inLanguage":"es"}]}},"_links":{"self":[{"href":"https:\/\/antersystem.com\/es\/wp-json\/wp\/v2\/pages\/39103","targetHints":{"allow":["GET"]}}],"collection":[{"href":"https:\/\/antersystem.com\/es\/wp-json\/wp\/v2\/pages"}],"about":[{"href":"https:\/\/antersystem.com\/es\/wp-json\/wp\/v2\/types\/page"}],"author":[{"embeddable":true,"href":"https:\/\/antersystem.com\/es\/wp-json\/wp\/v2\/users\/1"}],"replies":[{"embeddable":true,"href":"https:\/\/antersystem.com\/es\/wp-json\/wp\/v2\/comments?post=39103"}],"version-history":[{"count":1,"href":"https:\/\/antersystem.com\/es\/wp-json\/wp\/v2\/pages\/39103\/revisions"}],"predecessor-version":[{"id":39105,"href":"https:\/\/antersystem.com\/es\/wp-json\/wp\/v2\/pages\/39103\/revisions\/39105"}],"up":[{"embeddable":true,"href":"https:\/\/antersystem.com\/es\/wp-json\/wp\/v2\/pages\/30348"}],"wp:attachment":[{"href":"https:\/\/antersystem.com\/es\/wp-json\/wp\/v2\/media?parent=39103"}],"curies":[{"name":"wp","href":"https:\/\/api.w.org\/{rel}","templated":true}]}}