{"id":39108,"date":"2024-04-29T13:41:44","date_gmt":"2024-04-29T11:41:44","guid":{"rendered":"https:\/\/antersystem.com\/noticias\/report-from-sawo-2024-trade-fair\/"},"modified":"2026-02-02T15:47:33","modified_gmt":"2026-02-02T14:47:33","slug":"report-from-sawo-2024-trade-fair","status":"publish","type":"page","link":"https:\/\/antersystem.com\/es\/noticias\/report-from-sawo-2024-trade-fair\/","title":{"rendered":"Informe de la Feria SAWO 2024"},"content":{"rendered":"\n<div class=\"wp-block-columns is-layout-flex wp-container-core-columns-is-layout-9d6595d7 wp-block-columns-is-layout-flex\">\n<div class=\"wp-block-column is-layout-flow wp-block-column-is-layout-flow\" style=\"flex-basis:10%\"><\/div>\n\n\n\n<div class=\"wp-block-column is-layout-flow wp-block-column-is-layout-flow\">\n<h2 class=\"wp-block-heading\">Informe visual de la Feria SAWO&#8217;24<\/h2>\n\n\n\n<p>La Feria Internacional de Seguridad en el Trabajo, Protecci\u00f3n contra Incendios y Salvamento SAWO es la mayor feria de seguridad y salud en el trabajo de Europa Central y Oriental. Se celebra cada dos a\u00f1os. SAWO es un evento \u00fanico en Polonia que contribuye directamente a la implantaci\u00f3n de tecnolog\u00edas y soluciones avanzadas en las empresas, mejorando la calidad del trabajo y la seguridad de los trabajadores.  <\/p>\n\n\n\n<p>Durante la edici\u00f3n de este a\u00f1o, recibimos la Medalla de Oro de los organizadores por la <strong><a href=\"https:\/\/antersystem.com\/es\/productos\/traffic-dock-gate\/bramka-dock-gate-3-2\/\">Puerta Autom\u00e1tica para Muelles de Tr\u00e1fico R2<\/a><\/strong>. Esta innovadora soluci\u00f3n garantiza la manipulaci\u00f3n segura y eficaz de mercanc\u00edas en muelles de carga, zonas de almacenamiento y almacenes. Nuestro equipo mantuvo numerosas conversaciones y present\u00f3 las soluciones de Anter System a cientos de visitantes, todos con un objetivo en mente: hacer del trabajo seguro la norma.  <\/p>\n\n\n\n<p>Gracias por visitar nuestro stand y por la oportunidad de presentar las soluciones que ofrece Anter System <a href=\"https:\/\/www.youtube.com\/channel\/UC1zGnGoW-aY0v1ZrDd3KHLA\">@antersystem_pl<\/a>.<\/p>\n\n\n\n<p>\u00a1Te invitamos a que te pongas en contacto con nosotros y veas el v\u00eddeo\/fotos que captan el ambiente del evento!<\/p>\n\n\n\nngg_shortcode_0_placeholder\n\n\n\n<figure class=\"wp-block-embed aligncenter is-type-video is-provider-youtube wp-block-embed-youtube wp-embed-aspect-16-9 wp-has-aspect-ratio\"><div class=\"wp-block-embed__wrapper\">\n<iframe loading=\"lazy\" title=\"Relacja z targ\u00f3w SAWO 2024 Anter System. [Report from the SAWO 2024 Anter System fair.]\" width=\"500\" height=\"281\" src=\"https:\/\/www.youtube.com\/embed\/sRi9QEKJonk?feature=oembed\" frameborder=\"0\" allow=\"accelerometer; autoplay; clipboard-write; encrypted-media; gyroscope; picture-in-picture; web-share\" referrerpolicy=\"strict-origin-when-cross-origin\" allowfullscreen><\/iframe>\n<\/div><\/figure>\n\n\n\n<h3 class=\"wp-block-heading\"><\/h3>\n<\/div>\n\n\n\n<div class=\"wp-block-column is-layout-flow wp-block-column-is-layout-flow\" style=\"flex-basis:10%\"><\/div>\n<\/div>\n","protected":false},"excerpt":{"rendered":"<p>Informe visual de la Feria SAWO&#8217;24 La Feria Internacional de Seguridad en el Trabajo, Protecci\u00f3n contra Incendios y Salvamento SAWO es la mayor feria de seguridad y salud en el trabajo de Europa Central y Oriental. Se celebra cada dos a\u00f1os. SAWO es un evento \u00fanico en Polonia que contribuye directamente a la implantaci\u00f3n de [&hellip;]<\/p>\n","protected":false},"author":1,"featured_media":0,"parent":30348,"menu_order":0,"comment_status":"closed","ping_status":"closed","template":"","meta":{"inline_featured_image":false,"ngg_post_thumbnail":0,"footnotes":""},"class_list":["post-39108","page","type-page","status-publish","hentry"],"acf":[],"yoast_head":"<!-- This site is optimized with the Yoast SEO plugin v27.0 - https:\/\/yoast.com\/product\/yoast-seo-wordpress\/ -->\n<title>Informe de la Feria SAWO 2024 - Anter System<\/title>\n<meta name=\"description\" content=\"Informe visual de la Feria SAWO&#039;24 La Feria Internacional de Seguridad en el Trabajo, Protecci\u00f3n contra Incendios y Salvamento SAWO es la mayor feria de\" \/>\n<meta name=\"robots\" content=\"index, follow, max-snippet:-1, max-image-preview:large, max-video-preview:-1\" \/>\n<link rel=\"canonical\" href=\"https:\/\/antersystem.com\/es\/noticias\/report-from-sawo-2024-trade-fair\/\" \/>\n<meta property=\"og:locale\" content=\"es_ES\" \/>\n<meta property=\"og:type\" content=\"article\" \/>\n<meta property=\"og:title\" content=\"Informe de la Feria SAWO 2024 - Anter System\" \/>\n<meta property=\"og:description\" content=\"Informe visual de la Feria SAWO&#039;24 La Feria Internacional de Seguridad en el Trabajo, Protecci\u00f3n contra Incendios y Salvamento SAWO es la mayor feria de\" \/>\n<meta property=\"og:url\" content=\"https:\/\/antersystem.com\/es\/noticias\/report-from-sawo-2024-trade-fair\/\" \/>\n<meta property=\"og:site_name\" content=\"Anter System\" \/>\n<meta property=\"article:modified_time\" content=\"2026-02-02T14:47:33+00:00\" \/>\n<meta name=\"twitter:card\" content=\"summary_large_image\" \/>\n<meta name=\"twitter:label1\" content=\"Tiempo de lectura\" \/>\n\t<meta name=\"twitter:data1\" content=\"1 minuto\" \/>\n<script type=\"application\/ld+json\" class=\"yoast-schema-graph\">{\"@context\":\"https:\/\/schema.org\",\"@graph\":[{\"@type\":\"WebPage\",\"@id\":\"https:\/\/antersystem.com\/es\/noticias\/report-from-sawo-2024-trade-fair\/\",\"url\":\"https:\/\/antersystem.com\/es\/noticias\/report-from-sawo-2024-trade-fair\/\",\"name\":\"Informe de la Feria SAWO 2024 - Anter System\",\"isPartOf\":{\"@id\":\"https:\/\/antersystem.com\/es\/#website\"},\"datePublished\":\"2024-04-29T11:41:44+00:00\",\"dateModified\":\"2026-02-02T14:47:33+00:00\",\"description\":\"Informe visual de la Feria SAWO'24 La Feria Internacional de Seguridad en el Trabajo, Protecci\u00f3n contra Incendios y Salvamento SAWO es la mayor feria de\",\"breadcrumb\":{\"@id\":\"https:\/\/antersystem.com\/es\/noticias\/report-from-sawo-2024-trade-fair\/#breadcrumb\"},\"inLanguage\":\"es\",\"potentialAction\":[{\"@type\":\"ReadAction\",\"target\":[\"https:\/\/antersystem.com\/es\/noticias\/report-from-sawo-2024-trade-fair\/\"]}]},{\"@type\":\"BreadcrumbList\",\"@id\":\"https:\/\/antersystem.com\/es\/noticias\/report-from-sawo-2024-trade-fair\/#breadcrumb\",\"itemListElement\":[{\"@type\":\"ListItem\",\"position\":1,\"name\":\"AnterSystem\",\"item\":\"https:\/\/antersystem.com\/es\/\"},{\"@type\":\"ListItem\",\"position\":2,\"name\":\"Noticias\",\"item\":\"https:\/\/antersystem.com\/es\/noticias\/\"},{\"@type\":\"ListItem\",\"position\":3,\"name\":\"Informe de la Feria SAWO 2024\"}]},{\"@type\":\"WebSite\",\"@id\":\"https:\/\/antersystem.com\/es\/#website\",\"url\":\"https:\/\/antersystem.com\/es\/\",\"name\":\"Anter System\",\"description\":\"Jeste\u015bmy polskim producentem elastycznych barier ochronnych wykonywanych z polimerowych tworzyw sztucznych. Na rynku krajowym i zagranicznym dzia\u0142amy od ponad 15 lat dbaj\u0105c o zapewnienie bezpiecze\u0144stwa w zak\u0142adach produkcyjnych, magazynach oraz centrach logistycznych.\",\"potentialAction\":[{\"@type\":\"SearchAction\",\"target\":{\"@type\":\"EntryPoint\",\"urlTemplate\":\"https:\/\/antersystem.com\/es\/?s={search_term_string}\"},\"query-input\":{\"@type\":\"PropertyValueSpecification\",\"valueRequired\":true,\"valueName\":\"search_term_string\"}}],\"inLanguage\":\"es\"}]}<\/script>\n<!-- \/ Yoast SEO plugin. -->","yoast_head_json":{"title":"Informe de la Feria SAWO 2024 - Anter System","description":"Informe visual de la Feria SAWO'24 La Feria Internacional de Seguridad en el Trabajo, Protecci\u00f3n contra Incendios y Salvamento SAWO es la mayor feria de","robots":{"index":"index","follow":"follow","max-snippet":"max-snippet:-1","max-image-preview":"max-image-preview:large","max-video-preview":"max-video-preview:-1"},"canonical":"https:\/\/antersystem.com\/es\/noticias\/report-from-sawo-2024-trade-fair\/","og_locale":"es_ES","og_type":"article","og_title":"Informe de la Feria SAWO 2024 - Anter System","og_description":"Informe visual de la Feria SAWO'24 La Feria Internacional de Seguridad en el Trabajo, Protecci\u00f3n contra Incendios y Salvamento SAWO es la mayor feria de","og_url":"https:\/\/antersystem.com\/es\/noticias\/report-from-sawo-2024-trade-fair\/","og_site_name":"Anter System","article_modified_time":"2026-02-02T14:47:33+00:00","twitter_card":"summary_large_image","twitter_misc":{"Tiempo de lectura":"1 minuto"},"schema":{"@context":"https:\/\/schema.org","@graph":[{"@type":"WebPage","@id":"https:\/\/antersystem.com\/es\/noticias\/report-from-sawo-2024-trade-fair\/","url":"https:\/\/antersystem.com\/es\/noticias\/report-from-sawo-2024-trade-fair\/","name":"Informe de la Feria SAWO 2024 - Anter System","isPartOf":{"@id":"https:\/\/antersystem.com\/es\/#website"},"datePublished":"2024-04-29T11:41:44+00:00","dateModified":"2026-02-02T14:47:33+00:00","description":"Informe visual de la Feria SAWO'24 La Feria Internacional de Seguridad en el Trabajo, Protecci\u00f3n contra Incendios y Salvamento SAWO es la mayor feria de","breadcrumb":{"@id":"https:\/\/antersystem.com\/es\/noticias\/report-from-sawo-2024-trade-fair\/#breadcrumb"},"inLanguage":"es","potentialAction":[{"@type":"ReadAction","target":["https:\/\/antersystem.com\/es\/noticias\/report-from-sawo-2024-trade-fair\/"]}]},{"@type":"BreadcrumbList","@id":"https:\/\/antersystem.com\/es\/noticias\/report-from-sawo-2024-trade-fair\/#breadcrumb","itemListElement":[{"@type":"ListItem","position":1,"name":"AnterSystem","item":"https:\/\/antersystem.com\/es\/"},{"@type":"ListItem","position":2,"name":"Noticias","item":"https:\/\/antersystem.com\/es\/noticias\/"},{"@type":"ListItem","position":3,"name":"Informe de la Feria SAWO 2024"}]},{"@type":"WebSite","@id":"https:\/\/antersystem.com\/es\/#website","url":"https:\/\/antersystem.com\/es\/","name":"Anter System","description":"Jeste\u015bmy polskim producentem elastycznych barier ochronnych wykonywanych z polimerowych tworzyw sztucznych. Na rynku krajowym i zagranicznym dzia\u0142amy od ponad 15 lat dbaj\u0105c o zapewnienie bezpiecze\u0144stwa w zak\u0142adach produkcyjnych, magazynach oraz centrach logistycznych.","potentialAction":[{"@type":"SearchAction","target":{"@type":"EntryPoint","urlTemplate":"https:\/\/antersystem.com\/es\/?s={search_term_string}"},"query-input":{"@type":"PropertyValueSpecification","valueRequired":true,"valueName":"search_term_string"}}],"inLanguage":"es"}]}},"_links":{"self":[{"href":"https:\/\/antersystem.com\/es\/wp-json\/wp\/v2\/pages\/39108","targetHints":{"allow":["GET"]}}],"collection":[{"href":"https:\/\/antersystem.com\/es\/wp-json\/wp\/v2\/pages"}],"about":[{"href":"https:\/\/antersystem.com\/es\/wp-json\/wp\/v2\/types\/page"}],"author":[{"embeddable":true,"href":"https:\/\/antersystem.com\/es\/wp-json\/wp\/v2\/users\/1"}],"replies":[{"embeddable":true,"href":"https:\/\/antersystem.com\/es\/wp-json\/wp\/v2\/comments?post=39108"}],"version-history":[{"count":1,"href":"https:\/\/antersystem.com\/es\/wp-json\/wp\/v2\/pages\/39108\/revisions"}],"predecessor-version":[{"id":39110,"href":"https:\/\/antersystem.com\/es\/wp-json\/wp\/v2\/pages\/39108\/revisions\/39110"}],"up":[{"embeddable":true,"href":"https:\/\/antersystem.com\/es\/wp-json\/wp\/v2\/pages\/30348"}],"wp:attachment":[{"href":"https:\/\/antersystem.com\/es\/wp-json\/wp\/v2\/media?parent=39108"}],"curies":[{"name":"wp","href":"https:\/\/api.w.org\/{rel}","templated":true}]}}